{"id":1021,"date":"2025-09-13T11:59:20","date_gmt":"2025-09-13T11:59:20","guid":{"rendered":"https:\/\/www.esta-officiel-usa.com\/reisen-in-die-usa\/"},"modified":"2025-09-13T11:59:25","modified_gmt":"2025-09-13T11:59:25","slug":"reisen-in-die-usa","status":"publish","type":"page","link":"https:\/\/www.esta-officiel-usa.com\/de\/reisen-in-die-usa\/","title":{"rendered":"Reisen in die USA"},"content":{"rendered":"\n<h1 class=\"wp-block-heading\">UNSERE TIPPS F\u00dcR EINE REISE IN DIE USA<\/h1>\n\n<p>Der amerikanische Traum hat viele Gesichter: Urlaub in den USA, Sprachreisen, arbeiten, einwandern&#8230;<\/p>\n\n<p>Die USA k\u00f6nnen mit einem Wort beschrieben werden: Ma\u00dflosigkeit. Mit einer Bev\u00f6lkerung von ca. 321 Millionen Menschen aus den verschiedensten L\u00e4ndern ist es kein Wunder, dass die Menschen sich von den USA angezogen f\u00fchlen. Mit seiner reichen Geschichte, den lebendigen St\u00e4dten und den gro\u00dfartigen Landschaften ist es ein faszinierender Ort, den es zu besuchen gilt. Amerika hat insgesamt 50 Staaten, von denen jeder einzigartig ist, was es zu einem der vielf\u00e4ltigsten L\u00e4nder der Welt macht. Um die verschiedenen Sehensw\u00fcrdigkeiten zu genie\u00dfen, sollten Sie mindestens zwei Wochen Urlaub einplanen. Mit dem<a href=\"https:\/\/www.esta-officiel-usa.com\/de\/\">ESTA<\/a> k\u00f6nnen Sie 90 Tage lang in die USA reisen. Hier sind unsere Tipps.      <br\/> <\/p>\n\n<h2 class=\"wp-block-heading\">REISE IN DIE VEREINIGTEN STAATEN: WELCHE AKTIVIT\u00c4TEN?<\/h2>\n\n<p>Die USA stehen Ihnen offen und es gibt viele Aktivit\u00e4ten. Es gibt f\u00fcr jeden Geschmack etwas. Damit Sie von Natursch\u00f6nheiten, langen Sandstr\u00e4nden und den St\u00e4dten aus Ihren Lieblingsserien oder -filmen tr\u00e4umen k\u00f6nnen, sollten Sie sich \u00fcber die <a href=\"https:\/\/www.esta-officiel-usa.com\/fr\/les-formalites-dentree-aux-etats-unis\/\">Einreiseformalit\u00e4ten in die USA<\/a> informieren.  <\/p>\n\n<h3 class=\"wp-block-heading\">DIE NATURSCH\u00d6NHEITEN ERKUNDEN<\/h3>\n\n<p>Die Vereinigten Staaten haben eine Reihe von Nationalparks wie den Yellowstone Park, wenn Sie die Natur genie\u00dfen und sch\u00f6ne Landschaften erkunden m\u00f6chten, die Muir Woods mit ihren riesigen Mammutb\u00e4umen, Mesa Verde mit seinem reichen historischen Erbe und viele andere. Besuchen Sie den Grand Canyon und seinen Skywalk, das Tal des Todes in der Mojave-W\u00fcste oder fahren Sie nach Westen und besuchen Sie die Gletscher von Yosemite. <\/p>\n\n<p>Vergessen Sie nicht die atemberaubenden Landschaften, die Alaska zu bieten hat!<\/p>\n\n<h3 class=\"wp-block-heading\">DEN STRAND GENIESSEN<\/h3>\n\n<p>Die Vereinigten Staaten sind mit einer Vielzahl von wundersch\u00f6nen Str\u00e4nden gesegnet. Kalifornien (Santa Monica oder Malibu), Florida (Miami Beach) und <a href=\"https:\/\/www.esta-officiel-usa.com\/fr\/decouvrir-hawai-avec-lesta\/\">Hawaii <\/a>sind die besten und bekanntesten Orte zum Surfen und das ganzj\u00e4hrig warme Klima zieht viele Touristen an. Aber vergessen Sie nicht die Ostk\u00fcste der USA, wo es sch\u00f6ne Str\u00e4nde gibt, die zwar nicht so bekannt sind, aber im Sommer besonders sch\u00f6n sind.  <\/p>\n\n<h3 class=\"wp-block-heading\">EINEN ROADTRIP MACHEN<\/h3>\n\n<p>Eine der besten M\u00f6glichkeiten, einen gro\u00dfen Teil der Vereinigten Staaten zu sehen, ist eine Reise mit Ihren besten Freunden oder Ihrer Familie. Eine Reise auf der Stra\u00dfe ist wie Ihr eigener Hop on \/ Hop off Bus, nur dass Sie Ihre Route und Ihr Tempo selbst bestimmen. Wir empfehlen die Route 66 oder das typische Panorama des Pacific Highway 1 in Kalifornien!  <\/p>\n\n<h3 class=\"wp-block-heading\">DIE GROSSEN AMERIKANISCHEN ST\u00c4DTE BESUCHEN<\/h3>\n\n<p>Die Ostk\u00fcste mit<\/p>\n\n<ul class=\"wp-block-list\"><li>New York, der Big Apple, die Stadt, die niemals schl\u00e4ft, mit der Freiheitsstatue und ihren einzigartigen Vierteln: Brooklyn, Manhattan, Central Park, SoHo, Harlem usw., und ihre N\u00e4he zu den Niagaraf\u00e4llen und warum nicht eine Reise nach Kanada?<\/li><li>Boston, die historische und kulturelle Wiege<\/li><li>Philadelphia oder Philly, wo die Unabh\u00e4ngigkeitserkl\u00e4rung unterzeichnet wurde<\/li><li>Atlanta, um das Grab von Martin Luther King zu besuchen.<\/li><li>New Orleans, Bourbon Street, die Bayous, die alten Zuckerrohrplantagen<\/li><li>Miami, die Keys, die Str\u00e4nde und die Everglades<\/li><\/ul>\n\n<p>Auch die Westk\u00fcste hat einiges zu bieten:<\/p>\n\n<ul class=\"wp-block-list\"><li>Seattle und seine Space Needle<\/li><li>Portland, wo es sich gut bummeln l\u00e4sst, f\u00fcr einen verantwortungsvollen Tourismus<\/li><li>San Francisco, das mit seiner Golden Gate Bridge, dem Coit Tower, Twin Peaks oder Alcatraz nicht mehr wegzudenken ist.<\/li><li>Los Angeles, das Tor zu den Hollywood Hills, Venice Beach, Rodeo Drive, etc.<\/li><li>San Diego, eine kosmopolitische Stadt mit einer wundersch\u00f6nen Bucht<\/li><\/ul>\n\n<h3 class=\"wp-block-heading\">EIN TAG IN EINEM THEMENPARK<\/h3>\n\n<p>In Amerika gibt es \u00fcber 500 Themenparks, die \u00fcber das ganze Land verteilt sind! Wenn Sie mit Kindern reisen, kann der Besuch eines Themenparks ein lustiges und aufregendes Erlebnis f\u00fcr die ganze Familie sein. Entdecken Sie Disneyland Orlando in Florida, die Hauptstadt der Themenparks der Welt, oder Universal Studio Hollywood!  <\/p>\n\n<h3 class=\"wp-block-heading\">EIN BASEBALLSPIEL ANSEHEN<\/h3>\n\n<p>Anfang April ist der Beginn der Baseballsaison. Wenn Sie die Gelegenheit haben, kaufen Sie Tickets, trinken Sie Bier und essen Sie einen Hotdog (oder eine der vielen Spezialit\u00e4ten der <a href=\"https:\/\/www.esta-officiel-usa.com\/fr\/apercu-de-la-cuisine-americaine\/\">K\u00fcche made in USA<\/a>). Es gibt keine amerikanischere Aktivit\u00e4t als diese! Yankees oder Red Sox, treffen Sie Ihre Wahl!   <br\/> <\/p>\n\n<h2 class=\"wp-block-heading\">WIE KANN ICH EINE REISE IN DIE USA ANTRETEN?<\/h2>\n\n<p>Die USA ist ein leicht zug\u00e4ngliches Reiseziel: Rundreisen \u00fcber Reiseb\u00fcros, Motorradreisen (Harley Davidson?) und nat\u00fcrlich Sie selbst.<\/p>\n\n<p>Jeder Aufenthalt in den Vereinigten Staaten unterliegt der Genehmigung einer Einreisegenehmigung, sei es ein ESTA oder ein Visum, unabh\u00e4ngig davon, ob Sie <a href=\"https:\/\/www.esta-officiel-usa.com\/fr\/demander-une-autorisation-esta-pour-mineur\/\">minderj\u00e4hrig<\/a> sind oder von einem Minderj\u00e4hrigen begleitet werden.<\/p>\n\n<p>Das <a href=\"https:\/\/www.esta-officiel-usa.com\/fr\/les-38-pays-partenaires-du-visa-waiver-program\/\">Visa Waiver Program<\/a> ist ein Programm der US-Regierung, das es B\u00fcrgern und Staatsangeh\u00f6rigen aus 38 L\u00e4ndern erm\u00f6glicht, ohne Visum f\u00fcr bis zu 90 Tage zu gesch\u00e4ftlichen oder touristischen Zwecken in die USA zu reisen. Der Vorteil der Einreise in die USA im Rahmen des VWP-Programms besteht darin, dass Sie innerhalb eines Zeitraums von zwei Jahren mehrmals in die USA reisen k\u00f6nnen. Allerdings kann nicht jeder im Rahmen dieses Programms zur Befreiung von der Visumspflicht in die USA einreisen.  <\/p>\n\n<p>B\u00fcrger aller anderen L\u00e4nder m\u00fcssen vor der Einreise in die Vereinigten Staaten ein Visum bei einer US-Botschaft beantragen.<\/p>\n","protected":false},"excerpt":{"rendered":"<p>UNSERE TIPPS F\u00dcR EINE REISE IN DIE USA Der amerikanische Traum hat viele Gesichter: Urlaub in den USA, Sprachreisen, arbeiten, einwandern&#8230; Die USA k\u00f6nnen mit einem Wort beschrieben werden: Ma\u00dflosigkeit. Mit einer Bev\u00f6lkerung von ca. 321 Millionen Menschen aus den verschiedensten L\u00e4ndern ist es kein Wunder, dass die Menschen sich von den USA angezogen f\u00fchlen. [&hellip;]<\/p>\n","protected":false},"author":1,"featured_media":0,"parent":0,"menu_order":0,"comment_status":"closed","ping_status":"closed","template":"","meta":{"footnotes":""},"class_list":["post-1021","page","type-page","status-publish","hentry"],"yoast_head":"<!-- This site is optimized with the Yoast SEO plugin v26.2 - https:\/\/yoast.com\/wordpress\/plugins\/seo\/ -->\n<title>Reisen in die USA<\/title>\n<meta name=\"description\" content=\"Sie reisen demn\u00e4chst in die Vereinigten Staaten. Unsere Teams informieren Sie \u00fcber alle Aktivit\u00e4ten und Sehensw\u00fcrdigkeiten, die Sie unternehmen k\u00f6nnen.\" \/>\n<meta name=\"robots\" content=\"index, follow, max-snippet:-1, max-image-preview:large, max-video-preview:-1\" \/>\n<link rel=\"canonical\" href=\"https:\/\/www.esta-officiel-usa.com\/de\/reisen-in-die-usa\/\" \/>\n<meta property=\"og:locale\" content=\"de_DE\" \/>\n<meta property=\"og:type\" content=\"article\" \/>\n<meta property=\"og:title\" content=\"Reisen in die USA\" \/>\n<meta property=\"og:description\" content=\"Sie reisen demn\u00e4chst in die Vereinigten Staaten. Unsere Teams informieren Sie \u00fcber alle Aktivit\u00e4ten und Sehensw\u00fcrdigkeiten, die Sie unternehmen k\u00f6nnen.\" \/>\n<meta property=\"og:url\" content=\"https:\/\/www.esta-officiel-usa.com\/de\/reisen-in-die-usa\/\" \/>\n<meta property=\"og:site_name\" content=\"ESTA - Vereinigte Staaten\" \/>\n<meta property=\"article:modified_time\" content=\"2025-09-13T11:59:25+00:00\" \/>\n<meta name=\"twitter:card\" content=\"summary_large_image\" \/>\n<meta name=\"twitter:label1\" content=\"Gesch\u00e4tzte Lesezeit\" \/>\n\t<meta name=\"twitter:data1\" content=\"4\u00a0Minuten\" \/>\n<script type=\"application\/ld+json\" class=\"yoast-schema-graph\">{\"@context\":\"https:\/\/schema.org\",\"@graph\":[{\"@type\":\"WebPage\",\"@id\":\"https:\/\/www.esta-officiel-usa.com\/de\/reisen-in-die-usa\/\",\"url\":\"https:\/\/www.esta-officiel-usa.com\/de\/reisen-in-die-usa\/\",\"name\":\"Reisen in die USA\",\"isPartOf\":{\"@id\":\"https:\/\/www.esta-officiel-usa.com\/de\/#website\"},\"datePublished\":\"2025-09-13T11:59:20+00:00\",\"dateModified\":\"2025-09-13T11:59:25+00:00\",\"description\":\"Sie reisen demn\u00e4chst in die Vereinigten Staaten. Unsere Teams informieren Sie \u00fcber alle Aktivit\u00e4ten und Sehensw\u00fcrdigkeiten, die Sie unternehmen k\u00f6nnen.\",\"breadcrumb\":{\"@id\":\"https:\/\/www.esta-officiel-usa.com\/de\/reisen-in-die-usa\/#breadcrumb\"},\"inLanguage\":\"de\",\"potentialAction\":[{\"@type\":\"ReadAction\",\"target\":[\"https:\/\/www.esta-officiel-usa.com\/de\/reisen-in-die-usa\/\"]}]},{\"@type\":\"BreadcrumbList\",\"@id\":\"https:\/\/www.esta-officiel-usa.com\/de\/reisen-in-die-usa\/#breadcrumb\",\"itemListElement\":[{\"@type\":\"ListItem\",\"position\":1,\"name\":\"Home\",\"item\":\"https:\/\/www.esta-officiel-usa.com\/de\/\"},{\"@type\":\"ListItem\",\"position\":2,\"name\":\"Reisen in die USA\"}]},{\"@type\":\"WebSite\",\"@id\":\"https:\/\/www.esta-officiel-usa.com\/de\/#website\",\"url\":\"https:\/\/www.esta-officiel-usa.com\/de\/\",\"name\":\"ESTA - Vereinigte Staaten\",\"description\":\"ESTA-Antragsformular\",\"potentialAction\":[{\"@type\":\"SearchAction\",\"target\":{\"@type\":\"EntryPoint\",\"urlTemplate\":\"https:\/\/www.esta-officiel-usa.com\/de\/?s={search_term_string}\"},\"query-input\":{\"@type\":\"PropertyValueSpecification\",\"valueRequired\":true,\"valueName\":\"search_term_string\"}}],\"inLanguage\":\"de\"}]}<\/script>\n<!-- \/ Yoast SEO plugin. -->","yoast_head_json":{"title":"Reisen in die USA","description":"Sie reisen demn\u00e4chst in die Vereinigten Staaten. Unsere Teams informieren Sie \u00fcber alle Aktivit\u00e4ten und Sehensw\u00fcrdigkeiten, die Sie unternehmen k\u00f6nnen.","robots":{"index":"index","follow":"follow","max-snippet":"max-snippet:-1","max-image-preview":"max-image-preview:large","max-video-preview":"max-video-preview:-1"},"canonical":"https:\/\/www.esta-officiel-usa.com\/de\/reisen-in-die-usa\/","og_locale":"de_DE","og_type":"article","og_title":"Reisen in die USA","og_description":"Sie reisen demn\u00e4chst in die Vereinigten Staaten. Unsere Teams informieren Sie \u00fcber alle Aktivit\u00e4ten und Sehensw\u00fcrdigkeiten, die Sie unternehmen k\u00f6nnen.","og_url":"https:\/\/www.esta-officiel-usa.com\/de\/reisen-in-die-usa\/","og_site_name":"ESTA - Vereinigte Staaten","article_modified_time":"2025-09-13T11:59:25+00:00","twitter_card":"summary_large_image","twitter_misc":{"Gesch\u00e4tzte Lesezeit":"4\u00a0Minuten"},"schema":{"@context":"https:\/\/schema.org","@graph":[{"@type":"WebPage","@id":"https:\/\/www.esta-officiel-usa.com\/de\/reisen-in-die-usa\/","url":"https:\/\/www.esta-officiel-usa.com\/de\/reisen-in-die-usa\/","name":"Reisen in die USA","isPartOf":{"@id":"https:\/\/www.esta-officiel-usa.com\/de\/#website"},"datePublished":"2025-09-13T11:59:20+00:00","dateModified":"2025-09-13T11:59:25+00:00","description":"Sie reisen demn\u00e4chst in die Vereinigten Staaten. Unsere Teams informieren Sie \u00fcber alle Aktivit\u00e4ten und Sehensw\u00fcrdigkeiten, die Sie unternehmen k\u00f6nnen.","breadcrumb":{"@id":"https:\/\/www.esta-officiel-usa.com\/de\/reisen-in-die-usa\/#breadcrumb"},"inLanguage":"de","potentialAction":[{"@type":"ReadAction","target":["https:\/\/www.esta-officiel-usa.com\/de\/reisen-in-die-usa\/"]}]},{"@type":"BreadcrumbList","@id":"https:\/\/www.esta-officiel-usa.com\/de\/reisen-in-die-usa\/#breadcrumb","itemListElement":[{"@type":"ListItem","position":1,"name":"Home","item":"https:\/\/www.esta-officiel-usa.com\/de\/"},{"@type":"ListItem","position":2,"name":"Reisen in die USA"}]},{"@type":"WebSite","@id":"https:\/\/www.esta-officiel-usa.com\/de\/#website","url":"https:\/\/www.esta-officiel-usa.com\/de\/","name":"ESTA - Vereinigte Staaten","description":"ESTA-Antragsformular","potentialAction":[{"@type":"SearchAction","target":{"@type":"EntryPoint","urlTemplate":"https:\/\/www.esta-officiel-usa.com\/de\/?s={search_term_string}"},"query-input":{"@type":"PropertyValueSpecification","valueRequired":true,"valueName":"search_term_string"}}],"inLanguage":"de"}]}},"_links":{"self":[{"href":"https:\/\/www.esta-officiel-usa.com\/de\/wp-json\/wp\/v2\/pages\/1021","targetHints":{"allow":["GET"]}}],"collection":[{"href":"https:\/\/www.esta-officiel-usa.com\/de\/wp-json\/wp\/v2\/pages"}],"about":[{"href":"https:\/\/www.esta-officiel-usa.com\/de\/wp-json\/wp\/v2\/types\/page"}],"author":[{"embeddable":true,"href":"https:\/\/www.esta-officiel-usa.com\/de\/wp-json\/wp\/v2\/users\/1"}],"replies":[{"embeddable":true,"href":"https:\/\/www.esta-officiel-usa.com\/de\/wp-json\/wp\/v2\/comments?post=1021"}],"version-history":[{"count":3,"href":"https:\/\/www.esta-officiel-usa.com\/de\/wp-json\/wp\/v2\/pages\/1021\/revisions"}],"predecessor-version":[{"id":1028,"href":"https:\/\/www.esta-officiel-usa.com\/de\/wp-json\/wp\/v2\/pages\/1021\/revisions\/1028"}],"wp:attachment":[{"href":"https:\/\/www.esta-officiel-usa.com\/de\/wp-json\/wp\/v2\/media?parent=1021"}],"curies":[{"name":"wp","href":"https:\/\/api.w.org\/{rel}","templated":true}]}}