{"id":1055,"date":"2025-09-13T11:59:54","date_gmt":"2025-09-13T11:59:54","guid":{"rendered":"https:\/\/www.esta-officiel-usa.com\/wie-lange-dauert-die-beantragung-des-esta\/"},"modified":"2025-09-13T11:59:54","modified_gmt":"2025-09-13T11:59:54","slug":"wie-lange-dauert-die-beantragung-des-esta","status":"publish","type":"page","link":"https:\/\/www.esta-officiel-usa.com\/de\/wie-lange-dauert-die-beantragung-des-esta\/","title":{"rendered":"Wie lange dauert die Beantragung des ESTA?"},"content":{"rendered":"\n<h1 class=\"wp-block-heading\">FRISTEN F\u00dcR DIE ERTEILUNG DES ESTA<\/h1>\n\n<p>38 L\u00e4nder, darunter Frankreich, haben die M\u00f6glichkeit, am Visa Waiver Program teilzunehmen. Dies bedeutet, dass die B\u00fcrger dieser L\u00e4nder bei Reisen in die USA von der Visumspflicht befreit werden k\u00f6nnen. Sind Sie an<a href=\"https:\/\/www.esta-officiel-usa.com\/de\/\">ESTA<\/a> interessiert? Unsere Experten erkl\u00e4ren Ihnen alles \u00fcber die Fristen f\u00fcr die ESTA-Beantragung.   <\/p>\n\n<h2 class=\"wp-block-heading\">WIE LANGE DAUERT ES, BIS ICH EIN ESTA ERHALTE?<\/h2>\n\n<p>Das ESTA wurde eingef\u00fchrt, um die Einreise von Staatsangeh\u00f6rigen bestimmter L\u00e4nder in die USA zu erleichtern.<\/p>\n\n<p>Um es zu erhalten, m\u00fcssen Sie einige Kriterien erf\u00fcllen, wie z.B. :<\/p>\n\n<ul class=\"wp-block-list\"><li>Staatsangeh\u00f6riger eines Landes sein, das am <a href=\"https:\/\/www.esta-officiel-usa.com\/fr\/a-propos-du-visa-waiver-program\/\">Visa Waiver Program<\/a> teilnimmt (einige Doppelstaatsb\u00fcrgerschaften sind automatisch ausgeschlossen);<\/li><li>sich aus touristischen oder gesch\u00e4ftlichen Gr\u00fcnden in den USA aufhalten oder einfach durch die USA reisen;<\/li><li>mit einer von den USA zugelassenen Fluggesellschaft reisen;<\/li><li>sich f\u00fcr einen Zeitraum von bis zu 90 Tagen in den USA aufhalten;<\/li><li>einen g\u00fcltigen elektronischen oder biometrischen <a href=\"https:\/\/www.esta-officiel-usa.com\/fr\/quel-type-de-passeport-pour-les-usa\/\">Reisepass<\/a> besitzen;<\/li><li>den obligatorischen ESTA-Fragebogen korrekt ausf\u00fcllen und den Antrag durch Zahlung der Bearbeitungsgeb\u00fchr best\u00e4tigen.<\/li><\/ul>\n\n<p>Wenn Sie Ihr ESTA so schnell wie m\u00f6glich erhalten m\u00f6chten, m\u00fcssen Sie beim Ausf\u00fcllen des Formulars vorsichtig sein. Das Formular besteht aus drei Rubriken: <\/p>\n\n<ul class=\"wp-block-list\"><li>Identit\u00e4t des Reisenden ;<\/li><li>Gr\u00fcnde f\u00fcr den Aufenthalt in den USA ;<\/li><li>Medizinische und strafrechtliche Vorgeschichte.<\/li><\/ul>\n\n<p>Die Informationen m\u00fcssen den Tatsachen entsprechen, da sonst die Gefahr besteht, dass die US-Beh\u00f6rden die Genehmigung verweigern.<\/p>\n\n<p>Um dies zu vermeiden, hilft Ihnen esta-officiel-usa.com bei der Beantragung eines ESTA.<\/p>\n\n<p>Unsere Teams \u00fcberpr\u00fcfen Ihre Antworten nacheinander. Sie erhalten Ihr ESTA innerhalb von 72 Stunden und meistens noch am selben Tag. <\/p>\n\n<h2 class=\"wp-block-heading\">FRISTEN F\u00dcR EINEN NEUEN ESTA-ANTRAG IM FALLE EINER ABLEHNUNG<\/h2>\n\n<p>Die Ablehnung eines ESTA-Antrags ist sehr selten, aber wenn Sie Pech haben, m\u00fcssen Sie eine Frist von 10 Tagen einhalten, bevor Sie einen neuen Antrag auf Genehmigung stellen k\u00f6nnen.<\/p>\n\n<p>In diesem Fall sollten Sie jede Antwort sorgf\u00e4ltig pr\u00fcfen und Tippfehler oder vertauschte Buchstaben oder Zahlen vermeiden.<\/p>\n\n<p>Wenn die Genehmigung erteilt wird, erhalten Sie Ihr offizielles ESTA-Zertifikat per E-Mail, das Sie im PDF-Format herunterladen k\u00f6nnen. Wenn Ihr Antrag erneut abgelehnt wird, m\u00fcssen Sie eine andere Form der Einreisegenehmigung, z. B. ein Visum, beantragen. <\/p>\n\n<h2 class=\"wp-block-heading\">G\u00dcLTIGKEITSDAUER DER ESTA<\/h2>\n\n<p>Das ESTA-Formular ist zwei Jahre lang g\u00fcltig. Innerhalb dieses Zeitraums sind mehrere Aufenthalte m\u00f6glich, vorausgesetzt, Sie halten sich an eine maximale Aufenthaltsdauer von 90 Tagen. <\/p>\n\n<p>Sie sollten jedoch wissen, dass Sie unverz\u00fcglich einen neuen ESTA beantragen m\u00fcssen, wenn sich Ihre Angaben (Familienstand, Passnummer usw.) im Laufe der Zeit \u00e4ndern.<\/p>\n\n<p>Wenn Sie dies nicht tun, kann Ihnen im Falle einer <a href=\"https:\/\/www.esta-officiel-usa.com\/fr\/passer-les-controles-des-douanes-americaines\/\">Zollkontrolle<\/a> die Einreise in die USA durch das <a href=\"https:\/\/www.esta-officiel-usa.com\/fr\/le-departement-de-la-securite-interieure-americain\/\">Ministerium f\u00fcr Innere Sicherheit<\/a> verweigert werden.<\/p>\n\n<p>Wenn Sie einen aktualisierten ESTA bestellen m\u00f6chten, ist das Verfahren das gleiche wie bei einem Erstantrag. Die Frist f\u00fcr den Erhalt des Antrags bleibt unver\u00e4ndert, d. h. maximal 72 Stunden, in der Regel am selben Tag.   <\/p>\n","protected":false},"excerpt":{"rendered":"<p>FRISTEN F\u00dcR DIE ERTEILUNG DES ESTA 38 L\u00e4nder, darunter Frankreich, haben die M\u00f6glichkeit, am Visa Waiver Program teilzunehmen. Dies bedeutet, dass die B\u00fcrger dieser L\u00e4nder bei Reisen in die USA von der Visumspflicht befreit werden k\u00f6nnen. Sind Sie anESTA interessiert? Unsere Experten erkl\u00e4ren Ihnen alles \u00fcber die Fristen f\u00fcr die ESTA-Beantragung. WIE LANGE DAUERT ES, [&hellip;]<\/p>\n","protected":false},"author":1,"featured_media":0,"parent":0,"menu_order":0,"comment_status":"closed","ping_status":"closed","template":"","meta":{"footnotes":""},"class_list":["post-1055","page","type-page","status-publish","hentry"],"yoast_head":"<!-- This site is optimized with the Yoast SEO plugin v26.2 - https:\/\/yoast.com\/wordpress\/plugins\/seo\/ -->\n<title>Wie lange dauert die Beantragung des ESTA?<\/title>\n<meta name=\"description\" content=\"Um Ihr ESTA so schnell wie m\u00f6glich zu erhalten (von einigen Stunden bis zu 72 Stunden), m\u00fcssen Sie beim Ausf\u00fcllen des Formulars sorgf\u00e4ltig sein.\" \/>\n<meta name=\"robots\" content=\"index, follow, max-snippet:-1, max-image-preview:large, max-video-preview:-1\" \/>\n<link rel=\"canonical\" href=\"https:\/\/www.esta-officiel-usa.com\/de\/wie-lange-dauert-die-beantragung-des-esta\/\" \/>\n<meta property=\"og:locale\" content=\"de_DE\" \/>\n<meta property=\"og:type\" content=\"article\" \/>\n<meta property=\"og:title\" content=\"Wie lange dauert die Beantragung des ESTA?\" \/>\n<meta property=\"og:description\" content=\"Um Ihr ESTA so schnell wie m\u00f6glich zu erhalten (von einigen Stunden bis zu 72 Stunden), m\u00fcssen Sie beim Ausf\u00fcllen des Formulars sorgf\u00e4ltig sein.\" \/>\n<meta property=\"og:url\" content=\"https:\/\/www.esta-officiel-usa.com\/de\/wie-lange-dauert-die-beantragung-des-esta\/\" \/>\n<meta property=\"og:site_name\" content=\"ESTA - Vereinigte Staaten\" \/>\n<meta name=\"twitter:card\" content=\"summary_large_image\" \/>\n<meta name=\"twitter:label1\" content=\"Gesch\u00e4tzte Lesezeit\" \/>\n\t<meta name=\"twitter:data1\" content=\"2\u00a0Minuten\" \/>\n<script type=\"application\/ld+json\" class=\"yoast-schema-graph\">{\"@context\":\"https:\/\/schema.org\",\"@graph\":[{\"@type\":\"WebPage\",\"@id\":\"https:\/\/www.esta-officiel-usa.com\/de\/wie-lange-dauert-die-beantragung-des-esta\/\",\"url\":\"https:\/\/www.esta-officiel-usa.com\/de\/wie-lange-dauert-die-beantragung-des-esta\/\",\"name\":\"Wie lange dauert die Beantragung des ESTA?\",\"isPartOf\":{\"@id\":\"https:\/\/www.esta-officiel-usa.com\/de\/#website\"},\"datePublished\":\"2025-09-13T11:59:54+00:00\",\"description\":\"Um Ihr ESTA so schnell wie m\u00f6glich zu erhalten (von einigen Stunden bis zu 72 Stunden), m\u00fcssen Sie beim Ausf\u00fcllen des Formulars sorgf\u00e4ltig sein.\",\"breadcrumb\":{\"@id\":\"https:\/\/www.esta-officiel-usa.com\/de\/wie-lange-dauert-die-beantragung-des-esta\/#breadcrumb\"},\"inLanguage\":\"de\",\"potentialAction\":[{\"@type\":\"ReadAction\",\"target\":[\"https:\/\/www.esta-officiel-usa.com\/de\/wie-lange-dauert-die-beantragung-des-esta\/\"]}]},{\"@type\":\"BreadcrumbList\",\"@id\":\"https:\/\/www.esta-officiel-usa.com\/de\/wie-lange-dauert-die-beantragung-des-esta\/#breadcrumb\",\"itemListElement\":[{\"@type\":\"ListItem\",\"position\":1,\"name\":\"Home\",\"item\":\"https:\/\/www.esta-officiel-usa.com\/de\/\"},{\"@type\":\"ListItem\",\"position\":2,\"name\":\"Wie lange dauert die Beantragung des ESTA?\"}]},{\"@type\":\"WebSite\",\"@id\":\"https:\/\/www.esta-officiel-usa.com\/de\/#website\",\"url\":\"https:\/\/www.esta-officiel-usa.com\/de\/\",\"name\":\"ESTA - Vereinigte Staaten\",\"description\":\"ESTA-Antragsformular\",\"potentialAction\":[{\"@type\":\"SearchAction\",\"target\":{\"@type\":\"EntryPoint\",\"urlTemplate\":\"https:\/\/www.esta-officiel-usa.com\/de\/?s={search_term_string}\"},\"query-input\":{\"@type\":\"PropertyValueSpecification\",\"valueRequired\":true,\"valueName\":\"search_term_string\"}}],\"inLanguage\":\"de\"}]}<\/script>\n<!-- \/ Yoast SEO plugin. -->","yoast_head_json":{"title":"Wie lange dauert die Beantragung des ESTA?","description":"Um Ihr ESTA so schnell wie m\u00f6glich zu erhalten (von einigen Stunden bis zu 72 Stunden), m\u00fcssen Sie beim Ausf\u00fcllen des Formulars sorgf\u00e4ltig sein.","robots":{"index":"index","follow":"follow","max-snippet":"max-snippet:-1","max-image-preview":"max-image-preview:large","max-video-preview":"max-video-preview:-1"},"canonical":"https:\/\/www.esta-officiel-usa.com\/de\/wie-lange-dauert-die-beantragung-des-esta\/","og_locale":"de_DE","og_type":"article","og_title":"Wie lange dauert die Beantragung des ESTA?","og_description":"Um Ihr ESTA so schnell wie m\u00f6glich zu erhalten (von einigen Stunden bis zu 72 Stunden), m\u00fcssen Sie beim Ausf\u00fcllen des Formulars sorgf\u00e4ltig sein.","og_url":"https:\/\/www.esta-officiel-usa.com\/de\/wie-lange-dauert-die-beantragung-des-esta\/","og_site_name":"ESTA - Vereinigte Staaten","twitter_card":"summary_large_image","twitter_misc":{"Gesch\u00e4tzte Lesezeit":"2\u00a0Minuten"},"schema":{"@context":"https:\/\/schema.org","@graph":[{"@type":"WebPage","@id":"https:\/\/www.esta-officiel-usa.com\/de\/wie-lange-dauert-die-beantragung-des-esta\/","url":"https:\/\/www.esta-officiel-usa.com\/de\/wie-lange-dauert-die-beantragung-des-esta\/","name":"Wie lange dauert die Beantragung des ESTA?","isPartOf":{"@id":"https:\/\/www.esta-officiel-usa.com\/de\/#website"},"datePublished":"2025-09-13T11:59:54+00:00","description":"Um Ihr ESTA so schnell wie m\u00f6glich zu erhalten (von einigen Stunden bis zu 72 Stunden), m\u00fcssen Sie beim Ausf\u00fcllen des Formulars sorgf\u00e4ltig sein.","breadcrumb":{"@id":"https:\/\/www.esta-officiel-usa.com\/de\/wie-lange-dauert-die-beantragung-des-esta\/#breadcrumb"},"inLanguage":"de","potentialAction":[{"@type":"ReadAction","target":["https:\/\/www.esta-officiel-usa.com\/de\/wie-lange-dauert-die-beantragung-des-esta\/"]}]},{"@type":"BreadcrumbList","@id":"https:\/\/www.esta-officiel-usa.com\/de\/wie-lange-dauert-die-beantragung-des-esta\/#breadcrumb","itemListElement":[{"@type":"ListItem","position":1,"name":"Home","item":"https:\/\/www.esta-officiel-usa.com\/de\/"},{"@type":"ListItem","position":2,"name":"Wie lange dauert die Beantragung des ESTA?"}]},{"@type":"WebSite","@id":"https:\/\/www.esta-officiel-usa.com\/de\/#website","url":"https:\/\/www.esta-officiel-usa.com\/de\/","name":"ESTA - Vereinigte Staaten","description":"ESTA-Antragsformular","potentialAction":[{"@type":"SearchAction","target":{"@type":"EntryPoint","urlTemplate":"https:\/\/www.esta-officiel-usa.com\/de\/?s={search_term_string}"},"query-input":{"@type":"PropertyValueSpecification","valueRequired":true,"valueName":"search_term_string"}}],"inLanguage":"de"}]}},"_links":{"self":[{"href":"https:\/\/www.esta-officiel-usa.com\/de\/wp-json\/wp\/v2\/pages\/1055","targetHints":{"allow":["GET"]}}],"collection":[{"href":"https:\/\/www.esta-officiel-usa.com\/de\/wp-json\/wp\/v2\/pages"}],"about":[{"href":"https:\/\/www.esta-officiel-usa.com\/de\/wp-json\/wp\/v2\/types\/page"}],"author":[{"embeddable":true,"href":"https:\/\/www.esta-officiel-usa.com\/de\/wp-json\/wp\/v2\/users\/1"}],"replies":[{"embeddable":true,"href":"https:\/\/www.esta-officiel-usa.com\/de\/wp-json\/wp\/v2\/comments?post=1055"}],"version-history":[{"count":1,"href":"https:\/\/www.esta-officiel-usa.com\/de\/wp-json\/wp\/v2\/pages\/1055\/revisions"}],"predecessor-version":[{"id":1056,"href":"https:\/\/www.esta-officiel-usa.com\/de\/wp-json\/wp\/v2\/pages\/1055\/revisions\/1056"}],"wp:attachment":[{"href":"https:\/\/www.esta-officiel-usa.com\/de\/wp-json\/wp\/v2\/media?parent=1055"}],"curies":[{"name":"wp","href":"https:\/\/api.w.org\/{rel}","templated":true}]}}