{"id":1073,"date":"2025-09-13T12:00:05","date_gmt":"2025-09-13T12:00:05","guid":{"rendered":"https:\/\/www.esta-officiel-usa.com\/was-ist-das-dos-department-of-state\/"},"modified":"2025-09-13T12:00:05","modified_gmt":"2025-09-13T12:00:05","slug":"was-ist-das-dos-department-of-state","status":"publish","type":"page","link":"https:\/\/www.esta-officiel-usa.com\/de\/was-ist-das-dos-department-of-state\/","title":{"rendered":"Was ist das &#8222;DOS &#8222;Department Of State?"},"content":{"rendered":"\n<h1 class=\"wp-block-heading\">DEPARTMENT OF STATE ODER STAATSMINISTERIUM<\/h1>\n\n<p>Das DOS der Vereinigten Staaten, das f\u00fcr &#8222;Department of State&#8220; steht, ist f\u00fcr die internationalen Beziehungen \u00fcber die amerikanischen Botschaften und Konsulate in der ganzen Welt zust\u00e4ndig. Es entspricht dem franz\u00f6sischen Au\u00dfenministerium und hat seinen Sitz in Washington. Das Department of State spielte eine Rolle bei der Einf\u00fchrung des<a href=\"https:\/\/www.esta-officiel-usa.com\/de\/\">ESTA USA.<\/a>  <\/p>\n\n<h2 class=\"wp-block-heading\">WOMIT BEFASST SICH DAS DEPARTMENT OF STATE?<\/h2>\n\n<p>Das US-Au\u00dfenministerium besch\u00e4ftigt fast 50.000 Mitarbeiter, die vor allem im Bereich der Diplomatie und der Sicherheit der USA t\u00e4tig sind. Es ist somit eine wichtige f\u00f6derale Exekutivstruktur, die sich um die Botschaften, Konsulate (\u00fcber 290) und US-B\u00fcrger im Ausland in etwa 190 L\u00e4ndern k\u00fcmmert. <\/p>\n\n<p>Zu den verschiedenen Abteilungen des Au\u00dfenministeriums geh\u00f6rt auch der Diplomatische Sicherheitsdienst (Diplomatic Security Service), der zur Einf\u00fchrung von ESTA und dem <a href=\"https:\/\/www.esta-officiel-usa.com\/fr\/a-propos-du-visa-waiver-program\/\">Visa Waiver Program (VWP<\/a>) beigetragen hat. Der DSS arbeitete mit dem DHS (Department of Homeland Security) der USA zusammen, um ein einfacheres Verfahren f\u00fcr die Annahme von Reisenden zu schaffen, ohne die Sicherheit des Landes zu beeintr\u00e4chtigen. Dieser Prozess f\u00fchrte zur Schaffung des heute bekannten Programms, das es B\u00fcrgern aus 38 L\u00e4ndern erm\u00f6glicht, mit einer einfachen ESTA-Genehmigung in die USA zu reisen. Dies erleichtert die Verwaltung von Visaantr\u00e4gen und stellt viele Touristen zufrieden, die bis zu 90 Tage in den USA bleiben k\u00f6nnen, indem sie ein <a href=\"https:\/\/www.esta-officiel-usa.com\/fr\/obtenir-le-formulaire-esta-en-ligne\/\">ESTA-Formular online<\/a> ausf\u00fcllen.   <\/p>\n\n<h2 class=\"wp-block-heading\">PLANEN SIE IHRE REISE IN DIE USA, INDEM SIE EINE ESTA BEANTRAGEN.<\/h2>\n\n<p>Unter den 38 oben genannten L\u00e4ndern befindet sich auch Frankreich, das von einem schnellen Verfahren f\u00fcr Reisen in die USA profitiert. Sie m\u00fcssen nur 72 Stunden im Voraus die Felder des Formulars ausf\u00fcllen, um die wertvolle <a href=\"https:\/\/www.esta-officiel-usa.com\/fr\/lautorisation-esta\/\">ESTA-Genehmigung<\/a> zu erhalten, die f\u00fcr jede Einreise erforderlich ist. <\/p>\n\n<p>Sind Sie sich nicht sicher, welche Informationen Sie ausf\u00fcllen m\u00fcssen? Gehen Sie kein Risiko ein und \u00fcberlassen Sie uns die Arbeit! Unsere Experten sind da, um Ihnen den Weg zu ebnen und Ihre Fragen zum ESTA zu beantworten. Wenden Sie sich an uns, damit Sie Ihr Vorhaben in vollem Vertrauen verwirklichen k\u00f6nnen.   <\/p>\n","protected":false},"excerpt":{"rendered":"<p>DEPARTMENT OF STATE ODER STAATSMINISTERIUM Das DOS der Vereinigten Staaten, das f\u00fcr &#8222;Department of State&#8220; steht, ist f\u00fcr die internationalen Beziehungen \u00fcber die amerikanischen Botschaften und Konsulate in der ganzen Welt zust\u00e4ndig. Es entspricht dem franz\u00f6sischen Au\u00dfenministerium und hat seinen Sitz in Washington. Das Department of State spielte eine Rolle bei der Einf\u00fchrung desESTA USA. [&hellip;]<\/p>\n","protected":false},"author":1,"featured_media":0,"parent":0,"menu_order":0,"comment_status":"closed","ping_status":"closed","template":"","meta":{"footnotes":""},"class_list":["post-1073","page","type-page","status-publish","hentry"],"yoast_head":"<!-- This site is optimized with the Yoast SEO plugin v26.2 - https:\/\/yoast.com\/wordpress\/plugins\/seo\/ -->\n<title>Was ist das &quot;DOS &quot;Department Of State?<\/title>\n<meta name=\"description\" content=\"Das DOS (Department of State) ist f\u00fcr die internationalen Beziehungen \u00fcber die amerikanischen Botschaften und Konsulate in der ganzen Welt zust\u00e4ndig.\" \/>\n<meta name=\"robots\" content=\"index, follow, max-snippet:-1, max-image-preview:large, max-video-preview:-1\" \/>\n<link rel=\"canonical\" href=\"https:\/\/www.esta-officiel-usa.com\/de\/was-ist-das-dos-department-of-state\/\" \/>\n<meta property=\"og:locale\" content=\"de_DE\" \/>\n<meta property=\"og:type\" content=\"article\" \/>\n<meta property=\"og:title\" content=\"Was ist das &quot;DOS &quot;Department Of State?\" \/>\n<meta property=\"og:description\" content=\"Das DOS (Department of State) ist f\u00fcr die internationalen Beziehungen \u00fcber die amerikanischen Botschaften und Konsulate in der ganzen Welt zust\u00e4ndig.\" \/>\n<meta property=\"og:url\" content=\"https:\/\/www.esta-officiel-usa.com\/de\/was-ist-das-dos-department-of-state\/\" \/>\n<meta property=\"og:site_name\" content=\"ESTA - Vereinigte Staaten\" \/>\n<meta name=\"twitter:card\" content=\"summary_large_image\" \/>\n<meta name=\"twitter:label1\" content=\"Gesch\u00e4tzte Lesezeit\" \/>\n\t<meta name=\"twitter:data1\" content=\"2\u00a0Minuten\" \/>\n<script type=\"application\/ld+json\" class=\"yoast-schema-graph\">{\"@context\":\"https:\/\/schema.org\",\"@graph\":[{\"@type\":\"WebPage\",\"@id\":\"https:\/\/www.esta-officiel-usa.com\/de\/was-ist-das-dos-department-of-state\/\",\"url\":\"https:\/\/www.esta-officiel-usa.com\/de\/was-ist-das-dos-department-of-state\/\",\"name\":\"Was ist das \\\"DOS \\\"Department Of State?\",\"isPartOf\":{\"@id\":\"https:\/\/www.esta-officiel-usa.com\/de\/#website\"},\"datePublished\":\"2025-09-13T12:00:05+00:00\",\"description\":\"Das DOS (Department of State) ist f\u00fcr die internationalen Beziehungen \u00fcber die amerikanischen Botschaften und Konsulate in der ganzen Welt zust\u00e4ndig.\",\"breadcrumb\":{\"@id\":\"https:\/\/www.esta-officiel-usa.com\/de\/was-ist-das-dos-department-of-state\/#breadcrumb\"},\"inLanguage\":\"de\",\"potentialAction\":[{\"@type\":\"ReadAction\",\"target\":[\"https:\/\/www.esta-officiel-usa.com\/de\/was-ist-das-dos-department-of-state\/\"]}]},{\"@type\":\"BreadcrumbList\",\"@id\":\"https:\/\/www.esta-officiel-usa.com\/de\/was-ist-das-dos-department-of-state\/#breadcrumb\",\"itemListElement\":[{\"@type\":\"ListItem\",\"position\":1,\"name\":\"Home\",\"item\":\"https:\/\/www.esta-officiel-usa.com\/de\/\"},{\"@type\":\"ListItem\",\"position\":2,\"name\":\"Was ist das &#8222;DOS &#8222;Department Of State?\"}]},{\"@type\":\"WebSite\",\"@id\":\"https:\/\/www.esta-officiel-usa.com\/de\/#website\",\"url\":\"https:\/\/www.esta-officiel-usa.com\/de\/\",\"name\":\"ESTA - Vereinigte Staaten\",\"description\":\"ESTA-Antragsformular\",\"potentialAction\":[{\"@type\":\"SearchAction\",\"target\":{\"@type\":\"EntryPoint\",\"urlTemplate\":\"https:\/\/www.esta-officiel-usa.com\/de\/?s={search_term_string}\"},\"query-input\":{\"@type\":\"PropertyValueSpecification\",\"valueRequired\":true,\"valueName\":\"search_term_string\"}}],\"inLanguage\":\"de\"}]}<\/script>\n<!-- \/ Yoast SEO plugin. -->","yoast_head_json":{"title":"Was ist das \"DOS \"Department Of State?","description":"Das DOS (Department of State) ist f\u00fcr die internationalen Beziehungen \u00fcber die amerikanischen Botschaften und Konsulate in der ganzen Welt zust\u00e4ndig.","robots":{"index":"index","follow":"follow","max-snippet":"max-snippet:-1","max-image-preview":"max-image-preview:large","max-video-preview":"max-video-preview:-1"},"canonical":"https:\/\/www.esta-officiel-usa.com\/de\/was-ist-das-dos-department-of-state\/","og_locale":"de_DE","og_type":"article","og_title":"Was ist das \"DOS \"Department Of State?","og_description":"Das DOS (Department of State) ist f\u00fcr die internationalen Beziehungen \u00fcber die amerikanischen Botschaften und Konsulate in der ganzen Welt zust\u00e4ndig.","og_url":"https:\/\/www.esta-officiel-usa.com\/de\/was-ist-das-dos-department-of-state\/","og_site_name":"ESTA - Vereinigte Staaten","twitter_card":"summary_large_image","twitter_misc":{"Gesch\u00e4tzte Lesezeit":"2\u00a0Minuten"},"schema":{"@context":"https:\/\/schema.org","@graph":[{"@type":"WebPage","@id":"https:\/\/www.esta-officiel-usa.com\/de\/was-ist-das-dos-department-of-state\/","url":"https:\/\/www.esta-officiel-usa.com\/de\/was-ist-das-dos-department-of-state\/","name":"Was ist das \"DOS \"Department Of State?","isPartOf":{"@id":"https:\/\/www.esta-officiel-usa.com\/de\/#website"},"datePublished":"2025-09-13T12:00:05+00:00","description":"Das DOS (Department of State) ist f\u00fcr die internationalen Beziehungen \u00fcber die amerikanischen Botschaften und Konsulate in der ganzen Welt zust\u00e4ndig.","breadcrumb":{"@id":"https:\/\/www.esta-officiel-usa.com\/de\/was-ist-das-dos-department-of-state\/#breadcrumb"},"inLanguage":"de","potentialAction":[{"@type":"ReadAction","target":["https:\/\/www.esta-officiel-usa.com\/de\/was-ist-das-dos-department-of-state\/"]}]},{"@type":"BreadcrumbList","@id":"https:\/\/www.esta-officiel-usa.com\/de\/was-ist-das-dos-department-of-state\/#breadcrumb","itemListElement":[{"@type":"ListItem","position":1,"name":"Home","item":"https:\/\/www.esta-officiel-usa.com\/de\/"},{"@type":"ListItem","position":2,"name":"Was ist das &#8222;DOS &#8222;Department Of State?"}]},{"@type":"WebSite","@id":"https:\/\/www.esta-officiel-usa.com\/de\/#website","url":"https:\/\/www.esta-officiel-usa.com\/de\/","name":"ESTA - Vereinigte Staaten","description":"ESTA-Antragsformular","potentialAction":[{"@type":"SearchAction","target":{"@type":"EntryPoint","urlTemplate":"https:\/\/www.esta-officiel-usa.com\/de\/?s={search_term_string}"},"query-input":{"@type":"PropertyValueSpecification","valueRequired":true,"valueName":"search_term_string"}}],"inLanguage":"de"}]}},"_links":{"self":[{"href":"https:\/\/www.esta-officiel-usa.com\/de\/wp-json\/wp\/v2\/pages\/1073","targetHints":{"allow":["GET"]}}],"collection":[{"href":"https:\/\/www.esta-officiel-usa.com\/de\/wp-json\/wp\/v2\/pages"}],"about":[{"href":"https:\/\/www.esta-officiel-usa.com\/de\/wp-json\/wp\/v2\/types\/page"}],"author":[{"embeddable":true,"href":"https:\/\/www.esta-officiel-usa.com\/de\/wp-json\/wp\/v2\/users\/1"}],"replies":[{"embeddable":true,"href":"https:\/\/www.esta-officiel-usa.com\/de\/wp-json\/wp\/v2\/comments?post=1073"}],"version-history":[{"count":1,"href":"https:\/\/www.esta-officiel-usa.com\/de\/wp-json\/wp\/v2\/pages\/1073\/revisions"}],"predecessor-version":[{"id":1075,"href":"https:\/\/www.esta-officiel-usa.com\/de\/wp-json\/wp\/v2\/pages\/1073\/revisions\/1075"}],"wp:attachment":[{"href":"https:\/\/www.esta-officiel-usa.com\/de\/wp-json\/wp\/v2\/media?parent=1073"}],"curies":[{"name":"wp","href":"https:\/\/api.w.org\/{rel}","templated":true}]}}