{"id":1079,"date":"2025-09-13T12:00:11","date_gmt":"2025-09-13T12:00:11","guid":{"rendered":"https:\/\/www.esta-officiel-usa.com\/wann-man-einen-esta-antrag-stellen-sollte\/"},"modified":"2025-09-13T12:00:11","modified_gmt":"2025-09-13T12:00:11","slug":"wann-man-einen-esta-antrag-stellen-sollte","status":"publish","type":"page","link":"https:\/\/www.esta-officiel-usa.com\/de\/wann-man-einen-esta-antrag-stellen-sollte\/","title":{"rendered":"Wann man einen ESTA-Antrag stellen sollte"},"content":{"rendered":"\n<h1 class=\"wp-block-heading\">ESTA-ANTRAG: WANN UND INNERHALB WELCHER FRIST?<\/h1>\n\n<p>In den meisten F\u00e4llen ist es m\u00f6glich, die <a href=\"https:\/\/www.esta-officiel-usa.com\/de\/\">ESTA-Genehmigung<\/a> innerhalb weniger Stunden zu erhalten. Aber Vorsicht, die meisten bedeuten nicht alle! Wir empfehlen Ihnen daher, Ihren Antrag mindestens 72 Stunden im Voraus zu stellen, um Verz\u00f6gerungen oder Komplikationen bei der Bearbeitung Ihres Formulars zu vermeiden. Dies wird Ihre Vorbereitungen erleichtern.   <\/p>\n\n<h2 class=\"wp-block-heading\">DIE ZEIT, DIE SIE F\u00dcR IHRE ESTA-ANTWORT BEN\u00d6TIGEN<\/h2>\n\n<p>Die ESTA-Genehmigung ist f\u00fcr die Einreise in die USA erforderlich, wenn Sie die Kriterien f\u00fcr den Erhalt erf\u00fcllen. Achten Sie jedoch darauf, dass Sie sich rechtzeitig um die Beantragung k\u00fcmmern. Zun\u00e4chst m\u00fcssen Sie Staatsb\u00fcrger eines der 38 L\u00e4nder sein, die am Visa Waiver Program (VWP) teilnehmen (Ausnahmen gelten f\u00fcr doppelte Staatsb\u00fcrgerschaft). Andernfalls ben\u00f6tigen Sie ein Visum, um in die USA einzureisen. Das offizielle ESTA unterliegt weiteren Bedingungen:    <\/p>\n\n<ul class=\"wp-block-list\"><li>Maximal 90 aufeinanderfolgende Tage ;<\/li><li>F\u00fcr Tourismus, Transit oder Gesch\u00e4ftsreisen;<\/li><li>Mit einem biometrischen oder elektronischen Reisepass, der bis zum Ende des Aufenthalts g\u00fcltig ist.<\/li><\/ul>\n\n<p>Erf\u00fcllen Sie diese Kriterien? Dann k\u00f6nnen Sie Ihren Reisepass mitbringen und den Online-Fragebogen ausf\u00fcllen, der von den US-Beh\u00f6rden bearbeitet wird. <\/p>\n\n<p>Warten Sie nicht, bis Sie alle Modalit\u00e4ten der Reise (Abreisedatum, Buchung der Tickets usw.) festgelegt haben, um das Verfahren zu beginnen. Die maximale Bearbeitungszeit betr\u00e4gt 72 Stunden, gehen Sie also nicht das Risiko ein, Ihr Formular am Tag vor dem Abflug einzureichen. Bei einem Tippfehler kann es passieren, dass Sie am Flughafen ohne ESTA dastehen und in diesem Fall nicht in die USA einreisen k\u00f6nnen.  <\/p>\n\n<p>Auch wenn 99% der Antr\u00e4ge schnell positiv beschieden werden, ist es besser, wenn Sie Ihren Antrag planen, sobald Sie ein paar Minuten Zeit haben. Im schlimmsten Fall erhalten Sie eine Ablehnung, die m\u00f6glicherweise eine erneute Beantragung eines Visums erforderlich macht. In diesem Fall dauert es viel l\u00e4nger, bis Sie in die USA reisen k\u00f6nnen (und die Kosten sind h\u00f6her).  <\/p>\n\n<h2 class=\"wp-block-heading\">EIN EINZIGES MOTTO: PLANEN SIE IHREN ANTRAG FR\u00dcHZEITIG!<\/h2>\n\n<p>Was passiert, nachdem Sie Ihr <a href=\"https:\/\/www.esta-officiel-usa.com\/fr\/le-formulaire-esta-usa-en-francais\/\">ESTA-Formular<\/a> \u00fcber das Internet an die US-Beh\u00f6rden gesendet haben? Ihre Antworten werden computergest\u00fctzt verarbeitet, um sicherzustellen, dass Ihre Angaben korrekt sind und dass Sie keine Gefahr f\u00fcr die innere Sicherheit der USA darstellen. Gehen Sie nicht davon aus, dass die Genehmigung schnell erteilt wird, nur weil Ihr Formular gut ausgef\u00fcllt erscheint. In der Tat kann es vorkommen, dass Ihr Antrag nach dem Zufallsprinzip f\u00fcr eine gr\u00fcndliche Pr\u00fcfung ausgew\u00e4hlt wird. Dies ist v\u00f6llig unvorhersehbar, daher ist jede Voraussicht willkommen.    <\/p>\n\n<p>Wir weisen jedoch darauf hin, dass ein ESTA in der Regel deutlich fr\u00fcher als 72 Stunden ausgestellt wird. Wenn Sie Ihre Reise nicht im Voraus planen konnten (z.B. aus beruflichen Gr\u00fcnden in letzter Minute), k\u00f6nnen Sie relativ gelassen sein: Es ist wahrscheinlich, dass Sie trotzdem Ihr Flugzeug oder Ihr Schiff in die USA nehmen k\u00f6nnen. <\/p>\n\n<p>Es gibt noch viele weitere Fragen zum <a href=\"https:\/\/www.esta-officiel-usa.com\/fr\/le-prix-dun-esta\/\">Preis von ESTA<\/a>, zu den Passarten oder zur <a href=\"https:\/\/www.esta-officiel-usa.com\/fr\/demande-desta-sur-site-officiel\/\">Beantragung von ESTA auf der offiziellen Website<\/a>. Besuchen Sie unsere anderen Seiten, um die Antworten zu erhalten! <\/p>\n","protected":false},"excerpt":{"rendered":"<p>ESTA-ANTRAG: WANN UND INNERHALB WELCHER FRIST? In den meisten F\u00e4llen ist es m\u00f6glich, die ESTA-Genehmigung innerhalb weniger Stunden zu erhalten. Aber Vorsicht, die meisten bedeuten nicht alle! Wir empfehlen Ihnen daher, Ihren Antrag mindestens 72 Stunden im Voraus zu stellen, um Verz\u00f6gerungen oder Komplikationen bei der Bearbeitung Ihres Formulars zu vermeiden. Dies wird Ihre Vorbereitungen [&hellip;]<\/p>\n","protected":false},"author":1,"featured_media":0,"parent":0,"menu_order":0,"comment_status":"closed","ping_status":"closed","template":"","meta":{"footnotes":""},"class_list":["post-1079","page","type-page","status-publish","hentry"],"yoast_head":"<!-- This site is optimized with the Yoast SEO plugin v26.2 - https:\/\/yoast.com\/wordpress\/plugins\/seo\/ -->\n<title>Wann man einen ESTA-Antrag stellen sollte<\/title>\n<meta name=\"description\" content=\"Auch wenn es m\u00f6glich ist, Ihren ESTA-Antrag innerhalb weniger Stunden zu erhalten, k\u00f6nnen Sie sich sicher sein, dass Sie wissen, wann Sie Ihren Antrag stellen m\u00fcssen.\" \/>\n<meta name=\"robots\" content=\"index, follow, max-snippet:-1, max-image-preview:large, max-video-preview:-1\" \/>\n<link rel=\"canonical\" href=\"https:\/\/www.esta-officiel-usa.com\/de\/wann-man-einen-esta-antrag-stellen-sollte\/\" \/>\n<meta property=\"og:locale\" content=\"de_DE\" \/>\n<meta property=\"og:type\" content=\"article\" \/>\n<meta property=\"og:title\" content=\"Wann man einen ESTA-Antrag stellen sollte\" \/>\n<meta property=\"og:description\" content=\"Auch wenn es m\u00f6glich ist, Ihren ESTA-Antrag innerhalb weniger Stunden zu erhalten, k\u00f6nnen Sie sich sicher sein, dass Sie wissen, wann Sie Ihren Antrag stellen m\u00fcssen.\" \/>\n<meta property=\"og:url\" content=\"https:\/\/www.esta-officiel-usa.com\/de\/wann-man-einen-esta-antrag-stellen-sollte\/\" \/>\n<meta property=\"og:site_name\" content=\"ESTA - Vereinigte Staaten\" \/>\n<meta name=\"twitter:card\" content=\"summary_large_image\" \/>\n<meta name=\"twitter:label1\" content=\"Gesch\u00e4tzte Lesezeit\" \/>\n\t<meta name=\"twitter:data1\" content=\"3\u00a0Minuten\" \/>\n<script type=\"application\/ld+json\" class=\"yoast-schema-graph\">{\"@context\":\"https:\/\/schema.org\",\"@graph\":[{\"@type\":\"WebPage\",\"@id\":\"https:\/\/www.esta-officiel-usa.com\/de\/wann-man-einen-esta-antrag-stellen-sollte\/\",\"url\":\"https:\/\/www.esta-officiel-usa.com\/de\/wann-man-einen-esta-antrag-stellen-sollte\/\",\"name\":\"Wann man einen ESTA-Antrag stellen sollte\",\"isPartOf\":{\"@id\":\"https:\/\/www.esta-officiel-usa.com\/de\/#website\"},\"datePublished\":\"2025-09-13T12:00:11+00:00\",\"description\":\"Auch wenn es m\u00f6glich ist, Ihren ESTA-Antrag innerhalb weniger Stunden zu erhalten, k\u00f6nnen Sie sich sicher sein, dass Sie wissen, wann Sie Ihren Antrag stellen m\u00fcssen.\",\"breadcrumb\":{\"@id\":\"https:\/\/www.esta-officiel-usa.com\/de\/wann-man-einen-esta-antrag-stellen-sollte\/#breadcrumb\"},\"inLanguage\":\"de\",\"potentialAction\":[{\"@type\":\"ReadAction\",\"target\":[\"https:\/\/www.esta-officiel-usa.com\/de\/wann-man-einen-esta-antrag-stellen-sollte\/\"]}]},{\"@type\":\"BreadcrumbList\",\"@id\":\"https:\/\/www.esta-officiel-usa.com\/de\/wann-man-einen-esta-antrag-stellen-sollte\/#breadcrumb\",\"itemListElement\":[{\"@type\":\"ListItem\",\"position\":1,\"name\":\"Home\",\"item\":\"https:\/\/www.esta-officiel-usa.com\/de\/\"},{\"@type\":\"ListItem\",\"position\":2,\"name\":\"Wann man einen ESTA-Antrag stellen sollte\"}]},{\"@type\":\"WebSite\",\"@id\":\"https:\/\/www.esta-officiel-usa.com\/de\/#website\",\"url\":\"https:\/\/www.esta-officiel-usa.com\/de\/\",\"name\":\"ESTA - Vereinigte Staaten\",\"description\":\"ESTA-Antragsformular\",\"potentialAction\":[{\"@type\":\"SearchAction\",\"target\":{\"@type\":\"EntryPoint\",\"urlTemplate\":\"https:\/\/www.esta-officiel-usa.com\/de\/?s={search_term_string}\"},\"query-input\":{\"@type\":\"PropertyValueSpecification\",\"valueRequired\":true,\"valueName\":\"search_term_string\"}}],\"inLanguage\":\"de\"}]}<\/script>\n<!-- \/ Yoast SEO plugin. -->","yoast_head_json":{"title":"Wann man einen ESTA-Antrag stellen sollte","description":"Auch wenn es m\u00f6glich ist, Ihren ESTA-Antrag innerhalb weniger Stunden zu erhalten, k\u00f6nnen Sie sich sicher sein, dass Sie wissen, wann Sie Ihren Antrag stellen m\u00fcssen.","robots":{"index":"index","follow":"follow","max-snippet":"max-snippet:-1","max-image-preview":"max-image-preview:large","max-video-preview":"max-video-preview:-1"},"canonical":"https:\/\/www.esta-officiel-usa.com\/de\/wann-man-einen-esta-antrag-stellen-sollte\/","og_locale":"de_DE","og_type":"article","og_title":"Wann man einen ESTA-Antrag stellen sollte","og_description":"Auch wenn es m\u00f6glich ist, Ihren ESTA-Antrag innerhalb weniger Stunden zu erhalten, k\u00f6nnen Sie sich sicher sein, dass Sie wissen, wann Sie Ihren Antrag stellen m\u00fcssen.","og_url":"https:\/\/www.esta-officiel-usa.com\/de\/wann-man-einen-esta-antrag-stellen-sollte\/","og_site_name":"ESTA - Vereinigte Staaten","twitter_card":"summary_large_image","twitter_misc":{"Gesch\u00e4tzte Lesezeit":"3\u00a0Minuten"},"schema":{"@context":"https:\/\/schema.org","@graph":[{"@type":"WebPage","@id":"https:\/\/www.esta-officiel-usa.com\/de\/wann-man-einen-esta-antrag-stellen-sollte\/","url":"https:\/\/www.esta-officiel-usa.com\/de\/wann-man-einen-esta-antrag-stellen-sollte\/","name":"Wann man einen ESTA-Antrag stellen sollte","isPartOf":{"@id":"https:\/\/www.esta-officiel-usa.com\/de\/#website"},"datePublished":"2025-09-13T12:00:11+00:00","description":"Auch wenn es m\u00f6glich ist, Ihren ESTA-Antrag innerhalb weniger Stunden zu erhalten, k\u00f6nnen Sie sich sicher sein, dass Sie wissen, wann Sie Ihren Antrag stellen m\u00fcssen.","breadcrumb":{"@id":"https:\/\/www.esta-officiel-usa.com\/de\/wann-man-einen-esta-antrag-stellen-sollte\/#breadcrumb"},"inLanguage":"de","potentialAction":[{"@type":"ReadAction","target":["https:\/\/www.esta-officiel-usa.com\/de\/wann-man-einen-esta-antrag-stellen-sollte\/"]}]},{"@type":"BreadcrumbList","@id":"https:\/\/www.esta-officiel-usa.com\/de\/wann-man-einen-esta-antrag-stellen-sollte\/#breadcrumb","itemListElement":[{"@type":"ListItem","position":1,"name":"Home","item":"https:\/\/www.esta-officiel-usa.com\/de\/"},{"@type":"ListItem","position":2,"name":"Wann man einen ESTA-Antrag stellen sollte"}]},{"@type":"WebSite","@id":"https:\/\/www.esta-officiel-usa.com\/de\/#website","url":"https:\/\/www.esta-officiel-usa.com\/de\/","name":"ESTA - Vereinigte Staaten","description":"ESTA-Antragsformular","potentialAction":[{"@type":"SearchAction","target":{"@type":"EntryPoint","urlTemplate":"https:\/\/www.esta-officiel-usa.com\/de\/?s={search_term_string}"},"query-input":{"@type":"PropertyValueSpecification","valueRequired":true,"valueName":"search_term_string"}}],"inLanguage":"de"}]}},"_links":{"self":[{"href":"https:\/\/www.esta-officiel-usa.com\/de\/wp-json\/wp\/v2\/pages\/1079","targetHints":{"allow":["GET"]}}],"collection":[{"href":"https:\/\/www.esta-officiel-usa.com\/de\/wp-json\/wp\/v2\/pages"}],"about":[{"href":"https:\/\/www.esta-officiel-usa.com\/de\/wp-json\/wp\/v2\/types\/page"}],"author":[{"embeddable":true,"href":"https:\/\/www.esta-officiel-usa.com\/de\/wp-json\/wp\/v2\/users\/1"}],"replies":[{"embeddable":true,"href":"https:\/\/www.esta-officiel-usa.com\/de\/wp-json\/wp\/v2\/comments?post=1079"}],"version-history":[{"count":1,"href":"https:\/\/www.esta-officiel-usa.com\/de\/wp-json\/wp\/v2\/pages\/1079\/revisions"}],"predecessor-version":[{"id":1080,"href":"https:\/\/www.esta-officiel-usa.com\/de\/wp-json\/wp\/v2\/pages\/1079\/revisions\/1080"}],"wp:attachment":[{"href":"https:\/\/www.esta-officiel-usa.com\/de\/wp-json\/wp\/v2\/media?parent=1079"}],"curies":[{"name":"wp","href":"https:\/\/api.w.org\/{rel}","templated":true}]}}