{"id":1081,"date":"2025-09-13T12:00:16","date_gmt":"2025-09-13T12:00:16","guid":{"rendered":"https:\/\/www.esta-officiel-usa.com\/erhalt-des-esta-zertifikats\/"},"modified":"2025-09-13T12:00:16","modified_gmt":"2025-09-13T12:00:16","slug":"erhalt-des-esta-zertifikats","status":"publish","type":"page","link":"https:\/\/www.esta-officiel-usa.com\/de\/erhalt-des-esta-zertifikats\/","title":{"rendered":"Erhalt des ESTA-Zertifikats"},"content":{"rendered":"\n<h1 class=\"wp-block-heading\">DIE VORTEILE DES ESTA-ZERTIFIKATS<\/h1>\n\n<p>Wenn Sie aus touristischen oder gesch\u00e4ftlichen Gr\u00fcnden in die USA reisen m\u00f6chten, dann ist das <a href=\"https:\/\/www.esta-officiel-usa.com\/de\/\">ESTA-Zertifikat<\/a> genau das Richtige f\u00fcr Sie. Das ESTA-Zertifikat erm\u00f6glicht es Touristen und Gesch\u00e4ftsreisenden, in die USA einzureisen, ohne vorher ein US-Visum beantragen zu m\u00fcssen. ESTA ist Teil des Visa Waiver Program und erleichtert die Einreise in die USA und erh\u00f6ht die Sicherheit des Landes. Wie funktioniert diese besondere Reisegenehmigung? Die Antwort finden Sie in diesem Artikel.    <\/p>\n\n<h2 class=\"wp-block-heading\">WELCHEN NUTZEN HAT DAS ESTA-ZERTIFIKAT?<\/h2>\n\n<p>Seit 2009 m\u00fcssen alle Reisenden (Erwachsene und Kinder), die per Flugzeug oder Schiff in die USA reisen m\u00f6chten, ein ESTA-Zertifikat (Electronic System for Travel Authorization) besitzen, um die Sicherheitskontrollen der Vereinigten Staaten zu versch\u00e4rfen. Diese Reisegenehmigung wurde im Rahmen einer internationalen Zusammenarbeit geschaffen und ist nun Teil der Reiseformalit\u00e4ten <a href=\"https:\/\/www.esta-officiel-usa.com\/fr\/les-demarches-pour-visiter-les-etats-unis\/\">f\u00fcr die USA<\/a>. <\/p>\n\n<p>Die Teilnehmerl\u00e4nder des VWP sind :<\/p>\n\n<p>Andorra, Australien, Belgien, Brunei, D\u00e4nemark, Deutschland, Estland, Finnland, Frankreich, Griechenland, Irland, Island, Italien, Japan, Lettland, Liechtenstein, Litauen, Luxemburg, Monaco, Neuseeland, Niederlande, Norwegen, \u00d6sterreich, Portugal, Republik Malta, San Marino, Singapur, Slowakei, Slowenien, Spanien, S\u00fcdkorea, Schweden, Schweiz, Tschechische Republik, Ungarn, Vereinigtes K\u00f6nigreich.<\/p>\n\n<p>Inhaber eines Reisepasses, der von den oben aufgef\u00fchrten L\u00e4ndern ausgestellt wurde, sind berechtigt, einen Antrag auf ESTA zu stellen. Der ESTA-Antrag erfordert die Beantwortung einer Reihe von Fragen wie: Vor- und Nachnamen, Aliasnamen, Geburtsort, Reisepassinformationen, Kontaktdaten des Reisenden, Vor- und Nachnamen der Eltern, Kontaktpersonen f\u00fcr Notf\u00e4lle und die Adresse in den USA. <\/p>\n\n<p>Wenn der Antrag angenommen wird, erlaubt die zweij\u00e4hrige <a href=\"https:\/\/www.esta-officiel-usa.com\/fr\/la-duree-de-validite-de-lesta\/\">G\u00fcltigkeitsdauer des ESTA<\/a> den Reisenden, regelm\u00e4\u00dfige Reisen zu unternehmen (maximal 90 Tage pro Aufenthalt).<\/p>\n\n<h2 class=\"wp-block-heading\">WIE ERHALTEN SIE EIN ESTA-ZERTIFIKAT?<\/h2>\n\n<p>Das ESTA-Zertifikat kann nur \u00fcber das Internet beantragt werden, \u00fcber die offizielle Website der US-Zollbeh\u00f6rde oder \u00fcber Plattformen, die auf Reisen in die USA spezialisiert sind. Angesichts der weltweit bestehenden Terrorgefahr empfehlen wir unseren Lesern, die Kriterien f\u00fcr die Beantragung des ESTA-Zertifikats genau zu befolgen, da sie sonst nicht <a href=\"https:\/\/www.esta-officiel-usa.com\/fr\/obtenir-un-esta-conditions-dadmission\/\">zugelassen<\/a> werden k\u00f6nnen: <\/p>\n\n<ul class=\"wp-block-list\"><li>Staatsangeh\u00f6riger eines am VWP teilnehmenden Landes sein, aber nicht aus dem Irak, Iran, Syrien oder Sudan stammen (doppelte Staatsb\u00fcrgerschaft);<\/li><li>einen elektronischen oder biometrischen Reisepass besitzen;<\/li><li>einen Aufenthalt von nicht mehr als <a href=\"https:\/\/www.esta-officiel-usa.com\/fr\/esta-usa-pour-90-jours\/\">90 aufeinander folgenden Tagen<\/a> planen;<\/li><li>die Dienste einer von der US-Regierung anerkannten Flug- oder Schifffahrtsgesellschaft in Anspruch nehmen;<\/li><li>keine Vorstrafen in den USA, keine ansteckenden Krankheiten oder psychischen St\u00f6rungen, kein Besuch in einem der L\u00e4nder, die von den US-Beh\u00f6rden als unvereinbar eingestuft wurden;<\/li><li>Sie d\u00fcrfen nicht vor kurzem bei der Beantragung eines Visums abgelehnt worden sein.<\/li><\/ul>\n\n<p>Im Allgemeinen empfehlen wir Reisenden, das ESTA-Zertifikat mindestens 72 Stunden vor der Abreise zu beantragen. Wenn der Antrag dringend ist, kann Ihnen esta-official-usa.com dabei helfen, <a href=\"https:\/\/www.esta-officiel-usa.com\/de\/das-esta-formular-online-ausfuellen\/\">das ESTA-Formular online auszuf\u00fcllen<\/a> und ein ESTA-Zertifikat in k\u00fcrzester Zeit zu erhalten. Es bietet den Vorteil eines umfassenden Service in deutscher Sprache, einschlie\u00dflich eines Online-Supports, der an 6 Tagen in der Woche zur Verf\u00fcgung steht, um alle Ihre Fragen zu beantworten.  <\/p>\n","protected":false},"excerpt":{"rendered":"<p>DIE VORTEILE DES ESTA-ZERTIFIKATS Wenn Sie aus touristischen oder gesch\u00e4ftlichen Gr\u00fcnden in die USA reisen m\u00f6chten, dann ist das ESTA-Zertifikat genau das Richtige f\u00fcr Sie. Das ESTA-Zertifikat erm\u00f6glicht es Touristen und Gesch\u00e4ftsreisenden, in die USA einzureisen, ohne vorher ein US-Visum beantragen zu m\u00fcssen. ESTA ist Teil des Visa Waiver Program und erleichtert die Einreise in [&hellip;]<\/p>\n","protected":false},"author":1,"featured_media":0,"parent":0,"menu_order":0,"comment_status":"closed","ping_status":"closed","template":"","meta":{"footnotes":""},"class_list":["post-1081","page","type-page","status-publish","hentry"],"yoast_head":"<!-- This site is optimized with the Yoast SEO plugin v26.2 - https:\/\/yoast.com\/wordpress\/plugins\/seo\/ -->\n<title>Erhalt des ESTA-Zertifikats<\/title>\n<meta name=\"description\" content=\"Alle nicht-amerikanischen Reisenden, die in die USA reisen m\u00f6chten, ben\u00f6tigen eine Reisegenehmigung. Hier erfahren Sie, wie Sie Ihr ESTA beantragen k\u00f6nnen.\" \/>\n<meta name=\"robots\" content=\"index, follow, max-snippet:-1, max-image-preview:large, max-video-preview:-1\" \/>\n<link rel=\"canonical\" href=\"https:\/\/www.esta-officiel-usa.com\/de\/erhalt-des-esta-zertifikats\/\" \/>\n<meta property=\"og:locale\" content=\"de_DE\" \/>\n<meta property=\"og:type\" content=\"article\" \/>\n<meta property=\"og:title\" content=\"Erhalt des ESTA-Zertifikats\" \/>\n<meta property=\"og:description\" content=\"Alle nicht-amerikanischen Reisenden, die in die USA reisen m\u00f6chten, ben\u00f6tigen eine Reisegenehmigung. Hier erfahren Sie, wie Sie Ihr ESTA beantragen k\u00f6nnen.\" \/>\n<meta property=\"og:url\" content=\"https:\/\/www.esta-officiel-usa.com\/de\/erhalt-des-esta-zertifikats\/\" \/>\n<meta property=\"og:site_name\" content=\"ESTA - Vereinigte Staaten\" \/>\n<meta name=\"twitter:card\" content=\"summary_large_image\" \/>\n<meta name=\"twitter:label1\" content=\"Gesch\u00e4tzte Lesezeit\" \/>\n\t<meta name=\"twitter:data1\" content=\"2\u00a0Minuten\" \/>\n<script type=\"application\/ld+json\" class=\"yoast-schema-graph\">{\"@context\":\"https:\/\/schema.org\",\"@graph\":[{\"@type\":\"WebPage\",\"@id\":\"https:\/\/www.esta-officiel-usa.com\/de\/erhalt-des-esta-zertifikats\/\",\"url\":\"https:\/\/www.esta-officiel-usa.com\/de\/erhalt-des-esta-zertifikats\/\",\"name\":\"Erhalt des ESTA-Zertifikats\",\"isPartOf\":{\"@id\":\"https:\/\/www.esta-officiel-usa.com\/de\/#website\"},\"datePublished\":\"2025-09-13T12:00:16+00:00\",\"description\":\"Alle nicht-amerikanischen Reisenden, die in die USA reisen m\u00f6chten, ben\u00f6tigen eine Reisegenehmigung. Hier erfahren Sie, wie Sie Ihr ESTA beantragen k\u00f6nnen.\",\"breadcrumb\":{\"@id\":\"https:\/\/www.esta-officiel-usa.com\/de\/erhalt-des-esta-zertifikats\/#breadcrumb\"},\"inLanguage\":\"de\",\"potentialAction\":[{\"@type\":\"ReadAction\",\"target\":[\"https:\/\/www.esta-officiel-usa.com\/de\/erhalt-des-esta-zertifikats\/\"]}]},{\"@type\":\"BreadcrumbList\",\"@id\":\"https:\/\/www.esta-officiel-usa.com\/de\/erhalt-des-esta-zertifikats\/#breadcrumb\",\"itemListElement\":[{\"@type\":\"ListItem\",\"position\":1,\"name\":\"Home\",\"item\":\"https:\/\/www.esta-officiel-usa.com\/de\/\"},{\"@type\":\"ListItem\",\"position\":2,\"name\":\"Erhalt des ESTA-Zertifikats\"}]},{\"@type\":\"WebSite\",\"@id\":\"https:\/\/www.esta-officiel-usa.com\/de\/#website\",\"url\":\"https:\/\/www.esta-officiel-usa.com\/de\/\",\"name\":\"ESTA - Vereinigte Staaten\",\"description\":\"ESTA-Antragsformular\",\"potentialAction\":[{\"@type\":\"SearchAction\",\"target\":{\"@type\":\"EntryPoint\",\"urlTemplate\":\"https:\/\/www.esta-officiel-usa.com\/de\/?s={search_term_string}\"},\"query-input\":{\"@type\":\"PropertyValueSpecification\",\"valueRequired\":true,\"valueName\":\"search_term_string\"}}],\"inLanguage\":\"de\"}]}<\/script>\n<!-- \/ Yoast SEO plugin. -->","yoast_head_json":{"title":"Erhalt des ESTA-Zertifikats","description":"Alle nicht-amerikanischen Reisenden, die in die USA reisen m\u00f6chten, ben\u00f6tigen eine Reisegenehmigung. Hier erfahren Sie, wie Sie Ihr ESTA beantragen k\u00f6nnen.","robots":{"index":"index","follow":"follow","max-snippet":"max-snippet:-1","max-image-preview":"max-image-preview:large","max-video-preview":"max-video-preview:-1"},"canonical":"https:\/\/www.esta-officiel-usa.com\/de\/erhalt-des-esta-zertifikats\/","og_locale":"de_DE","og_type":"article","og_title":"Erhalt des ESTA-Zertifikats","og_description":"Alle nicht-amerikanischen Reisenden, die in die USA reisen m\u00f6chten, ben\u00f6tigen eine Reisegenehmigung. Hier erfahren Sie, wie Sie Ihr ESTA beantragen k\u00f6nnen.","og_url":"https:\/\/www.esta-officiel-usa.com\/de\/erhalt-des-esta-zertifikats\/","og_site_name":"ESTA - Vereinigte Staaten","twitter_card":"summary_large_image","twitter_misc":{"Gesch\u00e4tzte Lesezeit":"2\u00a0Minuten"},"schema":{"@context":"https:\/\/schema.org","@graph":[{"@type":"WebPage","@id":"https:\/\/www.esta-officiel-usa.com\/de\/erhalt-des-esta-zertifikats\/","url":"https:\/\/www.esta-officiel-usa.com\/de\/erhalt-des-esta-zertifikats\/","name":"Erhalt des ESTA-Zertifikats","isPartOf":{"@id":"https:\/\/www.esta-officiel-usa.com\/de\/#website"},"datePublished":"2025-09-13T12:00:16+00:00","description":"Alle nicht-amerikanischen Reisenden, die in die USA reisen m\u00f6chten, ben\u00f6tigen eine Reisegenehmigung. Hier erfahren Sie, wie Sie Ihr ESTA beantragen k\u00f6nnen.","breadcrumb":{"@id":"https:\/\/www.esta-officiel-usa.com\/de\/erhalt-des-esta-zertifikats\/#breadcrumb"},"inLanguage":"de","potentialAction":[{"@type":"ReadAction","target":["https:\/\/www.esta-officiel-usa.com\/de\/erhalt-des-esta-zertifikats\/"]}]},{"@type":"BreadcrumbList","@id":"https:\/\/www.esta-officiel-usa.com\/de\/erhalt-des-esta-zertifikats\/#breadcrumb","itemListElement":[{"@type":"ListItem","position":1,"name":"Home","item":"https:\/\/www.esta-officiel-usa.com\/de\/"},{"@type":"ListItem","position":2,"name":"Erhalt des ESTA-Zertifikats"}]},{"@type":"WebSite","@id":"https:\/\/www.esta-officiel-usa.com\/de\/#website","url":"https:\/\/www.esta-officiel-usa.com\/de\/","name":"ESTA - Vereinigte Staaten","description":"ESTA-Antragsformular","potentialAction":[{"@type":"SearchAction","target":{"@type":"EntryPoint","urlTemplate":"https:\/\/www.esta-officiel-usa.com\/de\/?s={search_term_string}"},"query-input":{"@type":"PropertyValueSpecification","valueRequired":true,"valueName":"search_term_string"}}],"inLanguage":"de"}]}},"_links":{"self":[{"href":"https:\/\/www.esta-officiel-usa.com\/de\/wp-json\/wp\/v2\/pages\/1081","targetHints":{"allow":["GET"]}}],"collection":[{"href":"https:\/\/www.esta-officiel-usa.com\/de\/wp-json\/wp\/v2\/pages"}],"about":[{"href":"https:\/\/www.esta-officiel-usa.com\/de\/wp-json\/wp\/v2\/types\/page"}],"author":[{"embeddable":true,"href":"https:\/\/www.esta-officiel-usa.com\/de\/wp-json\/wp\/v2\/users\/1"}],"replies":[{"embeddable":true,"href":"https:\/\/www.esta-officiel-usa.com\/de\/wp-json\/wp\/v2\/comments?post=1081"}],"version-history":[{"count":1,"href":"https:\/\/www.esta-officiel-usa.com\/de\/wp-json\/wp\/v2\/pages\/1081\/revisions"}],"predecessor-version":[{"id":1082,"href":"https:\/\/www.esta-officiel-usa.com\/de\/wp-json\/wp\/v2\/pages\/1081\/revisions\/1082"}],"wp:attachment":[{"href":"https:\/\/www.esta-officiel-usa.com\/de\/wp-json\/wp\/v2\/media?parent=1081"}],"curies":[{"name":"wp","href":"https:\/\/api.w.org\/{rel}","templated":true}]}}