{"id":1083,"date":"2025-09-13T12:00:20","date_gmt":"2025-09-13T12:00:20","guid":{"rendered":"https:\/\/www.esta-officiel-usa.com\/der-obligatorische-esta-antrag-fuer-die-usa-im-internet\/"},"modified":"2025-09-13T12:00:21","modified_gmt":"2025-09-13T12:00:21","slug":"der-obligatorische-esta-antrag-fuer-die-usa-im-internet","status":"publish","type":"page","link":"https:\/\/www.esta-officiel-usa.com\/de\/der-obligatorische-esta-antrag-fuer-die-usa-im-internet\/","title":{"rendered":"Der obligatorische ESTA-Antrag f\u00fcr die USA im Internet"},"content":{"rendered":"\n<h1 class=\"wp-block-heading\">REISEN MIT DEM OBLIGATORISCHEN ESTA-FORMULAR<\/h1>\n\n<p>Jeder Nicht-US-B\u00fcrger ben\u00f6tigt eine Aufenthaltsgenehmigung, z.B.<a href=\"https:\/\/www.esta-officiel-usa.com\/de\/\">ESTA<\/a>, um in die USA reisen zu k\u00f6nnen. In diesem Artikel erfahren Sie, wie Sie eine solche Genehmigung kosteng\u00fcnstig erhalten k\u00f6nnen. <\/p>\n\n<h2 class=\"wp-block-heading\">ESTA, OBLIGATORISCH ODER NICHT?<\/h2>\n\n<p>Derzeit gibt es drei Arten von Genehmigungen, die es franz\u00f6sischen Staatsb\u00fcrgern erm\u00f6glichen, in die USA zu reisen. Jede dieser Genehmigungen hat Vorteile, aber auch einige Nachteile. <\/p>\n\n<figure class=\"wp-block-table\"><table class=\"\"><tbody><tr><td>ART DER GENEHMIGUNG<\/td><td>VORTEILE<\/td><td>INKONVENTIONEN<\/td><\/tr><tr><td><a href=\"https:\/\/www.esta-officiel-usa.com\/fr\/quest-ce-que-la-green-card\/\">Green card<\/a><\/td><td>Langfristiger Aufenthalt M\u00f6glichkeit, in den USA zu arbeiten<\/td><td>sehr schwer zu bekommensehr lange Wartezeit bis zum Erhalt teure Kosten<\/td><\/tr><tr><td>Visa<\/td><td>mittelfristiger Aufenthalt M\u00f6glichkeit, je nach Form in den USA zu arbeiten<\/td><td>ziemlich schwer zu bekommen ziemlich lange Zeit bis zum Erhalt teure Kosten<\/td><\/tr><tr><td>ESTA<\/td><td>einfach zu erhaltenkurzfristig zu erhaltengeringe Kosten<\/td><td>erlaubt nicht, eine Stelle in den USA anzutretenAufenthaltsdauer auf 90 Tage begrenzt<\/td><\/tr><\/tbody><\/table><\/figure>\n\n<p>Die Tabelle zeigt, dass das ESTA die meisten Vorteile und die wenigsten Nachteile hat.<\/p>\n\n<p>ESTA ist die ideale L\u00f6sung f\u00fcr Personen, die aus touristischen oder beruflichen Gr\u00fcnden bis zu 90 aufeinanderfolgende Tage in den USA bleiben m\u00f6chten. Obwohl das obligatorische ESTA nicht zur Aufnahme einer Arbeit in den USA berechtigt, bietet es die M\u00f6glichkeit, in die USA zu reisen, um an Sitzungen oder Konferenzen teilzunehmen, eine kurze, unbezahlte Ausbildung zu absolvieren usw.. <\/p>\n\n<p>ESTA steht f\u00fcr &#8222;Electric System for Travel Authorization&#8220; und wurde geschaffen, um die Ausreise von Nicht-US-B\u00fcrgern in die USA zu vereinfachen. ESTA wurde als Teil des <a href=\"https:\/\/www.esta-officiel-usa.com\/fr\/a-propos-du-visa-waiver-program\/\">Visa Waiver Program<\/a> entwickelt und wird derzeit von 38 L\u00e4ndern in Anspruch genommen. <\/p>\n\n<p>Seitdem nutzen jedes Jahr Millionen von Reisenden diese M\u00f6glichkeit der vereinfachten Autorisierung. Wenn auch Sie Ihre Genehmigung erhalten m\u00f6chten, hilft Ihnen esta-officiel-usa.com dabei. <\/p>\n\n<h2 class=\"wp-block-heading\">DAS OBLIGATORISCHE ESTA-FORMULAR BEANTRAGEN<\/h2>\n\n<p>esta-official-usa.com ist ein privater Anbieter, der Reisende bei der Beantragung von Aufenthaltsgenehmigungen f\u00fcr die USA unterst\u00fctzt.<\/p>\n\n<p>Wenn Sie auf unsere Plattform klicken, gelangen Sie zu einem obligatorischen ESTA-Fragebogen, der in franz\u00f6sischer Sprache verfasst ist. Sobald Sie das Formular ausgef\u00fcllt haben, \u00fcbernimmt unser Team die Arbeit! Wir \u00fcberpr\u00fcfen Ihre Antworten einzeln, um das Risiko von Fehlern zu minimieren. Dieser Schritt ist wichtig, da jeder Fehler beim Ausf\u00fcllen des Formulars dazu f\u00fchren kann, dass die Genehmigung verweigert wird. Anschlie\u00dfend senden wir Ihren Fragebogen an die <a href=\"https:\/\/www.esta-officiel-usa.com\/fr\/le-departement-de-la-securite-interieure-americain\/\">US-Beh\u00f6rde f\u00fcr Innere Sicherheit<\/a>, da nur diese Beh\u00f6rde derzeit berechtigt ist, Aufenthaltsgenehmigungen zu erteilen. Sie erhalten Ihr Dokument innerhalb von 72 Stunden direkt in Ihre Mailbox, in der Regel noch am selben Tag. Sobald Sie das Dokument erhalten haben, k\u00f6nnen Sie es im PDF-Format herunterladen und gegebenenfalls ausdrucken.      <\/p>\n\n<p>Mit der Genehmigung in der Tasche sind Sie nun bereit, die <a href=\"https:\/\/www.esta-officiel-usa.com\/fr\/les-demarches-pour-visiter-les-etats-unis\/\">anderen Schritte f\u00fcr einen Besuch in den USA<\/a> zu unternehmen (Unterk\u00fcnfte, Besichtigungen, Ausfl\u00fcge, Reisen&#8230;).<br\/><br\/><\/p>\n","protected":false},"excerpt":{"rendered":"<p>REISEN MIT DEM OBLIGATORISCHEN ESTA-FORMULAR Jeder Nicht-US-B\u00fcrger ben\u00f6tigt eine Aufenthaltsgenehmigung, z.B.ESTA, um in die USA reisen zu k\u00f6nnen. In diesem Artikel erfahren Sie, wie Sie eine solche Genehmigung kosteng\u00fcnstig erhalten k\u00f6nnen. ESTA, OBLIGATORISCH ODER NICHT? Derzeit gibt es drei Arten von Genehmigungen, die es franz\u00f6sischen Staatsb\u00fcrgern erm\u00f6glichen, in die USA zu reisen. Jede dieser Genehmigungen [&hellip;]<\/p>\n","protected":false},"author":1,"featured_media":0,"parent":0,"menu_order":0,"comment_status":"closed","ping_status":"closed","template":"","meta":{"footnotes":""},"class_list":["post-1083","page","type-page","status-publish","hentry"],"yoast_head":"<!-- This site is optimized with the Yoast SEO plugin v26.2 - https:\/\/yoast.com\/wordpress\/plugins\/seo\/ -->\n<title>Der obligatorische ESTA-Antrag f\u00fcr die USA im Internet<\/title>\n<meta name=\"description\" content=\"Alle nicht-amerikanischen B\u00fcrger ben\u00f6tigen eine Einreisegenehmigung f\u00fcr die Vereinigten Staaten.\" \/>\n<meta name=\"robots\" content=\"index, follow, max-snippet:-1, max-image-preview:large, max-video-preview:-1\" \/>\n<link rel=\"canonical\" href=\"https:\/\/www.esta-officiel-usa.com\/de\/der-obligatorische-esta-antrag-fuer-die-usa-im-internet\/\" \/>\n<meta property=\"og:locale\" content=\"de_DE\" \/>\n<meta property=\"og:type\" content=\"article\" \/>\n<meta property=\"og:title\" content=\"Der obligatorische ESTA-Antrag f\u00fcr die USA im Internet\" \/>\n<meta property=\"og:description\" content=\"Alle nicht-amerikanischen B\u00fcrger ben\u00f6tigen eine Einreisegenehmigung f\u00fcr die Vereinigten Staaten.\" \/>\n<meta property=\"og:url\" content=\"https:\/\/www.esta-officiel-usa.com\/de\/der-obligatorische-esta-antrag-fuer-die-usa-im-internet\/\" \/>\n<meta property=\"og:site_name\" content=\"ESTA - Vereinigte Staaten\" \/>\n<meta property=\"article:modified_time\" content=\"2025-09-13T12:00:21+00:00\" \/>\n<meta name=\"twitter:card\" content=\"summary_large_image\" \/>\n<meta name=\"twitter:label1\" content=\"Gesch\u00e4tzte Lesezeit\" \/>\n\t<meta name=\"twitter:data1\" content=\"2\u00a0Minuten\" \/>\n<script type=\"application\/ld+json\" class=\"yoast-schema-graph\">{\"@context\":\"https:\/\/schema.org\",\"@graph\":[{\"@type\":\"WebPage\",\"@id\":\"https:\/\/www.esta-officiel-usa.com\/de\/der-obligatorische-esta-antrag-fuer-die-usa-im-internet\/\",\"url\":\"https:\/\/www.esta-officiel-usa.com\/de\/der-obligatorische-esta-antrag-fuer-die-usa-im-internet\/\",\"name\":\"Der obligatorische ESTA-Antrag f\u00fcr die USA im Internet\",\"isPartOf\":{\"@id\":\"https:\/\/www.esta-officiel-usa.com\/de\/#website\"},\"datePublished\":\"2025-09-13T12:00:20+00:00\",\"dateModified\":\"2025-09-13T12:00:21+00:00\",\"description\":\"Alle nicht-amerikanischen B\u00fcrger ben\u00f6tigen eine Einreisegenehmigung f\u00fcr die Vereinigten Staaten.\",\"breadcrumb\":{\"@id\":\"https:\/\/www.esta-officiel-usa.com\/de\/der-obligatorische-esta-antrag-fuer-die-usa-im-internet\/#breadcrumb\"},\"inLanguage\":\"de\",\"potentialAction\":[{\"@type\":\"ReadAction\",\"target\":[\"https:\/\/www.esta-officiel-usa.com\/de\/der-obligatorische-esta-antrag-fuer-die-usa-im-internet\/\"]}]},{\"@type\":\"BreadcrumbList\",\"@id\":\"https:\/\/www.esta-officiel-usa.com\/de\/der-obligatorische-esta-antrag-fuer-die-usa-im-internet\/#breadcrumb\",\"itemListElement\":[{\"@type\":\"ListItem\",\"position\":1,\"name\":\"Home\",\"item\":\"https:\/\/www.esta-officiel-usa.com\/de\/\"},{\"@type\":\"ListItem\",\"position\":2,\"name\":\"Der obligatorische ESTA-Antrag f\u00fcr die USA im Internet\"}]},{\"@type\":\"WebSite\",\"@id\":\"https:\/\/www.esta-officiel-usa.com\/de\/#website\",\"url\":\"https:\/\/www.esta-officiel-usa.com\/de\/\",\"name\":\"ESTA - Vereinigte Staaten\",\"description\":\"ESTA-Antragsformular\",\"potentialAction\":[{\"@type\":\"SearchAction\",\"target\":{\"@type\":\"EntryPoint\",\"urlTemplate\":\"https:\/\/www.esta-officiel-usa.com\/de\/?s={search_term_string}\"},\"query-input\":{\"@type\":\"PropertyValueSpecification\",\"valueRequired\":true,\"valueName\":\"search_term_string\"}}],\"inLanguage\":\"de\"}]}<\/script>\n<!-- \/ Yoast SEO plugin. -->","yoast_head_json":{"title":"Der obligatorische ESTA-Antrag f\u00fcr die USA im Internet","description":"Alle nicht-amerikanischen B\u00fcrger ben\u00f6tigen eine Einreisegenehmigung f\u00fcr die Vereinigten Staaten.","robots":{"index":"index","follow":"follow","max-snippet":"max-snippet:-1","max-image-preview":"max-image-preview:large","max-video-preview":"max-video-preview:-1"},"canonical":"https:\/\/www.esta-officiel-usa.com\/de\/der-obligatorische-esta-antrag-fuer-die-usa-im-internet\/","og_locale":"de_DE","og_type":"article","og_title":"Der obligatorische ESTA-Antrag f\u00fcr die USA im Internet","og_description":"Alle nicht-amerikanischen B\u00fcrger ben\u00f6tigen eine Einreisegenehmigung f\u00fcr die Vereinigten Staaten.","og_url":"https:\/\/www.esta-officiel-usa.com\/de\/der-obligatorische-esta-antrag-fuer-die-usa-im-internet\/","og_site_name":"ESTA - Vereinigte Staaten","article_modified_time":"2025-09-13T12:00:21+00:00","twitter_card":"summary_large_image","twitter_misc":{"Gesch\u00e4tzte Lesezeit":"2\u00a0Minuten"},"schema":{"@context":"https:\/\/schema.org","@graph":[{"@type":"WebPage","@id":"https:\/\/www.esta-officiel-usa.com\/de\/der-obligatorische-esta-antrag-fuer-die-usa-im-internet\/","url":"https:\/\/www.esta-officiel-usa.com\/de\/der-obligatorische-esta-antrag-fuer-die-usa-im-internet\/","name":"Der obligatorische ESTA-Antrag f\u00fcr die USA im Internet","isPartOf":{"@id":"https:\/\/www.esta-officiel-usa.com\/de\/#website"},"datePublished":"2025-09-13T12:00:20+00:00","dateModified":"2025-09-13T12:00:21+00:00","description":"Alle nicht-amerikanischen B\u00fcrger ben\u00f6tigen eine Einreisegenehmigung f\u00fcr die Vereinigten Staaten.","breadcrumb":{"@id":"https:\/\/www.esta-officiel-usa.com\/de\/der-obligatorische-esta-antrag-fuer-die-usa-im-internet\/#breadcrumb"},"inLanguage":"de","potentialAction":[{"@type":"ReadAction","target":["https:\/\/www.esta-officiel-usa.com\/de\/der-obligatorische-esta-antrag-fuer-die-usa-im-internet\/"]}]},{"@type":"BreadcrumbList","@id":"https:\/\/www.esta-officiel-usa.com\/de\/der-obligatorische-esta-antrag-fuer-die-usa-im-internet\/#breadcrumb","itemListElement":[{"@type":"ListItem","position":1,"name":"Home","item":"https:\/\/www.esta-officiel-usa.com\/de\/"},{"@type":"ListItem","position":2,"name":"Der obligatorische ESTA-Antrag f\u00fcr die USA im Internet"}]},{"@type":"WebSite","@id":"https:\/\/www.esta-officiel-usa.com\/de\/#website","url":"https:\/\/www.esta-officiel-usa.com\/de\/","name":"ESTA - Vereinigte Staaten","description":"ESTA-Antragsformular","potentialAction":[{"@type":"SearchAction","target":{"@type":"EntryPoint","urlTemplate":"https:\/\/www.esta-officiel-usa.com\/de\/?s={search_term_string}"},"query-input":{"@type":"PropertyValueSpecification","valueRequired":true,"valueName":"search_term_string"}}],"inLanguage":"de"}]}},"_links":{"self":[{"href":"https:\/\/www.esta-officiel-usa.com\/de\/wp-json\/wp\/v2\/pages\/1083","targetHints":{"allow":["GET"]}}],"collection":[{"href":"https:\/\/www.esta-officiel-usa.com\/de\/wp-json\/wp\/v2\/pages"}],"about":[{"href":"https:\/\/www.esta-officiel-usa.com\/de\/wp-json\/wp\/v2\/types\/page"}],"author":[{"embeddable":true,"href":"https:\/\/www.esta-officiel-usa.com\/de\/wp-json\/wp\/v2\/users\/1"}],"replies":[{"embeddable":true,"href":"https:\/\/www.esta-officiel-usa.com\/de\/wp-json\/wp\/v2\/comments?post=1083"}],"version-history":[{"count":3,"href":"https:\/\/www.esta-officiel-usa.com\/de\/wp-json\/wp\/v2\/pages\/1083\/revisions"}],"predecessor-version":[{"id":1086,"href":"https:\/\/www.esta-officiel-usa.com\/de\/wp-json\/wp\/v2\/pages\/1083\/revisions\/1086"}],"wp:attachment":[{"href":"https:\/\/www.esta-officiel-usa.com\/de\/wp-json\/wp\/v2\/media?parent=1083"}],"curies":[{"name":"wp","href":"https:\/\/api.w.org\/{rel}","templated":true}]}}