{"id":1087,"date":"2025-09-13T12:00:22","date_gmt":"2025-09-13T12:00:22","guid":{"rendered":"https:\/\/www.esta-officiel-usa.com\/muss-ich-meinen-esta-antrag-ausdrucken\/"},"modified":"2025-09-13T12:00:22","modified_gmt":"2025-09-13T12:00:22","slug":"muss-ich-meinen-esta-antrag-ausdrucken","status":"publish","type":"page","link":"https:\/\/www.esta-officiel-usa.com\/de\/muss-ich-meinen-esta-antrag-ausdrucken\/","title":{"rendered":"Muss ich meinen ESTA-Antrag ausdrucken?"},"content":{"rendered":"\n<h1 class=\"wp-block-heading\">MUSS DAS ESTA AUSGEDRUCKT WERDEN, UM G\u00dcLTIG ZU SEIN?<\/h1>\n\n<p>Diese Frage wird von vielen gestellt, wenn sie eine <a href=\"https:\/\/www.esta-officiel-usa.com\/de\/\">ESTA-Genehmigung<\/a> f\u00fcr Reisen in die USA erhalten. Das Verfahren wird online durchgef\u00fchrt und das Dokument wird in digitaler Form empfangen. Was ist nun zu tun: Muss das Dokument ausgedruckt werden, um es den Beh\u00f6rden vorzulegen, sobald Sie in den Flieger steigen? Oder kann auf einen schriftlichen Nachweis verzichtet werden? Zur Erinnerung: ESTA kann nur von Staatsangeh\u00f6rigen der L\u00e4nder beantragt werden, die am Programm f\u00fcr visumfreies Reisen (Visa Waiver Program) teilnehmen. Alle anderen, die in die USA reisen wollen, m\u00fcssen ein Visum beantragen, von denen es Dutzende gibt, je nach Grund der Reise.     <\/p>\n\n<h2 class=\"wp-block-heading\">DER AUSDRUCK DES ESTA IST NICHT OBLIGATORISCH<\/h2>\n\n<p>Wenn Sie einen Antrag auf Einreise in die USA \u00fcber ein offizielles ESTA-Formular stellen, werden alle weiteren Schritte computergest\u00fctzt durchgef\u00fchrt: die Verarbeitung der eingegebenen Informationen, die eventuelle Aufforderung zur <a href=\"https:\/\/www.esta-officiel-usa.com\/fr\/autorisation-esta-mise-a-jour\/\">Aktualisierung des ESTA<\/a>, die Versendung der Genehmigung oder Ablehnung, usw. Die US-Beh\u00f6rden k\u00f6nnen sich jederzeit \u00fcber Ihren Status informieren, ohne die Genehmigung auf Papier sehen zu m\u00fcssen. <\/p>\n\n<p>Es ist nicht erforderlich, das ESTA auszudrucken, da es relativ einfach ist, die Genehmigung per Computer abzurufen. Bei der Ankunft in den USA wird Ihr Reisepass kontrolliert und als Identifikationsmerkmal verwendet, damit die Beh\u00f6rden auf Ihre Unterlagen zugreifen und Ihre Aufenthaltsgenehmigung best\u00e4tigen k\u00f6nnen. In diesem Fall brauchen Sie Ihr ESTA nicht vorzulegen.  <\/p>\n\n<p>Anmerkung: Denken Sie daran, dass die ESTA-Ausstellung schnell (weniger als 72 Stunden), aber nicht automatisch erfolgt. Wenn Sie bald abreisen wollen, sollten Sie Ihren Antrag fr\u00fchzeitig stellen, damit Sie nicht in Zeitnot geraten und beim Ausf\u00fcllen der Felder des Online-Formulars unachtsame Fehler machen. <\/p>\n\n<h2 class=\"wp-block-heading\">BEWAHREN SIE VORSICHTSHALBER EINE KOPIE DES DOKUMENTS AUF.<\/h2>\n\n<p>Es kann nicht klug genug sein, sich auf alle Eventualit\u00e4ten vorzubereiten und sich auf pessimistische Annahmen einzustellen. Kein Computersystem ist unfehlbar: Probleme oder Ausf\u00e4lle k\u00f6nnen auftreten, die Ihre <a href=\"https:\/\/www.esta-officiel-usa.com\/fr\/les-formalites-dentree-aux-etats-unis\/\">Einreise in die USA mit dem ESTA<\/a> verz\u00f6gern. Um auf alle Eventualit\u00e4ten vorbereitet zu sein, kann es nicht schaden, Ihr Dokument auszudrucken.  <\/p>\n\n<p>Wenn Sie beispielsweise mit dem Schiff in die USA reisen, ist es nicht sicher, dass die Reederei \u00fcber die entsprechenden elektronischen \u00dcberpr\u00fcfungsm\u00f6glichkeiten verf\u00fcgt. Sie sind also auf der sicheren Seite, wenn Sie ein Papierexemplar Ihres ESTA aufbewahren. <\/p>\n\n<p>Sie k\u00f6nnen nicht nur jederzeit \u00fcberpr\u00fcfen, wie lange Sie noch bleiben k\u00f6nnen, bevor Ihr <a href=\"https:\/\/www.esta-officiel-usa.com\/fr\/la-duree-de-validite-de-lesta\/\">ESTA abl\u00e4uft (zur Erinnerung: Die Genehmigung erlaubt Ihnen, bis zu 90 Tage in die USA zu reisen), sondern sie dient auch als Nachweis f\u00fcr die G\u00fcltigkeit des ESTA <\/a>, wenn Sie innerhalb der 2-Jahresfrist erneut in die USA reisen.<\/p>\n\n<p>Parallel dazu sollten Sie eine Notiz mit Ihrer Referenznummer auf einem Zettel oder auf Ihrem Telefon aufbewahren. Diese Nummer wird Ihnen zusammen mit Ihrem ESTA zugestellt. Sie wird Ihnen helfen, den Kontrollprozess zu beschleunigen, falls es zu einem technischen Defekt der Computerhardware kommen sollte.  <\/p>\n\n<p>Abschlie\u00dfend sei gesagt, dass es Ihnen freisteht, Ihre ESTA-Genehmigung auszudrucken oder nicht.<\/p>\n","protected":false},"excerpt":{"rendered":"<p>MUSS DAS ESTA AUSGEDRUCKT WERDEN, UM G\u00dcLTIG ZU SEIN? Diese Frage wird von vielen gestellt, wenn sie eine ESTA-Genehmigung f\u00fcr Reisen in die USA erhalten. Das Verfahren wird online durchgef\u00fchrt und das Dokument wird in digitaler Form empfangen. Was ist nun zu tun: Muss das Dokument ausgedruckt werden, um es den Beh\u00f6rden vorzulegen, sobald Sie [&hellip;]<\/p>\n","protected":false},"author":1,"featured_media":0,"parent":0,"menu_order":0,"comment_status":"closed","ping_status":"closed","template":"","meta":{"footnotes":""},"class_list":["post-1087","page","type-page","status-publish","hentry"],"yoast_head":"<!-- This site is optimized with the Yoast SEO plugin v26.2 - https:\/\/yoast.com\/wordpress\/plugins\/seo\/ -->\n<title>Muss ich meinen ESTA-Antrag ausdrucken?<\/title>\n<meta name=\"description\" content=\"Sie fragen sich, ob Sie Ihr ESTA ausdrucken m\u00fcssen, unsere Experten antworten Ihnen.\" \/>\n<meta name=\"robots\" content=\"index, follow, max-snippet:-1, max-image-preview:large, max-video-preview:-1\" \/>\n<link rel=\"canonical\" href=\"https:\/\/www.esta-officiel-usa.com\/de\/muss-ich-meinen-esta-antrag-ausdrucken\/\" \/>\n<meta property=\"og:locale\" content=\"de_DE\" \/>\n<meta property=\"og:type\" content=\"article\" \/>\n<meta property=\"og:title\" content=\"Muss ich meinen ESTA-Antrag ausdrucken?\" \/>\n<meta property=\"og:description\" content=\"Sie fragen sich, ob Sie Ihr ESTA ausdrucken m\u00fcssen, unsere Experten antworten Ihnen.\" \/>\n<meta property=\"og:url\" content=\"https:\/\/www.esta-officiel-usa.com\/de\/muss-ich-meinen-esta-antrag-ausdrucken\/\" \/>\n<meta property=\"og:site_name\" content=\"ESTA - Vereinigte Staaten\" \/>\n<meta name=\"twitter:card\" content=\"summary_large_image\" \/>\n<meta name=\"twitter:label1\" content=\"Gesch\u00e4tzte Lesezeit\" \/>\n\t<meta name=\"twitter:data1\" content=\"3\u00a0Minuten\" \/>\n<script type=\"application\/ld+json\" class=\"yoast-schema-graph\">{\"@context\":\"https:\/\/schema.org\",\"@graph\":[{\"@type\":\"WebPage\",\"@id\":\"https:\/\/www.esta-officiel-usa.com\/de\/muss-ich-meinen-esta-antrag-ausdrucken\/\",\"url\":\"https:\/\/www.esta-officiel-usa.com\/de\/muss-ich-meinen-esta-antrag-ausdrucken\/\",\"name\":\"Muss ich meinen ESTA-Antrag ausdrucken?\",\"isPartOf\":{\"@id\":\"https:\/\/www.esta-officiel-usa.com\/de\/#website\"},\"datePublished\":\"2025-09-13T12:00:22+00:00\",\"description\":\"Sie fragen sich, ob Sie Ihr ESTA ausdrucken m\u00fcssen, unsere Experten antworten Ihnen.\",\"breadcrumb\":{\"@id\":\"https:\/\/www.esta-officiel-usa.com\/de\/muss-ich-meinen-esta-antrag-ausdrucken\/#breadcrumb\"},\"inLanguage\":\"de\",\"potentialAction\":[{\"@type\":\"ReadAction\",\"target\":[\"https:\/\/www.esta-officiel-usa.com\/de\/muss-ich-meinen-esta-antrag-ausdrucken\/\"]}]},{\"@type\":\"BreadcrumbList\",\"@id\":\"https:\/\/www.esta-officiel-usa.com\/de\/muss-ich-meinen-esta-antrag-ausdrucken\/#breadcrumb\",\"itemListElement\":[{\"@type\":\"ListItem\",\"position\":1,\"name\":\"Home\",\"item\":\"https:\/\/www.esta-officiel-usa.com\/de\/\"},{\"@type\":\"ListItem\",\"position\":2,\"name\":\"Muss ich meinen ESTA-Antrag ausdrucken?\"}]},{\"@type\":\"WebSite\",\"@id\":\"https:\/\/www.esta-officiel-usa.com\/de\/#website\",\"url\":\"https:\/\/www.esta-officiel-usa.com\/de\/\",\"name\":\"ESTA - Vereinigte Staaten\",\"description\":\"ESTA-Antragsformular\",\"potentialAction\":[{\"@type\":\"SearchAction\",\"target\":{\"@type\":\"EntryPoint\",\"urlTemplate\":\"https:\/\/www.esta-officiel-usa.com\/de\/?s={search_term_string}\"},\"query-input\":{\"@type\":\"PropertyValueSpecification\",\"valueRequired\":true,\"valueName\":\"search_term_string\"}}],\"inLanguage\":\"de\"}]}<\/script>\n<!-- \/ Yoast SEO plugin. -->","yoast_head_json":{"title":"Muss ich meinen ESTA-Antrag ausdrucken?","description":"Sie fragen sich, ob Sie Ihr ESTA ausdrucken m\u00fcssen, unsere Experten antworten Ihnen.","robots":{"index":"index","follow":"follow","max-snippet":"max-snippet:-1","max-image-preview":"max-image-preview:large","max-video-preview":"max-video-preview:-1"},"canonical":"https:\/\/www.esta-officiel-usa.com\/de\/muss-ich-meinen-esta-antrag-ausdrucken\/","og_locale":"de_DE","og_type":"article","og_title":"Muss ich meinen ESTA-Antrag ausdrucken?","og_description":"Sie fragen sich, ob Sie Ihr ESTA ausdrucken m\u00fcssen, unsere Experten antworten Ihnen.","og_url":"https:\/\/www.esta-officiel-usa.com\/de\/muss-ich-meinen-esta-antrag-ausdrucken\/","og_site_name":"ESTA - Vereinigte Staaten","twitter_card":"summary_large_image","twitter_misc":{"Gesch\u00e4tzte Lesezeit":"3\u00a0Minuten"},"schema":{"@context":"https:\/\/schema.org","@graph":[{"@type":"WebPage","@id":"https:\/\/www.esta-officiel-usa.com\/de\/muss-ich-meinen-esta-antrag-ausdrucken\/","url":"https:\/\/www.esta-officiel-usa.com\/de\/muss-ich-meinen-esta-antrag-ausdrucken\/","name":"Muss ich meinen ESTA-Antrag ausdrucken?","isPartOf":{"@id":"https:\/\/www.esta-officiel-usa.com\/de\/#website"},"datePublished":"2025-09-13T12:00:22+00:00","description":"Sie fragen sich, ob Sie Ihr ESTA ausdrucken m\u00fcssen, unsere Experten antworten Ihnen.","breadcrumb":{"@id":"https:\/\/www.esta-officiel-usa.com\/de\/muss-ich-meinen-esta-antrag-ausdrucken\/#breadcrumb"},"inLanguage":"de","potentialAction":[{"@type":"ReadAction","target":["https:\/\/www.esta-officiel-usa.com\/de\/muss-ich-meinen-esta-antrag-ausdrucken\/"]}]},{"@type":"BreadcrumbList","@id":"https:\/\/www.esta-officiel-usa.com\/de\/muss-ich-meinen-esta-antrag-ausdrucken\/#breadcrumb","itemListElement":[{"@type":"ListItem","position":1,"name":"Home","item":"https:\/\/www.esta-officiel-usa.com\/de\/"},{"@type":"ListItem","position":2,"name":"Muss ich meinen ESTA-Antrag ausdrucken?"}]},{"@type":"WebSite","@id":"https:\/\/www.esta-officiel-usa.com\/de\/#website","url":"https:\/\/www.esta-officiel-usa.com\/de\/","name":"ESTA - Vereinigte Staaten","description":"ESTA-Antragsformular","potentialAction":[{"@type":"SearchAction","target":{"@type":"EntryPoint","urlTemplate":"https:\/\/www.esta-officiel-usa.com\/de\/?s={search_term_string}"},"query-input":{"@type":"PropertyValueSpecification","valueRequired":true,"valueName":"search_term_string"}}],"inLanguage":"de"}]}},"_links":{"self":[{"href":"https:\/\/www.esta-officiel-usa.com\/de\/wp-json\/wp\/v2\/pages\/1087","targetHints":{"allow":["GET"]}}],"collection":[{"href":"https:\/\/www.esta-officiel-usa.com\/de\/wp-json\/wp\/v2\/pages"}],"about":[{"href":"https:\/\/www.esta-officiel-usa.com\/de\/wp-json\/wp\/v2\/types\/page"}],"author":[{"embeddable":true,"href":"https:\/\/www.esta-officiel-usa.com\/de\/wp-json\/wp\/v2\/users\/1"}],"replies":[{"embeddable":true,"href":"https:\/\/www.esta-officiel-usa.com\/de\/wp-json\/wp\/v2\/comments?post=1087"}],"version-history":[{"count":1,"href":"https:\/\/www.esta-officiel-usa.com\/de\/wp-json\/wp\/v2\/pages\/1087\/revisions"}],"predecessor-version":[{"id":1088,"href":"https:\/\/www.esta-officiel-usa.com\/de\/wp-json\/wp\/v2\/pages\/1087\/revisions\/1088"}],"wp:attachment":[{"href":"https:\/\/www.esta-officiel-usa.com\/de\/wp-json\/wp\/v2\/media?parent=1087"}],"curies":[{"name":"wp","href":"https:\/\/api.w.org\/{rel}","templated":true}]}}