{"id":1117,"date":"2025-09-13T12:00:56","date_gmt":"2025-09-13T12:00:56","guid":{"rendered":"https:\/\/www.esta-officiel-usa.com\/esta-formular-online-beantragen\/"},"modified":"2025-09-13T12:00:56","modified_gmt":"2025-09-13T12:00:56","slug":"esta-formular-online-beantragen","status":"publish","type":"page","link":"https:\/\/www.esta-officiel-usa.com\/de\/esta-formular-online-beantragen\/","title":{"rendered":"ESTA-Formular online beantragen"},"content":{"rendered":"\n<h1 class=\"wp-block-heading\">ONLINE-ESTA MACHEN<\/h1>\n\n<p>Um in die Vereinigten Staaten zu reisen, ben\u00f6tigen Sie eine Aufenthaltsgenehmigung. Das Online-ESTA ist das einfachste und <a href=\"https:\/\/www.esta-officiel-usa.com\/fr\/la-veritable-utilite-de-lesta\/\">n\u00fctzlichste<\/a> Dokument, das Sie erhalten k\u00f6nnen. Unser Team erkl\u00e4rt Ihnen, wie Sie es erhalten k\u00f6nnen.  <\/p>\n\n<h2 class=\"wp-block-heading\">ESTA ONLINE USA<\/h2>\n\n<p>Die US-Beh\u00f6rden sind um die Sicherheit ihres Landes bem\u00fcht und filtern die Einreise in ihr Hoheitsgebiet. Jeder Nicht-US-B\u00fcrger muss <a href=\"https:\/\/www.esta-officiel-usa.com\/fr\/les-formalites-dentree-aux-etats-unis\/\">vor der Abreise in die USA einige Formalit\u00e4ten<\/a> erledigen, wie z.B. einen g\u00fcltigen Reisepass und ein aktuelles Einreisedokument. <\/p>\n\n<p>Bisher gibt es drei Formen der Zulassung:<\/p>\n\n<ul class=\"wp-block-list\"><li>das <a href=\"https:\/\/www.esta-officiel-usa.com\/de\/der-unterschied-zwischen-einem-esta-und-einem-visumantrag\/\">USA-Visum<\/a>;<\/li><li>die <a href=\"https:\/\/www.esta-officiel-usa.com\/fr\/obtenir-une-green-card-par-la-loterie\/\">Green Card<\/a>;<\/li><li><a href=\"https:\/\/www.esta-officiel-usa.com\/de\/\">ESTA<\/a>.<\/li><\/ul>\n\n<p>F\u00fcr Reisende, die f\u00fcr bis zu 90 aufeinanderfolgende Tage in die USA reisen m\u00f6chten, ist das Online-ESTA die beste L\u00f6sung.<\/p>\n\n<p>Diese Genehmigung ist zwei Jahre g\u00fcltig (oder bis zum Ablauf der G\u00fcltigkeitsdauer des Reisepasses, falls dies fr\u00fcher geschieht) und berechtigt zu mehreren Aufenthalten, sei es zu touristischen oder gesch\u00e4ftlichen Zwecken.<\/p>\n\n<p>Der ESTA-Antrag ist einfach zu stellen und muss online gestellt werden. Es gibt derzeit keine andere M\u00f6glichkeit, ESTA zu beantragen. Sie k\u00f6nnen Ihr Formular bereits jetzt bestellen. Alle ESTA-Angelegenheiten k\u00f6nnen online erledigt werden, wie z.B. die Suche nach einem <a href=\"https:\/\/www.esta-officiel-usa.com\/fr\/esta-perdu-que-faire\/\">verlorenen ESTA<\/a>.   <\/p>\n\n<h2 class=\"wp-block-heading\">ONLINE ESTA-FORMULAR<\/h2>\n\n<p>Auf der offiziellen Plattform haben Sie Zugang zu einem <a href=\"https:\/\/www.esta-officiel-usa.com\/fr\/le-formulaire-esta-usa-en-francais\/\">ESTA-Formular, das ins Deutsche \u00fcbersetzt wurde<\/a>.<\/p>\n\n<p>Die <a href=\"https:\/\/www.esta-officiel-usa.com\/fr\/toutes-les-questions-posees-formulaire-esta-etats-unis\/\">Fragen<\/a>, die Sie ausf\u00fcllen m\u00fcssen, beziehen sich auf Ihren Familienstand, Ihren Aufenthalt, Ihren Gesundheitszustand und Ihre Vorstrafen. Ein Teil der Informationen, die Sie ausf\u00fcllen m\u00fcssen, ist in Ihrem Reisepass enthalten (entweder elektronisch oder biometrisch). <\/p>\n\n<p>Sobald Ihr ESTA-Online-Formular vollst\u00e4ndig ausgef\u00fcllt ist, \u00fcberpr\u00fcfen Sie alle \u00fcbermittelten Informationen und best\u00e4tigen Sie Ihren Online-Antrag.<\/p>\n\n<p>Sie erhalten es am selben Tag oder sp\u00e4testens innerhalb von 72 Stunden! Sie k\u00f6nnen<a href=\"https:\/\/www.esta-officiel-usa.com\/de\/muss-ich-meinen-esta-antrag-ausdrucken\/\"> das ESTA dann ausdrucken<\/a> oder speichern, um Komplikationen bei der Kontrolle zu vermeiden. <\/p>\n","protected":false},"excerpt":{"rendered":"<p>ONLINE-ESTA MACHEN Um in die Vereinigten Staaten zu reisen, ben\u00f6tigen Sie eine Aufenthaltsgenehmigung. Das Online-ESTA ist das einfachste und n\u00fctzlichste Dokument, das Sie erhalten k\u00f6nnen. Unser Team erkl\u00e4rt Ihnen, wie Sie es erhalten k\u00f6nnen. ESTA ONLINE USA Die US-Beh\u00f6rden sind um die Sicherheit ihres Landes bem\u00fcht und filtern die Einreise in ihr Hoheitsgebiet. Jeder Nicht-US-B\u00fcrger [&hellip;]<\/p>\n","protected":false},"author":1,"featured_media":0,"parent":0,"menu_order":0,"comment_status":"closed","ping_status":"closed","template":"","meta":{"footnotes":""},"class_list":["post-1117","page","type-page","status-publish","hentry"],"yoast_head":"<!-- This site is optimized with the Yoast SEO plugin v26.2 - https:\/\/yoast.com\/wordpress\/plugins\/seo\/ -->\n<title>ESTA-Formular online beantragen<\/title>\n<meta name=\"description\" content=\"Um die Sicherheit in den USA zu erh\u00f6hen, hat die Regierung ESTA eingef\u00fchrt. Wir erkl\u00e4ren Ihnen auf unserer Seite, wie Sie das Formular online beantragen k\u00f6nnen.\" \/>\n<meta name=\"robots\" content=\"index, follow, max-snippet:-1, max-image-preview:large, max-video-preview:-1\" \/>\n<link rel=\"canonical\" href=\"https:\/\/www.esta-officiel-usa.com\/de\/esta-formular-online-beantragen\/\" \/>\n<meta property=\"og:locale\" content=\"de_DE\" \/>\n<meta property=\"og:type\" content=\"article\" \/>\n<meta property=\"og:title\" content=\"ESTA-Formular online beantragen\" \/>\n<meta property=\"og:description\" content=\"Um die Sicherheit in den USA zu erh\u00f6hen, hat die Regierung ESTA eingef\u00fchrt. Wir erkl\u00e4ren Ihnen auf unserer Seite, wie Sie das Formular online beantragen k\u00f6nnen.\" \/>\n<meta property=\"og:url\" content=\"https:\/\/www.esta-officiel-usa.com\/de\/esta-formular-online-beantragen\/\" \/>\n<meta property=\"og:site_name\" content=\"ESTA - Vereinigte Staaten\" \/>\n<meta name=\"twitter:card\" content=\"summary_large_image\" \/>\n<meta name=\"twitter:label1\" content=\"Gesch\u00e4tzte Lesezeit\" \/>\n\t<meta name=\"twitter:data1\" content=\"2\u00a0Minuten\" \/>\n<script type=\"application\/ld+json\" class=\"yoast-schema-graph\">{\"@context\":\"https:\/\/schema.org\",\"@graph\":[{\"@type\":\"WebPage\",\"@id\":\"https:\/\/www.esta-officiel-usa.com\/de\/esta-formular-online-beantragen\/\",\"url\":\"https:\/\/www.esta-officiel-usa.com\/de\/esta-formular-online-beantragen\/\",\"name\":\"ESTA-Formular online beantragen\",\"isPartOf\":{\"@id\":\"https:\/\/www.esta-officiel-usa.com\/de\/#website\"},\"datePublished\":\"2025-09-13T12:00:56+00:00\",\"description\":\"Um die Sicherheit in den USA zu erh\u00f6hen, hat die Regierung ESTA eingef\u00fchrt. Wir erkl\u00e4ren Ihnen auf unserer Seite, wie Sie das Formular online beantragen k\u00f6nnen.\",\"breadcrumb\":{\"@id\":\"https:\/\/www.esta-officiel-usa.com\/de\/esta-formular-online-beantragen\/#breadcrumb\"},\"inLanguage\":\"de\",\"potentialAction\":[{\"@type\":\"ReadAction\",\"target\":[\"https:\/\/www.esta-officiel-usa.com\/de\/esta-formular-online-beantragen\/\"]}]},{\"@type\":\"BreadcrumbList\",\"@id\":\"https:\/\/www.esta-officiel-usa.com\/de\/esta-formular-online-beantragen\/#breadcrumb\",\"itemListElement\":[{\"@type\":\"ListItem\",\"position\":1,\"name\":\"Home\",\"item\":\"https:\/\/www.esta-officiel-usa.com\/de\/\"},{\"@type\":\"ListItem\",\"position\":2,\"name\":\"ESTA-Formular online beantragen\"}]},{\"@type\":\"WebSite\",\"@id\":\"https:\/\/www.esta-officiel-usa.com\/de\/#website\",\"url\":\"https:\/\/www.esta-officiel-usa.com\/de\/\",\"name\":\"ESTA - Vereinigte Staaten\",\"description\":\"ESTA-Antragsformular\",\"potentialAction\":[{\"@type\":\"SearchAction\",\"target\":{\"@type\":\"EntryPoint\",\"urlTemplate\":\"https:\/\/www.esta-officiel-usa.com\/de\/?s={search_term_string}\"},\"query-input\":{\"@type\":\"PropertyValueSpecification\",\"valueRequired\":true,\"valueName\":\"search_term_string\"}}],\"inLanguage\":\"de\"}]}<\/script>\n<!-- \/ Yoast SEO plugin. -->","yoast_head_json":{"title":"ESTA-Formular online beantragen","description":"Um die Sicherheit in den USA zu erh\u00f6hen, hat die Regierung ESTA eingef\u00fchrt. Wir erkl\u00e4ren Ihnen auf unserer Seite, wie Sie das Formular online beantragen k\u00f6nnen.","robots":{"index":"index","follow":"follow","max-snippet":"max-snippet:-1","max-image-preview":"max-image-preview:large","max-video-preview":"max-video-preview:-1"},"canonical":"https:\/\/www.esta-officiel-usa.com\/de\/esta-formular-online-beantragen\/","og_locale":"de_DE","og_type":"article","og_title":"ESTA-Formular online beantragen","og_description":"Um die Sicherheit in den USA zu erh\u00f6hen, hat die Regierung ESTA eingef\u00fchrt. Wir erkl\u00e4ren Ihnen auf unserer Seite, wie Sie das Formular online beantragen k\u00f6nnen.","og_url":"https:\/\/www.esta-officiel-usa.com\/de\/esta-formular-online-beantragen\/","og_site_name":"ESTA - Vereinigte Staaten","twitter_card":"summary_large_image","twitter_misc":{"Gesch\u00e4tzte Lesezeit":"2\u00a0Minuten"},"schema":{"@context":"https:\/\/schema.org","@graph":[{"@type":"WebPage","@id":"https:\/\/www.esta-officiel-usa.com\/de\/esta-formular-online-beantragen\/","url":"https:\/\/www.esta-officiel-usa.com\/de\/esta-formular-online-beantragen\/","name":"ESTA-Formular online beantragen","isPartOf":{"@id":"https:\/\/www.esta-officiel-usa.com\/de\/#website"},"datePublished":"2025-09-13T12:00:56+00:00","description":"Um die Sicherheit in den USA zu erh\u00f6hen, hat die Regierung ESTA eingef\u00fchrt. Wir erkl\u00e4ren Ihnen auf unserer Seite, wie Sie das Formular online beantragen k\u00f6nnen.","breadcrumb":{"@id":"https:\/\/www.esta-officiel-usa.com\/de\/esta-formular-online-beantragen\/#breadcrumb"},"inLanguage":"de","potentialAction":[{"@type":"ReadAction","target":["https:\/\/www.esta-officiel-usa.com\/de\/esta-formular-online-beantragen\/"]}]},{"@type":"BreadcrumbList","@id":"https:\/\/www.esta-officiel-usa.com\/de\/esta-formular-online-beantragen\/#breadcrumb","itemListElement":[{"@type":"ListItem","position":1,"name":"Home","item":"https:\/\/www.esta-officiel-usa.com\/de\/"},{"@type":"ListItem","position":2,"name":"ESTA-Formular online beantragen"}]},{"@type":"WebSite","@id":"https:\/\/www.esta-officiel-usa.com\/de\/#website","url":"https:\/\/www.esta-officiel-usa.com\/de\/","name":"ESTA - Vereinigte Staaten","description":"ESTA-Antragsformular","potentialAction":[{"@type":"SearchAction","target":{"@type":"EntryPoint","urlTemplate":"https:\/\/www.esta-officiel-usa.com\/de\/?s={search_term_string}"},"query-input":{"@type":"PropertyValueSpecification","valueRequired":true,"valueName":"search_term_string"}}],"inLanguage":"de"}]}},"_links":{"self":[{"href":"https:\/\/www.esta-officiel-usa.com\/de\/wp-json\/wp\/v2\/pages\/1117","targetHints":{"allow":["GET"]}}],"collection":[{"href":"https:\/\/www.esta-officiel-usa.com\/de\/wp-json\/wp\/v2\/pages"}],"about":[{"href":"https:\/\/www.esta-officiel-usa.com\/de\/wp-json\/wp\/v2\/types\/page"}],"author":[{"embeddable":true,"href":"https:\/\/www.esta-officiel-usa.com\/de\/wp-json\/wp\/v2\/users\/1"}],"replies":[{"embeddable":true,"href":"https:\/\/www.esta-officiel-usa.com\/de\/wp-json\/wp\/v2\/comments?post=1117"}],"version-history":[{"count":1,"href":"https:\/\/www.esta-officiel-usa.com\/de\/wp-json\/wp\/v2\/pages\/1117\/revisions"}],"predecessor-version":[{"id":1119,"href":"https:\/\/www.esta-officiel-usa.com\/de\/wp-json\/wp\/v2\/pages\/1117\/revisions\/1119"}],"wp:attachment":[{"href":"https:\/\/www.esta-officiel-usa.com\/de\/wp-json\/wp\/v2\/media?parent=1117"}],"curies":[{"name":"wp","href":"https:\/\/api.w.org\/{rel}","templated":true}]}}