{"id":1128,"date":"2025-09-13T12:01:08","date_gmt":"2025-09-13T12:01:08","guid":{"rendered":"https:\/\/www.esta-officiel-usa.com\/antrag-auf-esta-genehmigung-anhaengig\/"},"modified":"2025-09-13T12:01:08","modified_gmt":"2025-09-13T12:01:08","slug":"antrag-auf-esta-genehmigung-anhaengig","status":"publish","type":"page","link":"https:\/\/www.esta-officiel-usa.com\/de\/antrag-auf-esta-genehmigung-anhaengig\/","title":{"rendered":"Antrag auf ESTA-Genehmigung anh\u00e4ngig"},"content":{"rendered":"\n<h1 class=\"wp-block-heading\">WAS IST EIN ESTA MIT ANSTEHENDER GENEHMIGUNG?  <\/h1>\n\n<p>Sie planen eine Reise in die USA und haben Ihr <a href=\"https:\/\/www.esta-officiel-usa.com\/de\/\">ESTA-Formular<\/a> online ausgef\u00fcllt. Das Problem ist, dass Sie eine verwirrende Antwort erhalten haben: Die Genehmigung ist noch ausstehend. Was bedeutet das? Wird ein ESTA in der Warteschleife immer abgelehnt? Wir helfen Ihnen, sich Klarheit zu verschaffen.    <\/p>\n\n<h2 class=\"wp-block-heading\">WAS IST EIN ANH\u00c4NGIGER ESTA?<\/h2>\n\n<p>Die gute Nachricht ist, dass ein ausstehendes ESTA nicht unbedingt bedeutet, dass die Einreise verweigert wird. Es bedeutet lediglich, dass die Antwort nicht sofort gegeben werden kann, aber innerhalb von 72 Stunden erteilt wird. Sie verstehen nun, warum es ratsam ist, nicht in letzter Minute einen Antrag zu stellen!  <\/p>\n\n<p>Ein ausstehendes ESTA kann durch drei Faktoren erkl\u00e4rt werden:<\/p>\n\n<ul class=\"wp-block-list\"><li>Die offizielle Website der Regierung, auf der die ESTA-Antr\u00e4ge gestellt werden, ist zu stark frequentiert und die US-Beh\u00f6rden ben\u00f6tigen mehr Zeit, um die Antr\u00e4ge zu bearbeiten;<\/li><li>Weitere Kontrollen werden von Zeit zu Zeit und v\u00f6llig zuf\u00e4llig angesetzt;<\/li><li>Die Antworten in Ihrem Formular oder Fragebogen erfordern mehr Aufmerksamkeit und m\u00f6glicherweise eine \u00dcberpr\u00fcfung.<\/li><\/ul>\n\n<p>In diesem Stadium k\u00f6nnen Sie nichts weiter tun, als auf eine endg\u00fcltige Antwort zu warten. Sie werden gebeten, sich innerhalb von 72 Stunden auf der Website der Regierung einzuloggen und auf die Registerkarte &#8222;ESTA-Status \u00fcberpr\u00fcfen&#8220; zu klicken. Dazu ben\u00f6tigen Sie Ihre Antragsnummer, Ihre Passnummer und Ihr Geburtsdatum.  <\/p>\n\n<h2 class=\"wp-block-heading\">WAS SIND DIE M\u00d6GLICHEN FOLGEMASSNAHMEN NACH EINEM ANH\u00c4NGIGEN ESTA?<\/h2>\n\n<p>Wenn ein ESTA-Antrag anh\u00e4ngig ist, gibt es zwei M\u00f6glichkeiten: Die Genehmigung wird angenommen oder abgelehnt.<\/p>\n\n<p>Eine akzeptierte Genehmigung gibt Ihnen die Erlaubnis, in die USA zu reisen, so dass Sie Ihr Flugticket kaufen und Ihren Aufenthalt in den USA organisieren k\u00f6nnen.<\/p>\n\n<p>Bitte beachten Sie, dass ESTA eine Reisegenehmigung und keine Einreisegenehmigung f\u00fcr die USA ist. Die Entscheidung, ob Sie in die USA einreisen d\u00fcrfen, liegt beim Einwanderungsbeamten am Einreiseort. Um seine Entscheidung zu treffen, kann er Ihnen verschiedene Fragen \u00fcber die Art Ihrer Reise in die USA stellen oder Ihre Dokumente \u00fcberpr\u00fcfen, insbesondere Ihr R\u00fcckflug- oder Weiterflugticket innerhalb der 90 Tage, die von der ESTA-Genehmigung gew\u00e4hrt werden.  <\/p>\n\n<p>Eine verweigerte Genehmigung ist nat\u00fcrlich das schlimmste Szenario, aber sie ist m\u00f6glicherweise nicht endg\u00fcltig.<\/p>\n\n<p>Die US-Beh\u00f6rden geben keine <a href=\"https:\/\/www.esta-officiel-usa.com\/fr\/quels-motifs-menent-a-un-refus-de-lesta\/\">Gr\u00fcnde f\u00fcr die Ablehnung<\/a> an, aber wenn Sie feststellen, dass Sie einen Fehler bei der Eingabe in das ESTA-Formular gemacht haben (Tippfehler oder andere Daten als im Reisepass angegeben, z.B. Ehename statt M\u00e4dchenname), k\u00f6nnen Sie einen neuen Antrag stellen.<\/p>\n\n<p>Wenn Sie einen neuen Antrag stellen, m\u00fcssen Sie das gleiche Verfahren anwenden (und alle Angaben sorgf\u00e4ltig \u00fcberpr\u00fcfen) und erneut f\u00fcr ESTA bezahlen.<\/p>\n\n<p>Achten Sie darauf, dass Sie keine falschen Angaben machen, nur um ein ESTA zu erhalten! Die US-Regierung kann Ihnen die Einreise verweigern, aber auch administrative und strafrechtliche Sanktionen verh\u00e4ngen. <\/p>\n\n<p>Wenn aus einem ausstehenden ESTA eine Ablehnung wird, die mit der Nichterf\u00fcllung einer <a href=\"https:\/\/www.esta-officiel-usa.com\/fr\/les-conditions-a-respecter-pour-obtenir-le-visa-usa\/\">Anspruchsvoraussetzung<\/a> begr\u00fcndet wird (biometrischer oder elektronischer Reisepass, Staatsangeh\u00f6riger eines Landes, das am Visa Waiver Program teilnimmt, irakische, syrische oder sudanesische Staatsangeh\u00f6rigkeit, Beantwortung einer der geschlossenen Fragen im Fragebogen mit Ja usw.), dann besteht die einzige M\u00f6glichkeit darin, bei der US-Botschaft ein Visum zu beantragen. Die Beantragung eines Visums dauert wesentlich l\u00e4nger als die Beantragung eines ESTA-Visums. <\/p>\n","protected":false},"excerpt":{"rendered":"<p>WAS IST EIN ESTA MIT ANSTEHENDER GENEHMIGUNG? Sie planen eine Reise in die USA und haben Ihr ESTA-Formular online ausgef\u00fcllt. Das Problem ist, dass Sie eine verwirrende Antwort erhalten haben: Die Genehmigung ist noch ausstehend. Was bedeutet das? Wird ein ESTA in der Warteschleife immer abgelehnt? Wir helfen Ihnen, sich Klarheit zu verschaffen. WAS IST [&hellip;]<\/p>\n","protected":false},"author":1,"featured_media":0,"parent":0,"menu_order":0,"comment_status":"closed","ping_status":"closed","template":"","meta":{"footnotes":""},"class_list":["post-1128","page","type-page","status-publish","hentry"],"yoast_head":"<!-- This site is optimized with the Yoast SEO plugin v26.2 - https:\/\/yoast.com\/wordpress\/plugins\/seo\/ -->\n<title>Antrag auf ESTA-Genehmigung anh\u00e4ngig<\/title>\n<meta name=\"description\" content=\"Sie reisen in K\u00fcrze in die USA und haben Ihren ESTA-Antrag online ausgef\u00fcllt, aber er ist noch nicht bearbeitet.\" \/>\n<meta name=\"robots\" content=\"index, follow, max-snippet:-1, max-image-preview:large, max-video-preview:-1\" \/>\n<link rel=\"canonical\" href=\"https:\/\/www.esta-officiel-usa.com\/de\/antrag-auf-esta-genehmigung-anhaengig\/\" \/>\n<meta property=\"og:locale\" content=\"de_DE\" \/>\n<meta property=\"og:type\" content=\"article\" \/>\n<meta property=\"og:title\" content=\"Antrag auf ESTA-Genehmigung anh\u00e4ngig\" \/>\n<meta property=\"og:description\" content=\"Sie reisen in K\u00fcrze in die USA und haben Ihren ESTA-Antrag online ausgef\u00fcllt, aber er ist noch nicht bearbeitet.\" \/>\n<meta property=\"og:url\" content=\"https:\/\/www.esta-officiel-usa.com\/de\/antrag-auf-esta-genehmigung-anhaengig\/\" \/>\n<meta property=\"og:site_name\" content=\"ESTA - Vereinigte Staaten\" \/>\n<meta name=\"twitter:card\" content=\"summary_large_image\" \/>\n<meta name=\"twitter:label1\" content=\"Gesch\u00e4tzte Lesezeit\" \/>\n\t<meta name=\"twitter:data1\" content=\"3\u00a0Minuten\" \/>\n<script type=\"application\/ld+json\" class=\"yoast-schema-graph\">{\"@context\":\"https:\/\/schema.org\",\"@graph\":[{\"@type\":\"WebPage\",\"@id\":\"https:\/\/www.esta-officiel-usa.com\/de\/antrag-auf-esta-genehmigung-anhaengig\/\",\"url\":\"https:\/\/www.esta-officiel-usa.com\/de\/antrag-auf-esta-genehmigung-anhaengig\/\",\"name\":\"Antrag auf ESTA-Genehmigung anh\u00e4ngig\",\"isPartOf\":{\"@id\":\"https:\/\/www.esta-officiel-usa.com\/de\/#website\"},\"datePublished\":\"2025-09-13T12:01:08+00:00\",\"description\":\"Sie reisen in K\u00fcrze in die USA und haben Ihren ESTA-Antrag online ausgef\u00fcllt, aber er ist noch nicht bearbeitet.\",\"breadcrumb\":{\"@id\":\"https:\/\/www.esta-officiel-usa.com\/de\/antrag-auf-esta-genehmigung-anhaengig\/#breadcrumb\"},\"inLanguage\":\"de\",\"potentialAction\":[{\"@type\":\"ReadAction\",\"target\":[\"https:\/\/www.esta-officiel-usa.com\/de\/antrag-auf-esta-genehmigung-anhaengig\/\"]}]},{\"@type\":\"BreadcrumbList\",\"@id\":\"https:\/\/www.esta-officiel-usa.com\/de\/antrag-auf-esta-genehmigung-anhaengig\/#breadcrumb\",\"itemListElement\":[{\"@type\":\"ListItem\",\"position\":1,\"name\":\"Home\",\"item\":\"https:\/\/www.esta-officiel-usa.com\/de\/\"},{\"@type\":\"ListItem\",\"position\":2,\"name\":\"Antrag auf ESTA-Genehmigung anh\u00e4ngig\"}]},{\"@type\":\"WebSite\",\"@id\":\"https:\/\/www.esta-officiel-usa.com\/de\/#website\",\"url\":\"https:\/\/www.esta-officiel-usa.com\/de\/\",\"name\":\"ESTA - Vereinigte Staaten\",\"description\":\"ESTA-Antragsformular\",\"potentialAction\":[{\"@type\":\"SearchAction\",\"target\":{\"@type\":\"EntryPoint\",\"urlTemplate\":\"https:\/\/www.esta-officiel-usa.com\/de\/?s={search_term_string}\"},\"query-input\":{\"@type\":\"PropertyValueSpecification\",\"valueRequired\":true,\"valueName\":\"search_term_string\"}}],\"inLanguage\":\"de\"}]}<\/script>\n<!-- \/ Yoast SEO plugin. -->","yoast_head_json":{"title":"Antrag auf ESTA-Genehmigung anh\u00e4ngig","description":"Sie reisen in K\u00fcrze in die USA und haben Ihren ESTA-Antrag online ausgef\u00fcllt, aber er ist noch nicht bearbeitet.","robots":{"index":"index","follow":"follow","max-snippet":"max-snippet:-1","max-image-preview":"max-image-preview:large","max-video-preview":"max-video-preview:-1"},"canonical":"https:\/\/www.esta-officiel-usa.com\/de\/antrag-auf-esta-genehmigung-anhaengig\/","og_locale":"de_DE","og_type":"article","og_title":"Antrag auf ESTA-Genehmigung anh\u00e4ngig","og_description":"Sie reisen in K\u00fcrze in die USA und haben Ihren ESTA-Antrag online ausgef\u00fcllt, aber er ist noch nicht bearbeitet.","og_url":"https:\/\/www.esta-officiel-usa.com\/de\/antrag-auf-esta-genehmigung-anhaengig\/","og_site_name":"ESTA - Vereinigte Staaten","twitter_card":"summary_large_image","twitter_misc":{"Gesch\u00e4tzte Lesezeit":"3\u00a0Minuten"},"schema":{"@context":"https:\/\/schema.org","@graph":[{"@type":"WebPage","@id":"https:\/\/www.esta-officiel-usa.com\/de\/antrag-auf-esta-genehmigung-anhaengig\/","url":"https:\/\/www.esta-officiel-usa.com\/de\/antrag-auf-esta-genehmigung-anhaengig\/","name":"Antrag auf ESTA-Genehmigung anh\u00e4ngig","isPartOf":{"@id":"https:\/\/www.esta-officiel-usa.com\/de\/#website"},"datePublished":"2025-09-13T12:01:08+00:00","description":"Sie reisen in K\u00fcrze in die USA und haben Ihren ESTA-Antrag online ausgef\u00fcllt, aber er ist noch nicht bearbeitet.","breadcrumb":{"@id":"https:\/\/www.esta-officiel-usa.com\/de\/antrag-auf-esta-genehmigung-anhaengig\/#breadcrumb"},"inLanguage":"de","potentialAction":[{"@type":"ReadAction","target":["https:\/\/www.esta-officiel-usa.com\/de\/antrag-auf-esta-genehmigung-anhaengig\/"]}]},{"@type":"BreadcrumbList","@id":"https:\/\/www.esta-officiel-usa.com\/de\/antrag-auf-esta-genehmigung-anhaengig\/#breadcrumb","itemListElement":[{"@type":"ListItem","position":1,"name":"Home","item":"https:\/\/www.esta-officiel-usa.com\/de\/"},{"@type":"ListItem","position":2,"name":"Antrag auf ESTA-Genehmigung anh\u00e4ngig"}]},{"@type":"WebSite","@id":"https:\/\/www.esta-officiel-usa.com\/de\/#website","url":"https:\/\/www.esta-officiel-usa.com\/de\/","name":"ESTA - Vereinigte Staaten","description":"ESTA-Antragsformular","potentialAction":[{"@type":"SearchAction","target":{"@type":"EntryPoint","urlTemplate":"https:\/\/www.esta-officiel-usa.com\/de\/?s={search_term_string}"},"query-input":{"@type":"PropertyValueSpecification","valueRequired":true,"valueName":"search_term_string"}}],"inLanguage":"de"}]}},"_links":{"self":[{"href":"https:\/\/www.esta-officiel-usa.com\/de\/wp-json\/wp\/v2\/pages\/1128","targetHints":{"allow":["GET"]}}],"collection":[{"href":"https:\/\/www.esta-officiel-usa.com\/de\/wp-json\/wp\/v2\/pages"}],"about":[{"href":"https:\/\/www.esta-officiel-usa.com\/de\/wp-json\/wp\/v2\/types\/page"}],"author":[{"embeddable":true,"href":"https:\/\/www.esta-officiel-usa.com\/de\/wp-json\/wp\/v2\/users\/1"}],"replies":[{"embeddable":true,"href":"https:\/\/www.esta-officiel-usa.com\/de\/wp-json\/wp\/v2\/comments?post=1128"}],"version-history":[{"count":1,"href":"https:\/\/www.esta-officiel-usa.com\/de\/wp-json\/wp\/v2\/pages\/1128\/revisions"}],"predecessor-version":[{"id":1129,"href":"https:\/\/www.esta-officiel-usa.com\/de\/wp-json\/wp\/v2\/pages\/1128\/revisions\/1129"}],"wp:attachment":[{"href":"https:\/\/www.esta-officiel-usa.com\/de\/wp-json\/wp\/v2\/media?parent=1128"}],"curies":[{"name":"wp","href":"https:\/\/api.w.org\/{rel}","templated":true}]}}