{"id":1151,"date":"2025-09-13T12:01:26","date_gmt":"2025-09-13T12:01:26","guid":{"rendered":"https:\/\/www.esta-officiel-usa.com\/warum-wird-mein-esta-abgelehnt\/"},"modified":"2025-09-13T12:01:27","modified_gmt":"2025-09-13T12:01:27","slug":"warum-wird-mein-esta-abgelehnt","status":"publish","type":"page","link":"https:\/\/www.esta-officiel-usa.com\/de\/warum-wird-mein-esta-abgelehnt\/","title":{"rendered":"Warum wird mein ESTA abgelehnt?"},"content":{"rendered":"\n<h1 class=\"wp-block-heading\">ESTA VERWEIGERT<\/h1>\n\n<p>In den letzten Jahren haben die USA eine Reihe von Sicherheits- und Kontrollma\u00dfnahmen im Bereich der Einwanderung, insbesondere an Flugh\u00e4fen, eingef\u00fchrt.<\/p>\n\n<p>Das United States Department of Homeland Security hat das <a href=\"https:\/\/www.esta-officiel-usa.com\/fr\/formulaire-esta-a-qui-est-il-destine\/\">ESTA-Formular<\/a> eingef\u00fchrt, um die innere Sicherheit der USA als Teil des Visa Waiver Program zu st\u00e4rken, das es B\u00fcrgern aus 38 L\u00e4ndern erlaubt, ohne Visum in die USA zu reisen.<\/p>\n\n<p>Wenn Sie ein<a href=\"https:\/\/www.esta-officiel-usa.com\/fr\/qu-est-ce-que-l-esta\/\">ESTA-Antragsformular<\/a> ausf\u00fcllen, kann es vorkommen, dass die US-Beh\u00f6rden Ihren Antrag ablehnen und Ihre Einreise blockieren.  <\/p>\n\n<p>Als erstes sollten Sie die in <a href=\"https:\/\/www.esta-officiel-usa.com\/fr\/les-conditions-a-respecter-pour-obtenir-le-visa-usa\/\">den drei Abschnitten des Formulars<\/a> \u00fcbermittelten Informationen noch einmal durchlesen und \u00fcberpr\u00fcfen, ob sie alle korrekt sind (Tippfehler, Vertauschung von Zahlen oder Buchstaben, Ehename statt M\u00e4dchenname, Auslassungen usw.). Wenn dies der Fall ist, m\u00fcssen Sie die Bedingungen f\u00fcr die F\u00f6rderf\u00e4higkeit \u00fcberpr\u00fcfen.   <\/p>\n\n<h2 class=\"wp-block-heading\"><a href=\"javascript:void('Schwarz')\"><\/a>LTERNATIVE: DAS US-TOURISTENVISUM<\/h2>\n\n<p>Wenn Sie die Antwort &#8222;Reise nicht genehmigt&#8220; erhalten, aber Ihre Gesch\u00e4fts- oder Urlaubsreise fortsetzen m\u00f6chten, k\u00f6nnen Sie sich online \u00fcber die verschiedenen <a href=\"https:\/\/www.esta-officiel-usa.com\/fr\/les-formalites-dentree-aux-etats-unis\/\">Formalit\u00e4ten<\/a> informieren, die Sie bei der Beantragung eines <a href=\"https:\/\/www.esta-officiel-usa.com\/de\/der-unterschied-zwischen-einem-esta-und-einem-visumantrag\/\">Touristenvisums f\u00fcr die USA<\/a> beachten m\u00fcssen. Die Verweigerung einer Reisegenehmigung verbietet Ihnen das Reisen im Rahmen des Programms f\u00fcr visumfreies Reisen, beeintr\u00e4chtigt aber nicht Ihr Recht auf ein USA <a href=\"https:\/\/www.esta-officiel-usa.com\/de\/b1-und-b2-visum-fuer-die-einreise-in-die-usa\/\">Touristenvisum<\/a> (oder Visum Typ B).  <\/p>\n\n<p>Gehen Sie dazu einfach auf die Website des US-Au\u00dfenministeriums unter <a href=\"http:\/\/www.travel.state.gov\/\">www.travel.state.gov<\/a>. Dort finden Sie alle Einzelheiten \u00fcber die Ausstellung eines <a href=\"https:\/\/www.esta-officiel-usa.com\/fr\/etats-unis-demander-un-visa-ou-lesta\/\">Touristenvisums f\u00fcr die USA anstelle eines ESTA<\/a>. <\/p>\n\n<p>Ein Visumantrag erfordert h\u00f6here Kosten und einen l\u00e4ngeren Prozess, einschlie\u00dflich eines Termins bei einem Konsularbeamten der US-Botschaft. Es ist daher ratsam, zun\u00e4chst die Gr\u00fcnde f\u00fcr die Ablehnung Ihres ESTA-Antrags zu pr\u00fcfen.   <\/p>\n\n<p><strong>Achtung: <\/strong>Falsche <a href=\"https:\/\/www.esta-officiel-usa.com\/fr\/la-declaration-esta\/\">ESTA-Angaben<\/a>, um eine positive Antwort zu erhalten, k\u00f6nnen zu einem dauerhaften Einreiseverbot in die USA f\u00fchren.<\/p>\n","protected":false},"excerpt":{"rendered":"<p>ESTA VERWEIGERT In den letzten Jahren haben die USA eine Reihe von Sicherheits- und Kontrollma\u00dfnahmen im Bereich der Einwanderung, insbesondere an Flugh\u00e4fen, eingef\u00fchrt. Das United States Department of Homeland Security hat das ESTA-Formular eingef\u00fchrt, um die innere Sicherheit der USA als Teil des Visa Waiver Program zu st\u00e4rken, das es B\u00fcrgern aus 38 L\u00e4ndern erlaubt, [&hellip;]<\/p>\n","protected":false},"author":1,"featured_media":0,"parent":0,"menu_order":0,"comment_status":"closed","ping_status":"closed","template":"","meta":{"footnotes":""},"class_list":["post-1151","page","type-page","status-publish","hentry"],"yoast_head":"<!-- This site is optimized with the Yoast SEO plugin v26.2 - https:\/\/yoast.com\/wordpress\/plugins\/seo\/ -->\n<title>Warum wird mein ESTA abgelehnt?<\/title>\n<meta name=\"description\" content=\"In den letzten Jahren haben die USA eine Reihe von Sicherheitsma\u00dfnahmen wie das ESTA eingef\u00fchrt.\" \/>\n<meta name=\"robots\" content=\"index, follow, max-snippet:-1, max-image-preview:large, max-video-preview:-1\" \/>\n<link rel=\"canonical\" href=\"https:\/\/www.esta-officiel-usa.com\/de\/warum-wird-mein-esta-abgelehnt\/\" \/>\n<meta property=\"og:locale\" content=\"de_DE\" \/>\n<meta property=\"og:type\" content=\"article\" \/>\n<meta property=\"og:title\" content=\"Warum wird mein ESTA abgelehnt?\" \/>\n<meta property=\"og:description\" content=\"In den letzten Jahren haben die USA eine Reihe von Sicherheitsma\u00dfnahmen wie das ESTA eingef\u00fchrt.\" \/>\n<meta property=\"og:url\" content=\"https:\/\/www.esta-officiel-usa.com\/de\/warum-wird-mein-esta-abgelehnt\/\" \/>\n<meta property=\"og:site_name\" content=\"ESTA - Vereinigte Staaten\" \/>\n<meta property=\"article:modified_time\" content=\"2025-09-13T12:01:27+00:00\" \/>\n<meta name=\"twitter:card\" content=\"summary_large_image\" \/>\n<meta name=\"twitter:label1\" content=\"Gesch\u00e4tzte Lesezeit\" \/>\n\t<meta name=\"twitter:data1\" content=\"2\u00a0Minuten\" \/>\n<script type=\"application\/ld+json\" class=\"yoast-schema-graph\">{\"@context\":\"https:\/\/schema.org\",\"@graph\":[{\"@type\":\"WebPage\",\"@id\":\"https:\/\/www.esta-officiel-usa.com\/de\/warum-wird-mein-esta-abgelehnt\/\",\"url\":\"https:\/\/www.esta-officiel-usa.com\/de\/warum-wird-mein-esta-abgelehnt\/\",\"name\":\"Warum wird mein ESTA abgelehnt?\",\"isPartOf\":{\"@id\":\"https:\/\/www.esta-officiel-usa.com\/de\/#website\"},\"datePublished\":\"2025-09-13T12:01:26+00:00\",\"dateModified\":\"2025-09-13T12:01:27+00:00\",\"description\":\"In den letzten Jahren haben die USA eine Reihe von Sicherheitsma\u00dfnahmen wie das ESTA eingef\u00fchrt.\",\"breadcrumb\":{\"@id\":\"https:\/\/www.esta-officiel-usa.com\/de\/warum-wird-mein-esta-abgelehnt\/#breadcrumb\"},\"inLanguage\":\"de\",\"potentialAction\":[{\"@type\":\"ReadAction\",\"target\":[\"https:\/\/www.esta-officiel-usa.com\/de\/warum-wird-mein-esta-abgelehnt\/\"]}]},{\"@type\":\"BreadcrumbList\",\"@id\":\"https:\/\/www.esta-officiel-usa.com\/de\/warum-wird-mein-esta-abgelehnt\/#breadcrumb\",\"itemListElement\":[{\"@type\":\"ListItem\",\"position\":1,\"name\":\"Home\",\"item\":\"https:\/\/www.esta-officiel-usa.com\/de\/\"},{\"@type\":\"ListItem\",\"position\":2,\"name\":\"Warum wird mein ESTA abgelehnt?\"}]},{\"@type\":\"WebSite\",\"@id\":\"https:\/\/www.esta-officiel-usa.com\/de\/#website\",\"url\":\"https:\/\/www.esta-officiel-usa.com\/de\/\",\"name\":\"ESTA - Vereinigte Staaten\",\"description\":\"ESTA-Antragsformular\",\"potentialAction\":[{\"@type\":\"SearchAction\",\"target\":{\"@type\":\"EntryPoint\",\"urlTemplate\":\"https:\/\/www.esta-officiel-usa.com\/de\/?s={search_term_string}\"},\"query-input\":{\"@type\":\"PropertyValueSpecification\",\"valueRequired\":true,\"valueName\":\"search_term_string\"}}],\"inLanguage\":\"de\"}]}<\/script>\n<!-- \/ Yoast SEO plugin. -->","yoast_head_json":{"title":"Warum wird mein ESTA abgelehnt?","description":"In den letzten Jahren haben die USA eine Reihe von Sicherheitsma\u00dfnahmen wie das ESTA eingef\u00fchrt.","robots":{"index":"index","follow":"follow","max-snippet":"max-snippet:-1","max-image-preview":"max-image-preview:large","max-video-preview":"max-video-preview:-1"},"canonical":"https:\/\/www.esta-officiel-usa.com\/de\/warum-wird-mein-esta-abgelehnt\/","og_locale":"de_DE","og_type":"article","og_title":"Warum wird mein ESTA abgelehnt?","og_description":"In den letzten Jahren haben die USA eine Reihe von Sicherheitsma\u00dfnahmen wie das ESTA eingef\u00fchrt.","og_url":"https:\/\/www.esta-officiel-usa.com\/de\/warum-wird-mein-esta-abgelehnt\/","og_site_name":"ESTA - Vereinigte Staaten","article_modified_time":"2025-09-13T12:01:27+00:00","twitter_card":"summary_large_image","twitter_misc":{"Gesch\u00e4tzte Lesezeit":"2\u00a0Minuten"},"schema":{"@context":"https:\/\/schema.org","@graph":[{"@type":"WebPage","@id":"https:\/\/www.esta-officiel-usa.com\/de\/warum-wird-mein-esta-abgelehnt\/","url":"https:\/\/www.esta-officiel-usa.com\/de\/warum-wird-mein-esta-abgelehnt\/","name":"Warum wird mein ESTA abgelehnt?","isPartOf":{"@id":"https:\/\/www.esta-officiel-usa.com\/de\/#website"},"datePublished":"2025-09-13T12:01:26+00:00","dateModified":"2025-09-13T12:01:27+00:00","description":"In den letzten Jahren haben die USA eine Reihe von Sicherheitsma\u00dfnahmen wie das ESTA eingef\u00fchrt.","breadcrumb":{"@id":"https:\/\/www.esta-officiel-usa.com\/de\/warum-wird-mein-esta-abgelehnt\/#breadcrumb"},"inLanguage":"de","potentialAction":[{"@type":"ReadAction","target":["https:\/\/www.esta-officiel-usa.com\/de\/warum-wird-mein-esta-abgelehnt\/"]}]},{"@type":"BreadcrumbList","@id":"https:\/\/www.esta-officiel-usa.com\/de\/warum-wird-mein-esta-abgelehnt\/#breadcrumb","itemListElement":[{"@type":"ListItem","position":1,"name":"Home","item":"https:\/\/www.esta-officiel-usa.com\/de\/"},{"@type":"ListItem","position":2,"name":"Warum wird mein ESTA abgelehnt?"}]},{"@type":"WebSite","@id":"https:\/\/www.esta-officiel-usa.com\/de\/#website","url":"https:\/\/www.esta-officiel-usa.com\/de\/","name":"ESTA - Vereinigte Staaten","description":"ESTA-Antragsformular","potentialAction":[{"@type":"SearchAction","target":{"@type":"EntryPoint","urlTemplate":"https:\/\/www.esta-officiel-usa.com\/de\/?s={search_term_string}"},"query-input":{"@type":"PropertyValueSpecification","valueRequired":true,"valueName":"search_term_string"}}],"inLanguage":"de"}]}},"_links":{"self":[{"href":"https:\/\/www.esta-officiel-usa.com\/de\/wp-json\/wp\/v2\/pages\/1151","targetHints":{"allow":["GET"]}}],"collection":[{"href":"https:\/\/www.esta-officiel-usa.com\/de\/wp-json\/wp\/v2\/pages"}],"about":[{"href":"https:\/\/www.esta-officiel-usa.com\/de\/wp-json\/wp\/v2\/types\/page"}],"author":[{"embeddable":true,"href":"https:\/\/www.esta-officiel-usa.com\/de\/wp-json\/wp\/v2\/users\/1"}],"replies":[{"embeddable":true,"href":"https:\/\/www.esta-officiel-usa.com\/de\/wp-json\/wp\/v2\/comments?post=1151"}],"version-history":[{"count":1,"href":"https:\/\/www.esta-officiel-usa.com\/de\/wp-json\/wp\/v2\/pages\/1151\/revisions"}],"predecessor-version":[{"id":1152,"href":"https:\/\/www.esta-officiel-usa.com\/de\/wp-json\/wp\/v2\/pages\/1151\/revisions\/1152"}],"wp:attachment":[{"href":"https:\/\/www.esta-officiel-usa.com\/de\/wp-json\/wp\/v2\/media?parent=1151"}],"curies":[{"name":"wp","href":"https:\/\/api.w.org\/{rel}","templated":true}]}}