{"id":1159,"date":"2025-09-13T12:01:34","date_gmt":"2025-09-13T12:01:34","guid":{"rendered":"https:\/\/www.esta-officiel-usa.com\/wie-lange-ist-ein-us-visum-gueltig\/"},"modified":"2025-09-13T12:01:35","modified_gmt":"2025-09-13T12:01:35","slug":"wie-lange-ist-ein-us-visum-gueltig","status":"publish","type":"page","link":"https:\/\/www.esta-officiel-usa.com\/de\/wie-lange-ist-ein-us-visum-gueltig\/","title":{"rendered":"Wie lange ist ein US-Visum g\u00fcltig?"},"content":{"rendered":"\n<h1 class=\"wp-block-heading\">Alles \u00fcber die G\u00fcltigkeit eines Visums f\u00fcr die USA<\/h1>\n\n<p>M\u00f6chten Sie f\u00fcr einen k\u00fcrzeren oder l\u00e4ngeren Zeitraum in die USA einwandern? \n \nSie wollen arbeiten, ein Praktikum absolvieren, an einer \namerikanischen Universit\u00e4t studieren oder einfach nur als Tourist in die USA reisen? Dann m\u00fcssen Sie ein Visum beantragen. Das US-Visum \nist nicht leicht zu bekommen und das Verfahren dauert oft sehr lange \n. In diesem Artikel finden Sie alle Antworten auf \nIhre Fragen \u00fcber die G\u00fcltigkeit eines Visums.   <\/p>\n\n<p>F\u00fcr eine Reise in die USA ben\u00f6tigen Sie die richtigen Dokumente, um legal in das Land von Onkel Sam reisen zu k\u00f6nnen. Im Gegensatz zum Schengen-Raum reicht ein g\u00fcltiger Personalausweis leider nicht aus. Wenn Sie eine Reise von mehr als 90 Tagen planen, ist das <a href=\"https:\/\/www.esta-officiel-usa.com\/de\/\">ESTA-Formular<\/a> nicht g\u00fcltig. Sie m\u00fcssen dann zur US-Botschaft gehen, um ein US-Visum zu beantragen.   <\/p>\n\n<p>\nDas USA-Visum erlaubt es einem ausl\u00e4ndischen Staatsb\u00fcrger, zu einem bestimmten Zweck in die USA zu reisen: f\u00fcr ein Praktikum, um \nzu arbeiten oder um in den USA zu studieren.<\/p>\n\n<p>Es gibt eine gro\u00dfe Anzahl verschiedener Visa, die f\u00fcr jede Situation geeignet sind, in der sich ein Einwanderer befinden k\u00f6nnte.<\/p>\n\n<p>Es gibt zwei Hauptkategorien von Visa:<\/p>\n\n<ul class=\"wp-block-list\"><li>Non-Immigrant-Visa: sind f\u00fcr Personen bestimmt, die nicht ihr ganzes Leben in den USA \nleben wollen, sondern sich f\u00fcr einen bestimmten \nzeitweiligen Aufenthalt dort aufhalten. Zum Beispiel f\u00fcr einen touristischen Aufenthalt, ein Praktikum \nin einem amerikanischen Unternehmen oder f\u00fcr ein Studium. <\/li><li>Einwanderervisum: Dieses Visum ist f\u00fcr Personen bestimmt, die dauerhaft in die USA umziehen m\u00f6chten.<\/li><\/ul>\n\n<h2 class=\"wp-block-heading\">Ein Visum oder ein ESTA?<\/h2>\n\n<p>Es gibt <a href=\"https:\/\/www.esta-officiel-usa.com\/de\/der-unterschied-zwischen-einem-esta-und-einem-visumantrag\/\">Unterschiede zwischen ESTA und dem Visum<\/a>. Im Vergleich zu ESTA, dem elektronischen System f\u00fcr Reisegenehmigungen und visumfreies Reisen, erlaubt das Visum einen viel l\u00e4ngeren Aufenthalt und ist f\u00fcr mehr M\u00f6glichkeiten offen. <\/p>\n\n<p>Die ESTA-Genehmigung wird f\u00fcr Touristen-, Transit- und Gesch\u00e4ftsreisen von bis zu 90 Tagen empfohlen.<\/p>\n\n<p>Das Visum ist teurer und weniger einfach zu erhalten (ESTA kostet 14 $\n und kann schnell \u00fcber einen Online-Antrag beantragt werden), aber es bietet\n die M\u00f6glichkeit, sich f\u00fcr sehr lange Zeitr\u00e4ume in den USA aufzuhalten.<\/p>\n\n<h3 class=\"wp-block-heading\">Ein g\u00fcltiges Visum beantragen<\/h3>\n\n<p>Die <a href=\"https:\/\/www.esta-officiel-usa.com\/fr\/etats-unis-demander-un-visa-ou-lesta\/\">Beantragung eines USA-Visums<\/a> ist nicht einfach, da die Ausstellung dieses Dokuments eine mehr oder weniger lange Zeit in Anspruch nimmt und mehrere Beh\u00f6rdeng\u00e4nge erforderlich sind. Sie m\u00fcssen bei der US-Botschaft oder dem US-Konsulat einen Antrag auf ein Visum stellen. <\/p>\n\n<p>Visumantragsteller m\u00fcssen sich einem Interview bei \nKonsularabteilungen unterziehen, wobei die Wartezeit je nach \nKonsulat oder US-Botschaft variiert. Es sind einige \nFragen zu beantworten. <\/p>\n\n<p>Sie m\u00fcssen Ihren Visumsantrag mitbringen, der die folgenden Dokumente enth\u00e4lt:<\/p>\n\n<ul class=\"wp-block-list\"><li>einen g\u00fcltigen biometrischen Reisepass (oder elektronischen Reisepass) ;<\/li><li>Geburtsurkunde ;<\/li><li>Heiratsurkunde ;<\/li><li>Passfotos ;<\/li><li>Nachweis ausreichender finanzieller Mittel (z.B. Kopie eines Bankauszugs);<\/li><li>Strafregisterauszug ;<\/li><li>Brief Ihres zuk\u00fcnftigen Arbeitgebers, wenn Sie im Rahmen eines Arbeitsverh\u00e4ltnisses in die USA reisen;<\/li><li>usw.<\/li><\/ul>\n\n<p>Dokumente, die nicht in Englisch sind, m\u00fcssen \u00fcbersetzt werden, damit \neinen g\u00fcltigen Visumantrag stellen kann. Weitere notwendige Dokumente werden \nverlangt: Impfpass, Nachweis, dass Sie sich einer medizinischen Untersuchung \nunterzogen haben und eine Quittung, die belegt, dass Sie die Verwaltungsgeb\u00fchr f\u00fcr den Visumantrag\n (ca. 335 $) bezahlt haben. <\/p>\n\n<p>Wenn Sie das Interview erfolgreich absolvieren, werden Ihre Fingerabdr\u00fccke \ngenommen. Nach Erteilung des Visums m\u00fcssen Sie innerhalb von 6 Monaten in die USA \neinreisen. <\/p>\n\n<h2 class=\"wp-block-heading\">Die G\u00fcltigkeit eines USA-Visums<\/h2>\n\n<p>Die Art des Visums, das Sie ben\u00f6tigen, h\u00e4ngt von der Art der Reise und dem \nZweck der Reise ab. Es gibt mehr als 20 verschiedene Visa f\u00fcr \nNicht-Immigranten, die vor\u00fcbergehend in die USA reisen. <\/p>\n\n<p>Die G\u00fcltigkeitsdauer eines USA-Visums h\u00e4ngt auch von der Art der Reise ab, die Sie in die USA unternehmen m\u00f6chten.<\/p>\n\n<figure class=\"wp-block-table\"><table class=\"\"><tbody><tr><td>\n  Grund der Reise\n\t\t\t<\/td><td>\n  Art des Visums\n\t\t\t<\/td><td>\n  G\u00fcltigkeitsdauer eines Visums\n\t\t\t<\/td><\/tr><tr><td>\n  Gesch\u00e4ftsreisen\n\t\t\t<\/td><td>\n  B1\n\t\t\t<\/td><td>\n  1 Monat bis 10 Jahre\n\t\t\t<\/td><\/tr><tr><td>\n  touristische Reisen\n\t\t\t<\/td><td>\n  B2\n\t\t\t<\/td><td>\n  1 Monat bis 10 Jahre\n\t\t\t<\/td><\/tr><tr><td>\n  medizinische Behandlungen\n\t\t\t<\/td><td>\n  B2\n\t\t\t<\/td><td>\n  1 Monat bis 10 Jahre\n\t\t\t<\/td><\/tr><tr><td>\n  Transit\n\t\t\t<\/td><td>\n  C\n\t\t\t<\/td><td>\n  29 Tage\n\t\t\t<\/td><\/tr><tr><td>\n  Student\n\t\t\t<\/td><td>\n  F,M\n\t\t\t<\/td><td>\n  deckt die Dauer des Studiums ab\n\t\t\t<\/td><\/tr><tr><td>\n  Facharbeiter\n\t\t\t<\/td><td>\n  H-1B\n\t\t\t<\/td><td>\n  3 Jahre, verl\u00e4ngerbar\n\t\t\t<\/td><\/tr><tr><td>\n  Arbeitnehmer in der Landwirtschaft\n\t\t\t<\/td><td>\n  H-2A\n\t\t\t<\/td><td>\n  ein Jahr, verl\u00e4ngerbar\n\t\t\t<\/td><\/tr><tr><td>\n  Lehrer, Lehrer\n\t\t\t<\/td><td>\n  J1,Q\n\t\t\t<\/td><td>\n  die Dauer des Vertrags oder des Austauschprogramms\n\t\t\t<\/td><\/tr><tr><td>\n  Ehepartner eines US-B\u00fcrgers\n\t\t\t<\/td><td>\n  K-1\n\t\t\t<\/td><td>\n  6 Monate\n\t\t\t<\/td><\/tr><tr><td>\n  Au\u00dferordentliche F\u00e4higkeiten\n\t\t\t<\/td><td>\n  O\n\t\t\t<\/td><td>\n  3 Jahre\n\t\t\t<\/td><\/tr><tr><td>\n  religi\u00f6s\n\t\t\t<\/td><td>\n  R\n\t\t\t<\/td><td>\n  2 Jahre, verl\u00e4ngerbar\n\t\t\t<\/td><\/tr><tr><td>\n  Grenz\u00fcbertritt nach Mexiko\n\t\t\t<\/td><td>\n  BCC\n\t\t\t<\/td><td>\n  10 Jahre\n\t\t\t<\/td><\/tr><tr><td>\n  Besatzungsmitglied\n\t\t\t<\/td><td>\n  D\n\t\t\t<\/td><td>\n  2 Jahre\n\t\t\t<\/td><\/tr><\/tbody><\/table><\/figure>\n\n<p>\nWenn Sie z. B. f\u00fcr mehrere Monate in die USA reisen m\u00f6chten, um Florida, Louisiana oder \nKalifornien zu entdecken, m\u00fcssen Sie ein \nTouristenvisum B2 beantragen. Wenn ein Student einen Universit\u00e4tsabschluss anstrebt \n, muss er ein F-Visum beantragen. Die G\u00fcltigkeitsdauer \neines Visums h\u00e4ngt auch von dem Zollbeamten ab, der Sie an der \nUS-Grenze empf\u00e4ngt. <\/p>\n\n<h2 class=\"wp-block-heading\">Alternative zum USA-Visum<\/h2>\n\n<p>Es gibt noch andere Dokumente, die einen legalen Aufenthalt in den USA erm\u00f6glichen: die Green Card und das ESTA.<\/p>\n\n<p>Die <a href=\"https:\/\/www.esta-officiel-usa.com\/fr\/quest-ce-que-la-green-card\/\">Green Card<\/a> kann durch eine Lotterie erworben werden und berechtigt Sie zu einem dauerhaften Aufenthalt in den USA, w\u00e4hrend das ESTA nur einen vor\u00fcbergehenden Aufenthalt von bis zu 90 Tagen zu touristischen, Transit- oder Gesch\u00e4ftszwecken erlaubt.<\/p>\n\n<p>Die Anforderungen f\u00fcr eine Green Card sind sehr hoch, w\u00e4hrend ein ESTA viel einfacher ausgestellt werden kann.<\/p>\n\n<p>Was auch immer geschieht, Ihr amerikanischer Traum kann wahr werden!<\/p>\n","protected":false},"excerpt":{"rendered":"<p>Alles \u00fcber die G\u00fcltigkeit eines Visums f\u00fcr die USA M\u00f6chten Sie f\u00fcr einen k\u00fcrzeren oder l\u00e4ngeren Zeitraum in die USA einwandern? Sie wollen arbeiten, ein Praktikum absolvieren, an einer amerikanischen Universit\u00e4t studieren oder einfach nur als Tourist in die USA reisen? Dann m\u00fcssen Sie ein Visum beantragen. Das US-Visum ist nicht leicht zu bekommen und [&hellip;]<\/p>\n","protected":false},"author":1,"featured_media":0,"parent":0,"menu_order":0,"comment_status":"closed","ping_status":"closed","template":"","meta":{"footnotes":""},"class_list":["post-1159","page","type-page","status-publish","hentry"],"yoast_head":"<!-- This site is optimized with the Yoast SEO plugin v26.2 - https:\/\/yoast.com\/wordpress\/plugins\/seo\/ -->\n<title>Wie lange ist ein US-Visum g\u00fcltig?<\/title>\n<meta name=\"description\" content=\"Es ist nicht einfach, ein US-Visum zu erhalten. Sie m\u00fcssen wissen, wie lange es g\u00fcltig ist, um keine Probleme mit den US-Beh\u00f6rden zu bekommen.\" \/>\n<meta name=\"robots\" content=\"index, follow, max-snippet:-1, max-image-preview:large, max-video-preview:-1\" \/>\n<link rel=\"canonical\" href=\"https:\/\/www.esta-officiel-usa.com\/de\/wie-lange-ist-ein-us-visum-gueltig\/\" \/>\n<meta property=\"og:locale\" content=\"de_DE\" \/>\n<meta property=\"og:type\" content=\"article\" \/>\n<meta property=\"og:title\" content=\"Wie lange ist ein US-Visum g\u00fcltig?\" \/>\n<meta property=\"og:description\" content=\"Es ist nicht einfach, ein US-Visum zu erhalten. Sie m\u00fcssen wissen, wie lange es g\u00fcltig ist, um keine Probleme mit den US-Beh\u00f6rden zu bekommen.\" \/>\n<meta property=\"og:url\" content=\"https:\/\/www.esta-officiel-usa.com\/de\/wie-lange-ist-ein-us-visum-gueltig\/\" \/>\n<meta property=\"og:site_name\" content=\"ESTA - Vereinigte Staaten\" \/>\n<meta property=\"article:modified_time\" content=\"2025-09-13T12:01:35+00:00\" \/>\n<meta name=\"twitter:card\" content=\"summary_large_image\" \/>\n<meta name=\"twitter:label1\" content=\"Gesch\u00e4tzte Lesezeit\" \/>\n\t<meta name=\"twitter:data1\" content=\"4\u00a0Minuten\" \/>\n<script type=\"application\/ld+json\" class=\"yoast-schema-graph\">{\"@context\":\"https:\/\/schema.org\",\"@graph\":[{\"@type\":\"WebPage\",\"@id\":\"https:\/\/www.esta-officiel-usa.com\/de\/wie-lange-ist-ein-us-visum-gueltig\/\",\"url\":\"https:\/\/www.esta-officiel-usa.com\/de\/wie-lange-ist-ein-us-visum-gueltig\/\",\"name\":\"Wie lange ist ein US-Visum g\u00fcltig?\",\"isPartOf\":{\"@id\":\"https:\/\/www.esta-officiel-usa.com\/de\/#website\"},\"datePublished\":\"2025-09-13T12:01:34+00:00\",\"dateModified\":\"2025-09-13T12:01:35+00:00\",\"description\":\"Es ist nicht einfach, ein US-Visum zu erhalten. Sie m\u00fcssen wissen, wie lange es g\u00fcltig ist, um keine Probleme mit den US-Beh\u00f6rden zu bekommen.\",\"breadcrumb\":{\"@id\":\"https:\/\/www.esta-officiel-usa.com\/de\/wie-lange-ist-ein-us-visum-gueltig\/#breadcrumb\"},\"inLanguage\":\"de\",\"potentialAction\":[{\"@type\":\"ReadAction\",\"target\":[\"https:\/\/www.esta-officiel-usa.com\/de\/wie-lange-ist-ein-us-visum-gueltig\/\"]}]},{\"@type\":\"BreadcrumbList\",\"@id\":\"https:\/\/www.esta-officiel-usa.com\/de\/wie-lange-ist-ein-us-visum-gueltig\/#breadcrumb\",\"itemListElement\":[{\"@type\":\"ListItem\",\"position\":1,\"name\":\"Home\",\"item\":\"https:\/\/www.esta-officiel-usa.com\/de\/\"},{\"@type\":\"ListItem\",\"position\":2,\"name\":\"Wie lange ist ein US-Visum g\u00fcltig?\"}]},{\"@type\":\"WebSite\",\"@id\":\"https:\/\/www.esta-officiel-usa.com\/de\/#website\",\"url\":\"https:\/\/www.esta-officiel-usa.com\/de\/\",\"name\":\"ESTA - Vereinigte Staaten\",\"description\":\"ESTA-Antragsformular\",\"potentialAction\":[{\"@type\":\"SearchAction\",\"target\":{\"@type\":\"EntryPoint\",\"urlTemplate\":\"https:\/\/www.esta-officiel-usa.com\/de\/?s={search_term_string}\"},\"query-input\":{\"@type\":\"PropertyValueSpecification\",\"valueRequired\":true,\"valueName\":\"search_term_string\"}}],\"inLanguage\":\"de\"}]}<\/script>\n<!-- \/ Yoast SEO plugin. -->","yoast_head_json":{"title":"Wie lange ist ein US-Visum g\u00fcltig?","description":"Es ist nicht einfach, ein US-Visum zu erhalten. Sie m\u00fcssen wissen, wie lange es g\u00fcltig ist, um keine Probleme mit den US-Beh\u00f6rden zu bekommen.","robots":{"index":"index","follow":"follow","max-snippet":"max-snippet:-1","max-image-preview":"max-image-preview:large","max-video-preview":"max-video-preview:-1"},"canonical":"https:\/\/www.esta-officiel-usa.com\/de\/wie-lange-ist-ein-us-visum-gueltig\/","og_locale":"de_DE","og_type":"article","og_title":"Wie lange ist ein US-Visum g\u00fcltig?","og_description":"Es ist nicht einfach, ein US-Visum zu erhalten. Sie m\u00fcssen wissen, wie lange es g\u00fcltig ist, um keine Probleme mit den US-Beh\u00f6rden zu bekommen.","og_url":"https:\/\/www.esta-officiel-usa.com\/de\/wie-lange-ist-ein-us-visum-gueltig\/","og_site_name":"ESTA - Vereinigte Staaten","article_modified_time":"2025-09-13T12:01:35+00:00","twitter_card":"summary_large_image","twitter_misc":{"Gesch\u00e4tzte Lesezeit":"4\u00a0Minuten"},"schema":{"@context":"https:\/\/schema.org","@graph":[{"@type":"WebPage","@id":"https:\/\/www.esta-officiel-usa.com\/de\/wie-lange-ist-ein-us-visum-gueltig\/","url":"https:\/\/www.esta-officiel-usa.com\/de\/wie-lange-ist-ein-us-visum-gueltig\/","name":"Wie lange ist ein US-Visum g\u00fcltig?","isPartOf":{"@id":"https:\/\/www.esta-officiel-usa.com\/de\/#website"},"datePublished":"2025-09-13T12:01:34+00:00","dateModified":"2025-09-13T12:01:35+00:00","description":"Es ist nicht einfach, ein US-Visum zu erhalten. Sie m\u00fcssen wissen, wie lange es g\u00fcltig ist, um keine Probleme mit den US-Beh\u00f6rden zu bekommen.","breadcrumb":{"@id":"https:\/\/www.esta-officiel-usa.com\/de\/wie-lange-ist-ein-us-visum-gueltig\/#breadcrumb"},"inLanguage":"de","potentialAction":[{"@type":"ReadAction","target":["https:\/\/www.esta-officiel-usa.com\/de\/wie-lange-ist-ein-us-visum-gueltig\/"]}]},{"@type":"BreadcrumbList","@id":"https:\/\/www.esta-officiel-usa.com\/de\/wie-lange-ist-ein-us-visum-gueltig\/#breadcrumb","itemListElement":[{"@type":"ListItem","position":1,"name":"Home","item":"https:\/\/www.esta-officiel-usa.com\/de\/"},{"@type":"ListItem","position":2,"name":"Wie lange ist ein US-Visum g\u00fcltig?"}]},{"@type":"WebSite","@id":"https:\/\/www.esta-officiel-usa.com\/de\/#website","url":"https:\/\/www.esta-officiel-usa.com\/de\/","name":"ESTA - Vereinigte Staaten","description":"ESTA-Antragsformular","potentialAction":[{"@type":"SearchAction","target":{"@type":"EntryPoint","urlTemplate":"https:\/\/www.esta-officiel-usa.com\/de\/?s={search_term_string}"},"query-input":{"@type":"PropertyValueSpecification","valueRequired":true,"valueName":"search_term_string"}}],"inLanguage":"de"}]}},"_links":{"self":[{"href":"https:\/\/www.esta-officiel-usa.com\/de\/wp-json\/wp\/v2\/pages\/1159","targetHints":{"allow":["GET"]}}],"collection":[{"href":"https:\/\/www.esta-officiel-usa.com\/de\/wp-json\/wp\/v2\/pages"}],"about":[{"href":"https:\/\/www.esta-officiel-usa.com\/de\/wp-json\/wp\/v2\/types\/page"}],"author":[{"embeddable":true,"href":"https:\/\/www.esta-officiel-usa.com\/de\/wp-json\/wp\/v2\/users\/1"}],"replies":[{"embeddable":true,"href":"https:\/\/www.esta-officiel-usa.com\/de\/wp-json\/wp\/v2\/comments?post=1159"}],"version-history":[{"count":1,"href":"https:\/\/www.esta-officiel-usa.com\/de\/wp-json\/wp\/v2\/pages\/1159\/revisions"}],"predecessor-version":[{"id":1161,"href":"https:\/\/www.esta-officiel-usa.com\/de\/wp-json\/wp\/v2\/pages\/1159\/revisions\/1161"}],"wp:attachment":[{"href":"https:\/\/www.esta-officiel-usa.com\/de\/wp-json\/wp\/v2\/media?parent=1159"}],"curies":[{"name":"wp","href":"https:\/\/api.w.org\/{rel}","templated":true}]}}