{"id":1163,"date":"2025-09-13T12:01:34","date_gmt":"2025-09-13T12:01:34","guid":{"rendered":"https:\/\/www.esta-officiel-usa.com\/reisedokumente-fuer-die-usa\/"},"modified":"2025-09-13T12:01:35","modified_gmt":"2025-09-13T12:01:35","slug":"reisedokumente-fuer-die-usa","status":"publish","type":"page","link":"https:\/\/www.esta-officiel-usa.com\/de\/reisedokumente-fuer-die-usa\/","title":{"rendered":"Reisedokumente f\u00fcr die USA"},"content":{"rendered":"\n<h1 class=\"wp-block-heading\">Welche Reisedokumente der USA m\u00fcssen vorgelegt werden?<\/h1>\n\n<p>Jede Reise muss vorbereitet werden und eine Reise in die USA ist da nat\u00fcrlich keine Ausnahme. Die US-Beh\u00f6rden sind daf\u00fcr bekannt, dass sie die innere Sicherheit ihres Landes sehr ernst nehmen und werden keine Ausnahme machen. Hier finden Sie eine Liste der Reisedokumente, die Sie f\u00fcr einen Aufenthalt in den USA ben\u00f6tigen: Reisepass, Reisegenehmigung, ob Visum oder <a href=\"https:\/\/www.esta-officiel-usa.com\/de\/\">ESTA<\/a>, Fahrkarte, etc.  <\/p>\n\n<h2 class=\"wp-block-heading\">Liste der Reisedokumente f\u00fcr jeden Aufenthalt<\/h2>\n\n<h3 class=\"wp-block-heading\">Reisepass<\/h3>\n\n<p>Die erste Pflicht, die bei jeder Reise nach \nins Ausland zu beachten ist, ist der Reisepass, der nat\u00fcrlich eines der \nunverzichtbaren Reisedokumente ist. Mit Ausnahme von Reisen in den \nSchengen-Raum f\u00fcr EU-B\u00fcrger, wo ein Reisepass nicht \nerforderlich ist, aber empfohlen wird. <\/p>\n\n<p>F\u00fcr einen Aufenthalt in den USA oder die Durchreise durch die USA \nm\u00fcssen Sie jetzt einen elektronischen oder biometrischen Reisepass vorlegen.\n Um die Arten von Reisep\u00e4ssen zu unterscheiden, k\u00f6nnen Sie sich an\n dem Umschlag orientieren: Sowohl der elektronische Reisepass als auch der \nbiometrische Reisepass haben ein sicheres Symbol (Kreis in einem Rechteck), was \nmaschinenlesbare Reisep\u00e4sse nicht haben. Der biometrische Pass hat \nauch das Wort &#8222;Pass&#8220;, das direkt \u00fcber dem Symbol unterstrichen ist. Die \nAusstellungsdaten sind ebenfalls ein Unterscheidungsmerkmal: Die \nelektronischen P\u00e4sse wurden ab April in Umlauf gebracht \n2006 und die biometrischen P\u00e4sse ab Juni 2009.  <\/p>\n\n<p>Die im Chip\n des elektronischen Reisepasses gespeicherten Informationen sind der vollst\u00e4ndige Name, das Geburtsdatum, die\n Staatsangeh\u00f6rigkeit und die Passnummer. Der Chip des biometrischen Passes\n speichert dieselben Informationen sowie ein digitalisiertes Foto und die Fingerabdr\u00fccke \n. <\/p>\n\n<p>Es wird nicht mehr verlangt, dass der Reisepass noch mindestens sechs Monate nach dem Datum der Einreise in die USA g\u00fcltig ist, aber er muss f\u00fcr die Dauer des Aufenthalts g\u00fcltig sein. Es wird auch verlangt, dass der Reisepass gen\u00fcgend Seiten f\u00fcr den Ein- und Ausreisestempel enth\u00e4lt. <\/p>\n\n<h3 class=\"wp-block-heading\">Die Reisegenehmigung<\/h3>\n\n<p>Alle ausl\u00e4ndischen Staatsangeh\u00f6rigen m\u00fcssen vor der Einreise in die USA eine Reisegenehmigung \nbesitzen.<\/p>\n\n<h4 class=\"wp-block-heading\">DAS ESTA<\/h4>\n\n<p>\nAufgrund des elektronischen Formats k\u00f6nnten wir versucht sein, \neines der Reisedokumente zu vergessen, die f\u00fcr eine Reise in die USA erforderlich sind: das ESTA. Dies w\u00e4re ein gro\u00dfer Fehler, da \ndas Fehlen des ESTA ein g\u00fcltiger Grund ist, den Zugang zu einem Flugzeug oder \neinem Schiff zu verweigern. <\/p>\n\n<p>Die ESTA-Reisegenehmigung erm\u00f6glicht eine Kurzreise in die USA von bis zu 90 Tagen ohne Visum. Sie ist nur f\u00fcr Staatsangeh\u00f6rige von L\u00e4ndern, die am <a href=\"https:\/\/www.esta-officiel-usa.com\/fr\/a-propos-du-visa-waiver-program\/\">Visa Waiver Program<\/a> der US-Regierung teilnehmen. <\/p>\n\n<p>Bitte beachten Sie, dass Staatsangeh\u00f6rige von Irak, Iran, Syrien und Sudan \nnicht von ESTA profitieren k\u00f6nnen, auch wenn sie als doppelte Staatsangeh\u00f6rigkeit \neine der vom Programm akzeptierten Staatsangeh\u00f6rigkeiten haben.<\/p>\n\n<p>ESTA deckt nur vor\u00fcbergehende Aufenthalte von bis zu 90 Tagen ab, unabh\u00e4ngig davon, ob es sich um touristische oder gesch\u00e4ftliche Reisen auf dem Luft- oder Seeweg handelt. F\u00fcr Aufenthalte auf dem Landweg ist keine ESTA-Genehmigung erforderlich, aber auch hier sind <a href=\"https:\/\/www.esta-officiel-usa.com\/fr\/les-formalites-darrivee-aux-usa-par-voie-terrestre\/\">Formalit\u00e4ten<\/a> zu erledigen. <\/p>\n\n<p>F\u00fcr den Transit in die USA muss diese Genehmigung ebenfalls beantragt werden\n. \nEs ist jedoch nicht notwendig, f\u00fcr jeden Aufenthalt in den USA oder Zwischenstopp einen \nESTA-Antrag zu stellen, da das ESTA eine G\u00fcltigkeitsdauer von zwei Jahren hat (oder bis zum Ablauf des Reisepasses, wenn \nder Reisepass fr\u00fcher abl\u00e4uft). Bei einem neuen Reisepass oder \n\u00c4nderung seiner Daten muss ein neuer ESTA-Antrag \ngestellt werden.  <\/p>\n\n<p>Der ESTA-Antrag wird online in Form eines auszuf\u00fcllenden Formulars gestellt. Das ESTA-Formular ist auf der Website der US-Regierung verf\u00fcgbar. Um <a href=\"https:\/\/www.esta-officiel-usa.com\/de\/das-esta-formular-online-ausfuellen\/\">das Online-Formular auszuf\u00fcllen<\/a>, m\u00fcssen die pers\u00f6nlichen Daten des Antragstellers und die Reisedetails eingegeben werden. Achten Sie darauf, dass alle Informationen korrekt eingegeben werden, da sonst der Antrag auf Genehmigung abgelehnt werden kann.   <\/p>\n\n<p>Das Formular wird durch eine Reihe geschlossener Fragen \n(Antwortm\u00f6glichkeiten: nur ja oder nein) erg\u00e4nzt, die sich auf die geistige und k\u00f6rperliche Gesundheit \ndes Antragstellers, seinen juristischen Hintergrund, seine Einstellung \ngegen\u00fcber Gesetzen usw. beziehen. Die letzte Frage bezieht sich auf einen m\u00f6glichen Aufenthalt \nim Irak, Iran, Libyen, Jemen, Syrien, Somalia und Sudan seit dem \n01. M\u00e4rz 2011. Ein solcher Aufenthalt wird als Hindernis\n f\u00fcr den Erhalt eines ESTA angesehen.  <\/p>\n\n<p>Der Online-Antrag wird best\u00e4tigt, sobald die ESTA-Zahlung erfolgt ist. Die Antwort kann sofort oder innerhalb von 72 Stunden erteilt werden. <\/p>\n\n<h4 class=\"wp-block-heading\">Das US-Visum<\/h4>\n\n<p>Im Gegensatz zum ESTA wird das Visum auf eine Seite des \nReisepasses geklebt, so dass diese Dokumente (Visum und Reisepass) als \nReisedokumente gelten, die Sie auf keinen Fall vergessen sollten.<\/p>\n\n<p>Das Visum erfordert ein l\u00e4ngeres Verfahren, da ein Termin mit einem Konsularbeamten \nwerden muss, was den Besuch der US-Botschaft \nvoraussetzt.<\/p>\n\n<p>F\u00fcr jede Art von Aufenthalt gibt es ein Visum. Es gibt zwei Arten von Visa: Einwanderervisa (z. B. Green Card f\u00fcr Daueraufenthalter) und Nicht-Einwanderervisa<a href=\"https:\/\/www.esta-officiel-usa.com\/de\/b1-und-b2-visum-fuer-die-einreise-in-die-usa\/\">(z. B. Touristenvisum<\/a>). Ein <a href=\"https:\/\/www.esta-officiel-usa.com\/fr\/la-liste-des-visas-pour-les-usa\/\">Visum<\/a> f\u00fcr einen Studienaufenthalt in den USA ist nicht dasselbe wie ein Visum f\u00fcr einen Arbeitsaufenthalt.  <\/p>\n\n<p>Der Visumantrag muss vor dem Besuch der US-Botschaft unter \nausgef\u00fcllt werden. Der Antrag muss das Formular \nDS-160 , den Nachweis \u00fcber die Zahlung der Visageb\u00fchren und mindestens ein Passfoto \nenthalten. Die Unterlagen, die zur Unterst\u00fctzung des Antrags ben\u00f6tigt werden, h\u00e4ngen \nvon der Art des beantragten Visums ab.    <\/p>\n\n<p>Bei einem l\u00e4ngeren Aufenthalt kann der Abschluss einer Reiseversicherung oder einer amerikanischen Privatversicherung eine gute Idee sein, um m\u00f6gliche medizinische Kosten vor Ort zu decken. Einige Visa erfordern auch den Nachweis ausreichender finanzieller Mittel oder den Nachweis famili\u00e4rer Bindungen etc. <\/p>\n\n<h2 class=\"wp-block-heading\">Passieren des US-Zolls<\/h2>\n\n<p>Mehrere Reisedokumente k\u00f6nnen vom Einwanderungsbeamten \nam Einreiseort verlangt werden. Die Liste h\u00e4ngt von der Art des Aufenthalts ab. <\/p>\n\n<p>F\u00fcr die Sicherheit wird das blaue Formular 6059B verlangt, das vom\n Bordpersonal w\u00e4hrend des Fluges oder der \u00dcberfahrt ausgeh\u00e4ndigt wird. F\u00fcr Reisende \nohne ESTA wird auch das gr\u00fcne Formular I94W verlangt. <\/p>\n\n<p>Bei Kurzaufenthalten, die unter ESTA fallen, kann es sein, dass \nder Beamte das R\u00fcck- oder Weiterflugticket sehen m\u00f6chte. Die \nAusreise muss sp\u00e4testens 90 Tage nach \nder Ankunft erfolgen.<\/p>\n\n<p>Bitte beachten Sie, dass es nicht erforderlich ist, die elektronische Reisegenehmigung \nESTA auszudrucken. Die ESTA-Genehmigung kann elektronisch von \ndem Zollbeamten eingesehen werden. <\/p>\n\n<p>Der Einwanderungsbeamte wird neben den Reisedokumenten zweifellos \neinige Fragen zum Aufenthalt stellen, ein Foto und die \nFingerabdr\u00fccke nehmen.<\/p>\n","protected":false},"excerpt":{"rendered":"<p>Welche Reisedokumente der USA m\u00fcssen vorgelegt werden? Jede Reise muss vorbereitet werden und eine Reise in die USA ist da nat\u00fcrlich keine Ausnahme. Die US-Beh\u00f6rden sind daf\u00fcr bekannt, dass sie die innere Sicherheit ihres Landes sehr ernst nehmen und werden keine Ausnahme machen. Hier finden Sie eine Liste der Reisedokumente, die Sie f\u00fcr einen Aufenthalt [&hellip;]<\/p>\n","protected":false},"author":1,"featured_media":0,"parent":0,"menu_order":0,"comment_status":"closed","ping_status":"closed","template":"","meta":{"footnotes":""},"class_list":["post-1163","page","type-page","status-publish","hentry"],"yoast_head":"<!-- This site is optimized with the Yoast SEO plugin v26.2 - https:\/\/yoast.com\/wordpress\/plugins\/seo\/ -->\n<title>Reisedokumente f\u00fcr die USA<\/title>\n<meta name=\"description\" content=\"Hier finden Sie eine Liste der Reisedokumente, die Sie f\u00fcr einen Aufenthalt in den USA ben\u00f6tigen: Reisepass und Reisegenehmigung.\" \/>\n<meta name=\"robots\" content=\"index, follow, max-snippet:-1, max-image-preview:large, max-video-preview:-1\" \/>\n<link rel=\"canonical\" href=\"https:\/\/www.esta-officiel-usa.com\/de\/reisedokumente-fuer-die-usa\/\" \/>\n<meta property=\"og:locale\" content=\"de_DE\" \/>\n<meta property=\"og:type\" content=\"article\" \/>\n<meta property=\"og:title\" content=\"Reisedokumente f\u00fcr die USA\" \/>\n<meta property=\"og:description\" content=\"Hier finden Sie eine Liste der Reisedokumente, die Sie f\u00fcr einen Aufenthalt in den USA ben\u00f6tigen: Reisepass und Reisegenehmigung.\" \/>\n<meta property=\"og:url\" content=\"https:\/\/www.esta-officiel-usa.com\/de\/reisedokumente-fuer-die-usa\/\" \/>\n<meta property=\"og:site_name\" content=\"ESTA - Vereinigte Staaten\" \/>\n<meta property=\"article:modified_time\" content=\"2025-09-13T12:01:35+00:00\" \/>\n<meta name=\"twitter:card\" content=\"summary_large_image\" \/>\n<meta name=\"twitter:label1\" content=\"Gesch\u00e4tzte Lesezeit\" \/>\n\t<meta name=\"twitter:data1\" content=\"5\u00a0Minuten\" \/>\n<script type=\"application\/ld+json\" class=\"yoast-schema-graph\">{\"@context\":\"https:\/\/schema.org\",\"@graph\":[{\"@type\":\"WebPage\",\"@id\":\"https:\/\/www.esta-officiel-usa.com\/de\/reisedokumente-fuer-die-usa\/\",\"url\":\"https:\/\/www.esta-officiel-usa.com\/de\/reisedokumente-fuer-die-usa\/\",\"name\":\"Reisedokumente f\u00fcr die USA\",\"isPartOf\":{\"@id\":\"https:\/\/www.esta-officiel-usa.com\/de\/#website\"},\"datePublished\":\"2025-09-13T12:01:34+00:00\",\"dateModified\":\"2025-09-13T12:01:35+00:00\",\"description\":\"Hier finden Sie eine Liste der Reisedokumente, die Sie f\u00fcr einen Aufenthalt in den USA ben\u00f6tigen: Reisepass und Reisegenehmigung.\",\"breadcrumb\":{\"@id\":\"https:\/\/www.esta-officiel-usa.com\/de\/reisedokumente-fuer-die-usa\/#breadcrumb\"},\"inLanguage\":\"de\",\"potentialAction\":[{\"@type\":\"ReadAction\",\"target\":[\"https:\/\/www.esta-officiel-usa.com\/de\/reisedokumente-fuer-die-usa\/\"]}]},{\"@type\":\"BreadcrumbList\",\"@id\":\"https:\/\/www.esta-officiel-usa.com\/de\/reisedokumente-fuer-die-usa\/#breadcrumb\",\"itemListElement\":[{\"@type\":\"ListItem\",\"position\":1,\"name\":\"Home\",\"item\":\"https:\/\/www.esta-officiel-usa.com\/de\/\"},{\"@type\":\"ListItem\",\"position\":2,\"name\":\"Reisedokumente f\u00fcr die USA\"}]},{\"@type\":\"WebSite\",\"@id\":\"https:\/\/www.esta-officiel-usa.com\/de\/#website\",\"url\":\"https:\/\/www.esta-officiel-usa.com\/de\/\",\"name\":\"ESTA - Vereinigte Staaten\",\"description\":\"ESTA-Antragsformular\",\"potentialAction\":[{\"@type\":\"SearchAction\",\"target\":{\"@type\":\"EntryPoint\",\"urlTemplate\":\"https:\/\/www.esta-officiel-usa.com\/de\/?s={search_term_string}\"},\"query-input\":{\"@type\":\"PropertyValueSpecification\",\"valueRequired\":true,\"valueName\":\"search_term_string\"}}],\"inLanguage\":\"de\"}]}<\/script>\n<!-- \/ Yoast SEO plugin. -->","yoast_head_json":{"title":"Reisedokumente f\u00fcr die USA","description":"Hier finden Sie eine Liste der Reisedokumente, die Sie f\u00fcr einen Aufenthalt in den USA ben\u00f6tigen: Reisepass und Reisegenehmigung.","robots":{"index":"index","follow":"follow","max-snippet":"max-snippet:-1","max-image-preview":"max-image-preview:large","max-video-preview":"max-video-preview:-1"},"canonical":"https:\/\/www.esta-officiel-usa.com\/de\/reisedokumente-fuer-die-usa\/","og_locale":"de_DE","og_type":"article","og_title":"Reisedokumente f\u00fcr die USA","og_description":"Hier finden Sie eine Liste der Reisedokumente, die Sie f\u00fcr einen Aufenthalt in den USA ben\u00f6tigen: Reisepass und Reisegenehmigung.","og_url":"https:\/\/www.esta-officiel-usa.com\/de\/reisedokumente-fuer-die-usa\/","og_site_name":"ESTA - Vereinigte Staaten","article_modified_time":"2025-09-13T12:01:35+00:00","twitter_card":"summary_large_image","twitter_misc":{"Gesch\u00e4tzte Lesezeit":"5\u00a0Minuten"},"schema":{"@context":"https:\/\/schema.org","@graph":[{"@type":"WebPage","@id":"https:\/\/www.esta-officiel-usa.com\/de\/reisedokumente-fuer-die-usa\/","url":"https:\/\/www.esta-officiel-usa.com\/de\/reisedokumente-fuer-die-usa\/","name":"Reisedokumente f\u00fcr die USA","isPartOf":{"@id":"https:\/\/www.esta-officiel-usa.com\/de\/#website"},"datePublished":"2025-09-13T12:01:34+00:00","dateModified":"2025-09-13T12:01:35+00:00","description":"Hier finden Sie eine Liste der Reisedokumente, die Sie f\u00fcr einen Aufenthalt in den USA ben\u00f6tigen: Reisepass und Reisegenehmigung.","breadcrumb":{"@id":"https:\/\/www.esta-officiel-usa.com\/de\/reisedokumente-fuer-die-usa\/#breadcrumb"},"inLanguage":"de","potentialAction":[{"@type":"ReadAction","target":["https:\/\/www.esta-officiel-usa.com\/de\/reisedokumente-fuer-die-usa\/"]}]},{"@type":"BreadcrumbList","@id":"https:\/\/www.esta-officiel-usa.com\/de\/reisedokumente-fuer-die-usa\/#breadcrumb","itemListElement":[{"@type":"ListItem","position":1,"name":"Home","item":"https:\/\/www.esta-officiel-usa.com\/de\/"},{"@type":"ListItem","position":2,"name":"Reisedokumente f\u00fcr die USA"}]},{"@type":"WebSite","@id":"https:\/\/www.esta-officiel-usa.com\/de\/#website","url":"https:\/\/www.esta-officiel-usa.com\/de\/","name":"ESTA - Vereinigte Staaten","description":"ESTA-Antragsformular","potentialAction":[{"@type":"SearchAction","target":{"@type":"EntryPoint","urlTemplate":"https:\/\/www.esta-officiel-usa.com\/de\/?s={search_term_string}"},"query-input":{"@type":"PropertyValueSpecification","valueRequired":true,"valueName":"search_term_string"}}],"inLanguage":"de"}]}},"_links":{"self":[{"href":"https:\/\/www.esta-officiel-usa.com\/de\/wp-json\/wp\/v2\/pages\/1163","targetHints":{"allow":["GET"]}}],"collection":[{"href":"https:\/\/www.esta-officiel-usa.com\/de\/wp-json\/wp\/v2\/pages"}],"about":[{"href":"https:\/\/www.esta-officiel-usa.com\/de\/wp-json\/wp\/v2\/types\/page"}],"author":[{"embeddable":true,"href":"https:\/\/www.esta-officiel-usa.com\/de\/wp-json\/wp\/v2\/users\/1"}],"replies":[{"embeddable":true,"href":"https:\/\/www.esta-officiel-usa.com\/de\/wp-json\/wp\/v2\/comments?post=1163"}],"version-history":[{"count":1,"href":"https:\/\/www.esta-officiel-usa.com\/de\/wp-json\/wp\/v2\/pages\/1163\/revisions"}],"predecessor-version":[{"id":1164,"href":"https:\/\/www.esta-officiel-usa.com\/de\/wp-json\/wp\/v2\/pages\/1163\/revisions\/1164"}],"wp:attachment":[{"href":"https:\/\/www.esta-officiel-usa.com\/de\/wp-json\/wp\/v2\/media?parent=1163"}],"curies":[{"name":"wp","href":"https:\/\/api.w.org\/{rel}","templated":true}]}}