{"id":1168,"date":"2025-09-13T12:01:38","date_gmt":"2025-09-13T12:01:38","guid":{"rendered":"https:\/\/www.esta-officiel-usa.com\/welche-regeln-gelten-fuer-den-erhalt-von-esta\/"},"modified":"2025-09-13T12:01:38","modified_gmt":"2025-09-13T12:01:38","slug":"welche-regeln-gelten-fuer-den-erhalt-von-esta","status":"publish","type":"page","link":"https:\/\/www.esta-officiel-usa.com\/de\/welche-regeln-gelten-fuer-den-erhalt-von-esta\/","title":{"rendered":"Welche Regeln gelten f\u00fcr den Erhalt von ESTA?"},"content":{"rendered":"\n<h1 class=\"wp-block-heading\">WELCHE REGELN GELTEN F\u00dcR DIE ERLANGUNG DES ESTA?<\/h1>\n\n<p>Mit<a href=\"https:\/\/www.esta-officiel-usa.com\/de\/\">ESTA<\/a> k\u00f6nnen Sie ohne Visum in die USA reisen. Um ein ESTA zu erhalten, m\u00fcssen Sie ein Formular ausf\u00fcllen und eine Reihe von geschlossenen Fragen (Ja oder Nein) beantworten. Bevor Sie beginnen, m\u00fcssen Sie wissen, welche ESTA-Bestimmungen gelten.  <\/p>\n\n<h2 class=\"wp-block-heading\">ESTA, REGELN F\u00dcR DEN ERHALT<\/h2>\n\n<p>Die ESTA-Reisegenehmigung ist relativ einfach zu erhalten, vorausgesetzt nat\u00fcrlich, dass die Regeln f\u00fcr den Erhalt eingehalten werden.<\/p>\n\n<p>ESTA ist nur f\u00fcr Staatsangeh\u00f6rige der L\u00e4nder verf\u00fcgbar, die am Visa Waiver Program teilnehmen. Das Visa Waiver Program hat derzeit <a href=\"https:\/\/www.esta-officiel-usa.com\/fr\/les-38-pays-partenaires-du-visa-waiver-program\/\">38 Mitgliedsstaaten<\/a>, darunter auch Frankreich. Die US-Regierung hat jedoch eine Einschr\u00e4nkung vorgenommen: Personen mit doppelter Staatsb\u00fcrgerschaft, die neben den vom Programm akzeptierten Staatsangeh\u00f6rigkeiten noch die irakische, syrische oder sudanesische Staatsangeh\u00f6rigkeit besitzen, d\u00fcrfen im Rahmen des ESTA-Programms nicht in die USA einreisen. Diese B\u00fcrger mit doppelter Staatsangeh\u00f6rigkeit m\u00fcssen bei der US-Botschaft ein US-Visum beantragen.   <\/p>\n\n<p>F\u00fcr ESTA ist ein Reisepass erforderlich, der f\u00fcr die gesamte Dauer des Aufenthalts g\u00fcltig ist. Es werden nur elektronische und biometrische Reisep\u00e4sse akzeptiert. <\/p>\n\n<p>Die Aufenthaltsdauer in den USA ist auf maximal 90 Tage begrenzt. Der Einwanderungsbeamte am Einreiseort kann verlangen, eine Ausreise zu sehen, unabh\u00e4ngig davon, ob es sich um ein R\u00fcckflug- oder Weiterflugticket handelt, das diese Klausel f\u00fcr einen vor\u00fcbergehenden Aufenthalt erf\u00fcllt. ESTA ist f\u00fcr alle Reisen in die USA erforderlich, einschlie\u00dflich Zwischenlandungen.  <\/p>\n\n<p>Aus Sicherheitsgr\u00fcnden sind die US-Beh\u00f6rden der Ansicht, dass alle Personen, die seit dem 01. M\u00e4rz 2011 in den Irak, Iran, Libyen, Syrien, Jemen, Sudan und Somalia gereist sind, eine Bedrohung f\u00fcr die innere Sicherheit der USA darstellen k\u00f6nnen. Daher wird ihr ESTA-Antrag abgelehnt und sie m\u00fcssen sich an die US-Botschaft wenden, um ein Visum zu beantragen. Diese Regel gilt jedoch nicht f\u00fcr Soldaten und Diplomaten in offizieller Mission.  <\/p>\n\n<p>Der Antrag kann nur \u00fcber das Internet gestellt werden. Der ESTA-Antrag erfolgt \u00fcber ein Online-Formular, das auf der Website der Regierung oder auf einer privaten Website wie der unseren zur pers\u00f6nlichen Unterst\u00fctzung zur Verf\u00fcgung gestellt wird. Es ist nicht n\u00f6tig, die US-Botschaft aufzusuchen.    <\/p>\n\n<p>Wir betonen, dass alle diese Regeln f\u00fcr den Erhalt von ESTA eingehalten werden m\u00fcssen, wenn Sie einen ESTA-Antrag stellen.<\/p>\n\n<h2 class=\"wp-block-heading\">DIE REGELN DER ESTA<\/h2>\n\n<p>Zu den Regeln f\u00fcr den Erhalt von ESTA kommen die Bedingungen hinzu, die das ESTA selbst definieren.<\/p>\n\n<p>ESTA ist eine kostenpflichtige Reisegenehmigung (14 $), die vor dem Aufenthalt in den USA beantragt werden muss. Es garantiert nicht die Einreise in die USA, die Entscheidung dar\u00fcber liegt beim Einwanderungsbeamten. <\/p>\n\n<p>Sie ist nur f\u00fcr Reisen auf dem See- und Luftweg vorgeschrieben. Dies bedeutet, dass <a href=\"https:\/\/www.esta-officiel-usa.com\/fr\/les-formalites-darrivee-aux-usa-par-voie-terrestre\/\">Landreisen <\/a>aus Kanada oder Mexiko ausgenommen sind. <\/p>\n\n<p>ESTA erlaubt nur kurzfristige touristische Aufenthalte und Gesch\u00e4ftsreisen. Es geht nicht darum, in den USA zu wohnen, zu studieren oder ein Praktikum in den USA zu absolvieren. <\/p>\n\n<p>Die ESTA-Genehmigung hat eine G\u00fcltigkeitsdauer von zwei Jahren oder bis zum Ablauf des Reisepasses, wenn dieser vor dem offiziellen Ende der G\u00fcltigkeitsdauer eintritt.<\/p>\n\n<p>Das ESTA ist also an den Reisepass gebunden, was zwei Dinge bedeutet. Zweitens muss jede Person, die in die USA reist, einen Reisepass besitzen, auch Minderj\u00e4hrige jeden Alters. <\/p>\n\n<p>Die letzte Regel betrifft die Richtigkeit der Informationen, die Sie \u00fcber das ESTA-Formular oder bei der Beantwortung des Fragebogens angegeben haben. Die Versuchung, zu l\u00fcgen, kann gro\u00df sein, insbesondere wenn ein erster ESTA-Antrag abgelehnt wurde, insbesondere aufgrund einer positiven Antwort auf den Fragebogen. Wir raten Ihnen dringend davon ab, da die US-Beh\u00f6rden sehr streng sind, wenn sie der Meinung sind, dass die nationale Sicherheit des Landes auf dem Spiel steht.  <\/p>\n\n<p>Beachten Sie, dass ein Antrag auf ESTA-Genehmigung wahrscheinlich abgelehnt wird, wenn zuvor ein Visumantrag von der Botschaft abgelehnt wurde.<\/p>\n","protected":false},"excerpt":{"rendered":"<p>WELCHE REGELN GELTEN F\u00dcR DIE ERLANGUNG DES ESTA? MitESTA k\u00f6nnen Sie ohne Visum in die USA reisen. Um ein ESTA zu erhalten, m\u00fcssen Sie ein Formular ausf\u00fcllen und eine Reihe von geschlossenen Fragen (Ja oder Nein) beantworten. Bevor Sie beginnen, m\u00fcssen Sie wissen, welche ESTA-Bestimmungen gelten. ESTA, REGELN F\u00dcR DEN ERHALT Die ESTA-Reisegenehmigung ist relativ [&hellip;]<\/p>\n","protected":false},"author":1,"featured_media":0,"parent":0,"menu_order":0,"comment_status":"closed","ping_status":"closed","template":"","meta":{"footnotes":""},"class_list":["post-1168","page","type-page","status-publish","hentry"],"yoast_head":"<!-- This site is optimized with the Yoast SEO plugin v26.2 - https:\/\/yoast.com\/wordpress\/plugins\/seo\/ -->\n<title>Welche Regeln gelten f\u00fcr den Erhalt von ESTA?<\/title>\n<meta name=\"description\" content=\"Um Ihr ESTA zu erhalten, m\u00fcssen Sie ein Formular ausf\u00fcllen und eine Reihe von geschlossenen Fragen beantworten.\" \/>\n<meta name=\"robots\" content=\"index, follow, max-snippet:-1, max-image-preview:large, max-video-preview:-1\" \/>\n<link rel=\"canonical\" href=\"https:\/\/www.esta-officiel-usa.com\/de\/welche-regeln-gelten-fuer-den-erhalt-von-esta\/\" \/>\n<meta property=\"og:locale\" content=\"de_DE\" \/>\n<meta property=\"og:type\" content=\"article\" \/>\n<meta property=\"og:title\" content=\"Welche Regeln gelten f\u00fcr den Erhalt von ESTA?\" \/>\n<meta property=\"og:description\" content=\"Um Ihr ESTA zu erhalten, m\u00fcssen Sie ein Formular ausf\u00fcllen und eine Reihe von geschlossenen Fragen beantworten.\" \/>\n<meta property=\"og:url\" content=\"https:\/\/www.esta-officiel-usa.com\/de\/welche-regeln-gelten-fuer-den-erhalt-von-esta\/\" \/>\n<meta property=\"og:site_name\" content=\"ESTA - Vereinigte Staaten\" \/>\n<meta name=\"twitter:card\" content=\"summary_large_image\" \/>\n<meta name=\"twitter:label1\" content=\"Gesch\u00e4tzte Lesezeit\" \/>\n\t<meta name=\"twitter:data1\" content=\"3\u00a0Minuten\" \/>\n<script type=\"application\/ld+json\" class=\"yoast-schema-graph\">{\"@context\":\"https:\/\/schema.org\",\"@graph\":[{\"@type\":\"WebPage\",\"@id\":\"https:\/\/www.esta-officiel-usa.com\/de\/welche-regeln-gelten-fuer-den-erhalt-von-esta\/\",\"url\":\"https:\/\/www.esta-officiel-usa.com\/de\/welche-regeln-gelten-fuer-den-erhalt-von-esta\/\",\"name\":\"Welche Regeln gelten f\u00fcr den Erhalt von ESTA?\",\"isPartOf\":{\"@id\":\"https:\/\/www.esta-officiel-usa.com\/de\/#website\"},\"datePublished\":\"2025-09-13T12:01:38+00:00\",\"description\":\"Um Ihr ESTA zu erhalten, m\u00fcssen Sie ein Formular ausf\u00fcllen und eine Reihe von geschlossenen Fragen beantworten.\",\"breadcrumb\":{\"@id\":\"https:\/\/www.esta-officiel-usa.com\/de\/welche-regeln-gelten-fuer-den-erhalt-von-esta\/#breadcrumb\"},\"inLanguage\":\"de\",\"potentialAction\":[{\"@type\":\"ReadAction\",\"target\":[\"https:\/\/www.esta-officiel-usa.com\/de\/welche-regeln-gelten-fuer-den-erhalt-von-esta\/\"]}]},{\"@type\":\"BreadcrumbList\",\"@id\":\"https:\/\/www.esta-officiel-usa.com\/de\/welche-regeln-gelten-fuer-den-erhalt-von-esta\/#breadcrumb\",\"itemListElement\":[{\"@type\":\"ListItem\",\"position\":1,\"name\":\"Home\",\"item\":\"https:\/\/www.esta-officiel-usa.com\/de\/\"},{\"@type\":\"ListItem\",\"position\":2,\"name\":\"Welche Regeln gelten f\u00fcr den Erhalt von ESTA?\"}]},{\"@type\":\"WebSite\",\"@id\":\"https:\/\/www.esta-officiel-usa.com\/de\/#website\",\"url\":\"https:\/\/www.esta-officiel-usa.com\/de\/\",\"name\":\"ESTA - Vereinigte Staaten\",\"description\":\"ESTA-Antragsformular\",\"potentialAction\":[{\"@type\":\"SearchAction\",\"target\":{\"@type\":\"EntryPoint\",\"urlTemplate\":\"https:\/\/www.esta-officiel-usa.com\/de\/?s={search_term_string}\"},\"query-input\":{\"@type\":\"PropertyValueSpecification\",\"valueRequired\":true,\"valueName\":\"search_term_string\"}}],\"inLanguage\":\"de\"}]}<\/script>\n<!-- \/ Yoast SEO plugin. -->","yoast_head_json":{"title":"Welche Regeln gelten f\u00fcr den Erhalt von ESTA?","description":"Um Ihr ESTA zu erhalten, m\u00fcssen Sie ein Formular ausf\u00fcllen und eine Reihe von geschlossenen Fragen beantworten.","robots":{"index":"index","follow":"follow","max-snippet":"max-snippet:-1","max-image-preview":"max-image-preview:large","max-video-preview":"max-video-preview:-1"},"canonical":"https:\/\/www.esta-officiel-usa.com\/de\/welche-regeln-gelten-fuer-den-erhalt-von-esta\/","og_locale":"de_DE","og_type":"article","og_title":"Welche Regeln gelten f\u00fcr den Erhalt von ESTA?","og_description":"Um Ihr ESTA zu erhalten, m\u00fcssen Sie ein Formular ausf\u00fcllen und eine Reihe von geschlossenen Fragen beantworten.","og_url":"https:\/\/www.esta-officiel-usa.com\/de\/welche-regeln-gelten-fuer-den-erhalt-von-esta\/","og_site_name":"ESTA - Vereinigte Staaten","twitter_card":"summary_large_image","twitter_misc":{"Gesch\u00e4tzte Lesezeit":"3\u00a0Minuten"},"schema":{"@context":"https:\/\/schema.org","@graph":[{"@type":"WebPage","@id":"https:\/\/www.esta-officiel-usa.com\/de\/welche-regeln-gelten-fuer-den-erhalt-von-esta\/","url":"https:\/\/www.esta-officiel-usa.com\/de\/welche-regeln-gelten-fuer-den-erhalt-von-esta\/","name":"Welche Regeln gelten f\u00fcr den Erhalt von ESTA?","isPartOf":{"@id":"https:\/\/www.esta-officiel-usa.com\/de\/#website"},"datePublished":"2025-09-13T12:01:38+00:00","description":"Um Ihr ESTA zu erhalten, m\u00fcssen Sie ein Formular ausf\u00fcllen und eine Reihe von geschlossenen Fragen beantworten.","breadcrumb":{"@id":"https:\/\/www.esta-officiel-usa.com\/de\/welche-regeln-gelten-fuer-den-erhalt-von-esta\/#breadcrumb"},"inLanguage":"de","potentialAction":[{"@type":"ReadAction","target":["https:\/\/www.esta-officiel-usa.com\/de\/welche-regeln-gelten-fuer-den-erhalt-von-esta\/"]}]},{"@type":"BreadcrumbList","@id":"https:\/\/www.esta-officiel-usa.com\/de\/welche-regeln-gelten-fuer-den-erhalt-von-esta\/#breadcrumb","itemListElement":[{"@type":"ListItem","position":1,"name":"Home","item":"https:\/\/www.esta-officiel-usa.com\/de\/"},{"@type":"ListItem","position":2,"name":"Welche Regeln gelten f\u00fcr den Erhalt von ESTA?"}]},{"@type":"WebSite","@id":"https:\/\/www.esta-officiel-usa.com\/de\/#website","url":"https:\/\/www.esta-officiel-usa.com\/de\/","name":"ESTA - Vereinigte Staaten","description":"ESTA-Antragsformular","potentialAction":[{"@type":"SearchAction","target":{"@type":"EntryPoint","urlTemplate":"https:\/\/www.esta-officiel-usa.com\/de\/?s={search_term_string}"},"query-input":{"@type":"PropertyValueSpecification","valueRequired":true,"valueName":"search_term_string"}}],"inLanguage":"de"}]}},"_links":{"self":[{"href":"https:\/\/www.esta-officiel-usa.com\/de\/wp-json\/wp\/v2\/pages\/1168","targetHints":{"allow":["GET"]}}],"collection":[{"href":"https:\/\/www.esta-officiel-usa.com\/de\/wp-json\/wp\/v2\/pages"}],"about":[{"href":"https:\/\/www.esta-officiel-usa.com\/de\/wp-json\/wp\/v2\/types\/page"}],"author":[{"embeddable":true,"href":"https:\/\/www.esta-officiel-usa.com\/de\/wp-json\/wp\/v2\/users\/1"}],"replies":[{"embeddable":true,"href":"https:\/\/www.esta-officiel-usa.com\/de\/wp-json\/wp\/v2\/comments?post=1168"}],"version-history":[{"count":1,"href":"https:\/\/www.esta-officiel-usa.com\/de\/wp-json\/wp\/v2\/pages\/1168\/revisions"}],"predecessor-version":[{"id":1171,"href":"https:\/\/www.esta-officiel-usa.com\/de\/wp-json\/wp\/v2\/pages\/1168\/revisions\/1171"}],"wp:attachment":[{"href":"https:\/\/www.esta-officiel-usa.com\/de\/wp-json\/wp\/v2\/media?parent=1168"}],"curies":[{"name":"wp","href":"https:\/\/api.w.org\/{rel}","templated":true}]}}