{"id":1175,"date":"2025-09-13T12:01:41","date_gmt":"2025-09-13T12:01:41","guid":{"rendered":"https:\/\/www.esta-officiel-usa.com\/was-ist-die-esta-genehmigung\/"},"modified":"2025-09-13T12:01:42","modified_gmt":"2025-09-13T12:01:42","slug":"was-ist-die-esta-genehmigung","status":"publish","type":"page","link":"https:\/\/www.esta-officiel-usa.com\/de\/was-ist-die-esta-genehmigung\/","title":{"rendered":"Was ist die ESTA-Genehmigung?"},"content":{"rendered":"\n<h1 class=\"wp-block-heading\">ESTA-GENEHMIGUNG F\u00dcR DIE USA<\/h1>\n\n<p>Mit 75 Millionen Besuchern pro Jahr sind die USA eines der beliebtesten Reiseziele f\u00fcr internationale Touristen. W\u00e4hrend die meisten von ihnen ein <a href=\"https:\/\/www.esta-officiel-usa.com\/de\/der-unterschied-zwischen-einem-esta-und-einem-visumantrag\/\">USA-Visum ben\u00f6tigen, um in die USA<\/a> einreisen zu k\u00f6nnen, k\u00f6nnen andere vom VWP profitieren und eine <a href=\"https:\/\/www.esta-officiel-usa.com\/de\/\">ESTA-Genehmigung<\/a> erhalten. <\/p>\n\n<h2 class=\"wp-block-heading\">WAS IST DIE ESTA-GENEHMIGUNG?<\/h2>\n\n<p>Die ESTA-Genehmigung ist ein <a href=\"https:\/\/www.esta-officiel-usa.com\/fr\/le-formulaire-esta-pour-les-usa-a-completer\/\">Formular<\/a>, das von Reisenden ausgef\u00fcllt werden muss, die in die USA reisen m\u00f6chten, um dort Urlaub zu machen oder gesch\u00e4ftlich t\u00e4tig zu sein.<\/p>\n\n<p>Dieses <a href=\"https:\/\/www.esta-officiel-usa.com\/fr\/la-procedure-esta-pour-etats-unis\/\">Verfahren<\/a> erspart die Beantragung eines Visums, dessen <a href=\"https:\/\/www.esta-officiel-usa.com\/fr\/le-prix-dun-esta\/\">Preis<\/a> und Bearbeitungszeit wesentlich h\u00f6her sind als die der ESTA-Genehmigung. Das Programm f\u00fcr visumfreies Reisen ist f\u00fcr die B\u00fcrger der 38 teilnehmenden L\u00e4nder <a href=\"https:\/\/www.esta-officiel-usa.com\/fr\/formulaire-esta-a-qui-est-il-destine\/\">bestimmt<\/a>. Das Programm erm\u00f6glicht ihnen unter bestimmten <a href=\"https:\/\/www.esta-officiel-usa.com\/fr\/les-conditions-a-respecter-pour-obtenir-le-visa-usa\/\">Bedingungen<\/a> einen vereinfachten Zugang zu den USA:  <\/p>\n\n<ul class=\"wp-block-list\"><li>Ein Aufenthalt von bis zu 90 Tagen ;<\/li><li>Ein R\u00fcckflug- oder Weiterflugticket besitzen ;<\/li><li>Besitz eines elektronischen oder biometrischen Reisepasses.<\/li><\/ul>\n\n<p>Es ist wichtig zu beachten, dass die ESTA-Genehmigung keine 100%ige Garantie daf\u00fcr ist, dass Sie den Flughafen verlassen k\u00f6nnen. Die endg\u00fcltige Entscheidung liegt beim Zollbeamten. Wenn Sie Ihr Formular jedoch wahrheitsgem\u00e4\u00df ausgef\u00fcllt haben und keine verbotenen Gegenst\u00e4nde mit sich f\u00fchren, brauchen Sie sich keine Sorgen zu machen, da die Kontrolle nur ein Routineverfahren ist.  <\/p>\n\n<h2 class=\"wp-block-heading\">WIE KANN ICH EINE ESTA-GENEHMIGUNG ERHALTEN?<\/h2>\n\n<p>Um Ihre ESTA-Genehmigung <a href=\"https:\/\/www.esta-officiel-usa.com\/fr\/obtenir-un-esta-en-ligne\/\">online<\/a> abzuholen, haben Sie zwei M\u00f6glichkeiten:<\/p>\n\n<ul class=\"wp-block-list\"><li>Die erste M\u00f6glichkeit ist, direkt auf die offizielle Website der US-Regierung zu gehen;<\/li><li>Die zweite M\u00f6glichkeit besteht darin, Ihren Antrag an eine spezialisierte Website wie esta-officiel-usa.com zu verweisen.<\/li><\/ul>\n\n<p>Die Erteilung einer ESTA-Genehmigung kann kompliziert sein. Sie m\u00fcssen ein dreiteiliges <a href=\"https:\/\/www.esta-officiel-usa.com\/de\/das-esta-formular-online-ausfuellen\/\">Formular<\/a> \u00fcber Ihre Identit\u00e4t, Ihren Reisepass und Ihren Aufenthalt ausf\u00fcllen und eine Reihe von Fragen (nur mit Ja oder Nein zu beantworten) \u00fcber Ihre Vorstrafen oder Ihren Gesundheitszustand beantworten. <\/p>\n\n<p>Auf unserer Online-Plattform \u00fcbernehmen wir alle Formalit\u00e4ten in Ihrem Namen. Wir stellen Ihnen auch ein Formular in <a href=\"https:\/\/www.esta-officiel-usa.com\/fr\/le-formulaire-esta-usa-en-francais\/\">deutscher<\/a> Sprache zur Verf\u00fcgung und \u00fcberpr\u00fcfen (und korrigieren) Ihre Angaben, falls erforderlich. Wenn Sie Fragen haben, k\u00f6nnen Sie sich auch an unseren<a href=\"https:\/\/www.esta-officiel-usa.com\/de\/kontaktieren-sie-uns-per-e-mail\/\">Online-Helpdesk<\/a> wenden.  <\/p>\n","protected":false},"excerpt":{"rendered":"<p>ESTA-GENEHMIGUNG F\u00dcR DIE USA Mit 75 Millionen Besuchern pro Jahr sind die USA eines der beliebtesten Reiseziele f\u00fcr internationale Touristen. W\u00e4hrend die meisten von ihnen ein USA-Visum ben\u00f6tigen, um in die USA einreisen zu k\u00f6nnen, k\u00f6nnen andere vom VWP profitieren und eine ESTA-Genehmigung erhalten. WAS IST DIE ESTA-GENEHMIGUNG? Die ESTA-Genehmigung ist ein Formular, das von [&hellip;]<\/p>\n","protected":false},"author":1,"featured_media":0,"parent":0,"menu_order":0,"comment_status":"closed","ping_status":"closed","template":"","meta":{"footnotes":""},"class_list":["post-1175","page","type-page","status-publish","hentry"],"yoast_head":"<!-- This site is optimized with the Yoast SEO plugin v26.2 - https:\/\/yoast.com\/wordpress\/plugins\/seo\/ -->\n<title>Was ist die ESTA-Genehmigung?<\/title>\n<meta name=\"description\" content=\"Um die Sicherheit in den USA zu erh\u00f6hen, hat die Regierung das ESTA-System eingef\u00fchrt.\" \/>\n<meta name=\"robots\" content=\"index, follow, max-snippet:-1, max-image-preview:large, max-video-preview:-1\" \/>\n<link rel=\"canonical\" href=\"https:\/\/www.esta-officiel-usa.com\/de\/was-ist-die-esta-genehmigung\/\" \/>\n<meta property=\"og:locale\" content=\"de_DE\" \/>\n<meta property=\"og:type\" content=\"article\" \/>\n<meta property=\"og:title\" content=\"Was ist die ESTA-Genehmigung?\" \/>\n<meta property=\"og:description\" content=\"Um die Sicherheit in den USA zu erh\u00f6hen, hat die Regierung das ESTA-System eingef\u00fchrt.\" \/>\n<meta property=\"og:url\" content=\"https:\/\/www.esta-officiel-usa.com\/de\/was-ist-die-esta-genehmigung\/\" \/>\n<meta property=\"og:site_name\" content=\"ESTA - Vereinigte Staaten\" \/>\n<meta property=\"article:modified_time\" content=\"2025-09-13T12:01:42+00:00\" \/>\n<meta name=\"twitter:card\" content=\"summary_large_image\" \/>\n<meta name=\"twitter:label1\" content=\"Gesch\u00e4tzte Lesezeit\" \/>\n\t<meta name=\"twitter:data1\" content=\"2\u00a0Minuten\" \/>\n<script type=\"application\/ld+json\" class=\"yoast-schema-graph\">{\"@context\":\"https:\/\/schema.org\",\"@graph\":[{\"@type\":\"WebPage\",\"@id\":\"https:\/\/www.esta-officiel-usa.com\/de\/was-ist-die-esta-genehmigung\/\",\"url\":\"https:\/\/www.esta-officiel-usa.com\/de\/was-ist-die-esta-genehmigung\/\",\"name\":\"Was ist die ESTA-Genehmigung?\",\"isPartOf\":{\"@id\":\"https:\/\/www.esta-officiel-usa.com\/de\/#website\"},\"datePublished\":\"2025-09-13T12:01:41+00:00\",\"dateModified\":\"2025-09-13T12:01:42+00:00\",\"description\":\"Um die Sicherheit in den USA zu erh\u00f6hen, hat die Regierung das ESTA-System eingef\u00fchrt.\",\"breadcrumb\":{\"@id\":\"https:\/\/www.esta-officiel-usa.com\/de\/was-ist-die-esta-genehmigung\/#breadcrumb\"},\"inLanguage\":\"de\",\"potentialAction\":[{\"@type\":\"ReadAction\",\"target\":[\"https:\/\/www.esta-officiel-usa.com\/de\/was-ist-die-esta-genehmigung\/\"]}]},{\"@type\":\"BreadcrumbList\",\"@id\":\"https:\/\/www.esta-officiel-usa.com\/de\/was-ist-die-esta-genehmigung\/#breadcrumb\",\"itemListElement\":[{\"@type\":\"ListItem\",\"position\":1,\"name\":\"Home\",\"item\":\"https:\/\/www.esta-officiel-usa.com\/de\/\"},{\"@type\":\"ListItem\",\"position\":2,\"name\":\"Was ist die ESTA-Genehmigung?\"}]},{\"@type\":\"WebSite\",\"@id\":\"https:\/\/www.esta-officiel-usa.com\/de\/#website\",\"url\":\"https:\/\/www.esta-officiel-usa.com\/de\/\",\"name\":\"ESTA - Vereinigte Staaten\",\"description\":\"ESTA-Antragsformular\",\"potentialAction\":[{\"@type\":\"SearchAction\",\"target\":{\"@type\":\"EntryPoint\",\"urlTemplate\":\"https:\/\/www.esta-officiel-usa.com\/de\/?s={search_term_string}\"},\"query-input\":{\"@type\":\"PropertyValueSpecification\",\"valueRequired\":true,\"valueName\":\"search_term_string\"}}],\"inLanguage\":\"de\"}]}<\/script>\n<!-- \/ Yoast SEO plugin. -->","yoast_head_json":{"title":"Was ist die ESTA-Genehmigung?","description":"Um die Sicherheit in den USA zu erh\u00f6hen, hat die Regierung das ESTA-System eingef\u00fchrt.","robots":{"index":"index","follow":"follow","max-snippet":"max-snippet:-1","max-image-preview":"max-image-preview:large","max-video-preview":"max-video-preview:-1"},"canonical":"https:\/\/www.esta-officiel-usa.com\/de\/was-ist-die-esta-genehmigung\/","og_locale":"de_DE","og_type":"article","og_title":"Was ist die ESTA-Genehmigung?","og_description":"Um die Sicherheit in den USA zu erh\u00f6hen, hat die Regierung das ESTA-System eingef\u00fchrt.","og_url":"https:\/\/www.esta-officiel-usa.com\/de\/was-ist-die-esta-genehmigung\/","og_site_name":"ESTA - Vereinigte Staaten","article_modified_time":"2025-09-13T12:01:42+00:00","twitter_card":"summary_large_image","twitter_misc":{"Gesch\u00e4tzte Lesezeit":"2\u00a0Minuten"},"schema":{"@context":"https:\/\/schema.org","@graph":[{"@type":"WebPage","@id":"https:\/\/www.esta-officiel-usa.com\/de\/was-ist-die-esta-genehmigung\/","url":"https:\/\/www.esta-officiel-usa.com\/de\/was-ist-die-esta-genehmigung\/","name":"Was ist die ESTA-Genehmigung?","isPartOf":{"@id":"https:\/\/www.esta-officiel-usa.com\/de\/#website"},"datePublished":"2025-09-13T12:01:41+00:00","dateModified":"2025-09-13T12:01:42+00:00","description":"Um die Sicherheit in den USA zu erh\u00f6hen, hat die Regierung das ESTA-System eingef\u00fchrt.","breadcrumb":{"@id":"https:\/\/www.esta-officiel-usa.com\/de\/was-ist-die-esta-genehmigung\/#breadcrumb"},"inLanguage":"de","potentialAction":[{"@type":"ReadAction","target":["https:\/\/www.esta-officiel-usa.com\/de\/was-ist-die-esta-genehmigung\/"]}]},{"@type":"BreadcrumbList","@id":"https:\/\/www.esta-officiel-usa.com\/de\/was-ist-die-esta-genehmigung\/#breadcrumb","itemListElement":[{"@type":"ListItem","position":1,"name":"Home","item":"https:\/\/www.esta-officiel-usa.com\/de\/"},{"@type":"ListItem","position":2,"name":"Was ist die ESTA-Genehmigung?"}]},{"@type":"WebSite","@id":"https:\/\/www.esta-officiel-usa.com\/de\/#website","url":"https:\/\/www.esta-officiel-usa.com\/de\/","name":"ESTA - Vereinigte Staaten","description":"ESTA-Antragsformular","potentialAction":[{"@type":"SearchAction","target":{"@type":"EntryPoint","urlTemplate":"https:\/\/www.esta-officiel-usa.com\/de\/?s={search_term_string}"},"query-input":{"@type":"PropertyValueSpecification","valueRequired":true,"valueName":"search_term_string"}}],"inLanguage":"de"}]}},"_links":{"self":[{"href":"https:\/\/www.esta-officiel-usa.com\/de\/wp-json\/wp\/v2\/pages\/1175","targetHints":{"allow":["GET"]}}],"collection":[{"href":"https:\/\/www.esta-officiel-usa.com\/de\/wp-json\/wp\/v2\/pages"}],"about":[{"href":"https:\/\/www.esta-officiel-usa.com\/de\/wp-json\/wp\/v2\/types\/page"}],"author":[{"embeddable":true,"href":"https:\/\/www.esta-officiel-usa.com\/de\/wp-json\/wp\/v2\/users\/1"}],"replies":[{"embeddable":true,"href":"https:\/\/www.esta-officiel-usa.com\/de\/wp-json\/wp\/v2\/comments?post=1175"}],"version-history":[{"count":1,"href":"https:\/\/www.esta-officiel-usa.com\/de\/wp-json\/wp\/v2\/pages\/1175\/revisions"}],"predecessor-version":[{"id":1178,"href":"https:\/\/www.esta-officiel-usa.com\/de\/wp-json\/wp\/v2\/pages\/1175\/revisions\/1178"}],"wp:attachment":[{"href":"https:\/\/www.esta-officiel-usa.com\/de\/wp-json\/wp\/v2\/media?parent=1175"}],"curies":[{"name":"wp","href":"https:\/\/api.w.org\/{rel}","templated":true}]}}