{"id":1177,"date":"2025-09-13T12:01:41","date_gmt":"2025-09-13T12:01:41","guid":{"rendered":"https:\/\/www.esta-officiel-usa.com\/wie-man-an-einer-amerikanischen-universitaet-studiert\/"},"modified":"2025-09-13T12:01:42","modified_gmt":"2025-09-13T12:01:42","slug":"wie-man-an-einer-amerikanischen-universitaet-studiert","status":"publish","type":"page","link":"https:\/\/www.esta-officiel-usa.com\/de\/wie-man-an-einer-amerikanischen-universitaet-studiert\/","title":{"rendered":"Wie man an einer amerikanischen Universit\u00e4t studiert"},"content":{"rendered":"\n<h1 class=\"wp-block-heading\">AN EINER AMERIKANISCHEN UNIVERSIT\u00c4T STUDIEREN<\/h1>\n\n<p>Wie die Schulen in den Filmen made in USA sind auch die amerikanischen Universit\u00e4ten sehr begehrenswert. Die hohe Qualit\u00e4t der Lehre, die Gr\u00f6\u00dfe des Campus und das breite Angebot an au\u00dferschulischen Aktivit\u00e4ten machen es verst\u00e4ndlich, dass viele Studenten einen Teil ihres Studiums auf der anderen Seite des Atlantiks absolvieren m\u00f6chten. Harvard, MIT, Princeton und Yale sind nur einige der Universit\u00e4ten, von denen viele Studenten tr\u00e4umen. Das macht nicht nur Ihren Lebenslauf attraktiver, sondern erm\u00f6glicht es Ihnen auch, vollst\u00e4ndig in die amerikanische Kultur einzutauchen, ein anderes Bildungssystem zu entdecken und perfekt Englisch zu sprechen. M\u00f6chten Sie nach dem Abitur f\u00fcr Ihr Studium ins Ausland gehen? Aber wie k\u00f6nnen Sie eine der renommierten Universit\u00e4ten auf amerikanischem Boden besuchen? Reicht ein <a href=\"https:\/\/www.esta-officiel-usa.com\/de\/\">ESTA<\/a> oder m\u00fcssen Sie ein Visum beantragen? In diesem Artikel finden Sie die Antwort!       <\/p>\n\n<h2 class=\"wp-block-heading\">WIE VIEL KOSTET EIN STUDIUM IN DEN USA?<\/h2>\n\n<p>Die Studiengeb\u00fchren sind dem Ruf der amerikanischen Universit\u00e4ten angemessen. Eine gro\u00dfe Anzahl von Bildungseinrichtungen geh\u00f6rt zu den besten der Welt. <\/p>\n\n<p>Wie in Frankreich gibt es sowohl \u00f6ffentliche als auch private Universit\u00e4ten.<\/p>\n\n<p>Die Studiengeb\u00fchren f\u00fcr ein akademisches Jahr betragen zwischen 15.000 und 50.000 EUR.<\/p>\n\n<p>Die USA stehen Studenten aus der ganzen Welt offen, um talentierte Kandidaten in Disziplinen wie Wissenschaft, Kunst oder Sport auszubilden und ihnen anschlie\u00dfend eine Arbeit anzubieten.<br\/> <\/p>\n\n<h2 class=\"wp-block-heading\">WIE KANN ICH MEIN STUDIUM IN DEN USA FINANZIEREN?<\/h2>\n\n<p>Die Kosten f\u00fcr ein Studium k\u00f6nnen viele abschrecken, vor allem wenn man nicht aus einer wohlhabenden Familie stammt, aber es gibt verschiedene M\u00f6glichkeiten, wie Sie Ihr Studium in den USA finanzieren k\u00f6nnen.<\/p>\n\n<p>Zun\u00e4chst ist es m\u00f6glich, ein Stipendium zu erhalten, auch wenn dies f\u00fcr ausl\u00e4ndische Studenten schwierig ist. Meistens wird finanzielle Unterst\u00fctzung an Studenten mit besonderen Talenten und au\u00dfergew\u00f6hnlichen F\u00e4higkeiten, sowohl intellektuell als auch sportlich, vergeben, da die Universit\u00e4ten sehr selektiv sind. <\/p>\n\n<p>In einem zweiten Schritt ist es f\u00fcr Studenten m\u00f6glich, die Kurse mit einem Nebenjob zu kombinieren. So werden Sie keine Schwierigkeiten haben, einen Job auf dem Campus zu finden! Sie k\u00f6nnen in der Gastronomie, in Bibliotheken usw. arbeiten.  <\/p>\n\n<p>Schlie\u00dflich k\u00f6nnen Sie bei Ihrer Bank einen Kredit beantragen. Dies ist eine Entscheidung, die nicht leichtfertig getroffen werden sollte, da sie eine gro\u00dfe Verpflichtung darstellt. <br\/> <\/p>\n\n<h2 class=\"wp-block-heading\">WAS MUSS ICH TUN, UM IN DEN USA ZU STUDIEREN?<\/h2>\n\n<p>Nachdem Sie die finanzielle Frage gekl\u00e4rt haben, ist es wichtig, einige administrative Formalit\u00e4ten zu erledigen. Sie m\u00fcssen ein F1-Visum beantragen, um in die USA zu reisen und an einer der renommierten Hochschulen zu<a href=\"https:\/\/www.esta-officiel-usa.com\/fr\/connaissez-vous-les-differences-entre-les-visas-j1-et-f1\/\">studieren<\/a>. <\/p>\n\n<p>Die Beantragung kann lange dauern, daher empfehlen wir Ihnen, sich fr\u00fchzeitig darum zu k\u00fcmmern. Bevor Sie das Visum beantragen k\u00f6nnen, m\u00fcssen Sie an einer Gastuniversit\u00e4t in den USA zugelassen werden. Anschlie\u00dfend m\u00fcssen Sie das Formular l-20 ausf\u00fcllen, das zur Registrierung von Studenten in SEVIS oder Student and Exchange Visitor Information dient. Ein zweites Formular muss ausgef\u00fcllt werden, das DS-160. Sie m\u00fcssen dieses Formular so ehrlich wie m\u00f6glich ausf\u00fcllen, da die US-Beh\u00f6rden alles andere als flexibel sind. Sie m\u00fcssen eine bestimmte Geb\u00fchr f\u00fcr Ihren Visumantrag entrichten. Sie erhalten eine 10-stellige Nummer, die Sie nicht verlieren d\u00fcrfen, da Sie sie noch brauchen werden. Im letzten Schritt haben Sie einen Termin bei der US-Botschaft, der entscheidend sein wird. Sobald Ihr Antrag angenommen wurde, k\u00f6nnen Sie in den USA studieren und Ihren amerikanischen Traum beginnen!        <\/p>\n\n<p>Weitere Informationen finden Sie auf unseren Seiten <a href=\"https:\/\/www.esta-officiel-usa.com\/fr\/faq\/\">FAQ<\/a>, <a href=\"https:\/\/www.esta-officiel-usa.com\/de\/esta-hilfethemen\/\">Hilfe<\/a> und <a href=\"https:\/\/www.esta-officiel-usa.com\/fr\/lexicon\/\">Lexikon<\/a>!<\/p>\n","protected":false},"excerpt":{"rendered":"<p>AN EINER AMERIKANISCHEN UNIVERSIT\u00c4T STUDIEREN Wie die Schulen in den Filmen made in USA sind auch die amerikanischen Universit\u00e4ten sehr begehrenswert. Die hohe Qualit\u00e4t der Lehre, die Gr\u00f6\u00dfe des Campus und das breite Angebot an au\u00dferschulischen Aktivit\u00e4ten machen es verst\u00e4ndlich, dass viele Studenten einen Teil ihres Studiums auf der anderen Seite des Atlantiks absolvieren m\u00f6chten. [&hellip;]<\/p>\n","protected":false},"author":1,"featured_media":0,"parent":0,"menu_order":0,"comment_status":"closed","ping_status":"closed","template":"","meta":{"footnotes":""},"class_list":["post-1177","page","type-page","status-publish","hentry"],"yoast_head":"<!-- This site is optimized with the Yoast SEO plugin v26.2 - https:\/\/yoast.com\/wordpress\/plugins\/seo\/ -->\n<title>Wie man an einer amerikanischen Universit\u00e4t studiert<\/title>\n<meta name=\"description\" content=\"Die USA sind als Bildungsstandort sehr beliebt.\" \/>\n<meta name=\"robots\" content=\"index, follow, max-snippet:-1, max-image-preview:large, max-video-preview:-1\" \/>\n<link rel=\"canonical\" href=\"https:\/\/www.esta-officiel-usa.com\/de\/wie-man-an-einer-amerikanischen-universitaet-studiert\/\" \/>\n<meta property=\"og:locale\" content=\"de_DE\" \/>\n<meta property=\"og:type\" content=\"article\" \/>\n<meta property=\"og:title\" content=\"Wie man an einer amerikanischen Universit\u00e4t studiert\" \/>\n<meta property=\"og:description\" content=\"Die USA sind als Bildungsstandort sehr beliebt.\" \/>\n<meta property=\"og:url\" content=\"https:\/\/www.esta-officiel-usa.com\/de\/wie-man-an-einer-amerikanischen-universitaet-studiert\/\" \/>\n<meta property=\"og:site_name\" content=\"ESTA - Vereinigte Staaten\" \/>\n<meta property=\"article:modified_time\" content=\"2025-09-13T12:01:42+00:00\" \/>\n<meta name=\"twitter:card\" content=\"summary_large_image\" \/>\n<meta name=\"twitter:label1\" content=\"Gesch\u00e4tzte Lesezeit\" \/>\n\t<meta name=\"twitter:data1\" content=\"3\u00a0Minuten\" \/>\n<script type=\"application\/ld+json\" class=\"yoast-schema-graph\">{\"@context\":\"https:\/\/schema.org\",\"@graph\":[{\"@type\":\"WebPage\",\"@id\":\"https:\/\/www.esta-officiel-usa.com\/de\/wie-man-an-einer-amerikanischen-universitaet-studiert\/\",\"url\":\"https:\/\/www.esta-officiel-usa.com\/de\/wie-man-an-einer-amerikanischen-universitaet-studiert\/\",\"name\":\"Wie man an einer amerikanischen Universit\u00e4t studiert\",\"isPartOf\":{\"@id\":\"https:\/\/www.esta-officiel-usa.com\/de\/#website\"},\"datePublished\":\"2025-09-13T12:01:41+00:00\",\"dateModified\":\"2025-09-13T12:01:42+00:00\",\"description\":\"Die USA sind als Bildungsstandort sehr beliebt.\",\"breadcrumb\":{\"@id\":\"https:\/\/www.esta-officiel-usa.com\/de\/wie-man-an-einer-amerikanischen-universitaet-studiert\/#breadcrumb\"},\"inLanguage\":\"de\",\"potentialAction\":[{\"@type\":\"ReadAction\",\"target\":[\"https:\/\/www.esta-officiel-usa.com\/de\/wie-man-an-einer-amerikanischen-universitaet-studiert\/\"]}]},{\"@type\":\"BreadcrumbList\",\"@id\":\"https:\/\/www.esta-officiel-usa.com\/de\/wie-man-an-einer-amerikanischen-universitaet-studiert\/#breadcrumb\",\"itemListElement\":[{\"@type\":\"ListItem\",\"position\":1,\"name\":\"Home\",\"item\":\"https:\/\/www.esta-officiel-usa.com\/de\/\"},{\"@type\":\"ListItem\",\"position\":2,\"name\":\"Wie man an einer amerikanischen Universit\u00e4t studiert\"}]},{\"@type\":\"WebSite\",\"@id\":\"https:\/\/www.esta-officiel-usa.com\/de\/#website\",\"url\":\"https:\/\/www.esta-officiel-usa.com\/de\/\",\"name\":\"ESTA - Vereinigte Staaten\",\"description\":\"ESTA-Antragsformular\",\"potentialAction\":[{\"@type\":\"SearchAction\",\"target\":{\"@type\":\"EntryPoint\",\"urlTemplate\":\"https:\/\/www.esta-officiel-usa.com\/de\/?s={search_term_string}\"},\"query-input\":{\"@type\":\"PropertyValueSpecification\",\"valueRequired\":true,\"valueName\":\"search_term_string\"}}],\"inLanguage\":\"de\"}]}<\/script>\n<!-- \/ Yoast SEO plugin. -->","yoast_head_json":{"title":"Wie man an einer amerikanischen Universit\u00e4t studiert","description":"Die USA sind als Bildungsstandort sehr beliebt.","robots":{"index":"index","follow":"follow","max-snippet":"max-snippet:-1","max-image-preview":"max-image-preview:large","max-video-preview":"max-video-preview:-1"},"canonical":"https:\/\/www.esta-officiel-usa.com\/de\/wie-man-an-einer-amerikanischen-universitaet-studiert\/","og_locale":"de_DE","og_type":"article","og_title":"Wie man an einer amerikanischen Universit\u00e4t studiert","og_description":"Die USA sind als Bildungsstandort sehr beliebt.","og_url":"https:\/\/www.esta-officiel-usa.com\/de\/wie-man-an-einer-amerikanischen-universitaet-studiert\/","og_site_name":"ESTA - Vereinigte Staaten","article_modified_time":"2025-09-13T12:01:42+00:00","twitter_card":"summary_large_image","twitter_misc":{"Gesch\u00e4tzte Lesezeit":"3\u00a0Minuten"},"schema":{"@context":"https:\/\/schema.org","@graph":[{"@type":"WebPage","@id":"https:\/\/www.esta-officiel-usa.com\/de\/wie-man-an-einer-amerikanischen-universitaet-studiert\/","url":"https:\/\/www.esta-officiel-usa.com\/de\/wie-man-an-einer-amerikanischen-universitaet-studiert\/","name":"Wie man an einer amerikanischen Universit\u00e4t studiert","isPartOf":{"@id":"https:\/\/www.esta-officiel-usa.com\/de\/#website"},"datePublished":"2025-09-13T12:01:41+00:00","dateModified":"2025-09-13T12:01:42+00:00","description":"Die USA sind als Bildungsstandort sehr beliebt.","breadcrumb":{"@id":"https:\/\/www.esta-officiel-usa.com\/de\/wie-man-an-einer-amerikanischen-universitaet-studiert\/#breadcrumb"},"inLanguage":"de","potentialAction":[{"@type":"ReadAction","target":["https:\/\/www.esta-officiel-usa.com\/de\/wie-man-an-einer-amerikanischen-universitaet-studiert\/"]}]},{"@type":"BreadcrumbList","@id":"https:\/\/www.esta-officiel-usa.com\/de\/wie-man-an-einer-amerikanischen-universitaet-studiert\/#breadcrumb","itemListElement":[{"@type":"ListItem","position":1,"name":"Home","item":"https:\/\/www.esta-officiel-usa.com\/de\/"},{"@type":"ListItem","position":2,"name":"Wie man an einer amerikanischen Universit\u00e4t studiert"}]},{"@type":"WebSite","@id":"https:\/\/www.esta-officiel-usa.com\/de\/#website","url":"https:\/\/www.esta-officiel-usa.com\/de\/","name":"ESTA - Vereinigte Staaten","description":"ESTA-Antragsformular","potentialAction":[{"@type":"SearchAction","target":{"@type":"EntryPoint","urlTemplate":"https:\/\/www.esta-officiel-usa.com\/de\/?s={search_term_string}"},"query-input":{"@type":"PropertyValueSpecification","valueRequired":true,"valueName":"search_term_string"}}],"inLanguage":"de"}]}},"_links":{"self":[{"href":"https:\/\/www.esta-officiel-usa.com\/de\/wp-json\/wp\/v2\/pages\/1177","targetHints":{"allow":["GET"]}}],"collection":[{"href":"https:\/\/www.esta-officiel-usa.com\/de\/wp-json\/wp\/v2\/pages"}],"about":[{"href":"https:\/\/www.esta-officiel-usa.com\/de\/wp-json\/wp\/v2\/types\/page"}],"author":[{"embeddable":true,"href":"https:\/\/www.esta-officiel-usa.com\/de\/wp-json\/wp\/v2\/users\/1"}],"replies":[{"embeddable":true,"href":"https:\/\/www.esta-officiel-usa.com\/de\/wp-json\/wp\/v2\/comments?post=1177"}],"version-history":[{"count":1,"href":"https:\/\/www.esta-officiel-usa.com\/de\/wp-json\/wp\/v2\/pages\/1177\/revisions"}],"predecessor-version":[{"id":1179,"href":"https:\/\/www.esta-officiel-usa.com\/de\/wp-json\/wp\/v2\/pages\/1177\/revisions\/1179"}],"wp:attachment":[{"href":"https:\/\/www.esta-officiel-usa.com\/de\/wp-json\/wp\/v2\/media?parent=1177"}],"curies":[{"name":"wp","href":"https:\/\/api.w.org\/{rel}","templated":true}]}}