{"id":1210,"date":"2025-09-13T12:01:58","date_gmt":"2025-09-13T12:01:58","guid":{"rendered":"https:\/\/www.esta-officiel-usa.com\/wozu-dient-esta-bei-einer-reise-in-die-usa\/"},"modified":"2025-09-13T12:01:58","modified_gmt":"2025-09-13T12:01:58","slug":"wozu-dient-esta-bei-einer-reise-in-die-usa","status":"publish","type":"page","link":"https:\/\/www.esta-officiel-usa.com\/de\/wozu-dient-esta-bei-einer-reise-in-die-usa\/","title":{"rendered":"Wozu dient ESTA bei einer Reise in die USA?"},"content":{"rendered":"\n<h1 class=\"wp-block-heading\">Alles \u00fcber den Nutzen von ESTA<\/h1>\n\n<p>Mit dem Visa Waiver Program ist es einfacher geworden, eine Reise in die USA zu unternehmen. Diese Zusammenarbeit zwischen den USA und den teilnehmenden L\u00e4ndern erm\u00f6glicht es, dass jedes Jahr Millionen von Menschen von der N\u00fctzlichkeit des Electronic System for Travel Authorization<a href=\"https:\/\/www.esta-officiel-usa.com\/de\/\">(ESTA<\/a>) profitieren k\u00f6nnen. Mit dieser Reisegenehmigung k\u00f6nnen Sie ohne Visum an den US-Grenzen einreisen.  <\/p>\n\n<h2 class=\"wp-block-heading\">Warum ist ESTA n\u00fctzlich?<\/h2>\n\n<p>Auf dem Papier k\u00f6nnte man meinen, dass ESTA nur ein Dokument ist, das Ihnen erlaubt, ein Flugzeug oder ein Schiff in die USA zu besteigen. Aber wie erfahrene Reisende berichten, ist es viel mehr als das. Das <a href=\"https:\/\/www.esta-officiel-usa.com\/fr\/les-38-pays-partenaires-du-visa-waiver-program\/\">Visa Waiver Program<\/a> erlaubt Ihnen, sich in jeder Stadt der USA bis zu 90 aufeinanderfolgende Tage aufzuhalten. Das ESTA ist zwei Jahre lang g\u00fcltig und erm\u00f6glicht es Ihnen, mit derselben Genehmigung mehrere Reisen zu unternehmen, solange Sie die 90 Tage pro Reise einhalten.   <\/p>\n\n<p>Wenn Sie aus touristischen oder gesch\u00e4ftlichen Gr\u00fcnden reisen, erlaubt Ihnen das ESTA :<\/p>\n\n<ul class=\"wp-block-list\">\n<li>  Zugang zum gesamten Gebiet der USA;  <\/li>\n\n\n\n<li>  Ihre Familie oder enge Freunde besuchen;  <\/li>\n\n\n\n<li>  an unbezahlten kulturellen (sozialen, sportlichen, musikalischen usw.) Aktivit\u00e4ten teilnehmen;  <\/li>\n\n\n\n<li>  Camping in der Natur;  <\/li>\n\n\n\n<li>  an unbezahlten freiwilligen Aktivit\u00e4ten (Gemeindearbeit, Stra\u00dfenreinigung, Recycling usw.) teilnehmen;  <\/li>\n\n\n\n<li>  an Universit\u00e4tskursen teilnehmen, vorausgesetzt, dass diese keine Leistungspunkte f\u00fcr den Erwerb eines Diploms erbringen;  <\/li>\n\n\n\n<li>  an Gesch\u00e4ftstreffen teilnehmen ;  <\/li>\n\n\n\n<li>  an einer Fachkonferenz teilnehmen ;  <\/li>\n\n\n\n<li>  Vertr\u00e4ge verhandeln oder unterzeichnen ;  <\/li>\n\n\n\n<li>  einen <a href=\"https:\/\/www.esta-officiel-usa.com\/fr\/esta-pour-transit-aux-etats-unis\/\">Transit<\/a> durch das Hoheitsgebiet der USA machen  <\/li>\n<\/ul>\n\n<p>\n\n Mit einem ESTA k\u00f6nnen Sie eine Vielzahl von Aktivit\u00e4ten unternehmen\n und in die Kultur von Uncle Sam eintauchen.<\/p>\n\n<h2 class=\"wp-block-heading\">Wie kann ich von der N\u00fctzlichkeit eines ESTA profitieren?<\/h2>\n\n<p>Es ist wichtig, darauf hinzuweisen, dass das ESTA keine 100%ige Garantie f\u00fcr die Einreise in die USA ist, da diese Entscheidung von den US-Zollbeamten w\u00e4hrend der Sicherheitskontrollen am Flughafen getroffen wird. Aber keine Sorge, wenn Sie die ESTA-Kriterien erf\u00fcllen, haben Sie alle Chancen, die Grenze in aller Ruhe zu \u00fcberqueren. Diese Vorschriften wurden vom <a href=\"https:\/\/www.esta-officiel-usa.com\/fr\/le-departement-de-la-securite-interieure-americain\/\">Department of Homeland Security<\/a> eingef\u00fchrt, um die Sicherheit in den USA zu erh\u00f6hen:  <\/p>\n\n<ul class=\"wp-block-list\">\n<li>Sie m\u00fcssen Staatsb\u00fcrger eines der teilnehmenden L\u00e4nder sein;<\/li>\n\n\n\n<li>Sie m\u00fcssen einen elektronischen oder biometrischen Reisepass besitzen;<\/li>\n\n\n\n<li>Ihre Reise darf nicht l\u00e4nger als 90 aufeinanderfolgende Tage dauern;<\/li>\n\n\n\n<li>Ihr Antrag auf ein Visum wurde nicht k\u00fcrzlich abgelehnt.<\/li>\n<\/ul>\n\n<p>Der ESTA-Antrag ist nicht kostenlos, aber mit 21 USD immer noch billiger als ein Visum. Um die Genehmigung zu erhalten, gehen Sie einfach auf die Website des US-Zolls. Um Zeit zu sparen, k\u00f6nnen Sie auch das <a href=\"https:\/\/www.esta-officiel-usa.com\/fr\/le-formulaire-esta-usa-en-francais\/\">ESTA-Formular auf Deutsch<\/a> verwenden.  <\/p>\n","protected":false},"excerpt":{"rendered":"<p>Alles \u00fcber den Nutzen von ESTA Mit dem Visa Waiver Program ist es einfacher geworden, eine Reise in die USA zu unternehmen. Diese Zusammenarbeit zwischen den USA und den teilnehmenden L\u00e4ndern erm\u00f6glicht es, dass jedes Jahr Millionen von Menschen von der N\u00fctzlichkeit des Electronic System for Travel Authorization(ESTA) profitieren k\u00f6nnen. Mit dieser Reisegenehmigung k\u00f6nnen Sie [&hellip;]<\/p>\n","protected":false},"author":1,"featured_media":0,"parent":0,"menu_order":0,"comment_status":"closed","ping_status":"closed","template":"","meta":{"footnotes":""},"class_list":["post-1210","page","type-page","status-publish","hentry"],"yoast_head":"<!-- This site is optimized with the Yoast SEO plugin v26.2 - https:\/\/yoast.com\/wordpress\/plugins\/seo\/ -->\n<title>Wozu dient ESTA bei einer Reise in die USA?<\/title>\n<meta name=\"description\" content=\"Mit dem Visa Waiver Program und der Einf\u00fchrung von ESTA ist es einfacher geworden, in die USA zu reisen.\" \/>\n<meta name=\"robots\" content=\"index, follow, max-snippet:-1, max-image-preview:large, max-video-preview:-1\" \/>\n<link rel=\"canonical\" href=\"https:\/\/www.esta-officiel-usa.com\/de\/wozu-dient-esta-bei-einer-reise-in-die-usa\/\" \/>\n<meta property=\"og:locale\" content=\"de_DE\" \/>\n<meta property=\"og:type\" content=\"article\" \/>\n<meta property=\"og:title\" content=\"Wozu dient ESTA bei einer Reise in die USA?\" \/>\n<meta property=\"og:description\" content=\"Mit dem Visa Waiver Program und der Einf\u00fchrung von ESTA ist es einfacher geworden, in die USA zu reisen.\" \/>\n<meta property=\"og:url\" content=\"https:\/\/www.esta-officiel-usa.com\/de\/wozu-dient-esta-bei-einer-reise-in-die-usa\/\" \/>\n<meta property=\"og:site_name\" content=\"ESTA - Vereinigte Staaten\" \/>\n<meta name=\"twitter:card\" content=\"summary_large_image\" \/>\n<meta name=\"twitter:label1\" content=\"Gesch\u00e4tzte Lesezeit\" \/>\n\t<meta name=\"twitter:data1\" content=\"2\u00a0Minuten\" \/>\n<script type=\"application\/ld+json\" class=\"yoast-schema-graph\">{\"@context\":\"https:\/\/schema.org\",\"@graph\":[{\"@type\":\"WebPage\",\"@id\":\"https:\/\/www.esta-officiel-usa.com\/de\/wozu-dient-esta-bei-einer-reise-in-die-usa\/\",\"url\":\"https:\/\/www.esta-officiel-usa.com\/de\/wozu-dient-esta-bei-einer-reise-in-die-usa\/\",\"name\":\"Wozu dient ESTA bei einer Reise in die USA?\",\"isPartOf\":{\"@id\":\"https:\/\/www.esta-officiel-usa.com\/de\/#website\"},\"datePublished\":\"2025-09-13T12:01:58+00:00\",\"description\":\"Mit dem Visa Waiver Program und der Einf\u00fchrung von ESTA ist es einfacher geworden, in die USA zu reisen.\",\"breadcrumb\":{\"@id\":\"https:\/\/www.esta-officiel-usa.com\/de\/wozu-dient-esta-bei-einer-reise-in-die-usa\/#breadcrumb\"},\"inLanguage\":\"de\",\"potentialAction\":[{\"@type\":\"ReadAction\",\"target\":[\"https:\/\/www.esta-officiel-usa.com\/de\/wozu-dient-esta-bei-einer-reise-in-die-usa\/\"]}]},{\"@type\":\"BreadcrumbList\",\"@id\":\"https:\/\/www.esta-officiel-usa.com\/de\/wozu-dient-esta-bei-einer-reise-in-die-usa\/#breadcrumb\",\"itemListElement\":[{\"@type\":\"ListItem\",\"position\":1,\"name\":\"Home\",\"item\":\"https:\/\/www.esta-officiel-usa.com\/de\/\"},{\"@type\":\"ListItem\",\"position\":2,\"name\":\"Wozu dient ESTA bei einer Reise in die USA?\"}]},{\"@type\":\"WebSite\",\"@id\":\"https:\/\/www.esta-officiel-usa.com\/de\/#website\",\"url\":\"https:\/\/www.esta-officiel-usa.com\/de\/\",\"name\":\"ESTA - Vereinigte Staaten\",\"description\":\"ESTA-Antragsformular\",\"potentialAction\":[{\"@type\":\"SearchAction\",\"target\":{\"@type\":\"EntryPoint\",\"urlTemplate\":\"https:\/\/www.esta-officiel-usa.com\/de\/?s={search_term_string}\"},\"query-input\":{\"@type\":\"PropertyValueSpecification\",\"valueRequired\":true,\"valueName\":\"search_term_string\"}}],\"inLanguage\":\"de\"}]}<\/script>\n<!-- \/ Yoast SEO plugin. -->","yoast_head_json":{"title":"Wozu dient ESTA bei einer Reise in die USA?","description":"Mit dem Visa Waiver Program und der Einf\u00fchrung von ESTA ist es einfacher geworden, in die USA zu reisen.","robots":{"index":"index","follow":"follow","max-snippet":"max-snippet:-1","max-image-preview":"max-image-preview:large","max-video-preview":"max-video-preview:-1"},"canonical":"https:\/\/www.esta-officiel-usa.com\/de\/wozu-dient-esta-bei-einer-reise-in-die-usa\/","og_locale":"de_DE","og_type":"article","og_title":"Wozu dient ESTA bei einer Reise in die USA?","og_description":"Mit dem Visa Waiver Program und der Einf\u00fchrung von ESTA ist es einfacher geworden, in die USA zu reisen.","og_url":"https:\/\/www.esta-officiel-usa.com\/de\/wozu-dient-esta-bei-einer-reise-in-die-usa\/","og_site_name":"ESTA - Vereinigte Staaten","twitter_card":"summary_large_image","twitter_misc":{"Gesch\u00e4tzte Lesezeit":"2\u00a0Minuten"},"schema":{"@context":"https:\/\/schema.org","@graph":[{"@type":"WebPage","@id":"https:\/\/www.esta-officiel-usa.com\/de\/wozu-dient-esta-bei-einer-reise-in-die-usa\/","url":"https:\/\/www.esta-officiel-usa.com\/de\/wozu-dient-esta-bei-einer-reise-in-die-usa\/","name":"Wozu dient ESTA bei einer Reise in die USA?","isPartOf":{"@id":"https:\/\/www.esta-officiel-usa.com\/de\/#website"},"datePublished":"2025-09-13T12:01:58+00:00","description":"Mit dem Visa Waiver Program und der Einf\u00fchrung von ESTA ist es einfacher geworden, in die USA zu reisen.","breadcrumb":{"@id":"https:\/\/www.esta-officiel-usa.com\/de\/wozu-dient-esta-bei-einer-reise-in-die-usa\/#breadcrumb"},"inLanguage":"de","potentialAction":[{"@type":"ReadAction","target":["https:\/\/www.esta-officiel-usa.com\/de\/wozu-dient-esta-bei-einer-reise-in-die-usa\/"]}]},{"@type":"BreadcrumbList","@id":"https:\/\/www.esta-officiel-usa.com\/de\/wozu-dient-esta-bei-einer-reise-in-die-usa\/#breadcrumb","itemListElement":[{"@type":"ListItem","position":1,"name":"Home","item":"https:\/\/www.esta-officiel-usa.com\/de\/"},{"@type":"ListItem","position":2,"name":"Wozu dient ESTA bei einer Reise in die USA?"}]},{"@type":"WebSite","@id":"https:\/\/www.esta-officiel-usa.com\/de\/#website","url":"https:\/\/www.esta-officiel-usa.com\/de\/","name":"ESTA - Vereinigte Staaten","description":"ESTA-Antragsformular","potentialAction":[{"@type":"SearchAction","target":{"@type":"EntryPoint","urlTemplate":"https:\/\/www.esta-officiel-usa.com\/de\/?s={search_term_string}"},"query-input":{"@type":"PropertyValueSpecification","valueRequired":true,"valueName":"search_term_string"}}],"inLanguage":"de"}]}},"_links":{"self":[{"href":"https:\/\/www.esta-officiel-usa.com\/de\/wp-json\/wp\/v2\/pages\/1210","targetHints":{"allow":["GET"]}}],"collection":[{"href":"https:\/\/www.esta-officiel-usa.com\/de\/wp-json\/wp\/v2\/pages"}],"about":[{"href":"https:\/\/www.esta-officiel-usa.com\/de\/wp-json\/wp\/v2\/types\/page"}],"author":[{"embeddable":true,"href":"https:\/\/www.esta-officiel-usa.com\/de\/wp-json\/wp\/v2\/users\/1"}],"replies":[{"embeddable":true,"href":"https:\/\/www.esta-officiel-usa.com\/de\/wp-json\/wp\/v2\/comments?post=1210"}],"version-history":[{"count":1,"href":"https:\/\/www.esta-officiel-usa.com\/de\/wp-json\/wp\/v2\/pages\/1210\/revisions"}],"predecessor-version":[{"id":1212,"href":"https:\/\/www.esta-officiel-usa.com\/de\/wp-json\/wp\/v2\/pages\/1210\/revisions\/1212"}],"wp:attachment":[{"href":"https:\/\/www.esta-officiel-usa.com\/de\/wp-json\/wp\/v2\/media?parent=1210"}],"curies":[{"name":"wp","href":"https:\/\/api.w.org\/{rel}","templated":true}]}}