{"id":1211,"date":"2025-09-13T12:01:58","date_gmt":"2025-09-13T12:01:58","guid":{"rendered":"https:\/\/www.esta-officiel-usa.com\/voraussetzungen-fuer-eine-reise-in-die-usa\/"},"modified":"2025-09-13T12:01:58","modified_gmt":"2025-09-13T12:01:58","slug":"voraussetzungen-fuer-eine-reise-in-die-usa","status":"publish","type":"page","link":"https:\/\/www.esta-officiel-usa.com\/de\/voraussetzungen-fuer-eine-reise-in-die-usa\/","title":{"rendered":"Voraussetzungen f\u00fcr eine Reise in die USA"},"content":{"rendered":"\n<h1 class=\"wp-block-heading\">ESTA: Voraussetzungen f\u00fcr eine Reise in die USA<\/h1>\n\n<p>Wenn Sie in die USA reisen, m\u00fcssen Sie einen <a href=\"https:\/\/www.esta-officiel-usa.com\/de\/\">ESTA-Antrag<\/a> (Electronic System of Travel Authorization) stellen, um auf amerikanischem Boden landen zu k\u00f6nnen. Diese Reisegenehmigung ist seit 2009 f\u00fcr Staatsangeh\u00f6rige von L\u00e4ndern, die am US-Visumbefreiungsprogramm teilnehmen, obligatorisch. <\/p>\n\n<h2 class=\"wp-block-heading\">ESTA: Was ist das?<\/h2>\n\n<p>Die ESTA-Reisegenehmigung wurde als Teil des Visa Waiver Program (VWP) geschaffen, um den Handel und die Einreise von Menschen in die USA zu erleichtern. Auf Deutsch wird das Programm als &#8222;Visa Waiver Program&#8220; oder ENP bezeichnet. Die L\u00e4nder, die an dem Programm teilnehmen, sind die folgenden:  <\/p>\n\n<figure class=\"wp-block-table\"><table><tbody><tr><td>\n  Deutschland\n\t\t\t<\/td><td>\n Griechenland\n\t\t\t<\/td><td>\n Norwegen\n\t\t\t<\/td><\/tr><tr><td>\n  Andorra\n\t\t\t<\/td><td>\n Ungarn\n\t\t\t<\/td><td>\n  Neuseeland\n\t\t\t<\/td><\/tr><tr><td>\n  Australien\n\t\t\t<\/td><td>\n  Irland\n\t\t\t<\/td><td>\n Portugal\n\t\t\t<\/td><\/tr><tr><td>\n \u00d6sterreich\n\t\t\t<\/td><td>\n Italien\n\t\t\t<\/td><td>\n  Tschechische Republik\n\t\t\t<\/td><\/tr><tr><td>\n Belgien\n\t\t\t<\/td><td>\n Island\n\t\t\t<\/td><td>\n  Vereinigtes K\u00f6nigreich\n\t\t\t<\/td><\/tr><tr><td>\n  Brunei\n\t\t\t<\/td><td>\n  Japan\n\t\t\t<\/td><td>\n  Saint Martin\n\t\t\t<\/td><\/tr><tr><td>\n  Chile\n\t\t\t<\/td><td>\n Niederlande\n\t\t\t<\/td><td>\n  Singapur\n\t\t\t<\/td><\/tr><tr><td>\n  S\u00fcdkorea\n\t\t\t<\/td><td>\n Lettland\n\t\t\t<\/td><td>\n Slowakei\n\t\t\t<\/td><\/tr><tr><td>\n D\u00e4nemark\n\t\t\t<\/td><td>\n Liechtenstein\n\t\t\t<\/td><td>\n Slowenien\n\t\t\t<\/td><\/tr><tr><td>\n Spanien\n\t\t\t<\/td><td>\n Litauen\n\t\t\t<\/td><td>\n Schweden\n\t\t\t<\/td><\/tr><tr><td>\n Estland\n\t\t\t<\/td><td>\n Luxemburg\n\t\t\t<\/td><td>\n schweizerisch\n\t\t\t<\/td><\/tr><tr><td>\n Finnland\n\t\t\t<\/td><td>\n Malta\n\t\t\t<\/td><td>\n  Taiwan\n\t\t\t<\/td><\/tr><tr><td>\n Frankreich\n\t\t\t<\/td><td>\n  Monaco\n\t\t\t<\/td><td>  Kroatien<\/td><\/tr><tr><td>Polen<\/td><td>Israel<\/td><td><\/td><\/tr><\/tbody><\/table><figcaption class=\"wp-element-caption\">Liste der Mitgliedsl\u00e4nder des Visa Waiver Program<\/figcaption><\/figure>\n\n<p>Um als Tourist, Gesch\u00e4ftsreisender oder Transitreisender in die USA einzureisen, m\u00fcssen die B\u00fcrger dieser L\u00e4nder eine ESTA-Zulassung beantragen.<\/p>\n\n<p>Achtung! Die ESTA-Reisegenehmigung ist nur ein Passierschein, aber keine Garantie f\u00fcr die Einreise in die USA. Die Zollbeamten am Flughafen Ihres Endbestimmungsortes entscheiden, ob Sie berechtigt sind, in die USA einzureisen. <\/p>\n\n<p>Bitte beachten Sie, dass <a href=\"https:\/\/www.esta-officiel-usa.com\/fr\/la-duree-de-validite-de-lesta\/\">die G\u00fcltigkeitsdauer eines ESTA-Zulassungsantrags<\/a> 2 Jahre betr\u00e4gt. Das bedeutet, dass Sie innerhalb dieses Zeitraums so oft in die USA reisen k\u00f6nnen, wie Sie m\u00f6chten. Die Reisen d\u00fcrfen jedoch nicht l\u00e4nger als 90 Tage dauern.  <\/p>\n\n<h2 class=\"wp-block-heading\">Wie erhalte ich meine ESTA-Zulassung?<\/h2>\n\n<p>Es ist sehr wichtig, dass Sie Ihren ESTA-Antrag online unter \nmindestens 72 Stunden vor Ihrem Aufenthalt in den USA stellen. Dies ist \ndie maximale Bearbeitungszeit f\u00fcr einen ESTA-Antrag. <\/p>\n\n<p>Ihr Online-Antrag kann direkt \u00fcber die Website\n der US-Regierung gestellt werden. Der Antrag wird in Form eines Formulars gestellt, das unter \nausgef\u00fcllt werden muss. <\/p>\n\n<p>Bevor Sie das <a href=\"https:\/\/www.esta-officiel-usa.com\/de\/das-esta-formular-online-ausfuellen\/\">Online-Formular<\/a> ausf\u00fcllen, ist es wichtig, dass Sie Ihren biometrischen oder elektronischen Reisepass mitbringen, da die Nummer und ein Foto davon ben\u00f6tigt werden.<\/p>\n\n<p>Wenn Sie einen Reisepass der \u00e4lteren Generation, den so genannten &#8222;optischen&#8220; Reisepass, besitzen, m\u00fcssen Sie vor der Beantragung des ESTA einen neuen Reisepass bei Ihrer Stadtverwaltung beantragen. Der ESTA-Pass ist nicht f\u00fcr Reisen in die USA g\u00fcltig. Um einen <a href=\"https:\/\/www.esta-officiel-usa.com\/fr\/quel-type-de-passeport-pour-les-usa\/\">elektronischen und biometrischen Reisepass zu erkennen, k\u00f6nnen Sie auf das Cover Ihres Reisepasses<\/a> schauen: Dort ist ein kleines Logo in Form eines Chips abgebildet.  <\/p>\n\n<p>Es ist auch sehr wichtig, dass Sie sich bei der Beantwortung des Formulars Zeit nehmen. Obwohl die Fragen sehr einfach sind, da sie sich auf Sie beziehen, sind kleine Fehler m\u00f6glich. Die US-Beh\u00f6rden sind unnachgiebig und jeder kleine Fehler kann dazu f\u00fchren, dass Ihre ESTA-Zulassung verweigert wird. Es ist auch wichtig, ehrlich zu sein und keine falschen Angaben zu machen. Dies k\u00f6nnte Ihnen schaden und Ihr ESTA kosten.    <\/p>\n\n<p>Wenn Sie Hilfe beim Ausf\u00fcllen des Formulars ben\u00f6tigen, k\u00f6nnen Sie sich an einen privaten Dienst wenden, der Ihnen pers\u00f6nliche Unterst\u00fctzung beim Ausf\u00fcllen des Formulars bietet. Er kann Ihr Formular auch vor dem Absenden korrigieren, so dass Sie keine Fehler machen k\u00f6nnen. <\/p>\n\n<h2 class=\"wp-block-heading\">Warum kann die ESTA-Zulassung nicht erteilt werden?<\/h2>\n\n<p>Die ESTA-Reisegenehmigung wird nur sehr selten verweigert. In den folgenden F\u00e4llen kann sie Ihnen jedoch verweigert werden: <\/p>\n\n<ul class=\"wp-block-list\">\n<li>Sie haben in den USA bereits eine Straftat begangen;<\/li>\n\n\n\n<li>Ihr Strafregister ist nicht frei von einigen schwerwiegenden Vermerken;  <\/li>\n\n\n\n<li>Sie haben eine ansteckende oder sehr schwere Krankheit;  <\/li>\n\n\n\n<li>Sie seit dem 1. M\u00e4rz 2011 nach Syrien, Iran, Jemen, Libyen, Somalia und Sudan gereist sind;  <\/li>\n\n\n\n<li>Sie haben einen g\u00fcltigen Reisepass, dessen G\u00fcltigkeitsdatum abgelaufen ist oder w\u00e4hrend Ihrer Reise in die USA ablaufen wird;  <\/li>\n\n\n\n<li>Sie haben einen Fehler im ESTA-Formular gemacht und es wurde Ihnen verweigert. Wenn dies der Fall ist, k\u00f6nnen Sie 10 Tage nach dem ersten Antrag einen neuen Antrag stellen. <\/li>\n<\/ul>\n\n<p>Wenn Ihnen leider keine ESTA-Zulassung erteilt wurde, m\u00fcssen Sie bei der US-Botschaft oder dem US-Konsulat ein Visum beantragen.<\/p>\n","protected":false},"excerpt":{"rendered":"<p>ESTA: Voraussetzungen f\u00fcr eine Reise in die USA Wenn Sie in die USA reisen, m\u00fcssen Sie einen ESTA-Antrag (Electronic System of Travel Authorization) stellen, um auf amerikanischem Boden landen zu k\u00f6nnen. Diese Reisegenehmigung ist seit 2009 f\u00fcr Staatsangeh\u00f6rige von L\u00e4ndern, die am US-Visumbefreiungsprogramm teilnehmen, obligatorisch. ESTA: Was ist das? Die ESTA-Reisegenehmigung wurde als Teil des [&hellip;]<\/p>\n","protected":false},"author":1,"featured_media":0,"parent":0,"menu_order":0,"comment_status":"closed","ping_status":"closed","template":"","meta":{"footnotes":""},"class_list":["post-1211","page","type-page","status-publish","hentry"],"yoast_head":"<!-- This site is optimized with the Yoast SEO plugin v26.2 - https:\/\/yoast.com\/wordpress\/plugins\/seo\/ -->\n<title>Voraussetzungen f\u00fcr eine Reise in die USA<\/title>\n<meta name=\"description\" content=\"Die ESTA-Zulassung ist seit 2009 f\u00fcr Reisen in die USA erforderlich. Erfahren Sie, wie Sie es schnell und einfach erhalten k\u00f6nnen.\" \/>\n<meta name=\"robots\" content=\"index, follow, max-snippet:-1, max-image-preview:large, max-video-preview:-1\" \/>\n<link rel=\"canonical\" href=\"https:\/\/www.esta-officiel-usa.com\/de\/voraussetzungen-fuer-eine-reise-in-die-usa\/\" \/>\n<meta property=\"og:locale\" content=\"de_DE\" \/>\n<meta property=\"og:type\" content=\"article\" \/>\n<meta property=\"og:title\" content=\"Voraussetzungen f\u00fcr eine Reise in die USA\" \/>\n<meta property=\"og:description\" content=\"Die ESTA-Zulassung ist seit 2009 f\u00fcr Reisen in die USA erforderlich. Erfahren Sie, wie Sie es schnell und einfach erhalten k\u00f6nnen.\" \/>\n<meta property=\"og:url\" content=\"https:\/\/www.esta-officiel-usa.com\/de\/voraussetzungen-fuer-eine-reise-in-die-usa\/\" \/>\n<meta property=\"og:site_name\" content=\"ESTA - Vereinigte Staaten\" \/>\n<meta name=\"twitter:card\" content=\"summary_large_image\" \/>\n<meta name=\"twitter:label1\" content=\"Gesch\u00e4tzte Lesezeit\" \/>\n\t<meta name=\"twitter:data1\" content=\"3\u00a0Minuten\" \/>\n<script type=\"application\/ld+json\" class=\"yoast-schema-graph\">{\"@context\":\"https:\/\/schema.org\",\"@graph\":[{\"@type\":\"WebPage\",\"@id\":\"https:\/\/www.esta-officiel-usa.com\/de\/voraussetzungen-fuer-eine-reise-in-die-usa\/\",\"url\":\"https:\/\/www.esta-officiel-usa.com\/de\/voraussetzungen-fuer-eine-reise-in-die-usa\/\",\"name\":\"Voraussetzungen f\u00fcr eine Reise in die USA\",\"isPartOf\":{\"@id\":\"https:\/\/www.esta-officiel-usa.com\/de\/#website\"},\"datePublished\":\"2025-09-13T12:01:58+00:00\",\"description\":\"Die ESTA-Zulassung ist seit 2009 f\u00fcr Reisen in die USA erforderlich. Erfahren Sie, wie Sie es schnell und einfach erhalten k\u00f6nnen.\",\"breadcrumb\":{\"@id\":\"https:\/\/www.esta-officiel-usa.com\/de\/voraussetzungen-fuer-eine-reise-in-die-usa\/#breadcrumb\"},\"inLanguage\":\"de\",\"potentialAction\":[{\"@type\":\"ReadAction\",\"target\":[\"https:\/\/www.esta-officiel-usa.com\/de\/voraussetzungen-fuer-eine-reise-in-die-usa\/\"]}]},{\"@type\":\"BreadcrumbList\",\"@id\":\"https:\/\/www.esta-officiel-usa.com\/de\/voraussetzungen-fuer-eine-reise-in-die-usa\/#breadcrumb\",\"itemListElement\":[{\"@type\":\"ListItem\",\"position\":1,\"name\":\"Home\",\"item\":\"https:\/\/www.esta-officiel-usa.com\/de\/\"},{\"@type\":\"ListItem\",\"position\":2,\"name\":\"Voraussetzungen f\u00fcr eine Reise in die USA\"}]},{\"@type\":\"WebSite\",\"@id\":\"https:\/\/www.esta-officiel-usa.com\/de\/#website\",\"url\":\"https:\/\/www.esta-officiel-usa.com\/de\/\",\"name\":\"ESTA - Vereinigte Staaten\",\"description\":\"ESTA-Antragsformular\",\"potentialAction\":[{\"@type\":\"SearchAction\",\"target\":{\"@type\":\"EntryPoint\",\"urlTemplate\":\"https:\/\/www.esta-officiel-usa.com\/de\/?s={search_term_string}\"},\"query-input\":{\"@type\":\"PropertyValueSpecification\",\"valueRequired\":true,\"valueName\":\"search_term_string\"}}],\"inLanguage\":\"de\"}]}<\/script>\n<!-- \/ Yoast SEO plugin. -->","yoast_head_json":{"title":"Voraussetzungen f\u00fcr eine Reise in die USA","description":"Die ESTA-Zulassung ist seit 2009 f\u00fcr Reisen in die USA erforderlich. Erfahren Sie, wie Sie es schnell und einfach erhalten k\u00f6nnen.","robots":{"index":"index","follow":"follow","max-snippet":"max-snippet:-1","max-image-preview":"max-image-preview:large","max-video-preview":"max-video-preview:-1"},"canonical":"https:\/\/www.esta-officiel-usa.com\/de\/voraussetzungen-fuer-eine-reise-in-die-usa\/","og_locale":"de_DE","og_type":"article","og_title":"Voraussetzungen f\u00fcr eine Reise in die USA","og_description":"Die ESTA-Zulassung ist seit 2009 f\u00fcr Reisen in die USA erforderlich. Erfahren Sie, wie Sie es schnell und einfach erhalten k\u00f6nnen.","og_url":"https:\/\/www.esta-officiel-usa.com\/de\/voraussetzungen-fuer-eine-reise-in-die-usa\/","og_site_name":"ESTA - Vereinigte Staaten","twitter_card":"summary_large_image","twitter_misc":{"Gesch\u00e4tzte Lesezeit":"3\u00a0Minuten"},"schema":{"@context":"https:\/\/schema.org","@graph":[{"@type":"WebPage","@id":"https:\/\/www.esta-officiel-usa.com\/de\/voraussetzungen-fuer-eine-reise-in-die-usa\/","url":"https:\/\/www.esta-officiel-usa.com\/de\/voraussetzungen-fuer-eine-reise-in-die-usa\/","name":"Voraussetzungen f\u00fcr eine Reise in die USA","isPartOf":{"@id":"https:\/\/www.esta-officiel-usa.com\/de\/#website"},"datePublished":"2025-09-13T12:01:58+00:00","description":"Die ESTA-Zulassung ist seit 2009 f\u00fcr Reisen in die USA erforderlich. Erfahren Sie, wie Sie es schnell und einfach erhalten k\u00f6nnen.","breadcrumb":{"@id":"https:\/\/www.esta-officiel-usa.com\/de\/voraussetzungen-fuer-eine-reise-in-die-usa\/#breadcrumb"},"inLanguage":"de","potentialAction":[{"@type":"ReadAction","target":["https:\/\/www.esta-officiel-usa.com\/de\/voraussetzungen-fuer-eine-reise-in-die-usa\/"]}]},{"@type":"BreadcrumbList","@id":"https:\/\/www.esta-officiel-usa.com\/de\/voraussetzungen-fuer-eine-reise-in-die-usa\/#breadcrumb","itemListElement":[{"@type":"ListItem","position":1,"name":"Home","item":"https:\/\/www.esta-officiel-usa.com\/de\/"},{"@type":"ListItem","position":2,"name":"Voraussetzungen f\u00fcr eine Reise in die USA"}]},{"@type":"WebSite","@id":"https:\/\/www.esta-officiel-usa.com\/de\/#website","url":"https:\/\/www.esta-officiel-usa.com\/de\/","name":"ESTA - Vereinigte Staaten","description":"ESTA-Antragsformular","potentialAction":[{"@type":"SearchAction","target":{"@type":"EntryPoint","urlTemplate":"https:\/\/www.esta-officiel-usa.com\/de\/?s={search_term_string}"},"query-input":{"@type":"PropertyValueSpecification","valueRequired":true,"valueName":"search_term_string"}}],"inLanguage":"de"}]}},"_links":{"self":[{"href":"https:\/\/www.esta-officiel-usa.com\/de\/wp-json\/wp\/v2\/pages\/1211","targetHints":{"allow":["GET"]}}],"collection":[{"href":"https:\/\/www.esta-officiel-usa.com\/de\/wp-json\/wp\/v2\/pages"}],"about":[{"href":"https:\/\/www.esta-officiel-usa.com\/de\/wp-json\/wp\/v2\/types\/page"}],"author":[{"embeddable":true,"href":"https:\/\/www.esta-officiel-usa.com\/de\/wp-json\/wp\/v2\/users\/1"}],"replies":[{"embeddable":true,"href":"https:\/\/www.esta-officiel-usa.com\/de\/wp-json\/wp\/v2\/comments?post=1211"}],"version-history":[{"count":1,"href":"https:\/\/www.esta-officiel-usa.com\/de\/wp-json\/wp\/v2\/pages\/1211\/revisions"}],"predecessor-version":[{"id":1213,"href":"https:\/\/www.esta-officiel-usa.com\/de\/wp-json\/wp\/v2\/pages\/1211\/revisions\/1213"}],"wp:attachment":[{"href":"https:\/\/www.esta-officiel-usa.com\/de\/wp-json\/wp\/v2\/media?parent=1211"}],"curies":[{"name":"wp","href":"https:\/\/api.w.org\/{rel}","templated":true}]}}