{"id":1215,"date":"2025-09-13T12:02:01","date_gmt":"2025-09-13T12:02:01","guid":{"rendered":"https:\/\/www.esta-officiel-usa.com\/esta-antrag-fuer-die-usa\/"},"modified":"2025-09-13T12:05:57","modified_gmt":"2025-09-13T12:05:57","slug":"esta-antrag-fuer-die-usa","status":"publish","type":"page","link":"https:\/\/www.esta-officiel-usa.com\/de\/esta-antrag-fuer-die-usa\/","title":{"rendered":"ESTA-Antrag f\u00fcr die USA"},"content":{"rendered":"\n<h1 class=\"wp-block-heading\">Was ist die ESTA-Erkl\u00e4rung?<\/h1>\n\n<p>Die ESTA-Erkl\u00e4rung gibt es seit 2009 und erm\u00f6glicht es, ohne Visum an den Grenzen der USA einzureisen. Aber was genau ist ESTA und wie erhalten Sie es? <\/p>\n\n<h2 class=\"wp-block-heading\">ESTA-Antrag f\u00fcr die USA: Was ist das?<\/h2>\n\n<p>Die ESTA-Erkl\u00e4rung ist ein <a href=\"https:\/\/www.esta-officiel-usa.com\/de\/das-esta-verfahren-fuer-die-vereinigten-staaten-von-amerika\/\">Verfahren<\/a> zur Genehmigung von Reisen in die USA. Staatsangeh\u00f6rige von L\u00e4ndern, die am VWP<a href=\"https:\/\/www.esta-officiel-usa.com\/de\/ueber-das-visa-waiver-program\/\">(Visa Waiver Program<\/a>) teilnehmen, k\u00f6nnen einfach einen <a href=\"https:\/\/www.esta-officiel-usa.com\/de\/\">ESTA-Antrag<\/a> stellen, um in die USA einzureisen. Es ist jedoch wichtig zu beachten, dass nur der Einwanderungsbeamte bei der <a href=\"https:\/\/www.esta-officiel-usa.com\/de\/die-zollkontrollen-der-usa-passieren\/\">Zollabfertigung<\/a> Ihre Einreise in die USA genehmigen kann. Das ESTA ist lediglich ein &#8222;Ticket&#8220;, das Sie zur Einreise an der Grenze des Landes berechtigt.   <\/p>\n\n<p>Aber keine Sorge, wenn Sie Ihren <a href=\"https:\/\/www.esta-officiel-usa.com\/de\/ausfuellen-des-esta-fragebogens-auf-deutsch\/\">ESTA-Fragebogen<\/a> korrekt ausgef\u00fcllt haben, gibt es keinen Grund, dass der Beamte Ihnen die Einreise verweigert! Um einen Antrag stellen zu k\u00f6nnen, m\u00fcssen Sie bestimmte Bedingungen erf\u00fcllen: <\/p>\n\n<ul class=\"wp-block-list\">\n<li>Planen Sie einen Aufenthalt von bis zu 90 Tagen ;<\/li>\n\n\n\n<li>Ankunft in den USA auf dem Luft- oder Seeweg (ESTA ist f\u00fcr die <a href=\"https:\/\/www.esta-officiel-usa.com\/de\/formalitaeten-fuer-die-ankunft-in-den-usa-auf-dem-landweg\/\">Ankunft in den USA auf dem Landweg<\/a> nicht erforderlich) ;<\/li>\n\n\n\n<li>Planen Sie einen Aufenthalt zu touristischen oder gesch\u00e4ftlichen (unbezahlten) Zwecken;<\/li>\n\n\n\n<li>Besitz eines g\u00fcltigen <a href=\"https:\/\/www.esta-officiel-usa.com\/de\/welche-art-von-reisepass-ist-fuer-die-usa-erforderlich\/\">biometrischen oder elektronischen Reisepasses<\/a>.<\/li>\n<\/ul>\n\n<h2 class=\"wp-block-heading\">ESTA-Erkl\u00e4rung: Wie erhalte ich sie?<\/h2>\n\n<p>Die ESTA-Erkl\u00e4rung ist eine vereinfachte Genehmigung f\u00fcr Reisen in die USA. Daher ist es einfach, sie zu erhalten! Der Antrag kann nur online gestellt werden. Stellen Sie sicher, dass Sie \u00fcber eine Online-Zahlungsmethode verf\u00fcgen (Bankkarte oder Paypal-Konto). Sie k\u00f6nnen die <a href=\"https:\/\/www.esta-officiel-usa.com\/de\/den-esta-antrag-auf-einer-offiziellen-website-stellen\/\">offizielle ESTA-Website der USA<\/a> besuchen oder das Formular direkt auf einer privaten Plattform ausf\u00fcllen.    <\/p>\n\n<p>Die <a href=\"https:\/\/www.esta-officiel-usa.com\/de\/beantragung-einer-esta-genehmigung-fuer-minderjaehrige\/\">ESTA-Anmeldung f\u00fcr Minderj\u00e4hrige<\/a> oder Vollj\u00e4hrige erfolgt in Form eines Formulars, in dem Sie Informationen zu Ihrer Person (Name, Vorname, Passnummer&#8230;) und zu Ihrer Reise (Grund, Adresse vor Ort, Notfallkontakt) eintragen m\u00fcssen. Achten Sie darauf, keine Details auszulassen, da dies dazu f\u00fchren kann, dass die Zollbeh\u00f6rden die Anmeldung verweigern oder <a href=\"https:\/\/www.esta-officiel-usa.com\/de\/aendern-des-esta-formulars\/\">Ihr ESTA \u00e4ndern<\/a> m\u00fcssen. F\u00fcr jeden Antrag ist eine Bearbeitungsgeb\u00fchr von <a href=\"https:\/\/www.esta-officiel-usa.com\/de\/esta-kostet-nicht-mehr-14\/\">21 $<\/a> zu entrichten.  <\/p>\n\n<p>Sie wissen nicht, <a href=\"https:\/\/www.esta-officiel-usa.com\/de\/wann-man-einen-esta-antrag-stellen-sollte\/\">wann Sie Ihren ESTA-Antrag stellen sollen<\/a>? Ganz einfach, die <a href=\"https:\/\/www.esta-officiel-usa.com\/de\/wie-lange-dauert-die-beantragung-des-esta\/\">Fristen f\u00fcr die<\/a> Beantragung sind recht kurz, aber wir empfehlen Ihnen, den Antrag so fr\u00fch wie m\u00f6glich zu stellen! Wenn Sie weitere Fragen zu Ihrem Antrag haben, k\u00f6nnen Sie unsere Online-Hilfe in Anspruch nehmen.  <\/p>\n\n<p><\/p>\n","protected":false},"excerpt":{"rendered":"<p>Was ist die ESTA-Erkl\u00e4rung? Die ESTA-Erkl\u00e4rung gibt es seit 2009 und erm\u00f6glicht es, ohne Visum an den Grenzen der USA einzureisen. Aber was genau ist ESTA und wie erhalten Sie es? ESTA-Antrag f\u00fcr die USA: Was ist das? Die ESTA-Erkl\u00e4rung ist ein Verfahren zur Genehmigung von Reisen in die USA. Staatsangeh\u00f6rige von L\u00e4ndern, die am [&hellip;]<\/p>\n","protected":false},"author":1,"featured_media":0,"parent":0,"menu_order":0,"comment_status":"closed","ping_status":"closed","template":"","meta":{"footnotes":""},"class_list":["post-1215","page","type-page","status-publish","hentry"],"yoast_head":"<!-- This site is optimized with the Yoast SEO plugin v26.2 - https:\/\/yoast.com\/wordpress\/plugins\/seo\/ -->\n<title>ESTA-Antrag f\u00fcr die USA<\/title>\n<meta name=\"description\" content=\"Die ESTA-Erkl\u00e4rung erm\u00f6glicht es, an den Grenzen der Vereinigten Staaten ohne Visum einzureisen. Aber was bedeutet das genau?\" \/>\n<meta name=\"robots\" content=\"index, follow, max-snippet:-1, max-image-preview:large, max-video-preview:-1\" \/>\n<link rel=\"canonical\" href=\"https:\/\/www.esta-officiel-usa.com\/de\/esta-antrag-fuer-die-usa\/\" \/>\n<meta property=\"og:locale\" content=\"de_DE\" \/>\n<meta property=\"og:type\" content=\"article\" \/>\n<meta property=\"og:title\" content=\"ESTA-Antrag f\u00fcr die USA\" \/>\n<meta property=\"og:description\" content=\"Die ESTA-Erkl\u00e4rung erm\u00f6glicht es, an den Grenzen der Vereinigten Staaten ohne Visum einzureisen. Aber was bedeutet das genau?\" \/>\n<meta property=\"og:url\" content=\"https:\/\/www.esta-officiel-usa.com\/de\/esta-antrag-fuer-die-usa\/\" \/>\n<meta property=\"og:site_name\" content=\"ESTA - Vereinigte Staaten\" \/>\n<meta property=\"article:modified_time\" content=\"2025-09-13T12:05:57+00:00\" \/>\n<meta name=\"twitter:card\" content=\"summary_large_image\" \/>\n<meta name=\"twitter:label1\" content=\"Gesch\u00e4tzte Lesezeit\" \/>\n\t<meta name=\"twitter:data1\" content=\"2\u00a0Minuten\" \/>\n<script type=\"application\/ld+json\" class=\"yoast-schema-graph\">{\"@context\":\"https:\/\/schema.org\",\"@graph\":[{\"@type\":\"WebPage\",\"@id\":\"https:\/\/www.esta-officiel-usa.com\/de\/esta-antrag-fuer-die-usa\/\",\"url\":\"https:\/\/www.esta-officiel-usa.com\/de\/esta-antrag-fuer-die-usa\/\",\"name\":\"ESTA-Antrag f\u00fcr die USA\",\"isPartOf\":{\"@id\":\"https:\/\/www.esta-officiel-usa.com\/de\/#website\"},\"datePublished\":\"2025-09-13T12:02:01+00:00\",\"dateModified\":\"2025-09-13T12:05:57+00:00\",\"description\":\"Die ESTA-Erkl\u00e4rung erm\u00f6glicht es, an den Grenzen der Vereinigten Staaten ohne Visum einzureisen. Aber was bedeutet das genau?\",\"breadcrumb\":{\"@id\":\"https:\/\/www.esta-officiel-usa.com\/de\/esta-antrag-fuer-die-usa\/#breadcrumb\"},\"inLanguage\":\"de\",\"potentialAction\":[{\"@type\":\"ReadAction\",\"target\":[\"https:\/\/www.esta-officiel-usa.com\/de\/esta-antrag-fuer-die-usa\/\"]}]},{\"@type\":\"BreadcrumbList\",\"@id\":\"https:\/\/www.esta-officiel-usa.com\/de\/esta-antrag-fuer-die-usa\/#breadcrumb\",\"itemListElement\":[{\"@type\":\"ListItem\",\"position\":1,\"name\":\"Home\",\"item\":\"https:\/\/www.esta-officiel-usa.com\/de\/\"},{\"@type\":\"ListItem\",\"position\":2,\"name\":\"ESTA-Antrag f\u00fcr die USA\"}]},{\"@type\":\"WebSite\",\"@id\":\"https:\/\/www.esta-officiel-usa.com\/de\/#website\",\"url\":\"https:\/\/www.esta-officiel-usa.com\/de\/\",\"name\":\"ESTA - Vereinigte Staaten\",\"description\":\"ESTA-Antragsformular\",\"potentialAction\":[{\"@type\":\"SearchAction\",\"target\":{\"@type\":\"EntryPoint\",\"urlTemplate\":\"https:\/\/www.esta-officiel-usa.com\/de\/?s={search_term_string}\"},\"query-input\":{\"@type\":\"PropertyValueSpecification\",\"valueRequired\":true,\"valueName\":\"search_term_string\"}}],\"inLanguage\":\"de\"}]}<\/script>\n<!-- \/ Yoast SEO plugin. -->","yoast_head_json":{"title":"ESTA-Antrag f\u00fcr die USA","description":"Die ESTA-Erkl\u00e4rung erm\u00f6glicht es, an den Grenzen der Vereinigten Staaten ohne Visum einzureisen. Aber was bedeutet das genau?","robots":{"index":"index","follow":"follow","max-snippet":"max-snippet:-1","max-image-preview":"max-image-preview:large","max-video-preview":"max-video-preview:-1"},"canonical":"https:\/\/www.esta-officiel-usa.com\/de\/esta-antrag-fuer-die-usa\/","og_locale":"de_DE","og_type":"article","og_title":"ESTA-Antrag f\u00fcr die USA","og_description":"Die ESTA-Erkl\u00e4rung erm\u00f6glicht es, an den Grenzen der Vereinigten Staaten ohne Visum einzureisen. Aber was bedeutet das genau?","og_url":"https:\/\/www.esta-officiel-usa.com\/de\/esta-antrag-fuer-die-usa\/","og_site_name":"ESTA - Vereinigte Staaten","article_modified_time":"2025-09-13T12:05:57+00:00","twitter_card":"summary_large_image","twitter_misc":{"Gesch\u00e4tzte Lesezeit":"2\u00a0Minuten"},"schema":{"@context":"https:\/\/schema.org","@graph":[{"@type":"WebPage","@id":"https:\/\/www.esta-officiel-usa.com\/de\/esta-antrag-fuer-die-usa\/","url":"https:\/\/www.esta-officiel-usa.com\/de\/esta-antrag-fuer-die-usa\/","name":"ESTA-Antrag f\u00fcr die USA","isPartOf":{"@id":"https:\/\/www.esta-officiel-usa.com\/de\/#website"},"datePublished":"2025-09-13T12:02:01+00:00","dateModified":"2025-09-13T12:05:57+00:00","description":"Die ESTA-Erkl\u00e4rung erm\u00f6glicht es, an den Grenzen der Vereinigten Staaten ohne Visum einzureisen. Aber was bedeutet das genau?","breadcrumb":{"@id":"https:\/\/www.esta-officiel-usa.com\/de\/esta-antrag-fuer-die-usa\/#breadcrumb"},"inLanguage":"de","potentialAction":[{"@type":"ReadAction","target":["https:\/\/www.esta-officiel-usa.com\/de\/esta-antrag-fuer-die-usa\/"]}]},{"@type":"BreadcrumbList","@id":"https:\/\/www.esta-officiel-usa.com\/de\/esta-antrag-fuer-die-usa\/#breadcrumb","itemListElement":[{"@type":"ListItem","position":1,"name":"Home","item":"https:\/\/www.esta-officiel-usa.com\/de\/"},{"@type":"ListItem","position":2,"name":"ESTA-Antrag f\u00fcr die USA"}]},{"@type":"WebSite","@id":"https:\/\/www.esta-officiel-usa.com\/de\/#website","url":"https:\/\/www.esta-officiel-usa.com\/de\/","name":"ESTA - Vereinigte Staaten","description":"ESTA-Antragsformular","potentialAction":[{"@type":"SearchAction","target":{"@type":"EntryPoint","urlTemplate":"https:\/\/www.esta-officiel-usa.com\/de\/?s={search_term_string}"},"query-input":{"@type":"PropertyValueSpecification","valueRequired":true,"valueName":"search_term_string"}}],"inLanguage":"de"}]}},"_links":{"self":[{"href":"https:\/\/www.esta-officiel-usa.com\/de\/wp-json\/wp\/v2\/pages\/1215","targetHints":{"allow":["GET"]}}],"collection":[{"href":"https:\/\/www.esta-officiel-usa.com\/de\/wp-json\/wp\/v2\/pages"}],"about":[{"href":"https:\/\/www.esta-officiel-usa.com\/de\/wp-json\/wp\/v2\/types\/page"}],"author":[{"embeddable":true,"href":"https:\/\/www.esta-officiel-usa.com\/de\/wp-json\/wp\/v2\/users\/1"}],"replies":[{"embeddable":true,"href":"https:\/\/www.esta-officiel-usa.com\/de\/wp-json\/wp\/v2\/comments?post=1215"}],"version-history":[{"count":9,"href":"https:\/\/www.esta-officiel-usa.com\/de\/wp-json\/wp\/v2\/pages\/1215\/revisions"}],"predecessor-version":[{"id":1782,"href":"https:\/\/www.esta-officiel-usa.com\/de\/wp-json\/wp\/v2\/pages\/1215\/revisions\/1782"}],"wp:attachment":[{"href":"https:\/\/www.esta-officiel-usa.com\/de\/wp-json\/wp\/v2\/media?parent=1215"}],"curies":[{"name":"wp","href":"https:\/\/api.w.org\/{rel}","templated":true}]}}