{"id":1226,"date":"2025-09-13T12:02:05","date_gmt":"2025-09-13T12:02:05","guid":{"rendered":"https:\/\/www.esta-officiel-usa.com\/besuchen-sie-kuba-auf-einer-reise-in-die-usa\/"},"modified":"2025-09-13T12:02:05","modified_gmt":"2025-09-13T12:02:05","slug":"besuchen-sie-kuba-auf-einer-reise-in-die-usa","status":"publish","type":"page","link":"https:\/\/www.esta-officiel-usa.com\/de\/besuchen-sie-kuba-auf-einer-reise-in-die-usa\/","title":{"rendered":"Besuchen Sie Kuba auf einer Reise in die USA"},"content":{"rendered":"\n<h1 class=\"wp-block-heading\">REISEN SIE VON DEN USA NACH KUBA!<\/h1>\n\n<p>Planen Sie einen <a href=\"https:\/\/www.esta-officiel-usa.com\/de\/\">ESTA-Aufenthalt<\/a> in den USA und haben Sie noch ein paar Tage Zeit? Dann machen Sie einen Abstecher auf die Insel Kuba, Sie werden es nicht bereuen! Umgeben von paradiesischen Str\u00e4nden, nutzt dieses langgestreckte Land die besseren Beziehungen zu den USA als in der Vergangenheit, um sich der Welt zu \u00f6ffnen. Ob es sich nun um die Bev\u00f6lkerung, die Landschaften oder die Architektur handelt, Sie werden tausend Gr\u00fcnde finden, diese Perle der Karibik zu sch\u00e4tzen.   <\/p>\n\n<h2 class=\"wp-block-heading\">KUBA: WAS SIE NICHT VERPASSEN SOLLTEN<\/h2>\n\n<p>Es ist unm\u00f6glich, sich in Kuba zu langweilen, da die Insel so viele Orte zu besichtigen, Stra\u00dfen zu begehen und Riffe zu erkunden hat. Ein Beweis daf\u00fcr ist, dass 2016 4 Millionen Touristen die Insel besuchten (das entspricht mehr als 1\/3 der einheimischen Bev\u00f6lkerung!). Wenn Sie keine Menschenmassen m\u00f6gen, sollten Sie sich Ihre Reisezeit vor der Abreise gut \u00fcberlegen.  <\/p>\n\n<p>Havanna ist die Hauptstadt Kubas und eine Stadt, an der man nicht vorbeikommt. Das historische Zentrum wurde von der UNESCO zum Weltkulturerbe erkl\u00e4rt. Dies ist auf die \u00fcppige Vegetation und die majest\u00e4tischen Geb\u00e4ude zur\u00fcckzuf\u00fchren. Die Stadt zeichnet sich auch durch die geringe Anzahl an Hochh\u00e4usern aus, was ihre Authentizit\u00e4t bewahrt, aber auch ihren Mangel an Modernit\u00e4t widerspiegelt, der zum Verfall einiger Viertel gef\u00fchrt hat.  <\/p>\n\n<p>Bevorzugen Sie Bed &amp; Breakfast, um in den Urlaub einzutauchen und halten Sie die Augen offen f\u00fcr die vielen Hinweise auf die Symbolfiguren Kubas, Che Guevara und Fidel Castro.<\/p>\n\n<p>Was die lokale Gastronomie betrifft, so sollten Sie Reis mit schwarzen Bohnen probieren, nat\u00fcrlich mit einem Cuba Libre!<\/p>\n\n<p>F\u00fcr das ultimative Erlebnis sollten Sie Ihre Flossen und Schnorchel einpacken und zum Tauchen gehen. Die Gew\u00e4sser Kubas sind herrlich, ebenso wie die Str\u00e4nde f\u00fcr diejenigen, die lieber an der K\u00fcste bleiben. Die Korallenriffe geh\u00f6ren zu den l\u00e4ngsten der Welt und sind die perfekte Gelegenheit, um die Flora und Fauna des Ozeans zu erkunden.  <\/p>\n\n<p>Und das ist noch nicht alles: Nutzen Sie Ihre Reise, um eine Zigarrenfabrik zu besuchen, denn Zigarren sind ein Teil des Kulturerbes des Landes. Dort werden Ihnen die Herstellungsschritte, Techniken und Verfahren (Anbau, Trocknen, Rollen&#8230;) erkl\u00e4rt, die zu einem Qualit\u00e4tsprodukt f\u00fchren. Sie k\u00f6nnen bei dieser Gelegenheit auch Zigarren kaufen, die nat\u00fcrlich billiger sind als in Frankreich!  <\/p>\n\n<h2 class=\"wp-block-heading\">AUSGEHEN IN KUBA<\/h2>\n\n<p>Nach einem anstrengenden Tag mit Tauchen, einem Stadtbummel oder einer Wanderung durch die \u00fcppige Natur ist es Zeit f\u00fcr eine Party. Daf\u00fcr gibt es nichts Besseres, als einen Club oder eine Tanzbar zu besuchen. Sie m\u00f6gen Salsa? Gut, dann k\u00f6nnen Sie zu Musik mit Percussion und Gitarren tanzen. Diskotheken gibt es viele, vor allem in Havanna.    <\/p>\n\n<p>Um Ihren Urlaub in Kuba genie\u00dfen zu k\u00f6nnen, m\u00fcssen Sie nur noch <a href=\"https:\/\/www.esta-officiel-usa.com\/fr\/comment-faire-une-demande-esta-officiel\/\">Ihr offizielles ESTA beantragen<\/a>. Mit dieser Genehmigung k\u00f6nnen Sie in die USA einreisen, die beste Transitoption f\u00fcr Ihre Reise auf die Karibikinsel. Wie erhalten Sie dieses Dokument? Einfach durch <a href=\"https:\/\/www.esta-officiel-usa.com\/de\/das-esta-formular-online-ausfuellen\/\">Ausf\u00fcllen eines Online-Formulars<\/a>, das verschiedene Fragen zu Ihrer Identit\u00e4t und Ihren Pl\u00e4nen in den USA (Tourismus, Gesch\u00e4ftliches&#8230;) enth\u00e4lt. Das<a href=\"https:\/\/www.esta-officiel-usa.com\/fr\/lesta-pour-14\/\">ESTA kostet 14 $<\/a> und erlaubt Ihnen, 90 Tage lang frei in den USA zu reisen.    <\/p>\n\n<p>Haben Sie Kuba bereits umrundet? Entdecken Sie andere Reiseziele, denn die Attraktionen in den USA sind fast endlos: Nationalparks, ber\u00fchmte St\u00e4dte, Str\u00e4nde&#8230; <\/p>\n","protected":false},"excerpt":{"rendered":"<p>REISEN SIE VON DEN USA NACH KUBA! Planen Sie einen ESTA-Aufenthalt in den USA und haben Sie noch ein paar Tage Zeit? Dann machen Sie einen Abstecher auf die Insel Kuba, Sie werden es nicht bereuen! Umgeben von paradiesischen Str\u00e4nden, nutzt dieses langgestreckte Land die besseren Beziehungen zu den USA als in der Vergangenheit, um [&hellip;]<\/p>\n","protected":false},"author":1,"featured_media":0,"parent":0,"menu_order":0,"comment_status":"closed","ping_status":"closed","template":"","meta":{"footnotes":""},"class_list":["post-1226","page","type-page","status-publish","hentry"],"yoast_head":"<!-- This site is optimized with the Yoast SEO plugin v26.2 - https:\/\/yoast.com\/wordpress\/plugins\/seo\/ -->\n<title>Besuchen Sie Kuba auf einer Reise in die USA<\/title>\n<meta name=\"description\" content=\"Sie planen eine Reise in die USA, warum nutzen Sie nicht die Gelegenheit, um Kuba zu besuchen? Unsere Teams geben Ihnen einige Tipps.\" \/>\n<meta name=\"robots\" content=\"index, follow, max-snippet:-1, max-image-preview:large, max-video-preview:-1\" \/>\n<link rel=\"canonical\" href=\"https:\/\/www.esta-officiel-usa.com\/de\/besuchen-sie-kuba-auf-einer-reise-in-die-usa\/\" \/>\n<meta property=\"og:locale\" content=\"de_DE\" \/>\n<meta property=\"og:type\" content=\"article\" \/>\n<meta property=\"og:title\" content=\"Besuchen Sie Kuba auf einer Reise in die USA\" \/>\n<meta property=\"og:description\" content=\"Sie planen eine Reise in die USA, warum nutzen Sie nicht die Gelegenheit, um Kuba zu besuchen? Unsere Teams geben Ihnen einige Tipps.\" \/>\n<meta property=\"og:url\" content=\"https:\/\/www.esta-officiel-usa.com\/de\/besuchen-sie-kuba-auf-einer-reise-in-die-usa\/\" \/>\n<meta property=\"og:site_name\" content=\"ESTA - Vereinigte Staaten\" \/>\n<meta name=\"twitter:card\" content=\"summary_large_image\" \/>\n<meta name=\"twitter:label1\" content=\"Gesch\u00e4tzte Lesezeit\" \/>\n\t<meta name=\"twitter:data1\" content=\"3\u00a0Minuten\" \/>\n<script type=\"application\/ld+json\" class=\"yoast-schema-graph\">{\"@context\":\"https:\/\/schema.org\",\"@graph\":[{\"@type\":\"WebPage\",\"@id\":\"https:\/\/www.esta-officiel-usa.com\/de\/besuchen-sie-kuba-auf-einer-reise-in-die-usa\/\",\"url\":\"https:\/\/www.esta-officiel-usa.com\/de\/besuchen-sie-kuba-auf-einer-reise-in-die-usa\/\",\"name\":\"Besuchen Sie Kuba auf einer Reise in die USA\",\"isPartOf\":{\"@id\":\"https:\/\/www.esta-officiel-usa.com\/de\/#website\"},\"datePublished\":\"2025-09-13T12:02:05+00:00\",\"description\":\"Sie planen eine Reise in die USA, warum nutzen Sie nicht die Gelegenheit, um Kuba zu besuchen? Unsere Teams geben Ihnen einige Tipps.\",\"breadcrumb\":{\"@id\":\"https:\/\/www.esta-officiel-usa.com\/de\/besuchen-sie-kuba-auf-einer-reise-in-die-usa\/#breadcrumb\"},\"inLanguage\":\"de\",\"potentialAction\":[{\"@type\":\"ReadAction\",\"target\":[\"https:\/\/www.esta-officiel-usa.com\/de\/besuchen-sie-kuba-auf-einer-reise-in-die-usa\/\"]}]},{\"@type\":\"BreadcrumbList\",\"@id\":\"https:\/\/www.esta-officiel-usa.com\/de\/besuchen-sie-kuba-auf-einer-reise-in-die-usa\/#breadcrumb\",\"itemListElement\":[{\"@type\":\"ListItem\",\"position\":1,\"name\":\"Home\",\"item\":\"https:\/\/www.esta-officiel-usa.com\/de\/\"},{\"@type\":\"ListItem\",\"position\":2,\"name\":\"Besuchen Sie Kuba auf einer Reise in die USA\"}]},{\"@type\":\"WebSite\",\"@id\":\"https:\/\/www.esta-officiel-usa.com\/de\/#website\",\"url\":\"https:\/\/www.esta-officiel-usa.com\/de\/\",\"name\":\"ESTA - Vereinigte Staaten\",\"description\":\"ESTA-Antragsformular\",\"potentialAction\":[{\"@type\":\"SearchAction\",\"target\":{\"@type\":\"EntryPoint\",\"urlTemplate\":\"https:\/\/www.esta-officiel-usa.com\/de\/?s={search_term_string}\"},\"query-input\":{\"@type\":\"PropertyValueSpecification\",\"valueRequired\":true,\"valueName\":\"search_term_string\"}}],\"inLanguage\":\"de\"}]}<\/script>\n<!-- \/ Yoast SEO plugin. -->","yoast_head_json":{"title":"Besuchen Sie Kuba auf einer Reise in die USA","description":"Sie planen eine Reise in die USA, warum nutzen Sie nicht die Gelegenheit, um Kuba zu besuchen? Unsere Teams geben Ihnen einige Tipps.","robots":{"index":"index","follow":"follow","max-snippet":"max-snippet:-1","max-image-preview":"max-image-preview:large","max-video-preview":"max-video-preview:-1"},"canonical":"https:\/\/www.esta-officiel-usa.com\/de\/besuchen-sie-kuba-auf-einer-reise-in-die-usa\/","og_locale":"de_DE","og_type":"article","og_title":"Besuchen Sie Kuba auf einer Reise in die USA","og_description":"Sie planen eine Reise in die USA, warum nutzen Sie nicht die Gelegenheit, um Kuba zu besuchen? Unsere Teams geben Ihnen einige Tipps.","og_url":"https:\/\/www.esta-officiel-usa.com\/de\/besuchen-sie-kuba-auf-einer-reise-in-die-usa\/","og_site_name":"ESTA - Vereinigte Staaten","twitter_card":"summary_large_image","twitter_misc":{"Gesch\u00e4tzte Lesezeit":"3\u00a0Minuten"},"schema":{"@context":"https:\/\/schema.org","@graph":[{"@type":"WebPage","@id":"https:\/\/www.esta-officiel-usa.com\/de\/besuchen-sie-kuba-auf-einer-reise-in-die-usa\/","url":"https:\/\/www.esta-officiel-usa.com\/de\/besuchen-sie-kuba-auf-einer-reise-in-die-usa\/","name":"Besuchen Sie Kuba auf einer Reise in die USA","isPartOf":{"@id":"https:\/\/www.esta-officiel-usa.com\/de\/#website"},"datePublished":"2025-09-13T12:02:05+00:00","description":"Sie planen eine Reise in die USA, warum nutzen Sie nicht die Gelegenheit, um Kuba zu besuchen? Unsere Teams geben Ihnen einige Tipps.","breadcrumb":{"@id":"https:\/\/www.esta-officiel-usa.com\/de\/besuchen-sie-kuba-auf-einer-reise-in-die-usa\/#breadcrumb"},"inLanguage":"de","potentialAction":[{"@type":"ReadAction","target":["https:\/\/www.esta-officiel-usa.com\/de\/besuchen-sie-kuba-auf-einer-reise-in-die-usa\/"]}]},{"@type":"BreadcrumbList","@id":"https:\/\/www.esta-officiel-usa.com\/de\/besuchen-sie-kuba-auf-einer-reise-in-die-usa\/#breadcrumb","itemListElement":[{"@type":"ListItem","position":1,"name":"Home","item":"https:\/\/www.esta-officiel-usa.com\/de\/"},{"@type":"ListItem","position":2,"name":"Besuchen Sie Kuba auf einer Reise in die USA"}]},{"@type":"WebSite","@id":"https:\/\/www.esta-officiel-usa.com\/de\/#website","url":"https:\/\/www.esta-officiel-usa.com\/de\/","name":"ESTA - Vereinigte Staaten","description":"ESTA-Antragsformular","potentialAction":[{"@type":"SearchAction","target":{"@type":"EntryPoint","urlTemplate":"https:\/\/www.esta-officiel-usa.com\/de\/?s={search_term_string}"},"query-input":{"@type":"PropertyValueSpecification","valueRequired":true,"valueName":"search_term_string"}}],"inLanguage":"de"}]}},"_links":{"self":[{"href":"https:\/\/www.esta-officiel-usa.com\/de\/wp-json\/wp\/v2\/pages\/1226","targetHints":{"allow":["GET"]}}],"collection":[{"href":"https:\/\/www.esta-officiel-usa.com\/de\/wp-json\/wp\/v2\/pages"}],"about":[{"href":"https:\/\/www.esta-officiel-usa.com\/de\/wp-json\/wp\/v2\/types\/page"}],"author":[{"embeddable":true,"href":"https:\/\/www.esta-officiel-usa.com\/de\/wp-json\/wp\/v2\/users\/1"}],"replies":[{"embeddable":true,"href":"https:\/\/www.esta-officiel-usa.com\/de\/wp-json\/wp\/v2\/comments?post=1226"}],"version-history":[{"count":1,"href":"https:\/\/www.esta-officiel-usa.com\/de\/wp-json\/wp\/v2\/pages\/1226\/revisions"}],"predecessor-version":[{"id":1227,"href":"https:\/\/www.esta-officiel-usa.com\/de\/wp-json\/wp\/v2\/pages\/1226\/revisions\/1227"}],"wp:attachment":[{"href":"https:\/\/www.esta-officiel-usa.com\/de\/wp-json\/wp\/v2\/media?parent=1226"}],"curies":[{"name":"wp","href":"https:\/\/api.w.org\/{rel}","templated":true}]}}