{"id":1230,"date":"2025-09-13T12:02:08","date_gmt":"2025-09-13T12:02:08","guid":{"rendered":"https:\/\/www.esta-officiel-usa.com\/eine-green-card-durch-die-lotterie-erhalten\/"},"modified":"2025-09-13T12:02:08","modified_gmt":"2025-09-13T12:02:08","slug":"eine-green-card-durch-die-lotterie-erhalten","status":"publish","type":"page","link":"https:\/\/www.esta-officiel-usa.com\/de\/eine-green-card-durch-die-lotterie-erhalten\/","title":{"rendered":"Eine Green Card durch die Lotterie erhalten"},"content":{"rendered":"\n<h1 class=\"wp-block-heading\">DIE LOTTERIE F\u00dcR DIE GREEN CARD<\/h1>\n\n<p>Jedes Jahr wird von der US-Regierung eine internationale Lotterie veranstaltet. Die Gewinner erhalten eine Green Card, ein offizielles Dokument, das einem Ausl\u00e4nder das Recht auf st\u00e4ndigen Aufenthalt und Arbeit in den USA gibt (im Gegensatz zu<a href=\"https:\/\/www.esta-officiel-usa.com\/de\/\">ESTA<\/a>, das einen vor\u00fcbergehenden Aufenthalt zu touristischen Zwecken erlaubt). Nur 50.000 Green Cards werden von fast 15 Millionen Menschen, die in die USA einwandern m\u00f6chten, erteilt. Die Green Card ist eine der begehrtesten Einreiseformalit\u00e4ten der Welt.   <br\/> <\/p>\n\n<h2 class=\"wp-block-heading\">WIE KANN ICH AN DER GREEN CARD-LOTTERIE TEILNEHMEN?<\/h2>\n\n<p>Die Green Card Lotterie ist eine j\u00e4hrliche Tradition, deren urspr\u00fcnglicher Zweck es war, eine Vielfalt in der Demographie der Einwanderer in die USA zu gew\u00e4hrleisten. B\u00fcrger aus L\u00e4ndern, die in den letzten f\u00fcnf Jahren weniger als 50.000 Einwanderer in die USA geschickt haben, sind berechtigt, die Green Card zu beantragen. <\/p>\n\n<p>Ein weiteres wichtiges Kriterium ist die Ausbildung. Sie m\u00fcssen mindestens zwei Jahre lang das Abitur, einen gleichwertigen Abschluss oder eine Position, die dieses Bildungsniveau erfordert, innegehabt haben. <\/p>\n\n<p>Die Anmeldung erfolgt kostenlos \u00fcber das Internet und ist f\u00fcr Millionen von Menschen, oft aus L\u00e4ndern der Dritten Welt, die davon tr\u00e4umen, der Unsicherheit und Armut zu entfliehen, von gro\u00dfem Interesse. Die Bewerber m\u00fcssen das Online-Formular ausf\u00fcllen und darauf achten, dass sie keine Fehler machen. Au\u00dferdem ist die Website nur in englischer oder spanischer Sprache verf\u00fcgbar. Die Fragen beziehen sich auf die folgenden Themen:   <\/p>\n\n<ul class=\"wp-block-list\"><li>Sie k\u00f6nnen die Daten des Familienstandes und die Daten des <a href=\"https:\/\/www.esta-officiel-usa.com\/fr\/quel-type-de-passeport-pour-les-usa\/\">Reisepasses<\/a> einsehen;<\/li><li>Wohnort ;<\/li><li>Telefon- und E-Mail-Adresse ;<\/li><li>Bildungsniveau ;<\/li><li>Familienstand ;<\/li><li>Daten \u00fcber Ihre Kinder und Ihren Ehepartner.<\/li><\/ul>\n\n<p>Das Programm, das f\u00fcr eine bestimmte Idee der USA (den amerikanischen Traum) steht, ist seit langem bedroht, ein Versuch, es 2013 zu beenden, scheiterte, aber sicher ist, dass sich die Einwanderungsgesetze in den n\u00e4chsten Jahren stark \u00e4ndern k\u00f6nnten, insbesondere durch <a href=\"https:\/\/www.esta-officiel-usa.com\/fr\/lannulation-de-la-green-card-par-donald-trump\/\">Donald Trump<\/a>.<br\/> <\/p>\n\n<h2 class=\"wp-block-heading\">WIE KANN ICH DIE ERGEBNISSE DER GREEN CARD-LOTTERIE ERFAHREN?<\/h2>\n\n<p>Die Lotterie findet jedes Jahr im Oktober statt und die Ergebnisse werden im Mai des folgenden Jahres ver\u00f6ffentlicht. Wenn Sie das Gl\u00fcck auf Ihrer Seite haben, geh\u00f6ren Sie zu den 0,33% der Teilnehmer, die gewinnen! Sie haben jedoch eine Menge Arbeit vor sich: offizielle Abschriften aller Ausweisdokumente und Diplome, \u00e4rztliche Bescheinigungen, Kopien der Strafregister, ausf\u00fchrliche Interviews in der US-Botschaft Ihres Heimatlandes, etc. Der gesamte Prozess dauert zwei Jahre, und die Gl\u00fccklichen haben dann sechs Monate Zeit, um alles hinter sich zu lassen und in die USA zu ziehen.   <\/p>\n\n<p>F\u00fcr diejenigen, die weniger Gl\u00fcck haben, ist es immer noch m\u00f6glich, die folgenden <a href=\"https:\/\/www.esta-officiel-usa.com\/fr\/les-demarches-pour-visiter-les-etats-unis\/\">Schritte zu unternehmen, um die USA zu besuchen<\/a>:<\/p>\n\n<ul class=\"wp-block-list\"><li>im n\u00e4chsten Jahr wieder teilnehmen;<\/li><li>eine Green Card auf anderem Wege erhalten: Arbeitsvertrag, <a href=\"https:\/\/www.esta-officiel-usa.com\/fr\/obtenir-une-green-card-par-un-mariage\/\">Heirat<\/a> mit einem US-B\u00fcrger, Investition in den USA usw. ;<\/li><li>ein herk\u00f6mmliches Visum bei der Botschaft oder dem Konsulat beantragen;<\/li><li>sich f\u00fcr ein ESTA-Dokument entscheiden, das schnell und einfach zu beantragen ist und den Aufenthalt im Land f\u00fcr 90 aufeinander folgende Tage erlaubt.<\/li><\/ul>\n","protected":false},"excerpt":{"rendered":"<p>DIE LOTTERIE F\u00dcR DIE GREEN CARD Jedes Jahr wird von der US-Regierung eine internationale Lotterie veranstaltet. Die Gewinner erhalten eine Green Card, ein offizielles Dokument, das einem Ausl\u00e4nder das Recht auf st\u00e4ndigen Aufenthalt und Arbeit in den USA gibt (im Gegensatz zuESTA, das einen vor\u00fcbergehenden Aufenthalt zu touristischen Zwecken erlaubt). Nur 50.000 Green Cards werden [&hellip;]<\/p>\n","protected":false},"author":1,"featured_media":0,"parent":0,"menu_order":0,"comment_status":"closed","ping_status":"closed","template":"","meta":{"footnotes":""},"class_list":["post-1230","page","type-page","status-publish","hentry"],"yoast_head":"<!-- This site is optimized with the Yoast SEO plugin v26.2 - https:\/\/yoast.com\/wordpress\/plugins\/seo\/ -->\n<title>Eine Green Card durch die Lotterie erhalten<\/title>\n<meta name=\"description\" content=\"Jedes Jahr wird von der US-Regierung eine internationale Lotterie veranstaltet. Erfahren Sie, wie die Gewinner eine Green Card erhalten.\" \/>\n<meta name=\"robots\" content=\"index, follow, max-snippet:-1, max-image-preview:large, max-video-preview:-1\" \/>\n<link rel=\"canonical\" href=\"https:\/\/www.esta-officiel-usa.com\/de\/eine-green-card-durch-die-lotterie-erhalten\/\" \/>\n<meta property=\"og:locale\" content=\"de_DE\" \/>\n<meta property=\"og:type\" content=\"article\" \/>\n<meta property=\"og:title\" content=\"Eine Green Card durch die Lotterie erhalten\" \/>\n<meta property=\"og:description\" content=\"Jedes Jahr wird von der US-Regierung eine internationale Lotterie veranstaltet. Erfahren Sie, wie die Gewinner eine Green Card erhalten.\" \/>\n<meta property=\"og:url\" content=\"https:\/\/www.esta-officiel-usa.com\/de\/eine-green-card-durch-die-lotterie-erhalten\/\" \/>\n<meta property=\"og:site_name\" content=\"ESTA - Vereinigte Staaten\" \/>\n<meta name=\"twitter:card\" content=\"summary_large_image\" \/>\n<meta name=\"twitter:label1\" content=\"Gesch\u00e4tzte Lesezeit\" \/>\n\t<meta name=\"twitter:data1\" content=\"2\u00a0Minuten\" \/>\n<script type=\"application\/ld+json\" class=\"yoast-schema-graph\">{\"@context\":\"https:\/\/schema.org\",\"@graph\":[{\"@type\":\"WebPage\",\"@id\":\"https:\/\/www.esta-officiel-usa.com\/de\/eine-green-card-durch-die-lotterie-erhalten\/\",\"url\":\"https:\/\/www.esta-officiel-usa.com\/de\/eine-green-card-durch-die-lotterie-erhalten\/\",\"name\":\"Eine Green Card durch die Lotterie erhalten\",\"isPartOf\":{\"@id\":\"https:\/\/www.esta-officiel-usa.com\/de\/#website\"},\"datePublished\":\"2025-09-13T12:02:08+00:00\",\"description\":\"Jedes Jahr wird von der US-Regierung eine internationale Lotterie veranstaltet. Erfahren Sie, wie die Gewinner eine Green Card erhalten.\",\"breadcrumb\":{\"@id\":\"https:\/\/www.esta-officiel-usa.com\/de\/eine-green-card-durch-die-lotterie-erhalten\/#breadcrumb\"},\"inLanguage\":\"de\",\"potentialAction\":[{\"@type\":\"ReadAction\",\"target\":[\"https:\/\/www.esta-officiel-usa.com\/de\/eine-green-card-durch-die-lotterie-erhalten\/\"]}]},{\"@type\":\"BreadcrumbList\",\"@id\":\"https:\/\/www.esta-officiel-usa.com\/de\/eine-green-card-durch-die-lotterie-erhalten\/#breadcrumb\",\"itemListElement\":[{\"@type\":\"ListItem\",\"position\":1,\"name\":\"Home\",\"item\":\"https:\/\/www.esta-officiel-usa.com\/de\/\"},{\"@type\":\"ListItem\",\"position\":2,\"name\":\"Eine Green Card durch die Lotterie erhalten\"}]},{\"@type\":\"WebSite\",\"@id\":\"https:\/\/www.esta-officiel-usa.com\/de\/#website\",\"url\":\"https:\/\/www.esta-officiel-usa.com\/de\/\",\"name\":\"ESTA - Vereinigte Staaten\",\"description\":\"ESTA-Antragsformular\",\"potentialAction\":[{\"@type\":\"SearchAction\",\"target\":{\"@type\":\"EntryPoint\",\"urlTemplate\":\"https:\/\/www.esta-officiel-usa.com\/de\/?s={search_term_string}\"},\"query-input\":{\"@type\":\"PropertyValueSpecification\",\"valueRequired\":true,\"valueName\":\"search_term_string\"}}],\"inLanguage\":\"de\"}]}<\/script>\n<!-- \/ Yoast SEO plugin. -->","yoast_head_json":{"title":"Eine Green Card durch die Lotterie erhalten","description":"Jedes Jahr wird von der US-Regierung eine internationale Lotterie veranstaltet. Erfahren Sie, wie die Gewinner eine Green Card erhalten.","robots":{"index":"index","follow":"follow","max-snippet":"max-snippet:-1","max-image-preview":"max-image-preview:large","max-video-preview":"max-video-preview:-1"},"canonical":"https:\/\/www.esta-officiel-usa.com\/de\/eine-green-card-durch-die-lotterie-erhalten\/","og_locale":"de_DE","og_type":"article","og_title":"Eine Green Card durch die Lotterie erhalten","og_description":"Jedes Jahr wird von der US-Regierung eine internationale Lotterie veranstaltet. Erfahren Sie, wie die Gewinner eine Green Card erhalten.","og_url":"https:\/\/www.esta-officiel-usa.com\/de\/eine-green-card-durch-die-lotterie-erhalten\/","og_site_name":"ESTA - Vereinigte Staaten","twitter_card":"summary_large_image","twitter_misc":{"Gesch\u00e4tzte Lesezeit":"2\u00a0Minuten"},"schema":{"@context":"https:\/\/schema.org","@graph":[{"@type":"WebPage","@id":"https:\/\/www.esta-officiel-usa.com\/de\/eine-green-card-durch-die-lotterie-erhalten\/","url":"https:\/\/www.esta-officiel-usa.com\/de\/eine-green-card-durch-die-lotterie-erhalten\/","name":"Eine Green Card durch die Lotterie erhalten","isPartOf":{"@id":"https:\/\/www.esta-officiel-usa.com\/de\/#website"},"datePublished":"2025-09-13T12:02:08+00:00","description":"Jedes Jahr wird von der US-Regierung eine internationale Lotterie veranstaltet. Erfahren Sie, wie die Gewinner eine Green Card erhalten.","breadcrumb":{"@id":"https:\/\/www.esta-officiel-usa.com\/de\/eine-green-card-durch-die-lotterie-erhalten\/#breadcrumb"},"inLanguage":"de","potentialAction":[{"@type":"ReadAction","target":["https:\/\/www.esta-officiel-usa.com\/de\/eine-green-card-durch-die-lotterie-erhalten\/"]}]},{"@type":"BreadcrumbList","@id":"https:\/\/www.esta-officiel-usa.com\/de\/eine-green-card-durch-die-lotterie-erhalten\/#breadcrumb","itemListElement":[{"@type":"ListItem","position":1,"name":"Home","item":"https:\/\/www.esta-officiel-usa.com\/de\/"},{"@type":"ListItem","position":2,"name":"Eine Green Card durch die Lotterie erhalten"}]},{"@type":"WebSite","@id":"https:\/\/www.esta-officiel-usa.com\/de\/#website","url":"https:\/\/www.esta-officiel-usa.com\/de\/","name":"ESTA - Vereinigte Staaten","description":"ESTA-Antragsformular","potentialAction":[{"@type":"SearchAction","target":{"@type":"EntryPoint","urlTemplate":"https:\/\/www.esta-officiel-usa.com\/de\/?s={search_term_string}"},"query-input":{"@type":"PropertyValueSpecification","valueRequired":true,"valueName":"search_term_string"}}],"inLanguage":"de"}]}},"_links":{"self":[{"href":"https:\/\/www.esta-officiel-usa.com\/de\/wp-json\/wp\/v2\/pages\/1230","targetHints":{"allow":["GET"]}}],"collection":[{"href":"https:\/\/www.esta-officiel-usa.com\/de\/wp-json\/wp\/v2\/pages"}],"about":[{"href":"https:\/\/www.esta-officiel-usa.com\/de\/wp-json\/wp\/v2\/types\/page"}],"author":[{"embeddable":true,"href":"https:\/\/www.esta-officiel-usa.com\/de\/wp-json\/wp\/v2\/users\/1"}],"replies":[{"embeddable":true,"href":"https:\/\/www.esta-officiel-usa.com\/de\/wp-json\/wp\/v2\/comments?post=1230"}],"version-history":[{"count":1,"href":"https:\/\/www.esta-officiel-usa.com\/de\/wp-json\/wp\/v2\/pages\/1230\/revisions"}],"predecessor-version":[{"id":1232,"href":"https:\/\/www.esta-officiel-usa.com\/de\/wp-json\/wp\/v2\/pages\/1230\/revisions\/1232"}],"wp:attachment":[{"href":"https:\/\/www.esta-officiel-usa.com\/de\/wp-json\/wp\/v2\/media?parent=1230"}],"curies":[{"name":"wp","href":"https:\/\/api.w.org\/{rel}","templated":true}]}}