{"id":1231,"date":"2025-09-13T12:02:08","date_gmt":"2025-09-13T12:02:08","guid":{"rendered":"https:\/\/www.esta-officiel-usa.com\/esta-genehmigung-von-frankreich-aus\/"},"modified":"2025-09-13T12:02:08","modified_gmt":"2025-09-13T12:02:08","slug":"esta-genehmigung-von-frankreich-aus","status":"publish","type":"page","link":"https:\/\/www.esta-officiel-usa.com\/de\/esta-genehmigung-von-frankreich-aus\/","title":{"rendered":"ESTA-Genehmigung von Frankreich aus"},"content":{"rendered":"\n<h1 class=\"wp-block-heading\">EINHOLEN DER ESTA-GENEHMIGUNG F\u00dcR FRANKREICH F\u00dcR DIE USA<\/h1>\n\n<p>M\u00f6chten Sie das Land von Uncle Sam entdecken? Unsere Experten helfen Ihnen bei der Organisation Ihrer Reise. In diesem Artikel erfahren Sie mehr \u00fcber die verschiedenen M\u00f6glichkeiten, eine ESTA-Genehmigung f\u00fcr Frankreich zu erhalten.  <\/p>\n\n<h2 class=\"wp-block-heading\">WAS IST ESTA FRANKREICH?<\/h2>\n\n<p>ESTA Frankreich ist eine Aufenthaltsgenehmigung, die von der US-Zollbeh\u00f6rde f\u00fcr franz\u00f6sische Staatsb\u00fcrger ausgestellt wird, die die USA f\u00fcr einen Aufenthalt von bis zu 90 Tagen besuchen m\u00f6chten.<\/p>\n\n<p>Um f\u00f6rderf\u00e4hig zu sein, m\u00fcssen mehrere Kriterien erf\u00fcllt werden, wie z.B. :<\/p>\n\n<ul class=\"wp-block-list\"><li>einen elektronischen oder biometrischen <a href=\"https:\/\/www.esta-officiel-usa.com\/fr\/quel-type-de-passeport-pour-les-usa\/\">Reisepass<\/a> besitzen, der w\u00e4hrend des gesamten Aufenthalts g\u00fcltig ist;<\/li><li>Reisen f\u00fcr Touristen oder Gesch\u00e4ftsreisende ;<\/li><li>aus einem der 38 L\u00e4nder kommen, die am Visa Waiver Program teilnehmen.<\/li><\/ul>\n\n<p>Da die Reisegenehmigung nur \u00fcber das Internet beantragt werden kann, m\u00fcssen Sie auch eine Kreditkarte haben, um den Kauf abzuschlie\u00dfen.<\/p>\n\n<p>Das ESTA hat eine G\u00fcltigkeitsdauer von zwei Jahren. Innerhalb dieses Zeitraums k\u00f6nnen Sie mehrere Reisen unternehmen, wenn Sie Lust dazu haben. <\/p>\n\n<p>Dieses Dokument ist relativ einfach zu erhalten, kostet weniger als ein Visum und Sie erhalten es sehr schnell, innerhalb von 72 Stunden &#8211; in den meisten F\u00e4llen sogar noch am selben Tag.<\/p>\n\n<h2 class=\"wp-block-heading\">IHR ESTA IN FRANKREICH ERHALTEN<\/h2>\n\n<p>Um Ihr ESTA Frankreich zu erhalten, stehen Ihnen mehrere M\u00f6glichkeiten zur Verf\u00fcgung.<\/p>\n\n<p>Sie k\u00f6nnen :<\/p>\n\n<ul class=\"wp-block-list\"><li>Melden Sie sich auf der offiziellen US-Website an. Sie werden einen langen Fragebogen erhalten. Sie m\u00fcssen alle Fragen beantworten, die in Themenbereiche unterteilt sind: Identit\u00e4t (Name, Vorname, Geburtsdatum, Passnummer, Ausstellungs- und Ablaufdatum&#8230;), Gesundheitszustand (aktuell und fr\u00fcher), Strafregister (Vorstrafen, Verh\u00e4ltnis zum US-Gesetz), Reise (Adresse vor Ort und Kontakt f\u00fcr Notf\u00e4lle).  <\/li><\/ul>\n\n<p>Nachdem Sie den Fragebogen ausgef\u00fcllt und die Zahlung geleistet haben, k\u00f6nnen Sie Ihre Daten nicht mehr <a href=\"https:\/\/www.esta-officiel-usa.com\/fr\/autorisation-esta-mise-a-jour\/\">aktualisieren<\/a>, mit Ausnahme Ihrer E-Mail-Adresse und der Adresse in den USA.<\/p>\n\n<ul class=\"wp-block-list\"><li>Um das Risiko von Fehlern, die den Erhalt Ihrer ESTA-Genehmigung verz\u00f6gern k\u00f6nnten, zu minimieren, k\u00f6nnen Sie sich an unser privates Unternehmen wenden, das mit dem Erhalt dieses Reisedokuments vertraut ist. Unsere Experten \u00fcberpr\u00fcfen alle Ihre Antworten sorgf\u00e4ltig. Wir sorgen auch daf\u00fcr, dass Ihr Formular an die f\u00fcr die Ausstellung des ESTA zust\u00e4ndige Stelle weitergeleitet wird. Sie erhalten Ihr Dokument direkt in Ihre Mailbox und k\u00f6nnen es speichern oder ausdrucken.   <\/li><\/ul>\n\n<p><strong>NB:<\/strong> Da das Verfahren vollst\u00e4ndig computergest\u00fctzt ist, sind Sie nicht verpflichtet, Ihre Genehmigung auszudrucken. Wir empfehlen Ihnen jedoch, eine Kopie Ihres ESTA auf Ihrer Reise mitzuf\u00fchren, damit Sie beruhigter reisen k\u00f6nnen und hypothetische Unannehmlichkeiten vermieden werden. <\/p>\n","protected":false},"excerpt":{"rendered":"<p>EINHOLEN DER ESTA-GENEHMIGUNG F\u00dcR FRANKREICH F\u00dcR DIE USA M\u00f6chten Sie das Land von Uncle Sam entdecken? Unsere Experten helfen Ihnen bei der Organisation Ihrer Reise. In diesem Artikel erfahren Sie mehr \u00fcber die verschiedenen M\u00f6glichkeiten, eine ESTA-Genehmigung f\u00fcr Frankreich zu erhalten. WAS IST ESTA FRANKREICH? ESTA Frankreich ist eine Aufenthaltsgenehmigung, die von der US-Zollbeh\u00f6rde f\u00fcr [&hellip;]<\/p>\n","protected":false},"author":1,"featured_media":0,"parent":0,"menu_order":0,"comment_status":"closed","ping_status":"closed","template":"","meta":{"footnotes":""},"class_list":["post-1231","page","type-page","status-publish","hentry"],"yoast_head":"<!-- This site is optimized with the Yoast SEO plugin v26.2 - https:\/\/yoast.com\/wordpress\/plugins\/seo\/ -->\n<title>ESTA-Genehmigung von Frankreich aus<\/title>\n<meta name=\"description\" content=\"Wenn Sie von Frankreich aus in die USA reisen m\u00f6chten, helfen Ihnen unsere Experten bei der Organisation Ihrer Reise und informieren Sie \u00fcber ESTA von Frankreich aus.\" \/>\n<meta name=\"robots\" content=\"index, follow, max-snippet:-1, max-image-preview:large, max-video-preview:-1\" \/>\n<link rel=\"canonical\" href=\"https:\/\/www.esta-officiel-usa.com\/de\/esta-genehmigung-von-frankreich-aus\/\" \/>\n<meta property=\"og:locale\" content=\"de_DE\" \/>\n<meta property=\"og:type\" content=\"article\" \/>\n<meta property=\"og:title\" content=\"ESTA-Genehmigung von Frankreich aus\" \/>\n<meta property=\"og:description\" content=\"Wenn Sie von Frankreich aus in die USA reisen m\u00f6chten, helfen Ihnen unsere Experten bei der Organisation Ihrer Reise und informieren Sie \u00fcber ESTA von Frankreich aus.\" \/>\n<meta property=\"og:url\" content=\"https:\/\/www.esta-officiel-usa.com\/de\/esta-genehmigung-von-frankreich-aus\/\" \/>\n<meta property=\"og:site_name\" content=\"ESTA - Vereinigte Staaten\" \/>\n<meta name=\"twitter:card\" content=\"summary_large_image\" \/>\n<meta name=\"twitter:label1\" content=\"Gesch\u00e4tzte Lesezeit\" \/>\n\t<meta name=\"twitter:data1\" content=\"2\u00a0Minuten\" \/>\n<script type=\"application\/ld+json\" class=\"yoast-schema-graph\">{\"@context\":\"https:\/\/schema.org\",\"@graph\":[{\"@type\":\"WebPage\",\"@id\":\"https:\/\/www.esta-officiel-usa.com\/de\/esta-genehmigung-von-frankreich-aus\/\",\"url\":\"https:\/\/www.esta-officiel-usa.com\/de\/esta-genehmigung-von-frankreich-aus\/\",\"name\":\"ESTA-Genehmigung von Frankreich aus\",\"isPartOf\":{\"@id\":\"https:\/\/www.esta-officiel-usa.com\/de\/#website\"},\"datePublished\":\"2025-09-13T12:02:08+00:00\",\"description\":\"Wenn Sie von Frankreich aus in die USA reisen m\u00f6chten, helfen Ihnen unsere Experten bei der Organisation Ihrer Reise und informieren Sie \u00fcber ESTA von Frankreich aus.\",\"breadcrumb\":{\"@id\":\"https:\/\/www.esta-officiel-usa.com\/de\/esta-genehmigung-von-frankreich-aus\/#breadcrumb\"},\"inLanguage\":\"de\",\"potentialAction\":[{\"@type\":\"ReadAction\",\"target\":[\"https:\/\/www.esta-officiel-usa.com\/de\/esta-genehmigung-von-frankreich-aus\/\"]}]},{\"@type\":\"BreadcrumbList\",\"@id\":\"https:\/\/www.esta-officiel-usa.com\/de\/esta-genehmigung-von-frankreich-aus\/#breadcrumb\",\"itemListElement\":[{\"@type\":\"ListItem\",\"position\":1,\"name\":\"Home\",\"item\":\"https:\/\/www.esta-officiel-usa.com\/de\/\"},{\"@type\":\"ListItem\",\"position\":2,\"name\":\"ESTA-Genehmigung von Frankreich aus\"}]},{\"@type\":\"WebSite\",\"@id\":\"https:\/\/www.esta-officiel-usa.com\/de\/#website\",\"url\":\"https:\/\/www.esta-officiel-usa.com\/de\/\",\"name\":\"ESTA - Vereinigte Staaten\",\"description\":\"ESTA-Antragsformular\",\"potentialAction\":[{\"@type\":\"SearchAction\",\"target\":{\"@type\":\"EntryPoint\",\"urlTemplate\":\"https:\/\/www.esta-officiel-usa.com\/de\/?s={search_term_string}\"},\"query-input\":{\"@type\":\"PropertyValueSpecification\",\"valueRequired\":true,\"valueName\":\"search_term_string\"}}],\"inLanguage\":\"de\"}]}<\/script>\n<!-- \/ Yoast SEO plugin. -->","yoast_head_json":{"title":"ESTA-Genehmigung von Frankreich aus","description":"Wenn Sie von Frankreich aus in die USA reisen m\u00f6chten, helfen Ihnen unsere Experten bei der Organisation Ihrer Reise und informieren Sie \u00fcber ESTA von Frankreich aus.","robots":{"index":"index","follow":"follow","max-snippet":"max-snippet:-1","max-image-preview":"max-image-preview:large","max-video-preview":"max-video-preview:-1"},"canonical":"https:\/\/www.esta-officiel-usa.com\/de\/esta-genehmigung-von-frankreich-aus\/","og_locale":"de_DE","og_type":"article","og_title":"ESTA-Genehmigung von Frankreich aus","og_description":"Wenn Sie von Frankreich aus in die USA reisen m\u00f6chten, helfen Ihnen unsere Experten bei der Organisation Ihrer Reise und informieren Sie \u00fcber ESTA von Frankreich aus.","og_url":"https:\/\/www.esta-officiel-usa.com\/de\/esta-genehmigung-von-frankreich-aus\/","og_site_name":"ESTA - Vereinigte Staaten","twitter_card":"summary_large_image","twitter_misc":{"Gesch\u00e4tzte Lesezeit":"2\u00a0Minuten"},"schema":{"@context":"https:\/\/schema.org","@graph":[{"@type":"WebPage","@id":"https:\/\/www.esta-officiel-usa.com\/de\/esta-genehmigung-von-frankreich-aus\/","url":"https:\/\/www.esta-officiel-usa.com\/de\/esta-genehmigung-von-frankreich-aus\/","name":"ESTA-Genehmigung von Frankreich aus","isPartOf":{"@id":"https:\/\/www.esta-officiel-usa.com\/de\/#website"},"datePublished":"2025-09-13T12:02:08+00:00","description":"Wenn Sie von Frankreich aus in die USA reisen m\u00f6chten, helfen Ihnen unsere Experten bei der Organisation Ihrer Reise und informieren Sie \u00fcber ESTA von Frankreich aus.","breadcrumb":{"@id":"https:\/\/www.esta-officiel-usa.com\/de\/esta-genehmigung-von-frankreich-aus\/#breadcrumb"},"inLanguage":"de","potentialAction":[{"@type":"ReadAction","target":["https:\/\/www.esta-officiel-usa.com\/de\/esta-genehmigung-von-frankreich-aus\/"]}]},{"@type":"BreadcrumbList","@id":"https:\/\/www.esta-officiel-usa.com\/de\/esta-genehmigung-von-frankreich-aus\/#breadcrumb","itemListElement":[{"@type":"ListItem","position":1,"name":"Home","item":"https:\/\/www.esta-officiel-usa.com\/de\/"},{"@type":"ListItem","position":2,"name":"ESTA-Genehmigung von Frankreich aus"}]},{"@type":"WebSite","@id":"https:\/\/www.esta-officiel-usa.com\/de\/#website","url":"https:\/\/www.esta-officiel-usa.com\/de\/","name":"ESTA - Vereinigte Staaten","description":"ESTA-Antragsformular","potentialAction":[{"@type":"SearchAction","target":{"@type":"EntryPoint","urlTemplate":"https:\/\/www.esta-officiel-usa.com\/de\/?s={search_term_string}"},"query-input":{"@type":"PropertyValueSpecification","valueRequired":true,"valueName":"search_term_string"}}],"inLanguage":"de"}]}},"_links":{"self":[{"href":"https:\/\/www.esta-officiel-usa.com\/de\/wp-json\/wp\/v2\/pages\/1231","targetHints":{"allow":["GET"]}}],"collection":[{"href":"https:\/\/www.esta-officiel-usa.com\/de\/wp-json\/wp\/v2\/pages"}],"about":[{"href":"https:\/\/www.esta-officiel-usa.com\/de\/wp-json\/wp\/v2\/types\/page"}],"author":[{"embeddable":true,"href":"https:\/\/www.esta-officiel-usa.com\/de\/wp-json\/wp\/v2\/users\/1"}],"replies":[{"embeddable":true,"href":"https:\/\/www.esta-officiel-usa.com\/de\/wp-json\/wp\/v2\/comments?post=1231"}],"version-history":[{"count":1,"href":"https:\/\/www.esta-officiel-usa.com\/de\/wp-json\/wp\/v2\/pages\/1231\/revisions"}],"predecessor-version":[{"id":1234,"href":"https:\/\/www.esta-officiel-usa.com\/de\/wp-json\/wp\/v2\/pages\/1231\/revisions\/1234"}],"wp:attachment":[{"href":"https:\/\/www.esta-officiel-usa.com\/de\/wp-json\/wp\/v2\/media?parent=1231"}],"curies":[{"name":"wp","href":"https:\/\/api.w.org\/{rel}","templated":true}]}}