{"id":1241,"date":"2025-09-13T12:02:11","date_gmt":"2025-09-13T12:02:11","guid":{"rendered":"https:\/\/www.esta-officiel-usa.com\/us-visa-fuer-die-einreise-in-die-usa\/"},"modified":"2025-09-13T12:02:12","modified_gmt":"2025-09-13T12:02:12","slug":"us-visa-fuer-die-einreise-in-die-usa","status":"publish","type":"page","link":"https:\/\/www.esta-officiel-usa.com\/de\/us-visa-fuer-die-einreise-in-die-usa\/","title":{"rendered":"US-Visa f\u00fcr die Einreise in die USA"},"content":{"rendered":"\n<h1 class=\"wp-block-heading\">Welches Visum ben\u00f6tigen Sie, um in die USA zu reisen?<\/h1>\n\n<p>F\u00fcr jeden Aufenthalt in den USA ist eine Reisegenehmigung erforderlich. Die am einfachsten zu erhaltende Reisegenehmigung f\u00fcr Ausl\u00e4nder ist die <a href=\"https:\/\/www.esta-officiel-usa.com\/de\/\">ESTA-Genehmigung<\/a> im Rahmen des Programms f\u00fcr visumfreies Reisen. Es gibt jedoch eine gro\u00dfe Anzahl von Visa f\u00fcr die Einreise in die USA. Hier sind die wichtigsten US-Visa, die das <a href=\"https:\/\/www.esta-officiel-usa.com\/de\/was-ist-das-dos-department-of-state\/\">Department of State<\/a> f\u00fcr die USA anbietet.   <br\/>  <\/p>\n\n<h2 class=\"wp-block-heading\">Visum f\u00fcr die USA: Visa f\u00fcr einen befristeten Aufenthalt<\/h2>\n\n<p>Visa f\u00fcr einen vor\u00fcbergehenden Aufenthalt, auch als Non-Immigrant-Visa bezeichnet, erlauben, wie der Name schon sagt, die vor\u00fcbergehende Einreise in die USA. Sie berechtigen nicht zur Auswanderung.   <\/p>\n\n<h3 class=\"wp-block-heading\">Besuchervisum<\/h3>\n\n<p>Das Besuchervisum ist ein Visum f\u00fcr die USA, das f\u00fcr Gesch\u00e4ftsreisen, touristische Aufenthalte, medizinische Versorgung oder f\u00fcr die Durchreise ausgestellt wird.<\/p>\n\n<p>Gesch\u00e4ftsreisen werden mit einem B1-Visum durchgef\u00fchrt. Das <a href=\"https:\/\/www.esta-officiel-usa.com\/de\/b1-und-b2-visum-fuer-die-einreise-in-die-usa\/\">Touristenvisum f\u00fcr die USA<\/a> ist das B2-Visum. F\u00fcr Durchreisen oder Zwischenlandungen ist ein C-Visum erforderlich.  <\/p>\n\n<h3 class=\"wp-block-heading\">Studentenvisum<\/h3>\n\n<p>Das Studentenvisum wird in drei Kategorien unterteilt:<\/p>\n\n<ul class=\"wp-block-list\">\n<li>F-Visum f\u00fcr Studenten, die ein akademisches Programm absolvieren und z.B. an einer amerikanischen Universit\u00e4t studieren m\u00f6chten;<\/li>\n\n\n\n<li>M-Visum f\u00fcr Studenten, die nicht an einer Universit\u00e4t studieren oder eine Berufsausbildung absolvieren;<\/li>\n\n\n\n<li>das J-Visum f\u00fcr Austauschprogramme, einschlie\u00dflich Au Pair.<\/li>\n<\/ul>\n\n<p>Sofern es sich nicht um einen Sprachaufenthalt handelt, werden gute Englischkenntnisse verlangt (der am weitesten verbreitete Test ist der TOEFL).<\/p>\n\n<p>Der Erhalt eines Studentenvisums h\u00e4ngt davon ab, ob der Student \nin einer von der US-Regierung anerkannten Bildungseinrichtung \n(Sponsoren) f\u00fcr ein Vollzeitstudium akzeptiert wird.<\/p>\n\n<p>Jeder Antrag auf ein Studentenvisum muss durch eine \nkostenpflichtige Anmeldung bei SEVIS (Student and Exchange Information \nSystem) erg\u00e4nzt werden. Das auszuf\u00fcllende Formular h\u00e4ngt vom Visum ab: das Formular I20 \nf\u00fcr das F- und M-Visum und das Formular DS-2019 f\u00fcr das J-Visum. <\/p>\n\n<p>Unter bestimmten Bedingungen kann eine Arbeitsgenehmigung erteilt werden.<\/p>\n\n<p>Beachten Sie, dass die Visa F1, M1 und <a href=\"https:\/\/www.esta-officiel-usa.com\/de\/das-wichtigste-was-sie-ueber-das-j-visum-wissen-sollten\/\">J1<\/a> f\u00fcr den Antragsteller bestimmt sind, w\u00e4hrend F2, M2 und J2 f\u00fcr den Ehepartner des Antragstellers und seine Kinder (unter 21 Jahren) vorgesehen sind.<\/p>\n\n<h3 class=\"wp-block-heading\">Arbeitsvisum<\/h3>\n\n<p>Diese Visumkategorie besteht aus einer gro\u00dfen Anzahl verschiedener Visa, die nach Berufen geordnet sind:<\/p>\n\n<ul class=\"wp-block-list\">\n<li>D-Visum f\u00fcr Besatzungsmitglieder (Schiff und Flugzeug) ;<\/li>\n\n\n\n<li>E-Visum f\u00fcr Staatsangeh\u00f6rige eines Handelspartners der USA f\u00fcr umfangreiche Gesch\u00e4ftsaktivit\u00e4ten und f\u00fcr Australier, die sich auf ein bestimmtes Berufsfeld spezialisiert haben (E3);<\/li>\n\n\n\n<li><a href=\"https:\/\/www.esta-officiel-usa.com\/de\/das-h1b-visum-fuer-arbeit-in-den-usa\/\">H-Visum<\/a> f\u00fcr zeitlich begrenzte Arbeit oder Praktika in den USA, das je nach T\u00e4tigkeitsbereich und nur mit Genehmigung der USCIS (Einwanderungsbeh\u00f6rde) erteilt wird;<\/li>\n\n\n\n<li>I-Visum f\u00fcr die Medien ;<\/li>\n\n\n\n<li>L-Visum f\u00fcr unternehmensinterne Versetzungen von Managern, F\u00fchrungskr\u00e4ften und spezialisierten Mitarbeitern in einem amerikanischen Unternehmen;<\/li>\n\n\n\n<li><a href=\"https:\/\/www.esta-officiel-usa.com\/de\/o-visum-und-p-visum-fuer-sportler-oder-kuenstler\/\">O-Visum und P-Visum<\/a> f\u00fcr zeitlich begrenzte Arbeitsaufenthalte. Das O-Visum f\u00fcr Arbeitnehmer oder Praktikanten mit au\u00dfergew\u00f6hnlichen F\u00e4higkeiten in den Bereichen Wissenschaft, Handel, Sport, Kunst und Bildung. P-Visum f\u00fcr Sportler und K\u00fcnstler, die an einer oder mehreren Veranstaltungen in ihrem Fachbereich teilnehmen m\u00f6chten;  <\/li>\n\n\n\n<li>Q-Visum f\u00fcr den internationalen Kulturaustausch ;<\/li>\n\n\n\n<li>R-Visum f\u00fcr religi\u00f6se Arbeitnehmer (anerkannte religi\u00f6se Organisation, die nicht gewinnorientiert ist) ;<\/li>\n\n\n\n<li>TD- und TN-Visum f\u00fcr Fachkr\u00e4fte aus dem NAFTA-Raum (Nordamerikanisches Freihandelsabkommen), d. h. kanadische und mexikanische Fachkr\u00e4fte, die ein Arbeitsangebot von einem US-Arbeitgeber erhalten haben.<\/li>\n<\/ul>\n\n<h3 class=\"wp-block-heading\">Andere<\/h3>\n\n<p>Es wurden zwei Kategorien von Visa f\u00fcr Opfer eingef\u00fchrt. Opfer von Menschenhandel, die sich in den USA zur Untersuchung oder Verfolgung der T\u00e4ter melden m\u00fcssen, k\u00f6nnen ein T-Visum beantragen. Opfer von Straftaten haben die M\u00f6glichkeit, ein U-Visum zu beantragen. <\/p>\n\n<h2 class=\"wp-block-heading\">Visum f\u00fcr die USA: Einwanderervisa<\/h2>\n\n<p>Einwanderervisa sind f\u00fcr ausl\u00e4ndische Staatsangeh\u00f6rige \nbestimmt, die in die USA einwandern und dort dauerhaft leben m\u00f6chten. Es handelt sich hierbei um ein\n Visum f\u00fcr die USA, das den Status eines rechtm\u00e4\u00dfigen Daueraufenthaltsberechtigten verleiht. <\/p>\n\n<p>Ein Einwanderungsvisum kann nur durch \nSponsoring erlangt werden, es sei denn, Sie versuchen Ihr Gl\u00fcck bei der Green Card-Lotterie, um \nein Diversit\u00e4tsvisum zu erhalten.<\/p>\n\n<p>Die Green Card Lotterie wird jedes Jahr im Oktober er\u00f6ffnet und bietet\n 50.000 Menschen die Chance, einen st\u00e4ndigen Wohnsitz \nin \u00dcbersee zu erhalten, der auch der erste Schritt f\u00fcr einen \nEinb\u00fcrgerungsantrag ist.<\/p>\n\n<p>Diese Visafamilie umfasst 5 Kategorien:<\/p>\n\n<ul class=\"wp-block-list\">\n<li>E-Visum, um in den USA zu arbeiten, insbesondere E1 f\u00fcr Treaty Trader und E2 f\u00fcr Treaty Investor (dieses Visum gilt als Arbeitserlaubnis);<\/li>\n\n\n\n<li>F2-Visum f\u00fcr bestimmte Familienmitglieder eines Daueraufenthaltsberechtigten ;<\/li>\n\n\n\n<li>IR1 und CR1 Visum f\u00fcr den Ehemann\/die Ehefrau eines US-B\u00fcrgers ;<\/li>\n\n\n\n<li>IR3 und IH3 Visum f\u00fcr Waisenkinder, die von einem US-B\u00fcrger adoptiert wurden;<\/li>\n\n\n\n<li>K-Visum f\u00fcr die Verlobte\/den Verlobten eines US-B\u00fcrgers (K2 f\u00fcr die minderj\u00e4hrigen Kinder dieser Person);<\/li>\n\n\n\n<li>Diversit\u00e4tsvisum (DV), besser bekannt als Green Card.<\/li>\n<\/ul>\n\n<h2 class=\"wp-block-heading\">Wie bekomme ich ein US-Visum?<\/h2>\n\n<p>Die Einholung eines USA-Visums oder einer anderen Genehmigung ist \nobligatorisch. Es ist sinnlos, ohne Visum in die USA reisen zu wollen. \nwird der Zugang zum Schiff oder Flugzeug verweigert. <\/p>\n\n<p>Im Gegensatz zur ESTA-Reisegenehmigung, die nur durch Ausf\u00fcllen <a href=\"https:\/\/www.esta-officiel-usa.com\/de\/das-esta-formular-online-ausfuellen\/\">eines Online-Formulars<\/a> beantragt werden kann, muss f\u00fcr den Visumantrag die US-Botschaft (oder ggf. das US-Konsulat) aufgesucht werden, um die Antragsunterlagen zu pr\u00fcfen.<\/p>\n\n<p>Die innere Sicherheit der USA ist ein sehr \nsensibles politisches Thema und die US-Beh\u00f6rden verpflichten sich, ihre \nnationale Sicherheit zu wahren, indem sie u.a. die Grenzen und den \nEinwanderungsstrom kontrollieren.<\/p>\n\n<p>Die Unterlagen, die bei der Beantragung eines Visums f\u00fcr die USA vorgelegt werden m\u00fcssen, h\u00e4ngen vom beantragten Visum ab. Es wird ein <a href=\"https:\/\/www.esta-officiel-usa.com\/fr\/quel-type-de-passeport-pour-les-usa\/\">Reisepass ben\u00f6tigt, der f\u00fcr die Dauer des beantragten Visums g\u00fcltig<\/a> ist. Beachten Sie, dass es sich um einen elektronischen oder biometrischen Reisepass handeln muss, da diese die von der Regierung geforderten Sicherheitsma\u00dfnahmen erf\u00fcllen. Der biometrische Pass enth\u00e4lt ein digitales Foto des Inhabers und seine Fingerabdr\u00fccke.   <\/p>\n\n<p>Im Allgemeinen ist es f\u00fcr die Beantragung eines zeitlich begrenzten Visums \nerforderlich, das Formular DS-160 online auszuf\u00fcllen, ein digitales Passfoto \nhochzuladen und die Visageb\u00fchr zu entrichten. Ein Nachweis \nder Verbundenheit mit dem Herkunftsland und der finanziellen Mittel wird \nebenfalls h\u00e4ufig verlangt. <\/p>\n\n<p>Die Beantragung eines Einwanderungsvisums erfolgt in der Regel in 5 Schritten: Beantragung einer Petition bei der USCIS (US Citizenship and Immigration Services), Best\u00e4tigung der Petition durch das NVC (National Visa Center), Vorbereitung des Termins bei der US-Botschaft (medizinische Untersuchung, Online-Anmeldung, Antragsunterlagen), Termin in der Botschaft mit einem Konsularbeamten zur Pr\u00fcfung der vollst\u00e4ndigen Unterlagen, Beantwortung des Antrags auf ein Visum f\u00fcr die USA.<\/p>\n","protected":false},"excerpt":{"rendered":"<p>Welches Visum ben\u00f6tigen Sie, um in die USA zu reisen? F\u00fcr jeden Aufenthalt in den USA ist eine Reisegenehmigung erforderlich. Die am einfachsten zu erhaltende Reisegenehmigung f\u00fcr Ausl\u00e4nder ist die ESTA-Genehmigung im Rahmen des Programms f\u00fcr visumfreies Reisen. Es gibt jedoch eine gro\u00dfe Anzahl von Visa f\u00fcr die Einreise in die USA. Hier sind die [&hellip;]<\/p>\n","protected":false},"author":1,"featured_media":0,"parent":0,"menu_order":0,"comment_status":"closed","ping_status":"closed","template":"","meta":{"footnotes":""},"class_list":["post-1241","page","type-page","status-publish","hentry"],"yoast_head":"<!-- This site is optimized with the Yoast SEO plugin v26.2 - https:\/\/yoast.com\/wordpress\/plugins\/seo\/ -->\n<title>US-Visa f\u00fcr die Einreise in die USA<\/title>\n<meta name=\"description\" content=\"Es gibt eine Vielzahl von Visa f\u00fcr die Einreise in die USA. Wir haben eine Liste der wichtigsten Visa f\u00fcr die Einreise in die USA zusammengestellt.\" \/>\n<meta name=\"robots\" content=\"index, follow, max-snippet:-1, max-image-preview:large, max-video-preview:-1\" \/>\n<link rel=\"canonical\" href=\"https:\/\/www.esta-officiel-usa.com\/de\/us-visa-fuer-die-einreise-in-die-usa\/\" \/>\n<meta property=\"og:locale\" content=\"de_DE\" \/>\n<meta property=\"og:type\" content=\"article\" \/>\n<meta property=\"og:title\" content=\"US-Visa f\u00fcr die Einreise in die USA\" \/>\n<meta property=\"og:description\" content=\"Es gibt eine Vielzahl von Visa f\u00fcr die Einreise in die USA. Wir haben eine Liste der wichtigsten Visa f\u00fcr die Einreise in die USA zusammengestellt.\" \/>\n<meta property=\"og:url\" content=\"https:\/\/www.esta-officiel-usa.com\/de\/us-visa-fuer-die-einreise-in-die-usa\/\" \/>\n<meta property=\"og:site_name\" content=\"ESTA - Vereinigte Staaten\" \/>\n<meta property=\"article:modified_time\" content=\"2025-09-13T12:02:12+00:00\" \/>\n<meta name=\"twitter:card\" content=\"summary_large_image\" \/>\n<meta name=\"twitter:label1\" content=\"Gesch\u00e4tzte Lesezeit\" \/>\n\t<meta name=\"twitter:data1\" content=\"5\u00a0Minuten\" \/>\n<script type=\"application\/ld+json\" class=\"yoast-schema-graph\">{\"@context\":\"https:\/\/schema.org\",\"@graph\":[{\"@type\":\"WebPage\",\"@id\":\"https:\/\/www.esta-officiel-usa.com\/de\/us-visa-fuer-die-einreise-in-die-usa\/\",\"url\":\"https:\/\/www.esta-officiel-usa.com\/de\/us-visa-fuer-die-einreise-in-die-usa\/\",\"name\":\"US-Visa f\u00fcr die Einreise in die USA\",\"isPartOf\":{\"@id\":\"https:\/\/www.esta-officiel-usa.com\/de\/#website\"},\"datePublished\":\"2025-09-13T12:02:11+00:00\",\"dateModified\":\"2025-09-13T12:02:12+00:00\",\"description\":\"Es gibt eine Vielzahl von Visa f\u00fcr die Einreise in die USA. Wir haben eine Liste der wichtigsten Visa f\u00fcr die Einreise in die USA zusammengestellt.\",\"breadcrumb\":{\"@id\":\"https:\/\/www.esta-officiel-usa.com\/de\/us-visa-fuer-die-einreise-in-die-usa\/#breadcrumb\"},\"inLanguage\":\"de\",\"potentialAction\":[{\"@type\":\"ReadAction\",\"target\":[\"https:\/\/www.esta-officiel-usa.com\/de\/us-visa-fuer-die-einreise-in-die-usa\/\"]}]},{\"@type\":\"BreadcrumbList\",\"@id\":\"https:\/\/www.esta-officiel-usa.com\/de\/us-visa-fuer-die-einreise-in-die-usa\/#breadcrumb\",\"itemListElement\":[{\"@type\":\"ListItem\",\"position\":1,\"name\":\"Home\",\"item\":\"https:\/\/www.esta-officiel-usa.com\/de\/\"},{\"@type\":\"ListItem\",\"position\":2,\"name\":\"US-Visa f\u00fcr die Einreise in die USA\"}]},{\"@type\":\"WebSite\",\"@id\":\"https:\/\/www.esta-officiel-usa.com\/de\/#website\",\"url\":\"https:\/\/www.esta-officiel-usa.com\/de\/\",\"name\":\"ESTA - Vereinigte Staaten\",\"description\":\"ESTA-Antragsformular\",\"potentialAction\":[{\"@type\":\"SearchAction\",\"target\":{\"@type\":\"EntryPoint\",\"urlTemplate\":\"https:\/\/www.esta-officiel-usa.com\/de\/?s={search_term_string}\"},\"query-input\":{\"@type\":\"PropertyValueSpecification\",\"valueRequired\":true,\"valueName\":\"search_term_string\"}}],\"inLanguage\":\"de\"}]}<\/script>\n<!-- \/ Yoast SEO plugin. -->","yoast_head_json":{"title":"US-Visa f\u00fcr die Einreise in die USA","description":"Es gibt eine Vielzahl von Visa f\u00fcr die Einreise in die USA. Wir haben eine Liste der wichtigsten Visa f\u00fcr die Einreise in die USA zusammengestellt.","robots":{"index":"index","follow":"follow","max-snippet":"max-snippet:-1","max-image-preview":"max-image-preview:large","max-video-preview":"max-video-preview:-1"},"canonical":"https:\/\/www.esta-officiel-usa.com\/de\/us-visa-fuer-die-einreise-in-die-usa\/","og_locale":"de_DE","og_type":"article","og_title":"US-Visa f\u00fcr die Einreise in die USA","og_description":"Es gibt eine Vielzahl von Visa f\u00fcr die Einreise in die USA. Wir haben eine Liste der wichtigsten Visa f\u00fcr die Einreise in die USA zusammengestellt.","og_url":"https:\/\/www.esta-officiel-usa.com\/de\/us-visa-fuer-die-einreise-in-die-usa\/","og_site_name":"ESTA - Vereinigte Staaten","article_modified_time":"2025-09-13T12:02:12+00:00","twitter_card":"summary_large_image","twitter_misc":{"Gesch\u00e4tzte Lesezeit":"5\u00a0Minuten"},"schema":{"@context":"https:\/\/schema.org","@graph":[{"@type":"WebPage","@id":"https:\/\/www.esta-officiel-usa.com\/de\/us-visa-fuer-die-einreise-in-die-usa\/","url":"https:\/\/www.esta-officiel-usa.com\/de\/us-visa-fuer-die-einreise-in-die-usa\/","name":"US-Visa f\u00fcr die Einreise in die USA","isPartOf":{"@id":"https:\/\/www.esta-officiel-usa.com\/de\/#website"},"datePublished":"2025-09-13T12:02:11+00:00","dateModified":"2025-09-13T12:02:12+00:00","description":"Es gibt eine Vielzahl von Visa f\u00fcr die Einreise in die USA. Wir haben eine Liste der wichtigsten Visa f\u00fcr die Einreise in die USA zusammengestellt.","breadcrumb":{"@id":"https:\/\/www.esta-officiel-usa.com\/de\/us-visa-fuer-die-einreise-in-die-usa\/#breadcrumb"},"inLanguage":"de","potentialAction":[{"@type":"ReadAction","target":["https:\/\/www.esta-officiel-usa.com\/de\/us-visa-fuer-die-einreise-in-die-usa\/"]}]},{"@type":"BreadcrumbList","@id":"https:\/\/www.esta-officiel-usa.com\/de\/us-visa-fuer-die-einreise-in-die-usa\/#breadcrumb","itemListElement":[{"@type":"ListItem","position":1,"name":"Home","item":"https:\/\/www.esta-officiel-usa.com\/de\/"},{"@type":"ListItem","position":2,"name":"US-Visa f\u00fcr die Einreise in die USA"}]},{"@type":"WebSite","@id":"https:\/\/www.esta-officiel-usa.com\/de\/#website","url":"https:\/\/www.esta-officiel-usa.com\/de\/","name":"ESTA - Vereinigte Staaten","description":"ESTA-Antragsformular","potentialAction":[{"@type":"SearchAction","target":{"@type":"EntryPoint","urlTemplate":"https:\/\/www.esta-officiel-usa.com\/de\/?s={search_term_string}"},"query-input":{"@type":"PropertyValueSpecification","valueRequired":true,"valueName":"search_term_string"}}],"inLanguage":"de"}]}},"_links":{"self":[{"href":"https:\/\/www.esta-officiel-usa.com\/de\/wp-json\/wp\/v2\/pages\/1241","targetHints":{"allow":["GET"]}}],"collection":[{"href":"https:\/\/www.esta-officiel-usa.com\/de\/wp-json\/wp\/v2\/pages"}],"about":[{"href":"https:\/\/www.esta-officiel-usa.com\/de\/wp-json\/wp\/v2\/types\/page"}],"author":[{"embeddable":true,"href":"https:\/\/www.esta-officiel-usa.com\/de\/wp-json\/wp\/v2\/users\/1"}],"replies":[{"embeddable":true,"href":"https:\/\/www.esta-officiel-usa.com\/de\/wp-json\/wp\/v2\/comments?post=1241"}],"version-history":[{"count":1,"href":"https:\/\/www.esta-officiel-usa.com\/de\/wp-json\/wp\/v2\/pages\/1241\/revisions"}],"predecessor-version":[{"id":1243,"href":"https:\/\/www.esta-officiel-usa.com\/de\/wp-json\/wp\/v2\/pages\/1241\/revisions\/1243"}],"wp:attachment":[{"href":"https:\/\/www.esta-officiel-usa.com\/de\/wp-json\/wp\/v2\/media?parent=1241"}],"curies":[{"name":"wp","href":"https:\/\/api.w.org\/{rel}","templated":true}]}}