{"id":1253,"date":"2025-09-13T12:02:17","date_gmt":"2025-09-13T12:02:17","guid":{"rendered":"https:\/\/www.esta-officiel-usa.com\/entdecken-sie-new-york-city\/"},"modified":"2025-09-13T12:02:18","modified_gmt":"2025-09-13T12:02:18","slug":"entdecken-sie-new-york-city","status":"publish","type":"page","link":"https:\/\/www.esta-officiel-usa.com\/de\/entdecken-sie-new-york-city\/","title":{"rendered":"Entdecken Sie New York City"},"content":{"rendered":"\n<h1 class=\"wp-block-heading\">ENTDECKEN SIE NEW YORK<\/h1>\n\n<p>Wenn Sie zum ersten Mal nach New York reisen m\u00f6chten, ist es unerl\u00e4sslich, dass Sie Ihre Reise gut vorbereiten. Die Stadt ist riesig und die Aktivit\u00e4ten sind zahlreich. Wenn Sie also vor Ort so viel wie m\u00f6glich erleben m\u00f6chten, sollten Sie vor der Abreise Ihre Reiseformalit\u00e4ten und -dokumente organisieren (Hotel, Transport, Ausfl\u00fcge, Museen, <a href=\"https:\/\/www.esta-officiel-usa.com\/de\/welche-krankenversicherung-fuer-eine-reise-in-die-usa\/\">Versicherungen<\/a>, Aufenthaltsgenehmigung&#8230;). <\/p>\n\n<p>Mit<a href=\"https:\/\/www.esta-officiel-usa.com\/de\/\">ESTA<\/a> k\u00f6nnen Sie sich in New York und in den gesamten USA bis zu 90 aufeinanderfolgende Tage aufhalten. Unsere Experten erkl\u00e4ren Ihnen, wie Sie die Genehmigung einfach erhalten k\u00f6nnen. <br\/> <\/p>\n\n<h2 class=\"wp-block-heading\">NEW YORK UND DIE AUSREISEFORMALIT\u00c4TEN<\/h2>\n\n<p>Um in die USA zu reisen, ben\u00f6tigt jeder Reisende mehrere <a href=\"https:\/\/www.esta-officiel-usa.com\/de\/reisedokumente-fuer-die-usa\/\">Reisedokumente<\/a>, darunter eine g\u00fcltige Reisegenehmigung. Dies kann ein ESTA, eine Green Card oder ein Visum sein. <\/p>\n\n<p>Der <a href=\"https:\/\/www.esta-officiel-usa.com\/de\/esta-antrag-fuer-die-usa\/\">ESTA-Antrag<\/a> ist eine der am h\u00e4ufigsten gew\u00e4hlten Optionen, da er sehr schnell und kosteng\u00fcnstig beantragt werden kann.<\/p>\n\n<p>Es hat auch den Vorteil, dass seine Inhaber, ob vollj\u00e4hrig oder minderj\u00e4hrig, mit demselben Dokument mehrere Aufenthalte innerhalb von 24 Monaten machen k\u00f6nnen.<\/p>\n\n<p>Mit dem ESTA New York k\u00f6nnen Sie durch die Vereinigten Staaten reisen. Sobald Sie in den USA angekommen sind, k\u00f6nnen Sie mit der ESTA-Genehmigung des <a href=\"https:\/\/www.esta-officiel-usa.com\/fr\/a-propos-du-visa-waiver-program\/\">Visa Waiver Program<\/a> sowohl touristische Reisen als auch gesch\u00e4ftliche Termine (Konferenzen, Kurzschulungen usw.) wahrnehmen. <\/p>\n\n<p>F\u00fcr einen ersten Aufenthalt in den USA ist die Stadt New York die erste Wahl der Reisenden. Der Big Apple besticht durch seine bunten Stadtteile und seine interessanten Sehensw\u00fcrdigkeiten. <\/p>\n\n<p>Unsere Experten empfehlen Ihnen, Ihr ESTA New-York zu nutzen, um :<\/p>\n\n<ul class=\"wp-block-list\">\n<li>das Empire State Building. Dieses Bauwerk, das viele Jahre lang als das h\u00f6chste Geb\u00e4ude New Yorks galt, bietet einen unglaublichen Blick auf die Stadt; <\/li>\n\n\n\n<li>die Freiheitsstatue. Die Statue ist ein Mythos und eines der Symbole der Stadt. Wenn Sie auf die Spitze der Statue steigen, k\u00f6nnen Sie ganz Manhattan \u00fcberblicken;  <\/li>\n\n\n\n<li>Das 9\/11 Memorial. Das Memorial wurde zum Gedenken an die Opfer des 11. September 2001 errichtet und ist ein Ort, der von Amerikanern und Touristen gleicherma\u00dfen besucht wird. Auf dem Gel\u00e4nde wurde auch ein Museum eingerichtet, um die Besucher zu informieren;  <\/li>\n\n\n\n<li>Der Central Park. Die gr\u00f6\u00dfte Gr\u00fcnfl\u00e4che in New York ist sehr beliebt. Die Amerikaner genie\u00dfen es, hier zu picknicken, mit der Familie oder mit Freunden spazieren zu gehen. T\u00e4glich finden hier auch Stra\u00dfenauff\u00fchrungen statt. Sehr sympathisch!    <\/li>\n<\/ul>\n\n<p>Sie k\u00f6nnen es kaum erwarten, all diese Entdeckungen zu machen? esta-officiel-usa.com hilft Ihnen bei der Beantragung von ESTA. <br\/> <\/p>\n\n<h2 class=\"wp-block-heading\">FRAGEN SIE NACH DER ESTA NEW YORK<\/h2>\n\n<p>Wenn Sie Ihre ESTA-Anmeldung vornehmen m\u00f6chten, f\u00fcllen Sie einfach den <a href=\"https:\/\/www.esta-officiel-usa.com\/fr\/remplir-le-questionnaire-est-en-francais\/\">ESTA-Fragebogen<\/a> aus. Nach dem Ausf\u00fcllen erhalten Sie Ihr ESTA-Formular, das Sie als PDF-Datei herunterladen k\u00f6nnen, noch am selben Tag oder sp\u00e4testens innerhalb von 72 Stunden. Sie k\u00f6nnen das Dokument dann ausdrucken oder auf Ihrem Computer oder Telefon speichern.    <\/p>\n\n<p>Werfen Sie einen Blick auf unsere Tipps <a href=\"https:\/\/www.esta-officiel-usa.com\/fr\/quelles-sont-les-bonnes-manieres-aux-etats-unis\/\">f\u00fcr gute Manieren in den USA<\/a>, bevor Sie nach Uncle Sam gehen.<\/p>\n","protected":false},"excerpt":{"rendered":"<p>ENTDECKEN SIE NEW YORK Wenn Sie zum ersten Mal nach New York reisen m\u00f6chten, ist es unerl\u00e4sslich, dass Sie Ihre Reise gut vorbereiten. Die Stadt ist riesig und die Aktivit\u00e4ten sind zahlreich. Wenn Sie also vor Ort so viel wie m\u00f6glich erleben m\u00f6chten, sollten Sie vor der Abreise Ihre Reiseformalit\u00e4ten und -dokumente organisieren (Hotel, Transport, [&hellip;]<\/p>\n","protected":false},"author":1,"featured_media":0,"parent":0,"menu_order":0,"comment_status":"closed","ping_status":"closed","template":"","meta":{"footnotes":""},"class_list":["post-1253","page","type-page","status-publish","hentry"],"yoast_head":"<!-- This site is optimized with the Yoast SEO plugin v26.2 - https:\/\/yoast.com\/wordpress\/plugins\/seo\/ -->\n<title>Entdecken Sie New York City<\/title>\n<meta name=\"description\" content=\"Sie planen, den Big Apple zu entdecken? Unsere Experten beraten Sie bei Ihrem ESTA-Antrag und den Dingen, die Sie in New York unternehmen k\u00f6nnen.\" \/>\n<meta name=\"robots\" content=\"index, follow, max-snippet:-1, max-image-preview:large, max-video-preview:-1\" \/>\n<link rel=\"canonical\" href=\"https:\/\/www.esta-officiel-usa.com\/de\/entdecken-sie-new-york-city\/\" \/>\n<meta property=\"og:locale\" content=\"de_DE\" \/>\n<meta property=\"og:type\" content=\"article\" \/>\n<meta property=\"og:title\" content=\"Entdecken Sie New York City\" \/>\n<meta property=\"og:description\" content=\"Sie planen, den Big Apple zu entdecken? Unsere Experten beraten Sie bei Ihrem ESTA-Antrag und den Dingen, die Sie in New York unternehmen k\u00f6nnen.\" \/>\n<meta property=\"og:url\" content=\"https:\/\/www.esta-officiel-usa.com\/de\/entdecken-sie-new-york-city\/\" \/>\n<meta property=\"og:site_name\" content=\"ESTA - Vereinigte Staaten\" \/>\n<meta property=\"article:modified_time\" content=\"2025-09-13T12:02:18+00:00\" \/>\n<meta name=\"twitter:card\" content=\"summary_large_image\" \/>\n<meta name=\"twitter:label1\" content=\"Gesch\u00e4tzte Lesezeit\" \/>\n\t<meta name=\"twitter:data1\" content=\"2\u00a0Minuten\" \/>\n<script type=\"application\/ld+json\" class=\"yoast-schema-graph\">{\"@context\":\"https:\/\/schema.org\",\"@graph\":[{\"@type\":\"WebPage\",\"@id\":\"https:\/\/www.esta-officiel-usa.com\/de\/entdecken-sie-new-york-city\/\",\"url\":\"https:\/\/www.esta-officiel-usa.com\/de\/entdecken-sie-new-york-city\/\",\"name\":\"Entdecken Sie New York City\",\"isPartOf\":{\"@id\":\"https:\/\/www.esta-officiel-usa.com\/de\/#website\"},\"datePublished\":\"2025-09-13T12:02:17+00:00\",\"dateModified\":\"2025-09-13T12:02:18+00:00\",\"description\":\"Sie planen, den Big Apple zu entdecken? Unsere Experten beraten Sie bei Ihrem ESTA-Antrag und den Dingen, die Sie in New York unternehmen k\u00f6nnen.\",\"breadcrumb\":{\"@id\":\"https:\/\/www.esta-officiel-usa.com\/de\/entdecken-sie-new-york-city\/#breadcrumb\"},\"inLanguage\":\"de\",\"potentialAction\":[{\"@type\":\"ReadAction\",\"target\":[\"https:\/\/www.esta-officiel-usa.com\/de\/entdecken-sie-new-york-city\/\"]}]},{\"@type\":\"BreadcrumbList\",\"@id\":\"https:\/\/www.esta-officiel-usa.com\/de\/entdecken-sie-new-york-city\/#breadcrumb\",\"itemListElement\":[{\"@type\":\"ListItem\",\"position\":1,\"name\":\"Home\",\"item\":\"https:\/\/www.esta-officiel-usa.com\/de\/\"},{\"@type\":\"ListItem\",\"position\":2,\"name\":\"Entdecken Sie New York City\"}]},{\"@type\":\"WebSite\",\"@id\":\"https:\/\/www.esta-officiel-usa.com\/de\/#website\",\"url\":\"https:\/\/www.esta-officiel-usa.com\/de\/\",\"name\":\"ESTA - Vereinigte Staaten\",\"description\":\"ESTA-Antragsformular\",\"potentialAction\":[{\"@type\":\"SearchAction\",\"target\":{\"@type\":\"EntryPoint\",\"urlTemplate\":\"https:\/\/www.esta-officiel-usa.com\/de\/?s={search_term_string}\"},\"query-input\":{\"@type\":\"PropertyValueSpecification\",\"valueRequired\":true,\"valueName\":\"search_term_string\"}}],\"inLanguage\":\"de\"}]}<\/script>\n<!-- \/ Yoast SEO plugin. -->","yoast_head_json":{"title":"Entdecken Sie New York City","description":"Sie planen, den Big Apple zu entdecken? Unsere Experten beraten Sie bei Ihrem ESTA-Antrag und den Dingen, die Sie in New York unternehmen k\u00f6nnen.","robots":{"index":"index","follow":"follow","max-snippet":"max-snippet:-1","max-image-preview":"max-image-preview:large","max-video-preview":"max-video-preview:-1"},"canonical":"https:\/\/www.esta-officiel-usa.com\/de\/entdecken-sie-new-york-city\/","og_locale":"de_DE","og_type":"article","og_title":"Entdecken Sie New York City","og_description":"Sie planen, den Big Apple zu entdecken? Unsere Experten beraten Sie bei Ihrem ESTA-Antrag und den Dingen, die Sie in New York unternehmen k\u00f6nnen.","og_url":"https:\/\/www.esta-officiel-usa.com\/de\/entdecken-sie-new-york-city\/","og_site_name":"ESTA - Vereinigte Staaten","article_modified_time":"2025-09-13T12:02:18+00:00","twitter_card":"summary_large_image","twitter_misc":{"Gesch\u00e4tzte Lesezeit":"2\u00a0Minuten"},"schema":{"@context":"https:\/\/schema.org","@graph":[{"@type":"WebPage","@id":"https:\/\/www.esta-officiel-usa.com\/de\/entdecken-sie-new-york-city\/","url":"https:\/\/www.esta-officiel-usa.com\/de\/entdecken-sie-new-york-city\/","name":"Entdecken Sie New York City","isPartOf":{"@id":"https:\/\/www.esta-officiel-usa.com\/de\/#website"},"datePublished":"2025-09-13T12:02:17+00:00","dateModified":"2025-09-13T12:02:18+00:00","description":"Sie planen, den Big Apple zu entdecken? Unsere Experten beraten Sie bei Ihrem ESTA-Antrag und den Dingen, die Sie in New York unternehmen k\u00f6nnen.","breadcrumb":{"@id":"https:\/\/www.esta-officiel-usa.com\/de\/entdecken-sie-new-york-city\/#breadcrumb"},"inLanguage":"de","potentialAction":[{"@type":"ReadAction","target":["https:\/\/www.esta-officiel-usa.com\/de\/entdecken-sie-new-york-city\/"]}]},{"@type":"BreadcrumbList","@id":"https:\/\/www.esta-officiel-usa.com\/de\/entdecken-sie-new-york-city\/#breadcrumb","itemListElement":[{"@type":"ListItem","position":1,"name":"Home","item":"https:\/\/www.esta-officiel-usa.com\/de\/"},{"@type":"ListItem","position":2,"name":"Entdecken Sie New York City"}]},{"@type":"WebSite","@id":"https:\/\/www.esta-officiel-usa.com\/de\/#website","url":"https:\/\/www.esta-officiel-usa.com\/de\/","name":"ESTA - Vereinigte Staaten","description":"ESTA-Antragsformular","potentialAction":[{"@type":"SearchAction","target":{"@type":"EntryPoint","urlTemplate":"https:\/\/www.esta-officiel-usa.com\/de\/?s={search_term_string}"},"query-input":{"@type":"PropertyValueSpecification","valueRequired":true,"valueName":"search_term_string"}}],"inLanguage":"de"}]}},"_links":{"self":[{"href":"https:\/\/www.esta-officiel-usa.com\/de\/wp-json\/wp\/v2\/pages\/1253","targetHints":{"allow":["GET"]}}],"collection":[{"href":"https:\/\/www.esta-officiel-usa.com\/de\/wp-json\/wp\/v2\/pages"}],"about":[{"href":"https:\/\/www.esta-officiel-usa.com\/de\/wp-json\/wp\/v2\/types\/page"}],"author":[{"embeddable":true,"href":"https:\/\/www.esta-officiel-usa.com\/de\/wp-json\/wp\/v2\/users\/1"}],"replies":[{"embeddable":true,"href":"https:\/\/www.esta-officiel-usa.com\/de\/wp-json\/wp\/v2\/comments?post=1253"}],"version-history":[{"count":1,"href":"https:\/\/www.esta-officiel-usa.com\/de\/wp-json\/wp\/v2\/pages\/1253\/revisions"}],"predecessor-version":[{"id":1254,"href":"https:\/\/www.esta-officiel-usa.com\/de\/wp-json\/wp\/v2\/pages\/1253\/revisions\/1254"}],"wp:attachment":[{"href":"https:\/\/www.esta-officiel-usa.com\/de\/wp-json\/wp\/v2\/media?parent=1253"}],"curies":[{"name":"wp","href":"https:\/\/api.w.org\/{rel}","templated":true}]}}