{"id":1255,"date":"2025-09-13T12:02:18","date_gmt":"2025-09-13T12:02:18","guid":{"rendered":"https:\/\/www.esta-officiel-usa.com\/entdecken-sie-die-nationalparks-in-den-usa\/"},"modified":"2025-09-13T12:02:19","modified_gmt":"2025-09-13T12:02:19","slug":"entdecken-sie-die-nationalparks-in-den-usa","status":"publish","type":"page","link":"https:\/\/www.esta-officiel-usa.com\/de\/entdecken-sie-die-nationalparks-in-den-usa\/","title":{"rendered":"Entdecken Sie die Nationalparks in den USA"},"content":{"rendered":"\n<h1 class=\"wp-block-heading\">BESUCH VON NATIONALPARKS IN DEN USA<\/h1>\n\n<p>Das<a href=\"https:\/\/www.esta-officiel-usa.com\/de\/\">offizielle ESTA<\/a> ist ein Muss, wenn Sie einen touristischen Aufenthalt von weniger als drei Monaten in den USA planen. Es erm\u00f6glicht Ihnen, die USA und insbesondere ihre Nationalparks zu besuchen, die Sie auf keinen Fall verpassen sollten. Die meisten dieser Nationalparks befinden sich im Westen und bieten Ihnen die M\u00f6glichkeit, sich in der Natur zu entspannen oder in einer einzigartigen und wundersch\u00f6nen Umgebung zu wandern. Wir geben Ihnen einige Anregungen f\u00fcr Wanderungen.  <\/p>\n\n<h2 class=\"wp-block-heading\">NATIONALPARKS IN DEN USA: DIE QUAL DER WAHL<\/h2>\n\n<p>Yellowstone, Grand Canyon, Redwood, Yosemite&#8230; wenn Ihnen diese Namen etwas sagen, dann ist das normal, denn sie geh\u00f6ren zu den ber\u00fchmten Nationalparks der USA. Es gibt 59 davon, so dass Sie mehr als einen Road Trip brauchen werden, um sie alle zu besuchen. Wenn Sie Franzose oder Staatsangeh\u00f6riger eines anderen Landes sind, das am Visa Waiver Program teilnimmt, ben\u00f6tigen Sie f\u00fcr Ihre Reise ein<a href=\"https:\/\/www.esta-officiel-usa.com\/fr\/obtenir-un-esta-en-ligne\/\">ESTA-Formular<\/a>, das Sie online ausf\u00fcllen m\u00fcssen.  <\/p>\n\n<p>Der erste Nationalpark geht auf das 19. Jahrhundert zur\u00fcck: Yellowstone im Jahr 1872. Wenn Sie im Internet nach Fotos suchen, werden Sie sicherlich die charakteristischen Thermalquellen und Geysire erkennen. Die atemberaubenden Landschaften sind ein Grund daf\u00fcr, dass Yellowstone zum UNESCO-Weltnaturerbe erkl\u00e4rt wurde. Neben einem aktiven Vulkan beherbergt der Yellowstone Park auch zahlreiche S\u00e4ugetierarten wie Grizzlyb\u00e4ren, B\u00fcffel und Grauw\u00f6lfe.   <\/p>\n\n<p>Es ist schwierig, alle interessanten Nationalparks der USA in einem einzigen Artikel zu erfassen. Ein weiteres Beispiel f\u00fcr einen Park, den Sie besuchen sollten, um sich zu erholen und zu staunen, ist der Sequoia. Was ist das Besondere an ihm? Hier sehen Sie den gr\u00f6\u00dften Baum der Welt! Dieser Park ist die Heimat des &#8222;General Sherman&#8220;-Baums, dessen Volumen auf 1487 m3 gesch\u00e4tzt wird (er ist nicht der h\u00f6chste Baum).    <\/p>\n\n<p>Wir empfehlen Ihnen auch die 8 Parks in Alaska, von denen die H\u00e4lfte die gr\u00f6\u00dften Parks der USA sind, mit dem Wrangell-St. Elias an der Spitze, der eine Fl\u00e4che von \u00fcber 33.000 km2 hat. Die Berge und Gletscher sorgen f\u00fcr Abwechslung. Vergessen Sie nicht, Ihr Fleece und Ihre Handschuhe mitzunehmen!    <\/p>\n\n<p>Und schlie\u00dflich sollten Sie sich die klassischen, aber nicht weniger au\u00dfergew\u00f6hnlichen Grand Canyon und Death Valley nicht entgehen lassen. Sie haben einen guten Ruf, sind aber immer einen Besuch wert. Im Gegensatz zu Alaska sollten Sie Ihre Sonnenbrille und Sonnencreme mitnehmen.  <\/p>\n\n<p>Wenn Sie noch Zeit haben, hier noch einige Ideen&#8230; :<\/p>\n\n<ul class=\"wp-block-list\"><li>Der Joshua Tree in Kalifornien ;<\/li><li>Die Rocky Mountains in Colorado ;<\/li><li>Biscayne in Florida ;<\/li><li>Die Mammoth Cave in Kentucky.<\/li><\/ul>\n\n<h2 class=\"wp-block-heading\">PRAKTISCHE DETAILS F\u00dcR IHRE ENTDECKUNG DER PARKS<\/h2>\n\n<p>St\u00fcrzen Sie sich nicht in die Nationalparks, ohne Ihren Ausflug zu planen. Sie k\u00f6nnen Geld sparen, wenn Sie den &#8222;America the Beautiful Pass&#8220; kaufen, einen Jahrespass f\u00fcr 80 $. Mit diesem Dokument k\u00f6nnen Sie alle oben genannten Orte frei besuchen, ohne Einschr\u00e4nkungen und ohne an jedem Eingang zu bezahlen. Je nachdem, wie viele Orte Sie besuchen wollen, rechnen Sie kurz nach, ob sich der Pass lohnt.   <\/p>\n\n<p>Wenn Sie mit dem Auto fahren, sollten Sie bis zu 30 USD f\u00fcr Benzin pro Tag einplanen, da die Entfernungen im Vergleich zu Frankreich viel gr\u00f6\u00dfer sind. Dies h\u00e4ngt von dem gemieteten Fahrzeug und Ihrer Fahrweise ab. <\/p>\n\n<p>Sie m\u00fcssen nur noch Ihre <a href=\"https:\/\/www.esta-officiel-usa.com\/de\/was-ist-die-esta-genehmigung\/\">ESTA-Genehmigung<\/a> im Internet bestellen und schon k\u00f6nnen Sie in die USA fliegen. Mit der 90-t\u00e4gigen Genehmigung k\u00f6nnen Sie problemlos viele Nationalparks besuchen. <\/p>\n\n<p>F\u00fcllen Sie jetzt das <a href=\"https:\/\/www.esta-officiel-usa.com\/fr\/le-formulaire-esta-usa-en-francais\/\">ESTA USA-Formular<\/a> aus, das bis zu 72 Stunden Bearbeitungszeit in Anspruch nehmen kann.  <\/p>\n","protected":false},"excerpt":{"rendered":"<p>BESUCH VON NATIONALPARKS IN DEN USA Dasoffizielle ESTA ist ein Muss, wenn Sie einen touristischen Aufenthalt von weniger als drei Monaten in den USA planen. Es erm\u00f6glicht Ihnen, die USA und insbesondere ihre Nationalparks zu besuchen, die Sie auf keinen Fall verpassen sollten. Die meisten dieser Nationalparks befinden sich im Westen und bieten Ihnen die [&hellip;]<\/p>\n","protected":false},"author":1,"featured_media":0,"parent":0,"menu_order":0,"comment_status":"closed","ping_status":"closed","template":"","meta":{"footnotes":""},"class_list":["post-1255","page","type-page","status-publish","hentry"],"yoast_head":"<!-- This site is optimized with the Yoast SEO plugin v26.2 - https:\/\/yoast.com\/wordpress\/plugins\/seo\/ -->\n<title>Entdecken Sie die Nationalparks in den USA<\/title>\n<meta name=\"description\" content=\"Wenn Sie eine Reise in die USA planen, informieren und beraten Sie unsere Mitarbeiter \u00fcber den Schatz der USA: die Nationalparks.\" \/>\n<meta name=\"robots\" content=\"index, follow, max-snippet:-1, max-image-preview:large, max-video-preview:-1\" \/>\n<link rel=\"canonical\" href=\"https:\/\/www.esta-officiel-usa.com\/de\/entdecken-sie-die-nationalparks-in-den-usa\/\" \/>\n<meta property=\"og:locale\" content=\"de_DE\" \/>\n<meta property=\"og:type\" content=\"article\" \/>\n<meta property=\"og:title\" content=\"Entdecken Sie die Nationalparks in den USA\" \/>\n<meta property=\"og:description\" content=\"Wenn Sie eine Reise in die USA planen, informieren und beraten Sie unsere Mitarbeiter \u00fcber den Schatz der USA: die Nationalparks.\" \/>\n<meta property=\"og:url\" content=\"https:\/\/www.esta-officiel-usa.com\/de\/entdecken-sie-die-nationalparks-in-den-usa\/\" \/>\n<meta property=\"og:site_name\" content=\"ESTA - Vereinigte Staaten\" \/>\n<meta property=\"article:modified_time\" content=\"2025-09-13T12:02:19+00:00\" \/>\n<meta name=\"twitter:card\" content=\"summary_large_image\" \/>\n<meta name=\"twitter:label1\" content=\"Gesch\u00e4tzte Lesezeit\" \/>\n\t<meta name=\"twitter:data1\" content=\"3\u00a0Minuten\" \/>\n<script type=\"application\/ld+json\" class=\"yoast-schema-graph\">{\"@context\":\"https:\/\/schema.org\",\"@graph\":[{\"@type\":\"WebPage\",\"@id\":\"https:\/\/www.esta-officiel-usa.com\/de\/entdecken-sie-die-nationalparks-in-den-usa\/\",\"url\":\"https:\/\/www.esta-officiel-usa.com\/de\/entdecken-sie-die-nationalparks-in-den-usa\/\",\"name\":\"Entdecken Sie die Nationalparks in den USA\",\"isPartOf\":{\"@id\":\"https:\/\/www.esta-officiel-usa.com\/de\/#website\"},\"datePublished\":\"2025-09-13T12:02:18+00:00\",\"dateModified\":\"2025-09-13T12:02:19+00:00\",\"description\":\"Wenn Sie eine Reise in die USA planen, informieren und beraten Sie unsere Mitarbeiter \u00fcber den Schatz der USA: die Nationalparks.\",\"breadcrumb\":{\"@id\":\"https:\/\/www.esta-officiel-usa.com\/de\/entdecken-sie-die-nationalparks-in-den-usa\/#breadcrumb\"},\"inLanguage\":\"de\",\"potentialAction\":[{\"@type\":\"ReadAction\",\"target\":[\"https:\/\/www.esta-officiel-usa.com\/de\/entdecken-sie-die-nationalparks-in-den-usa\/\"]}]},{\"@type\":\"BreadcrumbList\",\"@id\":\"https:\/\/www.esta-officiel-usa.com\/de\/entdecken-sie-die-nationalparks-in-den-usa\/#breadcrumb\",\"itemListElement\":[{\"@type\":\"ListItem\",\"position\":1,\"name\":\"Home\",\"item\":\"https:\/\/www.esta-officiel-usa.com\/de\/\"},{\"@type\":\"ListItem\",\"position\":2,\"name\":\"Entdecken Sie die Nationalparks in den USA\"}]},{\"@type\":\"WebSite\",\"@id\":\"https:\/\/www.esta-officiel-usa.com\/de\/#website\",\"url\":\"https:\/\/www.esta-officiel-usa.com\/de\/\",\"name\":\"ESTA - Vereinigte Staaten\",\"description\":\"ESTA-Antragsformular\",\"potentialAction\":[{\"@type\":\"SearchAction\",\"target\":{\"@type\":\"EntryPoint\",\"urlTemplate\":\"https:\/\/www.esta-officiel-usa.com\/de\/?s={search_term_string}\"},\"query-input\":{\"@type\":\"PropertyValueSpecification\",\"valueRequired\":true,\"valueName\":\"search_term_string\"}}],\"inLanguage\":\"de\"}]}<\/script>\n<!-- \/ Yoast SEO plugin. -->","yoast_head_json":{"title":"Entdecken Sie die Nationalparks in den USA","description":"Wenn Sie eine Reise in die USA planen, informieren und beraten Sie unsere Mitarbeiter \u00fcber den Schatz der USA: die Nationalparks.","robots":{"index":"index","follow":"follow","max-snippet":"max-snippet:-1","max-image-preview":"max-image-preview:large","max-video-preview":"max-video-preview:-1"},"canonical":"https:\/\/www.esta-officiel-usa.com\/de\/entdecken-sie-die-nationalparks-in-den-usa\/","og_locale":"de_DE","og_type":"article","og_title":"Entdecken Sie die Nationalparks in den USA","og_description":"Wenn Sie eine Reise in die USA planen, informieren und beraten Sie unsere Mitarbeiter \u00fcber den Schatz der USA: die Nationalparks.","og_url":"https:\/\/www.esta-officiel-usa.com\/de\/entdecken-sie-die-nationalparks-in-den-usa\/","og_site_name":"ESTA - Vereinigte Staaten","article_modified_time":"2025-09-13T12:02:19+00:00","twitter_card":"summary_large_image","twitter_misc":{"Gesch\u00e4tzte Lesezeit":"3\u00a0Minuten"},"schema":{"@context":"https:\/\/schema.org","@graph":[{"@type":"WebPage","@id":"https:\/\/www.esta-officiel-usa.com\/de\/entdecken-sie-die-nationalparks-in-den-usa\/","url":"https:\/\/www.esta-officiel-usa.com\/de\/entdecken-sie-die-nationalparks-in-den-usa\/","name":"Entdecken Sie die Nationalparks in den USA","isPartOf":{"@id":"https:\/\/www.esta-officiel-usa.com\/de\/#website"},"datePublished":"2025-09-13T12:02:18+00:00","dateModified":"2025-09-13T12:02:19+00:00","description":"Wenn Sie eine Reise in die USA planen, informieren und beraten Sie unsere Mitarbeiter \u00fcber den Schatz der USA: die Nationalparks.","breadcrumb":{"@id":"https:\/\/www.esta-officiel-usa.com\/de\/entdecken-sie-die-nationalparks-in-den-usa\/#breadcrumb"},"inLanguage":"de","potentialAction":[{"@type":"ReadAction","target":["https:\/\/www.esta-officiel-usa.com\/de\/entdecken-sie-die-nationalparks-in-den-usa\/"]}]},{"@type":"BreadcrumbList","@id":"https:\/\/www.esta-officiel-usa.com\/de\/entdecken-sie-die-nationalparks-in-den-usa\/#breadcrumb","itemListElement":[{"@type":"ListItem","position":1,"name":"Home","item":"https:\/\/www.esta-officiel-usa.com\/de\/"},{"@type":"ListItem","position":2,"name":"Entdecken Sie die Nationalparks in den USA"}]},{"@type":"WebSite","@id":"https:\/\/www.esta-officiel-usa.com\/de\/#website","url":"https:\/\/www.esta-officiel-usa.com\/de\/","name":"ESTA - Vereinigte Staaten","description":"ESTA-Antragsformular","potentialAction":[{"@type":"SearchAction","target":{"@type":"EntryPoint","urlTemplate":"https:\/\/www.esta-officiel-usa.com\/de\/?s={search_term_string}"},"query-input":{"@type":"PropertyValueSpecification","valueRequired":true,"valueName":"search_term_string"}}],"inLanguage":"de"}]}},"_links":{"self":[{"href":"https:\/\/www.esta-officiel-usa.com\/de\/wp-json\/wp\/v2\/pages\/1255","targetHints":{"allow":["GET"]}}],"collection":[{"href":"https:\/\/www.esta-officiel-usa.com\/de\/wp-json\/wp\/v2\/pages"}],"about":[{"href":"https:\/\/www.esta-officiel-usa.com\/de\/wp-json\/wp\/v2\/types\/page"}],"author":[{"embeddable":true,"href":"https:\/\/www.esta-officiel-usa.com\/de\/wp-json\/wp\/v2\/users\/1"}],"replies":[{"embeddable":true,"href":"https:\/\/www.esta-officiel-usa.com\/de\/wp-json\/wp\/v2\/comments?post=1255"}],"version-history":[{"count":1,"href":"https:\/\/www.esta-officiel-usa.com\/de\/wp-json\/wp\/v2\/pages\/1255\/revisions"}],"predecessor-version":[{"id":1258,"href":"https:\/\/www.esta-officiel-usa.com\/de\/wp-json\/wp\/v2\/pages\/1255\/revisions\/1258"}],"wp:attachment":[{"href":"https:\/\/www.esta-officiel-usa.com\/de\/wp-json\/wp\/v2\/media?parent=1255"}],"curies":[{"name":"wp","href":"https:\/\/api.w.org\/{rel}","templated":true}]}}