{"id":1266,"date":"2025-09-13T12:02:22","date_gmt":"2025-09-13T12:02:22","guid":{"rendered":"https:\/\/www.esta-officiel-usa.com\/esta-ist-fuer-90-tage-in-den-usa-gueltig\/"},"modified":"2025-09-13T12:02:23","modified_gmt":"2025-09-13T12:02:23","slug":"esta-ist-fuer-90-tage-in-den-usa-gueltig","status":"publish","type":"page","link":"https:\/\/www.esta-officiel-usa.com\/de\/esta-ist-fuer-90-tage-in-den-usa-gueltig\/","title":{"rendered":"ESTA ist f\u00fcr 90 Tage in den USA g\u00fcltig."},"content":{"rendered":"\n<h1 class=\"wp-block-heading\">ESTA f\u00fcr 90 Tage f\u00fcr die USA<\/h1>\n\n<p>Um f\u00fcr einen Urlaub, ein Praktikum, ein Studiensemester oder einen Sommerjob in die USA zu gehen, ben\u00f6tigen Sie einen Aufenthaltstitel wie ein Visum oder ein <a href=\"https:\/\/www.esta-officiel-usa.com\/de\/\">offizielles ESTA<\/a>. Je nach Dokument k\u00f6nnen Sie l\u00e4nger oder k\u00fcrzer in den USA bleiben. Unsere Experten auf dieser Seite erl\u00e4utern die Dauer des ESTA, in diesem Fall 90 aufeinanderfolgende Tage. Dies ist ein maximaler Zeitraum, Sie k\u00f6nnen also durchaus zwei Wochen in die USA reisen und dann wieder abreisen.   <\/p>\n\n<p>Zun\u00e4chst geben wir Ihnen die wichtigsten Informationen \u00fcber den ESTA-Antrag, der franz\u00f6sischen Reisenden, die in den USA Urlaub machen oder durch die USA reisen, wohlbekannt ist. Anschlie\u00dfend erfahren Sie, welche Risiken es birgt, trotz eines abgelaufenen ESTA-Titels dort zu bleiben, selbst wenn Sie einen g\u00fcltigen elektronischen Reisepass besitzen. Lesen Sie diesen Artikel sorgf\u00e4ltig durch, um m\u00f6gliche Komplikationen mit den US-Beh\u00f6rden zu vermeiden, zumal das Department of Homeland Security selten Spa\u00df mit Besuchern macht, die sich nicht an die geltenden Regeln halten.  <br\/>  <\/p>\n\n<h2 class=\"wp-block-heading\">Mit ESTA-Genehmigung bis zu 90 Tage am St\u00fcck in den USA<\/h2>\n\n<p>Sie sind Franzose und m\u00f6chten f\u00fcr einige \nWochen Urlaub in die USA reisen? Dann brauchen Sie kein Visum, sondern k\u00f6nnen einfach\n \u00fcber das Visa Waiver Program (Programm zur Befreiung von der Visumspflicht) abreisen. Mit\n VWP k\u00f6nnen Sie den langwierigen Prozess der Visabeantragung umgehen, indem Sie \neinfach ein ESTA beantragen. Diese Genehmigung erfordert kein \nInterview mit der US-Botschaft und kostet viel weniger \nals ein USA-Visum. Was ist die Gegenleistung? Sie d\u00fcrfen sich maximal 90 aufeinander folgende Tage \naufhalten (im Vergleich zu sechs Monaten bei seinem Gegenst\u00fcck).     <\/p>\n\n<p>Das 90-Tage-ESTA gilt f\u00fcr Urlaubs-, Gesch\u00e4fts- oder <a href=\"https:\/\/www.esta-officiel-usa.com\/fr\/esta-pour-transit-aux-etats-unis\/\">Transitreisen<\/a> (Anschlussfl\u00fcge, ohne einen US-Flughafen zu verlassen). Die einzige zus\u00e4tzliche Bedingung ist der Besitz eines biometrischen oder elektronischen Reisepasses. Nat\u00fcrlich muss dieser g\u00fcltig sein und darf nicht w\u00e4hrend der Reise in die USA ablaufen. Achten Sie auf das G\u00fcltigkeitsdatum des Reisepasses.   <\/p>\n\n<p>Um sicherzustellen, dass ein Besucher die maximal zul\u00e4ssigen 90 Tage nicht \u00fcberschreitet, muss der Antragsteller seine Ankunfts- und Abflugdaten (d.h. die Hin- und R\u00fcckflugdaten) in das <a href=\"https:\/\/www.esta-officiel-usa.com\/fr\/formulaire-esta-a-qui-est-il-destine\/\">ESTA-Formular<\/a> eintragen, das nur \u00fcber das Internet zug\u00e4nglich ist. Im Gegensatz zum Visumantrag muss f\u00fcr den ESTA-Antrag lediglich das entsprechende Online-Formular ausgef\u00fcllt werden, das auf der offiziellen Website der Regierung (oder auf einer privaten Plattform) verf\u00fcgbar ist. Nat\u00fcrlich m\u00fcssen Sie auf eine positive Antwort der elektronischen Systeme warten, bevor Sie Ihre Reise in die USA antreten k\u00f6nnen, da Sie sonst nicht durch die Kontrolle kommen.  <\/p>\n\n<p>Bitte beachten Sie, dass die 90-t\u00e4gige <a href=\"https:\/\/www.esta-officiel-usa.com\/fr\/la-duree-de-validite-de-lesta\/\">G\u00fcltigkeitsdauer des ESTA nicht mit der zweij\u00e4hrigen G\u00fcltigkeitsdauer<\/a> verwechselt werden darf. Das ESTA-Dokument erlaubt eine unbegrenzte Anzahl von Reisen nach Uncle Sam innerhalb von zwei Jahren, solange jede Reise nicht l\u00e4nger als 90 Tage dauert. Sie m\u00fcssen zwischen den einzelnen Aufenthalten eine &#8222;angemessene&#8220; Zeit warten (dies wird von einem Beamten der Einwanderungsbeh\u00f6rde beurteilt). Einfach ausgedr\u00fcckt: Wenn Sie von einem dreimonatigen Ausflug zur\u00fcckkehren, sollten Sie nicht nach ein paar Tagen in die USA zur\u00fcckkehren, auch wenn Ihr ESTA noch g\u00fcltig ist. Warten Sie ein paar Wochen, um sicher zu sein, dass Sie akzeptiert werden.    <\/p>\n\n<h2 class=\"wp-block-heading\">Was passiert, wenn die 90 Tage \u00fcberschritten werden?<\/h2>\n\n<p>Es gibt mehrere Gr\u00fcnde, die zu einer \u00dcberschreitung der ESTA-Zeit f\u00fchren k\u00f6nnen:<\/p>\n\n<ul class=\"wp-block-list\"><li>Ein Versehen: Sie haben es sich in Florida oder \nKalifornien zu gut gehen lassen und vergessen, Ihren R\u00fcckflug anzutreten. Dies ist unwahrscheinlich\n aber nicht unm\u00f6glich; <\/li><li>Ein Problem mit der Flug- oder Schifffahrtsgesellschaft: Ihr Aufenthalt \nin den USA sollte genau nach 90 Tagen mit \nESTA enden, aber leider haben Sie es nicht geschafft, das Flugzeug oder das\n Schiff zur\u00fcck nach Frankreich (oder in ein anderes Land, das vom \nUS-Visa Waiver Program profitiert) zu nehmen;<\/li><li>Ein Wille, l\u00e4nger als geplant zu bleiben: In Kenntnis der\n Ursache beschlie\u00dfen Sie, die Dauer Ihres befristeten Aufenthalts\n zu \u00fcberschreiten;<\/li><\/ul>\n\n<p>Egal in welchem Zusammenhang, das Ergebnis ist das gleiche: Sie werden in den Augen der US-Regierung zu einem \nillegalen Einwanderer.\n Dies wird \nmit Sicherheit irgendwann bekannt werden, entweder bei Ihrer Ausreise (ESTA-Kontrolle durch Beamte am Flughafen oder Hafen) oder bei einer \nRoutinekontrolle innerhalb der Grenzen. <\/p>\n\n<p>Der \u00c4rger beginnt: Sie k\u00f6nnen nicht nur jeden\n neuen ESTA-Antrag und generell jede weitere Reise in die \nUSA vergessen, denn selbst ein Visumantrag kann abgelehnt werden, wenn er \nmissbraucht wird. Vielleicht haben Sie Gl\u00fcck, wenn Sie die erlaubten 90 Tage nur \nsehr wenig \u00fcberschritten haben. <\/p>\n\n<p>Noch schlimmer ist, dass Sie verhaftet, abgeschoben oder sogar einige Zeit in Haft \nwerden k\u00f6nnen. Es ist besser, sich vor einer solchen Situation zu sch\u00fctzen, indem Sie \ndie notwendigen Vorkehrungen treffen. Planen Sie z.B. \neinige Sicherheitstage f\u00fcr eine dreimonatige Reise ein: Buchen Sie Ihr \nHin- und R\u00fcckflugticket f\u00fcr 87 Tage f\u00fcr den Fall der F\u00e4lle. Andernfalls entscheiden Sie sich f\u00fcr \nein Visum.   <\/p>\n\n<p>Hinweis: Manchmal k\u00f6nnen Sie die Vereinigten Staaten von Amerika aufgrund gr\u00f6\u00dferer Probleme nicht vor Ablauf der 90-Tage-Frist des ESTA verlassen. Ein Beispiel ist ein Krankenhausaufenthalt. In diesem Fall sollten Sie alles tun, um einen materiellen Nachweis f\u00fcr solche unvorhersehbaren Situationen zu erhalten und sorgf\u00e4ltig aufzubewahren. Die f\u00fcr die nationale Sicherheit zust\u00e4ndigen Beamten k\u00f6nnen hier Nachsicht walten lassen.   <\/p>\n\n<p>Wie Sie sehen, ist es wichtig, sich gut zu organisieren und auf die G\u00fcltigkeit Ihres 90-Tage-ESTA zu achten, wenn Sie eine Reise in die USA planen. Andernfalls wird Ihr Urlaubs- oder Gesch\u00e4ftsaufenthalt schnell zu einem Missgeschick, das Sie vergessen werden, und nicht zu einem amerikanischen Traum. <\/p>\n","protected":false},"excerpt":{"rendered":"<p>ESTA f\u00fcr 90 Tage f\u00fcr die USA Um f\u00fcr einen Urlaub, ein Praktikum, ein Studiensemester oder einen Sommerjob in die USA zu gehen, ben\u00f6tigen Sie einen Aufenthaltstitel wie ein Visum oder ein offizielles ESTA. Je nach Dokument k\u00f6nnen Sie l\u00e4nger oder k\u00fcrzer in den USA bleiben. Unsere Experten auf dieser Seite erl\u00e4utern die Dauer des [&hellip;]<\/p>\n","protected":false},"author":1,"featured_media":0,"parent":0,"menu_order":0,"comment_status":"closed","ping_status":"closed","template":"","meta":{"footnotes":""},"class_list":["post-1266","page","type-page","status-publish","hentry"],"yoast_head":"<!-- This site is optimized with the Yoast SEO plugin v26.2 - https:\/\/yoast.com\/wordpress\/plugins\/seo\/ -->\n<title>ESTA ist f\u00fcr 90 Tage in den USA g\u00fcltig.<\/title>\n<meta name=\"description\" content=\"Die Dauer eines Aufenthalts in den USA mit einem ESTA darf 90 Tage nicht \u00fcberschreiten, da sonst die Gefahr einer Strafverfolgung durch die US-Beh\u00f6rden besteht.\" \/>\n<meta name=\"robots\" content=\"index, follow, max-snippet:-1, max-image-preview:large, max-video-preview:-1\" \/>\n<link rel=\"canonical\" href=\"https:\/\/www.esta-officiel-usa.com\/de\/esta-ist-fuer-90-tage-in-den-usa-gueltig\/\" \/>\n<meta property=\"og:locale\" content=\"de_DE\" \/>\n<meta property=\"og:type\" content=\"article\" \/>\n<meta property=\"og:title\" content=\"ESTA ist f\u00fcr 90 Tage in den USA g\u00fcltig.\" \/>\n<meta property=\"og:description\" content=\"Die Dauer eines Aufenthalts in den USA mit einem ESTA darf 90 Tage nicht \u00fcberschreiten, da sonst die Gefahr einer Strafverfolgung durch die US-Beh\u00f6rden besteht.\" \/>\n<meta property=\"og:url\" content=\"https:\/\/www.esta-officiel-usa.com\/de\/esta-ist-fuer-90-tage-in-den-usa-gueltig\/\" \/>\n<meta property=\"og:site_name\" content=\"ESTA - Vereinigte Staaten\" \/>\n<meta property=\"article:modified_time\" content=\"2025-09-13T12:02:23+00:00\" \/>\n<meta name=\"twitter:card\" content=\"summary_large_image\" \/>\n<meta name=\"twitter:label1\" content=\"Gesch\u00e4tzte Lesezeit\" \/>\n\t<meta name=\"twitter:data1\" content=\"5\u00a0Minuten\" \/>\n<script type=\"application\/ld+json\" class=\"yoast-schema-graph\">{\"@context\":\"https:\/\/schema.org\",\"@graph\":[{\"@type\":\"WebPage\",\"@id\":\"https:\/\/www.esta-officiel-usa.com\/de\/esta-ist-fuer-90-tage-in-den-usa-gueltig\/\",\"url\":\"https:\/\/www.esta-officiel-usa.com\/de\/esta-ist-fuer-90-tage-in-den-usa-gueltig\/\",\"name\":\"ESTA ist f\u00fcr 90 Tage in den USA g\u00fcltig.\",\"isPartOf\":{\"@id\":\"https:\/\/www.esta-officiel-usa.com\/de\/#website\"},\"datePublished\":\"2025-09-13T12:02:22+00:00\",\"dateModified\":\"2025-09-13T12:02:23+00:00\",\"description\":\"Die Dauer eines Aufenthalts in den USA mit einem ESTA darf 90 Tage nicht \u00fcberschreiten, da sonst die Gefahr einer Strafverfolgung durch die US-Beh\u00f6rden besteht.\",\"breadcrumb\":{\"@id\":\"https:\/\/www.esta-officiel-usa.com\/de\/esta-ist-fuer-90-tage-in-den-usa-gueltig\/#breadcrumb\"},\"inLanguage\":\"de\",\"potentialAction\":[{\"@type\":\"ReadAction\",\"target\":[\"https:\/\/www.esta-officiel-usa.com\/de\/esta-ist-fuer-90-tage-in-den-usa-gueltig\/\"]}]},{\"@type\":\"BreadcrumbList\",\"@id\":\"https:\/\/www.esta-officiel-usa.com\/de\/esta-ist-fuer-90-tage-in-den-usa-gueltig\/#breadcrumb\",\"itemListElement\":[{\"@type\":\"ListItem\",\"position\":1,\"name\":\"Home\",\"item\":\"https:\/\/www.esta-officiel-usa.com\/de\/\"},{\"@type\":\"ListItem\",\"position\":2,\"name\":\"ESTA ist f\u00fcr 90 Tage in den USA g\u00fcltig.\"}]},{\"@type\":\"WebSite\",\"@id\":\"https:\/\/www.esta-officiel-usa.com\/de\/#website\",\"url\":\"https:\/\/www.esta-officiel-usa.com\/de\/\",\"name\":\"ESTA - Vereinigte Staaten\",\"description\":\"ESTA-Antragsformular\",\"potentialAction\":[{\"@type\":\"SearchAction\",\"target\":{\"@type\":\"EntryPoint\",\"urlTemplate\":\"https:\/\/www.esta-officiel-usa.com\/de\/?s={search_term_string}\"},\"query-input\":{\"@type\":\"PropertyValueSpecification\",\"valueRequired\":true,\"valueName\":\"search_term_string\"}}],\"inLanguage\":\"de\"}]}<\/script>\n<!-- \/ Yoast SEO plugin. -->","yoast_head_json":{"title":"ESTA ist f\u00fcr 90 Tage in den USA g\u00fcltig.","description":"Die Dauer eines Aufenthalts in den USA mit einem ESTA darf 90 Tage nicht \u00fcberschreiten, da sonst die Gefahr einer Strafverfolgung durch die US-Beh\u00f6rden besteht.","robots":{"index":"index","follow":"follow","max-snippet":"max-snippet:-1","max-image-preview":"max-image-preview:large","max-video-preview":"max-video-preview:-1"},"canonical":"https:\/\/www.esta-officiel-usa.com\/de\/esta-ist-fuer-90-tage-in-den-usa-gueltig\/","og_locale":"de_DE","og_type":"article","og_title":"ESTA ist f\u00fcr 90 Tage in den USA g\u00fcltig.","og_description":"Die Dauer eines Aufenthalts in den USA mit einem ESTA darf 90 Tage nicht \u00fcberschreiten, da sonst die Gefahr einer Strafverfolgung durch die US-Beh\u00f6rden besteht.","og_url":"https:\/\/www.esta-officiel-usa.com\/de\/esta-ist-fuer-90-tage-in-den-usa-gueltig\/","og_site_name":"ESTA - Vereinigte Staaten","article_modified_time":"2025-09-13T12:02:23+00:00","twitter_card":"summary_large_image","twitter_misc":{"Gesch\u00e4tzte Lesezeit":"5\u00a0Minuten"},"schema":{"@context":"https:\/\/schema.org","@graph":[{"@type":"WebPage","@id":"https:\/\/www.esta-officiel-usa.com\/de\/esta-ist-fuer-90-tage-in-den-usa-gueltig\/","url":"https:\/\/www.esta-officiel-usa.com\/de\/esta-ist-fuer-90-tage-in-den-usa-gueltig\/","name":"ESTA ist f\u00fcr 90 Tage in den USA g\u00fcltig.","isPartOf":{"@id":"https:\/\/www.esta-officiel-usa.com\/de\/#website"},"datePublished":"2025-09-13T12:02:22+00:00","dateModified":"2025-09-13T12:02:23+00:00","description":"Die Dauer eines Aufenthalts in den USA mit einem ESTA darf 90 Tage nicht \u00fcberschreiten, da sonst die Gefahr einer Strafverfolgung durch die US-Beh\u00f6rden besteht.","breadcrumb":{"@id":"https:\/\/www.esta-officiel-usa.com\/de\/esta-ist-fuer-90-tage-in-den-usa-gueltig\/#breadcrumb"},"inLanguage":"de","potentialAction":[{"@type":"ReadAction","target":["https:\/\/www.esta-officiel-usa.com\/de\/esta-ist-fuer-90-tage-in-den-usa-gueltig\/"]}]},{"@type":"BreadcrumbList","@id":"https:\/\/www.esta-officiel-usa.com\/de\/esta-ist-fuer-90-tage-in-den-usa-gueltig\/#breadcrumb","itemListElement":[{"@type":"ListItem","position":1,"name":"Home","item":"https:\/\/www.esta-officiel-usa.com\/de\/"},{"@type":"ListItem","position":2,"name":"ESTA ist f\u00fcr 90 Tage in den USA g\u00fcltig."}]},{"@type":"WebSite","@id":"https:\/\/www.esta-officiel-usa.com\/de\/#website","url":"https:\/\/www.esta-officiel-usa.com\/de\/","name":"ESTA - Vereinigte Staaten","description":"ESTA-Antragsformular","potentialAction":[{"@type":"SearchAction","target":{"@type":"EntryPoint","urlTemplate":"https:\/\/www.esta-officiel-usa.com\/de\/?s={search_term_string}"},"query-input":{"@type":"PropertyValueSpecification","valueRequired":true,"valueName":"search_term_string"}}],"inLanguage":"de"}]}},"_links":{"self":[{"href":"https:\/\/www.esta-officiel-usa.com\/de\/wp-json\/wp\/v2\/pages\/1266","targetHints":{"allow":["GET"]}}],"collection":[{"href":"https:\/\/www.esta-officiel-usa.com\/de\/wp-json\/wp\/v2\/pages"}],"about":[{"href":"https:\/\/www.esta-officiel-usa.com\/de\/wp-json\/wp\/v2\/types\/page"}],"author":[{"embeddable":true,"href":"https:\/\/www.esta-officiel-usa.com\/de\/wp-json\/wp\/v2\/users\/1"}],"replies":[{"embeddable":true,"href":"https:\/\/www.esta-officiel-usa.com\/de\/wp-json\/wp\/v2\/comments?post=1266"}],"version-history":[{"count":1,"href":"https:\/\/www.esta-officiel-usa.com\/de\/wp-json\/wp\/v2\/pages\/1266\/revisions"}],"predecessor-version":[{"id":1269,"href":"https:\/\/www.esta-officiel-usa.com\/de\/wp-json\/wp\/v2\/pages\/1266\/revisions\/1269"}],"wp:attachment":[{"href":"https:\/\/www.esta-officiel-usa.com\/de\/wp-json\/wp\/v2\/media?parent=1266"}],"curies":[{"name":"wp","href":"https:\/\/api.w.org\/{rel}","templated":true}]}}