{"id":1273,"date":"2025-09-13T12:02:24","date_gmt":"2025-09-13T12:02:24","guid":{"rendered":"https:\/\/www.esta-officiel-usa.com\/was-ist-eine-greencard\/"},"modified":"2025-09-13T12:02:24","modified_gmt":"2025-09-13T12:02:24","slug":"was-ist-eine-greencard","status":"publish","type":"page","link":"https:\/\/www.esta-officiel-usa.com\/de\/was-ist-eine-greencard\/","title":{"rendered":"Was ist eine Greencard?"},"content":{"rendered":"\n<h1 class=\"wp-block-heading\">DIE GREEN CARD AUF DEM NEUESTEN STAND<\/h1>\n\n<p>Die Green Card ist ein Ausweis, der es einem Ausl\u00e4nder erm\u00f6glicht, sich in den Vereinigten Staaten niederzulassen und dort zu leben. Sie erm\u00f6glicht es auch, f\u00fcr ein amerikanisches Unternehmen oder auf eigene Rechnung zu arbeiten, ohne ein Visum zu ben\u00f6tigen. Dieses Dokument erm\u00f6glicht es, die <a href=\"https:\/\/www.esta-officiel-usa.com\/fr\/passer-les-controles-des-douanes-americaines\/\">Zollkontrollen<\/a> ohne Probleme zu passieren. In diesem Artikel wird erl\u00e4utert, wie es definiert ist und wie man es erh\u00e4lt.   <\/p>\n\n<h2 class=\"wp-block-heading\">WAS IST DIE DEFINITION EINER GREEN CARD?<\/h2>\n\n<p>Bevor wir die verschiedenen M\u00f6glichkeiten, eine Green Card zu erhalten, erl\u00e4utern, sollten wir zun\u00e4chst klarstellen, dass eine Green Card nicht unbedingt erforderlich ist, um in den USA zu arbeiten: Ein Arbeitsvisum kann ausreichen. Die Green Card, auch bekannt als Daueraufenthaltskarte, berechtigt nicht zur Teilnahme an Wahlen oder als Mitglied einer Jury. Der Inhaber ist au\u00dferdem verpflichtet, die Karte und einen Identit\u00e4tsnachweis (z. B. einen <a href=\"https:\/\/www.esta-officiel-usa.com\/fr\/quel-type-de-passeport-pour-les-usa\/\">Reisepass<\/a>) jederzeit mit sich zu f\u00fchren, wenn eine Personenkontrolle durch einen Vollzugsbeamten stattfindet. Die Green Card ist f\u00fcr zehn Jahre oder zwei Jahre im Falle eines bedingt Daueraufenthaltsberechtigten g\u00fcltig. In jedem Fall muss die Daueraufenthaltskarte vor dem Ablaufdatum erneuert werden, und der neue US-Daueraufenthaltsberechtigte muss eine Geb\u00fchr von 165 $ f\u00fcr die Karte selbst zahlen.    <\/p>\n\n<p>Die Green Card wird von den United States Citizenship and Immigration Services (USCIS) nach bestimmten Auswahlkriterien vergeben. Eine Person, die l\u00e4nger als 5 Jahre im Besitz einer Green Card ist, kann einen Antrag auf Einb\u00fcrgerung stellen. Im Gegensatz zu<a href=\"https:\/\/www.esta-officiel-usa.com\/de\/\">ESTA<\/a> ist die Green Card eine der am schwierigsten zu erhaltenden Genehmigungen. Jedes Jahr hoffen Tausende von Menschen auf die Green Card, die ihr Leben und ihre Karriere ver\u00e4ndern wird.   <\/p>\n\n<h2 class=\"wp-block-heading\">WIE BEKOMME ICH EINE GR\u00dcNE KARTE?<\/h2>\n\n<p>Lassen Sie uns nun auf die verschiedenen M\u00f6glichkeiten eingehen, die ber\u00fchmte Green Card zu erhalten. F\u00fcr jeden Weg zur Erlangung der Daueraufenthaltskarte gibt es spezifische Regeln, die eingehalten werden m\u00fcssen. Hier sind die vier Hauptwege zu diesem Ziel:  <\/p>\n\n<p>Familie: Eine Person amerikanischer Herkunft \u00fcber 21 Jahre kann eine Green Card beantragen, damit ein Familienmitglied (Ehepartner, Eltern, Kinder, Geschwister) in die USA nachziehen kann. Der Antragsteller muss bez\u00fcglich seines Ehepartners ehrlich sein, da die US-Beh\u00f6rden streng gegen die Verhinderung von Scheinehen vorgehen. <\/p>\n\n<p>Arbeit: Ein Antrag auf eine Green Card kann von einem US-Unternehmen unterst\u00fctzt werden, das Sie f\u00fcr einen langfristigen oder unbefristeten Vertrag einstellen m\u00f6chte. Ihr Arbeitgeber unterst\u00fctzt Sie nicht nur bei der Antragstellung und den auszuf\u00fcllenden Papieren, sondern \u00fcbernimmt in einigen F\u00e4llen auch die Antragsgeb\u00fchren. Dieser Weg ist jedoch nur &#8222;qualifizierten&#8220; Arbeitnehmern vorbehalten, die die von der US-Regierung geforderten Kriterien erf\u00fcllen.  <\/p>\n\n<p>Fl\u00fcchtlingsstatus: Jede Person, die als Asylbewerber anerkannt ist, kann einen Antrag auf Daueraufenthalt in den USA stellen, wenn sie sich seit mehr als einem Jahr im Land aufh\u00e4lt.<\/p>\n\n<p>Die <a href=\"https:\/\/www.esta-officiel-usa.com\/de\/eine-green-card-durch-die-lotterie-erhalten\/\">Lotterie<\/a>: Die Green Card Lotterie findet jedes Jahr statt und vergibt die Green Card an 50.000 der 15 Millionen Teilnehmer. Dieses Programm wurde eingef\u00fchrt, um eine gewisse Vielfalt in der Einwandererdemographie der USA zu gew\u00e4hrleisten. <\/p>\n\n<p>Wenn Sie die USA nur f\u00fcr einen kurzen Zeitraum besuchen m\u00f6chten, sollten Sie wissen, dass es einfachere <a href=\"https:\/\/www.esta-officiel-usa.com\/fr\/les-formalites-dentree-aux-etats-unis\/\">Einreiseformalit\u00e4ten f\u00fcr die USA<\/a> gibt, z.B. das ESTA.<br\/><\/p>\n","protected":false},"excerpt":{"rendered":"<p>DIE GREEN CARD AUF DEM NEUESTEN STAND Die Green Card ist ein Ausweis, der es einem Ausl\u00e4nder erm\u00f6glicht, sich in den Vereinigten Staaten niederzulassen und dort zu leben. Sie erm\u00f6glicht es auch, f\u00fcr ein amerikanisches Unternehmen oder auf eigene Rechnung zu arbeiten, ohne ein Visum zu ben\u00f6tigen. Dieses Dokument erm\u00f6glicht es, die Zollkontrollen ohne Probleme [&hellip;]<\/p>\n","protected":false},"author":1,"featured_media":0,"parent":0,"menu_order":0,"comment_status":"closed","ping_status":"closed","template":"","meta":{"footnotes":""},"class_list":["post-1273","page","type-page","status-publish","hentry"],"yoast_head":"<!-- This site is optimized with the Yoast SEO plugin v26.2 - https:\/\/yoast.com\/wordpress\/plugins\/seo\/ -->\n<title>Was ist eine Greencard?<\/title>\n<meta name=\"description\" content=\"Unsere Experten erkl\u00e4ren Ihnen alles \u00fcber die Green Card, die es einem Ausl\u00e4nder erm\u00f6glicht, sich in den USA niederzulassen und dort zu leben.\" \/>\n<meta name=\"robots\" content=\"index, follow, max-snippet:-1, max-image-preview:large, max-video-preview:-1\" \/>\n<link rel=\"canonical\" href=\"https:\/\/www.esta-officiel-usa.com\/de\/was-ist-eine-greencard\/\" \/>\n<meta property=\"og:locale\" content=\"de_DE\" \/>\n<meta property=\"og:type\" content=\"article\" \/>\n<meta property=\"og:title\" content=\"Was ist eine Greencard?\" \/>\n<meta property=\"og:description\" content=\"Unsere Experten erkl\u00e4ren Ihnen alles \u00fcber die Green Card, die es einem Ausl\u00e4nder erm\u00f6glicht, sich in den USA niederzulassen und dort zu leben.\" \/>\n<meta property=\"og:url\" content=\"https:\/\/www.esta-officiel-usa.com\/de\/was-ist-eine-greencard\/\" \/>\n<meta property=\"og:site_name\" content=\"ESTA - Vereinigte Staaten\" \/>\n<meta name=\"twitter:card\" content=\"summary_large_image\" \/>\n<meta name=\"twitter:label1\" content=\"Gesch\u00e4tzte Lesezeit\" \/>\n\t<meta name=\"twitter:data1\" content=\"3\u00a0Minuten\" \/>\n<script type=\"application\/ld+json\" class=\"yoast-schema-graph\">{\"@context\":\"https:\/\/schema.org\",\"@graph\":[{\"@type\":\"WebPage\",\"@id\":\"https:\/\/www.esta-officiel-usa.com\/de\/was-ist-eine-greencard\/\",\"url\":\"https:\/\/www.esta-officiel-usa.com\/de\/was-ist-eine-greencard\/\",\"name\":\"Was ist eine Greencard?\",\"isPartOf\":{\"@id\":\"https:\/\/www.esta-officiel-usa.com\/de\/#website\"},\"datePublished\":\"2025-09-13T12:02:24+00:00\",\"description\":\"Unsere Experten erkl\u00e4ren Ihnen alles \u00fcber die Green Card, die es einem Ausl\u00e4nder erm\u00f6glicht, sich in den USA niederzulassen und dort zu leben.\",\"breadcrumb\":{\"@id\":\"https:\/\/www.esta-officiel-usa.com\/de\/was-ist-eine-greencard\/#breadcrumb\"},\"inLanguage\":\"de\",\"potentialAction\":[{\"@type\":\"ReadAction\",\"target\":[\"https:\/\/www.esta-officiel-usa.com\/de\/was-ist-eine-greencard\/\"]}]},{\"@type\":\"BreadcrumbList\",\"@id\":\"https:\/\/www.esta-officiel-usa.com\/de\/was-ist-eine-greencard\/#breadcrumb\",\"itemListElement\":[{\"@type\":\"ListItem\",\"position\":1,\"name\":\"Home\",\"item\":\"https:\/\/www.esta-officiel-usa.com\/de\/\"},{\"@type\":\"ListItem\",\"position\":2,\"name\":\"Was ist eine Greencard?\"}]},{\"@type\":\"WebSite\",\"@id\":\"https:\/\/www.esta-officiel-usa.com\/de\/#website\",\"url\":\"https:\/\/www.esta-officiel-usa.com\/de\/\",\"name\":\"ESTA - Vereinigte Staaten\",\"description\":\"ESTA-Antragsformular\",\"potentialAction\":[{\"@type\":\"SearchAction\",\"target\":{\"@type\":\"EntryPoint\",\"urlTemplate\":\"https:\/\/www.esta-officiel-usa.com\/de\/?s={search_term_string}\"},\"query-input\":{\"@type\":\"PropertyValueSpecification\",\"valueRequired\":true,\"valueName\":\"search_term_string\"}}],\"inLanguage\":\"de\"}]}<\/script>\n<!-- \/ Yoast SEO plugin. -->","yoast_head_json":{"title":"Was ist eine Greencard?","description":"Unsere Experten erkl\u00e4ren Ihnen alles \u00fcber die Green Card, die es einem Ausl\u00e4nder erm\u00f6glicht, sich in den USA niederzulassen und dort zu leben.","robots":{"index":"index","follow":"follow","max-snippet":"max-snippet:-1","max-image-preview":"max-image-preview:large","max-video-preview":"max-video-preview:-1"},"canonical":"https:\/\/www.esta-officiel-usa.com\/de\/was-ist-eine-greencard\/","og_locale":"de_DE","og_type":"article","og_title":"Was ist eine Greencard?","og_description":"Unsere Experten erkl\u00e4ren Ihnen alles \u00fcber die Green Card, die es einem Ausl\u00e4nder erm\u00f6glicht, sich in den USA niederzulassen und dort zu leben.","og_url":"https:\/\/www.esta-officiel-usa.com\/de\/was-ist-eine-greencard\/","og_site_name":"ESTA - Vereinigte Staaten","twitter_card":"summary_large_image","twitter_misc":{"Gesch\u00e4tzte Lesezeit":"3\u00a0Minuten"},"schema":{"@context":"https:\/\/schema.org","@graph":[{"@type":"WebPage","@id":"https:\/\/www.esta-officiel-usa.com\/de\/was-ist-eine-greencard\/","url":"https:\/\/www.esta-officiel-usa.com\/de\/was-ist-eine-greencard\/","name":"Was ist eine Greencard?","isPartOf":{"@id":"https:\/\/www.esta-officiel-usa.com\/de\/#website"},"datePublished":"2025-09-13T12:02:24+00:00","description":"Unsere Experten erkl\u00e4ren Ihnen alles \u00fcber die Green Card, die es einem Ausl\u00e4nder erm\u00f6glicht, sich in den USA niederzulassen und dort zu leben.","breadcrumb":{"@id":"https:\/\/www.esta-officiel-usa.com\/de\/was-ist-eine-greencard\/#breadcrumb"},"inLanguage":"de","potentialAction":[{"@type":"ReadAction","target":["https:\/\/www.esta-officiel-usa.com\/de\/was-ist-eine-greencard\/"]}]},{"@type":"BreadcrumbList","@id":"https:\/\/www.esta-officiel-usa.com\/de\/was-ist-eine-greencard\/#breadcrumb","itemListElement":[{"@type":"ListItem","position":1,"name":"Home","item":"https:\/\/www.esta-officiel-usa.com\/de\/"},{"@type":"ListItem","position":2,"name":"Was ist eine Greencard?"}]},{"@type":"WebSite","@id":"https:\/\/www.esta-officiel-usa.com\/de\/#website","url":"https:\/\/www.esta-officiel-usa.com\/de\/","name":"ESTA - Vereinigte Staaten","description":"ESTA-Antragsformular","potentialAction":[{"@type":"SearchAction","target":{"@type":"EntryPoint","urlTemplate":"https:\/\/www.esta-officiel-usa.com\/de\/?s={search_term_string}"},"query-input":{"@type":"PropertyValueSpecification","valueRequired":true,"valueName":"search_term_string"}}],"inLanguage":"de"}]}},"_links":{"self":[{"href":"https:\/\/www.esta-officiel-usa.com\/de\/wp-json\/wp\/v2\/pages\/1273","targetHints":{"allow":["GET"]}}],"collection":[{"href":"https:\/\/www.esta-officiel-usa.com\/de\/wp-json\/wp\/v2\/pages"}],"about":[{"href":"https:\/\/www.esta-officiel-usa.com\/de\/wp-json\/wp\/v2\/types\/page"}],"author":[{"embeddable":true,"href":"https:\/\/www.esta-officiel-usa.com\/de\/wp-json\/wp\/v2\/users\/1"}],"replies":[{"embeddable":true,"href":"https:\/\/www.esta-officiel-usa.com\/de\/wp-json\/wp\/v2\/comments?post=1273"}],"version-history":[{"count":1,"href":"https:\/\/www.esta-officiel-usa.com\/de\/wp-json\/wp\/v2\/pages\/1273\/revisions"}],"predecessor-version":[{"id":1274,"href":"https:\/\/www.esta-officiel-usa.com\/de\/wp-json\/wp\/v2\/pages\/1273\/revisions\/1274"}],"wp:attachment":[{"href":"https:\/\/www.esta-officiel-usa.com\/de\/wp-json\/wp\/v2\/media?parent=1273"}],"curies":[{"name":"wp","href":"https:\/\/api.w.org\/{rel}","templated":true}]}}