{"id":1287,"date":"2025-09-13T12:02:30","date_gmt":"2025-09-13T12:02:30","guid":{"rendered":"https:\/\/www.esta-officiel-usa.com\/was-sind-die-guten-manieren-in-den-vereinigten-staaten\/"},"modified":"2025-09-13T12:02:43","modified_gmt":"2025-09-13T12:02:43","slug":"was-sind-die-guten-manieren-in-den-vereinigten-staaten","status":"publish","type":"page","link":"https:\/\/www.esta-officiel-usa.com\/de\/was-sind-die-guten-manieren-in-den-vereinigten-staaten\/","title":{"rendered":"Was sind die guten Manieren in den Vereinigten Staaten?"},"content":{"rendered":"\n<h1 class=\"wp-block-heading\">DIE GUTEN MANIEREN UND REGELN, DIE IN DEN USA EINZUHALTEN SIND<\/h1>\n\n<p>Im Allgemeinen bedeutet jeder Auslandsaufenthalt, dass man offen sein und sich von dem l\u00f6sen muss, was in seinem Heimatland &#8222;normal&#8220; und &#8222;logisch&#8220; erscheint. Die Menschen auf der ganzen Welt teilen nicht immer die gleichen Lebensweisen, von nahezu identischen Einstellungen und Werten bis hin zu subtileren Details im Alltag. Dies ist zum Beispiel zwischen den Vereinigten Staaten von Amerika und Frankreich der Fall. Obwohl beide Kulturen als &#8222;westlich&#8220; angesehen werden und sich in vielen Punkten \u00e4hneln, sollten Sie die unterschiedlichen Details nicht vergessen.   <\/p>\n\n<p>Ob Sie sich in den USA an einem \u00f6ffentlichen Ort, bei einem Gastgeber oder an Ihrem Arbeitsplatz aufhalten, wir empfehlen Ihnen, sich ein wenig mit den guten Manieren vertraut zu machen. Die Sitten und Gewohnheiten unterscheiden sich manchmal von denen in Frankreich, und manche Verhaltensweisen, die in Frankreich banal sind, werden in Uncle Sam schlecht angesehen oder sind sogar v\u00f6llig fehl am Platz. Lassen Sie sich nicht t\u00e4uschen und sammeln Sie einige n\u00fctzliche Kenntnisse, bevor Sie mit dem<a href=\"https:\/\/www.esta-officiel-usa.com\/de\/\">offiziellen ESTA<\/a> oder einem Visum in die USA reisen, um eine unvergessliche Erfahrung zu machen!  <br\/> <\/p>\n\n<h2 class=\"wp-block-heading\">ERKUNDIGEN SIE SICH VOR EINER REISE IN DIE VEREINIGTEN STAATEN \u00dcBER GUTE MANIEREN.<\/h2>\n\n<p>Zun\u00e4chst m\u00f6chten wir darauf hinweisen, dass dieser Artikel sich mit den Grundz\u00fcgen der amerikanischen Kultur befasst. Nat\u00fcrlich gilt dies nicht unbedingt f\u00fcr alle B\u00fcrger oder das ganze Land. Au\u00dferdem gibt es mehr Unterschiede zwischen einzelnen Staaten oder sogar St\u00e4dten in den USA: Die Gepflogenheiten unterscheiden sich je nachdem, ob Sie in Florida, Louisiana, Arizona, San Francisco, Philadelphia usw. wohnen. Hier konzentrieren wir uns auf die guten Manieren, die \u00fcberall anzutreffen sind und die sich vom klassischen Verhalten eines Franzosen unterscheiden.   <\/p>\n\n<h3 class=\"wp-block-heading\">POLITIK<\/h3>\n\n<p>Beginnen wir diese Liste der guten Manieren mit dem Grunds\u00e4tzlichsten: der Begr\u00fc\u00dfung zwischen Menschen. Um &#8222;Hallo&#8220; zu sagen, vergessen Sie das K\u00fcsschen und entscheiden Sie sich f\u00fcr den H\u00e4ndedruck bei der Arbeit oder die ber\u00fchmte Umarmung unter Freunden (Achtung, die Umarmung muss kurz sein, es ist keine 10-sek\u00fcndige Umarmung). Vermeiden Sie jedoch nach dem &#8222;Hallo&#8220; K\u00f6rperkontakt mit Ihrem Gespr\u00e4chspartner, denn in \u00dcbersee sollte man eine angemessene Distanz wahren.  <\/p>\n\n<h3 class=\"wp-block-heading\">WERDEN SIE VON EINEM FREMDEN ANGESPROCHEN? KEINE PANIK! <\/h3>\n\n<p>W\u00e4hrend Ihres Aufenthalts in den Vereinigten Staaten werden Sie feststellen, dass die Menschen sehr gespr\u00e4chig sind, sogar die Passanten auf der Stra\u00dfe. F\u00fchlen Sie sich nicht angegriffen, wenn Sie jemand anl\u00e4chelt oder anspricht, denn die Amerikaner sind oft sehr gespr\u00e4chig und wollen sich einfach nur \u00fcber einfache Dinge unterhalten. Wenn Sie jedoch Ruhe und ein Minimum an Interaktion mit den Einheimischen suchen, sollten Sie vielleicht ein anderes Land als Nordamerika in Betracht ziehen!  <\/p>\n\n<h3 class=\"wp-block-heading\">HALTEN SIE SICH AN DEN ZEITPLAN!<\/h3>\n\n<p>Wenn Sie es in Frankreich gewohnt sind, ein paar Minuten nach der angegebenen Zeit zu erscheinen, m\u00fcssen Sie sich in den USA etwas mehr M\u00fche geben. Egal, ob es sich um eine Gesch\u00e4fts-, Liebes- oder Freizeitverabredung handelt, Sie sollten sich so organisieren, dass Sie die Treffpunktzeit nicht \u00fcberschreiten. Wenn Sie Freunde einladen, erwarten Sie, dass sie zur vereinbarten Zeit oder sogar fr\u00fcher an Ihrer T\u00fcr klingeln. Dies ist eine Frage des Savoir-vivre und der guten Manieren.   <br\/> <\/p>\n\n<h2 class=\"wp-block-heading\">WAS MAN IN DEN USA NICHT TUN SOLLTE<\/h2>\n\n<h3 class=\"wp-block-heading\">OHNE TRINKGELD ABREISEN<\/h3>\n\n<p>Trinkgeld zu geben ist in jedem amerikanischen Staat unerl\u00e4sslich. Daher sollten Sie auf einer Reise in die USA immer etwas Kleingeld bei sich haben. Dies gilt nicht nur f\u00fcr Kellner in Restaurants, sondern auch f\u00fcr Friseure, Lieferservice und andere Servicekr\u00e4fte, wenn die Leistung es verdient&#8230;  <\/p>\n\n<p>Es ist schwierig, eine allgemeing\u00fcltige Regel f\u00fcr die H\u00f6he des Trinkgeldes aufzustellen. In Restaurants kann das Trinkgeld bis zu 25% der Rechnung betragen (fragen Sie auch nach den <a href=\"https:\/\/www.esta-officiel-usa.com\/fr\/apercu-de-la-cuisine-americaine\/\">kulinarischen Spezial<\/a> it\u00e4ten in \u00dcbersee!). <\/p>\n\n<h3 class=\"wp-block-heading\">\u00dcBERALL RAUCHEN<\/h3>\n\n<p>Z\u00fcnden Sie Ihre Zigarette nicht auf der Stra\u00dfe oder auf der Terrasse an! Die guten Manieren schlie\u00dfen ein solches Verhalten aus, da es als unpassend oder sogar respektlos angesehen wird. In den USA zu leben bedeutet, dass Sie nur an daf\u00fcr vorgesehenen Orten rauchen d\u00fcrfen (manchmal haben sogar Ihre Nachbarn etwas dagegen, wenn Sie in Ihrer Wohnung rauchen, wenn der Rauch sie z.B. im Flur oder durch das Fenster bel\u00e4stigt). Au\u00dferdem sind Packungen teuer und nur an wenigen Orten erh\u00e4ltlich.   <\/p>\n\n<h3 class=\"wp-block-heading\">BESTIMMTE THEMEN ANZUSPRECHEN<\/h3>\n\n<p>In Frankreich ist Politik ein h\u00e4ufiges Thema in Gespr\u00e4chen in der Bar, unter Freunden oder sogar unter Kollegen. In Colorado, Atlanta, <a href=\"https:\/\/www.esta-officiel-usa.com\/fr\/voyager-aux-usa-et-decouvrir-las-vegas\/\">Las Vegas<\/a> oder Kalifornien sollten Sie nicht dar\u00fcber nachdenken und Ihre Gedanken f\u00fcr sich behalten. Kritisieren Sie nicht die US-Regierung oder die geltenden Regeln.  <\/p>\n\n<p>Andererseits sollten Sie das Thema Terrorismus nicht in ironischem Ton oder mit Humor ansprechen. Abgesehen von den guten Manieren ist es ein zu ernstes, ernsthaftes und aktuelles Thema, um mit US-B\u00fcrgern dar\u00fcber zu scherzen. <\/p>\n\n<p>Wir empfehlen, dass Sie sich auf die <a href=\"https:\/\/www.esta-officiel-usa.com\/fr\/les-formalites-dentree-aux-etats-unis\/\">Einreiseformalit\u00e4ten<\/a> beschr\u00e4nken, wenn Sie ohne Komplikationen in die USA einreisen wollen.<\/p>\n\n<p>So viel zu den grundlegenden Dingen, die Sie wissen sollten! Ob Sie nur ein paar Wochen f\u00fcr einen vor\u00fcbergehenden Aufenthalt oder mehrere Monate mit einem <a href=\"https:\/\/www.esta-officiel-usa.com\/fr\/etats-unis-demander-un-visa-ou-lesta\/\">Visum oder ESTA<\/a> bleiben, es ist besser, diese guten Manieren im Hinterkopf zu haben, bevor Sie in die USA reisen. <\/p>\n","protected":false},"excerpt":{"rendered":"<p>DIE GUTEN MANIEREN UND REGELN, DIE IN DEN USA EINZUHALTEN SIND Im Allgemeinen bedeutet jeder Auslandsaufenthalt, dass man offen sein und sich von dem l\u00f6sen muss, was in seinem Heimatland &#8222;normal&#8220; und &#8222;logisch&#8220; erscheint. Die Menschen auf der ganzen Welt teilen nicht immer die gleichen Lebensweisen, von nahezu identischen Einstellungen und Werten bis hin zu [&hellip;]<\/p>\n","protected":false},"author":1,"featured_media":0,"parent":0,"menu_order":0,"comment_status":"closed","ping_status":"closed","template":"","meta":{"footnotes":""},"class_list":["post-1287","page","type-page","status-publish","hentry"],"yoast_head":"<!-- This site is optimized with the Yoast SEO plugin v26.2 - https:\/\/yoast.com\/wordpress\/plugins\/seo\/ -->\n<title>Was sind die guten Manieren in den Vereinigten Staaten?<\/title>\n<meta name=\"description\" content=\"Das Datum Ihrer Abreise r\u00fcckt n\u00e4her, alles ist bereit, wir m\u00fcssen Sie nur noch \u00fcber die guten Manieren in den USA informieren und beraten.\" \/>\n<meta name=\"robots\" content=\"index, follow, max-snippet:-1, max-image-preview:large, max-video-preview:-1\" \/>\n<link rel=\"canonical\" href=\"https:\/\/www.esta-officiel-usa.com\/de\/was-sind-die-guten-manieren-in-den-vereinigten-staaten\/\" \/>\n<meta property=\"og:locale\" content=\"de_DE\" \/>\n<meta property=\"og:type\" content=\"article\" \/>\n<meta property=\"og:title\" content=\"Was sind die guten Manieren in den Vereinigten Staaten?\" \/>\n<meta property=\"og:description\" content=\"Das Datum Ihrer Abreise r\u00fcckt n\u00e4her, alles ist bereit, wir m\u00fcssen Sie nur noch \u00fcber die guten Manieren in den USA informieren und beraten.\" \/>\n<meta property=\"og:url\" content=\"https:\/\/www.esta-officiel-usa.com\/de\/was-sind-die-guten-manieren-in-den-vereinigten-staaten\/\" \/>\n<meta property=\"og:site_name\" content=\"ESTA - Vereinigte Staaten\" \/>\n<meta property=\"article:modified_time\" content=\"2025-09-13T12:02:43+00:00\" \/>\n<meta name=\"twitter:card\" content=\"summary_large_image\" \/>\n<meta name=\"twitter:label1\" content=\"Gesch\u00e4tzte Lesezeit\" \/>\n\t<meta name=\"twitter:data1\" content=\"4\u00a0Minuten\" \/>\n<script type=\"application\/ld+json\" class=\"yoast-schema-graph\">{\"@context\":\"https:\/\/schema.org\",\"@graph\":[{\"@type\":\"WebPage\",\"@id\":\"https:\/\/www.esta-officiel-usa.com\/de\/was-sind-die-guten-manieren-in-den-vereinigten-staaten\/\",\"url\":\"https:\/\/www.esta-officiel-usa.com\/de\/was-sind-die-guten-manieren-in-den-vereinigten-staaten\/\",\"name\":\"Was sind die guten Manieren in den Vereinigten Staaten?\",\"isPartOf\":{\"@id\":\"https:\/\/www.esta-officiel-usa.com\/de\/#website\"},\"datePublished\":\"2025-09-13T12:02:30+00:00\",\"dateModified\":\"2025-09-13T12:02:43+00:00\",\"description\":\"Das Datum Ihrer Abreise r\u00fcckt n\u00e4her, alles ist bereit, wir m\u00fcssen Sie nur noch \u00fcber die guten Manieren in den USA informieren und beraten.\",\"breadcrumb\":{\"@id\":\"https:\/\/www.esta-officiel-usa.com\/de\/was-sind-die-guten-manieren-in-den-vereinigten-staaten\/#breadcrumb\"},\"inLanguage\":\"de\",\"potentialAction\":[{\"@type\":\"ReadAction\",\"target\":[\"https:\/\/www.esta-officiel-usa.com\/de\/was-sind-die-guten-manieren-in-den-vereinigten-staaten\/\"]}]},{\"@type\":\"BreadcrumbList\",\"@id\":\"https:\/\/www.esta-officiel-usa.com\/de\/was-sind-die-guten-manieren-in-den-vereinigten-staaten\/#breadcrumb\",\"itemListElement\":[{\"@type\":\"ListItem\",\"position\":1,\"name\":\"Home\",\"item\":\"https:\/\/www.esta-officiel-usa.com\/de\/\"},{\"@type\":\"ListItem\",\"position\":2,\"name\":\"Was sind die guten Manieren in den Vereinigten Staaten?\"}]},{\"@type\":\"WebSite\",\"@id\":\"https:\/\/www.esta-officiel-usa.com\/de\/#website\",\"url\":\"https:\/\/www.esta-officiel-usa.com\/de\/\",\"name\":\"ESTA - Vereinigte Staaten\",\"description\":\"ESTA-Antragsformular\",\"potentialAction\":[{\"@type\":\"SearchAction\",\"target\":{\"@type\":\"EntryPoint\",\"urlTemplate\":\"https:\/\/www.esta-officiel-usa.com\/de\/?s={search_term_string}\"},\"query-input\":{\"@type\":\"PropertyValueSpecification\",\"valueRequired\":true,\"valueName\":\"search_term_string\"}}],\"inLanguage\":\"de\"}]}<\/script>\n<!-- \/ Yoast SEO plugin. -->","yoast_head_json":{"title":"Was sind die guten Manieren in den Vereinigten Staaten?","description":"Das Datum Ihrer Abreise r\u00fcckt n\u00e4her, alles ist bereit, wir m\u00fcssen Sie nur noch \u00fcber die guten Manieren in den USA informieren und beraten.","robots":{"index":"index","follow":"follow","max-snippet":"max-snippet:-1","max-image-preview":"max-image-preview:large","max-video-preview":"max-video-preview:-1"},"canonical":"https:\/\/www.esta-officiel-usa.com\/de\/was-sind-die-guten-manieren-in-den-vereinigten-staaten\/","og_locale":"de_DE","og_type":"article","og_title":"Was sind die guten Manieren in den Vereinigten Staaten?","og_description":"Das Datum Ihrer Abreise r\u00fcckt n\u00e4her, alles ist bereit, wir m\u00fcssen Sie nur noch \u00fcber die guten Manieren in den USA informieren und beraten.","og_url":"https:\/\/www.esta-officiel-usa.com\/de\/was-sind-die-guten-manieren-in-den-vereinigten-staaten\/","og_site_name":"ESTA - Vereinigte Staaten","article_modified_time":"2025-09-13T12:02:43+00:00","twitter_card":"summary_large_image","twitter_misc":{"Gesch\u00e4tzte Lesezeit":"4\u00a0Minuten"},"schema":{"@context":"https:\/\/schema.org","@graph":[{"@type":"WebPage","@id":"https:\/\/www.esta-officiel-usa.com\/de\/was-sind-die-guten-manieren-in-den-vereinigten-staaten\/","url":"https:\/\/www.esta-officiel-usa.com\/de\/was-sind-die-guten-manieren-in-den-vereinigten-staaten\/","name":"Was sind die guten Manieren in den Vereinigten Staaten?","isPartOf":{"@id":"https:\/\/www.esta-officiel-usa.com\/de\/#website"},"datePublished":"2025-09-13T12:02:30+00:00","dateModified":"2025-09-13T12:02:43+00:00","description":"Das Datum Ihrer Abreise r\u00fcckt n\u00e4her, alles ist bereit, wir m\u00fcssen Sie nur noch \u00fcber die guten Manieren in den USA informieren und beraten.","breadcrumb":{"@id":"https:\/\/www.esta-officiel-usa.com\/de\/was-sind-die-guten-manieren-in-den-vereinigten-staaten\/#breadcrumb"},"inLanguage":"de","potentialAction":[{"@type":"ReadAction","target":["https:\/\/www.esta-officiel-usa.com\/de\/was-sind-die-guten-manieren-in-den-vereinigten-staaten\/"]}]},{"@type":"BreadcrumbList","@id":"https:\/\/www.esta-officiel-usa.com\/de\/was-sind-die-guten-manieren-in-den-vereinigten-staaten\/#breadcrumb","itemListElement":[{"@type":"ListItem","position":1,"name":"Home","item":"https:\/\/www.esta-officiel-usa.com\/de\/"},{"@type":"ListItem","position":2,"name":"Was sind die guten Manieren in den Vereinigten Staaten?"}]},{"@type":"WebSite","@id":"https:\/\/www.esta-officiel-usa.com\/de\/#website","url":"https:\/\/www.esta-officiel-usa.com\/de\/","name":"ESTA - Vereinigte Staaten","description":"ESTA-Antragsformular","potentialAction":[{"@type":"SearchAction","target":{"@type":"EntryPoint","urlTemplate":"https:\/\/www.esta-officiel-usa.com\/de\/?s={search_term_string}"},"query-input":{"@type":"PropertyValueSpecification","valueRequired":true,"valueName":"search_term_string"}}],"inLanguage":"de"}]}},"_links":{"self":[{"href":"https:\/\/www.esta-officiel-usa.com\/de\/wp-json\/wp\/v2\/pages\/1287","targetHints":{"allow":["GET"]}}],"collection":[{"href":"https:\/\/www.esta-officiel-usa.com\/de\/wp-json\/wp\/v2\/pages"}],"about":[{"href":"https:\/\/www.esta-officiel-usa.com\/de\/wp-json\/wp\/v2\/types\/page"}],"author":[{"embeddable":true,"href":"https:\/\/www.esta-officiel-usa.com\/de\/wp-json\/wp\/v2\/users\/1"}],"replies":[{"embeddable":true,"href":"https:\/\/www.esta-officiel-usa.com\/de\/wp-json\/wp\/v2\/comments?post=1287"}],"version-history":[{"count":3,"href":"https:\/\/www.esta-officiel-usa.com\/de\/wp-json\/wp\/v2\/pages\/1287\/revisions"}],"predecessor-version":[{"id":1335,"href":"https:\/\/www.esta-officiel-usa.com\/de\/wp-json\/wp\/v2\/pages\/1287\/revisions\/1335"}],"wp:attachment":[{"href":"https:\/\/www.esta-officiel-usa.com\/de\/wp-json\/wp\/v2\/media?parent=1287"}],"curies":[{"name":"wp","href":"https:\/\/api.w.org\/{rel}","templated":true}]}}