{"id":1290,"date":"2025-09-13T12:02:31","date_gmt":"2025-09-13T12:02:31","guid":{"rendered":"https:\/\/www.esta-officiel-usa.com\/welche-laender-sind-partner-des-visa-waiver-program-vwp\/"},"modified":"2025-09-13T12:05:04","modified_gmt":"2025-09-13T12:05:04","slug":"welche-laender-sind-partner-des-visa-waiver-program-vwp","status":"publish","type":"page","link":"https:\/\/www.esta-officiel-usa.com\/de\/welche-laender-sind-partner-des-visa-waiver-program-vwp\/","title":{"rendered":"Welche L\u00e4nder sind Partner des Visa Waiver Program (VWP)?"},"content":{"rendered":"\n<h1 class=\"wp-block-heading\">DIE PARTNERL\u00c4NDER DES VWP-PROGRAMMS<\/h1>\n\n<p>Das Electronic System for Travel Authorization (ESTA) ist aus dem Programm f\u00fcr visumfreies Reisen mit den Partnerl\u00e4ndern in den USA hervorgegangen. In diesem Artikel erl\u00e4utern wir die Vorteile dieses Programms f\u00fcr berechtigte Reisende und die <a href=\"https:\/\/www.esta-officiel-usa.com\/de\/was-sind-die-einreiseformalitaeten-fuer-die-usa\/\">Einreiseformalit\u00e4ten f\u00fcr die<\/a> USA. <\/p>\n\n<h2 class=\"wp-block-heading\">WER KANN DAS VISA WAIVER PROGRAM IN ANSPRUCH NEHMEN?<\/h2>\n\n<p>Das Visa Waiver Program wird vom Department of Homeland Security<a href=\"https:\/\/www.esta-officiel-usa.com\/de\/department-of-homeland-security\/\">(DHS<\/a>) und dem Department of State<a href=\"https:\/\/www.esta-officiel-usa.com\/de\/was-ist-das-dos-department-of-state\/\">(DoS<\/a>) im Rahmen der Tourismus- und Einwanderungsbestimmungen der USA unterst\u00fctzt. Im Rahmen dieses Programms wurde die<a href=\"https:\/\/www.esta-officiel-usa.com\/de\/\">ESTA-Reisegenehmigung<\/a> eingef\u00fchrt. Damit k\u00f6nnen die B\u00fcrger der teilnehmenden L\u00e4nder f\u00fcr touristische oder gesch\u00e4ftliche Zwecke in die USA reisen, ohne ein herk\u00f6mmliches Visum zu ben\u00f6tigen. Im Gegenzug wenden die Partnerl\u00e4nder die gleichen Regeln f\u00fcr US-B\u00fcrger an.     <\/p>\n\n<p>Hier ist die Liste der L\u00e4nder, die am WVP teilnehmen:<\/p>\n\n<figure class=\"wp-block-table\"><table><tbody><tr><td>Deutschland<br\/>Andorra<br\/>Australien<br\/>\u00d6sterreich<br\/>Belgien<br\/>Brunei<br\/>Chile<br\/>S\u00fcdkorea<br\/>Kroatien<br\/>D\u00e4nemark<br\/>Spanien<br\/>Estland <br\/>Finnland<br\/><a href=\"https:\/\/www.esta-officiel-usa.com\/de\/esta-genehmigung-von-frankreich-aus\/\">Frankreich<\/a><\/td><td>Griechenland<br\/>Ungarn<br\/>Irland<br\/>Island<br\/>Israel<br\/>Italien<br\/>Japan<br\/>Niederlande<br\/>Lettland<br\/>Liechtenstein<br\/>Litauen<br\/>Luxemburg<br\/>Malta<\/td><td>Monaco<br\/>Norwegen<br\/>Neuseeland<br\/>Polen<br\/>Portugal<br\/>Tschechische Republik<br\/>Vereinigtes K\u00f6nigreich<br\/>San Marino<br\/>Singapur<br\/>Slowakei<br\/>Slowenien<br\/>Schweden<br\/>Schweiz<br\/>Taiwan<\/td><\/tr><\/tbody><\/table><\/figure>\n\n<p>Die Aufgaben von ESTA im Rahmen des Visa Waiver Program sind die folgenden:<\/p>\n\n<ol class=\"wp-block-list\">\n<li>Erh\u00f6hung der Sicherheit des US-Territoriums und der Flugh\u00e4fen\/H\u00e4fen durch eine erste \u00dcberpr\u00fcfung des Profils der Reisenden, bevor sie ein Flugzeug oder ein Schiff besteigen;<\/li>\n\n\n\n<li>Erleichterung des Zugangs f\u00fcr Reisende mit beispielhaftem Profil f\u00fcr touristische oder gesch\u00e4ftliche Zwecke ;<\/li>\n\n\n\n<li>Finanzierung von Projekten zur F\u00f6rderung des Tourismus in die Vereinigten Staaten durch die Bearbeitungsgeb\u00fchren, die bei jedem ESTA-Antrag erhoben werden.<\/li>\n<\/ol>\n\n<h2 class=\"wp-block-heading\">WAS SIND DIE VORTEILE DES VISA WAIVER PROGRAMMS?<\/h2>\n\n<p>Das Visa Waiver Program ist bei internationalen Reisenden und Regierungen, die ihren Tourismus ausbauen und gleichzeitig Handel und Gesch\u00e4fte erleichtern wollen, um ihre Wirtschaft zu f\u00f6rdern, sehr beliebt geworden. ESTA ist so effektiv, dass andere L\u00e4nder wie Kanada ein \u00e4hnliches System eingef\u00fchrt haben: <a href=\"https:\/\/www.esta-officiel-usa.com\/de\/die-reisegenehmigung-eta-canada\/\">ESTA Canada<\/a> Travel Authorization, dem bald auch Europa folgen wird (2025). <\/p>\n\n<p>Die ESTA-Reisegenehmigung erm\u00f6glicht :<\/p>\n\n<ul class=\"wp-block-list\">\n<li>in die USA zu reisen, ohne ein herk\u00f6mmliches Visum zu ben\u00f6tigen;<\/li>\n\n\n\n<li>Sie k\u00f6nnen viel Geld sparen, da die Bearbeitungsgeb\u00fchren viel niedriger sind als die des Visums;<\/li>\n\n\n\n<li>eine erhebliche Zeitersparnis dank eines papierlosen Verfahrens, das in wenigen Minuten erledigt werden kann, ohne die Botschaft aufsuchen zu m\u00fcssen;<\/li>\n\n\n\n<li>sich bis zu 90 aufeinander folgende Tage in den USA aufhalten zu k\u00f6nnen;<\/li>\n\n\n\n<li>Gesch\u00e4ftsaktivit\u00e4ten wie die Teilnahme an Sitzungen oder die Unterzeichnung von Vertr\u00e4gen mit Partnern durchf\u00fchren zu k\u00f6nnen;<\/li>\n\n\n\n<li>mehrere Reisen mit derselben Genehmigung zu unternehmen, da das ESTA zwei Jahre <a href=\"https:\/\/www.esta-officiel-usa.com\/de\/wie-lange-ist-esta-gueltig\/\">lang g\u00fcltig<\/a> ist.<\/li>\n<\/ul>\n\n<p>Wenn Sie Staatsangeh\u00f6riger eines der L\u00e4nder sind, die am Visa Waiver Program teilnehmen, herzlichen Gl\u00fcckwunsch! Sie k\u00f6nnen einen ESTA-Antrag stellen.<\/p>\n","protected":false},"excerpt":{"rendered":"<p>DIE PARTNERL\u00c4NDER DES VWP-PROGRAMMS Das Electronic System for Travel Authorization (ESTA) ist aus dem Programm f\u00fcr visumfreies Reisen mit den Partnerl\u00e4ndern in den USA hervorgegangen. In diesem Artikel erl\u00e4utern wir die Vorteile dieses Programms f\u00fcr berechtigte Reisende und die Einreiseformalit\u00e4ten f\u00fcr die USA. WER KANN DAS VISA WAIVER PROGRAM IN ANSPRUCH NEHMEN? Das Visa Waiver [&hellip;]<\/p>\n","protected":false},"author":1,"featured_media":0,"parent":0,"menu_order":0,"comment_status":"closed","ping_status":"closed","template":"","meta":{"footnotes":""},"class_list":["post-1290","page","type-page","status-publish","hentry"],"yoast_head":"<!-- This site is optimized with the Yoast SEO plugin v26.2 - https:\/\/yoast.com\/wordpress\/plugins\/seo\/ -->\n<title>Welche L\u00e4nder sind Partner des Visa Waiver Program (VWP)?<\/title>\n<meta name=\"description\" content=\"Das VWP wurde als Teil der Tourismus- und Einwanderungsbestimmungen in den USA eingef\u00fchrt.\" \/>\n<meta name=\"robots\" content=\"index, follow, max-snippet:-1, max-image-preview:large, max-video-preview:-1\" \/>\n<link rel=\"canonical\" href=\"https:\/\/www.esta-officiel-usa.com\/de\/welche-laender-sind-partner-des-visa-waiver-program-vwp\/\" \/>\n<meta property=\"og:locale\" content=\"de_DE\" \/>\n<meta property=\"og:type\" content=\"article\" \/>\n<meta property=\"og:title\" content=\"Welche L\u00e4nder sind Partner des Visa Waiver Program (VWP)?\" \/>\n<meta property=\"og:description\" content=\"Das VWP wurde als Teil der Tourismus- und Einwanderungsbestimmungen in den USA eingef\u00fchrt.\" \/>\n<meta property=\"og:url\" content=\"https:\/\/www.esta-officiel-usa.com\/de\/welche-laender-sind-partner-des-visa-waiver-program-vwp\/\" \/>\n<meta property=\"og:site_name\" content=\"ESTA - Vereinigte Staaten\" \/>\n<meta property=\"article:modified_time\" content=\"2025-09-13T12:05:04+00:00\" \/>\n<meta name=\"twitter:card\" content=\"summary_large_image\" \/>\n<meta name=\"twitter:label1\" content=\"Gesch\u00e4tzte Lesezeit\" \/>\n\t<meta name=\"twitter:data1\" content=\"2\u00a0Minuten\" \/>\n<script type=\"application\/ld+json\" class=\"yoast-schema-graph\">{\"@context\":\"https:\/\/schema.org\",\"@graph\":[{\"@type\":\"WebPage\",\"@id\":\"https:\/\/www.esta-officiel-usa.com\/de\/welche-laender-sind-partner-des-visa-waiver-program-vwp\/\",\"url\":\"https:\/\/www.esta-officiel-usa.com\/de\/welche-laender-sind-partner-des-visa-waiver-program-vwp\/\",\"name\":\"Welche L\u00e4nder sind Partner des Visa Waiver Program (VWP)?\",\"isPartOf\":{\"@id\":\"https:\/\/www.esta-officiel-usa.com\/de\/#website\"},\"datePublished\":\"2025-09-13T12:02:31+00:00\",\"dateModified\":\"2025-09-13T12:05:04+00:00\",\"description\":\"Das VWP wurde als Teil der Tourismus- und Einwanderungsbestimmungen in den USA eingef\u00fchrt.\",\"breadcrumb\":{\"@id\":\"https:\/\/www.esta-officiel-usa.com\/de\/welche-laender-sind-partner-des-visa-waiver-program-vwp\/#breadcrumb\"},\"inLanguage\":\"de\",\"potentialAction\":[{\"@type\":\"ReadAction\",\"target\":[\"https:\/\/www.esta-officiel-usa.com\/de\/welche-laender-sind-partner-des-visa-waiver-program-vwp\/\"]}]},{\"@type\":\"BreadcrumbList\",\"@id\":\"https:\/\/www.esta-officiel-usa.com\/de\/welche-laender-sind-partner-des-visa-waiver-program-vwp\/#breadcrumb\",\"itemListElement\":[{\"@type\":\"ListItem\",\"position\":1,\"name\":\"Home\",\"item\":\"https:\/\/www.esta-officiel-usa.com\/de\/\"},{\"@type\":\"ListItem\",\"position\":2,\"name\":\"Welche L\u00e4nder sind Partner des Visa Waiver Program (VWP)?\"}]},{\"@type\":\"WebSite\",\"@id\":\"https:\/\/www.esta-officiel-usa.com\/de\/#website\",\"url\":\"https:\/\/www.esta-officiel-usa.com\/de\/\",\"name\":\"ESTA - Vereinigte Staaten\",\"description\":\"ESTA-Antragsformular\",\"potentialAction\":[{\"@type\":\"SearchAction\",\"target\":{\"@type\":\"EntryPoint\",\"urlTemplate\":\"https:\/\/www.esta-officiel-usa.com\/de\/?s={search_term_string}\"},\"query-input\":{\"@type\":\"PropertyValueSpecification\",\"valueRequired\":true,\"valueName\":\"search_term_string\"}}],\"inLanguage\":\"de\"}]}<\/script>\n<!-- \/ Yoast SEO plugin. -->","yoast_head_json":{"title":"Welche L\u00e4nder sind Partner des Visa Waiver Program (VWP)?","description":"Das VWP wurde als Teil der Tourismus- und Einwanderungsbestimmungen in den USA eingef\u00fchrt.","robots":{"index":"index","follow":"follow","max-snippet":"max-snippet:-1","max-image-preview":"max-image-preview:large","max-video-preview":"max-video-preview:-1"},"canonical":"https:\/\/www.esta-officiel-usa.com\/de\/welche-laender-sind-partner-des-visa-waiver-program-vwp\/","og_locale":"de_DE","og_type":"article","og_title":"Welche L\u00e4nder sind Partner des Visa Waiver Program (VWP)?","og_description":"Das VWP wurde als Teil der Tourismus- und Einwanderungsbestimmungen in den USA eingef\u00fchrt.","og_url":"https:\/\/www.esta-officiel-usa.com\/de\/welche-laender-sind-partner-des-visa-waiver-program-vwp\/","og_site_name":"ESTA - Vereinigte Staaten","article_modified_time":"2025-09-13T12:05:04+00:00","twitter_card":"summary_large_image","twitter_misc":{"Gesch\u00e4tzte Lesezeit":"2\u00a0Minuten"},"schema":{"@context":"https:\/\/schema.org","@graph":[{"@type":"WebPage","@id":"https:\/\/www.esta-officiel-usa.com\/de\/welche-laender-sind-partner-des-visa-waiver-program-vwp\/","url":"https:\/\/www.esta-officiel-usa.com\/de\/welche-laender-sind-partner-des-visa-waiver-program-vwp\/","name":"Welche L\u00e4nder sind Partner des Visa Waiver Program (VWP)?","isPartOf":{"@id":"https:\/\/www.esta-officiel-usa.com\/de\/#website"},"datePublished":"2025-09-13T12:02:31+00:00","dateModified":"2025-09-13T12:05:04+00:00","description":"Das VWP wurde als Teil der Tourismus- und Einwanderungsbestimmungen in den USA eingef\u00fchrt.","breadcrumb":{"@id":"https:\/\/www.esta-officiel-usa.com\/de\/welche-laender-sind-partner-des-visa-waiver-program-vwp\/#breadcrumb"},"inLanguage":"de","potentialAction":[{"@type":"ReadAction","target":["https:\/\/www.esta-officiel-usa.com\/de\/welche-laender-sind-partner-des-visa-waiver-program-vwp\/"]}]},{"@type":"BreadcrumbList","@id":"https:\/\/www.esta-officiel-usa.com\/de\/welche-laender-sind-partner-des-visa-waiver-program-vwp\/#breadcrumb","itemListElement":[{"@type":"ListItem","position":1,"name":"Home","item":"https:\/\/www.esta-officiel-usa.com\/de\/"},{"@type":"ListItem","position":2,"name":"Welche L\u00e4nder sind Partner des Visa Waiver Program (VWP)?"}]},{"@type":"WebSite","@id":"https:\/\/www.esta-officiel-usa.com\/de\/#website","url":"https:\/\/www.esta-officiel-usa.com\/de\/","name":"ESTA - Vereinigte Staaten","description":"ESTA-Antragsformular","potentialAction":[{"@type":"SearchAction","target":{"@type":"EntryPoint","urlTemplate":"https:\/\/www.esta-officiel-usa.com\/de\/?s={search_term_string}"},"query-input":{"@type":"PropertyValueSpecification","valueRequired":true,"valueName":"search_term_string"}}],"inLanguage":"de"}]}},"_links":{"self":[{"href":"https:\/\/www.esta-officiel-usa.com\/de\/wp-json\/wp\/v2\/pages\/1290","targetHints":{"allow":["GET"]}}],"collection":[{"href":"https:\/\/www.esta-officiel-usa.com\/de\/wp-json\/wp\/v2\/pages"}],"about":[{"href":"https:\/\/www.esta-officiel-usa.com\/de\/wp-json\/wp\/v2\/types\/page"}],"author":[{"embeddable":true,"href":"https:\/\/www.esta-officiel-usa.com\/de\/wp-json\/wp\/v2\/users\/1"}],"replies":[{"embeddable":true,"href":"https:\/\/www.esta-officiel-usa.com\/de\/wp-json\/wp\/v2\/comments?post=1290"}],"version-history":[{"count":5,"href":"https:\/\/www.esta-officiel-usa.com\/de\/wp-json\/wp\/v2\/pages\/1290\/revisions"}],"predecessor-version":[{"id":1692,"href":"https:\/\/www.esta-officiel-usa.com\/de\/wp-json\/wp\/v2\/pages\/1290\/revisions\/1692"}],"wp:attachment":[{"href":"https:\/\/www.esta-officiel-usa.com\/de\/wp-json\/wp\/v2\/media?parent=1290"}],"curies":[{"name":"wp","href":"https:\/\/api.w.org\/{rel}","templated":true}]}}