{"id":1293,"date":"2025-09-13T12:02:31","date_gmt":"2025-09-13T12:02:31","guid":{"rendered":"https:\/\/www.esta-officiel-usa.com\/etias-europe-inspiriert-von-esta-in-den-usa\/"},"modified":"2025-09-13T12:02:37","modified_gmt":"2025-09-13T12:02:37","slug":"etias-europe-inspiriert-von-esta-in-den-usa","status":"publish","type":"page","link":"https:\/\/www.esta-officiel-usa.com\/de\/etias-europe-inspiriert-von-esta-in-den-usa\/","title":{"rendered":"ETIAS Europe, inspiriert von ESTA in den USA"},"content":{"rendered":"\n<h1 class=\"wp-block-heading\">ETIAS: DIE ZUKUNFT VON ESTA IN EUROPA?<\/h1>\n\n<p>ETIAS ist eine Reisegenehmigung, die 2020 eingef\u00fchrt werden soll. Dieses Dokument, das von der franz\u00f6sischen und der deutschen Regierung seit mehreren Jahren gew\u00fcnscht wird, basiert auf dem amerikanischen<a href=\"https:\/\/www.esta-officiel-usa.com\/de\/\">ESTA<\/a> (das auch von Kanada \u00fcbernommen wurde). ETIAS soll die Sicherheit des europ\u00e4ischen Territoriums erh\u00f6hen, indem die Identit\u00e4t der Reisenden bereits vor dem Einsteigen in das Flugzeug \u00fcberpr\u00fcft wird.  <\/p>\n\n<h2 class=\"wp-block-heading\">WOZU DIENT ETIAS?<\/h2>\n\n<p>Nach den Terroranschl\u00e4gen, die Europa in den letzten Jahren heimgesucht haben, zwang ein Gef\u00fchl der Unsicherheit die Abgeordneten des Ausschusses f\u00fcr b\u00fcrgerliche Freiheiten des Europ\u00e4ischen Parlaments, neue Sicherheitsprotokolle zu erstellen. Die Europ\u00e4ische Union wandte sich dem amerikanischen Sicherheitssystem ESTA (Electronic System for Travel Authorization) zu:   <\/p>\n\n<ul class=\"wp-block-list\"><li>Verpflichtung f\u00fcr Reisende, einen <a href=\"https:\/\/www.esta-officiel-usa.com\/fr\/remplir-le-questionnaire-est-en-francais\/\">Fragebogen<\/a> unter Verwendung der Informationen aus ihrem Reisepass auszuf\u00fcllen;<\/li><li>Der Antrag wird automatisch online bearbeitet und richtet sich nach den Bestimmungen des jeweiligen Einreiselandes;<\/li><li>Eine Reisegenehmigung, die mehrere Jahre g\u00fcltig ist;<\/li><li>Erm\u00f6glicht Aufenthalte von bis zu 90 aufeinanderfolgenden Tagen;<\/li><li>Erlaubt dem Inhaber, touristische oder gesch\u00e4ftliche Aufenthalte zu unternehmen oder einfach nur durchzureisen.<\/li><\/ul>\n\n<p>ESTA USA wurde 2009 eingef\u00fchrt und hat sich als unvergleichlich effektiv erwiesen: Die Genehmigung erleichtert Millionen von Besuchern den Zugang zu den USA und erm\u00f6glicht es den <a href=\"https:\/\/www.esta-officiel-usa.com\/fr\/passer-les-controles-des-douanes-americaines\/\">Zollbeamten<\/a>, eine Vorauswahl unter den Reisenden zu treffen. Die Bearbeitungsgeb\u00fchr dient auch zur Finanzierung der Bearbeitungsdienste und der Werbung f\u00fcr den Tourismus in den USA. ESTA ist ein Modell, das sowohl den Reisenden als auch der US-Regierung zugute kommt und im Wesentlichen wird dieses Modell auch auf ETIAS angewendet.  <\/p>\n\n<h2 class=\"wp-block-heading\">F\u00dcR WEN IST ETIAS GEEIGNET?<\/h2>\n\n<p>Die Beantragung eines ETIAS wird f\u00fcr die B\u00fcrger aller L\u00e4nder, die derzeit bereits von der Visumspflicht befreit sind, obligatorisch sein. Es ist m\u00f6glich, dass zwischen dem Zeitpunkt, an dem Sie diesen Artikel lesen, und 2020 neue L\u00e4nder in das Programm aufgenommen werden. <\/p>\n\n<p>Derzeit sind die folgenden L\u00e4nder am ETIAS-Programm beteiligt:<br\/><br\/>Albanien, Andorra, Antigua und Barbuda, Argentinien, Australien, Bahamas, Barbados, Bosnien und Herzegowina, Brasilien, Brunei, Kanada, Chile, Kolumbien, Costa Rica, Dominica, El Salvador, Grenada, Guatemala, Honduras, Hongkong, Israel, Japan, Kiribati, S\u00fcdkorea, Macao, Mazedonien, Malaysia, Marshallinseln, Mauritius, Mexiko, Mikronesien, Moldawien, Montenegro, Neuseeland, Nicaragua, Palau, Panama, Paraguay, Peru, St. Kitts und Nevis, St. Lucia, St. Vincent und die Grenadinen, Samoa, Serbien, Seychellen, Singapur, Salomon-Inseln, Taiwan, Osttimor, Tonga, Trinidad und Tobago, Tuvalu, England, Uruguay, Vanuatu, Venezuela.<\/p>\n\n<p>Personen, die im Besitz einer ETIAS-Reisegenehmigung sind, k\u00f6nnen sich dann in den folgenden L\u00e4ndern frei bewegen:<\/p>\n\n<p>Belgien, D\u00e4nemark, Deutschland, Estland, Finnland, Frankreich, Griechenland, Island, Italien, Lettland, Liechtenstein, Litauen, Luxemburg, Malta, Niederlande, Norwegen, \u00d6sterreich, Polen, Portugal, Schweden, Schweiz, Slowakei, Slowenien, Spanien, Tschechische Republik, Ungarn.<\/p>\n","protected":false},"excerpt":{"rendered":"<p>ETIAS: DIE ZUKUNFT VON ESTA IN EUROPA? ETIAS ist eine Reisegenehmigung, die 2020 eingef\u00fchrt werden soll. Dieses Dokument, das von der franz\u00f6sischen und der deutschen Regierung seit mehreren Jahren gew\u00fcnscht wird, basiert auf dem amerikanischenESTA (das auch von Kanada \u00fcbernommen wurde). ETIAS soll die Sicherheit des europ\u00e4ischen Territoriums erh\u00f6hen, indem die Identit\u00e4t der Reisenden bereits [&hellip;]<\/p>\n","protected":false},"author":1,"featured_media":0,"parent":0,"menu_order":0,"comment_status":"closed","ping_status":"closed","template":"","meta":{"footnotes":""},"class_list":["post-1293","page","type-page","status-publish","hentry"],"yoast_head":"<!-- This site is optimized with the Yoast SEO plugin v26.2 - https:\/\/yoast.com\/wordpress\/plugins\/seo\/ -->\n<title>ETIAS Europe, inspiriert von ESTA in den USA<\/title>\n<meta name=\"description\" content=\"ETIAS ist eine Reisegenehmigung, die 2020 eingef\u00fchrt werden soll. Unsere Teams erkl\u00e4ren Ihnen, was es damit auf sich hat.\" \/>\n<meta name=\"robots\" content=\"index, follow, max-snippet:-1, max-image-preview:large, max-video-preview:-1\" \/>\n<link rel=\"canonical\" href=\"https:\/\/www.esta-officiel-usa.com\/de\/etias-europe-inspiriert-von-esta-in-den-usa\/\" \/>\n<meta property=\"og:locale\" content=\"de_DE\" \/>\n<meta property=\"og:type\" content=\"article\" \/>\n<meta property=\"og:title\" content=\"ETIAS Europe, inspiriert von ESTA in den USA\" \/>\n<meta property=\"og:description\" content=\"ETIAS ist eine Reisegenehmigung, die 2020 eingef\u00fchrt werden soll. Unsere Teams erkl\u00e4ren Ihnen, was es damit auf sich hat.\" \/>\n<meta property=\"og:url\" content=\"https:\/\/www.esta-officiel-usa.com\/de\/etias-europe-inspiriert-von-esta-in-den-usa\/\" \/>\n<meta property=\"og:site_name\" content=\"ESTA - Vereinigte Staaten\" \/>\n<meta property=\"article:modified_time\" content=\"2025-09-13T12:02:37+00:00\" \/>\n<meta name=\"twitter:card\" content=\"summary_large_image\" \/>\n<meta name=\"twitter:label1\" content=\"Gesch\u00e4tzte Lesezeit\" \/>\n\t<meta name=\"twitter:data1\" content=\"2\u00a0Minuten\" \/>\n<script type=\"application\/ld+json\" class=\"yoast-schema-graph\">{\"@context\":\"https:\/\/schema.org\",\"@graph\":[{\"@type\":\"WebPage\",\"@id\":\"https:\/\/www.esta-officiel-usa.com\/de\/etias-europe-inspiriert-von-esta-in-den-usa\/\",\"url\":\"https:\/\/www.esta-officiel-usa.com\/de\/etias-europe-inspiriert-von-esta-in-den-usa\/\",\"name\":\"ETIAS Europe, inspiriert von ESTA in den USA\",\"isPartOf\":{\"@id\":\"https:\/\/www.esta-officiel-usa.com\/de\/#website\"},\"datePublished\":\"2025-09-13T12:02:31+00:00\",\"dateModified\":\"2025-09-13T12:02:37+00:00\",\"description\":\"ETIAS ist eine Reisegenehmigung, die 2020 eingef\u00fchrt werden soll. Unsere Teams erkl\u00e4ren Ihnen, was es damit auf sich hat.\",\"breadcrumb\":{\"@id\":\"https:\/\/www.esta-officiel-usa.com\/de\/etias-europe-inspiriert-von-esta-in-den-usa\/#breadcrumb\"},\"inLanguage\":\"de\",\"potentialAction\":[{\"@type\":\"ReadAction\",\"target\":[\"https:\/\/www.esta-officiel-usa.com\/de\/etias-europe-inspiriert-von-esta-in-den-usa\/\"]}]},{\"@type\":\"BreadcrumbList\",\"@id\":\"https:\/\/www.esta-officiel-usa.com\/de\/etias-europe-inspiriert-von-esta-in-den-usa\/#breadcrumb\",\"itemListElement\":[{\"@type\":\"ListItem\",\"position\":1,\"name\":\"Home\",\"item\":\"https:\/\/www.esta-officiel-usa.com\/de\/\"},{\"@type\":\"ListItem\",\"position\":2,\"name\":\"ETIAS Europe, inspiriert von ESTA in den USA\"}]},{\"@type\":\"WebSite\",\"@id\":\"https:\/\/www.esta-officiel-usa.com\/de\/#website\",\"url\":\"https:\/\/www.esta-officiel-usa.com\/de\/\",\"name\":\"ESTA - Vereinigte Staaten\",\"description\":\"ESTA-Antragsformular\",\"potentialAction\":[{\"@type\":\"SearchAction\",\"target\":{\"@type\":\"EntryPoint\",\"urlTemplate\":\"https:\/\/www.esta-officiel-usa.com\/de\/?s={search_term_string}\"},\"query-input\":{\"@type\":\"PropertyValueSpecification\",\"valueRequired\":true,\"valueName\":\"search_term_string\"}}],\"inLanguage\":\"de\"}]}<\/script>\n<!-- \/ Yoast SEO plugin. -->","yoast_head_json":{"title":"ETIAS Europe, inspiriert von ESTA in den USA","description":"ETIAS ist eine Reisegenehmigung, die 2020 eingef\u00fchrt werden soll. Unsere Teams erkl\u00e4ren Ihnen, was es damit auf sich hat.","robots":{"index":"index","follow":"follow","max-snippet":"max-snippet:-1","max-image-preview":"max-image-preview:large","max-video-preview":"max-video-preview:-1"},"canonical":"https:\/\/www.esta-officiel-usa.com\/de\/etias-europe-inspiriert-von-esta-in-den-usa\/","og_locale":"de_DE","og_type":"article","og_title":"ETIAS Europe, inspiriert von ESTA in den USA","og_description":"ETIAS ist eine Reisegenehmigung, die 2020 eingef\u00fchrt werden soll. Unsere Teams erkl\u00e4ren Ihnen, was es damit auf sich hat.","og_url":"https:\/\/www.esta-officiel-usa.com\/de\/etias-europe-inspiriert-von-esta-in-den-usa\/","og_site_name":"ESTA - Vereinigte Staaten","article_modified_time":"2025-09-13T12:02:37+00:00","twitter_card":"summary_large_image","twitter_misc":{"Gesch\u00e4tzte Lesezeit":"2\u00a0Minuten"},"schema":{"@context":"https:\/\/schema.org","@graph":[{"@type":"WebPage","@id":"https:\/\/www.esta-officiel-usa.com\/de\/etias-europe-inspiriert-von-esta-in-den-usa\/","url":"https:\/\/www.esta-officiel-usa.com\/de\/etias-europe-inspiriert-von-esta-in-den-usa\/","name":"ETIAS Europe, inspiriert von ESTA in den USA","isPartOf":{"@id":"https:\/\/www.esta-officiel-usa.com\/de\/#website"},"datePublished":"2025-09-13T12:02:31+00:00","dateModified":"2025-09-13T12:02:37+00:00","description":"ETIAS ist eine Reisegenehmigung, die 2020 eingef\u00fchrt werden soll. Unsere Teams erkl\u00e4ren Ihnen, was es damit auf sich hat.","breadcrumb":{"@id":"https:\/\/www.esta-officiel-usa.com\/de\/etias-europe-inspiriert-von-esta-in-den-usa\/#breadcrumb"},"inLanguage":"de","potentialAction":[{"@type":"ReadAction","target":["https:\/\/www.esta-officiel-usa.com\/de\/etias-europe-inspiriert-von-esta-in-den-usa\/"]}]},{"@type":"BreadcrumbList","@id":"https:\/\/www.esta-officiel-usa.com\/de\/etias-europe-inspiriert-von-esta-in-den-usa\/#breadcrumb","itemListElement":[{"@type":"ListItem","position":1,"name":"Home","item":"https:\/\/www.esta-officiel-usa.com\/de\/"},{"@type":"ListItem","position":2,"name":"ETIAS Europe, inspiriert von ESTA in den USA"}]},{"@type":"WebSite","@id":"https:\/\/www.esta-officiel-usa.com\/de\/#website","url":"https:\/\/www.esta-officiel-usa.com\/de\/","name":"ESTA - Vereinigte Staaten","description":"ESTA-Antragsformular","potentialAction":[{"@type":"SearchAction","target":{"@type":"EntryPoint","urlTemplate":"https:\/\/www.esta-officiel-usa.com\/de\/?s={search_term_string}"},"query-input":{"@type":"PropertyValueSpecification","valueRequired":true,"valueName":"search_term_string"}}],"inLanguage":"de"}]}},"_links":{"self":[{"href":"https:\/\/www.esta-officiel-usa.com\/de\/wp-json\/wp\/v2\/pages\/1293","targetHints":{"allow":["GET"]}}],"collection":[{"href":"https:\/\/www.esta-officiel-usa.com\/de\/wp-json\/wp\/v2\/pages"}],"about":[{"href":"https:\/\/www.esta-officiel-usa.com\/de\/wp-json\/wp\/v2\/types\/page"}],"author":[{"embeddable":true,"href":"https:\/\/www.esta-officiel-usa.com\/de\/wp-json\/wp\/v2\/users\/1"}],"replies":[{"embeddable":true,"href":"https:\/\/www.esta-officiel-usa.com\/de\/wp-json\/wp\/v2\/comments?post=1293"}],"version-history":[{"count":1,"href":"https:\/\/www.esta-officiel-usa.com\/de\/wp-json\/wp\/v2\/pages\/1293\/revisions"}],"predecessor-version":[{"id":1295,"href":"https:\/\/www.esta-officiel-usa.com\/de\/wp-json\/wp\/v2\/pages\/1293\/revisions\/1295"}],"wp:attachment":[{"href":"https:\/\/www.esta-officiel-usa.com\/de\/wp-json\/wp\/v2\/media?parent=1293"}],"curies":[{"name":"wp","href":"https:\/\/api.w.org\/{rel}","templated":true}]}}