{"id":1306,"date":"2025-09-13T12:02:34","date_gmt":"2025-09-13T12:02:34","guid":{"rendered":"https:\/\/www.esta-officiel-usa.com\/welche-gruende-fuehren-zu-einer-ablehnung-des-esta-antrags\/"},"modified":"2025-09-13T12:02:35","modified_gmt":"2025-09-13T12:02:35","slug":"welche-gruende-fuehren-zu-einer-ablehnung-des-esta-antrags","status":"publish","type":"page","link":"https:\/\/www.esta-officiel-usa.com\/de\/welche-gruende-fuehren-zu-einer-ablehnung-des-esta-antrags\/","title":{"rendered":"Welche Gr\u00fcnde f\u00fchren zu einer Ablehnung des ESTA-Antrags?"},"content":{"rendered":"\n<h1 class=\"wp-block-heading\">DIE GR\u00dcNDE F\u00dcR EINE ABLEHNUNG VON ESTA<\/h1>\n\n<p>Wenn Sie aus pers\u00f6nlichen oder beruflichen Gr\u00fcnden f\u00fcr weniger als 90 Tage in die USA reisen m\u00f6chten, werden Sie wahrscheinlich einen<a href=\"https:\/\/www.esta-officiel-usa.com\/de\/\">ESTA-Antrag<\/a> stellen, es sei denn, Sie sind kein Staatsangeh\u00f6riger eines der 38 L\u00e4nder, die am <a href=\"https:\/\/www.esta-officiel-usa.com\/fr\/a-propos-du-visa-waiver-program\/\">Visa Waiver Program<\/a> teilnehmen. Den Statistiken zufolge besteht praktisch kein Risiko, dass Ihr Antrag abgelehnt wird. Es ist jedoch nicht v\u00f6llig unm\u00f6glich, wenn bestimmte Gr\u00fcnde f\u00fcr die US-Beh\u00f6rden belastend genug sind.  <br\/> <\/p>\n\n<h2 class=\"wp-block-heading\">EINE ABLEHNUNG, WENN DIE ESTA-KRITERIEN NICHT ERF\u00dcLLT SIND<\/h2>\n\n<p>ESTA ist eine Genehmigung, die jeder Staatsangeh\u00f6rige eines Landes, das am Programm f\u00fcr visumfreies Reisen (Visa Waiver Program) teilnimmt, einholen muss, wenn er durch die USA reist oder eine touristische oder gesch\u00e4ftliche Reise von bis zu 90 aufeinander folgenden Tagen unternimmt. Gleichzeitig muss der Reisepass w\u00e4hrend der gesamten Dauer des Aufenthalts g\u00fcltig sein. Der ESTA-Antrag ist einfach und schnell: Er wird online \u00fcber ein mehrstufiges Formular gestellt, das Fragen zu Ihrer Identit\u00e4t, dem Grund Ihrer Reise, Ihren Vorstrafen usw. enth\u00e4lt.  <br\/> <\/p>\n\n<p>Wenn eines der oben genannten Kriterien nicht erf\u00fcllt ist, wird das ESTA automatisch abgelehnt:<\/p>\n\n<ul class=\"wp-block-list\"><li>Wenn Sie aus einem Land kommen, in dem ein Visum erforderlich ist, versuchen Sie gar nicht erst, die Genehmigung zu erhalten, da Sie automatisch einen negativen Bescheid erhalten werden;<\/li><li>Wenn Ihre Reise 6 Monate oder 1 Jahr dauert oder Sie sich dauerhaft in den USA niederlassen wollen, sollten Sie sich f\u00fcr andere Dokumente entscheiden: Visum oder <a href=\"https:\/\/www.esta-officiel-usa.com\/fr\/obtenir-une-green-card-par-un-mariage\/\">Green Card<\/a>;<\/li><li>Sie beabsichtigen zu arbeiten, <a href=\"https:\/\/www.esta-officiel-usa.com\/de\/wie-man-an-einer-amerikanischen-universitaet-studiert\/\">zu studieren<\/a> oder ein Praktikum zu absolvieren, auch wenn Sie weniger als 90 Tage bleiben wollen? Dann verschwenden Sie nicht Ihre Zeit mit dem <a href=\"https:\/\/www.esta-officiel-usa.com\/fr\/le-formulaire-esta-pour-les-usa-a-completer\/\">Ausf\u00fcllen des ESTA-Formulars<\/a>, denn dieses ist nicht f\u00fcr Sie gedacht; <\/li><li>Andererseits wird Ihnen keine Aufenthaltsgenehmigung f\u00fcr die Vereinigten Staaten erteilt, wenn Sie Doppelstaatler sind und eine Ihrer Staatsangeh\u00f6rigkeiten iranisch, irakisch, syrisch oder sudanesisch ist.<\/li><\/ul>\n\n<p>Abgesehen von den grundlegenden ESTA-Kriterien kann eine subjektivere Ablehnung aufgrund Ihrer Antworten erfolgen, wenn diese ein<a href=\"https:\/\/www.esta-officiel-usa.com\/de\/sicherheitsmassnahmen-fuer-die-einreise-in-die-usa\/\"> Sicherheitsproblem<\/a> darstellen. Das <a href=\"https:\/\/www.esta-officiel-usa.com\/fr\/le-departement-de-la-securite-interieure-americain\/\">DHS (Department of Homeland Security) der USA<\/a> ist manchmal der Ansicht, dass Ihre Vorstrafen, Ihr Gesundheitszustand oder Ihre Absichten eine Gefahr f\u00fcr das Land darstellen. In diesem Fall wird Ihnen kein ESTA ausgestellt. F\u00fcr weitere Informationen \u00fcber die Ablehnungsgr\u00fcnde wenden Sie sich nicht an die Botschaften oder Konsulate; diese haben weder Zugang noch das Recht, Ihnen die Gr\u00fcnde f\u00fcr die Ablehnung zu erl\u00e4utern. Stellen Sie einen Antrag \u00fcber die Website des DHS Travel Redress Inquiry Program (TRIP).    <br\/> <\/p>\n\n<h2 class=\"wp-block-heading\">WAS IST ZU TUN, WENN DER ESTA AUS DIESEN GR\u00dcNDEN ABGELEHNT WIRD?<\/h2>\n\n<p>Wenn Sie eine Ablehnung erhalten haben (Sie m\u00fcssen den Status Ihres Antrags mit Ihrer ESTA-Antragsnummer im Internet abfragen), k\u00f6nnen Sie auf eine positive Antwort hoffen, indem Sie Ihren Antrag wiederholen, wenn Sie einen Tippfehler in Ihrem Fragebogen festgestellt haben. Sie m\u00fcssen dann jedoch erneut den ESTA-Zahlungsschritt durchlaufen. <\/p>\n\n<p>Um solche unvorhergesehenen Unannehmlichkeiten zu vermeiden, vertrauen Sie unseren Experten, die Ihre Daten \u00fcberpr\u00fcfen, um Sie vor Fehlern zu bewahren, die Ihre Abreise in die USA verz\u00f6gern k\u00f6nnten. Unsere Plattform esta-officiel-usa.com bietet zu diesem Zweck einen Helpdesk an. Wenn Sie Fragen haben, sind unsere Berater online erreichbar, um Ihnen das Verfahren zu erleichtern.  <\/p>\n\n<p>Wenn es keine Versehen gab oder Sie eine zweite Ablehnung erhalten, k\u00f6nnen Sie Ihren Aufenthalt \u00fcber ESTA USA abschreiben. Eine andere M\u00f6glichkeit ist, ein Visum zu beantragen, auch wenn dieses Verfahren l\u00e4nger dauert und teurer ist. <\/p>\n","protected":false},"excerpt":{"rendered":"<p>DIE GR\u00dcNDE F\u00dcR EINE ABLEHNUNG VON ESTA Wenn Sie aus pers\u00f6nlichen oder beruflichen Gr\u00fcnden f\u00fcr weniger als 90 Tage in die USA reisen m\u00f6chten, werden Sie wahrscheinlich einenESTA-Antrag stellen, es sei denn, Sie sind kein Staatsangeh\u00f6riger eines der 38 L\u00e4nder, die am Visa Waiver Program teilnehmen. Den Statistiken zufolge besteht praktisch kein Risiko, dass Ihr [&hellip;]<\/p>\n","protected":false},"author":1,"featured_media":0,"parent":0,"menu_order":0,"comment_status":"closed","ping_status":"closed","template":"","meta":{"footnotes":""},"class_list":["post-1306","page","type-page","status-publish","hentry"],"yoast_head":"<!-- This site is optimized with the Yoast SEO plugin v26.2 - https:\/\/yoast.com\/wordpress\/plugins\/seo\/ -->\n<title>Welche Gr\u00fcnde f\u00fchren zu einer Ablehnung des ESTA-Antrags?<\/title>\n<meta name=\"description\" content=\"Wenn Sie Staatsangeh\u00f6riger eines der 38 VWP-L\u00e4nder sind, ist die Wahrscheinlichkeit, dass Ihr ESTA abgelehnt wird, gering.\" \/>\n<meta name=\"robots\" content=\"index, follow, max-snippet:-1, max-image-preview:large, max-video-preview:-1\" \/>\n<link rel=\"canonical\" href=\"https:\/\/www.esta-officiel-usa.com\/de\/welche-gruende-fuehren-zu-einer-ablehnung-des-esta-antrags\/\" \/>\n<meta property=\"og:locale\" content=\"de_DE\" \/>\n<meta property=\"og:type\" content=\"article\" \/>\n<meta property=\"og:title\" content=\"Welche Gr\u00fcnde f\u00fchren zu einer Ablehnung des ESTA-Antrags?\" \/>\n<meta property=\"og:description\" content=\"Wenn Sie Staatsangeh\u00f6riger eines der 38 VWP-L\u00e4nder sind, ist die Wahrscheinlichkeit, dass Ihr ESTA abgelehnt wird, gering.\" \/>\n<meta property=\"og:url\" content=\"https:\/\/www.esta-officiel-usa.com\/de\/welche-gruende-fuehren-zu-einer-ablehnung-des-esta-antrags\/\" \/>\n<meta property=\"og:site_name\" content=\"ESTA - Vereinigte Staaten\" \/>\n<meta property=\"article:modified_time\" content=\"2025-09-13T12:02:35+00:00\" \/>\n<meta name=\"twitter:card\" content=\"summary_large_image\" \/>\n<meta name=\"twitter:label1\" content=\"Gesch\u00e4tzte Lesezeit\" \/>\n\t<meta name=\"twitter:data1\" content=\"3\u00a0Minuten\" \/>\n<script type=\"application\/ld+json\" class=\"yoast-schema-graph\">{\"@context\":\"https:\/\/schema.org\",\"@graph\":[{\"@type\":\"WebPage\",\"@id\":\"https:\/\/www.esta-officiel-usa.com\/de\/welche-gruende-fuehren-zu-einer-ablehnung-des-esta-antrags\/\",\"url\":\"https:\/\/www.esta-officiel-usa.com\/de\/welche-gruende-fuehren-zu-einer-ablehnung-des-esta-antrags\/\",\"name\":\"Welche Gr\u00fcnde f\u00fchren zu einer Ablehnung des ESTA-Antrags?\",\"isPartOf\":{\"@id\":\"https:\/\/www.esta-officiel-usa.com\/de\/#website\"},\"datePublished\":\"2025-09-13T12:02:34+00:00\",\"dateModified\":\"2025-09-13T12:02:35+00:00\",\"description\":\"Wenn Sie Staatsangeh\u00f6riger eines der 38 VWP-L\u00e4nder sind, ist die Wahrscheinlichkeit, dass Ihr ESTA abgelehnt wird, gering.\",\"breadcrumb\":{\"@id\":\"https:\/\/www.esta-officiel-usa.com\/de\/welche-gruende-fuehren-zu-einer-ablehnung-des-esta-antrags\/#breadcrumb\"},\"inLanguage\":\"de\",\"potentialAction\":[{\"@type\":\"ReadAction\",\"target\":[\"https:\/\/www.esta-officiel-usa.com\/de\/welche-gruende-fuehren-zu-einer-ablehnung-des-esta-antrags\/\"]}]},{\"@type\":\"BreadcrumbList\",\"@id\":\"https:\/\/www.esta-officiel-usa.com\/de\/welche-gruende-fuehren-zu-einer-ablehnung-des-esta-antrags\/#breadcrumb\",\"itemListElement\":[{\"@type\":\"ListItem\",\"position\":1,\"name\":\"Home\",\"item\":\"https:\/\/www.esta-officiel-usa.com\/de\/\"},{\"@type\":\"ListItem\",\"position\":2,\"name\":\"Welche Gr\u00fcnde f\u00fchren zu einer Ablehnung des ESTA-Antrags?\"}]},{\"@type\":\"WebSite\",\"@id\":\"https:\/\/www.esta-officiel-usa.com\/de\/#website\",\"url\":\"https:\/\/www.esta-officiel-usa.com\/de\/\",\"name\":\"ESTA - Vereinigte Staaten\",\"description\":\"ESTA-Antragsformular\",\"potentialAction\":[{\"@type\":\"SearchAction\",\"target\":{\"@type\":\"EntryPoint\",\"urlTemplate\":\"https:\/\/www.esta-officiel-usa.com\/de\/?s={search_term_string}\"},\"query-input\":{\"@type\":\"PropertyValueSpecification\",\"valueRequired\":true,\"valueName\":\"search_term_string\"}}],\"inLanguage\":\"de\"}]}<\/script>\n<!-- \/ Yoast SEO plugin. -->","yoast_head_json":{"title":"Welche Gr\u00fcnde f\u00fchren zu einer Ablehnung des ESTA-Antrags?","description":"Wenn Sie Staatsangeh\u00f6riger eines der 38 VWP-L\u00e4nder sind, ist die Wahrscheinlichkeit, dass Ihr ESTA abgelehnt wird, gering.","robots":{"index":"index","follow":"follow","max-snippet":"max-snippet:-1","max-image-preview":"max-image-preview:large","max-video-preview":"max-video-preview:-1"},"canonical":"https:\/\/www.esta-officiel-usa.com\/de\/welche-gruende-fuehren-zu-einer-ablehnung-des-esta-antrags\/","og_locale":"de_DE","og_type":"article","og_title":"Welche Gr\u00fcnde f\u00fchren zu einer Ablehnung des ESTA-Antrags?","og_description":"Wenn Sie Staatsangeh\u00f6riger eines der 38 VWP-L\u00e4nder sind, ist die Wahrscheinlichkeit, dass Ihr ESTA abgelehnt wird, gering.","og_url":"https:\/\/www.esta-officiel-usa.com\/de\/welche-gruende-fuehren-zu-einer-ablehnung-des-esta-antrags\/","og_site_name":"ESTA - Vereinigte Staaten","article_modified_time":"2025-09-13T12:02:35+00:00","twitter_card":"summary_large_image","twitter_misc":{"Gesch\u00e4tzte Lesezeit":"3\u00a0Minuten"},"schema":{"@context":"https:\/\/schema.org","@graph":[{"@type":"WebPage","@id":"https:\/\/www.esta-officiel-usa.com\/de\/welche-gruende-fuehren-zu-einer-ablehnung-des-esta-antrags\/","url":"https:\/\/www.esta-officiel-usa.com\/de\/welche-gruende-fuehren-zu-einer-ablehnung-des-esta-antrags\/","name":"Welche Gr\u00fcnde f\u00fchren zu einer Ablehnung des ESTA-Antrags?","isPartOf":{"@id":"https:\/\/www.esta-officiel-usa.com\/de\/#website"},"datePublished":"2025-09-13T12:02:34+00:00","dateModified":"2025-09-13T12:02:35+00:00","description":"Wenn Sie Staatsangeh\u00f6riger eines der 38 VWP-L\u00e4nder sind, ist die Wahrscheinlichkeit, dass Ihr ESTA abgelehnt wird, gering.","breadcrumb":{"@id":"https:\/\/www.esta-officiel-usa.com\/de\/welche-gruende-fuehren-zu-einer-ablehnung-des-esta-antrags\/#breadcrumb"},"inLanguage":"de","potentialAction":[{"@type":"ReadAction","target":["https:\/\/www.esta-officiel-usa.com\/de\/welche-gruende-fuehren-zu-einer-ablehnung-des-esta-antrags\/"]}]},{"@type":"BreadcrumbList","@id":"https:\/\/www.esta-officiel-usa.com\/de\/welche-gruende-fuehren-zu-einer-ablehnung-des-esta-antrags\/#breadcrumb","itemListElement":[{"@type":"ListItem","position":1,"name":"Home","item":"https:\/\/www.esta-officiel-usa.com\/de\/"},{"@type":"ListItem","position":2,"name":"Welche Gr\u00fcnde f\u00fchren zu einer Ablehnung des ESTA-Antrags?"}]},{"@type":"WebSite","@id":"https:\/\/www.esta-officiel-usa.com\/de\/#website","url":"https:\/\/www.esta-officiel-usa.com\/de\/","name":"ESTA - Vereinigte Staaten","description":"ESTA-Antragsformular","potentialAction":[{"@type":"SearchAction","target":{"@type":"EntryPoint","urlTemplate":"https:\/\/www.esta-officiel-usa.com\/de\/?s={search_term_string}"},"query-input":{"@type":"PropertyValueSpecification","valueRequired":true,"valueName":"search_term_string"}}],"inLanguage":"de"}]}},"_links":{"self":[{"href":"https:\/\/www.esta-officiel-usa.com\/de\/wp-json\/wp\/v2\/pages\/1306","targetHints":{"allow":["GET"]}}],"collection":[{"href":"https:\/\/www.esta-officiel-usa.com\/de\/wp-json\/wp\/v2\/pages"}],"about":[{"href":"https:\/\/www.esta-officiel-usa.com\/de\/wp-json\/wp\/v2\/types\/page"}],"author":[{"embeddable":true,"href":"https:\/\/www.esta-officiel-usa.com\/de\/wp-json\/wp\/v2\/users\/1"}],"replies":[{"embeddable":true,"href":"https:\/\/www.esta-officiel-usa.com\/de\/wp-json\/wp\/v2\/comments?post=1306"}],"version-history":[{"count":1,"href":"https:\/\/www.esta-officiel-usa.com\/de\/wp-json\/wp\/v2\/pages\/1306\/revisions"}],"predecessor-version":[{"id":1310,"href":"https:\/\/www.esta-officiel-usa.com\/de\/wp-json\/wp\/v2\/pages\/1306\/revisions\/1310"}],"wp:attachment":[{"href":"https:\/\/www.esta-officiel-usa.com\/de\/wp-json\/wp\/v2\/media?parent=1306"}],"curies":[{"name":"wp","href":"https:\/\/api.w.org\/{rel}","templated":true}]}}