{"id":1307,"date":"2025-09-13T12:02:34","date_gmt":"2025-09-13T12:02:34","guid":{"rendered":"https:\/\/www.esta-officiel-usa.com\/beantragung-einer-esta-genehmigung-fuer-minderjaehrige\/"},"modified":"2025-09-13T12:02:37","modified_gmt":"2025-09-13T12:02:37","slug":"beantragung-einer-esta-genehmigung-fuer-minderjaehrige","status":"publish","type":"page","link":"https:\/\/www.esta-officiel-usa.com\/de\/beantragung-einer-esta-genehmigung-fuer-minderjaehrige\/","title":{"rendered":"Beantragung einer ESTA-Genehmigung f\u00fcr Minderj\u00e4hrige"},"content":{"rendered":"\n<h1 class=\"wp-block-heading\">ANTRAG AUF EIN ESTA F\u00dcR EINEN MINDERJ\u00c4HRIGEN<\/h1>\n\n<p>Sie m\u00f6chten mit Ihrem minderj\u00e4hrigen Kind in die USA reisen? Gute Wahl des Reiseziels! In den USA gibt es ein breites Angebot an Aktivit\u00e4ten f\u00fcr Familien (Vergn\u00fcgungsparks, Museen aller Art, Traumstr\u00e4nde, Nationalparks&#8230;) Damit Ihre Reise ein voller Erfolg wird, informiert Sie esta-officiel-usa.com \u00fcber die erforderliche Aufenthaltsgenehmigung.  <\/p>\n\n<h2 class=\"wp-block-heading\">IST ESTA MINOR RENTABEL?<\/h2>\n\n<p>Das ESTA ist eine Reisegenehmigung, die es jedes Jahr Millionen von Reisenden erm\u00f6glicht, in die USA zu reisen.<\/p>\n\n<p>Das ESTA wurde eingef\u00fchrt, um die Einreise in die USA zu vereinfachen, ohne jedoch den Sicherheitsaspekt zu vernachl\u00e4ssigen. Aus diesem Grund unterliegt der Erhalt des ESTA <a href=\"https:\/\/www.esta-officiel-usa.com\/de\/welche-regeln-gelten-fuer-den-erhalt-von-esta\/\">bestimmten Regeln<\/a>. Alle Antragsteller, ob minderj\u00e4hrig oder vollj\u00e4hrig, m\u00fcssen :  <\/p>\n\n<ul class=\"wp-block-list\">\n<li>einen obligatorischen Fragebogen ausf\u00fcllen, um sicherzustellen, dass der Antragsteller kein Profil aufweist, das eine Bedrohung f\u00fcr die innere Sicherheit der Vereinigten Staaten darstellen k\u00f6nnte;<\/li>\n\n\n\n<li>aus einem der Teilnehmerl\u00e4nder des <a href=\"https:\/\/www.esta-officiel-usa.com\/fr\/a-propos-du-visa-waiver-program\/\">Visa Waiver Program<\/a> (VWP) stammen;<\/li>\n\n\n\n<li>im Besitz eines elektronischen oder biometrischen Reisepasses sein;<\/li>\n\n\n\n<li>\u00fcber ein Flugticket oder ein Schiffsticket f\u00fcr Hin- und R\u00fcckflug oder Weiterflug verf\u00fcgen, das von einer von den USA anerkannten Fluggesellschaft betrieben wird;<\/li>\n\n\n\n<li>sich h\u00f6chstens 90 aufeinanderfolgende Tage in den USA aufhalten;<\/li>\n\n\n\n<li>aus touristischen oder gesch\u00e4ftlichen Gr\u00fcnden in die Vereinigten Staaten reisen.<\/li>\n<\/ul>\n\n<p>ESTA, ob f\u00fcr eine minderj\u00e4hrige oder vollj\u00e4hrige Person, bietet mehrere Vorteile. Es erspart Ihnen den langwierigen und teuren Visumsantrag. <\/p>\n\n<p>Das ESTA ist zwei Jahre g\u00fcltig und stellt eine kosteng\u00fcnstige L\u00f6sung dar. Die Inhaber k\u00f6nnen in diesem Zeitraum mehrmals reisen, ohne dass sie erneut die Kosten f\u00fcr die Bearbeitung des Antrags tragen m\u00fcssen. <\/p>\n\n<p>Wenn Sie jedoch nach Erhalt des Dokuments feststellen, dass einige Daten falsch sind oder nicht mehr der Realit\u00e4t entsprechen, m\u00fcssen Sie einen neuen Antrag auf ESTA-Genehmigung f\u00fcr Ihr minderj\u00e4hriges Kind stellen.<\/p>\n\n<p>In diesem Fall ist das Verfahren das gleiche wie bei der Erstanmeldung.<\/p>\n\n<h2 class=\"wp-block-heading\">DAS ESTA-FORMULAR F\u00dcR MINDERJ\u00c4HRIGE ERHALTEN<\/h2>\n\n<p>Ob Sie einen ESTA f\u00fcr Minderj\u00e4hrige oder Vollj\u00e4hrige beantragen m\u00f6chten, die Vorgehensweise ist die gleiche. Das Dokument kann nur online beantragt werden. <\/p>\n","protected":false},"excerpt":{"rendered":"<p>ANTRAG AUF EIN ESTA F\u00dcR EINEN MINDERJ\u00c4HRIGEN Sie m\u00f6chten mit Ihrem minderj\u00e4hrigen Kind in die USA reisen? Gute Wahl des Reiseziels! In den USA gibt es ein breites Angebot an Aktivit\u00e4ten f\u00fcr Familien (Vergn\u00fcgungsparks, Museen aller Art, Traumstr\u00e4nde, Nationalparks&#8230;) Damit Ihre Reise ein voller Erfolg wird, informiert Sie esta-officiel-usa.com \u00fcber die erforderliche Aufenthaltsgenehmigung. IST ESTA [&hellip;]<\/p>\n","protected":false},"author":1,"featured_media":0,"parent":0,"menu_order":0,"comment_status":"closed","ping_status":"closed","template":"","meta":{"footnotes":""},"class_list":["post-1307","page","type-page","status-publish","hentry"],"yoast_head":"<!-- This site is optimized with the Yoast SEO plugin v26.2 - https:\/\/yoast.com\/wordpress\/plugins\/seo\/ -->\n<title>Beantragung einer ESTA-Genehmigung f\u00fcr Minderj\u00e4hrige<\/title>\n<meta name=\"description\" content=\"Wie Sie einen ESTA-Antrag f\u00fcr einen Minderj\u00e4hrigen erhalten, keine Sorge, die Vorgehensweise ist die gleiche wie bei einer vollj\u00e4hrigen Person.\" \/>\n<meta name=\"robots\" content=\"index, follow, max-snippet:-1, max-image-preview:large, max-video-preview:-1\" \/>\n<link rel=\"canonical\" href=\"https:\/\/www.esta-officiel-usa.com\/de\/beantragung-einer-esta-genehmigung-fuer-minderjaehrige\/\" \/>\n<meta property=\"og:locale\" content=\"de_DE\" \/>\n<meta property=\"og:type\" content=\"article\" \/>\n<meta property=\"og:title\" content=\"Beantragung einer ESTA-Genehmigung f\u00fcr Minderj\u00e4hrige\" \/>\n<meta property=\"og:description\" content=\"Wie Sie einen ESTA-Antrag f\u00fcr einen Minderj\u00e4hrigen erhalten, keine Sorge, die Vorgehensweise ist die gleiche wie bei einer vollj\u00e4hrigen Person.\" \/>\n<meta property=\"og:url\" content=\"https:\/\/www.esta-officiel-usa.com\/de\/beantragung-einer-esta-genehmigung-fuer-minderjaehrige\/\" \/>\n<meta property=\"og:site_name\" content=\"ESTA - Vereinigte Staaten\" \/>\n<meta property=\"article:modified_time\" content=\"2025-09-13T12:02:37+00:00\" \/>\n<meta name=\"twitter:card\" content=\"summary_large_image\" \/>\n<meta name=\"twitter:label1\" content=\"Gesch\u00e4tzte Lesezeit\" \/>\n\t<meta name=\"twitter:data1\" content=\"2\u00a0Minuten\" \/>\n<script type=\"application\/ld+json\" class=\"yoast-schema-graph\">{\"@context\":\"https:\/\/schema.org\",\"@graph\":[{\"@type\":\"WebPage\",\"@id\":\"https:\/\/www.esta-officiel-usa.com\/de\/beantragung-einer-esta-genehmigung-fuer-minderjaehrige\/\",\"url\":\"https:\/\/www.esta-officiel-usa.com\/de\/beantragung-einer-esta-genehmigung-fuer-minderjaehrige\/\",\"name\":\"Beantragung einer ESTA-Genehmigung f\u00fcr Minderj\u00e4hrige\",\"isPartOf\":{\"@id\":\"https:\/\/www.esta-officiel-usa.com\/de\/#website\"},\"datePublished\":\"2025-09-13T12:02:34+00:00\",\"dateModified\":\"2025-09-13T12:02:37+00:00\",\"description\":\"Wie Sie einen ESTA-Antrag f\u00fcr einen Minderj\u00e4hrigen erhalten, keine Sorge, die Vorgehensweise ist die gleiche wie bei einer vollj\u00e4hrigen Person.\",\"breadcrumb\":{\"@id\":\"https:\/\/www.esta-officiel-usa.com\/de\/beantragung-einer-esta-genehmigung-fuer-minderjaehrige\/#breadcrumb\"},\"inLanguage\":\"de\",\"potentialAction\":[{\"@type\":\"ReadAction\",\"target\":[\"https:\/\/www.esta-officiel-usa.com\/de\/beantragung-einer-esta-genehmigung-fuer-minderjaehrige\/\"]}]},{\"@type\":\"BreadcrumbList\",\"@id\":\"https:\/\/www.esta-officiel-usa.com\/de\/beantragung-einer-esta-genehmigung-fuer-minderjaehrige\/#breadcrumb\",\"itemListElement\":[{\"@type\":\"ListItem\",\"position\":1,\"name\":\"Home\",\"item\":\"https:\/\/www.esta-officiel-usa.com\/de\/\"},{\"@type\":\"ListItem\",\"position\":2,\"name\":\"Beantragung einer ESTA-Genehmigung f\u00fcr Minderj\u00e4hrige\"}]},{\"@type\":\"WebSite\",\"@id\":\"https:\/\/www.esta-officiel-usa.com\/de\/#website\",\"url\":\"https:\/\/www.esta-officiel-usa.com\/de\/\",\"name\":\"ESTA - Vereinigte Staaten\",\"description\":\"ESTA-Antragsformular\",\"potentialAction\":[{\"@type\":\"SearchAction\",\"target\":{\"@type\":\"EntryPoint\",\"urlTemplate\":\"https:\/\/www.esta-officiel-usa.com\/de\/?s={search_term_string}\"},\"query-input\":{\"@type\":\"PropertyValueSpecification\",\"valueRequired\":true,\"valueName\":\"search_term_string\"}}],\"inLanguage\":\"de\"}]}<\/script>\n<!-- \/ Yoast SEO plugin. -->","yoast_head_json":{"title":"Beantragung einer ESTA-Genehmigung f\u00fcr Minderj\u00e4hrige","description":"Wie Sie einen ESTA-Antrag f\u00fcr einen Minderj\u00e4hrigen erhalten, keine Sorge, die Vorgehensweise ist die gleiche wie bei einer vollj\u00e4hrigen Person.","robots":{"index":"index","follow":"follow","max-snippet":"max-snippet:-1","max-image-preview":"max-image-preview:large","max-video-preview":"max-video-preview:-1"},"canonical":"https:\/\/www.esta-officiel-usa.com\/de\/beantragung-einer-esta-genehmigung-fuer-minderjaehrige\/","og_locale":"de_DE","og_type":"article","og_title":"Beantragung einer ESTA-Genehmigung f\u00fcr Minderj\u00e4hrige","og_description":"Wie Sie einen ESTA-Antrag f\u00fcr einen Minderj\u00e4hrigen erhalten, keine Sorge, die Vorgehensweise ist die gleiche wie bei einer vollj\u00e4hrigen Person.","og_url":"https:\/\/www.esta-officiel-usa.com\/de\/beantragung-einer-esta-genehmigung-fuer-minderjaehrige\/","og_site_name":"ESTA - Vereinigte Staaten","article_modified_time":"2025-09-13T12:02:37+00:00","twitter_card":"summary_large_image","twitter_misc":{"Gesch\u00e4tzte Lesezeit":"2\u00a0Minuten"},"schema":{"@context":"https:\/\/schema.org","@graph":[{"@type":"WebPage","@id":"https:\/\/www.esta-officiel-usa.com\/de\/beantragung-einer-esta-genehmigung-fuer-minderjaehrige\/","url":"https:\/\/www.esta-officiel-usa.com\/de\/beantragung-einer-esta-genehmigung-fuer-minderjaehrige\/","name":"Beantragung einer ESTA-Genehmigung f\u00fcr Minderj\u00e4hrige","isPartOf":{"@id":"https:\/\/www.esta-officiel-usa.com\/de\/#website"},"datePublished":"2025-09-13T12:02:34+00:00","dateModified":"2025-09-13T12:02:37+00:00","description":"Wie Sie einen ESTA-Antrag f\u00fcr einen Minderj\u00e4hrigen erhalten, keine Sorge, die Vorgehensweise ist die gleiche wie bei einer vollj\u00e4hrigen Person.","breadcrumb":{"@id":"https:\/\/www.esta-officiel-usa.com\/de\/beantragung-einer-esta-genehmigung-fuer-minderjaehrige\/#breadcrumb"},"inLanguage":"de","potentialAction":[{"@type":"ReadAction","target":["https:\/\/www.esta-officiel-usa.com\/de\/beantragung-einer-esta-genehmigung-fuer-minderjaehrige\/"]}]},{"@type":"BreadcrumbList","@id":"https:\/\/www.esta-officiel-usa.com\/de\/beantragung-einer-esta-genehmigung-fuer-minderjaehrige\/#breadcrumb","itemListElement":[{"@type":"ListItem","position":1,"name":"Home","item":"https:\/\/www.esta-officiel-usa.com\/de\/"},{"@type":"ListItem","position":2,"name":"Beantragung einer ESTA-Genehmigung f\u00fcr Minderj\u00e4hrige"}]},{"@type":"WebSite","@id":"https:\/\/www.esta-officiel-usa.com\/de\/#website","url":"https:\/\/www.esta-officiel-usa.com\/de\/","name":"ESTA - Vereinigte Staaten","description":"ESTA-Antragsformular","potentialAction":[{"@type":"SearchAction","target":{"@type":"EntryPoint","urlTemplate":"https:\/\/www.esta-officiel-usa.com\/de\/?s={search_term_string}"},"query-input":{"@type":"PropertyValueSpecification","valueRequired":true,"valueName":"search_term_string"}}],"inLanguage":"de"}]}},"_links":{"self":[{"href":"https:\/\/www.esta-officiel-usa.com\/de\/wp-json\/wp\/v2\/pages\/1307","targetHints":{"allow":["GET"]}}],"collection":[{"href":"https:\/\/www.esta-officiel-usa.com\/de\/wp-json\/wp\/v2\/pages"}],"about":[{"href":"https:\/\/www.esta-officiel-usa.com\/de\/wp-json\/wp\/v2\/types\/page"}],"author":[{"embeddable":true,"href":"https:\/\/www.esta-officiel-usa.com\/de\/wp-json\/wp\/v2\/users\/1"}],"replies":[{"embeddable":true,"href":"https:\/\/www.esta-officiel-usa.com\/de\/wp-json\/wp\/v2\/comments?post=1307"}],"version-history":[{"count":1,"href":"https:\/\/www.esta-officiel-usa.com\/de\/wp-json\/wp\/v2\/pages\/1307\/revisions"}],"predecessor-version":[{"id":1308,"href":"https:\/\/www.esta-officiel-usa.com\/de\/wp-json\/wp\/v2\/pages\/1307\/revisions\/1308"}],"wp:attachment":[{"href":"https:\/\/www.esta-officiel-usa.com\/de\/wp-json\/wp\/v2\/media?parent=1307"}],"curies":[{"name":"wp","href":"https:\/\/api.w.org\/{rel}","templated":true}]}}