{"id":1309,"date":"2025-09-13T12:02:34","date_gmt":"2025-09-13T12:02:34","guid":{"rendered":"https:\/\/www.esta-officiel-usa.com\/alle-fragen-die-zum-esta-formular-gestellt-werden\/"},"modified":"2025-09-13T12:02:35","modified_gmt":"2025-09-13T12:02:35","slug":"alle-fragen-die-zum-esta-formular-gestellt-werden","status":"publish","type":"page","link":"https:\/\/www.esta-officiel-usa.com\/de\/alle-fragen-die-zum-esta-formular-gestellt-werden\/","title":{"rendered":"Alle Fragen, die zum ESTA-Formular gestellt werden"},"content":{"rendered":"\n<h1 class=\"wp-block-heading\">DIE FRAGEN DES ESTA-FORMULARS<\/h1>\n\n<p>Geh\u00f6ren Sie zu den Gl\u00fccklichen, die bereit sind, in die USA zu fliegen? Unser Team unterst\u00fctzt Sie bei Ihrem Vorhaben. Unsere Experten informieren Sie \u00fcber die Fragen, die im <a href=\"https:\/\/www.esta-officiel-usa.com\/de\/\">ESTA USA-Formular<\/a> enthalten sind.  <\/p>\n\n<h2 class=\"wp-block-heading\">DIE FRAGEN, DIE F\u00dcR DEN ESTA GESTELLT WURDEN<\/h2>\n\n<p>Wenn Sie einen ESTA-Antrag stellen, gelangen Sie zu einem Fragebogen mit mehreren Fragen, die in Rubriken unterteilt sind.<\/p>\n\n<ul class=\"wp-block-list\"><li>Die erste betrifft die Informationen \u00fcber den Reisenden und seinen Reisepass. Sie m\u00fcssen Ihren Vor- und Nachnamen, Ihr Geschlecht, Ihr Geburtsdatum und den Ort, Ihre Passdaten, Ihren Familienstand, Ihre E-Mail-Adresse, die Vor- und Nachnamen Ihrer Eltern und Einzelheiten zu Ihrer Besch\u00e4ftigung angeben. <\/li><li>Der zweite Teil betrifft Ihren Aufenthalt in den <strong>USA<\/strong>: Grund f\u00fcr den Aufenthalt (Sie k\u00f6nnen jedoch auch <a href=\"https:\/\/www.esta-officiel-usa.com\/fr\/demander-un-esta-sans-projet-precis\/\">ohne konkrete Pl\u00e4ne einen ESTA-Antrag<\/a> stellen), vollst\u00e4ndige Adresse vor Ort und Kontakt f\u00fcr Notf\u00e4lle.<\/li><li>Schlie\u00dflich wird eine Liste von Fragen angezeigt, die mit &#8222;Ja&#8220; oder &#8222;Nein&#8220; beantwortet werden m\u00fcssen. Die Fragen beziehen sich auf Ihre Gesundheit und Ihr Verhalten (Vorstrafen, Verh\u00e4ltnis zum US-Recht). <\/li><\/ul>\n\n<p>Seien Sie bei der Beantwortung Ihrer Fragen vorsichtig. Die US-Beh\u00f6rden sind sehr auf die Aufrechterhaltung ihrer inneren Sicherheit bedacht und filtern die Einreise in das Land. Der kleinste Fehler im Formular kann zur Ablehnung Ihres Antrags f\u00fchren.  <\/p>\n\n<p>Nachdem Sie alle Fragen beantwortet haben, m\u00fcssen Sie Ihren ESTA-Antrag best\u00e4tigen, indem Sie das letzte K\u00e4stchen ankreuzen. Damit best\u00e4tigen Sie, dass Sie das Formular gelesen und verstanden haben und erkl\u00e4ren offiziell, dass Sie auf das Recht verzichten, die Entscheidung des Einwanderungsbeamten bei Ihrer Ankunft in den USA anzufechten. Ein best\u00e4tigter Antrag f\u00fchrt zu einer Genehmigung, einem <a href=\"https:\/\/www.esta-officiel-usa.com\/de\/antrag-auf-esta-genehmigung-anhaengig\/\">Aufschub<\/a> oder einer Ablehnung.    <\/p>\n\n<h2 class=\"wp-block-heading\">DIE FRAGEN DES FORMULARS KORREKT BEANTWORTEN<\/h2>\n\n<p>Um das Risiko von Fehlern bei den ESTA-Fragen zu verringern, empfehlen wir Ihnen, w\u00e4hrend des gesamten Prozesses aufmerksam zu sein. \u00dcberpr\u00fcfen Sie Ihre Antworten nacheinander, bevor Sie Ihren Antrag bei der<a href=\"https:\/\/www.esta-officiel-usa.com\/de\/was-ist-die-esta-genehmigung\/\">ESTA-Beh\u00f6rde<\/a> einreichen. <\/p>\n\n<p>Sie erhalten Ihr ESTA schnell. Normalerweise noch am selben Tag, aber sp\u00e4testens innerhalb von 72 Stunden. <br\/><\/p>\n","protected":false},"excerpt":{"rendered":"<p>DIE FRAGEN DES ESTA-FORMULARS Geh\u00f6ren Sie zu den Gl\u00fccklichen, die bereit sind, in die USA zu fliegen? Unser Team unterst\u00fctzt Sie bei Ihrem Vorhaben. Unsere Experten informieren Sie \u00fcber die Fragen, die im ESTA USA-Formular enthalten sind. DIE FRAGEN, DIE F\u00dcR DEN ESTA GESTELLT WURDEN Wenn Sie einen ESTA-Antrag stellen, gelangen Sie zu einem Fragebogen [&hellip;]<\/p>\n","protected":false},"author":1,"featured_media":0,"parent":0,"menu_order":0,"comment_status":"closed","ping_status":"closed","template":"","meta":{"footnotes":""},"class_list":["post-1309","page","type-page","status-publish","hentry"],"yoast_head":"<!-- This site is optimized with the Yoast SEO plugin v26.2 - https:\/\/yoast.com\/wordpress\/plugins\/seo\/ -->\n<title>Alle Fragen, die zum ESTA-Formular gestellt werden<\/title>\n<meta name=\"description\" content=\"Sie reisen demn\u00e4chst in die USA und m\u00fcssen sich um Ihre ESTA-Genehmigung k\u00fcmmern. Wir informieren Sie \u00fcber die Fragen, die auf dem Formular gestellt werden.\" \/>\n<meta name=\"robots\" content=\"index, follow, max-snippet:-1, max-image-preview:large, max-video-preview:-1\" \/>\n<link rel=\"canonical\" href=\"https:\/\/www.esta-officiel-usa.com\/de\/alle-fragen-die-zum-esta-formular-gestellt-werden\/\" \/>\n<meta property=\"og:locale\" content=\"de_DE\" \/>\n<meta property=\"og:type\" content=\"article\" \/>\n<meta property=\"og:title\" content=\"Alle Fragen, die zum ESTA-Formular gestellt werden\" \/>\n<meta property=\"og:description\" content=\"Sie reisen demn\u00e4chst in die USA und m\u00fcssen sich um Ihre ESTA-Genehmigung k\u00fcmmern. Wir informieren Sie \u00fcber die Fragen, die auf dem Formular gestellt werden.\" \/>\n<meta property=\"og:url\" content=\"https:\/\/www.esta-officiel-usa.com\/de\/alle-fragen-die-zum-esta-formular-gestellt-werden\/\" \/>\n<meta property=\"og:site_name\" content=\"ESTA - Vereinigte Staaten\" \/>\n<meta property=\"article:modified_time\" content=\"2025-09-13T12:02:35+00:00\" \/>\n<meta name=\"twitter:card\" content=\"summary_large_image\" \/>\n<meta name=\"twitter:label1\" content=\"Gesch\u00e4tzte Lesezeit\" \/>\n\t<meta name=\"twitter:data1\" content=\"2\u00a0Minuten\" \/>\n<script type=\"application\/ld+json\" class=\"yoast-schema-graph\">{\"@context\":\"https:\/\/schema.org\",\"@graph\":[{\"@type\":\"WebPage\",\"@id\":\"https:\/\/www.esta-officiel-usa.com\/de\/alle-fragen-die-zum-esta-formular-gestellt-werden\/\",\"url\":\"https:\/\/www.esta-officiel-usa.com\/de\/alle-fragen-die-zum-esta-formular-gestellt-werden\/\",\"name\":\"Alle Fragen, die zum ESTA-Formular gestellt werden\",\"isPartOf\":{\"@id\":\"https:\/\/www.esta-officiel-usa.com\/de\/#website\"},\"datePublished\":\"2025-09-13T12:02:34+00:00\",\"dateModified\":\"2025-09-13T12:02:35+00:00\",\"description\":\"Sie reisen demn\u00e4chst in die USA und m\u00fcssen sich um Ihre ESTA-Genehmigung k\u00fcmmern. Wir informieren Sie \u00fcber die Fragen, die auf dem Formular gestellt werden.\",\"breadcrumb\":{\"@id\":\"https:\/\/www.esta-officiel-usa.com\/de\/alle-fragen-die-zum-esta-formular-gestellt-werden\/#breadcrumb\"},\"inLanguage\":\"de\",\"potentialAction\":[{\"@type\":\"ReadAction\",\"target\":[\"https:\/\/www.esta-officiel-usa.com\/de\/alle-fragen-die-zum-esta-formular-gestellt-werden\/\"]}]},{\"@type\":\"BreadcrumbList\",\"@id\":\"https:\/\/www.esta-officiel-usa.com\/de\/alle-fragen-die-zum-esta-formular-gestellt-werden\/#breadcrumb\",\"itemListElement\":[{\"@type\":\"ListItem\",\"position\":1,\"name\":\"Home\",\"item\":\"https:\/\/www.esta-officiel-usa.com\/de\/\"},{\"@type\":\"ListItem\",\"position\":2,\"name\":\"Alle Fragen, die zum ESTA-Formular gestellt werden\"}]},{\"@type\":\"WebSite\",\"@id\":\"https:\/\/www.esta-officiel-usa.com\/de\/#website\",\"url\":\"https:\/\/www.esta-officiel-usa.com\/de\/\",\"name\":\"ESTA - Vereinigte Staaten\",\"description\":\"ESTA-Antragsformular\",\"potentialAction\":[{\"@type\":\"SearchAction\",\"target\":{\"@type\":\"EntryPoint\",\"urlTemplate\":\"https:\/\/www.esta-officiel-usa.com\/de\/?s={search_term_string}\"},\"query-input\":{\"@type\":\"PropertyValueSpecification\",\"valueRequired\":true,\"valueName\":\"search_term_string\"}}],\"inLanguage\":\"de\"}]}<\/script>\n<!-- \/ Yoast SEO plugin. -->","yoast_head_json":{"title":"Alle Fragen, die zum ESTA-Formular gestellt werden","description":"Sie reisen demn\u00e4chst in die USA und m\u00fcssen sich um Ihre ESTA-Genehmigung k\u00fcmmern. Wir informieren Sie \u00fcber die Fragen, die auf dem Formular gestellt werden.","robots":{"index":"index","follow":"follow","max-snippet":"max-snippet:-1","max-image-preview":"max-image-preview:large","max-video-preview":"max-video-preview:-1"},"canonical":"https:\/\/www.esta-officiel-usa.com\/de\/alle-fragen-die-zum-esta-formular-gestellt-werden\/","og_locale":"de_DE","og_type":"article","og_title":"Alle Fragen, die zum ESTA-Formular gestellt werden","og_description":"Sie reisen demn\u00e4chst in die USA und m\u00fcssen sich um Ihre ESTA-Genehmigung k\u00fcmmern. Wir informieren Sie \u00fcber die Fragen, die auf dem Formular gestellt werden.","og_url":"https:\/\/www.esta-officiel-usa.com\/de\/alle-fragen-die-zum-esta-formular-gestellt-werden\/","og_site_name":"ESTA - Vereinigte Staaten","article_modified_time":"2025-09-13T12:02:35+00:00","twitter_card":"summary_large_image","twitter_misc":{"Gesch\u00e4tzte Lesezeit":"2\u00a0Minuten"},"schema":{"@context":"https:\/\/schema.org","@graph":[{"@type":"WebPage","@id":"https:\/\/www.esta-officiel-usa.com\/de\/alle-fragen-die-zum-esta-formular-gestellt-werden\/","url":"https:\/\/www.esta-officiel-usa.com\/de\/alle-fragen-die-zum-esta-formular-gestellt-werden\/","name":"Alle Fragen, die zum ESTA-Formular gestellt werden","isPartOf":{"@id":"https:\/\/www.esta-officiel-usa.com\/de\/#website"},"datePublished":"2025-09-13T12:02:34+00:00","dateModified":"2025-09-13T12:02:35+00:00","description":"Sie reisen demn\u00e4chst in die USA und m\u00fcssen sich um Ihre ESTA-Genehmigung k\u00fcmmern. Wir informieren Sie \u00fcber die Fragen, die auf dem Formular gestellt werden.","breadcrumb":{"@id":"https:\/\/www.esta-officiel-usa.com\/de\/alle-fragen-die-zum-esta-formular-gestellt-werden\/#breadcrumb"},"inLanguage":"de","potentialAction":[{"@type":"ReadAction","target":["https:\/\/www.esta-officiel-usa.com\/de\/alle-fragen-die-zum-esta-formular-gestellt-werden\/"]}]},{"@type":"BreadcrumbList","@id":"https:\/\/www.esta-officiel-usa.com\/de\/alle-fragen-die-zum-esta-formular-gestellt-werden\/#breadcrumb","itemListElement":[{"@type":"ListItem","position":1,"name":"Home","item":"https:\/\/www.esta-officiel-usa.com\/de\/"},{"@type":"ListItem","position":2,"name":"Alle Fragen, die zum ESTA-Formular gestellt werden"}]},{"@type":"WebSite","@id":"https:\/\/www.esta-officiel-usa.com\/de\/#website","url":"https:\/\/www.esta-officiel-usa.com\/de\/","name":"ESTA - Vereinigte Staaten","description":"ESTA-Antragsformular","potentialAction":[{"@type":"SearchAction","target":{"@type":"EntryPoint","urlTemplate":"https:\/\/www.esta-officiel-usa.com\/de\/?s={search_term_string}"},"query-input":{"@type":"PropertyValueSpecification","valueRequired":true,"valueName":"search_term_string"}}],"inLanguage":"de"}]}},"_links":{"self":[{"href":"https:\/\/www.esta-officiel-usa.com\/de\/wp-json\/wp\/v2\/pages\/1309","targetHints":{"allow":["GET"]}}],"collection":[{"href":"https:\/\/www.esta-officiel-usa.com\/de\/wp-json\/wp\/v2\/pages"}],"about":[{"href":"https:\/\/www.esta-officiel-usa.com\/de\/wp-json\/wp\/v2\/types\/page"}],"author":[{"embeddable":true,"href":"https:\/\/www.esta-officiel-usa.com\/de\/wp-json\/wp\/v2\/users\/1"}],"replies":[{"embeddable":true,"href":"https:\/\/www.esta-officiel-usa.com\/de\/wp-json\/wp\/v2\/comments?post=1309"}],"version-history":[{"count":1,"href":"https:\/\/www.esta-officiel-usa.com\/de\/wp-json\/wp\/v2\/pages\/1309\/revisions"}],"predecessor-version":[{"id":1312,"href":"https:\/\/www.esta-officiel-usa.com\/de\/wp-json\/wp\/v2\/pages\/1309\/revisions\/1312"}],"wp:attachment":[{"href":"https:\/\/www.esta-officiel-usa.com\/de\/wp-json\/wp\/v2\/media?parent=1309"}],"curies":[{"name":"wp","href":"https:\/\/api.w.org\/{rel}","templated":true}]}}