{"id":1329,"date":"2025-09-13T12:02:39","date_gmt":"2025-09-13T12:02:39","guid":{"rendered":"https:\/\/www.esta-officiel-usa.com\/die-formalitaeten-fuer-einen-besuch-in-den-usa\/"},"modified":"2025-09-13T12:02:44","modified_gmt":"2025-09-13T12:02:44","slug":"die-formalitaeten-fuer-einen-besuch-in-den-usa","status":"publish","type":"page","link":"https:\/\/www.esta-officiel-usa.com\/de\/die-formalitaeten-fuer-einen-besuch-in-den-usa\/","title":{"rendered":"Die Formalit\u00e4ten f\u00fcr einen Besuch in den USA"},"content":{"rendered":"\n<h1 class=\"wp-block-heading\">BESUCHEN SIE DIE USA : FORMALIT\u00c4TEN<\/h1>\n\n<p>Sind Sie bereit, Amerika zu erobern? Unsere Experten helfen Ihnen bei der Planung Ihrer Reise. Mit esta-officiel-usa.com k\u00f6nnen Sie beruhigt auf Reisen gehen!  <\/p>\n\n<h2 class=\"wp-block-heading\">DIE USA MIT EINEM FRANZ\u00d6SISCHEN PASS BESUCHEN<\/h2>\n\n<p>Wenn Sie franz\u00f6sischer Staatsb\u00fcrger sind, k\u00f6nnen Sie relativ leicht in die USA reisen.<\/p>\n\n<p>Um dies zu tun, m\u00fcssen Sie :<\/p>\n\n<ul class=\"wp-block-list\"><li>\u00fcber einen <a href=\"https:\/\/www.esta-officiel-usa.com\/fr\/verifier-la-validite-de-votre-esta\/\">g\u00fcltigen<\/a> elektronischen oder biometrischen Reisepass verf\u00fcgen;<\/li><li>ein Flugticket (oder Schiffsticket) f\u00fcr Hin- und R\u00fcckflug oder Weiterreise besitzen, das von einer von den US-Beh\u00f6rden zugelassenen Fluggesellschaft gechartert wurde (f\u00fcr die Einreise <a href=\"https:\/\/www.esta-officiel-usa.com\/fr\/les-formalites-darrivee-aux-usa-par-voie-terrestre\/\">in die USA auf dem Landweg<\/a> ist kein ESTA erforderlich);<\/li><li>\u00fcber eine Aufenthaltsgenehmigung wie ein <a href=\"https:\/\/www.esta-officiel-usa.com\/fr\/etats-unis-demander-un-visa-ou-lesta\/\">Visum oder ESTA<\/a><a href=\"https:\/\/www.esta-officiel-usa.com\/de\/muss-ich-meinen-esta-antrag-ausdrucken\/\">(ESTA zum Ausdrucken<\/a>, wenn Sie m\u00f6chten) verf\u00fcgen;<\/li><li>sich f\u00fcr einen Zeitraum von bis zu 90 Tagen in den USA aufhalten.<\/li><\/ul>\n\n<p>Das ESTA ist die ideale L\u00f6sung f\u00fcr Personen, die als Touristen oder Gesch\u00e4ftsreisende f\u00fcr einen kurzen Zeitraum in die USA reisen m\u00f6chten. Es ist schneller und billiger zu beantragen als ein Visum oder eine <a href=\"https:\/\/www.esta-officiel-usa.com\/de\/eine-green-card-durch-die-lotterie-erhalten\/\">Green Card<\/a> und wird jedes Jahr von Millionen von Nutzern gew\u00e4hlt. <\/p>\n\n<p>Das <a href=\"https:\/\/www.esta-officiel-usa.com\/fr\/le-formulaire-esta-usa-en-francais\/\">ESTA-Formular<\/a> ist f\u00fcr Staatsangeh\u00f6rige von L\u00e4ndern, die am <a href=\"https:\/\/www.esta-officiel-usa.com\/fr\/les-38-pays-partenaires-du-visa-waiver-program\/\">Visa Waiver Program<\/a> teilnehmen, zug\u00e4nglich und hat den Vorteil, dass es zwei Jahre lang g\u00fcltig ist, so dass Reisende, die die USA weiter besuchen m\u00f6chten, mehrere Aufenthalte machen k\u00f6nnen, ohne ihre ESTA-Genehmigung erneuern zu m\u00fcssen.<\/p>\n\n<h2 class=\"wp-block-heading\">WARUM SOLLTEN SIE DIE USA BESUCHEN?<\/h2>\n\n<p>Die Vereinigten Staaten sind ein gro\u00dfes und sehr kontrastreiches Land. Jeder Bundesstaat ist von besonderem Interesse. Sie werden immer <a href=\"https:\/\/www.esta-officiel-usa.com\/de\/reisen-in-die-usa\/\">interessante Sehensw\u00fcrdigkeiten in den Vereinigten Staaten<\/a> finden, egal ob Sie allein, zu zweit, mit Freunden oder mit Ihren Kindern reisen.  <\/p>\n\n<p>In New York gibt es viele ber\u00fchmte Sehensw\u00fcrdigkeiten und Denkm\u00e4ler, die man einmal im Leben gesehen haben sollte: Broadway, Central Park, Freiheitsstatue, Guggenheim und MOMA Museen, etc. Es ist unm\u00f6glich, sich im Big Apple zu langweilen. <\/p>\n\n<p>Lust auf Sonne? Warum fliegen Sie nicht nach Kalifornien mit seinen lebhaften Partys, nach Florida mit seinen zahlreichen Vergn\u00fcgungsparks oder nach <a href=\"https:\/\/www.esta-officiel-usa.com\/fr\/decouvrir-hawai-avec-lesta\/\">Hawaii<\/a> mit seinen Traumstr\u00e4nden? <\/p>\n\n<p>Diejenigen, die die Weite lieben, k\u00f6nnen nach Westen zum Grand Canyon (einer der vielen <a href=\"https:\/\/www.esta-officiel-usa.com\/de\/entdecken-sie-die-nationalparks-in-den-usa\/\">Nationalparks<\/a> der USA) oder nach Norden zu den ber\u00fchmten Niagaraf\u00e4llen fahren.<\/p>\n\n<p>Sind Ihre Kinder von Tieren begeistert? Mit dem<a href=\"https:\/\/www.esta-officiel-usa.com\/de\/\">ESTA<\/a> haben Sie die M\u00f6glichkeit, nach Alaska zu reisen, wo eine Vielzahl von Tieren auf Sie wartet: B\u00e4ren, Wale, Otter, Karibus&#8230; f\u00fcr jeden Geschmack ist etwas dabei! Sie k\u00f6nnen auch in die Everglades reisen und dort eine v\u00f6llig andere Tierwelt bewundern. Ein Paradies f\u00fcr Reptilien, Alligatoren, Krokodile, Schildkr\u00f6ten und andere Tierarten, die die ganze Familie begeistern werden.   <\/p>\n\n<p>Dann warten Sie nicht l\u00e4nger und beantragen Sie jetzt<a href=\"https:\/\/www.esta-officiel-usa.com\/de\/esta-formular-online-beantragen\/\">online dieESTA-Genehmigung<\/a>! Ihr Traum vom Abenteuer ist nur noch einen Schritt entfernt, Sie m\u00fcssen nur noch die <a href=\"https:\/\/www.esta-officiel-usa.com\/de\/was-sind-die-guten-manieren-in-den-vereinigten-staaten\/\">guten Manieren<\/a> des Landes kennen lernen!  <br\/><\/p>\n","protected":false},"excerpt":{"rendered":"<p>BESUCHEN SIE DIE USA : FORMALIT\u00c4TEN Sind Sie bereit, Amerika zu erobern? Unsere Experten helfen Ihnen bei der Planung Ihrer Reise. Mit esta-officiel-usa.com k\u00f6nnen Sie beruhigt auf Reisen gehen! DIE USA MIT EINEM FRANZ\u00d6SISCHEN PASS BESUCHEN Wenn Sie franz\u00f6sischer Staatsb\u00fcrger sind, k\u00f6nnen Sie relativ leicht in die USA reisen. Um dies zu tun, m\u00fcssen Sie [&hellip;]<\/p>\n","protected":false},"author":1,"featured_media":0,"parent":0,"menu_order":0,"comment_status":"closed","ping_status":"closed","template":"","meta":{"footnotes":""},"class_list":["post-1329","page","type-page","status-publish","hentry"],"yoast_head":"<!-- This site is optimized with the Yoast SEO plugin v26.2 - https:\/\/yoast.com\/wordpress\/plugins\/seo\/ -->\n<title>Die Formalit\u00e4ten f\u00fcr einen Besuch in den USA<\/title>\n<meta name=\"description\" content=\"Sie sind bereit, in die USA zu fliegen. Unsere Experten informieren Sie \u00fcber alle notwendigen Schritte, die Sie unternehmen m\u00fcssen, um die USA zu besuchen.\" \/>\n<meta name=\"robots\" content=\"index, follow, max-snippet:-1, max-image-preview:large, max-video-preview:-1\" \/>\n<link rel=\"canonical\" href=\"https:\/\/www.esta-officiel-usa.com\/de\/die-formalitaeten-fuer-einen-besuch-in-den-usa\/\" \/>\n<meta property=\"og:locale\" content=\"de_DE\" \/>\n<meta property=\"og:type\" content=\"article\" \/>\n<meta property=\"og:title\" content=\"Die Formalit\u00e4ten f\u00fcr einen Besuch in den USA\" \/>\n<meta property=\"og:description\" content=\"Sie sind bereit, in die USA zu fliegen. Unsere Experten informieren Sie \u00fcber alle notwendigen Schritte, die Sie unternehmen m\u00fcssen, um die USA zu besuchen.\" \/>\n<meta property=\"og:url\" content=\"https:\/\/www.esta-officiel-usa.com\/de\/die-formalitaeten-fuer-einen-besuch-in-den-usa\/\" \/>\n<meta property=\"og:site_name\" content=\"ESTA - Vereinigte Staaten\" \/>\n<meta property=\"article:modified_time\" content=\"2025-09-13T12:02:44+00:00\" \/>\n<meta name=\"twitter:card\" content=\"summary_large_image\" \/>\n<meta name=\"twitter:label1\" content=\"Gesch\u00e4tzte Lesezeit\" \/>\n\t<meta name=\"twitter:data1\" content=\"2\u00a0Minuten\" \/>\n<script type=\"application\/ld+json\" class=\"yoast-schema-graph\">{\"@context\":\"https:\/\/schema.org\",\"@graph\":[{\"@type\":\"WebPage\",\"@id\":\"https:\/\/www.esta-officiel-usa.com\/de\/die-formalitaeten-fuer-einen-besuch-in-den-usa\/\",\"url\":\"https:\/\/www.esta-officiel-usa.com\/de\/die-formalitaeten-fuer-einen-besuch-in-den-usa\/\",\"name\":\"Die Formalit\u00e4ten f\u00fcr einen Besuch in den USA\",\"isPartOf\":{\"@id\":\"https:\/\/www.esta-officiel-usa.com\/de\/#website\"},\"datePublished\":\"2025-09-13T12:02:39+00:00\",\"dateModified\":\"2025-09-13T12:02:44+00:00\",\"description\":\"Sie sind bereit, in die USA zu fliegen. Unsere Experten informieren Sie \u00fcber alle notwendigen Schritte, die Sie unternehmen m\u00fcssen, um die USA zu besuchen.\",\"breadcrumb\":{\"@id\":\"https:\/\/www.esta-officiel-usa.com\/de\/die-formalitaeten-fuer-einen-besuch-in-den-usa\/#breadcrumb\"},\"inLanguage\":\"de\",\"potentialAction\":[{\"@type\":\"ReadAction\",\"target\":[\"https:\/\/www.esta-officiel-usa.com\/de\/die-formalitaeten-fuer-einen-besuch-in-den-usa\/\"]}]},{\"@type\":\"BreadcrumbList\",\"@id\":\"https:\/\/www.esta-officiel-usa.com\/de\/die-formalitaeten-fuer-einen-besuch-in-den-usa\/#breadcrumb\",\"itemListElement\":[{\"@type\":\"ListItem\",\"position\":1,\"name\":\"Home\",\"item\":\"https:\/\/www.esta-officiel-usa.com\/de\/\"},{\"@type\":\"ListItem\",\"position\":2,\"name\":\"Die Formalit\u00e4ten f\u00fcr einen Besuch in den USA\"}]},{\"@type\":\"WebSite\",\"@id\":\"https:\/\/www.esta-officiel-usa.com\/de\/#website\",\"url\":\"https:\/\/www.esta-officiel-usa.com\/de\/\",\"name\":\"ESTA - Vereinigte Staaten\",\"description\":\"ESTA-Antragsformular\",\"potentialAction\":[{\"@type\":\"SearchAction\",\"target\":{\"@type\":\"EntryPoint\",\"urlTemplate\":\"https:\/\/www.esta-officiel-usa.com\/de\/?s={search_term_string}\"},\"query-input\":{\"@type\":\"PropertyValueSpecification\",\"valueRequired\":true,\"valueName\":\"search_term_string\"}}],\"inLanguage\":\"de\"}]}<\/script>\n<!-- \/ Yoast SEO plugin. -->","yoast_head_json":{"title":"Die Formalit\u00e4ten f\u00fcr einen Besuch in den USA","description":"Sie sind bereit, in die USA zu fliegen. Unsere Experten informieren Sie \u00fcber alle notwendigen Schritte, die Sie unternehmen m\u00fcssen, um die USA zu besuchen.","robots":{"index":"index","follow":"follow","max-snippet":"max-snippet:-1","max-image-preview":"max-image-preview:large","max-video-preview":"max-video-preview:-1"},"canonical":"https:\/\/www.esta-officiel-usa.com\/de\/die-formalitaeten-fuer-einen-besuch-in-den-usa\/","og_locale":"de_DE","og_type":"article","og_title":"Die Formalit\u00e4ten f\u00fcr einen Besuch in den USA","og_description":"Sie sind bereit, in die USA zu fliegen. Unsere Experten informieren Sie \u00fcber alle notwendigen Schritte, die Sie unternehmen m\u00fcssen, um die USA zu besuchen.","og_url":"https:\/\/www.esta-officiel-usa.com\/de\/die-formalitaeten-fuer-einen-besuch-in-den-usa\/","og_site_name":"ESTA - Vereinigte Staaten","article_modified_time":"2025-09-13T12:02:44+00:00","twitter_card":"summary_large_image","twitter_misc":{"Gesch\u00e4tzte Lesezeit":"2\u00a0Minuten"},"schema":{"@context":"https:\/\/schema.org","@graph":[{"@type":"WebPage","@id":"https:\/\/www.esta-officiel-usa.com\/de\/die-formalitaeten-fuer-einen-besuch-in-den-usa\/","url":"https:\/\/www.esta-officiel-usa.com\/de\/die-formalitaeten-fuer-einen-besuch-in-den-usa\/","name":"Die Formalit\u00e4ten f\u00fcr einen Besuch in den USA","isPartOf":{"@id":"https:\/\/www.esta-officiel-usa.com\/de\/#website"},"datePublished":"2025-09-13T12:02:39+00:00","dateModified":"2025-09-13T12:02:44+00:00","description":"Sie sind bereit, in die USA zu fliegen. Unsere Experten informieren Sie \u00fcber alle notwendigen Schritte, die Sie unternehmen m\u00fcssen, um die USA zu besuchen.","breadcrumb":{"@id":"https:\/\/www.esta-officiel-usa.com\/de\/die-formalitaeten-fuer-einen-besuch-in-den-usa\/#breadcrumb"},"inLanguage":"de","potentialAction":[{"@type":"ReadAction","target":["https:\/\/www.esta-officiel-usa.com\/de\/die-formalitaeten-fuer-einen-besuch-in-den-usa\/"]}]},{"@type":"BreadcrumbList","@id":"https:\/\/www.esta-officiel-usa.com\/de\/die-formalitaeten-fuer-einen-besuch-in-den-usa\/#breadcrumb","itemListElement":[{"@type":"ListItem","position":1,"name":"Home","item":"https:\/\/www.esta-officiel-usa.com\/de\/"},{"@type":"ListItem","position":2,"name":"Die Formalit\u00e4ten f\u00fcr einen Besuch in den USA"}]},{"@type":"WebSite","@id":"https:\/\/www.esta-officiel-usa.com\/de\/#website","url":"https:\/\/www.esta-officiel-usa.com\/de\/","name":"ESTA - Vereinigte Staaten","description":"ESTA-Antragsformular","potentialAction":[{"@type":"SearchAction","target":{"@type":"EntryPoint","urlTemplate":"https:\/\/www.esta-officiel-usa.com\/de\/?s={search_term_string}"},"query-input":{"@type":"PropertyValueSpecification","valueRequired":true,"valueName":"search_term_string"}}],"inLanguage":"de"}]}},"_links":{"self":[{"href":"https:\/\/www.esta-officiel-usa.com\/de\/wp-json\/wp\/v2\/pages\/1329","targetHints":{"allow":["GET"]}}],"collection":[{"href":"https:\/\/www.esta-officiel-usa.com\/de\/wp-json\/wp\/v2\/pages"}],"about":[{"href":"https:\/\/www.esta-officiel-usa.com\/de\/wp-json\/wp\/v2\/types\/page"}],"author":[{"embeddable":true,"href":"https:\/\/www.esta-officiel-usa.com\/de\/wp-json\/wp\/v2\/users\/1"}],"replies":[{"embeddable":true,"href":"https:\/\/www.esta-officiel-usa.com\/de\/wp-json\/wp\/v2\/comments?post=1329"}],"version-history":[{"count":1,"href":"https:\/\/www.esta-officiel-usa.com\/de\/wp-json\/wp\/v2\/pages\/1329\/revisions"}],"predecessor-version":[{"id":1332,"href":"https:\/\/www.esta-officiel-usa.com\/de\/wp-json\/wp\/v2\/pages\/1329\/revisions\/1332"}],"wp:attachment":[{"href":"https:\/\/www.esta-officiel-usa.com\/de\/wp-json\/wp\/v2\/media?parent=1329"}],"curies":[{"name":"wp","href":"https:\/\/api.w.org\/{rel}","templated":true}]}}