{"id":1334,"date":"2025-09-13T12:02:40","date_gmt":"2025-09-13T12:02:40","guid":{"rendered":"https:\/\/www.esta-officiel-usa.com\/die-zollkontrollen-der-usa-passieren\/"},"modified":"2025-09-13T12:02:44","modified_gmt":"2025-09-13T12:02:44","slug":"die-zollkontrollen-der-usa-passieren","status":"publish","type":"page","link":"https:\/\/www.esta-officiel-usa.com\/de\/die-zollkontrollen-der-usa-passieren\/","title":{"rendered":"Die Zollkontrollen der USA passieren"},"content":{"rendered":"\n<h1 class=\"wp-block-heading\">ZOLLKONTROLLEN REISE IN DIE VEREINIGTEN STAATEN<\/h1>\n\n<p>Sind Sie bereit, die USA zu erobern? Auch wenn Sie eine Genehmigung wie <a href=\"https:\/\/www.esta-officiel-usa.com\/de\/\">ESTA<\/a> haben, m\u00fcssen Sie durch den Zoll. <\/p>\n\n<p>Sie sollten Geduld haben, denn mit der <a href=\"https:\/\/www.esta-officiel-usa.com\/fr\/le-departement-de-la-securite-interieure-americain\/\">Sicherheit in den USA<\/a> ist nicht zu spa\u00dfen. Unsere Experten geben Ihnen gerne Tipps, damit Sie stressfrei durch den Zoll kommen!   <br\/> <\/p>\n\n<h2 class=\"wp-block-heading\">DOKUMENTE, DIE BEIM ZOLL EINGEREICHT WERDEN M\u00dcSSEN<\/h2>\n\n<p>Vor Ihrer Abreise sollten Sie sich vergewissern, dass Sie \u00fcber eine Aufenthaltsgenehmigung verf\u00fcgen. Diese ist erforderlich, wenn Sie kein US-Amerikaner sind und in die USA reisen m\u00f6chten. Die Genehmigung kann verschiedene Formen annehmen, z. B. eine <a href=\"https:\/\/www.esta-officiel-usa.com\/de\/was-ist-eine-greencard\/\">Green Card<\/a>, ein Visum oder ein ESTA. Letzteres ist das am einfachsten und billigsten zu beschaffende Dokument. Sie k\u00f6nnen es ganz einfach \u00fcber esta-officiel-usa.com oder \u00fcber die US-Zollbeh\u00f6rde erhalten, die eine <a href=\"https:\/\/www.esta-officiel-usa.com\/fr\/demande-desta-sur-site-officiel\/\">ESTA-Website<\/a> eingerichtet hat.    <\/p>\n\n<p>Ohne Genehmigung wird der US-Zoll Sie nicht in die USA einreisen lassen. Denken Sie also daran, Ihr Dokument auf dem neuesten Stand zu halten, und f\u00fcr alle, die zu sp\u00e4t kommen, keine Panik! Der <a href=\"https:\/\/www.esta-officiel-usa.com\/fr\/comment-faire-une-demande-esta-officiel\/\">ESTA-Antrag<\/a> wird im Gegensatz zum Visum und zur Green Card innerhalb von 72 Stunden bearbeitet. In den meisten F\u00e4llen erhalten Sie den Antrag noch am selben Tag. Denken Sie auch daran, im Besitz eines g\u00fcltigen elektronischen oder biometrischen Reisepasses zu sein. Ohne dieses Dokument wird der Zoll Sie auf dem Rollfeld stehen lassen!     <\/p>\n\n<p>Sobald Sie im Flugzeug oder auf dem Schiff sind, erhalten Sie vom Bordpersonal ein blaues Formular. Es entspricht dem Zollformular. Sie m\u00fcssen Ihre Passnummer, die physische Adresse, unter der Sie in die USA reisen, den Betrag an Bargeld, den Sie bei sich haben, und die Liste der besonderen Gegenst\u00e4nde, die Sie w\u00e4hrend des Fluges mit sich f\u00fchren (Pflanzen, tierische Produkte&#8230;) angeben.  <\/p>\n\n<h2 class=\"wp-block-heading\">DIE ZOLLSCHRITTE ERFOLGREICH DURCHLAUFEN<\/h2>\n\n<p>Wenn Sie in den USA ankommen, wird der Zoll die erforderlichen Dokumente pr\u00fcfen: Ihren Reisepass, das blaue Formular und die Genehmigung. Wenn Sie mit dem franz\u00f6sischen <a href=\"https:\/\/www.esta-officiel-usa.com\/fr\/le-formulaire-esta-usa-en-francais\/\">ESTA-Formular<\/a> reisen, werden die Zollbeamten am Computer \u00fcberpr\u00fcfen, ob das Dokument Ihnen zugewiesen wurde. Das ESTA-Verfahren ist vollst\u00e4ndig automatisiert, so dass der Zoll in Echtzeit sehen kann, ob Sie berechtigt sind, sich in seinem Hoheitsgebiet aufzuhalten. Dies sollte Sie jedoch nicht davon abhalten, mit Ihrem Papiernachweis zu reisen. Zwei Vorsichtsma\u00dfnahmen sind besser als eine! Vor allem, wenn es sich um ein Land handelt, das so streng auf Sicherheit achtet.     <\/p>\n\n<p>Sobald Sie dies getan haben, werden Ihnen von den Zollbeamten Fragen gestellt. Die meisten Fragen beziehen sich auf die Gr\u00fcnde f\u00fcr Ihre Einreise in die USA. Schlie\u00dflich wird ein Foto von Ihnen gemacht und Ihre Fingerabdr\u00fccke werden gescannt. Diese Schritte k\u00f6nnen einige Zeit in Anspruch nehmen und die Warteschlangen sind manchmal lang. Aber bleiben Sie gelassen! Und denken Sie daran, dass der US-Zoll nur seine Arbeit macht und die volle Befugnis hat, \u00fcber die<a href=\"https:\/\/www.esta-officiel-usa.com\/de\/voraussetzungen-fuer-eine-reise-in-die-usa\/\">Einreise<\/a> einer Person zu entscheiden.     <\/p>\n\n<p>Wenn Sie Ihr<a href=\"https:\/\/www.esta-officiel-usa.com\/fr\/esta-perdu-que-faire\/\">ESTA verloren<\/a> haben, geraten Sie nicht in Panik! Sie k\u00f6nnen es ganz einfach auf der Online-Website des US-Zolls finden. <\/p>\n","protected":false},"excerpt":{"rendered":"<p>ZOLLKONTROLLEN REISE IN DIE VEREINIGTEN STAATEN Sind Sie bereit, die USA zu erobern? Auch wenn Sie eine Genehmigung wie ESTA haben, m\u00fcssen Sie durch den Zoll. Sie sollten Geduld haben, denn mit der Sicherheit in den USA ist nicht zu spa\u00dfen. Unsere Experten geben Ihnen gerne Tipps, damit Sie stressfrei durch den Zoll kommen! DOKUMENTE, [&hellip;]<\/p>\n","protected":false},"author":1,"featured_media":0,"parent":0,"menu_order":0,"comment_status":"closed","ping_status":"closed","template":"","meta":{"footnotes":""},"class_list":["post-1334","page","type-page","status-publish","hentry"],"yoast_head":"<!-- This site is optimized with the Yoast SEO plugin v26.2 - https:\/\/yoast.com\/wordpress\/plugins\/seo\/ -->\n<title>Die Zollkontrollen der USA passieren<\/title>\n<meta name=\"description\" content=\"Sie haben eine g\u00fcltige ESTA-Genehmigung, aber Sie m\u00fcssen noch durch den Zoll.\" \/>\n<meta name=\"robots\" content=\"index, follow, max-snippet:-1, max-image-preview:large, max-video-preview:-1\" \/>\n<link rel=\"canonical\" href=\"https:\/\/www.esta-officiel-usa.com\/de\/die-zollkontrollen-der-usa-passieren\/\" \/>\n<meta property=\"og:locale\" content=\"de_DE\" \/>\n<meta property=\"og:type\" content=\"article\" \/>\n<meta property=\"og:title\" content=\"Die Zollkontrollen der USA passieren\" \/>\n<meta property=\"og:description\" content=\"Sie haben eine g\u00fcltige ESTA-Genehmigung, aber Sie m\u00fcssen noch durch den Zoll.\" \/>\n<meta property=\"og:url\" content=\"https:\/\/www.esta-officiel-usa.com\/de\/die-zollkontrollen-der-usa-passieren\/\" \/>\n<meta property=\"og:site_name\" content=\"ESTA - Vereinigte Staaten\" \/>\n<meta property=\"article:modified_time\" content=\"2025-09-13T12:02:44+00:00\" \/>\n<meta name=\"twitter:card\" content=\"summary_large_image\" \/>\n<meta name=\"twitter:label1\" content=\"Gesch\u00e4tzte Lesezeit\" \/>\n\t<meta name=\"twitter:data1\" content=\"3\u00a0Minuten\" \/>\n<script type=\"application\/ld+json\" class=\"yoast-schema-graph\">{\"@context\":\"https:\/\/schema.org\",\"@graph\":[{\"@type\":\"WebPage\",\"@id\":\"https:\/\/www.esta-officiel-usa.com\/de\/die-zollkontrollen-der-usa-passieren\/\",\"url\":\"https:\/\/www.esta-officiel-usa.com\/de\/die-zollkontrollen-der-usa-passieren\/\",\"name\":\"Die Zollkontrollen der USA passieren\",\"isPartOf\":{\"@id\":\"https:\/\/www.esta-officiel-usa.com\/de\/#website\"},\"datePublished\":\"2025-09-13T12:02:40+00:00\",\"dateModified\":\"2025-09-13T12:02:44+00:00\",\"description\":\"Sie haben eine g\u00fcltige ESTA-Genehmigung, aber Sie m\u00fcssen noch durch den Zoll.\",\"breadcrumb\":{\"@id\":\"https:\/\/www.esta-officiel-usa.com\/de\/die-zollkontrollen-der-usa-passieren\/#breadcrumb\"},\"inLanguage\":\"de\",\"potentialAction\":[{\"@type\":\"ReadAction\",\"target\":[\"https:\/\/www.esta-officiel-usa.com\/de\/die-zollkontrollen-der-usa-passieren\/\"]}]},{\"@type\":\"BreadcrumbList\",\"@id\":\"https:\/\/www.esta-officiel-usa.com\/de\/die-zollkontrollen-der-usa-passieren\/#breadcrumb\",\"itemListElement\":[{\"@type\":\"ListItem\",\"position\":1,\"name\":\"Home\",\"item\":\"https:\/\/www.esta-officiel-usa.com\/de\/\"},{\"@type\":\"ListItem\",\"position\":2,\"name\":\"Die Zollkontrollen der USA passieren\"}]},{\"@type\":\"WebSite\",\"@id\":\"https:\/\/www.esta-officiel-usa.com\/de\/#website\",\"url\":\"https:\/\/www.esta-officiel-usa.com\/de\/\",\"name\":\"ESTA - Vereinigte Staaten\",\"description\":\"ESTA-Antragsformular\",\"potentialAction\":[{\"@type\":\"SearchAction\",\"target\":{\"@type\":\"EntryPoint\",\"urlTemplate\":\"https:\/\/www.esta-officiel-usa.com\/de\/?s={search_term_string}\"},\"query-input\":{\"@type\":\"PropertyValueSpecification\",\"valueRequired\":true,\"valueName\":\"search_term_string\"}}],\"inLanguage\":\"de\"}]}<\/script>\n<!-- \/ Yoast SEO plugin. -->","yoast_head_json":{"title":"Die Zollkontrollen der USA passieren","description":"Sie haben eine g\u00fcltige ESTA-Genehmigung, aber Sie m\u00fcssen noch durch den Zoll.","robots":{"index":"index","follow":"follow","max-snippet":"max-snippet:-1","max-image-preview":"max-image-preview:large","max-video-preview":"max-video-preview:-1"},"canonical":"https:\/\/www.esta-officiel-usa.com\/de\/die-zollkontrollen-der-usa-passieren\/","og_locale":"de_DE","og_type":"article","og_title":"Die Zollkontrollen der USA passieren","og_description":"Sie haben eine g\u00fcltige ESTA-Genehmigung, aber Sie m\u00fcssen noch durch den Zoll.","og_url":"https:\/\/www.esta-officiel-usa.com\/de\/die-zollkontrollen-der-usa-passieren\/","og_site_name":"ESTA - Vereinigte Staaten","article_modified_time":"2025-09-13T12:02:44+00:00","twitter_card":"summary_large_image","twitter_misc":{"Gesch\u00e4tzte Lesezeit":"3\u00a0Minuten"},"schema":{"@context":"https:\/\/schema.org","@graph":[{"@type":"WebPage","@id":"https:\/\/www.esta-officiel-usa.com\/de\/die-zollkontrollen-der-usa-passieren\/","url":"https:\/\/www.esta-officiel-usa.com\/de\/die-zollkontrollen-der-usa-passieren\/","name":"Die Zollkontrollen der USA passieren","isPartOf":{"@id":"https:\/\/www.esta-officiel-usa.com\/de\/#website"},"datePublished":"2025-09-13T12:02:40+00:00","dateModified":"2025-09-13T12:02:44+00:00","description":"Sie haben eine g\u00fcltige ESTA-Genehmigung, aber Sie m\u00fcssen noch durch den Zoll.","breadcrumb":{"@id":"https:\/\/www.esta-officiel-usa.com\/de\/die-zollkontrollen-der-usa-passieren\/#breadcrumb"},"inLanguage":"de","potentialAction":[{"@type":"ReadAction","target":["https:\/\/www.esta-officiel-usa.com\/de\/die-zollkontrollen-der-usa-passieren\/"]}]},{"@type":"BreadcrumbList","@id":"https:\/\/www.esta-officiel-usa.com\/de\/die-zollkontrollen-der-usa-passieren\/#breadcrumb","itemListElement":[{"@type":"ListItem","position":1,"name":"Home","item":"https:\/\/www.esta-officiel-usa.com\/de\/"},{"@type":"ListItem","position":2,"name":"Die Zollkontrollen der USA passieren"}]},{"@type":"WebSite","@id":"https:\/\/www.esta-officiel-usa.com\/de\/#website","url":"https:\/\/www.esta-officiel-usa.com\/de\/","name":"ESTA - Vereinigte Staaten","description":"ESTA-Antragsformular","potentialAction":[{"@type":"SearchAction","target":{"@type":"EntryPoint","urlTemplate":"https:\/\/www.esta-officiel-usa.com\/de\/?s={search_term_string}"},"query-input":{"@type":"PropertyValueSpecification","valueRequired":true,"valueName":"search_term_string"}}],"inLanguage":"de"}]}},"_links":{"self":[{"href":"https:\/\/www.esta-officiel-usa.com\/de\/wp-json\/wp\/v2\/pages\/1334","targetHints":{"allow":["GET"]}}],"collection":[{"href":"https:\/\/www.esta-officiel-usa.com\/de\/wp-json\/wp\/v2\/pages"}],"about":[{"href":"https:\/\/www.esta-officiel-usa.com\/de\/wp-json\/wp\/v2\/types\/page"}],"author":[{"embeddable":true,"href":"https:\/\/www.esta-officiel-usa.com\/de\/wp-json\/wp\/v2\/users\/1"}],"replies":[{"embeddable":true,"href":"https:\/\/www.esta-officiel-usa.com\/de\/wp-json\/wp\/v2\/comments?post=1334"}],"version-history":[{"count":1,"href":"https:\/\/www.esta-officiel-usa.com\/de\/wp-json\/wp\/v2\/pages\/1334\/revisions"}],"predecessor-version":[{"id":1336,"href":"https:\/\/www.esta-officiel-usa.com\/de\/wp-json\/wp\/v2\/pages\/1334\/revisions\/1336"}],"wp:attachment":[{"href":"https:\/\/www.esta-officiel-usa.com\/de\/wp-json\/wp\/v2\/media?parent=1334"}],"curies":[{"name":"wp","href":"https:\/\/api.w.org\/{rel}","templated":true}]}}