{"id":1343,"date":"2025-09-13T12:02:41","date_gmt":"2025-09-13T12:02:41","guid":{"rendered":"https:\/\/www.esta-officiel-usa.com\/esta-haeufig-gestellte-fragen\/"},"modified":"2025-09-13T12:02:44","modified_gmt":"2025-09-13T12:02:44","slug":"esta-haeufig-gestellte-fragen","status":"publish","type":"page","link":"https:\/\/www.esta-officiel-usa.com\/de\/esta-haeufig-gestellte-fragen\/","title":{"rendered":"ESTA: H\u00e4ufig gestellte Fragen"},"content":{"rendered":"\n<h1 class=\"wp-block-heading\">FAQ &#8211; ALLES \u00dcBER ESTA<\/h1>\n\n<p>Dank unserer professionellen Erfahrung mit Beh\u00f6rdeng\u00e4ngen k\u00f6nnen wir Ihnen bei der <a href=\"https:\/\/www.esta-officiel-usa.com\/de\/\">Beantragung von ESTA USA<\/a> helfen, so dass Sie sich voll und ganz auf Ihre Reise in die USA konzentrieren k\u00f6nnen. In dieser Rubrik finden Sie die am h\u00e4ufigsten gestellten Fragen unserer Leser, um alle Ihre Fragen zu beantworten. <br\/> <\/p>\n\n<h2 class=\"wp-block-heading\">WAS BEDEUTET ESTA?<\/h2>\n\n<p>Das Electronic System for Travel Authorization (ESTA) ist ein computergest\u00fctztes Verfahren, das von den US-Beh\u00f6rden eingef\u00fchrt wurde, um eine Reisegenehmigung in die USA auszustellen. Dieses elektronische Dokument erm\u00f6glicht Staatsangeh\u00f6rigen aus L\u00e4ndern, die am Visa Waiver Program (VWP) teilnehmen, ohne Visum in die USA einzureisen. <br\/> <\/p>\n\n<h2 class=\"wp-block-heading\">MUSS ICH EINEN ESTA-ANTRAG STELLEN?<\/h2>\n\n<p>Nur Staatsangeh\u00f6rige der L\u00e4nder, die am VWP teilnehmen, k\u00f6nnen diese Genehmigung beantragen. Eine vollst\u00e4ndige Liste der teilnehmenden L\u00e4nder finden Sie in der Tabelle weiter unten. F\u00fcr die Durchreise und Kurzaufenthalte in den USA ist ein ESTA-Antrag erforderlich.  <\/p>\n\n<h2 class=\"wp-block-heading\">IST MEIN ESTA EINE GARANTIE F\u00dcR DIE EINREISE IN DIE USA?<\/h2>\n\n<p>Das ESTA ist eine computergest\u00fctzte \u00dcberpr\u00fcfung Ihrer Identit\u00e4t vor Ihrer Reise. Bei Ihrer Ankunft wird immer eine Kontrolle durch die Einwanderungsbeh\u00f6rde durchgef\u00fchrt, und die Entscheidung, ob Sie in die USA einreisen d\u00fcrfen oder nicht, liegt in deren Verantwortung. Die Annahme Ihres Online-ESTA-Antrags ist jedoch ein sehr gutes Zeichen und es gibt normalerweise keinen Grund zur Sorge.  <br\/> <\/p>\n\n<h2 class=\"wp-block-heading\">IST MEIN US-ESTA EIN VISUM\u00c4QUIVALENT?<\/h2>\n\n<p>Es ist wichtig zu wissen, dass das ESTA und das Visum zwei verschiedene Dokumente mit unterschiedlichen Aufgaben sind. Die ESTA-Genehmigung ist kein Ersatz f\u00fcr ein Visum, wenn Ihr Vorhaben ausdr\u00fccklich ein Visum erfordert (z. B. f\u00fcr Arbeit, Praktikum, Studium usw.). Dar\u00fcber hinaus bedeutet der Besitz eines geeigneten Visums (f\u00fcr Tourismus oder Gesch\u00e4ft), dass es nicht notwendig ist, einen ESTA-Antrag zu stellen.  <br\/> <\/p>\n\n<h2 class=\"wp-block-heading\">WIE LANGE IST MEIN ESTA G\u00dcLTIG?<\/h2>\n\n<p>Obwohl die ESTA-Genehmigung Ihnen einen Aufenthalt von bis zu 90 Tagen in den USA erlaubt, ist Ihr Dokument ab dem Tag der Ausstellung zwei Jahre lang g\u00fcltig. Es wird jedoch ung\u00fcltig, wenn sich die Informationen im Reisepass, der f\u00fcr die Beantragung verwendet wurde, \u00e4ndern. In diesem Fall muss der ESTA-Antrag erneut gestellt werden.  <br\/> <\/p>\n\n<h2 class=\"wp-block-heading\">WANN IST DER BESTE ZEITPUNKT, UM MEIN ESTA USA ZU BEANTRAGEN?<\/h2>\n\n<p>Wir empfehlen Ihnen, Ihren ESTA-Antrag so fr\u00fch wie m\u00f6glich zu stellen, um einer m\u00f6glichen Ablehnung vorzubeugen. Die US-Beh\u00f6rden geben an, dass die Antr\u00e4ge innerhalb von 72 Stunden bearbeitet werden. Obwohl die Online-ESTA-Genehmigung innerhalb weniger Minuten erteilt werden kann, ist es ratsam, diese Frist einzuhalten.  <br\/> <\/p>\n\n<h2 class=\"wp-block-heading\">IST ES NOTWENDIG, DEN GRUND F\u00dcR MEINEN AUFENTHALT IN DEN USA ZU ERKL\u00c4REN?<\/h2>\n\n<p>Diese Information ist nicht obligatorisch. Sie k\u00f6nnen einen ESTA-Antrag auch ohne konkrete Pl\u00e4ne stellen, solange Sie daran denken, dass Ihr Aufenthalt entweder touristisch oder gesch\u00e4ftlich sein soll. Sie k\u00f6nnen auch angeben, dass es sich um einen reinen Transitaufenthalt handelt.  <br\/> <\/p>\n\n<h2 class=\"wp-block-heading\">BRAUCHE ICH EINE ESTA-GENEHMIGUNG F\u00dcR EINEN ZWISCHENSTOPP IN DEN USA?<\/h2>\n\n<p>Die Einreise in die USA ist stark reguliert und die Grenzsicherheit ist sehr hoch, weshalb eine ESTA-Genehmigung selbst bei einem einfachen Zwischenstopp auf amerikanischem Boden erforderlich ist.<br\/> <\/p>\n\n<h2 class=\"wp-block-heading\">WAS IST DAS PROGRAMM F\u00dcR VISUMFREIES REISEN?<\/h2>\n\n<p>Das als Visa Waiver Program bekannte Programm ist das Ergebnis eines Abkommens zwischen den Partnerl\u00e4ndern und den USA. Es soll den Tourismus in den USA f\u00f6rdern, indem es berechtigten B\u00fcrgern erlaubt, sich bis zu 90 Tage ohne Visum in den USA aufzuhalten. <br\/> <\/p>\n\n<h2 class=\"wp-block-heading\">WELCHE L\u00c4NDER NEHMEN AM PROGRAMM F\u00dcR VISUMFREIES REISEN TEIL?<\/h2>\n\n<p>Nachstehend finden Sie eine Liste der ENP-Teilnehmerstaaten:<\/p>\n\n<figure class=\"wp-block-table\"><table><tbody><tr><td>Deutschland<\/td><td>Andorra<\/td><td>Australien<\/td><td>\u00d6sterreich<\/td><td>Belgien<\/td><\/tr><tr><td>Brunei<\/td><td>Chile<\/td><td>S\u00fcdkorea<\/td><td>D\u00e4nemark<\/td><td>Spanien<\/td><\/tr><tr><td>Estland<\/td><td>Finnland<\/td><td>Frankreich<\/td><td>Griechenland<\/td><td>Ungarn<\/td><\/tr><tr><td>Irland<\/td><td>Island<\/td><td>Italien<\/td><td>Japan<\/td><td>Niederlande<\/td><\/tr><tr><td>Lettland<\/td><td>Liechtenstein<\/td><td>Litauen<\/td><td>Luxemburg<\/td><td>Malta<\/td><\/tr><tr><td>Monaco<\/td><td>Norwegen<\/td><td>Neuseeland<\/td><td>Portugal<\/td><td>Tschechische Republik<\/td><\/tr><tr><td>Vereinigtes K\u00f6nigreich<\/td><td>Saint-Martin<\/td><td>Singapur<\/td><td>Slowakei<\/td><td>Slowenien<\/td><\/tr><tr><td>Schweden<\/td><td>schweizerisch<\/td><td>Taiwan<\/td><td>Polen<\/td><td>Kroatien<\/td><\/tr><tr><td>Israel<\/td><td><\/td><td><\/td><td><\/td><td><\/td><\/tr><\/tbody><\/table><figcaption class=\"wp-element-caption\">VWP-L\u00e4nderliste<\/figcaption><\/figure>\n\n<h2 class=\"wp-block-heading\">WAS PASSIERT, WENN MEIN ESTA USA W\u00c4HREND MEINES AUFENTHALTS ABL\u00c4UFT?<\/h2>\n\n<p>Ihr ESTA muss nur bei der Einreise in die USA vorgelegt werden. Das Dokument ist nicht erforderlich, um das Land zu verlassen, so dass Sie sich keine Sorgen machen m\u00fcssen, wenn Ihre ESTA-Genehmigung w\u00e4hrend Ihres Aufenthalts ung\u00fcltig wird.   <br\/> <\/p>\n\n<h2 class=\"wp-block-heading\">MUSS ICH MEINE ESTA-GENEHMIGUNG AUF PAPIER AUSDRUCKEN?<\/h2>\n\n<p>Da das Verfahren vollst\u00e4ndig computergest\u00fctzt ist, werden die US-Beh\u00f6rden und die Fluggesellschaften automatisch \u00fcber Ihre Erlaubnis, in die USA zu reisen, informiert. Ein Papierausdruck ist daher nicht erforderlich.   <br\/> <\/p>\n\n<h2 class=\"wp-block-heading\">GIBT ES ANFORDERUNGEN, DIE ICH ERF\u00dcLLEN MUSS, UM EINEN ESTA-ANTRAG ZU STELLEN?<\/h2>\n\n<p>ESTA ist eine Sicherheitsma\u00dfnahme, die im Rahmen des Programms f\u00fcr visafreie Einreise eingef\u00fchrt wurde:<\/p>\n\n<ol class=\"wp-block-list\">\n<li>einen elektronischen oder biometrischen Reisepass besitzen, der von einem der am VWP teilnehmenden L\u00e4nder ausgestellt wurde;<\/li>\n\n\n\n<li>Sie d\u00fcrfen nicht die doppelte Staatsb\u00fcrgerschaft von Irak, Iran, Syrien oder Sudan besitzen;<\/li>\n\n\n\n<li>einen touristischen oder gesch\u00e4ftlichen Aufenthalt von nicht mehr als 90 Tagen planen;<\/li>\n\n\n\n<li>ein Ausreiseticket haben;<\/li>\n\n\n\n<li>in der Lage sein, die Fragen im Antragsformular mit &#8222;Nein&#8220; zu beantworten.<br\/> <\/li>\n<\/ol>\n\n<h2 class=\"wp-block-heading\">WIE HOCH IST DER PREIS F\u00dcR DIE ESTA-GENEHMIGUNG?<\/h2>\n\n<p>Die Reisegenehmigung erfordert eine Geb\u00fchr von nur 21 $, wenn Sie \u00fcber die Website der US-Zollbeh\u00f6rde gehen.<br\/><\/p>\n\n<h2 class=\"wp-block-heading\">WAS KANN ICH TUN, WENN MEIN ESTA-ANTRAG ABGELEHNT WIRD?<\/h2>\n\n<p>Es kommt vor, dass ein ESTA-Antrag abgelehnt wird. In diesem Fall sollten Sie die eingegebenen Daten \u00fcberpr\u00fcfen, um festzustellen, ob sich ein Fehler in Ihren Antworten eingeschlichen hat. Wenn alle Angaben korrekt sind, sollten Sie sich an die US-Botschaft oder das US-Konsulat wenden, um ein Visum zu beantragen.  <br\/> <\/p>\n\n<h2 class=\"wp-block-heading\">WAS IST ZU TUN, WENN EINE GENEHMIGUNG NOCH AUSSTEHT?<\/h2>\n\n<p>Eine ausstehende Genehmigung ist nicht gleichbedeutend mit einer verweigerten Genehmigung. Die Bearbeitung Ihres Antrags dauert nur etwas l\u00e4nger. \u00dcberpr\u00fcfen Sie den Status Ihres Antrags, indem Sie sich auf der offiziellen Website einloggen. Sie erhalten innerhalb von 72 Stunden eine Antwort.   <\/p>\n","protected":false},"excerpt":{"rendered":"<p>FAQ &#8211; ALLES \u00dcBER ESTA Dank unserer professionellen Erfahrung mit Beh\u00f6rdeng\u00e4ngen k\u00f6nnen wir Ihnen bei der Beantragung von ESTA USA helfen, so dass Sie sich voll und ganz auf Ihre Reise in die USA konzentrieren k\u00f6nnen. In dieser Rubrik finden Sie die am h\u00e4ufigsten gestellten Fragen unserer Leser, um alle Ihre Fragen zu beantworten. WAS [&hellip;]<\/p>\n","protected":false},"author":1,"featured_media":0,"parent":0,"menu_order":0,"comment_status":"closed","ping_status":"closed","template":"","meta":{"footnotes":""},"class_list":["post-1343","page","type-page","status-publish","hentry"],"yoast_head":"<!-- This site is optimized with the Yoast SEO plugin v26.2 - https:\/\/yoast.com\/wordpress\/plugins\/seo\/ -->\n<title>ESTA: H\u00e4ufig gestellte Fragen<\/title>\n<meta name=\"description\" content=\"Unsere Teams verf\u00fcgen \u00fcber professionelle Erfahrung im Umgang mit Beh\u00f6rden und beantworten alle Fragen, die Sie zum Thema ESTA haben.\" \/>\n<meta name=\"robots\" content=\"index, follow, max-snippet:-1, max-image-preview:large, max-video-preview:-1\" \/>\n<link rel=\"canonical\" href=\"https:\/\/www.esta-officiel-usa.com\/de\/esta-haeufig-gestellte-fragen\/\" \/>\n<meta property=\"og:locale\" content=\"de_DE\" \/>\n<meta property=\"og:type\" content=\"article\" \/>\n<meta property=\"og:title\" content=\"ESTA: H\u00e4ufig gestellte Fragen\" \/>\n<meta property=\"og:description\" content=\"Unsere Teams verf\u00fcgen \u00fcber professionelle Erfahrung im Umgang mit Beh\u00f6rden und beantworten alle Fragen, die Sie zum Thema ESTA haben.\" \/>\n<meta property=\"og:url\" content=\"https:\/\/www.esta-officiel-usa.com\/de\/esta-haeufig-gestellte-fragen\/\" \/>\n<meta property=\"og:site_name\" content=\"ESTA - Vereinigte Staaten\" \/>\n<meta property=\"article:modified_time\" content=\"2025-09-13T12:02:44+00:00\" \/>\n<meta name=\"twitter:card\" content=\"summary_large_image\" \/>\n<meta name=\"twitter:label1\" content=\"Gesch\u00e4tzte Lesezeit\" \/>\n\t<meta name=\"twitter:data1\" content=\"5\u00a0Minuten\" \/>\n<script type=\"application\/ld+json\" class=\"yoast-schema-graph\">{\"@context\":\"https:\/\/schema.org\",\"@graph\":[{\"@type\":\"WebPage\",\"@id\":\"https:\/\/www.esta-officiel-usa.com\/de\/esta-haeufig-gestellte-fragen\/\",\"url\":\"https:\/\/www.esta-officiel-usa.com\/de\/esta-haeufig-gestellte-fragen\/\",\"name\":\"ESTA: H\u00e4ufig gestellte Fragen\",\"isPartOf\":{\"@id\":\"https:\/\/www.esta-officiel-usa.com\/de\/#website\"},\"datePublished\":\"2025-09-13T12:02:41+00:00\",\"dateModified\":\"2025-09-13T12:02:44+00:00\",\"description\":\"Unsere Teams verf\u00fcgen \u00fcber professionelle Erfahrung im Umgang mit Beh\u00f6rden und beantworten alle Fragen, die Sie zum Thema ESTA haben.\",\"breadcrumb\":{\"@id\":\"https:\/\/www.esta-officiel-usa.com\/de\/esta-haeufig-gestellte-fragen\/#breadcrumb\"},\"inLanguage\":\"de\",\"potentialAction\":[{\"@type\":\"ReadAction\",\"target\":[\"https:\/\/www.esta-officiel-usa.com\/de\/esta-haeufig-gestellte-fragen\/\"]}]},{\"@type\":\"BreadcrumbList\",\"@id\":\"https:\/\/www.esta-officiel-usa.com\/de\/esta-haeufig-gestellte-fragen\/#breadcrumb\",\"itemListElement\":[{\"@type\":\"ListItem\",\"position\":1,\"name\":\"Home\",\"item\":\"https:\/\/www.esta-officiel-usa.com\/de\/\"},{\"@type\":\"ListItem\",\"position\":2,\"name\":\"ESTA: H\u00e4ufig gestellte Fragen\"}]},{\"@type\":\"WebSite\",\"@id\":\"https:\/\/www.esta-officiel-usa.com\/de\/#website\",\"url\":\"https:\/\/www.esta-officiel-usa.com\/de\/\",\"name\":\"ESTA - Vereinigte Staaten\",\"description\":\"ESTA-Antragsformular\",\"potentialAction\":[{\"@type\":\"SearchAction\",\"target\":{\"@type\":\"EntryPoint\",\"urlTemplate\":\"https:\/\/www.esta-officiel-usa.com\/de\/?s={search_term_string}\"},\"query-input\":{\"@type\":\"PropertyValueSpecification\",\"valueRequired\":true,\"valueName\":\"search_term_string\"}}],\"inLanguage\":\"de\"}]}<\/script>\n<!-- \/ Yoast SEO plugin. -->","yoast_head_json":{"title":"ESTA: H\u00e4ufig gestellte Fragen","description":"Unsere Teams verf\u00fcgen \u00fcber professionelle Erfahrung im Umgang mit Beh\u00f6rden und beantworten alle Fragen, die Sie zum Thema ESTA haben.","robots":{"index":"index","follow":"follow","max-snippet":"max-snippet:-1","max-image-preview":"max-image-preview:large","max-video-preview":"max-video-preview:-1"},"canonical":"https:\/\/www.esta-officiel-usa.com\/de\/esta-haeufig-gestellte-fragen\/","og_locale":"de_DE","og_type":"article","og_title":"ESTA: H\u00e4ufig gestellte Fragen","og_description":"Unsere Teams verf\u00fcgen \u00fcber professionelle Erfahrung im Umgang mit Beh\u00f6rden und beantworten alle Fragen, die Sie zum Thema ESTA haben.","og_url":"https:\/\/www.esta-officiel-usa.com\/de\/esta-haeufig-gestellte-fragen\/","og_site_name":"ESTA - Vereinigte Staaten","article_modified_time":"2025-09-13T12:02:44+00:00","twitter_card":"summary_large_image","twitter_misc":{"Gesch\u00e4tzte Lesezeit":"5\u00a0Minuten"},"schema":{"@context":"https:\/\/schema.org","@graph":[{"@type":"WebPage","@id":"https:\/\/www.esta-officiel-usa.com\/de\/esta-haeufig-gestellte-fragen\/","url":"https:\/\/www.esta-officiel-usa.com\/de\/esta-haeufig-gestellte-fragen\/","name":"ESTA: H\u00e4ufig gestellte Fragen","isPartOf":{"@id":"https:\/\/www.esta-officiel-usa.com\/de\/#website"},"datePublished":"2025-09-13T12:02:41+00:00","dateModified":"2025-09-13T12:02:44+00:00","description":"Unsere Teams verf\u00fcgen \u00fcber professionelle Erfahrung im Umgang mit Beh\u00f6rden und beantworten alle Fragen, die Sie zum Thema ESTA haben.","breadcrumb":{"@id":"https:\/\/www.esta-officiel-usa.com\/de\/esta-haeufig-gestellte-fragen\/#breadcrumb"},"inLanguage":"de","potentialAction":[{"@type":"ReadAction","target":["https:\/\/www.esta-officiel-usa.com\/de\/esta-haeufig-gestellte-fragen\/"]}]},{"@type":"BreadcrumbList","@id":"https:\/\/www.esta-officiel-usa.com\/de\/esta-haeufig-gestellte-fragen\/#breadcrumb","itemListElement":[{"@type":"ListItem","position":1,"name":"Home","item":"https:\/\/www.esta-officiel-usa.com\/de\/"},{"@type":"ListItem","position":2,"name":"ESTA: H\u00e4ufig gestellte Fragen"}]},{"@type":"WebSite","@id":"https:\/\/www.esta-officiel-usa.com\/de\/#website","url":"https:\/\/www.esta-officiel-usa.com\/de\/","name":"ESTA - Vereinigte Staaten","description":"ESTA-Antragsformular","potentialAction":[{"@type":"SearchAction","target":{"@type":"EntryPoint","urlTemplate":"https:\/\/www.esta-officiel-usa.com\/de\/?s={search_term_string}"},"query-input":{"@type":"PropertyValueSpecification","valueRequired":true,"valueName":"search_term_string"}}],"inLanguage":"de"}]}},"_links":{"self":[{"href":"https:\/\/www.esta-officiel-usa.com\/de\/wp-json\/wp\/v2\/pages\/1343","targetHints":{"allow":["GET"]}}],"collection":[{"href":"https:\/\/www.esta-officiel-usa.com\/de\/wp-json\/wp\/v2\/pages"}],"about":[{"href":"https:\/\/www.esta-officiel-usa.com\/de\/wp-json\/wp\/v2\/types\/page"}],"author":[{"embeddable":true,"href":"https:\/\/www.esta-officiel-usa.com\/de\/wp-json\/wp\/v2\/users\/1"}],"replies":[{"embeddable":true,"href":"https:\/\/www.esta-officiel-usa.com\/de\/wp-json\/wp\/v2\/comments?post=1343"}],"version-history":[{"count":3,"href":"https:\/\/www.esta-officiel-usa.com\/de\/wp-json\/wp\/v2\/pages\/1343\/revisions"}],"predecessor-version":[{"id":1358,"href":"https:\/\/www.esta-officiel-usa.com\/de\/wp-json\/wp\/v2\/pages\/1343\/revisions\/1358"}],"wp:attachment":[{"href":"https:\/\/www.esta-officiel-usa.com\/de\/wp-json\/wp\/v2\/media?parent=1343"}],"curies":[{"name":"wp","href":"https:\/\/api.w.org\/{rel}","templated":true}]}}