{"id":1349,"date":"2025-09-13T12:02:42","date_gmt":"2025-09-13T12:02:42","guid":{"rendered":"https:\/\/www.esta-officiel-usa.com\/unterschied-zwischen-esta-und-einem-us-visum\/"},"modified":"2025-09-13T12:02:58","modified_gmt":"2025-09-13T12:02:58","slug":"unterschied-zwischen-esta-und-einem-us-visum","status":"publish","type":"page","link":"https:\/\/www.esta-officiel-usa.com\/de\/unterschied-zwischen-esta-und-einem-us-visum\/","title":{"rendered":"Unterschied zwischen ESTA und einem US-Visum"},"content":{"rendered":"\n<h1 class=\"wp-block-heading\">ESTA oder Visum: Was ist zu beantragen?<\/h1>\n\n<p>F\u00fcr jede vor\u00fcbergehende Reise in die USA ist eine Genehmigung f\u00fcr \nAufenthalt erforderlich. Es gibt mehrere M\u00f6glichkeiten, darunter das Visum und ESTA f\u00fcr einen \nfranz\u00f6sischen Staatsb\u00fcrger. Aber welches der beiden ist f\u00fcr Ihr Vorhaben am besten geeignet\n? In diesem Artikel erl\u00e4utern wir die Unterschiede zwischen \nbeiden Dokumenten, sei es in Bezug auf die Beantragung, den Zweck oder \ndie M\u00f6glichkeiten, die sie Ihnen bieten.   <\/p>\n\n<h2 class=\"wp-block-heading\">ESTA, viel einfacher als ein Visum<\/h2>\n\n<p><a href=\"https:\/\/www.esta-officiel-usa.com\/de\/welche-regeln-gelten-fuer-den-erhalt-von-esta\/\">Die Regeln f\u00fcr den Erhalt<\/a> des<a href=\"https:\/\/www.esta-officiel-usa.com\/de\/\">offiziellen ESTA<\/a> werden durch einen Online-Fragebogen, den jeder Antragsteller beantworten muss, kontrolliert und versch\u00e4rft. Wenn Sie die unten aufgef\u00fchrten Kriterien nicht erf\u00fcllen, sollten Sie den n\u00e4chsten Abschnitt \u00fcber das <a href=\"https:\/\/www.esta-officiel-usa.com\/de\/die-wichtigsten-visa-fuer-die-usa\/\">Visum f\u00fcr die USA<\/a> lesen. Sie haben keine Chance, eine ESTA-Genehmigung zu erhalten, wenn Ihre Reise nicht ALLEN hier genannten Punkten entspricht:  <\/p>\n\n<ul class=\"wp-block-list\">\n<li>Aufenthalt von <a href=\"https:\/\/www.esta-officiel-usa.com\/de\/esta-ist-fuer-90-tage-in-den-usa-gueltig\/\">bis zu 90 aufeinanderfolgenden Tagen<\/a>;<\/li>\n\n\n\n<li>Touristen-, Gesch\u00e4fts- oder Transitaufenthalt ;  <\/li>\n\n\n\n<li>Sie sind nicht vorbestraft, haben keine psychischen St\u00f6rungen oder ansteckende Krankheiten und sind seit dem 1. M\u00e4rz 2011 nicht in ein Land gereist, das als mit den USA unvereinbar gilt;<\/li>\n\n\n\n<li>Ihr Reisepass ist biometrisch oder elektronisch und bis zum Ende Ihrer Reise g\u00fcltig;<\/li>\n\n\n\n<li>Sie sind Staatsangeh\u00f6riger eines Landes des Programms f\u00fcr visumfreies Reisen (Visa Waiver Program) und haben nicht die doppelte Staatsb\u00fcrgerschaft des Irak, Syriens, Sudans oder Irans.<\/li>\n<\/ul>\n\n<p>Wenn all dies erf\u00fcllt ist, k\u00f6nnen Sie <a href=\"https:\/\/www.esta-officiel-usa.com\/fr\/le-formulaire-esta-pour-les-usa-a-completer\/\">das ESTA-Formular ausf\u00fcllen, das<\/a> im Internet verf\u00fcgbar ist. Bitte beachten Sie, dass die Genehmigung nicht garantiert werden kann. Der Hauptvorteil des ESTA ist seine Zug\u00e4nglichkeit, sowohl in Bezug auf die Zeit als auch auf die Kosten. Das Formular ist schnell ausgef\u00fcllt und die Antwort erhalten Sie innerhalb von 72 Stunden (in der Regel am selben Tag) im PDF-Format. Unser Rat: Drucken Sie das Formular aus, um Komplikationen an der Grenze zu vermeiden, auch wenn dies nicht vorgeschrieben ist.    <\/p>\n\n<p>Wenn Sie vorhaben, in den USA zu arbeiten, ein Praktikum zu absolvieren, <a href=\"https:\/\/www.esta-officiel-usa.com\/de\/wie-man-an-einer-amerikanischen-universitaet-studiert\/\">an einer amerikanischen Universit\u00e4t zu studieren<\/a>, auszuwandern usw., verschwenden Sie keine Zeit mit der Beantragung eines ESTA: wenden Sie sich direkt an ein Visum.<\/p>\n\n<h2 class=\"wp-block-heading\">Das Visum ist spezifischer als das ESTA.<\/h2>\n\n<p>Im Gegensatz zum ESTA, das eine Vielzahl von Aufenthaltsgr\u00fcnden abdeckt, besteht das <a href=\"https:\/\/www.esta-officiel-usa.com\/de\/wie-lange-ist-ein-us-visum-gueltig\/\">US-Visum<\/a> aus einer Vielzahl von Dokumenten, die f\u00fcr jede Situation spezifisch sind. Die k\u00fcrzliche Einf\u00fchrung des ESTA hat die Bearbeitung von Visumantr\u00e4gen erleichtert. ESTA ist f\u00fcr Ausl\u00e4nder gedacht, die nicht unter das <a href=\"https:\/\/www.esta-officiel-usa.com\/fr\/a-propos-du-visa-waiver-program\/\">Visa Waiver Program<\/a> fallen oder die oben genannten Kriterien nicht erf\u00fcllen.  <\/p>\n\n<p>Diese Genehmigung ist teurer und zeitaufwendiger als die erste. Sie m\u00fcssen z. B. zum <a href=\"https:\/\/www.esta-officiel-usa.com\/de\/besuch-der-us-botschaft-fuer-ein-visum\/\">US-Konsulat oder zur US-Botschaft<\/a> (in Paris) gehen, um ein entscheidendes Gespr\u00e4ch zu f\u00fchren und ausreichende finanzielle Mittel nachzuweisen, um in den USA leben zu k\u00f6nnen. Planen Sie fr\u00fchzeitig, da die 72 Stunden des ESTA nicht mehr gelten. Sie m\u00fcssen vielmehr mit mehreren Wochen oder sogar Monaten rechnen.   <\/p>\n\n<p>F\u00fcr jeden Grund gibt es ein entsprechendes Visum:<\/p>\n\n<ul class=\"wp-block-list\">\n<li>Gesch\u00e4ftsreise: Visum B1<\/li>\n\n\n\n<li>Tourismus: B2-Visum<\/li>\n\n\n\n<li>Praktikum: H3-Visum  <\/li>\n\n\n\n<li>Studien: <a href=\"https:\/\/www.esta-officiel-usa.com\/fr\/demande-de-visa-f1-pour-les-usa\/\">F1-Visum<\/a><\/li>\n\n\n\n<li>Befristete Besch\u00e4ftigung: H2A-Visum<\/li>\n\n\n\n<li>Spezialisierte Besch\u00e4ftigung: <a href=\"https:\/\/www.esta-officiel-usa.com\/de\/das-h1b-visum-fuer-arbeit-in-den-usa\/\">Visum H1B<\/a><\/li>\n\n\n\n<li>Unternehmensleitung: <a href=\"https:\/\/www.esta-officiel-usa.com\/fr\/comment-faire-pour-investir-aux-etats-unis-avec-le-visa-e1-e2\/\">Visum E1<\/a><\/li>\n\n\n\n<li>in ein Unternehmen investieren: <a href=\"https:\/\/www.esta-officiel-usa.com\/fr\/comment-faire-pour-investir-aux-etats-unis-avec-le-visa-e1-e2\/\">E2-Visum<\/a><\/li>\n\n\n\n<li>Transfer als Manager, leitender Angestellter, Fachangestellter: <a href=\"https:\/\/www.esta-officiel-usa.com\/de\/l1-visum-fuer-den-transfer-von-fuehrungskraeften-in-die-usa\/\">L1-Visum<\/a><\/li>\n\n\n\n<li>Austauschprogramm: <a href=\"https:\/\/www.esta-officiel-usa.com\/de\/das-wichtigste-was-sie-ueber-das-j-visum-wissen-sollten\/\">Visum J1<\/a><\/li>\n\n\n\n<li>Hochrangige K\u00fcnstler, Sportler und Wissenschaftler: <a href=\"https:\/\/www.esta-officiel-usa.com\/de\/o-visum-und-p-visum-fuer-sportler-oder-kuenstler\/\">Visum O und P<\/a><\/li>\n\n\n\n<li>usw.<\/li>\n<\/ul>\n\n<p><a href=\"https:\/\/www.esta-officiel-usa.com\/de\/us-visa-fuer-die-einreise-in-die-usa\/\">Die Liste der US-Visa<\/a> ist sehr lang, w\u00e4hlen Sie daher Ihr Visum sorgf\u00e4ltig aus, bevor Sie es beantragen. Bitte beachten Sie auch, dass die Idee eines <a href=\"https:\/\/www.esta-officiel-usa.com\/de\/start-up-visa-program-in-den-usa\/\">Start-up Visa Program<\/a> f\u00fcr Investoren in den USA im Jahr 2018 aufgegeben wurde. <\/p>\n","protected":false},"excerpt":{"rendered":"<p>ESTA oder Visum: Was ist zu beantragen? F\u00fcr jede vor\u00fcbergehende Reise in die USA ist eine Genehmigung f\u00fcr Aufenthalt erforderlich. Es gibt mehrere M\u00f6glichkeiten, darunter das Visum und ESTA f\u00fcr einen franz\u00f6sischen Staatsb\u00fcrger. Aber welches der beiden ist f\u00fcr Ihr Vorhaben am besten geeignet ? In diesem Artikel erl\u00e4utern wir die Unterschiede zwischen beiden Dokumenten, [&hellip;]<\/p>\n","protected":false},"author":1,"featured_media":0,"parent":0,"menu_order":0,"comment_status":"closed","ping_status":"closed","template":"","meta":{"footnotes":""},"class_list":["post-1349","page","type-page","status-publish","hentry"],"yoast_head":"<!-- This site is optimized with the Yoast SEO plugin v26.2 - https:\/\/yoast.com\/wordpress\/plugins\/seo\/ -->\n<title>Unterschied zwischen ESTA und einem US-Visum<\/title>\n<meta name=\"description\" content=\"F\u00fcr jede Reise in die USA ist eine Einreisegenehmigung erforderlich. Es gibt mehrere, darunter das Visum und ESTA.\" \/>\n<meta name=\"robots\" content=\"index, follow, max-snippet:-1, max-image-preview:large, max-video-preview:-1\" \/>\n<link rel=\"canonical\" href=\"https:\/\/www.esta-officiel-usa.com\/de\/unterschied-zwischen-esta-und-einem-us-visum\/\" \/>\n<meta property=\"og:locale\" content=\"de_DE\" \/>\n<meta property=\"og:type\" content=\"article\" \/>\n<meta property=\"og:title\" content=\"Unterschied zwischen ESTA und einem US-Visum\" \/>\n<meta property=\"og:description\" content=\"F\u00fcr jede Reise in die USA ist eine Einreisegenehmigung erforderlich. Es gibt mehrere, darunter das Visum und ESTA.\" \/>\n<meta property=\"og:url\" content=\"https:\/\/www.esta-officiel-usa.com\/de\/unterschied-zwischen-esta-und-einem-us-visum\/\" \/>\n<meta property=\"og:site_name\" content=\"ESTA - Vereinigte Staaten\" \/>\n<meta property=\"article:modified_time\" content=\"2025-09-13T12:02:58+00:00\" \/>\n<meta name=\"twitter:card\" content=\"summary_large_image\" \/>\n<meta name=\"twitter:label1\" content=\"Gesch\u00e4tzte Lesezeit\" \/>\n\t<meta name=\"twitter:data1\" content=\"3\u00a0Minuten\" \/>\n<script type=\"application\/ld+json\" class=\"yoast-schema-graph\">{\"@context\":\"https:\/\/schema.org\",\"@graph\":[{\"@type\":\"WebPage\",\"@id\":\"https:\/\/www.esta-officiel-usa.com\/de\/unterschied-zwischen-esta-und-einem-us-visum\/\",\"url\":\"https:\/\/www.esta-officiel-usa.com\/de\/unterschied-zwischen-esta-und-einem-us-visum\/\",\"name\":\"Unterschied zwischen ESTA und einem US-Visum\",\"isPartOf\":{\"@id\":\"https:\/\/www.esta-officiel-usa.com\/de\/#website\"},\"datePublished\":\"2025-09-13T12:02:42+00:00\",\"dateModified\":\"2025-09-13T12:02:58+00:00\",\"description\":\"F\u00fcr jede Reise in die USA ist eine Einreisegenehmigung erforderlich. Es gibt mehrere, darunter das Visum und ESTA.\",\"breadcrumb\":{\"@id\":\"https:\/\/www.esta-officiel-usa.com\/de\/unterschied-zwischen-esta-und-einem-us-visum\/#breadcrumb\"},\"inLanguage\":\"de\",\"potentialAction\":[{\"@type\":\"ReadAction\",\"target\":[\"https:\/\/www.esta-officiel-usa.com\/de\/unterschied-zwischen-esta-und-einem-us-visum\/\"]}]},{\"@type\":\"BreadcrumbList\",\"@id\":\"https:\/\/www.esta-officiel-usa.com\/de\/unterschied-zwischen-esta-und-einem-us-visum\/#breadcrumb\",\"itemListElement\":[{\"@type\":\"ListItem\",\"position\":1,\"name\":\"Home\",\"item\":\"https:\/\/www.esta-officiel-usa.com\/de\/\"},{\"@type\":\"ListItem\",\"position\":2,\"name\":\"Unterschied zwischen ESTA und einem US-Visum\"}]},{\"@type\":\"WebSite\",\"@id\":\"https:\/\/www.esta-officiel-usa.com\/de\/#website\",\"url\":\"https:\/\/www.esta-officiel-usa.com\/de\/\",\"name\":\"ESTA - Vereinigte Staaten\",\"description\":\"ESTA-Antragsformular\",\"potentialAction\":[{\"@type\":\"SearchAction\",\"target\":{\"@type\":\"EntryPoint\",\"urlTemplate\":\"https:\/\/www.esta-officiel-usa.com\/de\/?s={search_term_string}\"},\"query-input\":{\"@type\":\"PropertyValueSpecification\",\"valueRequired\":true,\"valueName\":\"search_term_string\"}}],\"inLanguage\":\"de\"}]}<\/script>\n<!-- \/ Yoast SEO plugin. -->","yoast_head_json":{"title":"Unterschied zwischen ESTA und einem US-Visum","description":"F\u00fcr jede Reise in die USA ist eine Einreisegenehmigung erforderlich. Es gibt mehrere, darunter das Visum und ESTA.","robots":{"index":"index","follow":"follow","max-snippet":"max-snippet:-1","max-image-preview":"max-image-preview:large","max-video-preview":"max-video-preview:-1"},"canonical":"https:\/\/www.esta-officiel-usa.com\/de\/unterschied-zwischen-esta-und-einem-us-visum\/","og_locale":"de_DE","og_type":"article","og_title":"Unterschied zwischen ESTA und einem US-Visum","og_description":"F\u00fcr jede Reise in die USA ist eine Einreisegenehmigung erforderlich. Es gibt mehrere, darunter das Visum und ESTA.","og_url":"https:\/\/www.esta-officiel-usa.com\/de\/unterschied-zwischen-esta-und-einem-us-visum\/","og_site_name":"ESTA - Vereinigte Staaten","article_modified_time":"2025-09-13T12:02:58+00:00","twitter_card":"summary_large_image","twitter_misc":{"Gesch\u00e4tzte Lesezeit":"3\u00a0Minuten"},"schema":{"@context":"https:\/\/schema.org","@graph":[{"@type":"WebPage","@id":"https:\/\/www.esta-officiel-usa.com\/de\/unterschied-zwischen-esta-und-einem-us-visum\/","url":"https:\/\/www.esta-officiel-usa.com\/de\/unterschied-zwischen-esta-und-einem-us-visum\/","name":"Unterschied zwischen ESTA und einem US-Visum","isPartOf":{"@id":"https:\/\/www.esta-officiel-usa.com\/de\/#website"},"datePublished":"2025-09-13T12:02:42+00:00","dateModified":"2025-09-13T12:02:58+00:00","description":"F\u00fcr jede Reise in die USA ist eine Einreisegenehmigung erforderlich. Es gibt mehrere, darunter das Visum und ESTA.","breadcrumb":{"@id":"https:\/\/www.esta-officiel-usa.com\/de\/unterschied-zwischen-esta-und-einem-us-visum\/#breadcrumb"},"inLanguage":"de","potentialAction":[{"@type":"ReadAction","target":["https:\/\/www.esta-officiel-usa.com\/de\/unterschied-zwischen-esta-und-einem-us-visum\/"]}]},{"@type":"BreadcrumbList","@id":"https:\/\/www.esta-officiel-usa.com\/de\/unterschied-zwischen-esta-und-einem-us-visum\/#breadcrumb","itemListElement":[{"@type":"ListItem","position":1,"name":"Home","item":"https:\/\/www.esta-officiel-usa.com\/de\/"},{"@type":"ListItem","position":2,"name":"Unterschied zwischen ESTA und einem US-Visum"}]},{"@type":"WebSite","@id":"https:\/\/www.esta-officiel-usa.com\/de\/#website","url":"https:\/\/www.esta-officiel-usa.com\/de\/","name":"ESTA - Vereinigte Staaten","description":"ESTA-Antragsformular","potentialAction":[{"@type":"SearchAction","target":{"@type":"EntryPoint","urlTemplate":"https:\/\/www.esta-officiel-usa.com\/de\/?s={search_term_string}"},"query-input":{"@type":"PropertyValueSpecification","valueRequired":true,"valueName":"search_term_string"}}],"inLanguage":"de"}]}},"_links":{"self":[{"href":"https:\/\/www.esta-officiel-usa.com\/de\/wp-json\/wp\/v2\/pages\/1349","targetHints":{"allow":["GET"]}}],"collection":[{"href":"https:\/\/www.esta-officiel-usa.com\/de\/wp-json\/wp\/v2\/pages"}],"about":[{"href":"https:\/\/www.esta-officiel-usa.com\/de\/wp-json\/wp\/v2\/types\/page"}],"author":[{"embeddable":true,"href":"https:\/\/www.esta-officiel-usa.com\/de\/wp-json\/wp\/v2\/users\/1"}],"replies":[{"embeddable":true,"href":"https:\/\/www.esta-officiel-usa.com\/de\/wp-json\/wp\/v2\/comments?post=1349"}],"version-history":[{"count":3,"href":"https:\/\/www.esta-officiel-usa.com\/de\/wp-json\/wp\/v2\/pages\/1349\/revisions"}],"predecessor-version":[{"id":1426,"href":"https:\/\/www.esta-officiel-usa.com\/de\/wp-json\/wp\/v2\/pages\/1349\/revisions\/1426"}],"wp:attachment":[{"href":"https:\/\/www.esta-officiel-usa.com\/de\/wp-json\/wp\/v2\/media?parent=1349"}],"curies":[{"name":"wp","href":"https:\/\/api.w.org\/{rel}","templated":true}]}}