{"id":1361,"date":"2025-09-13T12:02:45","date_gmt":"2025-09-13T12:02:45","guid":{"rendered":"https:\/\/www.esta-officiel-usa.com\/esta-verlaengern\/"},"modified":"2025-09-13T12:02:45","modified_gmt":"2025-09-13T12:02:45","slug":"esta-verlaengern","status":"publish","type":"page","link":"https:\/\/www.esta-officiel-usa.com\/de\/esta-verlaengern\/","title":{"rendered":"ESTA verl\u00e4ngern"},"content":{"rendered":"\n<h1 class=\"wp-block-heading\">SEINEN ESTA-ANTRAG ERNEUERN<\/h1>\n\n<p>Auch wenn Sie Ihren ersten ESTA-Antrag erfolgreich abgeschlossen haben, ist die Genehmigung nur zwei Jahre g\u00fcltig. Nach Ablauf dieser Frist m\u00fcssen Sie in jedem Fall den Antrag f\u00fcr einen neuen Aufenthalt in den USA erneut stellen. Eine ESTA-Verl\u00e4ngerung bedeutet, dass Sie einfach einen neuen Antrag stellen. Dies ist auch m\u00f6glich, wenn Ihr erstes Dokument noch nicht abgelaufen ist. Bereiten Sie sich also auf ein D\u00e9j\u00e0-vu vor und gehen Sie zur\u00fcck ins Internet!    <\/p>\n\n<h2 class=\"wp-block-heading\">SCHRITT ZUR ERNEUERUNG DES ESTA<\/h2>\n\n<p>Die zweij\u00e4hrige G\u00fcltigkeit des ESTA (Electronic System for Travel Authorization) ist streng: Die US-Beh\u00f6rden werden Ihnen nicht einen Tag l\u00e4nger Zeit geben. Gehen Sie niemals das Risiko ein, mit einem abgelaufenen Dokument in die USA einzureisen. Es gibt nur eine L\u00f6sung: Verl\u00e4ngern Sie Ihren <a href=\"https:\/\/www.esta-officiel-usa.com\/fr\/completer-sa-demande-officielle-desta\/\">ESTA-Antrag<\/a> online.  <\/p>\n\n<p>Die Verl\u00e4ngerung besteht aus nichts anderem, als dass Sie die Felder des Formulars erneut ausf\u00fcllen. Sie k\u00f6nnen nicht zu Ihrem fr\u00fcheren ESTA zur\u00fcckkehren und beispielsweise auf eine Schaltfl\u00e4che &#8222;Antrag erneuern&#8220; klicken. Vermeiden Sie das Kopieren und Einf\u00fcgen Ihres urspr\u00fcnglichen Formulars: Sie k\u00f6nnten einige \u00c4nderungen vergessen, die in der Zwischenzeit stattgefunden haben. Au\u00dferdem k\u00f6nnen die Gr\u00fcnde f\u00fcr Ihren Aufenthalt und Ihr Gesundheitszustand anders sein.   <\/p>\n\n<p>Erwarten Sie auch nicht, dass Sie von den Bearbeitungsgeb\u00fchren befreit werden: Jeder Antrag erfordert die Zahlung dieser Geb\u00fchren, da Ihr Fall vollst\u00e4ndig \u00fcberpr\u00fcft wird.<\/p>\n\n<p>Sie k\u00f6nnen Ihr offizielles ESTA verl\u00e4ngern, ohne die zweij\u00e4hrige G\u00fcltigkeitsdauer abzuwarten. Dies ist manchmal erforderlich, wenn bestimmte Angaben nicht mehr aktuell sind: Passnummer, Adresse, Vorstrafen&#8230;. <\/p>\n\n<h2 class=\"wp-block-heading\">EIN ERSTER ESTA-ERFOLG SICHERT NICHT DEN ZWEITEN!<\/h2>\n\n<p>Bitte denken Sie nicht, dass nach einer ersten Genehmigung automatisch eine zweite erfolgt. Die US-Beh\u00f6rden stellen keine Verbindung zwischen zwei Antr\u00e4gen her, und eine einzige \u00c4nderung seit Ihrem vorherigen ESTA-Antrag kann ausreichen, um eine Ablehnung zu bewirken, wenn er nicht mehr <a href=\"https:\/\/www.esta-officiel-usa.com\/de\/welche-regeln-gelten-fuer-den-erhalt-von-esta\/\">den Regeln f\u00fcr die Erteilung<\/a> entspricht. <\/p>\n\n<p>Beachten Sie alle Bedingungen des <a href=\"https:\/\/www.esta-officiel-usa.com\/fr\/a-propos-du-visa-waiver-program\/\">Visa Waiver Program (VWP)<\/a>:<\/p>\n\n<ul class=\"wp-block-list\"><li>Es betrifft die Staatsangeh\u00f6rigen von 38 Mitgliedsstaaten, schlie\u00dft aber diejenigen mit doppelter Staatsb\u00fcrgerschaft aus, die die Staatsangeh\u00f6rigkeit von Irak, Iran, Syrien und Sudan haben;<\/li><li>Der Aufenthalt in den USA darf nicht l\u00e4nger als 90 Tage dauern;<\/li><li>Ihr Zweck muss Tourismus, Gesch\u00e4ft oder Transit sein;<\/li><li>Ihr Reisepass muss g\u00fcltig sein;<\/li><li>Sie m\u00fcssen den Fragebogen zufriedenstellend beantworten.<\/li><\/ul>\n\n<p>Wenn sich seit Ihrem ersten Antrag nichts ge\u00e4ndert hat, ist es wahrscheinlich, dass auch der zweite Antrag erfolgreich sein wird, aber lassen Sie sich nicht entmutigen.<\/p>\n\n<p>Um Ihre Genehmigung nicht zu verz\u00f6gern, z. B. wenn Sie einen Tippfehler gemacht haben, k\u00f6nnen Sie unseren ESTA-Online-Support in Anspruch nehmen, der Ihnen auch bei Ihrem <a href=\"https:\/\/www.esta-officiel-usa.com\/de\/die-formalitaeten-fuer-einen-besuch-in-den-usa\/\">Besuch in den USA<\/a> behilflich sein kann.<\/p>\n","protected":false},"excerpt":{"rendered":"<p>SEINEN ESTA-ANTRAG ERNEUERN Auch wenn Sie Ihren ersten ESTA-Antrag erfolgreich abgeschlossen haben, ist die Genehmigung nur zwei Jahre g\u00fcltig. Nach Ablauf dieser Frist m\u00fcssen Sie in jedem Fall den Antrag f\u00fcr einen neuen Aufenthalt in den USA erneut stellen. Eine ESTA-Verl\u00e4ngerung bedeutet, dass Sie einfach einen neuen Antrag stellen. Dies ist auch m\u00f6glich, wenn Ihr [&hellip;]<\/p>\n","protected":false},"author":1,"featured_media":0,"parent":0,"menu_order":0,"comment_status":"closed","ping_status":"closed","template":"","meta":{"footnotes":""},"class_list":["post-1361","page","type-page","status-publish","hentry"],"yoast_head":"<!-- This site is optimized with the Yoast SEO plugin v26.2 - https:\/\/yoast.com\/wordpress\/plugins\/seo\/ -->\n<title>ESTA verl\u00e4ngern<\/title>\n<meta name=\"description\" content=\"Auch wenn Sie Ihren ersten ESTA-Antrag erfolgreich abgeschlossen haben, ist die Genehmigung nur zwei Jahre g\u00fcltig und Sie m\u00fcssen sie erneuern.\" \/>\n<meta name=\"robots\" content=\"index, follow, max-snippet:-1, max-image-preview:large, max-video-preview:-1\" \/>\n<link rel=\"canonical\" href=\"https:\/\/www.esta-officiel-usa.com\/de\/esta-verlaengern\/\" \/>\n<meta property=\"og:locale\" content=\"de_DE\" \/>\n<meta property=\"og:type\" content=\"article\" \/>\n<meta property=\"og:title\" content=\"ESTA verl\u00e4ngern\" \/>\n<meta property=\"og:description\" content=\"Auch wenn Sie Ihren ersten ESTA-Antrag erfolgreich abgeschlossen haben, ist die Genehmigung nur zwei Jahre g\u00fcltig und Sie m\u00fcssen sie erneuern.\" \/>\n<meta property=\"og:url\" content=\"https:\/\/www.esta-officiel-usa.com\/de\/esta-verlaengern\/\" \/>\n<meta property=\"og:site_name\" content=\"ESTA - Vereinigte Staaten\" \/>\n<meta name=\"twitter:card\" content=\"summary_large_image\" \/>\n<meta name=\"twitter:label1\" content=\"Gesch\u00e4tzte Lesezeit\" \/>\n\t<meta name=\"twitter:data1\" content=\"2\u00a0Minuten\" \/>\n<script type=\"application\/ld+json\" class=\"yoast-schema-graph\">{\"@context\":\"https:\/\/schema.org\",\"@graph\":[{\"@type\":\"WebPage\",\"@id\":\"https:\/\/www.esta-officiel-usa.com\/de\/esta-verlaengern\/\",\"url\":\"https:\/\/www.esta-officiel-usa.com\/de\/esta-verlaengern\/\",\"name\":\"ESTA verl\u00e4ngern\",\"isPartOf\":{\"@id\":\"https:\/\/www.esta-officiel-usa.com\/de\/#website\"},\"datePublished\":\"2025-09-13T12:02:45+00:00\",\"description\":\"Auch wenn Sie Ihren ersten ESTA-Antrag erfolgreich abgeschlossen haben, ist die Genehmigung nur zwei Jahre g\u00fcltig und Sie m\u00fcssen sie erneuern.\",\"breadcrumb\":{\"@id\":\"https:\/\/www.esta-officiel-usa.com\/de\/esta-verlaengern\/#breadcrumb\"},\"inLanguage\":\"de\",\"potentialAction\":[{\"@type\":\"ReadAction\",\"target\":[\"https:\/\/www.esta-officiel-usa.com\/de\/esta-verlaengern\/\"]}]},{\"@type\":\"BreadcrumbList\",\"@id\":\"https:\/\/www.esta-officiel-usa.com\/de\/esta-verlaengern\/#breadcrumb\",\"itemListElement\":[{\"@type\":\"ListItem\",\"position\":1,\"name\":\"Home\",\"item\":\"https:\/\/www.esta-officiel-usa.com\/de\/\"},{\"@type\":\"ListItem\",\"position\":2,\"name\":\"ESTA verl\u00e4ngern\"}]},{\"@type\":\"WebSite\",\"@id\":\"https:\/\/www.esta-officiel-usa.com\/de\/#website\",\"url\":\"https:\/\/www.esta-officiel-usa.com\/de\/\",\"name\":\"ESTA - Vereinigte Staaten\",\"description\":\"ESTA-Antragsformular\",\"potentialAction\":[{\"@type\":\"SearchAction\",\"target\":{\"@type\":\"EntryPoint\",\"urlTemplate\":\"https:\/\/www.esta-officiel-usa.com\/de\/?s={search_term_string}\"},\"query-input\":{\"@type\":\"PropertyValueSpecification\",\"valueRequired\":true,\"valueName\":\"search_term_string\"}}],\"inLanguage\":\"de\"}]}<\/script>\n<!-- \/ Yoast SEO plugin. -->","yoast_head_json":{"title":"ESTA verl\u00e4ngern","description":"Auch wenn Sie Ihren ersten ESTA-Antrag erfolgreich abgeschlossen haben, ist die Genehmigung nur zwei Jahre g\u00fcltig und Sie m\u00fcssen sie erneuern.","robots":{"index":"index","follow":"follow","max-snippet":"max-snippet:-1","max-image-preview":"max-image-preview:large","max-video-preview":"max-video-preview:-1"},"canonical":"https:\/\/www.esta-officiel-usa.com\/de\/esta-verlaengern\/","og_locale":"de_DE","og_type":"article","og_title":"ESTA verl\u00e4ngern","og_description":"Auch wenn Sie Ihren ersten ESTA-Antrag erfolgreich abgeschlossen haben, ist die Genehmigung nur zwei Jahre g\u00fcltig und Sie m\u00fcssen sie erneuern.","og_url":"https:\/\/www.esta-officiel-usa.com\/de\/esta-verlaengern\/","og_site_name":"ESTA - Vereinigte Staaten","twitter_card":"summary_large_image","twitter_misc":{"Gesch\u00e4tzte Lesezeit":"2\u00a0Minuten"},"schema":{"@context":"https:\/\/schema.org","@graph":[{"@type":"WebPage","@id":"https:\/\/www.esta-officiel-usa.com\/de\/esta-verlaengern\/","url":"https:\/\/www.esta-officiel-usa.com\/de\/esta-verlaengern\/","name":"ESTA verl\u00e4ngern","isPartOf":{"@id":"https:\/\/www.esta-officiel-usa.com\/de\/#website"},"datePublished":"2025-09-13T12:02:45+00:00","description":"Auch wenn Sie Ihren ersten ESTA-Antrag erfolgreich abgeschlossen haben, ist die Genehmigung nur zwei Jahre g\u00fcltig und Sie m\u00fcssen sie erneuern.","breadcrumb":{"@id":"https:\/\/www.esta-officiel-usa.com\/de\/esta-verlaengern\/#breadcrumb"},"inLanguage":"de","potentialAction":[{"@type":"ReadAction","target":["https:\/\/www.esta-officiel-usa.com\/de\/esta-verlaengern\/"]}]},{"@type":"BreadcrumbList","@id":"https:\/\/www.esta-officiel-usa.com\/de\/esta-verlaengern\/#breadcrumb","itemListElement":[{"@type":"ListItem","position":1,"name":"Home","item":"https:\/\/www.esta-officiel-usa.com\/de\/"},{"@type":"ListItem","position":2,"name":"ESTA verl\u00e4ngern"}]},{"@type":"WebSite","@id":"https:\/\/www.esta-officiel-usa.com\/de\/#website","url":"https:\/\/www.esta-officiel-usa.com\/de\/","name":"ESTA - Vereinigte Staaten","description":"ESTA-Antragsformular","potentialAction":[{"@type":"SearchAction","target":{"@type":"EntryPoint","urlTemplate":"https:\/\/www.esta-officiel-usa.com\/de\/?s={search_term_string}"},"query-input":{"@type":"PropertyValueSpecification","valueRequired":true,"valueName":"search_term_string"}}],"inLanguage":"de"}]}},"_links":{"self":[{"href":"https:\/\/www.esta-officiel-usa.com\/de\/wp-json\/wp\/v2\/pages\/1361","targetHints":{"allow":["GET"]}}],"collection":[{"href":"https:\/\/www.esta-officiel-usa.com\/de\/wp-json\/wp\/v2\/pages"}],"about":[{"href":"https:\/\/www.esta-officiel-usa.com\/de\/wp-json\/wp\/v2\/types\/page"}],"author":[{"embeddable":true,"href":"https:\/\/www.esta-officiel-usa.com\/de\/wp-json\/wp\/v2\/users\/1"}],"replies":[{"embeddable":true,"href":"https:\/\/www.esta-officiel-usa.com\/de\/wp-json\/wp\/v2\/comments?post=1361"}],"version-history":[{"count":1,"href":"https:\/\/www.esta-officiel-usa.com\/de\/wp-json\/wp\/v2\/pages\/1361\/revisions"}],"predecessor-version":[{"id":1362,"href":"https:\/\/www.esta-officiel-usa.com\/de\/wp-json\/wp\/v2\/pages\/1361\/revisions\/1362"}],"wp:attachment":[{"href":"https:\/\/www.esta-officiel-usa.com\/de\/wp-json\/wp\/v2\/media?parent=1361"}],"curies":[{"name":"wp","href":"https:\/\/api.w.org\/{rel}","templated":true}]}}