{"id":1372,"date":"2025-09-13T12:02:47","date_gmt":"2025-09-13T12:02:47","guid":{"rendered":"https:\/\/www.esta-officiel-usa.com\/was-ist-esta\/"},"modified":"2025-09-13T12:02:51","modified_gmt":"2025-09-13T12:02:51","slug":"was-ist-esta","status":"publish","type":"page","link":"https:\/\/www.esta-officiel-usa.com\/de\/was-ist-esta\/","title":{"rendered":"Was ist ESTA?"},"content":{"rendered":"\n<h1 class=\"wp-block-heading\">ESTA: WAS IST DAS?<\/h1>\n\n<p>Die Grenzen der USA geh\u00f6ren zu den am st\u00e4rksten \u00fcberwachten der Welt. Da der Zugang zum US-Territorium streng kontrolliert wird, m\u00f6chte die Regierung vor der Einreichung des ESTA <a href=\"https:\/\/www.esta-officiel-usa.com\/fr\/obtenir-un-esta-en-ligne\/\">online<\/a> sicherstellen, dass eine ausl\u00e4ndische Person, die die Grenze \u00fcberqueren m\u00f6chte, nicht beabsichtigt, der Nation zu schaden und nicht mit einem Einreiseverbot belegt ist. <\/p>\n\n<p>Im <a href=\"https:\/\/www.esta-officiel-usa.com\/de\/der-unterschied-zwischen-einem-esta-und-einem-visumantrag\/\">Gegensatz<\/a> zum klassischen Visum ist das elektronische Reisegenehmigungssystem ESTA (Electronic System for Travel Authorization) ein Formular, das die B\u00fcrger der 38 L\u00e4nder, die am <a href=\"https:\/\/www.esta-officiel-usa.com\/fr\/les-38-pays-partenaires-du-visa-waiver-program\/\">Visa Waiver Program<\/a> teilnehmen, im Internet ausf\u00fcllen m\u00fcssen, wenn sie f\u00fcr weniger als 90 Tage in die USA reisen m\u00f6chten. Diese Vorabgenehmigung (die vom <a href=\"https:\/\/www.esta-officiel-usa.com\/fr\/le-departement-de-la-securite-interieure-americain\/\">DHS<\/a> verwaltet wird) wurde 2009 von der US-Regierung eingef\u00fchrt (seit kurzem auch in <a href=\"https:\/\/www.esta-officiel-usa.com\/fr\/lautorisation-de-voyage-esta-canada\/\">Kanada<\/a> und bald auch in Europa mit<a href=\"https:\/\/www.esta-officiel-usa.com\/de\/etias-europe-inspiriert-von-esta-in-den-usa\/\">ETIAS<\/a>), um <a href=\"https:\/\/www.esta-officiel-usa.com\/de\/sicherheitsmassnahmen-fuer-die-einreise-in-die-usa\/\">die Sicherheit<\/a> des Landes und der Flugh\u00e4fen zu erh\u00f6hen. <\/p>\n\n<p>So m\u00fcssen Franzosen, die f\u00fcr einen Kurzaufenthalt oder eine <a href=\"https:\/\/www.esta-officiel-usa.com\/fr\/esta-pour-transit-aux-etats-unis\/\">Durchreise<\/a> die Grenze zu den USA \u00fcberqueren wollen, nicht mehr das relativ langwierige Verfahren f\u00fcr ein <a href=\"https:\/\/www.esta-officiel-usa.com\/fr\/les-conditions-a-respecter-pour-obtenir-le-visa-usa\/\">USA-Visum<\/a> durchlaufen, sondern nur noch das <a href=\"https:\/\/www.esta-officiel-usa.com\/fr\/formulaire-esta-a-qui-est-il-destine\/\">ESTA-Formular<\/a> ausf\u00fcllen, um ihre Ankunft in den USA zu melden.<\/p>\n\n<p>Sie k\u00f6nnen problemlos die <a href=\"https:\/\/www.esta-officiel-usa.com\/de\/esta-genehmigung-von-frankreich-aus\/\">ESTA-Genehmigung f\u00fcr Frankreich<\/a> erhalten, die nur f\u00fcr Touristen (z.B. <a href=\"https:\/\/www.esta-officiel-usa.com\/de\/entdecken-sie-die-nationalparks-in-den-usa\/\">Nationalparks<\/a>!), <a href=\"https:\/\/www.esta-officiel-usa.com\/de\/die-formalitaeten-fuer-einen-besuch-in-den-usa\/\">Gesch\u00e4ftsreisende<\/a> oder Transitreisende gedacht ist.<\/p>\n\n<p>Das ESTA hat eine <a href=\"https:\/\/www.esta-officiel-usa.com\/fr\/la-duree-de-validite-de-lesta\/\">G\u00fcltigkeitsdauer<\/a> von zwei Jahren ab dem Ausstellungsdatum oder bis zum Ablaufdatum des Reisepasses, wenn dieser weniger als zwei Jahre g\u00fcltig ist.<\/p>\n\n<p>Der Besitz einer der beiden akzeptierten Passarten ist eine wesentliche Voraussetzung f\u00fcr die Erteilung dieser Genehmigung:<\/p>\n\n<ul class=\"wp-block-list\"><li>biometrischer Reisepass<\/li><li>elektronischer Reisepass<\/li><\/ul>\n\n<p><strong>Bitte beachten Sie: <\/strong>Der <a href=\"https:\/\/www.esta-officiel-usa.com\/de\/\">Antrag auf ESTA-Reisegenehmigung<\/a> muss sp\u00e4testens 72 Stunden vor der Abreise online ausgef\u00fcllt werden. Denken Sie also daran, <a href=\"https:\/\/www.esta-officiel-usa.com\/de\/das-esta-formular-online-ausfuellen\/\">den Antrag auszuf\u00fcllen<\/a>, sobald Sie Ihre Reisedaten kennen. <\/p>\n","protected":false},"excerpt":{"rendered":"<p>ESTA: WAS IST DAS? Die Grenzen der USA geh\u00f6ren zu den am st\u00e4rksten \u00fcberwachten der Welt. Da der Zugang zum US-Territorium streng kontrolliert wird, m\u00f6chte die Regierung vor der Einreichung des ESTA online sicherstellen, dass eine ausl\u00e4ndische Person, die die Grenze \u00fcberqueren m\u00f6chte, nicht beabsichtigt, der Nation zu schaden und nicht mit einem Einreiseverbot belegt [&hellip;]<\/p>\n","protected":false},"author":1,"featured_media":0,"parent":0,"menu_order":0,"comment_status":"closed","ping_status":"closed","template":"","meta":{"footnotes":""},"class_list":["post-1372","page","type-page","status-publish","hentry"],"yoast_head":"<!-- This site is optimized with the Yoast SEO plugin v26.2 - https:\/\/yoast.com\/wordpress\/plugins\/seo\/ -->\n<title>Was ist ESTA?<\/title>\n<meta name=\"description\" content=\"Um die Sicherheit auf amerikanischem Boden zu erh\u00f6hen, hat die Regierung das ESTA-Programm eingef\u00fchrt. Unsere Experten erkl\u00e4ren Ihnen, was es damit auf sich hat.\" \/>\n<meta name=\"robots\" content=\"index, follow, max-snippet:-1, max-image-preview:large, max-video-preview:-1\" \/>\n<link rel=\"canonical\" href=\"https:\/\/www.esta-officiel-usa.com\/de\/was-ist-esta\/\" \/>\n<meta property=\"og:locale\" content=\"de_DE\" \/>\n<meta property=\"og:type\" content=\"article\" \/>\n<meta property=\"og:title\" content=\"Was ist ESTA?\" \/>\n<meta property=\"og:description\" content=\"Um die Sicherheit auf amerikanischem Boden zu erh\u00f6hen, hat die Regierung das ESTA-Programm eingef\u00fchrt. Unsere Experten erkl\u00e4ren Ihnen, was es damit auf sich hat.\" \/>\n<meta property=\"og:url\" content=\"https:\/\/www.esta-officiel-usa.com\/de\/was-ist-esta\/\" \/>\n<meta property=\"og:site_name\" content=\"ESTA - Vereinigte Staaten\" \/>\n<meta property=\"article:modified_time\" content=\"2025-09-13T12:02:51+00:00\" \/>\n<meta name=\"twitter:card\" content=\"summary_large_image\" \/>\n<meta name=\"twitter:label1\" content=\"Gesch\u00e4tzte Lesezeit\" \/>\n\t<meta name=\"twitter:data1\" content=\"1\u00a0Minute\" \/>\n<script type=\"application\/ld+json\" class=\"yoast-schema-graph\">{\"@context\":\"https:\/\/schema.org\",\"@graph\":[{\"@type\":\"WebPage\",\"@id\":\"https:\/\/www.esta-officiel-usa.com\/de\/was-ist-esta\/\",\"url\":\"https:\/\/www.esta-officiel-usa.com\/de\/was-ist-esta\/\",\"name\":\"Was ist ESTA?\",\"isPartOf\":{\"@id\":\"https:\/\/www.esta-officiel-usa.com\/de\/#website\"},\"datePublished\":\"2025-09-13T12:02:47+00:00\",\"dateModified\":\"2025-09-13T12:02:51+00:00\",\"description\":\"Um die Sicherheit auf amerikanischem Boden zu erh\u00f6hen, hat die Regierung das ESTA-Programm eingef\u00fchrt. Unsere Experten erkl\u00e4ren Ihnen, was es damit auf sich hat.\",\"breadcrumb\":{\"@id\":\"https:\/\/www.esta-officiel-usa.com\/de\/was-ist-esta\/#breadcrumb\"},\"inLanguage\":\"de\",\"potentialAction\":[{\"@type\":\"ReadAction\",\"target\":[\"https:\/\/www.esta-officiel-usa.com\/de\/was-ist-esta\/\"]}]},{\"@type\":\"BreadcrumbList\",\"@id\":\"https:\/\/www.esta-officiel-usa.com\/de\/was-ist-esta\/#breadcrumb\",\"itemListElement\":[{\"@type\":\"ListItem\",\"position\":1,\"name\":\"Home\",\"item\":\"https:\/\/www.esta-officiel-usa.com\/de\/\"},{\"@type\":\"ListItem\",\"position\":2,\"name\":\"Was ist ESTA?\"}]},{\"@type\":\"WebSite\",\"@id\":\"https:\/\/www.esta-officiel-usa.com\/de\/#website\",\"url\":\"https:\/\/www.esta-officiel-usa.com\/de\/\",\"name\":\"ESTA - Vereinigte Staaten\",\"description\":\"ESTA-Antragsformular\",\"potentialAction\":[{\"@type\":\"SearchAction\",\"target\":{\"@type\":\"EntryPoint\",\"urlTemplate\":\"https:\/\/www.esta-officiel-usa.com\/de\/?s={search_term_string}\"},\"query-input\":{\"@type\":\"PropertyValueSpecification\",\"valueRequired\":true,\"valueName\":\"search_term_string\"}}],\"inLanguage\":\"de\"}]}<\/script>\n<!-- \/ Yoast SEO plugin. -->","yoast_head_json":{"title":"Was ist ESTA?","description":"Um die Sicherheit auf amerikanischem Boden zu erh\u00f6hen, hat die Regierung das ESTA-Programm eingef\u00fchrt. Unsere Experten erkl\u00e4ren Ihnen, was es damit auf sich hat.","robots":{"index":"index","follow":"follow","max-snippet":"max-snippet:-1","max-image-preview":"max-image-preview:large","max-video-preview":"max-video-preview:-1"},"canonical":"https:\/\/www.esta-officiel-usa.com\/de\/was-ist-esta\/","og_locale":"de_DE","og_type":"article","og_title":"Was ist ESTA?","og_description":"Um die Sicherheit auf amerikanischem Boden zu erh\u00f6hen, hat die Regierung das ESTA-Programm eingef\u00fchrt. Unsere Experten erkl\u00e4ren Ihnen, was es damit auf sich hat.","og_url":"https:\/\/www.esta-officiel-usa.com\/de\/was-ist-esta\/","og_site_name":"ESTA - Vereinigte Staaten","article_modified_time":"2025-09-13T12:02:51+00:00","twitter_card":"summary_large_image","twitter_misc":{"Gesch\u00e4tzte Lesezeit":"1\u00a0Minute"},"schema":{"@context":"https:\/\/schema.org","@graph":[{"@type":"WebPage","@id":"https:\/\/www.esta-officiel-usa.com\/de\/was-ist-esta\/","url":"https:\/\/www.esta-officiel-usa.com\/de\/was-ist-esta\/","name":"Was ist ESTA?","isPartOf":{"@id":"https:\/\/www.esta-officiel-usa.com\/de\/#website"},"datePublished":"2025-09-13T12:02:47+00:00","dateModified":"2025-09-13T12:02:51+00:00","description":"Um die Sicherheit auf amerikanischem Boden zu erh\u00f6hen, hat die Regierung das ESTA-Programm eingef\u00fchrt. Unsere Experten erkl\u00e4ren Ihnen, was es damit auf sich hat.","breadcrumb":{"@id":"https:\/\/www.esta-officiel-usa.com\/de\/was-ist-esta\/#breadcrumb"},"inLanguage":"de","potentialAction":[{"@type":"ReadAction","target":["https:\/\/www.esta-officiel-usa.com\/de\/was-ist-esta\/"]}]},{"@type":"BreadcrumbList","@id":"https:\/\/www.esta-officiel-usa.com\/de\/was-ist-esta\/#breadcrumb","itemListElement":[{"@type":"ListItem","position":1,"name":"Home","item":"https:\/\/www.esta-officiel-usa.com\/de\/"},{"@type":"ListItem","position":2,"name":"Was ist ESTA?"}]},{"@type":"WebSite","@id":"https:\/\/www.esta-officiel-usa.com\/de\/#website","url":"https:\/\/www.esta-officiel-usa.com\/de\/","name":"ESTA - Vereinigte Staaten","description":"ESTA-Antragsformular","potentialAction":[{"@type":"SearchAction","target":{"@type":"EntryPoint","urlTemplate":"https:\/\/www.esta-officiel-usa.com\/de\/?s={search_term_string}"},"query-input":{"@type":"PropertyValueSpecification","valueRequired":true,"valueName":"search_term_string"}}],"inLanguage":"de"}]}},"_links":{"self":[{"href":"https:\/\/www.esta-officiel-usa.com\/de\/wp-json\/wp\/v2\/pages\/1372","targetHints":{"allow":["GET"]}}],"collection":[{"href":"https:\/\/www.esta-officiel-usa.com\/de\/wp-json\/wp\/v2\/pages"}],"about":[{"href":"https:\/\/www.esta-officiel-usa.com\/de\/wp-json\/wp\/v2\/types\/page"}],"author":[{"embeddable":true,"href":"https:\/\/www.esta-officiel-usa.com\/de\/wp-json\/wp\/v2\/users\/1"}],"replies":[{"embeddable":true,"href":"https:\/\/www.esta-officiel-usa.com\/de\/wp-json\/wp\/v2\/comments?post=1372"}],"version-history":[{"count":1,"href":"https:\/\/www.esta-officiel-usa.com\/de\/wp-json\/wp\/v2\/pages\/1372\/revisions"}],"predecessor-version":[{"id":1373,"href":"https:\/\/www.esta-officiel-usa.com\/de\/wp-json\/wp\/v2\/pages\/1372\/revisions\/1373"}],"wp:attachment":[{"href":"https:\/\/www.esta-officiel-usa.com\/de\/wp-json\/wp\/v2\/media?parent=1372"}],"curies":[{"name":"wp","href":"https:\/\/api.w.org\/{rel}","templated":true}]}}