{"id":1374,"date":"2025-09-13T12:02:48","date_gmt":"2025-09-13T12:02:48","guid":{"rendered":"https:\/\/www.esta-officiel-usa.com\/esta-glossar-und-allgemeine-begriffe\/"},"modified":"2025-09-13T12:02:51","modified_gmt":"2025-09-13T12:02:51","slug":"esta-glossar-und-allgemeine-begriffe","status":"publish","type":"page","link":"https:\/\/www.esta-officiel-usa.com\/de\/esta-glossar-und-allgemeine-begriffe\/","title":{"rendered":"ESTA: Glossar und allgemeine Begriffe"},"content":{"rendered":"\n<h1 class=\"wp-block-heading\">LEXIKON &#8211; ALLGEMEINE BEGRIFFE RUND UM DIE ESTA<\/h1>\n\n<p>Obwohl das Verfahren relativ einfach ist, gibt es viele (vor allem englische) Begriffe, die im Zusammenhang mit dem<a href=\"https:\/\/www.esta-officiel-usa.com\/de\/\">ESTA<\/a> verwendet werden. Um Verwirrung zu vermeiden, haben wir die meisten W\u00f6rter im Zusammenhang mit dem ESTA-Formular in einem Lexikon zusammengefasst. <\/p>\n\n<p>Weitere Informationen finden Sie in den <a href=\"https:\/\/www.esta-officiel-usa.com\/fr\/news\/\">Nachrichten<\/a>, den <a href=\"https:\/\/www.esta-officiel-usa.com\/de\/esta-haeufig-gestellte-fragen\/\">h\u00e4ufig gestellten Fragen<\/a> und auf unserer<a href=\"https:\/\/www.esta-officiel-usa.com\/de\/esta-hilfethemen\/\">Hilfeseite<\/a>.<br\/> <\/p>\n\n<h2 class=\"wp-block-heading\">AMBASSADE<\/h2>\n\n<p>Die Botschaft ist eine diplomatische Einrichtung, die ein Land in einem anderen Land vertritt. Ihre Aufgaben sind unter anderem die Aufrechterhaltung der diplomatischen Beziehungen mit dem Gastland und die Unterst\u00fctzung von im Ausland lebenden Personen, wenn diese Hilfe ben\u00f6tigen. <\/p>\n\n<h2 class=\"wp-block-heading\">GR\u00dcNE KARTE<\/h2>\n\n<p>Die Green Card ist die Daueraufenthaltskarte. Sie wird durch einen amerikanischen Sponsor, haupts\u00e4chlich aus famili\u00e4ren oder beruflichen Gr\u00fcnden, oder durch das Losverfahren vergeben. <\/p>\n\n<h2 class=\"wp-block-heading\">CONSULAT<\/h2>\n\n<p>Das Konsulat ist eine Organisation, die sich um die Beziehungen zu den Auswanderern in dem Land k\u00fcmmert, in dem es sich befindet. Seine Aufgaben umfassen die Erfassung und Unterst\u00fctzung von Staatsangeh\u00f6rigen. Das Konsulat fungiert als B\u00fcrgermeisteramt und ist f\u00fcr die Ausstellung von Personenstandsdokumenten (Reisepass, Personalausweis usw.) unter Beachtung der \u00f6rtlichen Gesetze zust\u00e4ndig.  <\/p>\n\n<h2 class=\"wp-block-heading\">DEPARTMENT OF HOMELAND SECURITY DER VEREINIGTEN STAATEN VON AMERIKA<\/h2>\n\n<p>Diese Abteilung der US-Regierung hat die Aufgabe, die innere Sicherheit der USA zu organisieren und zu gew\u00e4hrleisten. Diese Abteilung ist das Ergebnis einer Reorganisation von 22 Bundesbeh\u00f6rden nach den Anschl\u00e4gen vom 11. September 2001. Diese Abteilung ist auch f\u00fcr die Bearbeitung von ESTA-Antr\u00e4gen zust\u00e4ndig.  <\/p>\n\n<h2 class=\"wp-block-heading\">AUSSENMINISTERIUM DER VEREINIGTEN STAATEN<\/h2>\n\n<p>Das Au\u00dfenministerium der Vereinigten Staaten ist f\u00fcr die internationalen Beziehungen zust\u00e4ndig, \u00e4hnlich wie das Au\u00dfenministerium in Frankreich. Es verf\u00fcgt \u00fcber ein Netz von Botschaften, Konsulaten und diplomatischen Vertretungen in 188 L\u00e4ndern. <\/p>\n\n<h2 class=\"wp-block-heading\">ZOLL<\/h2>\n\n<p>Die Zollbeh\u00f6rde ist eine Beh\u00f6rde des US-Ministeriums f\u00fcr Innere Sicherheit, die f\u00fcr den Schutz der US-Grenzen zust\u00e4ndig ist. Zu ihren Aufgaben geh\u00f6rt die Bek\u00e4mpfung der Infiltration von Terroristen, der illegalen Einfuhr von Feuerwaffen, Schmuggelware und Drogen sowie der illegalen Einwanderung. <\/p>\n\n<h2 class=\"wp-block-heading\">FORMULAR F\u00dcR DIE ZOLLANMELDUNG 6059B<\/h2>\n\n<p>Dieses Formular wird auch als blaues Formular 6059B bezeichnet und ist ein Dokument, das Ihnen w\u00e4hrend des Fluges ausgeh\u00e4ndigt wird. Sie werden gebeten, Ihren Familienstand anzugeben und eine Reihe von Fragen zu den Waren und dem Geld in Ihrem Besitz zu beantworten. Das Formular kann auch vor Ihrem Abflug heruntergeladen werden. Bitte beachten Sie, dass dieses Formular nicht mehr obligatorisch ist.     <\/p>\n\n<h2 class=\"wp-block-heading\">ESTA-FORMULAR<\/h2>\n\n<p>Das ESTA-Formular steht f\u00fcr Electronic System for Travel Authorization und ist ein computergest\u00fctztes Verfahren, das es den US-Beh\u00f6rden erm\u00f6glicht, Ihre Identit\u00e4t vor Ihrer Reise zu \u00fcberpr\u00fcfen. In \u00dcbereinstimmung mit dem VWP-Programm stellt es berechtigten Personen eine Vorabgenehmigung f\u00fcr die Einreise in die USA aus. <\/p>\n\n<h2 class=\"wp-block-heading\">FORMULAR I-94W<\/h2>\n\n<p>Dieses gr\u00fcne Formular wurde f\u00fcr berechtigte Staatsangeh\u00f6rige durch das ESTA f\u00fcr die Einreise auf dem Luft- und Seeweg ersetzt, bleibt aber f\u00fcr die Einreise auf dem Landweg weiterhin g\u00fcltig.  <\/p>\n\n<h2 class=\"wp-block-heading\">ESTA-GEB\u00dcHREN<\/h2>\n\n<p>F\u00fcr jeden ESTA-Antrag ist eine Geb\u00fchr von 21 $ zu entrichten. Dieser Betrag wird zur Finanzierung des US-Ministeriums f\u00fcr Innere Sicherheit und zur F\u00f6rderung des Tourismus verwendet. <\/p>\n\n<h2 class=\"wp-block-heading\">BIOMETRISCHER REISEPASS<\/h2>\n\n<p>Dieser moderne Pass zeichnet sich dadurch aus, dass er aufgrund der verbesserten Datensicherheit schwer zu replizieren ist. Er enth\u00e4lt einen Mikrochip, auf dem die digitalisierten biometrischen Daten der betreffenden Person, einschlie\u00dflich Fingerabdr\u00fccke, Gesichtsbild usw., gespeichert sind. Er wurde im Juni 2009 eingef\u00fchrt und ersetzt den elektronischen Reisepass.  <\/p>\n\n<h2 class=\"wp-block-heading\">ELEKTRONISCHER REISEPASS<\/h2>\n\n<p>Seit seiner Einf\u00fchrung im Jahr 2006 hat er dank einer besseren Datensicherung zu einem R\u00fcckgang der Passf\u00e4lschungen gef\u00fchrt. Er enth\u00e4lt die Identifikationsdaten des Inhabers auf einem Mikrochip. <\/p>\n\n<h2 class=\"wp-block-heading\">DIPLOMATISCHER SICHERHEITSDIENST DER VEREINIGTEN STAATEN<\/h2>\n\n<p>Dieser Zweig des US-Au\u00dfenministeriums ist f\u00fcr den Schutz des Standorts des Au\u00dfenministeriums, aller diplomatischen Vertretungen und der konsularischen Dienste im Ausland zust\u00e4ndig. Es sch\u00fctzt auch US-Diplomaten im Ausland und ausl\u00e4ndische Vertreter, die die USA besuchen. <\/p>\n\n<h2 class=\"wp-block-heading\">VISUM<\/h2>\n\n<p>Ein Visum ist ein offizielles Dokument, das von jeder Person ben\u00f6tigt wird, die in ein fremdes Land reisen m\u00f6chte. Sie m\u00fcssen sich an die zust\u00e4ndigen Beh\u00f6rden des gew\u00fcnschten Landes wenden, um diese Einreisegenehmigung zu erhalten. Die Art des Visums h\u00e4ngt vom Grund der Reise ab: Tourismus, Studium, Arbeit, usw. Es ist wichtig, dass Sie das Visum erhalten.    <\/p>\n\n<h2 class=\"wp-block-heading\">VISA B1<\/h2>\n\n<p>Das B1-Visum ist ein Dokument, das eine Person berechtigt, vor\u00fcbergehend aus gesch\u00e4ftlichen Gr\u00fcnden in die USA zu reisen:<\/p>\n\n<ul class=\"wp-block-list\">\n<li>die Verhandlung eines Vertrages ;<\/li>\n\n\n\n<li>Beitrag zu einer Schulung oder Konferenz ;<\/li>\n\n\n\n<li>die Teilnahme an einem sportlichen Wettbewerb.<\/li>\n<\/ul>\n\n<p>Wenn der ESTA-Antrag abgelehnt wird, ist das B1-Visum eine interessante Alternative f\u00fcr alle, die in diesem Rahmen in die USA reisen m\u00f6chten.<\/p>\n\n<h2 class=\"wp-block-heading\">VISA B2<\/h2>\n\n<p>\u00c4hnlich wie das B1-Visum bietet das B2-Dokument eine Alternative f\u00fcr alle Personen, die die Anforderungen f\u00fcr eine ESTA-Genehmigung nicht erf\u00fcllen. Das B2-Visum gilt f\u00fcr Personen, die aus touristischen oder medizinischen Gr\u00fcnden in die USA reisen m\u00f6chten. <\/p>\n\n<h2 class=\"wp-block-heading\">VWP<\/h2>\n\n<p>Das Programm zur Befreiung von der Visumspflicht (Visa Waiver Program) ist ein ratifiziertes Abkommen zwischen den Mitgliedsl\u00e4ndern und der US-Regierung. Dieses Abkommen erm\u00f6glicht es den B\u00fcrgern der Mitgliedsl\u00e4nder, ohne Visum f\u00fcr einen Aufenthalt von bis zu 90 Tagen in die USA zu reisen. ESTA wurde eingef\u00fchrt, um die Sicherheit dieses Programms zu erh\u00f6hen.    <\/p>\n","protected":false},"excerpt":{"rendered":"<p>LEXIKON &#8211; ALLGEMEINE BEGRIFFE RUND UM DIE ESTA Obwohl das Verfahren relativ einfach ist, gibt es viele (vor allem englische) Begriffe, die im Zusammenhang mit demESTA verwendet werden. Um Verwirrung zu vermeiden, haben wir die meisten W\u00f6rter im Zusammenhang mit dem ESTA-Formular in einem Lexikon zusammengefasst. Weitere Informationen finden Sie in den Nachrichten, den h\u00e4ufig [&hellip;]<\/p>\n","protected":false},"author":1,"featured_media":0,"parent":0,"menu_order":0,"comment_status":"closed","ping_status":"closed","template":"","meta":{"footnotes":""},"class_list":["post-1374","page","type-page","status-publish","hentry"],"yoast_head":"<!-- This site is optimized with the Yoast SEO plugin v26.2 - https:\/\/yoast.com\/wordpress\/plugins\/seo\/ -->\n<title>ESTA: Glossar und allgemeine Begriffe<\/title>\n<meta name=\"description\" content=\"Trotz des einfachen ESTA-Antrags gibt es viele ESTA-bezogene Begriffe zu verstehen.\" \/>\n<meta name=\"robots\" content=\"index, follow, max-snippet:-1, max-image-preview:large, max-video-preview:-1\" \/>\n<link rel=\"canonical\" href=\"https:\/\/www.esta-officiel-usa.com\/de\/esta-glossar-und-allgemeine-begriffe\/\" \/>\n<meta property=\"og:locale\" content=\"de_DE\" \/>\n<meta property=\"og:type\" content=\"article\" \/>\n<meta property=\"og:title\" content=\"ESTA: Glossar und allgemeine Begriffe\" \/>\n<meta property=\"og:description\" content=\"Trotz des einfachen ESTA-Antrags gibt es viele ESTA-bezogene Begriffe zu verstehen.\" \/>\n<meta property=\"og:url\" content=\"https:\/\/www.esta-officiel-usa.com\/de\/esta-glossar-und-allgemeine-begriffe\/\" \/>\n<meta property=\"og:site_name\" content=\"ESTA - Vereinigte Staaten\" \/>\n<meta property=\"article:modified_time\" content=\"2025-09-13T12:02:51+00:00\" \/>\n<meta name=\"twitter:card\" content=\"summary_large_image\" \/>\n<meta name=\"twitter:label1\" content=\"Gesch\u00e4tzte Lesezeit\" \/>\n\t<meta name=\"twitter:data1\" content=\"4\u00a0Minuten\" \/>\n<script type=\"application\/ld+json\" class=\"yoast-schema-graph\">{\"@context\":\"https:\/\/schema.org\",\"@graph\":[{\"@type\":\"WebPage\",\"@id\":\"https:\/\/www.esta-officiel-usa.com\/de\/esta-glossar-und-allgemeine-begriffe\/\",\"url\":\"https:\/\/www.esta-officiel-usa.com\/de\/esta-glossar-und-allgemeine-begriffe\/\",\"name\":\"ESTA: Glossar und allgemeine Begriffe\",\"isPartOf\":{\"@id\":\"https:\/\/www.esta-officiel-usa.com\/de\/#website\"},\"datePublished\":\"2025-09-13T12:02:48+00:00\",\"dateModified\":\"2025-09-13T12:02:51+00:00\",\"description\":\"Trotz des einfachen ESTA-Antrags gibt es viele ESTA-bezogene Begriffe zu verstehen.\",\"breadcrumb\":{\"@id\":\"https:\/\/www.esta-officiel-usa.com\/de\/esta-glossar-und-allgemeine-begriffe\/#breadcrumb\"},\"inLanguage\":\"de\",\"potentialAction\":[{\"@type\":\"ReadAction\",\"target\":[\"https:\/\/www.esta-officiel-usa.com\/de\/esta-glossar-und-allgemeine-begriffe\/\"]}]},{\"@type\":\"BreadcrumbList\",\"@id\":\"https:\/\/www.esta-officiel-usa.com\/de\/esta-glossar-und-allgemeine-begriffe\/#breadcrumb\",\"itemListElement\":[{\"@type\":\"ListItem\",\"position\":1,\"name\":\"Home\",\"item\":\"https:\/\/www.esta-officiel-usa.com\/de\/\"},{\"@type\":\"ListItem\",\"position\":2,\"name\":\"ESTA: Glossar und allgemeine Begriffe\"}]},{\"@type\":\"WebSite\",\"@id\":\"https:\/\/www.esta-officiel-usa.com\/de\/#website\",\"url\":\"https:\/\/www.esta-officiel-usa.com\/de\/\",\"name\":\"ESTA - Vereinigte Staaten\",\"description\":\"ESTA-Antragsformular\",\"potentialAction\":[{\"@type\":\"SearchAction\",\"target\":{\"@type\":\"EntryPoint\",\"urlTemplate\":\"https:\/\/www.esta-officiel-usa.com\/de\/?s={search_term_string}\"},\"query-input\":{\"@type\":\"PropertyValueSpecification\",\"valueRequired\":true,\"valueName\":\"search_term_string\"}}],\"inLanguage\":\"de\"}]}<\/script>\n<!-- \/ Yoast SEO plugin. -->","yoast_head_json":{"title":"ESTA: Glossar und allgemeine Begriffe","description":"Trotz des einfachen ESTA-Antrags gibt es viele ESTA-bezogene Begriffe zu verstehen.","robots":{"index":"index","follow":"follow","max-snippet":"max-snippet:-1","max-image-preview":"max-image-preview:large","max-video-preview":"max-video-preview:-1"},"canonical":"https:\/\/www.esta-officiel-usa.com\/de\/esta-glossar-und-allgemeine-begriffe\/","og_locale":"de_DE","og_type":"article","og_title":"ESTA: Glossar und allgemeine Begriffe","og_description":"Trotz des einfachen ESTA-Antrags gibt es viele ESTA-bezogene Begriffe zu verstehen.","og_url":"https:\/\/www.esta-officiel-usa.com\/de\/esta-glossar-und-allgemeine-begriffe\/","og_site_name":"ESTA - Vereinigte Staaten","article_modified_time":"2025-09-13T12:02:51+00:00","twitter_card":"summary_large_image","twitter_misc":{"Gesch\u00e4tzte Lesezeit":"4\u00a0Minuten"},"schema":{"@context":"https:\/\/schema.org","@graph":[{"@type":"WebPage","@id":"https:\/\/www.esta-officiel-usa.com\/de\/esta-glossar-und-allgemeine-begriffe\/","url":"https:\/\/www.esta-officiel-usa.com\/de\/esta-glossar-und-allgemeine-begriffe\/","name":"ESTA: Glossar und allgemeine Begriffe","isPartOf":{"@id":"https:\/\/www.esta-officiel-usa.com\/de\/#website"},"datePublished":"2025-09-13T12:02:48+00:00","dateModified":"2025-09-13T12:02:51+00:00","description":"Trotz des einfachen ESTA-Antrags gibt es viele ESTA-bezogene Begriffe zu verstehen.","breadcrumb":{"@id":"https:\/\/www.esta-officiel-usa.com\/de\/esta-glossar-und-allgemeine-begriffe\/#breadcrumb"},"inLanguage":"de","potentialAction":[{"@type":"ReadAction","target":["https:\/\/www.esta-officiel-usa.com\/de\/esta-glossar-und-allgemeine-begriffe\/"]}]},{"@type":"BreadcrumbList","@id":"https:\/\/www.esta-officiel-usa.com\/de\/esta-glossar-und-allgemeine-begriffe\/#breadcrumb","itemListElement":[{"@type":"ListItem","position":1,"name":"Home","item":"https:\/\/www.esta-officiel-usa.com\/de\/"},{"@type":"ListItem","position":2,"name":"ESTA: Glossar und allgemeine Begriffe"}]},{"@type":"WebSite","@id":"https:\/\/www.esta-officiel-usa.com\/de\/#website","url":"https:\/\/www.esta-officiel-usa.com\/de\/","name":"ESTA - Vereinigte Staaten","description":"ESTA-Antragsformular","potentialAction":[{"@type":"SearchAction","target":{"@type":"EntryPoint","urlTemplate":"https:\/\/www.esta-officiel-usa.com\/de\/?s={search_term_string}"},"query-input":{"@type":"PropertyValueSpecification","valueRequired":true,"valueName":"search_term_string"}}],"inLanguage":"de"}]}},"_links":{"self":[{"href":"https:\/\/www.esta-officiel-usa.com\/de\/wp-json\/wp\/v2\/pages\/1374","targetHints":{"allow":["GET"]}}],"collection":[{"href":"https:\/\/www.esta-officiel-usa.com\/de\/wp-json\/wp\/v2\/pages"}],"about":[{"href":"https:\/\/www.esta-officiel-usa.com\/de\/wp-json\/wp\/v2\/types\/page"}],"author":[{"embeddable":true,"href":"https:\/\/www.esta-officiel-usa.com\/de\/wp-json\/wp\/v2\/users\/1"}],"replies":[{"embeddable":true,"href":"https:\/\/www.esta-officiel-usa.com\/de\/wp-json\/wp\/v2\/comments?post=1374"}],"version-history":[{"count":1,"href":"https:\/\/www.esta-officiel-usa.com\/de\/wp-json\/wp\/v2\/pages\/1374\/revisions"}],"predecessor-version":[{"id":1377,"href":"https:\/\/www.esta-officiel-usa.com\/de\/wp-json\/wp\/v2\/pages\/1374\/revisions\/1377"}],"wp:attachment":[{"href":"https:\/\/www.esta-officiel-usa.com\/de\/wp-json\/wp\/v2\/media?parent=1374"}],"curies":[{"name":"wp","href":"https:\/\/api.w.org\/{rel}","templated":true}]}}