{"id":1379,"date":"2025-09-13T12:02:49","date_gmt":"2025-09-13T12:02:49","guid":{"rendered":"https:\/\/www.esta-officiel-usa.com\/department-of-homeland-security\/"},"modified":"2025-09-13T12:02:50","modified_gmt":"2025-09-13T12:02:50","slug":"department-of-homeland-security","status":"publish","type":"page","link":"https:\/\/www.esta-officiel-usa.com\/de\/department-of-homeland-security\/","title":{"rendered":"Department of Homeland Security"},"content":{"rendered":"\n<h1 class=\"wp-block-heading\">DAS DEPARTMENT OF HOMELAND SECURITY DER VEREINIGTEN STAATEN VON AMERIKA<\/h1>\n\n<p>Nach den Anschl\u00e4gen vom 11. September 2001 schufen die US-Beh\u00f6rden im Jahr 2002 das Department of Homeland Security. Das Departement of Homeland Security (DHS) ist mit der Gew\u00e4hrleistung der inneren Sicherheit des Landes durch seine Bundesbeh\u00f6rden betraut. <\/p>\n\n<h2 class=\"wp-block-heading\">WAS IST DER DHS?<\/h2>\n\n<p>Das US-Sicherheitsministerium ist f\u00fcr eine Vielzahl von Aufgaben zust\u00e4ndig, die von den zahlreichen Bundesbeh\u00f6rden, die es bilden, ausgef\u00fchrt werden: Grenzschutz, Zoll, Grenzpolizei, etc. Es ist auch f\u00fcr die Verwaltung des Programms zur Befreiung von der Visumspflicht (<a href=\"https:\/\/www.esta-officiel-usa.com\/fr\/les-38-pays-partenaires-du-visa-waiver-program\/\">Visa Waiver Progra<\/a>m) zust\u00e4ndig. Alle Informationen, die in das ESTA-Antragsformular eingegeben werden, werden von einem Team von Beamten des DHS bearbeitet und best\u00e4tigt, das sich mit dieser Aufgabe befasst. Ziel ist es, b\u00f6swillige Handlungen, wie z.B. Terroranschl\u00e4ge, in seinem Hoheitsgebiet zu verhindern. Das ESTA erf\u00fcllt somit zwei Aufgaben gleichzeitig: Es erm\u00f6glicht dem DHS, Reisende zu filtern, und erm\u00f6glicht es den Reisenden, eine einfach zu erwerbende Reisegenehmigung zu erhalten.    <\/p>\n\n<h2 class=\"wp-block-heading\">SICHERHEIT UND AUSTAUSCH VON INFORMATIONEN<\/h2>\n\n<p>Es kann aus Sicht der Sicherheit der Privatsph\u00e4re bedenklich sein, einer ausl\u00e4ndischen Einrichtung so viele pers\u00f6nliche Informationen zur Verf\u00fcgung zu stellen. Das DHS (nicht zu verwechseln mit dem <a href=\"https:\/\/www.esta-officiel-usa.com\/de\/was-ist-das-dos-department-of-state\/\">DOS<\/a>, Department of State) gew\u00e4hrleistet jedoch eine strenge Vertraulichkeit und Kontrolle der Informationen, die ihm \u00fcbermittelt werden. Sie sollten jedoch wissen, dass es eine Kommunikation zwischen den verschiedenen Abteilungen und anderen Abteilungen gibt. Wenn z.B. einer Person das ESTA verweigert wird und sie ein Visum beantragt, kann das Department of States das <a href=\"https:\/\/www.esta-officiel-usa.com\/fr\/le-formulaire-esta-pour-les-usa-a-completer\/\">ESTA-Formular<\/a> einsehen. Alle diese Austauschverfahren werden von der US-Gesetzgebung (Federal Registry vom 10. Juni 2008) geregelt.    <\/p>\n\n<p>Ein wichtiger Punkt in Bezug auf die pers\u00f6nlichen Daten: Sollten sich diese \u00e4ndern, m\u00fcssen Sie einen neuen <a href=\"https:\/\/www.esta-officiel-usa.com\/de\/\">Antrag auf ESTA-Genehmigung<\/a> stellen, da der einmal best\u00e4tigte Antrag nicht mehr <a href=\"https:\/\/www.esta-officiel-usa.com\/fr\/autorisation-esta-mise-a-jour\/\">aktualisiert<\/a> werden kann.<\/p>\n","protected":false},"excerpt":{"rendered":"<p>DAS DEPARTMENT OF HOMELAND SECURITY DER VEREINIGTEN STAATEN VON AMERIKA Nach den Anschl\u00e4gen vom 11. September 2001 schufen die US-Beh\u00f6rden im Jahr 2002 das Department of Homeland Security. Das Departement of Homeland Security (DHS) ist mit der Gew\u00e4hrleistung der inneren Sicherheit des Landes durch seine Bundesbeh\u00f6rden betraut. WAS IST DER DHS? Das US-Sicherheitsministerium ist f\u00fcr [&hellip;]<\/p>\n","protected":false},"author":1,"featured_media":0,"parent":0,"menu_order":0,"comment_status":"closed","ping_status":"closed","template":"","meta":{"footnotes":""},"class_list":["post-1379","page","type-page","status-publish","hentry"],"yoast_head":"<!-- This site is optimized with the Yoast SEO plugin v26.2 - https:\/\/yoast.com\/wordpress\/plugins\/seo\/ -->\n<title>Department of Homeland Security<\/title>\n<meta name=\"description\" content=\"Die US-Beh\u00f6rden gr\u00fcndeten 2002 das Department of Homeland Security. Das &quot;Departement of Homeland Security&quot;.\" \/>\n<meta name=\"robots\" content=\"index, follow, max-snippet:-1, max-image-preview:large, max-video-preview:-1\" \/>\n<link rel=\"canonical\" href=\"https:\/\/www.esta-officiel-usa.com\/de\/department-of-homeland-security\/\" \/>\n<meta property=\"og:locale\" content=\"de_DE\" \/>\n<meta property=\"og:type\" content=\"article\" \/>\n<meta property=\"og:title\" content=\"Department of Homeland Security\" \/>\n<meta property=\"og:description\" content=\"Die US-Beh\u00f6rden gr\u00fcndeten 2002 das Department of Homeland Security. Das &quot;Departement of Homeland Security&quot;.\" \/>\n<meta property=\"og:url\" content=\"https:\/\/www.esta-officiel-usa.com\/de\/department-of-homeland-security\/\" \/>\n<meta property=\"og:site_name\" content=\"ESTA - Vereinigte Staaten\" \/>\n<meta property=\"article:modified_time\" content=\"2025-09-13T12:02:50+00:00\" \/>\n<meta name=\"twitter:card\" content=\"summary_large_image\" \/>\n<meta name=\"twitter:label1\" content=\"Gesch\u00e4tzte Lesezeit\" \/>\n\t<meta name=\"twitter:data1\" content=\"2\u00a0Minuten\" \/>\n<script type=\"application\/ld+json\" class=\"yoast-schema-graph\">{\"@context\":\"https:\/\/schema.org\",\"@graph\":[{\"@type\":\"WebPage\",\"@id\":\"https:\/\/www.esta-officiel-usa.com\/de\/department-of-homeland-security\/\",\"url\":\"https:\/\/www.esta-officiel-usa.com\/de\/department-of-homeland-security\/\",\"name\":\"Department of Homeland Security\",\"isPartOf\":{\"@id\":\"https:\/\/www.esta-officiel-usa.com\/de\/#website\"},\"datePublished\":\"2025-09-13T12:02:49+00:00\",\"dateModified\":\"2025-09-13T12:02:50+00:00\",\"description\":\"Die US-Beh\u00f6rden gr\u00fcndeten 2002 das Department of Homeland Security. Das \\\"Departement of Homeland Security\\\".\",\"breadcrumb\":{\"@id\":\"https:\/\/www.esta-officiel-usa.com\/de\/department-of-homeland-security\/#breadcrumb\"},\"inLanguage\":\"de\",\"potentialAction\":[{\"@type\":\"ReadAction\",\"target\":[\"https:\/\/www.esta-officiel-usa.com\/de\/department-of-homeland-security\/\"]}]},{\"@type\":\"BreadcrumbList\",\"@id\":\"https:\/\/www.esta-officiel-usa.com\/de\/department-of-homeland-security\/#breadcrumb\",\"itemListElement\":[{\"@type\":\"ListItem\",\"position\":1,\"name\":\"Home\",\"item\":\"https:\/\/www.esta-officiel-usa.com\/de\/\"},{\"@type\":\"ListItem\",\"position\":2,\"name\":\"Department of Homeland Security\"}]},{\"@type\":\"WebSite\",\"@id\":\"https:\/\/www.esta-officiel-usa.com\/de\/#website\",\"url\":\"https:\/\/www.esta-officiel-usa.com\/de\/\",\"name\":\"ESTA - Vereinigte Staaten\",\"description\":\"ESTA-Antragsformular\",\"potentialAction\":[{\"@type\":\"SearchAction\",\"target\":{\"@type\":\"EntryPoint\",\"urlTemplate\":\"https:\/\/www.esta-officiel-usa.com\/de\/?s={search_term_string}\"},\"query-input\":{\"@type\":\"PropertyValueSpecification\",\"valueRequired\":true,\"valueName\":\"search_term_string\"}}],\"inLanguage\":\"de\"}]}<\/script>\n<!-- \/ Yoast SEO plugin. -->","yoast_head_json":{"title":"Department of Homeland Security","description":"Die US-Beh\u00f6rden gr\u00fcndeten 2002 das Department of Homeland Security. Das \"Departement of Homeland Security\".","robots":{"index":"index","follow":"follow","max-snippet":"max-snippet:-1","max-image-preview":"max-image-preview:large","max-video-preview":"max-video-preview:-1"},"canonical":"https:\/\/www.esta-officiel-usa.com\/de\/department-of-homeland-security\/","og_locale":"de_DE","og_type":"article","og_title":"Department of Homeland Security","og_description":"Die US-Beh\u00f6rden gr\u00fcndeten 2002 das Department of Homeland Security. Das \"Departement of Homeland Security\".","og_url":"https:\/\/www.esta-officiel-usa.com\/de\/department-of-homeland-security\/","og_site_name":"ESTA - Vereinigte Staaten","article_modified_time":"2025-09-13T12:02:50+00:00","twitter_card":"summary_large_image","twitter_misc":{"Gesch\u00e4tzte Lesezeit":"2\u00a0Minuten"},"schema":{"@context":"https:\/\/schema.org","@graph":[{"@type":"WebPage","@id":"https:\/\/www.esta-officiel-usa.com\/de\/department-of-homeland-security\/","url":"https:\/\/www.esta-officiel-usa.com\/de\/department-of-homeland-security\/","name":"Department of Homeland Security","isPartOf":{"@id":"https:\/\/www.esta-officiel-usa.com\/de\/#website"},"datePublished":"2025-09-13T12:02:49+00:00","dateModified":"2025-09-13T12:02:50+00:00","description":"Die US-Beh\u00f6rden gr\u00fcndeten 2002 das Department of Homeland Security. Das \"Departement of Homeland Security\".","breadcrumb":{"@id":"https:\/\/www.esta-officiel-usa.com\/de\/department-of-homeland-security\/#breadcrumb"},"inLanguage":"de","potentialAction":[{"@type":"ReadAction","target":["https:\/\/www.esta-officiel-usa.com\/de\/department-of-homeland-security\/"]}]},{"@type":"BreadcrumbList","@id":"https:\/\/www.esta-officiel-usa.com\/de\/department-of-homeland-security\/#breadcrumb","itemListElement":[{"@type":"ListItem","position":1,"name":"Home","item":"https:\/\/www.esta-officiel-usa.com\/de\/"},{"@type":"ListItem","position":2,"name":"Department of Homeland Security"}]},{"@type":"WebSite","@id":"https:\/\/www.esta-officiel-usa.com\/de\/#website","url":"https:\/\/www.esta-officiel-usa.com\/de\/","name":"ESTA - Vereinigte Staaten","description":"ESTA-Antragsformular","potentialAction":[{"@type":"SearchAction","target":{"@type":"EntryPoint","urlTemplate":"https:\/\/www.esta-officiel-usa.com\/de\/?s={search_term_string}"},"query-input":{"@type":"PropertyValueSpecification","valueRequired":true,"valueName":"search_term_string"}}],"inLanguage":"de"}]}},"_links":{"self":[{"href":"https:\/\/www.esta-officiel-usa.com\/de\/wp-json\/wp\/v2\/pages\/1379","targetHints":{"allow":["GET"]}}],"collection":[{"href":"https:\/\/www.esta-officiel-usa.com\/de\/wp-json\/wp\/v2\/pages"}],"about":[{"href":"https:\/\/www.esta-officiel-usa.com\/de\/wp-json\/wp\/v2\/types\/page"}],"author":[{"embeddable":true,"href":"https:\/\/www.esta-officiel-usa.com\/de\/wp-json\/wp\/v2\/users\/1"}],"replies":[{"embeddable":true,"href":"https:\/\/www.esta-officiel-usa.com\/de\/wp-json\/wp\/v2\/comments?post=1379"}],"version-history":[{"count":1,"href":"https:\/\/www.esta-officiel-usa.com\/de\/wp-json\/wp\/v2\/pages\/1379\/revisions"}],"predecessor-version":[{"id":1384,"href":"https:\/\/www.esta-officiel-usa.com\/de\/wp-json\/wp\/v2\/pages\/1379\/revisions\/1384"}],"wp:attachment":[{"href":"https:\/\/www.esta-officiel-usa.com\/de\/wp-json\/wp\/v2\/media?parent=1379"}],"curies":[{"name":"wp","href":"https:\/\/api.w.org\/{rel}","templated":true}]}}