{"id":1395,"date":"2025-09-13T12:02:51","date_gmt":"2025-09-13T12:02:51","guid":{"rendered":"https:\/\/www.esta-officiel-usa.com\/green-card-lotterie-der-praesident-versprach-sie-bis-2020-zu-beenden\/"},"modified":"2025-09-13T12:02:53","modified_gmt":"2025-09-13T12:02:53","slug":"green-card-lotterie-der-praesident-versprach-sie-bis-2020-zu-beenden","status":"publish","type":"page","link":"https:\/\/www.esta-officiel-usa.com\/de\/green-card-lotterie-der-praesident-versprach-sie-bis-2020-zu-beenden\/","title":{"rendered":"Green Card-Lotterie, der Pr\u00e4sident versprach, sie bis 2020 zu beenden"},"content":{"rendered":"\n<h1 class=\"wp-block-heading\">TRUMP HAT VERSPROCHEN, SIE ZU BEENDEN, ABER DIE GREEN CARD-LOTTERIE GEHT WEITER.<\/h1>\n\n<p><strong>Trotz der Versprechungen von Pr\u00e4sident Donald Trump, die Green Card Lotterie abzuschaffen, werden Tausende von Menschen auf der ganzen Welt weiterhin die Chance haben, legal in die Vereinigten Staaten zu immigrieren und sich mit Hilfe dieses Programms den amerikanischen Traum zu erf\u00fcllen.<\/strong><br\/> <\/p>\n\n<h2 class=\"wp-block-heading\">KEINE ABSCHAFFUNG DER LOTTERIE ZUM JETZIGEN ZEITPUNKT<\/h2>\n\n<p>Die Erneuerung des Programms, das vor 30 Jahren eingef\u00fchrt wurde, um die Einwanderung in die USA zu f\u00f6rdern, war seit einem Jahr ungewiss, als Donald Trump ank\u00fcndigte, dass er den Kongress bitten w\u00fcrde, das Programm abzuschaffen. Die Lotterie ist eines der beliebtesten <a href=\"https:\/\/www.esta-officiel-usa.com\/de\/us-visa-fuer-die-einreise-in-die-usa\/\">US-Visumsprogramme<\/a> f\u00fcr Ausl\u00e4nder, die keine Sponsoren in den USA haben und legal einwandern m\u00f6chten. Pr\u00e4sident Trump hatte das Programm jedoch angegriffen und behauptet, dass die &#8222;Schlimmsten der Schlimmsten&#8220; im Rahmen der kostenlosen Lotterie ausgew\u00e4hlt werden k\u00f6nnten.  <\/p>\n\n<p>Das US-Au\u00dfenministerium, das das <a href=\"https:\/\/travel.state.gov\/content\/travel\/en\/us-visas\/immigrate\/diversity-visa-program-entry.html\">Diversity Immigrant Visa<\/a> Programm, besser bekannt als &#8222;Green Card Lotterie&#8220;, verwaltet, k\u00fcndigte an, dass es die Lotterie fortsetzen wird und bietet 50.000 Daueraufenthaltskarten f\u00fcr das Steuerjahr 2020 an.<\/p>\n\n<p>Die Online-Registrierung f\u00fcr das Programm 2020 begann am 3. Oktober und endet am 6. November. Kein Land kann mehr als 7 % der Visa erhalten. Ausl\u00e4nder aus L\u00e4ndern mit einer historisch niedrigen Einwanderungsrate in die USA k\u00f6nnen sich ab sofort auf <a href=\"about:blank\">www.dvlottery.state.gov<\/a> anmelden, indem sie das kostenlose Anmeldeformular ausf\u00fcllen.  <\/p>\n\n<p>Die Beh\u00f6rden wiesen darauf hin, dass Personen, die mehr als einen Antrag stellen, automatisch disqualifiziert werden. Sie warnten auch vor betr\u00fcgerischen Internetseiten, die Geld von &#8222;Lotteriegewinnern&#8220; verlangen. <\/p>\n\n<p>Die Bewerber f\u00fcr die Visa-Lotterie 2020 m\u00fcssen zwei Bedingungen erf\u00fcllen, um teilnehmen zu k\u00f6nnen:<\/p>\n\n<ul class=\"wp-block-list\"><li>Zun\u00e4chst einmal m\u00fcssen sie in einem f\u00f6rderf\u00e4higen Land geboren sein. Nicht f\u00f6rderf\u00e4hige L\u00e4nder f\u00fcr 2020 sind: Bangladesch, Brasilien, Kanada, China, Kolumbien, die Dominikanische Republik, El Salvador, Haiti, Indien, Jamaika, Mexiko, Nigeria, Pakistan, Peru, die Philippinen, S\u00fcdkorea, das Vereinigte K\u00f6nigreich (au\u00dfer Nordirland) und Vietnam; <\/li><li>Sie m\u00fcssen mindestens einen Sekundarschulabschluss oder zwei Jahre Berufserfahrung in einem f\u00f6rderf\u00e4higen Bereich, der mindestens zwei Jahre Ausbildung erfordert, innerhalb der letzten f\u00fcnf Jahre nachweisen k\u00f6nnen;<\/li><li>Die Namen der Gewinner der Lotterie DV-2020 werden zwischen dem 7. Mai 2019 und dem 30. September 2020 auf der Website des Au\u00dfenministeriums ver\u00f6ffentlicht.<\/li><\/ul>\n\n<p>Alle ausgew\u00e4hlten Bewerber m\u00fcssen sich einer \u00dcberpr\u00fcfung ihrer Vorstrafen und einer medizinischen Untersuchung unterziehen. Sie werden zu Interviews mit US-Konsular- oder Einwanderungsbeamten eingeladen, wo sie u.a. Nachweise \u00fcber ihre Ausbildung oder Berufserfahrung erbringen m\u00fcssen. <\/p>\n","protected":false},"excerpt":{"rendered":"<p>TRUMP HAT VERSPROCHEN, SIE ZU BEENDEN, ABER DIE GREEN CARD-LOTTERIE GEHT WEITER. Trotz der Versprechungen von Pr\u00e4sident Donald Trump, die Green Card Lotterie abzuschaffen, werden Tausende von Menschen auf der ganzen Welt weiterhin die Chance haben, legal in die Vereinigten Staaten zu immigrieren und sich mit Hilfe dieses Programms den amerikanischen Traum zu erf\u00fcllen. KEINE [&hellip;]<\/p>\n","protected":false},"author":1,"featured_media":0,"parent":0,"menu_order":0,"comment_status":"closed","ping_status":"closed","template":"","meta":{"footnotes":""},"class_list":["post-1395","page","type-page","status-publish","hentry"],"yoast_head":"<!-- This site is optimized with the Yoast SEO plugin v26.2 - https:\/\/yoast.com\/wordpress\/plugins\/seo\/ -->\n<title>Green Card-Lotterie, der Pr\u00e4sident versprach, sie bis 2020 zu beenden<\/title>\n<meta name=\"description\" content=\"Um die Einwanderung in die USA zu begrenzen, hat Donald Trump eine Reihe von Ma\u00dfnahmen ergriffen und plant dies auch weiterhin, wie z.B. das Ende der Green Card Lotterie.\" \/>\n<meta name=\"robots\" content=\"index, follow, max-snippet:-1, max-image-preview:large, max-video-preview:-1\" \/>\n<link rel=\"canonical\" href=\"https:\/\/www.esta-officiel-usa.com\/de\/green-card-lotterie-der-praesident-versprach-sie-bis-2020-zu-beenden\/\" \/>\n<meta property=\"og:locale\" content=\"de_DE\" \/>\n<meta property=\"og:type\" content=\"article\" \/>\n<meta property=\"og:title\" content=\"Green Card-Lotterie, der Pr\u00e4sident versprach, sie bis 2020 zu beenden\" \/>\n<meta property=\"og:description\" content=\"Um die Einwanderung in die USA zu begrenzen, hat Donald Trump eine Reihe von Ma\u00dfnahmen ergriffen und plant dies auch weiterhin, wie z.B. das Ende der Green Card Lotterie.\" \/>\n<meta property=\"og:url\" content=\"https:\/\/www.esta-officiel-usa.com\/de\/green-card-lotterie-der-praesident-versprach-sie-bis-2020-zu-beenden\/\" \/>\n<meta property=\"og:site_name\" content=\"ESTA - Vereinigte Staaten\" \/>\n<meta property=\"article:modified_time\" content=\"2025-09-13T12:02:53+00:00\" \/>\n<meta name=\"twitter:card\" content=\"summary_large_image\" \/>\n<meta name=\"twitter:label1\" content=\"Gesch\u00e4tzte Lesezeit\" \/>\n\t<meta name=\"twitter:data1\" content=\"2\u00a0Minuten\" \/>\n<script type=\"application\/ld+json\" class=\"yoast-schema-graph\">{\"@context\":\"https:\/\/schema.org\",\"@graph\":[{\"@type\":\"WebPage\",\"@id\":\"https:\/\/www.esta-officiel-usa.com\/de\/green-card-lotterie-der-praesident-versprach-sie-bis-2020-zu-beenden\/\",\"url\":\"https:\/\/www.esta-officiel-usa.com\/de\/green-card-lotterie-der-praesident-versprach-sie-bis-2020-zu-beenden\/\",\"name\":\"Green Card-Lotterie, der Pr\u00e4sident versprach, sie bis 2020 zu beenden\",\"isPartOf\":{\"@id\":\"https:\/\/www.esta-officiel-usa.com\/de\/#website\"},\"datePublished\":\"2025-09-13T12:02:51+00:00\",\"dateModified\":\"2025-09-13T12:02:53+00:00\",\"description\":\"Um die Einwanderung in die USA zu begrenzen, hat Donald Trump eine Reihe von Ma\u00dfnahmen ergriffen und plant dies auch weiterhin, wie z.B. das Ende der Green Card Lotterie.\",\"breadcrumb\":{\"@id\":\"https:\/\/www.esta-officiel-usa.com\/de\/green-card-lotterie-der-praesident-versprach-sie-bis-2020-zu-beenden\/#breadcrumb\"},\"inLanguage\":\"de\",\"potentialAction\":[{\"@type\":\"ReadAction\",\"target\":[\"https:\/\/www.esta-officiel-usa.com\/de\/green-card-lotterie-der-praesident-versprach-sie-bis-2020-zu-beenden\/\"]}]},{\"@type\":\"BreadcrumbList\",\"@id\":\"https:\/\/www.esta-officiel-usa.com\/de\/green-card-lotterie-der-praesident-versprach-sie-bis-2020-zu-beenden\/#breadcrumb\",\"itemListElement\":[{\"@type\":\"ListItem\",\"position\":1,\"name\":\"Home\",\"item\":\"https:\/\/www.esta-officiel-usa.com\/de\/\"},{\"@type\":\"ListItem\",\"position\":2,\"name\":\"Green Card-Lotterie, der Pr\u00e4sident versprach, sie bis 2020 zu beenden\"}]},{\"@type\":\"WebSite\",\"@id\":\"https:\/\/www.esta-officiel-usa.com\/de\/#website\",\"url\":\"https:\/\/www.esta-officiel-usa.com\/de\/\",\"name\":\"ESTA - Vereinigte Staaten\",\"description\":\"ESTA-Antragsformular\",\"potentialAction\":[{\"@type\":\"SearchAction\",\"target\":{\"@type\":\"EntryPoint\",\"urlTemplate\":\"https:\/\/www.esta-officiel-usa.com\/de\/?s={search_term_string}\"},\"query-input\":{\"@type\":\"PropertyValueSpecification\",\"valueRequired\":true,\"valueName\":\"search_term_string\"}}],\"inLanguage\":\"de\"}]}<\/script>\n<!-- \/ Yoast SEO plugin. -->","yoast_head_json":{"title":"Green Card-Lotterie, der Pr\u00e4sident versprach, sie bis 2020 zu beenden","description":"Um die Einwanderung in die USA zu begrenzen, hat Donald Trump eine Reihe von Ma\u00dfnahmen ergriffen und plant dies auch weiterhin, wie z.B. das Ende der Green Card Lotterie.","robots":{"index":"index","follow":"follow","max-snippet":"max-snippet:-1","max-image-preview":"max-image-preview:large","max-video-preview":"max-video-preview:-1"},"canonical":"https:\/\/www.esta-officiel-usa.com\/de\/green-card-lotterie-der-praesident-versprach-sie-bis-2020-zu-beenden\/","og_locale":"de_DE","og_type":"article","og_title":"Green Card-Lotterie, der Pr\u00e4sident versprach, sie bis 2020 zu beenden","og_description":"Um die Einwanderung in die USA zu begrenzen, hat Donald Trump eine Reihe von Ma\u00dfnahmen ergriffen und plant dies auch weiterhin, wie z.B. das Ende der Green Card Lotterie.","og_url":"https:\/\/www.esta-officiel-usa.com\/de\/green-card-lotterie-der-praesident-versprach-sie-bis-2020-zu-beenden\/","og_site_name":"ESTA - Vereinigte Staaten","article_modified_time":"2025-09-13T12:02:53+00:00","twitter_card":"summary_large_image","twitter_misc":{"Gesch\u00e4tzte Lesezeit":"2\u00a0Minuten"},"schema":{"@context":"https:\/\/schema.org","@graph":[{"@type":"WebPage","@id":"https:\/\/www.esta-officiel-usa.com\/de\/green-card-lotterie-der-praesident-versprach-sie-bis-2020-zu-beenden\/","url":"https:\/\/www.esta-officiel-usa.com\/de\/green-card-lotterie-der-praesident-versprach-sie-bis-2020-zu-beenden\/","name":"Green Card-Lotterie, der Pr\u00e4sident versprach, sie bis 2020 zu beenden","isPartOf":{"@id":"https:\/\/www.esta-officiel-usa.com\/de\/#website"},"datePublished":"2025-09-13T12:02:51+00:00","dateModified":"2025-09-13T12:02:53+00:00","description":"Um die Einwanderung in die USA zu begrenzen, hat Donald Trump eine Reihe von Ma\u00dfnahmen ergriffen und plant dies auch weiterhin, wie z.B. das Ende der Green Card Lotterie.","breadcrumb":{"@id":"https:\/\/www.esta-officiel-usa.com\/de\/green-card-lotterie-der-praesident-versprach-sie-bis-2020-zu-beenden\/#breadcrumb"},"inLanguage":"de","potentialAction":[{"@type":"ReadAction","target":["https:\/\/www.esta-officiel-usa.com\/de\/green-card-lotterie-der-praesident-versprach-sie-bis-2020-zu-beenden\/"]}]},{"@type":"BreadcrumbList","@id":"https:\/\/www.esta-officiel-usa.com\/de\/green-card-lotterie-der-praesident-versprach-sie-bis-2020-zu-beenden\/#breadcrumb","itemListElement":[{"@type":"ListItem","position":1,"name":"Home","item":"https:\/\/www.esta-officiel-usa.com\/de\/"},{"@type":"ListItem","position":2,"name":"Green Card-Lotterie, der Pr\u00e4sident versprach, sie bis 2020 zu beenden"}]},{"@type":"WebSite","@id":"https:\/\/www.esta-officiel-usa.com\/de\/#website","url":"https:\/\/www.esta-officiel-usa.com\/de\/","name":"ESTA - Vereinigte Staaten","description":"ESTA-Antragsformular","potentialAction":[{"@type":"SearchAction","target":{"@type":"EntryPoint","urlTemplate":"https:\/\/www.esta-officiel-usa.com\/de\/?s={search_term_string}"},"query-input":{"@type":"PropertyValueSpecification","valueRequired":true,"valueName":"search_term_string"}}],"inLanguage":"de"}]}},"_links":{"self":[{"href":"https:\/\/www.esta-officiel-usa.com\/de\/wp-json\/wp\/v2\/pages\/1395","targetHints":{"allow":["GET"]}}],"collection":[{"href":"https:\/\/www.esta-officiel-usa.com\/de\/wp-json\/wp\/v2\/pages"}],"about":[{"href":"https:\/\/www.esta-officiel-usa.com\/de\/wp-json\/wp\/v2\/types\/page"}],"author":[{"embeddable":true,"href":"https:\/\/www.esta-officiel-usa.com\/de\/wp-json\/wp\/v2\/users\/1"}],"replies":[{"embeddable":true,"href":"https:\/\/www.esta-officiel-usa.com\/de\/wp-json\/wp\/v2\/comments?post=1395"}],"version-history":[{"count":3,"href":"https:\/\/www.esta-officiel-usa.com\/de\/wp-json\/wp\/v2\/pages\/1395\/revisions"}],"predecessor-version":[{"id":1405,"href":"https:\/\/www.esta-officiel-usa.com\/de\/wp-json\/wp\/v2\/pages\/1395\/revisions\/1405"}],"wp:attachment":[{"href":"https:\/\/www.esta-officiel-usa.com\/de\/wp-json\/wp\/v2\/media?parent=1395"}],"curies":[{"name":"wp","href":"https:\/\/api.w.org\/{rel}","templated":true}]}}