{"id":1412,"date":"2025-09-13T12:02:54","date_gmt":"2025-09-13T12:02:54","guid":{"rendered":"https:\/\/www.esta-officiel-usa.com\/die-wichtigsten-visa-fuer-die-usa\/"},"modified":"2025-09-13T16:32:08","modified_gmt":"2025-09-13T16:32:08","slug":"die-wichtigsten-visa-fuer-die-usa","status":"publish","type":"page","link":"https:\/\/www.esta-officiel-usa.com\/de\/die-wichtigsten-visa-fuer-die-usa\/","title":{"rendered":"Die wichtigsten Visa f\u00fcr die USA"},"content":{"rendered":"\n<h1 class=\"wp-block-heading\">Die verschiedenen Visa f\u00fcr die Einreise in die USA<\/h1>\n\n<p>In die USA zu reisen ist keine leichte Aufgabe, aber sie ist machbar. Es gibt einige administrative Schritte, die Sie vor der Abreise erledigen m\u00fcssen, damit Sie legal und sorgenfrei in die USA reisen k\u00f6nnen. <\/p>\n\n<p>Um das Land zu sch\u00fctzen und die innere Sicherheit zu erh\u00f6hen, ist die Einwanderungspolitik der USA ziemlich streng: Jeder Antrag auf Einreise in die USA muss \u00fcber ein Visum f\u00fcr die USA oder ein <a href=\"https:\/\/www.esta-officiel-usa.com\/de\/\">ESTA<\/a> gestellt werden. In diesem Artikel finden Sie die verschiedenen Visa, die f\u00fcr einen Aufenthalt in den USA erh\u00e4ltlich sind. <\/p>\n\n<h2 class=\"wp-block-heading\">Was sind die verschiedenen Schritte, um ein Visum zu erhalten?<\/h2>\n\n<p>Sie sind verpflichtet, vor Ihrer Abreise eine Aufenthaltsgenehmigung f\u00fcr die USA zu beantragen. Dazu m\u00fcssen Sie die US-Botschaft in der N\u00e4he Ihres Wohnortes aufsuchen und einen Termin vereinbaren. <\/p>\n\n<p>Es gibt verschiedene Visa, die f\u00fcr jede Art von Aufenthalt (Tourismus, Arbeit, Praktikum in den USA, Studium usw.) und f\u00fcr Ihr Profil geeignet sind.<\/p>\n\n<p>Das Vorstellungsgespr\u00e4ch bei der US-Botschaft oder dem US-Konsulat ist ein wichtiger und unvermeidlicher Schritt im Visumantragsverfahren. Sie m\u00fcssen die Gr\u00fcnde f\u00fcr Ihre Reise in die USA auf Englisch darlegen (gute Englischkenntnisse sind erforderlich). <\/p>\n\n<p>Stellen Sie sicher, dass Sie Ihren g\u00fcltigen elektronischen Reisepass oder biometrischen Reisepass (mit Fingerabdr\u00fccken) und andere notwendige Dokumente mitbringen und bereiten Sie Ihre Antworten auf die Fragen, die Ihnen gestellt werden, gut vor.<\/p>\n\n<h2 class=\"wp-block-heading\">Was sind die verschiedenen USA-Visa?<\/h2>\n\n<p>Wie bereits erw\u00e4hnt, gibt es viele verschiedene Arten von Visa, die f\u00fcr jede Situation geeignet sind. Hier ist eine \u00dcbersichtstabelle der verschiedenen <a href=\"https:\/\/www.esta-officiel-usa.com\/de\/us-visa-fuer-die-einreise-in-die-usa\/\">USA-Visa<\/a>, die es derzeit f\u00fcr Reisen in die USA gibt. <\/p>\n\n<figure class=\"wp-block-table\"><table class=\"\"><tbody><tr><td><strong>Visum  <\/strong><\/td><td><strong>  Gr\u00fcnde f\u00fcr die Reise  <\/strong><\/td><\/tr><tr><td>\n  B1\n\t\t\t<\/td><td>\n  Gesch\u00e4ftsreisen\n\t\t\t<\/td><\/tr><tr><td>\n  B2\n\t\t\t<\/td><td>\n  Touristenbesuch (Touristenvisum)\n\t\t\t<\/td><\/tr><tr><td>\n  B2\n\t\t\t<\/td><td>\n  Aufenthalt f\u00fcr medizinische Behandlungen\n\t\t\t<\/td><\/tr><tr><td>\n  C\n\t\t\t<\/td><td>\n  Zwischenlandung oder Transit in die USA\n\t\t\t<\/td><\/tr><tr><td> <a href=\"https:\/\/www.esta-officiel-usa.com\/de\/f1-visum-fuer-ein-studium-in-den-usa\/\">F<\/a>, M  <\/td><td>\n  Visum f\u00fcr ein Studium in den USA\n\t\t\t<\/td><\/tr><tr><td> <a href=\"https:\/\/www.esta-officiel-usa.com\/de\/das-wichtigste-was-sie-ueber-das-j-visum-wissen-sollten\/\">J1<\/a>, Q  <\/td><td>\n  Visum f\u00fcr Lehrer, Dozenten und Praktikanten\n\t\t\t<\/td><\/tr><tr><td>\n  K\n\t\t\t<\/td><td>\n  Visum f\u00fcr den Ehemann\/die Ehefrau eines US-B\u00fcrgers\n\t\t\t<\/td><\/tr><tr><td> <a href=\"https:\/\/www.esta-officiel-usa.com\/de\/o-visum-und-p-visum-fuer-sportler-oder-kuenstler\/\">O und P<\/a> <\/td><td>\n  Visum f\u00fcr au\u00dfergew\u00f6hnliche F\u00e4higkeiten (K\u00fcnstler, Sportler, Wissenschaftler,&#8230;)\n\t\t\t<\/td><\/tr><tr><td>\n  R\n\t\t\t<\/td><td>\n  Visum f\u00fcr religi\u00f6se Personen\n\t\t\t<\/td><\/tr><tr><td>\n  BCC\n\t\t\t<\/td><td>\n  Visum f\u00fcr den Grenz\u00fcbertritt aus Mexiko\n\t\t\t<\/td><\/tr><tr><td>\n  D\n\t\t\t<\/td><td>\n  Visum f\u00fcr Besatzungsmitglieder (Flugzeug, Schiff)\n\t\t\t<\/td><\/tr><tr><td>\n  H-1B\n\t\t\t<\/td><td>\n  Visum f\u00fcr Facharbeiter\n\t\t\t<\/td><\/tr><tr><td>\n  H-2A\n\t\t\t<\/td><td>\n  Visum f\u00fcr Arbeitnehmer in der Landwirtschaft\n\t\t\t<\/td><\/tr><\/tbody><\/table><\/figure>\n\n<p>Wenn Sie in den USA arbeiten wollen, m\u00fcssen Sie ein H1B-Visum (Arbeitserlaubnis) beantragen. Wenn Sie ein Unternehmen gr\u00fcnden wollen, m\u00fcssen Sie ein E1\/E2-Visum (Investorenvisum) beantragen. <\/p>\n\n<p>Diejenigen, die ins Ausland gehen wollen, um an einer gro\u00dfen amerikanischen Universit\u00e4t zu studieren, m\u00fcssen ein F- oder M-Visum beantragen.<\/p>\n\n<h2 class=\"wp-block-heading\">Was sind die Alternativen zu einem Visum f\u00fcr die USA?<\/h2>\n\n<p>Es gibt Alternativen zu den verschiedenen US-Visa, um f\u00fcr einen k\u00fcrzeren oder l\u00e4ngeren Zeitraum in den USA zu leben.<\/p>\n\n<h3 class=\"wp-block-heading\">ESTA als Alternative zum Visum f\u00fcr die USA<\/h3>\n\n<p>Die ESTA-Genehmigung ist ein elektronisches Reisegenehmigungssystem, das es dem Inhaber erm\u00f6glicht, in die USA einzureisen, ohne ein Visum f\u00fcr die USA beantragen zu m\u00fcssen. ESTA ist f\u00fcr Staatsangeh\u00f6rige der L\u00e4nder verf\u00fcgbar, die am Visa Waiver Program (VWP) teilnehmen. Derzeit geh\u00f6ren <a href=\"https:\/\/www.esta-officiel-usa.com\/fr\/les-38-pays-partenaires-du-visa-waiver-program\/\">38 L\u00e4nder<\/a> dazu, darunter Frankreich und Belgien.  <\/p>\n\n<p>Sie m\u00fcssen einen Online-Antrag \u00fcber die offizielle Website der US-Regierung \nstellen oder eine unabh\u00e4ngige Website nutzen, die Ihnen \nbei der Antragstellung hilft und Ihre Angaben \u00fcberpr\u00fcft.<\/p>\n\n<h3 class=\"wp-block-heading\">Die Green Card oder Gr\u00fcne Karte<\/h3>\n\n<p>Die Green Card ist eine amerikanische Aufenthaltsgenehmigung, die es Ihnen erm\u00f6glicht, dauerhaft in den USA zu leben. Personen mit diesem Dokument haben nicht den Status eines US-B\u00fcrgers, k\u00f6nnen aber in den USA arbeiten und sich dort legal niederlassen, ohne ein Visum zu ben\u00f6tigen. Dieses Dokument kann auf verschiedene Weise erworben werden, z.B. durch den Arbeitgeber, die Familie oder durch au\u00dfergew\u00f6hnliche F\u00e4higkeiten. Es gibt auch ein <a href=\"https:\/\/www.esta-officiel-usa.com\/de\/eine-green-card-durch-die-lotterie-erhalten\/\">Green Card Lotterie-System<\/a>, das Millionen von Immigranten in der ganzen Welt hilft, ihren amerikanischen Traum zu verwirklichen.   <\/p>\n\n<p>Wenn Sie vorhaben, in die USA auszuwandern, wenden Sie sich bitte an \n, wenn Sie Fragen zu Auswanderung,\n, ESTA-Antrag oder Visum f\u00fcr die USA haben.<\/p>\n","protected":false},"excerpt":{"rendered":"<p>Die verschiedenen Visa f\u00fcr die Einreise in die USA In die USA zu reisen ist keine leichte Aufgabe, aber sie ist machbar. Es gibt einige administrative Schritte, die Sie vor der Abreise erledigen m\u00fcssen, damit Sie legal und sorgenfrei in die USA reisen k\u00f6nnen. Um das Land zu sch\u00fctzen und die innere Sicherheit zu erh\u00f6hen, [&hellip;]<\/p>\n","protected":false},"author":1,"featured_media":0,"parent":0,"menu_order":0,"comment_status":"closed","ping_status":"closed","template":"","meta":{"footnotes":""},"class_list":["post-1412","page","type-page","status-publish","hentry"],"yoast_head":"<!-- This site is optimized with the Yoast SEO plugin v26.2 - https:\/\/yoast.com\/wordpress\/plugins\/seo\/ -->\n<title>Die wichtigsten Visa f\u00fcr die USA<\/title>\n<meta name=\"description\" content=\"Wir werden Ihnen die wichtigsten Visa vorstellen, die es f\u00fcr Reisen in die USA gibt.\" \/>\n<meta name=\"robots\" content=\"index, follow, max-snippet:-1, max-image-preview:large, max-video-preview:-1\" \/>\n<link rel=\"canonical\" href=\"https:\/\/www.esta-officiel-usa.com\/de\/die-wichtigsten-visa-fuer-die-usa\/\" \/>\n<meta property=\"og:locale\" content=\"de_DE\" \/>\n<meta property=\"og:type\" content=\"article\" \/>\n<meta property=\"og:title\" content=\"Die wichtigsten Visa f\u00fcr die USA\" \/>\n<meta property=\"og:description\" content=\"Wir werden Ihnen die wichtigsten Visa vorstellen, die es f\u00fcr Reisen in die USA gibt.\" \/>\n<meta property=\"og:url\" content=\"https:\/\/www.esta-officiel-usa.com\/de\/die-wichtigsten-visa-fuer-die-usa\/\" \/>\n<meta property=\"og:site_name\" content=\"ESTA - Vereinigte Staaten\" \/>\n<meta property=\"article:modified_time\" content=\"2025-09-13T16:32:08+00:00\" \/>\n<meta name=\"twitter:card\" content=\"summary_large_image\" \/>\n<meta name=\"twitter:label1\" content=\"Gesch\u00e4tzte Lesezeit\" \/>\n\t<meta name=\"twitter:data1\" content=\"3\u00a0Minuten\" \/>\n<script type=\"application\/ld+json\" class=\"yoast-schema-graph\">{\"@context\":\"https:\/\/schema.org\",\"@graph\":[{\"@type\":\"WebPage\",\"@id\":\"https:\/\/www.esta-officiel-usa.com\/de\/die-wichtigsten-visa-fuer-die-usa\/\",\"url\":\"https:\/\/www.esta-officiel-usa.com\/de\/die-wichtigsten-visa-fuer-die-usa\/\",\"name\":\"Die wichtigsten Visa f\u00fcr die USA\",\"isPartOf\":{\"@id\":\"https:\/\/www.esta-officiel-usa.com\/de\/#website\"},\"datePublished\":\"2025-09-13T12:02:54+00:00\",\"dateModified\":\"2025-09-13T16:32:08+00:00\",\"description\":\"Wir werden Ihnen die wichtigsten Visa vorstellen, die es f\u00fcr Reisen in die USA gibt.\",\"breadcrumb\":{\"@id\":\"https:\/\/www.esta-officiel-usa.com\/de\/die-wichtigsten-visa-fuer-die-usa\/#breadcrumb\"},\"inLanguage\":\"de\",\"potentialAction\":[{\"@type\":\"ReadAction\",\"target\":[\"https:\/\/www.esta-officiel-usa.com\/de\/die-wichtigsten-visa-fuer-die-usa\/\"]}]},{\"@type\":\"BreadcrumbList\",\"@id\":\"https:\/\/www.esta-officiel-usa.com\/de\/die-wichtigsten-visa-fuer-die-usa\/#breadcrumb\",\"itemListElement\":[{\"@type\":\"ListItem\",\"position\":1,\"name\":\"Home\",\"item\":\"https:\/\/www.esta-officiel-usa.com\/de\/\"},{\"@type\":\"ListItem\",\"position\":2,\"name\":\"Die wichtigsten Visa f\u00fcr die USA\"}]},{\"@type\":\"WebSite\",\"@id\":\"https:\/\/www.esta-officiel-usa.com\/de\/#website\",\"url\":\"https:\/\/www.esta-officiel-usa.com\/de\/\",\"name\":\"ESTA - Vereinigte Staaten\",\"description\":\"ESTA-Antragsformular\",\"potentialAction\":[{\"@type\":\"SearchAction\",\"target\":{\"@type\":\"EntryPoint\",\"urlTemplate\":\"https:\/\/www.esta-officiel-usa.com\/de\/?s={search_term_string}\"},\"query-input\":{\"@type\":\"PropertyValueSpecification\",\"valueRequired\":true,\"valueName\":\"search_term_string\"}}],\"inLanguage\":\"de\"}]}<\/script>\n<!-- \/ Yoast SEO plugin. -->","yoast_head_json":{"title":"Die wichtigsten Visa f\u00fcr die USA","description":"Wir werden Ihnen die wichtigsten Visa vorstellen, die es f\u00fcr Reisen in die USA gibt.","robots":{"index":"index","follow":"follow","max-snippet":"max-snippet:-1","max-image-preview":"max-image-preview:large","max-video-preview":"max-video-preview:-1"},"canonical":"https:\/\/www.esta-officiel-usa.com\/de\/die-wichtigsten-visa-fuer-die-usa\/","og_locale":"de_DE","og_type":"article","og_title":"Die wichtigsten Visa f\u00fcr die USA","og_description":"Wir werden Ihnen die wichtigsten Visa vorstellen, die es f\u00fcr Reisen in die USA gibt.","og_url":"https:\/\/www.esta-officiel-usa.com\/de\/die-wichtigsten-visa-fuer-die-usa\/","og_site_name":"ESTA - Vereinigte Staaten","article_modified_time":"2025-09-13T16:32:08+00:00","twitter_card":"summary_large_image","twitter_misc":{"Gesch\u00e4tzte Lesezeit":"3\u00a0Minuten"},"schema":{"@context":"https:\/\/schema.org","@graph":[{"@type":"WebPage","@id":"https:\/\/www.esta-officiel-usa.com\/de\/die-wichtigsten-visa-fuer-die-usa\/","url":"https:\/\/www.esta-officiel-usa.com\/de\/die-wichtigsten-visa-fuer-die-usa\/","name":"Die wichtigsten Visa f\u00fcr die USA","isPartOf":{"@id":"https:\/\/www.esta-officiel-usa.com\/de\/#website"},"datePublished":"2025-09-13T12:02:54+00:00","dateModified":"2025-09-13T16:32:08+00:00","description":"Wir werden Ihnen die wichtigsten Visa vorstellen, die es f\u00fcr Reisen in die USA gibt.","breadcrumb":{"@id":"https:\/\/www.esta-officiel-usa.com\/de\/die-wichtigsten-visa-fuer-die-usa\/#breadcrumb"},"inLanguage":"de","potentialAction":[{"@type":"ReadAction","target":["https:\/\/www.esta-officiel-usa.com\/de\/die-wichtigsten-visa-fuer-die-usa\/"]}]},{"@type":"BreadcrumbList","@id":"https:\/\/www.esta-officiel-usa.com\/de\/die-wichtigsten-visa-fuer-die-usa\/#breadcrumb","itemListElement":[{"@type":"ListItem","position":1,"name":"Home","item":"https:\/\/www.esta-officiel-usa.com\/de\/"},{"@type":"ListItem","position":2,"name":"Die wichtigsten Visa f\u00fcr die USA"}]},{"@type":"WebSite","@id":"https:\/\/www.esta-officiel-usa.com\/de\/#website","url":"https:\/\/www.esta-officiel-usa.com\/de\/","name":"ESTA - Vereinigte Staaten","description":"ESTA-Antragsformular","potentialAction":[{"@type":"SearchAction","target":{"@type":"EntryPoint","urlTemplate":"https:\/\/www.esta-officiel-usa.com\/de\/?s={search_term_string}"},"query-input":{"@type":"PropertyValueSpecification","valueRequired":true,"valueName":"search_term_string"}}],"inLanguage":"de"}]}},"_links":{"self":[{"href":"https:\/\/www.esta-officiel-usa.com\/de\/wp-json\/wp\/v2\/pages\/1412","targetHints":{"allow":["GET"]}}],"collection":[{"href":"https:\/\/www.esta-officiel-usa.com\/de\/wp-json\/wp\/v2\/pages"}],"about":[{"href":"https:\/\/www.esta-officiel-usa.com\/de\/wp-json\/wp\/v2\/types\/page"}],"author":[{"embeddable":true,"href":"https:\/\/www.esta-officiel-usa.com\/de\/wp-json\/wp\/v2\/users\/1"}],"replies":[{"embeddable":true,"href":"https:\/\/www.esta-officiel-usa.com\/de\/wp-json\/wp\/v2\/comments?post=1412"}],"version-history":[{"count":2,"href":"https:\/\/www.esta-officiel-usa.com\/de\/wp-json\/wp\/v2\/pages\/1412\/revisions"}],"predecessor-version":[{"id":2157,"href":"https:\/\/www.esta-officiel-usa.com\/de\/wp-json\/wp\/v2\/pages\/1412\/revisions\/2157"}],"wp:attachment":[{"href":"https:\/\/www.esta-officiel-usa.com\/de\/wp-json\/wp\/v2\/media?parent=1412"}],"curies":[{"name":"wp","href":"https:\/\/api.w.org\/{rel}","templated":true}]}}