{"id":1435,"date":"2025-09-13T12:03:15","date_gmt":"2025-09-13T12:03:15","guid":{"rendered":"https:\/\/www.esta-officiel-usa.com\/esta-was-kostet-es\/"},"modified":"2025-09-13T12:03:20","modified_gmt":"2025-09-13T12:03:20","slug":"esta-was-kostet-es","status":"publish","type":"page","link":"https:\/\/www.esta-officiel-usa.com\/de\/esta-was-kostet-es\/","title":{"rendered":"ESTA: Was kostet es?"},"content":{"rendered":"\n<h1 class=\"wp-block-heading\">WIE HOCH IST DER PREIS F\u00dcR DAS ESTA?<\/h1>\n\n<p>Das<a href=\"https:\/\/www.esta-officiel-usa.com\/de\/was-ist-esta\/\">ESTA<\/a> (Electronic System for Travel Authorization) wurde 2009 von der US-Regierung eingef\u00fchrt und ist eine besondere Genehmigung. Sie erm\u00f6glicht Staatsangeh\u00f6rigen von L\u00e4ndern, die am Visa Waiver Program teilnehmen, die Einreise in die USA, ohne vorher ein Visum beantragen zu m\u00fcssen. Aber zu welchem Preis?  <\/p>\n\n<h2 class=\"wp-block-heading\">ESTA: WELCHER PREIS?<\/h2>\n\n<p>Auf den ersten Blick k\u00f6nnte man meinen, dass der Preis f\u00fcr ein ESTA 0 \u20ac betragen w\u00fcrde, da das Verfahren zur<a href=\"https:\/\/www.esta-officiel-usa.com\/fr\/esta-usa-comment-obtenir-ce-document\/\">Erlangung<\/a> eines ESTA vollst\u00e4ndig online erfolgt. Die Entmaterialisierung des <a href=\"https:\/\/www.esta-officiel-usa.com\/fr\/la-procedure-esta-pour-etats-unis\/\">Verfahrens<\/a> k\u00f6nnte den Eindruck erwecken, dass alles automatisiert ist, aber das ist nicht der Fall. Es gibt eine ganze Verwaltung, die f\u00fcr die Annahme (oder Ablehnung) der Genehmigung zust\u00e4ndig ist, wodurch Betriebskosten entstehen, sowohl f\u00fcr die Geh\u00e4lter der Beamten als auch f\u00fcr die Aufrechterhaltung der Arbeitsinfrastruktur.  <\/p>\n\n<p>Die Kosten f\u00fcr ein ESTA belaufen sich auf <a href=\"https:\/\/www.esta-officiel-usa.com\/fr\/lesta-pour-14\/\">21 $<\/a>, die nur <a href=\"https:\/\/www.esta-officiel-usa.com\/de\/das-esta-formular-online-ausfuellen\/\">online<\/a> per Kreditkarte oder Paypal bezahlt werden k\u00f6nnen. Dieser Betrag wird dann wie folgt aufgeteilt: <\/p>\n\n<ul class=\"wp-block-list\">\n<li>4 $ sind zur Finanzierung der Verwaltung bestimmt, die f\u00fcr die \u00dcberpr\u00fcfung des <a href=\"https:\/\/www.esta-officiel-usa.com\/fr\/formulaire-esta-a-qui-est-il-destine\/\">Formulars<\/a> zust\u00e4ndig ist;<\/li>\n\n\n\n<li>17 $ sind f\u00fcr die Finanzierung der verschiedenen Organe bestimmt, die mit der US-Regierung verbunden sind oder mit ihr zusammenarbeiten, um den Tourismus in den USA international zu f\u00f6rdern.  <\/li>\n<\/ul>\n\n<p><\/p>\n","protected":false},"excerpt":{"rendered":"<p>WIE HOCH IST DER PREIS F\u00dcR DAS ESTA? DasESTA (Electronic System for Travel Authorization) wurde 2009 von der US-Regierung eingef\u00fchrt und ist eine besondere Genehmigung. Sie erm\u00f6glicht Staatsangeh\u00f6rigen von L\u00e4ndern, die am Visa Waiver Program teilnehmen, die Einreise in die USA, ohne vorher ein Visum beantragen zu m\u00fcssen. Aber zu welchem Preis? ESTA: WELCHER PREIS? [&hellip;]<\/p>\n","protected":false},"author":1,"featured_media":0,"parent":0,"menu_order":0,"comment_status":"closed","ping_status":"closed","template":"","meta":{"footnotes":""},"class_list":["post-1435","page","type-page","status-publish","hentry"],"yoast_head":"<!-- This site is optimized with the Yoast SEO plugin v26.2 - https:\/\/yoast.com\/wordpress\/plugins\/seo\/ -->\n<title>ESTA: Was kostet es?<\/title>\n<meta name=\"description\" content=\"Der Preis f\u00fcr ein ESTA betr\u00e4gt 21 $ und kann nur online per Kreditkarte oder Paypal bezahlt werden. Erfahren Sie, wie sich der Preis zusammensetzt.\" \/>\n<meta name=\"robots\" content=\"index, follow, max-snippet:-1, max-image-preview:large, max-video-preview:-1\" \/>\n<link rel=\"canonical\" href=\"https:\/\/www.esta-officiel-usa.com\/de\/esta-was-kostet-es\/\" \/>\n<meta property=\"og:locale\" content=\"de_DE\" \/>\n<meta property=\"og:type\" content=\"article\" \/>\n<meta property=\"og:title\" content=\"ESTA: Was kostet es?\" \/>\n<meta property=\"og:description\" content=\"Der Preis f\u00fcr ein ESTA betr\u00e4gt 21 $ und kann nur online per Kreditkarte oder Paypal bezahlt werden. Erfahren Sie, wie sich der Preis zusammensetzt.\" \/>\n<meta property=\"og:url\" content=\"https:\/\/www.esta-officiel-usa.com\/de\/esta-was-kostet-es\/\" \/>\n<meta property=\"og:site_name\" content=\"ESTA - Vereinigte Staaten\" \/>\n<meta property=\"article:modified_time\" content=\"2025-09-13T12:03:20+00:00\" \/>\n<meta name=\"twitter:card\" content=\"summary_large_image\" \/>\n<meta name=\"twitter:label1\" content=\"Gesch\u00e4tzte Lesezeit\" \/>\n\t<meta name=\"twitter:data1\" content=\"1\u00a0Minute\" \/>\n<script type=\"application\/ld+json\" class=\"yoast-schema-graph\">{\"@context\":\"https:\/\/schema.org\",\"@graph\":[{\"@type\":\"WebPage\",\"@id\":\"https:\/\/www.esta-officiel-usa.com\/de\/esta-was-kostet-es\/\",\"url\":\"https:\/\/www.esta-officiel-usa.com\/de\/esta-was-kostet-es\/\",\"name\":\"ESTA: Was kostet es?\",\"isPartOf\":{\"@id\":\"https:\/\/www.esta-officiel-usa.com\/de\/#website\"},\"datePublished\":\"2025-09-13T12:03:15+00:00\",\"dateModified\":\"2025-09-13T12:03:20+00:00\",\"description\":\"Der Preis f\u00fcr ein ESTA betr\u00e4gt 21 $ und kann nur online per Kreditkarte oder Paypal bezahlt werden. Erfahren Sie, wie sich der Preis zusammensetzt.\",\"breadcrumb\":{\"@id\":\"https:\/\/www.esta-officiel-usa.com\/de\/esta-was-kostet-es\/#breadcrumb\"},\"inLanguage\":\"de\",\"potentialAction\":[{\"@type\":\"ReadAction\",\"target\":[\"https:\/\/www.esta-officiel-usa.com\/de\/esta-was-kostet-es\/\"]}]},{\"@type\":\"BreadcrumbList\",\"@id\":\"https:\/\/www.esta-officiel-usa.com\/de\/esta-was-kostet-es\/#breadcrumb\",\"itemListElement\":[{\"@type\":\"ListItem\",\"position\":1,\"name\":\"Home\",\"item\":\"https:\/\/www.esta-officiel-usa.com\/de\/\"},{\"@type\":\"ListItem\",\"position\":2,\"name\":\"ESTA: Was kostet es?\"}]},{\"@type\":\"WebSite\",\"@id\":\"https:\/\/www.esta-officiel-usa.com\/de\/#website\",\"url\":\"https:\/\/www.esta-officiel-usa.com\/de\/\",\"name\":\"ESTA - Vereinigte Staaten\",\"description\":\"ESTA-Antragsformular\",\"potentialAction\":[{\"@type\":\"SearchAction\",\"target\":{\"@type\":\"EntryPoint\",\"urlTemplate\":\"https:\/\/www.esta-officiel-usa.com\/de\/?s={search_term_string}\"},\"query-input\":{\"@type\":\"PropertyValueSpecification\",\"valueRequired\":true,\"valueName\":\"search_term_string\"}}],\"inLanguage\":\"de\"}]}<\/script>\n<!-- \/ Yoast SEO plugin. -->","yoast_head_json":{"title":"ESTA: Was kostet es?","description":"Der Preis f\u00fcr ein ESTA betr\u00e4gt 21 $ und kann nur online per Kreditkarte oder Paypal bezahlt werden. Erfahren Sie, wie sich der Preis zusammensetzt.","robots":{"index":"index","follow":"follow","max-snippet":"max-snippet:-1","max-image-preview":"max-image-preview:large","max-video-preview":"max-video-preview:-1"},"canonical":"https:\/\/www.esta-officiel-usa.com\/de\/esta-was-kostet-es\/","og_locale":"de_DE","og_type":"article","og_title":"ESTA: Was kostet es?","og_description":"Der Preis f\u00fcr ein ESTA betr\u00e4gt 21 $ und kann nur online per Kreditkarte oder Paypal bezahlt werden. Erfahren Sie, wie sich der Preis zusammensetzt.","og_url":"https:\/\/www.esta-officiel-usa.com\/de\/esta-was-kostet-es\/","og_site_name":"ESTA - Vereinigte Staaten","article_modified_time":"2025-09-13T12:03:20+00:00","twitter_card":"summary_large_image","twitter_misc":{"Gesch\u00e4tzte Lesezeit":"1\u00a0Minute"},"schema":{"@context":"https:\/\/schema.org","@graph":[{"@type":"WebPage","@id":"https:\/\/www.esta-officiel-usa.com\/de\/esta-was-kostet-es\/","url":"https:\/\/www.esta-officiel-usa.com\/de\/esta-was-kostet-es\/","name":"ESTA: Was kostet es?","isPartOf":{"@id":"https:\/\/www.esta-officiel-usa.com\/de\/#website"},"datePublished":"2025-09-13T12:03:15+00:00","dateModified":"2025-09-13T12:03:20+00:00","description":"Der Preis f\u00fcr ein ESTA betr\u00e4gt 21 $ und kann nur online per Kreditkarte oder Paypal bezahlt werden. Erfahren Sie, wie sich der Preis zusammensetzt.","breadcrumb":{"@id":"https:\/\/www.esta-officiel-usa.com\/de\/esta-was-kostet-es\/#breadcrumb"},"inLanguage":"de","potentialAction":[{"@type":"ReadAction","target":["https:\/\/www.esta-officiel-usa.com\/de\/esta-was-kostet-es\/"]}]},{"@type":"BreadcrumbList","@id":"https:\/\/www.esta-officiel-usa.com\/de\/esta-was-kostet-es\/#breadcrumb","itemListElement":[{"@type":"ListItem","position":1,"name":"Home","item":"https:\/\/www.esta-officiel-usa.com\/de\/"},{"@type":"ListItem","position":2,"name":"ESTA: Was kostet es?"}]},{"@type":"WebSite","@id":"https:\/\/www.esta-officiel-usa.com\/de\/#website","url":"https:\/\/www.esta-officiel-usa.com\/de\/","name":"ESTA - Vereinigte Staaten","description":"ESTA-Antragsformular","potentialAction":[{"@type":"SearchAction","target":{"@type":"EntryPoint","urlTemplate":"https:\/\/www.esta-officiel-usa.com\/de\/?s={search_term_string}"},"query-input":{"@type":"PropertyValueSpecification","valueRequired":true,"valueName":"search_term_string"}}],"inLanguage":"de"}]}},"_links":{"self":[{"href":"https:\/\/www.esta-officiel-usa.com\/de\/wp-json\/wp\/v2\/pages\/1435","targetHints":{"allow":["GET"]}}],"collection":[{"href":"https:\/\/www.esta-officiel-usa.com\/de\/wp-json\/wp\/v2\/pages"}],"about":[{"href":"https:\/\/www.esta-officiel-usa.com\/de\/wp-json\/wp\/v2\/types\/page"}],"author":[{"embeddable":true,"href":"https:\/\/www.esta-officiel-usa.com\/de\/wp-json\/wp\/v2\/users\/1"}],"replies":[{"embeddable":true,"href":"https:\/\/www.esta-officiel-usa.com\/de\/wp-json\/wp\/v2\/comments?post=1435"}],"version-history":[{"count":1,"href":"https:\/\/www.esta-officiel-usa.com\/de\/wp-json\/wp\/v2\/pages\/1435\/revisions"}],"predecessor-version":[{"id":1437,"href":"https:\/\/www.esta-officiel-usa.com\/de\/wp-json\/wp\/v2\/pages\/1435\/revisions\/1437"}],"wp:attachment":[{"href":"https:\/\/www.esta-officiel-usa.com\/de\/wp-json\/wp\/v2\/media?parent=1435"}],"curies":[{"name":"wp","href":"https:\/\/api.w.org\/{rel}","templated":true}]}}