{"id":1441,"date":"2025-09-13T12:03:17","date_gmt":"2025-09-13T12:03:17","guid":{"rendered":"https:\/\/www.esta-officiel-usa.com\/wie-lange-ist-esta-gueltig\/"},"modified":"2025-09-13T12:03:20","modified_gmt":"2025-09-13T12:03:20","slug":"wie-lange-ist-esta-gueltig","status":"publish","type":"page","link":"https:\/\/www.esta-officiel-usa.com\/de\/wie-lange-ist-esta-gueltig\/","title":{"rendered":"Wie lange ist ESTA g\u00fcltig?"},"content":{"rendered":"\n<h1 class=\"wp-block-heading\">ESTA: WIE LANGE IST SIE G\u00dcLTIG?<\/h1>\n\n<p>Die USA sind nicht Teil des Schengen-Raums, daher ist eine Einreise ohne <a href=\"https:\/\/www.esta-officiel-usa.com\/de\/\">ESTA-Genehmigung<\/a> oder ein g\u00fcltiges Visum nicht m\u00f6glich.<\/p>\n\n<h2 class=\"wp-block-heading\">G\u00dcLTIGKEITSBEDINGUNGEN ESTA<\/h2>\n\n<p>Bevor wir auf die G\u00fcltigkeitsdauer von ESTA eingehen, ist es wichtig zu betonen, dass dieses Dokument nur g\u00fcltig ist, wenn es aktuelle und wahrheitsgem\u00e4\u00dfe Informationen enth\u00e4lt. Wenn sich eine der Informationen, die Sie in das Formular eingegeben haben, ge\u00e4ndert hat oder <a href=\"https:\/\/www.esta-officiel-usa.com\/fr\/autorisation-esta-mise-a-jour\/\">aktualisiert<\/a> werden muss, wird die G\u00fcltigkeit Ihrer Genehmigung aufgehoben. <\/p>\n\n<p>Das US-Ministerium f\u00fcr Heimatschutz (Department of Homeland Security) hat die G\u00fcltigkeitsdauer des <a href=\"https:\/\/www.esta-officiel-usa.com\/fr\/comment-faire-une-demande-esta-officiel\/\">offiziellen ESTA<\/a> auf zwei Jahre festgelegt. Seit seiner Einf\u00fchrung im Jahr 2009 hat diese Reisegenehmigung allen Reisenden erm\u00f6glicht, innerhalb von zwei Jahren nach dem Ausstellungsdatum mehrmals in den USA zu reisen. <\/p>\n\n<p><strong>Achtung <\/strong>: Ihre Passnummer ist mit Ihrer ESTA-Genehmigung verbunden. Wenn Ihre Passnummer abl\u00e4uft, wird Ihr ESTA USA von den US-Beh\u00f6rden nicht mehr als g\u00fcltig angesehen. In diesem Fall m\u00fcssen Sie eine neue Genehmigung beantragen, die mit Ihrem neuen Reisepass verbunden ist und <a href=\"https:\/\/www.esta-officiel-usa.com\/de\/esta-verlaengern\/\">die ESTA-G\u00fcltigkeit um weitere zwei Jahre verl\u00e4ngert<\/a>.  <\/p>\n\n<h2 class=\"wp-block-heading\">VON DER ESTA GENEHMIGTE AUFENTHALTSDAUER<\/h2>\n\n<p>Wie bereits erw\u00e4hnt, betr\u00e4gt die G\u00fcltigkeitsdauer von ESTA USA zwei Jahre, was jedoch nicht mit der Aufenthaltsdauer verwechselt werden darf, die durch die ESTA-Genehmigung gew\u00e4hrt wird. Unabh\u00e4ngig davon, ob Sie aus touristischen oder gesch\u00e4ftlichen Gr\u00fcnden in die USA reisen, ist Ihre Reise auf genau <a href=\"https:\/\/www.esta-officiel-usa.com\/de\/esta-ist-fuer-90-tage-in-den-usa-gueltig\/\">90 aufeinanderfolgende Tage<\/a> beschr\u00e4nkt. Nach Ablauf dieser Frist m\u00fcssen Sie die USA verlassen, was Sie jedoch nicht daran hindert, jederzeit in die USA zur\u00fcckzukehren, solange die G\u00fcltigkeitsdauer von ESTA USA noch nicht abgelaufen ist.  <\/p>\n\n<p>Die G\u00fcltigkeit von ESTA ist abh\u00e4ngig von der Art Ihrer Reise:<\/p>\n\n<figure class=\"wp-block-table\"><table class=\"\"><tbody><tr><td><strong>Sie reisen mit dem Flugzeug<\/strong><\/td><td><strong>G\u00fcltig f\u00fcr 2 Jahre f\u00fcr Aufenthalte von bis zu 90 Tagen.<\/strong><\/td><\/tr><tr><td><strong>Sie reisen auf dem Seeweg<\/strong><\/td><td><strong>G\u00fcltig f\u00fcr 2 Jahre f\u00fcr Aufenthalte von bis zu 90 Tagen.<\/strong><\/td><\/tr><tr><td><strong>Sie reisen auf dem Landweg<\/strong><\/td><td><strong>Es ist keine ESTA-Genehmigung erforderlich.<\/strong><\/td><\/tr><tr><td><strong>Sie fliegen \u00fcber die USA<\/strong><\/td><td><strong>G\u00fcltig f\u00fcr 2 Jahre und so viele <a href=\"https:\/\/www.esta-officiel-usa.com\/de\/was-sind-die-verschiedenen-transitvisa-fuer-die-usa\/\">Transite<\/a> wie Sie wollen.<\/strong><\/td><\/tr><tr><td><strong>Sie verlassen die USA und kehren dann in die USA zur\u00fcck.  <\/strong><\/td><td><strong>Sofern Ihr ESTA noch g\u00fcltig ist, brauchen Sie es nicht zu verl\u00e4ngern.<\/strong><\/td><\/tr><\/tbody><\/table><\/figure>\n\n<p>Wenn Ihr ESTA abl\u00e4uft, wird es im Gegensatz zu einigen anderen offiziellen Dokumenten nicht automatisch verl\u00e4ngert, sondern Sie m\u00fcssen online einen neuen Antrag stellen, wenn Sie in die USA zur\u00fcckkehren m\u00f6chten. Dies k\u00f6nnen Sie auf der offiziellen Website des US-Zolls tun oder \u00fcber private Unternehmen, die auf Beh\u00f6rdeng\u00e4nge spezialisiert sind und Dienstleistungen anbieten, die es auf der US-Website nicht gibt (vereinfachtes Formular, Online-Hilfe, \u00dcberpr\u00fcfung und Korrektur von Informationen usw.). <\/p>\n\n<p>Wenden Sie sich an unseren <a href=\"https:\/\/www.esta-officiel-usa.com\/de\/kontaktieren-sie-uns-per-e-mail\/\">Kundenservice<\/a>, der Ihnen f\u00fcr weitere Informationen gerne zur Verf\u00fcgung steht.<br\/><\/p>\n","protected":false},"excerpt":{"rendered":"<p>ESTA: WIE LANGE IST SIE G\u00dcLTIG? Die USA sind nicht Teil des Schengen-Raums, daher ist eine Einreise ohne ESTA-Genehmigung oder ein g\u00fcltiges Visum nicht m\u00f6glich. G\u00dcLTIGKEITSBEDINGUNGEN ESTA Bevor wir auf die G\u00fcltigkeitsdauer von ESTA eingehen, ist es wichtig zu betonen, dass dieses Dokument nur g\u00fcltig ist, wenn es aktuelle und wahrheitsgem\u00e4\u00dfe Informationen enth\u00e4lt. Wenn sich [&hellip;]<\/p>\n","protected":false},"author":1,"featured_media":0,"parent":0,"menu_order":0,"comment_status":"closed","ping_status":"closed","template":"","meta":{"footnotes":""},"class_list":["post-1441","page","type-page","status-publish","hentry"],"yoast_head":"<!-- This site is optimized with the Yoast SEO plugin v26.2 - https:\/\/yoast.com\/wordpress\/plugins\/seo\/ -->\n<title>Wie lange ist ESTA g\u00fcltig?<\/title>\n<meta name=\"description\" content=\"Wenn Ihr ESTA abl\u00e4uft, wird es im Gegensatz zu einigen anderen offiziellen Dokumenten nicht automatisch verl\u00e4ngert, sondern Sie erfahren, wie lange es g\u00fcltig ist.\" \/>\n<meta name=\"robots\" content=\"index, follow, max-snippet:-1, max-image-preview:large, max-video-preview:-1\" \/>\n<link rel=\"canonical\" href=\"https:\/\/www.esta-officiel-usa.com\/de\/wie-lange-ist-esta-gueltig\/\" \/>\n<meta property=\"og:locale\" content=\"de_DE\" \/>\n<meta property=\"og:type\" content=\"article\" \/>\n<meta property=\"og:title\" content=\"Wie lange ist ESTA g\u00fcltig?\" \/>\n<meta property=\"og:description\" content=\"Wenn Ihr ESTA abl\u00e4uft, wird es im Gegensatz zu einigen anderen offiziellen Dokumenten nicht automatisch verl\u00e4ngert, sondern Sie erfahren, wie lange es g\u00fcltig ist.\" \/>\n<meta property=\"og:url\" content=\"https:\/\/www.esta-officiel-usa.com\/de\/wie-lange-ist-esta-gueltig\/\" \/>\n<meta property=\"og:site_name\" content=\"ESTA - Vereinigte Staaten\" \/>\n<meta property=\"article:modified_time\" content=\"2025-09-13T12:03:20+00:00\" \/>\n<meta name=\"twitter:card\" content=\"summary_large_image\" \/>\n<meta name=\"twitter:label1\" content=\"Gesch\u00e4tzte Lesezeit\" \/>\n\t<meta name=\"twitter:data1\" content=\"2\u00a0Minuten\" \/>\n<script type=\"application\/ld+json\" class=\"yoast-schema-graph\">{\"@context\":\"https:\/\/schema.org\",\"@graph\":[{\"@type\":\"WebPage\",\"@id\":\"https:\/\/www.esta-officiel-usa.com\/de\/wie-lange-ist-esta-gueltig\/\",\"url\":\"https:\/\/www.esta-officiel-usa.com\/de\/wie-lange-ist-esta-gueltig\/\",\"name\":\"Wie lange ist ESTA g\u00fcltig?\",\"isPartOf\":{\"@id\":\"https:\/\/www.esta-officiel-usa.com\/de\/#website\"},\"datePublished\":\"2025-09-13T12:03:17+00:00\",\"dateModified\":\"2025-09-13T12:03:20+00:00\",\"description\":\"Wenn Ihr ESTA abl\u00e4uft, wird es im Gegensatz zu einigen anderen offiziellen Dokumenten nicht automatisch verl\u00e4ngert, sondern Sie erfahren, wie lange es g\u00fcltig ist.\",\"breadcrumb\":{\"@id\":\"https:\/\/www.esta-officiel-usa.com\/de\/wie-lange-ist-esta-gueltig\/#breadcrumb\"},\"inLanguage\":\"de\",\"potentialAction\":[{\"@type\":\"ReadAction\",\"target\":[\"https:\/\/www.esta-officiel-usa.com\/de\/wie-lange-ist-esta-gueltig\/\"]}]},{\"@type\":\"BreadcrumbList\",\"@id\":\"https:\/\/www.esta-officiel-usa.com\/de\/wie-lange-ist-esta-gueltig\/#breadcrumb\",\"itemListElement\":[{\"@type\":\"ListItem\",\"position\":1,\"name\":\"Home\",\"item\":\"https:\/\/www.esta-officiel-usa.com\/de\/\"},{\"@type\":\"ListItem\",\"position\":2,\"name\":\"Wie lange ist ESTA g\u00fcltig?\"}]},{\"@type\":\"WebSite\",\"@id\":\"https:\/\/www.esta-officiel-usa.com\/de\/#website\",\"url\":\"https:\/\/www.esta-officiel-usa.com\/de\/\",\"name\":\"ESTA - Vereinigte Staaten\",\"description\":\"ESTA-Antragsformular\",\"potentialAction\":[{\"@type\":\"SearchAction\",\"target\":{\"@type\":\"EntryPoint\",\"urlTemplate\":\"https:\/\/www.esta-officiel-usa.com\/de\/?s={search_term_string}\"},\"query-input\":{\"@type\":\"PropertyValueSpecification\",\"valueRequired\":true,\"valueName\":\"search_term_string\"}}],\"inLanguage\":\"de\"}]}<\/script>\n<!-- \/ Yoast SEO plugin. -->","yoast_head_json":{"title":"Wie lange ist ESTA g\u00fcltig?","description":"Wenn Ihr ESTA abl\u00e4uft, wird es im Gegensatz zu einigen anderen offiziellen Dokumenten nicht automatisch verl\u00e4ngert, sondern Sie erfahren, wie lange es g\u00fcltig ist.","robots":{"index":"index","follow":"follow","max-snippet":"max-snippet:-1","max-image-preview":"max-image-preview:large","max-video-preview":"max-video-preview:-1"},"canonical":"https:\/\/www.esta-officiel-usa.com\/de\/wie-lange-ist-esta-gueltig\/","og_locale":"de_DE","og_type":"article","og_title":"Wie lange ist ESTA g\u00fcltig?","og_description":"Wenn Ihr ESTA abl\u00e4uft, wird es im Gegensatz zu einigen anderen offiziellen Dokumenten nicht automatisch verl\u00e4ngert, sondern Sie erfahren, wie lange es g\u00fcltig ist.","og_url":"https:\/\/www.esta-officiel-usa.com\/de\/wie-lange-ist-esta-gueltig\/","og_site_name":"ESTA - Vereinigte Staaten","article_modified_time":"2025-09-13T12:03:20+00:00","twitter_card":"summary_large_image","twitter_misc":{"Gesch\u00e4tzte Lesezeit":"2\u00a0Minuten"},"schema":{"@context":"https:\/\/schema.org","@graph":[{"@type":"WebPage","@id":"https:\/\/www.esta-officiel-usa.com\/de\/wie-lange-ist-esta-gueltig\/","url":"https:\/\/www.esta-officiel-usa.com\/de\/wie-lange-ist-esta-gueltig\/","name":"Wie lange ist ESTA g\u00fcltig?","isPartOf":{"@id":"https:\/\/www.esta-officiel-usa.com\/de\/#website"},"datePublished":"2025-09-13T12:03:17+00:00","dateModified":"2025-09-13T12:03:20+00:00","description":"Wenn Ihr ESTA abl\u00e4uft, wird es im Gegensatz zu einigen anderen offiziellen Dokumenten nicht automatisch verl\u00e4ngert, sondern Sie erfahren, wie lange es g\u00fcltig ist.","breadcrumb":{"@id":"https:\/\/www.esta-officiel-usa.com\/de\/wie-lange-ist-esta-gueltig\/#breadcrumb"},"inLanguage":"de","potentialAction":[{"@type":"ReadAction","target":["https:\/\/www.esta-officiel-usa.com\/de\/wie-lange-ist-esta-gueltig\/"]}]},{"@type":"BreadcrumbList","@id":"https:\/\/www.esta-officiel-usa.com\/de\/wie-lange-ist-esta-gueltig\/#breadcrumb","itemListElement":[{"@type":"ListItem","position":1,"name":"Home","item":"https:\/\/www.esta-officiel-usa.com\/de\/"},{"@type":"ListItem","position":2,"name":"Wie lange ist ESTA g\u00fcltig?"}]},{"@type":"WebSite","@id":"https:\/\/www.esta-officiel-usa.com\/de\/#website","url":"https:\/\/www.esta-officiel-usa.com\/de\/","name":"ESTA - Vereinigte Staaten","description":"ESTA-Antragsformular","potentialAction":[{"@type":"SearchAction","target":{"@type":"EntryPoint","urlTemplate":"https:\/\/www.esta-officiel-usa.com\/de\/?s={search_term_string}"},"query-input":{"@type":"PropertyValueSpecification","valueRequired":true,"valueName":"search_term_string"}}],"inLanguage":"de"}]}},"_links":{"self":[{"href":"https:\/\/www.esta-officiel-usa.com\/de\/wp-json\/wp\/v2\/pages\/1441","targetHints":{"allow":["GET"]}}],"collection":[{"href":"https:\/\/www.esta-officiel-usa.com\/de\/wp-json\/wp\/v2\/pages"}],"about":[{"href":"https:\/\/www.esta-officiel-usa.com\/de\/wp-json\/wp\/v2\/types\/page"}],"author":[{"embeddable":true,"href":"https:\/\/www.esta-officiel-usa.com\/de\/wp-json\/wp\/v2\/users\/1"}],"replies":[{"embeddable":true,"href":"https:\/\/www.esta-officiel-usa.com\/de\/wp-json\/wp\/v2\/comments?post=1441"}],"version-history":[{"count":1,"href":"https:\/\/www.esta-officiel-usa.com\/de\/wp-json\/wp\/v2\/pages\/1441\/revisions"}],"predecessor-version":[{"id":1442,"href":"https:\/\/www.esta-officiel-usa.com\/de\/wp-json\/wp\/v2\/pages\/1441\/revisions\/1442"}],"wp:attachment":[{"href":"https:\/\/www.esta-officiel-usa.com\/de\/wp-json\/wp\/v2\/media?parent=1441"}],"curies":[{"name":"wp","href":"https:\/\/api.w.org\/{rel}","templated":true}]}}