{"id":1468,"date":"2025-09-13T12:03:26","date_gmt":"2025-09-13T12:03:26","guid":{"rendered":"https:\/\/www.esta-officiel-usa.com\/das-esta-verfahren-fuer-die-vereinigten-staaten-von-amerika\/"},"modified":"2025-09-13T12:03:30","modified_gmt":"2025-09-13T12:03:30","slug":"das-esta-verfahren-fuer-die-vereinigten-staaten-von-amerika","status":"publish","type":"page","link":"https:\/\/www.esta-officiel-usa.com\/de\/das-esta-verfahren-fuer-die-vereinigten-staaten-von-amerika\/","title":{"rendered":"Das ESTA-Verfahren f\u00fcr die Vereinigten Staaten von Amerika"},"content":{"rendered":"\n<h1 class=\"wp-block-heading\">WIE IST DAS VERFAHREN F\u00dcR DIE ESTA?<\/h1>\n\n<p>Alle Personen, die in die USA reisen m\u00f6chten, sei es als <a href=\"https:\/\/www.esta-officiel-usa.com\/de\/die-formalitaeten-fuer-einen-besuch-in-den-usa\/\">Tourist<\/a> oder aus gesch\u00e4ftlichen Gr\u00fcnden, m\u00fcssen vor ihrer Abreise das ESTA-Verfahren durchlaufen. Die ESTA-Genehmigung ist notwendig, da ohne sie keine Reise m\u00f6glich ist. <\/p>\n\n<h2 class=\"wp-block-heading\">DAS ESTA-VERFAHREN: DIE BEDINGUNGEN<\/h2>\n\n<p>ESTA ist ein Programm, dessen<a href=\"https:\/\/www.esta-officiel-usa.com\/de\/wozu-dient-esta-bei-einer-reise-in-die-usa\/\">Hauptnutzen<\/a> darin besteht, dass Staatsangeh\u00f6rige von L\u00e4ndern, die am Visa Waiver Program teilnehmen, kein Visum<a href=\"https:\/\/www.esta-officiel-usa.com\/fr\/demande-de-visa-f1-pour-les-usa\/\">(F1<\/a>, M1&#8230;) ben\u00f6tigen, um in die USA einzureisen<a href=\"https:\/\/www.esta-officiel-usa.com\/de\/entdecken-sie-new-york-city\/\">(ESTA New York<\/a>, Miami, Los Angeles&#8230;). Um es zu erhalten, m\u00fcssen Sie die folgenden <a href=\"https:\/\/www.esta-officiel-usa.com\/fr\/les-conditions-a-respecter-pour-obtenir-le-visa-usa\/\">Bedingungen<\/a> erf\u00fcllen: <\/p>\n\n<ul class=\"wp-block-list\"><li>Planen Sie einen Aufenthalt von bis zu 90 Tagen ;<\/li><li>Der Aufenthalt muss touristischen oder gesch\u00e4ftlichen Zwecken dienen, darf aber nicht entgeltlich sein;<\/li><li>Stellen Sie sicher, dass die Flug- oder Schifffahrtsgesellschaft, die Sie benutzen, f\u00fcr die Bef\u00f6rderung von Personen, die von dem Programm profitieren, zugelassen ist<a href=\"https:\/\/www.esta-officiel-usa.com\/fr\/les-formalites-darrivee-aux-usa-par-voie-terrestre\/\">(die Einreise in die USA auf dem Landweg<\/a> erfordert kein ESTA-Verfahren).<\/li><\/ul>\n\n<p>Sie m\u00fcssen auch \u00fcber Folgendes verf\u00fcgen:<\/p>\n\n<ul class=\"wp-block-list\"><li>ein R\u00fcck- oder Weiterflugticket ;<\/li><li>einen g\u00fcltigen biometrischen oder elektronischen Reisepass;<\/li><li>eine Kreditkarte, mit der die Zahlung online erfolgen kann, da das ESTA-Verfahren nur \u00fcber das Internet abgewickelt werden kann.<\/li><\/ul>\n\n<h2 class=\"wp-block-heading\">DAS ESTA-VERFAHREN: DIE SCHRITTE<\/h2>\n\n<p>Sobald Sie sich vergewissert haben, dass Sie alle oben genannten Kriterien erf\u00fcllen, k\u00f6nnen Sie mit dem Verfahren beginnen.<\/p>\n\n<p>Sie k\u00f6nnen die offizielle Website der US-Regierung besuchen oder unsere Dienste in Anspruch nehmen, um von zahlreichen Vorteilen zu profitieren (Unterst\u00fctzung beim Antragsverfahren, vereinfachtes <a href=\"https:\/\/www.esta-officiel-usa.com\/fr\/le-formulaire-esta-usa-en-francais\/\">Formular auf Deutsch<\/a>, Online-Hilfe usw.).<\/p>\n\n<p>Das <a href=\"https:\/\/www.esta-officiel-usa.com\/de\/der-obligatorische-esta-antrag-fuer-die-usa-im-internet\/\">obligatorische Verfahren<\/a> wird in Form eines <a href=\"https:\/\/www.esta-officiel-usa.com\/fr\/remplir-le-questionnaire-est-en-francais\/\">speziellen ESTA-Fragebogens<\/a> durchgef\u00fchrt, der aus mehreren Teilen besteht. Zun\u00e4chst m\u00fcssen Sie Fragen zu Ihrer Identit\u00e4t beantworten (Name, Vorname, Geburtsdatum usw.). Dann werden Sie um Informationen \u00fcber den Grund Ihres Aufenthalts (Adresse vor Ort und Notfallkontakt) und Ihren Reisepass gebeten. Der letzte Teil besteht aus Ja\/Nein-Fragen (zu Ihrer Vorstrafe, Ihrem Gesundheitszustand usw.).   <\/p>\n\n<h2 class=\"wp-block-heading\">ESTA-VERFAHREN: REGELWERK UND VALIDIERUNG<\/h2>\n\n<p>Nach dem Ausf\u00fcllen des Formulars m\u00fcssen Sie eine Zahlung von 14 $ leisten, damit Ihr Antrag bearbeitet werden kann. Sobald die Zahlung erfolgt ist, garantieren die US-Beh\u00f6rden eine Antwort innerhalb von 72 Stunden. Die m\u00f6glichen Antworten auf einen Antrag sind: genehmigte Genehmigung, <a href=\"https:\/\/www.esta-officiel-usa.com\/de\/antrag-auf-esta-genehmigung-anhaengig\/\">ausstehende<\/a> Genehmigung und abgelehnte Genehmigung.  <\/p>\n\n<p>Achten Sie darauf, dass Sie Ihre Antworten noch einmal durchlesen, denn wenn Sie aufgrund eines Tippfehlers abgelehnt werden, m\u00fcssen Sie die Bearbeitungsgeb\u00fchr noch einmal bezahlen, da Sie keine \u00c4nderungen oder <a href=\"https:\/\/www.esta-officiel-usa.com\/fr\/autorisation-esta-mise-a-jour\/\">Aktualisierungen<\/a> des ESTA vornehmen k\u00f6nnen. Wenn alles gut gelaufen ist, erhalten Sie Ihre ESTA-Best\u00e4tigung schneller als die angek\u00fcndigten 72 Stunden und k\u00f6nnen in die USA reisen! <br\/><\/p>\n","protected":false},"excerpt":{"rendered":"<p>WIE IST DAS VERFAHREN F\u00dcR DIE ESTA? Alle Personen, die in die USA reisen m\u00f6chten, sei es als Tourist oder aus gesch\u00e4ftlichen Gr\u00fcnden, m\u00fcssen vor ihrer Abreise das ESTA-Verfahren durchlaufen. Die ESTA-Genehmigung ist notwendig, da ohne sie keine Reise m\u00f6glich ist. DAS ESTA-VERFAHREN: DIE BEDINGUNGEN ESTA ist ein Programm, dessenHauptnutzen darin besteht, dass Staatsangeh\u00f6rige von [&hellip;]<\/p>\n","protected":false},"author":1,"featured_media":0,"parent":0,"menu_order":0,"comment_status":"closed","ping_status":"closed","template":"","meta":{"footnotes":""},"class_list":["post-1468","page","type-page","status-publish","hentry"],"yoast_head":"<!-- This site is optimized with the Yoast SEO plugin v26.2 - https:\/\/yoast.com\/wordpress\/plugins\/seo\/ -->\n<title>Das ESTA-Verfahren f\u00fcr die Vereinigten Staaten von Amerika<\/title>\n<meta name=\"description\" content=\"Wenn Sie in die USA reisen m\u00f6chten, m\u00fcssen Sie einen ESTA-Antrag stellen.\" \/>\n<meta name=\"robots\" content=\"index, follow, max-snippet:-1, max-image-preview:large, max-video-preview:-1\" \/>\n<link rel=\"canonical\" href=\"https:\/\/www.esta-officiel-usa.com\/de\/das-esta-verfahren-fuer-die-vereinigten-staaten-von-amerika\/\" \/>\n<meta property=\"og:locale\" content=\"de_DE\" \/>\n<meta property=\"og:type\" content=\"article\" \/>\n<meta property=\"og:title\" content=\"Das ESTA-Verfahren f\u00fcr die Vereinigten Staaten von Amerika\" \/>\n<meta property=\"og:description\" content=\"Wenn Sie in die USA reisen m\u00f6chten, m\u00fcssen Sie einen ESTA-Antrag stellen.\" \/>\n<meta property=\"og:url\" content=\"https:\/\/www.esta-officiel-usa.com\/de\/das-esta-verfahren-fuer-die-vereinigten-staaten-von-amerika\/\" \/>\n<meta property=\"og:site_name\" content=\"ESTA - Vereinigte Staaten\" \/>\n<meta property=\"article:modified_time\" content=\"2025-09-13T12:03:30+00:00\" \/>\n<meta name=\"twitter:card\" content=\"summary_large_image\" \/>\n<meta name=\"twitter:label1\" content=\"Gesch\u00e4tzte Lesezeit\" \/>\n\t<meta name=\"twitter:data1\" content=\"2\u00a0Minuten\" \/>\n<script type=\"application\/ld+json\" class=\"yoast-schema-graph\">{\"@context\":\"https:\/\/schema.org\",\"@graph\":[{\"@type\":\"WebPage\",\"@id\":\"https:\/\/www.esta-officiel-usa.com\/de\/das-esta-verfahren-fuer-die-vereinigten-staaten-von-amerika\/\",\"url\":\"https:\/\/www.esta-officiel-usa.com\/de\/das-esta-verfahren-fuer-die-vereinigten-staaten-von-amerika\/\",\"name\":\"Das ESTA-Verfahren f\u00fcr die Vereinigten Staaten von Amerika\",\"isPartOf\":{\"@id\":\"https:\/\/www.esta-officiel-usa.com\/de\/#website\"},\"datePublished\":\"2025-09-13T12:03:26+00:00\",\"dateModified\":\"2025-09-13T12:03:30+00:00\",\"description\":\"Wenn Sie in die USA reisen m\u00f6chten, m\u00fcssen Sie einen ESTA-Antrag stellen.\",\"breadcrumb\":{\"@id\":\"https:\/\/www.esta-officiel-usa.com\/de\/das-esta-verfahren-fuer-die-vereinigten-staaten-von-amerika\/#breadcrumb\"},\"inLanguage\":\"de\",\"potentialAction\":[{\"@type\":\"ReadAction\",\"target\":[\"https:\/\/www.esta-officiel-usa.com\/de\/das-esta-verfahren-fuer-die-vereinigten-staaten-von-amerika\/\"]}]},{\"@type\":\"BreadcrumbList\",\"@id\":\"https:\/\/www.esta-officiel-usa.com\/de\/das-esta-verfahren-fuer-die-vereinigten-staaten-von-amerika\/#breadcrumb\",\"itemListElement\":[{\"@type\":\"ListItem\",\"position\":1,\"name\":\"Home\",\"item\":\"https:\/\/www.esta-officiel-usa.com\/de\/\"},{\"@type\":\"ListItem\",\"position\":2,\"name\":\"Das ESTA-Verfahren f\u00fcr die Vereinigten Staaten von Amerika\"}]},{\"@type\":\"WebSite\",\"@id\":\"https:\/\/www.esta-officiel-usa.com\/de\/#website\",\"url\":\"https:\/\/www.esta-officiel-usa.com\/de\/\",\"name\":\"ESTA - Vereinigte Staaten\",\"description\":\"ESTA-Antragsformular\",\"potentialAction\":[{\"@type\":\"SearchAction\",\"target\":{\"@type\":\"EntryPoint\",\"urlTemplate\":\"https:\/\/www.esta-officiel-usa.com\/de\/?s={search_term_string}\"},\"query-input\":{\"@type\":\"PropertyValueSpecification\",\"valueRequired\":true,\"valueName\":\"search_term_string\"}}],\"inLanguage\":\"de\"}]}<\/script>\n<!-- \/ Yoast SEO plugin. -->","yoast_head_json":{"title":"Das ESTA-Verfahren f\u00fcr die Vereinigten Staaten von Amerika","description":"Wenn Sie in die USA reisen m\u00f6chten, m\u00fcssen Sie einen ESTA-Antrag stellen.","robots":{"index":"index","follow":"follow","max-snippet":"max-snippet:-1","max-image-preview":"max-image-preview:large","max-video-preview":"max-video-preview:-1"},"canonical":"https:\/\/www.esta-officiel-usa.com\/de\/das-esta-verfahren-fuer-die-vereinigten-staaten-von-amerika\/","og_locale":"de_DE","og_type":"article","og_title":"Das ESTA-Verfahren f\u00fcr die Vereinigten Staaten von Amerika","og_description":"Wenn Sie in die USA reisen m\u00f6chten, m\u00fcssen Sie einen ESTA-Antrag stellen.","og_url":"https:\/\/www.esta-officiel-usa.com\/de\/das-esta-verfahren-fuer-die-vereinigten-staaten-von-amerika\/","og_site_name":"ESTA - Vereinigte Staaten","article_modified_time":"2025-09-13T12:03:30+00:00","twitter_card":"summary_large_image","twitter_misc":{"Gesch\u00e4tzte Lesezeit":"2\u00a0Minuten"},"schema":{"@context":"https:\/\/schema.org","@graph":[{"@type":"WebPage","@id":"https:\/\/www.esta-officiel-usa.com\/de\/das-esta-verfahren-fuer-die-vereinigten-staaten-von-amerika\/","url":"https:\/\/www.esta-officiel-usa.com\/de\/das-esta-verfahren-fuer-die-vereinigten-staaten-von-amerika\/","name":"Das ESTA-Verfahren f\u00fcr die Vereinigten Staaten von Amerika","isPartOf":{"@id":"https:\/\/www.esta-officiel-usa.com\/de\/#website"},"datePublished":"2025-09-13T12:03:26+00:00","dateModified":"2025-09-13T12:03:30+00:00","description":"Wenn Sie in die USA reisen m\u00f6chten, m\u00fcssen Sie einen ESTA-Antrag stellen.","breadcrumb":{"@id":"https:\/\/www.esta-officiel-usa.com\/de\/das-esta-verfahren-fuer-die-vereinigten-staaten-von-amerika\/#breadcrumb"},"inLanguage":"de","potentialAction":[{"@type":"ReadAction","target":["https:\/\/www.esta-officiel-usa.com\/de\/das-esta-verfahren-fuer-die-vereinigten-staaten-von-amerika\/"]}]},{"@type":"BreadcrumbList","@id":"https:\/\/www.esta-officiel-usa.com\/de\/das-esta-verfahren-fuer-die-vereinigten-staaten-von-amerika\/#breadcrumb","itemListElement":[{"@type":"ListItem","position":1,"name":"Home","item":"https:\/\/www.esta-officiel-usa.com\/de\/"},{"@type":"ListItem","position":2,"name":"Das ESTA-Verfahren f\u00fcr die Vereinigten Staaten von Amerika"}]},{"@type":"WebSite","@id":"https:\/\/www.esta-officiel-usa.com\/de\/#website","url":"https:\/\/www.esta-officiel-usa.com\/de\/","name":"ESTA - Vereinigte Staaten","description":"ESTA-Antragsformular","potentialAction":[{"@type":"SearchAction","target":{"@type":"EntryPoint","urlTemplate":"https:\/\/www.esta-officiel-usa.com\/de\/?s={search_term_string}"},"query-input":{"@type":"PropertyValueSpecification","valueRequired":true,"valueName":"search_term_string"}}],"inLanguage":"de"}]}},"_links":{"self":[{"href":"https:\/\/www.esta-officiel-usa.com\/de\/wp-json\/wp\/v2\/pages\/1468","targetHints":{"allow":["GET"]}}],"collection":[{"href":"https:\/\/www.esta-officiel-usa.com\/de\/wp-json\/wp\/v2\/pages"}],"about":[{"href":"https:\/\/www.esta-officiel-usa.com\/de\/wp-json\/wp\/v2\/types\/page"}],"author":[{"embeddable":true,"href":"https:\/\/www.esta-officiel-usa.com\/de\/wp-json\/wp\/v2\/users\/1"}],"replies":[{"embeddable":true,"href":"https:\/\/www.esta-officiel-usa.com\/de\/wp-json\/wp\/v2\/comments?post=1468"}],"version-history":[{"count":1,"href":"https:\/\/www.esta-officiel-usa.com\/de\/wp-json\/wp\/v2\/pages\/1468\/revisions"}],"predecessor-version":[{"id":1470,"href":"https:\/\/www.esta-officiel-usa.com\/de\/wp-json\/wp\/v2\/pages\/1468\/revisions\/1470"}],"wp:attachment":[{"href":"https:\/\/www.esta-officiel-usa.com\/de\/wp-json\/wp\/v2\/media?parent=1468"}],"curies":[{"name":"wp","href":"https:\/\/api.w.org\/{rel}","templated":true}]}}