{"id":1489,"date":"2025-09-13T12:03:35","date_gmt":"2025-09-13T12:03:35","guid":{"rendered":"https:\/\/www.esta-officiel-usa.com\/wie-man-fuer-einen-esta-antrag-bezahlt\/"},"modified":"2025-09-13T12:03:38","modified_gmt":"2025-09-13T12:03:38","slug":"wie-man-fuer-einen-esta-antrag-bezahlt","status":"publish","type":"page","link":"https:\/\/www.esta-officiel-usa.com\/de\/wie-man-fuer-einen-esta-antrag-bezahlt\/","title":{"rendered":"Wie man f\u00fcr einen ESTA-Antrag bezahlt"},"content":{"rendered":"\n<h1 class=\"wp-block-heading\">WIE KANN ICH DEN ESTA BEZAHLEN?<\/h1>\n\n<p>Ist eine Reise in die USA Teil Ihrer Zukunftspl\u00e4ne? Ein Besuch der USA in San Francisco, Miami oder in den sch\u00f6nsten Nationalparks wie Yosemite oder Grand Canyon ist Ihr amerikanischer Traum? Aber sind Sie sich sicher, dass Sie \u00fcber die notwendigen Verwaltungsverfahren und offiziellen Dokumente Bescheid wissen? In diesem Artikel erfahren Sie, wie Sie ein ESTA beantragen k\u00f6nnen.   <\/p>\n\n<p>F\u00fcr die Einreise in die USA ben\u00f6tigen Sie einen biometrischen Reisepass (mit Fingerabdr\u00fccken) oder einen elektronischen Reisepass, der f\u00fcr die gesamte Dauer Ihres Aufenthalts g\u00fcltig ist. Au\u00dferdem ben\u00f6tigen Sie eine von der US-Regierung ausgestellte Genehmigung f\u00fcr die Einreise in die USA: entweder ein Visum oder ein ESTA. <\/p>\n\n<h2 class=\"wp-block-heading\">WAS SIND DIE MERKMALE DER ESTA-GENEHMIGUNG?<\/h2>\n\n<p>Ein ESTA-Dokument ist eine Genehmigung zur Befreiung von der Visumspflicht, d.h. es berechtigt den Inhaber, ohne Visum in die USA zu reisen.<\/p>\n\n<p>Dieses Dokument ist das Ergebnis einer Verhandlung zwischen den USA und den L\u00e4ndern, die am <a href=\"https:\/\/www.esta-officiel-usa.com\/fr\/a-propos-du-visa-waiver-program\/\">Visa Waiver Program<\/a> teilnehmen. Diese L\u00e4nder sind : <\/p>\n\n<p>Andorra, Australien, \u00d6sterreich, Belgien, Brunei, Chile, S\u00fcdkorea, Kroatien, D\u00e4nemark, Estland, Finnland, Frankreich, Deutschland, Griechenland, Ungarn, Irland, Island, Italien, Israel, Japan, Niederlande, Lettland, Liechtenstein, Litauen, Luxemburg, Malta, Monaco, Norwegen, Neuseeland, Portugal, Polen, Tschechische Republik, Gro\u00dfbritannien, San Marino, Singapur, Slowakei, Slowenien, Spanien, Schweden, Schweiz und Taiwan.<\/p>\n\n<p>Um f\u00fcr dieses Dokument in Frage zu kommen, d\u00fcrfen Sie in der Vergangenheit keine abgelehnten Visumantr\u00e4ge gestellt haben und d\u00fcrfen nach dem 1. M\u00e4rz 2011 nicht nach Syrien, Sudan, Somalia, Jemen, Libyen oder Iran gereist sein. Wenn Ihr Antrag abgelehnt wird, m\u00fcssen Sie 10 Tage warten, bevor Sie erneut einen Antrag stellen k\u00f6nnen. <\/p>\n\n<p>Das ESTA hat eine G\u00fcltigkeitsdauer von 2 Jahren und erlaubt mehrere Aufenthalte von bis zu 90 Tagen.<\/p>\n\n<p>Wenn Sie mit einem ESTA in die USA einreisen, muss es sich um einen vor\u00fcbergehenden Aufenthalt und einen touristischen Aufenthalt handeln: Sie wollen kein Praktikum in den USA absolvieren, nicht an einer amerikanischen Universit\u00e4t studieren und auch nicht arbeiten. Wenn Sie zu diesem Zweck in die USA reisen, m\u00fcssen Sie vorab ein Visum beantragen. <\/p>\n\n<p>Wie Sie f\u00fcr das ESTA bezahlen k\u00f6nnen, erfahren Sie im n\u00e4chsten Abschnitt.<\/p>\n\n<h2 class=\"wp-block-heading\">ESTA ZAHLEN: DAS VERFAHREN<\/h2>\n\n<p><a href=\"https:\/\/www.esta-officiel-usa.com\/fr\/demande-desta-sur-site-officiel\/\">Der ESTA-Antrag<\/a> kann nur online gestellt werden, eine Papierversion gibt es nicht. Um das Dokument zu erhalten, m\u00fcssen Sie auf die offizielle Website der US-Regierung gehen. Im Gegensatz zum USA-Visum m\u00fcssen Sie nicht zur US-Botschaft oder zum US-Konsulat gehen: Der ESTA-Antrag ist mit wenigen Klicks erledigt, Sie m\u00fcssen am Ende des Verfahrens bezahlen.  <\/p>\n\n<p>Sie k\u00f6nnen sich auch an ein unabh\u00e4ngiges Unternehmen wenden, das Sie auffordert, ein Online-Formular auszuf\u00fcllen. Diese Unternehmen sind dazu da, Sie zu unterst\u00fctzen, Ihre Daten zu \u00fcberpr\u00fcfen und Ihre Fragen zu beantworten. So k\u00f6nnen Sie sicher sein, dass Sie Ihr ESTA rechtzeitig f\u00fcr Ihre Reise erhalten. Es wird empfohlen, dass Sie den Antrag h\u00f6chstens 72 Stunden vor Ihrer Reise in die USA stellen.   <\/p>\n\n<p>In beiden F\u00e4llen, ob Sie nun direkt auf die Website der US-Regierung gehen oder ein unabh\u00e4ngiges Unternehmen beauftragen, m\u00fcssen Sie das ESTA \u00fcber eine Online-Zahlung bezahlen.<\/p>\n\n<p>F\u00fcr die Bezahlung des ESTA ben\u00f6tigen Sie eine g\u00fcltige Kreditkarte, wie z.B. MasterCard, VISA, PayPal oder American Express. Die <a href=\"https:\/\/www.esta-officiel-usa.com\/de\/esta-was-kostet-es\/\">Kosten f\u00fcr eine ESTA-Genehmigung<\/a> betragen 21 $. <\/p>\n","protected":false},"excerpt":{"rendered":"<p>WIE KANN ICH DEN ESTA BEZAHLEN? Ist eine Reise in die USA Teil Ihrer Zukunftspl\u00e4ne? Ein Besuch der USA in San Francisco, Miami oder in den sch\u00f6nsten Nationalparks wie Yosemite oder Grand Canyon ist Ihr amerikanischer Traum? Aber sind Sie sich sicher, dass Sie \u00fcber die notwendigen Verwaltungsverfahren und offiziellen Dokumente Bescheid wissen? In diesem [&hellip;]<\/p>\n","protected":false},"author":1,"featured_media":0,"parent":0,"menu_order":0,"comment_status":"closed","ping_status":"closed","template":"","meta":{"footnotes":""},"class_list":["post-1489","page","type-page","status-publish","hentry"],"yoast_head":"<!-- This site is optimized with the Yoast SEO plugin v26.2 - https:\/\/yoast.com\/wordpress\/plugins\/seo\/ -->\n<title>Wie man f\u00fcr einen ESTA-Antrag bezahlt<\/title>\n<meta name=\"description\" content=\"Sie brauchen nicht zur US-Botschaft zu gehen. Der ESTA-Antrag kann mit wenigen Klicks online gestellt werden.\" \/>\n<meta name=\"robots\" content=\"index, follow, max-snippet:-1, max-image-preview:large, max-video-preview:-1\" \/>\n<link rel=\"canonical\" href=\"https:\/\/www.esta-officiel-usa.com\/de\/wie-man-fuer-einen-esta-antrag-bezahlt\/\" \/>\n<meta property=\"og:locale\" content=\"de_DE\" \/>\n<meta property=\"og:type\" content=\"article\" \/>\n<meta property=\"og:title\" content=\"Wie man f\u00fcr einen ESTA-Antrag bezahlt\" \/>\n<meta property=\"og:description\" content=\"Sie brauchen nicht zur US-Botschaft zu gehen. Der ESTA-Antrag kann mit wenigen Klicks online gestellt werden.\" \/>\n<meta property=\"og:url\" content=\"https:\/\/www.esta-officiel-usa.com\/de\/wie-man-fuer-einen-esta-antrag-bezahlt\/\" \/>\n<meta property=\"og:site_name\" content=\"ESTA - Vereinigte Staaten\" \/>\n<meta property=\"article:modified_time\" content=\"2025-09-13T12:03:38+00:00\" \/>\n<meta name=\"twitter:card\" content=\"summary_large_image\" \/>\n<meta name=\"twitter:label1\" content=\"Gesch\u00e4tzte Lesezeit\" \/>\n\t<meta name=\"twitter:data1\" content=\"3\u00a0Minuten\" \/>\n<script type=\"application\/ld+json\" class=\"yoast-schema-graph\">{\"@context\":\"https:\/\/schema.org\",\"@graph\":[{\"@type\":\"WebPage\",\"@id\":\"https:\/\/www.esta-officiel-usa.com\/de\/wie-man-fuer-einen-esta-antrag-bezahlt\/\",\"url\":\"https:\/\/www.esta-officiel-usa.com\/de\/wie-man-fuer-einen-esta-antrag-bezahlt\/\",\"name\":\"Wie man f\u00fcr einen ESTA-Antrag bezahlt\",\"isPartOf\":{\"@id\":\"https:\/\/www.esta-officiel-usa.com\/de\/#website\"},\"datePublished\":\"2025-09-13T12:03:35+00:00\",\"dateModified\":\"2025-09-13T12:03:38+00:00\",\"description\":\"Sie brauchen nicht zur US-Botschaft zu gehen. Der ESTA-Antrag kann mit wenigen Klicks online gestellt werden.\",\"breadcrumb\":{\"@id\":\"https:\/\/www.esta-officiel-usa.com\/de\/wie-man-fuer-einen-esta-antrag-bezahlt\/#breadcrumb\"},\"inLanguage\":\"de\",\"potentialAction\":[{\"@type\":\"ReadAction\",\"target\":[\"https:\/\/www.esta-officiel-usa.com\/de\/wie-man-fuer-einen-esta-antrag-bezahlt\/\"]}]},{\"@type\":\"BreadcrumbList\",\"@id\":\"https:\/\/www.esta-officiel-usa.com\/de\/wie-man-fuer-einen-esta-antrag-bezahlt\/#breadcrumb\",\"itemListElement\":[{\"@type\":\"ListItem\",\"position\":1,\"name\":\"Home\",\"item\":\"https:\/\/www.esta-officiel-usa.com\/de\/\"},{\"@type\":\"ListItem\",\"position\":2,\"name\":\"Wie man f\u00fcr einen ESTA-Antrag bezahlt\"}]},{\"@type\":\"WebSite\",\"@id\":\"https:\/\/www.esta-officiel-usa.com\/de\/#website\",\"url\":\"https:\/\/www.esta-officiel-usa.com\/de\/\",\"name\":\"ESTA - Vereinigte Staaten\",\"description\":\"ESTA-Antragsformular\",\"potentialAction\":[{\"@type\":\"SearchAction\",\"target\":{\"@type\":\"EntryPoint\",\"urlTemplate\":\"https:\/\/www.esta-officiel-usa.com\/de\/?s={search_term_string}\"},\"query-input\":{\"@type\":\"PropertyValueSpecification\",\"valueRequired\":true,\"valueName\":\"search_term_string\"}}],\"inLanguage\":\"de\"}]}<\/script>\n<!-- \/ Yoast SEO plugin. -->","yoast_head_json":{"title":"Wie man f\u00fcr einen ESTA-Antrag bezahlt","description":"Sie brauchen nicht zur US-Botschaft zu gehen. Der ESTA-Antrag kann mit wenigen Klicks online gestellt werden.","robots":{"index":"index","follow":"follow","max-snippet":"max-snippet:-1","max-image-preview":"max-image-preview:large","max-video-preview":"max-video-preview:-1"},"canonical":"https:\/\/www.esta-officiel-usa.com\/de\/wie-man-fuer-einen-esta-antrag-bezahlt\/","og_locale":"de_DE","og_type":"article","og_title":"Wie man f\u00fcr einen ESTA-Antrag bezahlt","og_description":"Sie brauchen nicht zur US-Botschaft zu gehen. Der ESTA-Antrag kann mit wenigen Klicks online gestellt werden.","og_url":"https:\/\/www.esta-officiel-usa.com\/de\/wie-man-fuer-einen-esta-antrag-bezahlt\/","og_site_name":"ESTA - Vereinigte Staaten","article_modified_time":"2025-09-13T12:03:38+00:00","twitter_card":"summary_large_image","twitter_misc":{"Gesch\u00e4tzte Lesezeit":"3\u00a0Minuten"},"schema":{"@context":"https:\/\/schema.org","@graph":[{"@type":"WebPage","@id":"https:\/\/www.esta-officiel-usa.com\/de\/wie-man-fuer-einen-esta-antrag-bezahlt\/","url":"https:\/\/www.esta-officiel-usa.com\/de\/wie-man-fuer-einen-esta-antrag-bezahlt\/","name":"Wie man f\u00fcr einen ESTA-Antrag bezahlt","isPartOf":{"@id":"https:\/\/www.esta-officiel-usa.com\/de\/#website"},"datePublished":"2025-09-13T12:03:35+00:00","dateModified":"2025-09-13T12:03:38+00:00","description":"Sie brauchen nicht zur US-Botschaft zu gehen. Der ESTA-Antrag kann mit wenigen Klicks online gestellt werden.","breadcrumb":{"@id":"https:\/\/www.esta-officiel-usa.com\/de\/wie-man-fuer-einen-esta-antrag-bezahlt\/#breadcrumb"},"inLanguage":"de","potentialAction":[{"@type":"ReadAction","target":["https:\/\/www.esta-officiel-usa.com\/de\/wie-man-fuer-einen-esta-antrag-bezahlt\/"]}]},{"@type":"BreadcrumbList","@id":"https:\/\/www.esta-officiel-usa.com\/de\/wie-man-fuer-einen-esta-antrag-bezahlt\/#breadcrumb","itemListElement":[{"@type":"ListItem","position":1,"name":"Home","item":"https:\/\/www.esta-officiel-usa.com\/de\/"},{"@type":"ListItem","position":2,"name":"Wie man f\u00fcr einen ESTA-Antrag bezahlt"}]},{"@type":"WebSite","@id":"https:\/\/www.esta-officiel-usa.com\/de\/#website","url":"https:\/\/www.esta-officiel-usa.com\/de\/","name":"ESTA - Vereinigte Staaten","description":"ESTA-Antragsformular","potentialAction":[{"@type":"SearchAction","target":{"@type":"EntryPoint","urlTemplate":"https:\/\/www.esta-officiel-usa.com\/de\/?s={search_term_string}"},"query-input":{"@type":"PropertyValueSpecification","valueRequired":true,"valueName":"search_term_string"}}],"inLanguage":"de"}]}},"_links":{"self":[{"href":"https:\/\/www.esta-officiel-usa.com\/de\/wp-json\/wp\/v2\/pages\/1489","targetHints":{"allow":["GET"]}}],"collection":[{"href":"https:\/\/www.esta-officiel-usa.com\/de\/wp-json\/wp\/v2\/pages"}],"about":[{"href":"https:\/\/www.esta-officiel-usa.com\/de\/wp-json\/wp\/v2\/types\/page"}],"author":[{"embeddable":true,"href":"https:\/\/www.esta-officiel-usa.com\/de\/wp-json\/wp\/v2\/users\/1"}],"replies":[{"embeddable":true,"href":"https:\/\/www.esta-officiel-usa.com\/de\/wp-json\/wp\/v2\/comments?post=1489"}],"version-history":[{"count":1,"href":"https:\/\/www.esta-officiel-usa.com\/de\/wp-json\/wp\/v2\/pages\/1489\/revisions"}],"predecessor-version":[{"id":1491,"href":"https:\/\/www.esta-officiel-usa.com\/de\/wp-json\/wp\/v2\/pages\/1489\/revisions\/1491"}],"wp:attachment":[{"href":"https:\/\/www.esta-officiel-usa.com\/de\/wp-json\/wp\/v2\/media?parent=1489"}],"curies":[{"name":"wp","href":"https:\/\/api.w.org\/{rel}","templated":true}]}}