{"id":1515,"date":"2025-09-13T12:03:44","date_gmt":"2025-09-13T12:03:44","guid":{"rendered":"https:\/\/www.esta-officiel-usa.com\/reisen-sie-in-die-usa-und-entdecken-sie-las-vegas\/"},"modified":"2025-09-13T12:03:46","modified_gmt":"2025-09-13T12:03:46","slug":"reisen-sie-in-die-usa-und-entdecken-sie-las-vegas","status":"publish","type":"page","link":"https:\/\/www.esta-officiel-usa.com\/de\/reisen-sie-in-die-usa-und-entdecken-sie-las-vegas\/","title":{"rendered":"Reisen Sie in die USA und entdecken Sie Las Vegas"},"content":{"rendered":"\n<h1 class=\"wp-block-heading\">ENTDECKUNG VON LAS VEGAS UND REISE IN DIE USA<\/h1>\n\n<p>Las Vegas ist eines der beliebtesten Reiseziele f\u00fcr Reisende aus der ganzen Welt. Las Vegas ist bekannt als die Stadt der Unterhaltung und ist f\u00fcr Gruppen von Freunden, Paaren und Familien gleicherma\u00dfen geeignet. Die Sin City und ihre Umgebung bieten eine gro\u00dfe Auswahl an Aktivit\u00e4ten.  <\/p>\n\n<p>Las Vegas ist von Frankreich aus sehr einfach mit<a href=\"https:\/\/www.esta-officiel-usa.com\/de\/\">ESTA<\/a> zu erreichen. Unsere Experten erkl\u00e4ren Ihnen, wie Sie <a href=\"https:\/\/www.esta-officiel-usa.com\/fr\/comment-obtenir-un-visa-usa\/\">Ihre Aufenthaltsgenehmigung erhalten<\/a> k\u00f6nnen. <\/p>\n\n<h2 class=\"wp-block-heading\">WARUM IST LAS VEGAS BER\u00dcHMT?<\/h2>\n\n<p>Las Vegas ist ein Ort, von dem wir alle mindestens einmal in unserem Leben geh\u00f6rt haben. Die Stadt, die niemals schl\u00e4ft, ist f\u00fcr ihren Prunk bekannt! <\/p>\n\n<p>Das Besondere an diesem Ort ist, dass er seinen Besuchern eine Vielzahl von Unterhaltungsm\u00f6glichkeiten bietet:<\/p>\n\n<ul class=\"wp-block-list\"><li>Riesige Hotels mit einer Dekoration, die auf Rekonstruktionen basiert (Oasen, Wasserf\u00e4lle, venezianische Pal\u00e4ste, Eiffelturm&#8230;). Die Zimmerpreise sind sehr unterschiedlich, so dass jeder eine Unterkunft finden kann, die seinem Budget entspricht; <\/li><li>sehr ber\u00fchmte Kasinos. Viele Reisende kommen nur wegen des Gl\u00fccksspiels nach Vegas. Die Stadt ist weltbekannt als Paradies f\u00fcr Spieler. Jedes Casino verf\u00fcgt \u00fcber eine gro\u00dfe Anzahl von Tischen und Spielautomaten. Alle Spiele sind vertreten (Poker, Roulette, Black Jack&#8230;). Jeder spielt in der Hoffnung, den Jackpot zu knacken! In Vegas sind alle Tr\u00e4ume erlaubt&#8230; ;      <\/li><li>Lichter, so weit das Auge reicht. Las Vegas leuchtet mit tausend Lichtern. Die Besucher sind meist am\u00fcsiert \u00fcber die vielen \u00fcbergro\u00dfen Schilder, die hier aufgestellt sind. Das ber\u00fchmteste ist das legend\u00e4re &#8222;Welcome to fabulous Las Vegas&#8220;. Verpassen Sie nicht die Gelegenheit, sich selbst zu fotografieren, um Ihren Aufenthalt festzuhalten;    <\/li><li>den Grand Canyon. Besucher, die nach Vegas reisen, nutzen die Gelegenheit, die Sch\u00f6nheit des Grand Canyon zu bewundern. Der Grand Canyon ist leicht mit dem Auto zu erreichen. Wenn Sie \u00fcber ein ausreichendes Budget verf\u00fcgen, k\u00f6nnen Sie einen Helikopterflug \u00fcber den Canyon machen. Dieser Ausflug wird Ihnen unvergesslich bleiben.   <\/li><\/ul>\n\n<p>Las Vegas ist ein Ziel, das von Frankreich aus leicht zu erreichen ist. Die Preise f\u00fcr Fl\u00fcge in die USA sind in den letzten Jahren stark gesunken, so dass viele Franzosen <a href=\"https:\/\/www.esta-officiel-usa.com\/de\/reisen-in-die-usa\/\">in die USA reisen<\/a> k\u00f6nnen. <\/p>\n\n<p>Wenn es sich bei Ihrer Reise um einen Kurzaufenthalt handelt, ist das ESTA Las Vegas die am schnellsten und einfachsten zu beantragende Aufenthaltsgenehmigung.<\/p>\n\n<h2 class=\"wp-block-heading\">EINEN ESTA F\u00dcR LAS VEGAS BESTELLEN<\/h2>\n\n<p>Das ESTA hat den Vorteil, dass es zwei Jahre lang g\u00fcltig ist. So k\u00f6nnen Reisende, die von den USA begeistert sind, innerhalb dieses Zeitraums weitere Aufenthalte machen. <\/p>\n\n<p>Das ESTA Las Vegas kann sowohl von Minderj\u00e4hrigen als auch von Vollj\u00e4hrigen beantragt werden.<\/p>\n\n<p>Um davon profitieren zu k\u00f6nnen, m\u00fcssen Sie :<\/p>\n\n<ul class=\"wp-block-list\"><li>Staatsangeh\u00f6riger eines der 38 L\u00e4nder sein, die am <a href=\"https:\/\/www.esta-officiel-usa.com\/fr\/a-propos-du-visa-waiver-program\/\">Visa Waiver Program<\/a> teilnehmen;<\/li><li>einen g\u00fcltigen elektronischen oder biometrischen <a href=\"https:\/\/www.esta-officiel-usa.com\/fr\/quel-type-de-passeport-pour-les-usa\/\">Reisepass<\/a> besitzen;<\/li><li>ein Ausreiseticket vorlegen, das von einer von den USA anerkannten Fluggesellschaft ausgestellt wurde;<\/li><li>sich h\u00f6chstens 90 aufeinander folgende Tage in den USA aufhalten.<\/li><\/ul>\n\n<p>Laden Sie dann einfach Ihre <a href=\"https:\/\/www.esta-officiel-usa.com\/de\/esta-antrag-fuer-die-usa\/\">ESTA-Erkl\u00e4rung<\/a> im PDF-Format herunter und drucken Sie sie aus.  <\/p>\n","protected":false},"excerpt":{"rendered":"<p>ENTDECKUNG VON LAS VEGAS UND REISE IN DIE USA Las Vegas ist eines der beliebtesten Reiseziele f\u00fcr Reisende aus der ganzen Welt. Las Vegas ist bekannt als die Stadt der Unterhaltung und ist f\u00fcr Gruppen von Freunden, Paaren und Familien gleicherma\u00dfen geeignet. Die Sin City und ihre Umgebung bieten eine gro\u00dfe Auswahl an Aktivit\u00e4ten. Las [&hellip;]<\/p>\n","protected":false},"author":1,"featured_media":0,"parent":0,"menu_order":0,"comment_status":"closed","ping_status":"closed","template":"","meta":{"footnotes":""},"class_list":["post-1515","page","type-page","status-publish","hentry"],"yoast_head":"<!-- This site is optimized with the Yoast SEO plugin v26.2 - https:\/\/yoast.com\/wordpress\/plugins\/seo\/ -->\n<title>Reisen Sie in die USA und entdecken Sie Las Vegas<\/title>\n<meta name=\"description\" content=\"Las Vegas ist eine der beliebtesten St\u00e4dte in den USA. Unsere Mitarbeiter erkl\u00e4ren Ihnen, wie Sie Ihre ESTA-Genehmigung erhalten.\" \/>\n<meta name=\"robots\" content=\"index, follow, max-snippet:-1, max-image-preview:large, max-video-preview:-1\" \/>\n<link rel=\"canonical\" href=\"https:\/\/www.esta-officiel-usa.com\/de\/reisen-sie-in-die-usa-und-entdecken-sie-las-vegas\/\" \/>\n<meta property=\"og:locale\" content=\"de_DE\" \/>\n<meta property=\"og:type\" content=\"article\" \/>\n<meta property=\"og:title\" content=\"Reisen Sie in die USA und entdecken Sie Las Vegas\" \/>\n<meta property=\"og:description\" content=\"Las Vegas ist eine der beliebtesten St\u00e4dte in den USA. Unsere Mitarbeiter erkl\u00e4ren Ihnen, wie Sie Ihre ESTA-Genehmigung erhalten.\" \/>\n<meta property=\"og:url\" content=\"https:\/\/www.esta-officiel-usa.com\/de\/reisen-sie-in-die-usa-und-entdecken-sie-las-vegas\/\" \/>\n<meta property=\"og:site_name\" content=\"ESTA - Vereinigte Staaten\" \/>\n<meta property=\"article:modified_time\" content=\"2025-09-13T12:03:46+00:00\" \/>\n<meta name=\"twitter:card\" content=\"summary_large_image\" \/>\n<meta name=\"twitter:label1\" content=\"Gesch\u00e4tzte Lesezeit\" \/>\n\t<meta name=\"twitter:data1\" content=\"3\u00a0Minuten\" \/>\n<script type=\"application\/ld+json\" class=\"yoast-schema-graph\">{\"@context\":\"https:\/\/schema.org\",\"@graph\":[{\"@type\":\"WebPage\",\"@id\":\"https:\/\/www.esta-officiel-usa.com\/de\/reisen-sie-in-die-usa-und-entdecken-sie-las-vegas\/\",\"url\":\"https:\/\/www.esta-officiel-usa.com\/de\/reisen-sie-in-die-usa-und-entdecken-sie-las-vegas\/\",\"name\":\"Reisen Sie in die USA und entdecken Sie Las Vegas\",\"isPartOf\":{\"@id\":\"https:\/\/www.esta-officiel-usa.com\/de\/#website\"},\"datePublished\":\"2025-09-13T12:03:44+00:00\",\"dateModified\":\"2025-09-13T12:03:46+00:00\",\"description\":\"Las Vegas ist eine der beliebtesten St\u00e4dte in den USA. Unsere Mitarbeiter erkl\u00e4ren Ihnen, wie Sie Ihre ESTA-Genehmigung erhalten.\",\"breadcrumb\":{\"@id\":\"https:\/\/www.esta-officiel-usa.com\/de\/reisen-sie-in-die-usa-und-entdecken-sie-las-vegas\/#breadcrumb\"},\"inLanguage\":\"de\",\"potentialAction\":[{\"@type\":\"ReadAction\",\"target\":[\"https:\/\/www.esta-officiel-usa.com\/de\/reisen-sie-in-die-usa-und-entdecken-sie-las-vegas\/\"]}]},{\"@type\":\"BreadcrumbList\",\"@id\":\"https:\/\/www.esta-officiel-usa.com\/de\/reisen-sie-in-die-usa-und-entdecken-sie-las-vegas\/#breadcrumb\",\"itemListElement\":[{\"@type\":\"ListItem\",\"position\":1,\"name\":\"Home\",\"item\":\"https:\/\/www.esta-officiel-usa.com\/de\/\"},{\"@type\":\"ListItem\",\"position\":2,\"name\":\"Reisen Sie in die USA und entdecken Sie Las Vegas\"}]},{\"@type\":\"WebSite\",\"@id\":\"https:\/\/www.esta-officiel-usa.com\/de\/#website\",\"url\":\"https:\/\/www.esta-officiel-usa.com\/de\/\",\"name\":\"ESTA - Vereinigte Staaten\",\"description\":\"ESTA-Antragsformular\",\"potentialAction\":[{\"@type\":\"SearchAction\",\"target\":{\"@type\":\"EntryPoint\",\"urlTemplate\":\"https:\/\/www.esta-officiel-usa.com\/de\/?s={search_term_string}\"},\"query-input\":{\"@type\":\"PropertyValueSpecification\",\"valueRequired\":true,\"valueName\":\"search_term_string\"}}],\"inLanguage\":\"de\"}]}<\/script>\n<!-- \/ Yoast SEO plugin. -->","yoast_head_json":{"title":"Reisen Sie in die USA und entdecken Sie Las Vegas","description":"Las Vegas ist eine der beliebtesten St\u00e4dte in den USA. Unsere Mitarbeiter erkl\u00e4ren Ihnen, wie Sie Ihre ESTA-Genehmigung erhalten.","robots":{"index":"index","follow":"follow","max-snippet":"max-snippet:-1","max-image-preview":"max-image-preview:large","max-video-preview":"max-video-preview:-1"},"canonical":"https:\/\/www.esta-officiel-usa.com\/de\/reisen-sie-in-die-usa-und-entdecken-sie-las-vegas\/","og_locale":"de_DE","og_type":"article","og_title":"Reisen Sie in die USA und entdecken Sie Las Vegas","og_description":"Las Vegas ist eine der beliebtesten St\u00e4dte in den USA. Unsere Mitarbeiter erkl\u00e4ren Ihnen, wie Sie Ihre ESTA-Genehmigung erhalten.","og_url":"https:\/\/www.esta-officiel-usa.com\/de\/reisen-sie-in-die-usa-und-entdecken-sie-las-vegas\/","og_site_name":"ESTA - Vereinigte Staaten","article_modified_time":"2025-09-13T12:03:46+00:00","twitter_card":"summary_large_image","twitter_misc":{"Gesch\u00e4tzte Lesezeit":"3\u00a0Minuten"},"schema":{"@context":"https:\/\/schema.org","@graph":[{"@type":"WebPage","@id":"https:\/\/www.esta-officiel-usa.com\/de\/reisen-sie-in-die-usa-und-entdecken-sie-las-vegas\/","url":"https:\/\/www.esta-officiel-usa.com\/de\/reisen-sie-in-die-usa-und-entdecken-sie-las-vegas\/","name":"Reisen Sie in die USA und entdecken Sie Las Vegas","isPartOf":{"@id":"https:\/\/www.esta-officiel-usa.com\/de\/#website"},"datePublished":"2025-09-13T12:03:44+00:00","dateModified":"2025-09-13T12:03:46+00:00","description":"Las Vegas ist eine der beliebtesten St\u00e4dte in den USA. Unsere Mitarbeiter erkl\u00e4ren Ihnen, wie Sie Ihre ESTA-Genehmigung erhalten.","breadcrumb":{"@id":"https:\/\/www.esta-officiel-usa.com\/de\/reisen-sie-in-die-usa-und-entdecken-sie-las-vegas\/#breadcrumb"},"inLanguage":"de","potentialAction":[{"@type":"ReadAction","target":["https:\/\/www.esta-officiel-usa.com\/de\/reisen-sie-in-die-usa-und-entdecken-sie-las-vegas\/"]}]},{"@type":"BreadcrumbList","@id":"https:\/\/www.esta-officiel-usa.com\/de\/reisen-sie-in-die-usa-und-entdecken-sie-las-vegas\/#breadcrumb","itemListElement":[{"@type":"ListItem","position":1,"name":"Home","item":"https:\/\/www.esta-officiel-usa.com\/de\/"},{"@type":"ListItem","position":2,"name":"Reisen Sie in die USA und entdecken Sie Las Vegas"}]},{"@type":"WebSite","@id":"https:\/\/www.esta-officiel-usa.com\/de\/#website","url":"https:\/\/www.esta-officiel-usa.com\/de\/","name":"ESTA - Vereinigte Staaten","description":"ESTA-Antragsformular","potentialAction":[{"@type":"SearchAction","target":{"@type":"EntryPoint","urlTemplate":"https:\/\/www.esta-officiel-usa.com\/de\/?s={search_term_string}"},"query-input":{"@type":"PropertyValueSpecification","valueRequired":true,"valueName":"search_term_string"}}],"inLanguage":"de"}]}},"_links":{"self":[{"href":"https:\/\/www.esta-officiel-usa.com\/de\/wp-json\/wp\/v2\/pages\/1515","targetHints":{"allow":["GET"]}}],"collection":[{"href":"https:\/\/www.esta-officiel-usa.com\/de\/wp-json\/wp\/v2\/pages"}],"about":[{"href":"https:\/\/www.esta-officiel-usa.com\/de\/wp-json\/wp\/v2\/types\/page"}],"author":[{"embeddable":true,"href":"https:\/\/www.esta-officiel-usa.com\/de\/wp-json\/wp\/v2\/users\/1"}],"replies":[{"embeddable":true,"href":"https:\/\/www.esta-officiel-usa.com\/de\/wp-json\/wp\/v2\/comments?post=1515"}],"version-history":[{"count":1,"href":"https:\/\/www.esta-officiel-usa.com\/de\/wp-json\/wp\/v2\/pages\/1515\/revisions"}],"predecessor-version":[{"id":1517,"href":"https:\/\/www.esta-officiel-usa.com\/de\/wp-json\/wp\/v2\/pages\/1515\/revisions\/1517"}],"wp:attachment":[{"href":"https:\/\/www.esta-officiel-usa.com\/de\/wp-json\/wp\/v2\/media?parent=1515"}],"curies":[{"name":"wp","href":"https:\/\/api.w.org\/{rel}","templated":true}]}}