{"id":1521,"date":"2025-09-13T12:03:48","date_gmt":"2025-09-13T12:03:48","guid":{"rendered":"https:\/\/www.esta-officiel-usa.com\/die-reisegenehmigung-eta-canada\/"},"modified":"2025-09-13T12:03:55","modified_gmt":"2025-09-13T12:03:55","slug":"die-reisegenehmigung-eta-canada","status":"publish","type":"page","link":"https:\/\/www.esta-officiel-usa.com\/de\/die-reisegenehmigung-eta-canada\/","title":{"rendered":"Die Reisegenehmigung ETA Canada"},"content":{"rendered":"\n<h1 class=\"wp-block-heading\">DER AKTUELLE STAND DER REISEGENEHMIGUNG ETA CANADA<\/h1>\n\n<p>Die kanadische Regierung hat ein Reisegenehmigungsverfahren eingef\u00fchrt, das dem<a href=\"https:\/\/www.esta-officiel-usa.com\/de\/was-ist-die-esta-genehmigung\/\">ESTA-Genehmigungssystem<\/a> \u00e4hnelt, das die USA vor etwa zehn Jahren eingef\u00fchrt haben, um Reisenden den Besuch oder die Durchreise durch Kanada zu erm\u00f6glichen. Das am 10. November 2016 eingef\u00fchrte ETA Canada soll die Sicherheit der kanadischen Grenzen erh\u00f6hen und gleichzeitig die Einreise von Personen erleichtern, die aus touristischen oder gesch\u00e4ftlichen Gr\u00fcnden in das Land reisen m\u00f6chten. <\/p>\n\n<h2 class=\"wp-block-heading\">ETA KANADA: WER IST BETROFFEN?<\/h2>\n\n<p>Um eine ETA Kanada beantragen zu k\u00f6nnen, muss der Reisende Staatsangeh\u00f6riger eines Landes sein, das ein Abkommen mit der kanadischen Regierung geschlossen hat:<\/p>\n\n<figure class=\"wp-block-table\"><table><tbody><tr><td>Deutschland<\/td><td>Spanien<\/td><td>Island<\/td><td>Polen<\/td><td>Vatikan<\/td><\/tr><tr><td>Andorra<\/td><td>Estland<\/td><td>Italien<\/td><td>Portugal<\/td><td><strong><strong>Uruguay<\/strong><\/strong><\/td><\/tr><tr><td>Anguilla<\/td><td>Finnland<\/td><td>Japan<\/td><td>Tschechische Republik<\/td><td><strong>Antigua und Barbuda<\/strong><\/td><\/tr><tr><td>Australien<\/td><td>Frankreich<\/td><td>Lettland<\/td><td>Republik Korea<\/td><td><strong>Argentinien<\/strong><\/td><\/tr><tr><td>\u00d6sterreich<\/td><td>Gibraltar<\/td><td>Liechtenstein<\/td><td>Rum\u00e4nien<\/td><td><strong>Costa Rica<\/strong><\/td><\/tr><tr><td>Bahamas<\/td><td>Griechenland<\/td><td>Litauen<\/td><td>Vereinigtes K\u00f6nigreich<\/td><td><strong>Marokko<\/strong><\/td><\/tr><tr><td>Barbados<\/td><td>Hongkong<\/td><td>Luxemburg<\/td><td>St. Helena<\/td><td><strong>Panama<\/strong><\/td><\/tr><tr><td>Belgien<\/td><td>Ungarn<\/td><td>Malta<\/td><td>San Marino<\/td><td><strong>Philippinen<\/strong><\/td><\/tr><tr><td>Bermuda<\/td><td>Kaimaninseln<\/td><td>Mexiko<\/td><td>Samoa<\/td><td><strong>St. Kitts und Nevis<\/strong><\/td><\/tr><tr><td>Brunei<\/td><td>Falkland-Inseln<\/td><td>Monaco<\/td><td>Singapur<\/td><td><strong>St. Lucia<\/strong><\/td><\/tr><tr><td>Bulgarien<\/td><td>Pitcairn-Inseln<\/td><td>Montserrat<\/td><td>Slowakei<\/td><td><strong>St. Vincent und die Grenadinen<\/strong><\/td><\/tr><tr><td>Chile<\/td><td>Salomon-Inseln<\/td><td>Norwegen<\/td><td>Slowenien<\/td><td><strong>Seychellen<\/strong><\/td><\/tr><tr><td>Zypern<\/td><td>T\u00fcrkische und Caicos-Inseln<\/td><td>Neuseeland<\/td><td>Schweden<\/td><td><strong>Thailand<\/strong><\/td><\/tr><tr><td>Kroatien<\/td><td>Britische Jungferninseln<\/td><td>Papua Neu-Guinea<\/td><td>schweizerisch<\/td><td><strong>Trinidad und Tobago<\/strong><\/td><\/tr><tr><td>D\u00e4nemark<\/td><td>Irland<\/td><td>Niederlande<\/td><td>Taiwan<\/td><td><\/td><\/tr><\/tbody><\/table><\/figure>\n\n<p>Sie k\u00f6nnen die ETA Kanada mit dem Formular beantragen, das auf der Website der <a href=\"http:\/\/www.cic.gc.ca\/francais\/visiter\/ave-commencer.asp\">kanadischen Regierung<\/a> zum Herunterladen zur Verf\u00fcgung steht. Das Verfahren ist sehr einfach und erfordert nur ein paar Minuten Ihrer Zeit: Nehmen Sie Ihren Reisepass mit, dessen G\u00fcltigkeitsdatum f\u00fcr die Dauer Ihres Aufenthalts ausreichen muss. Nach Zahlung einer Bearbeitungsgeb\u00fchr von 7 USD erhalten Sie innerhalb von 72 Stunden eine Antwort per E-Mail.  <\/p>\n\n<p><strong>Wichtig <\/strong>: Bei Familienreisen ist ein Sammelantrag nicht m\u00f6glich: F\u00fcr jeden Erwachsenen und jedes Kind muss ein eigenes <a href=\"https:\/\/ca-canada.net\/de\/\">eTA Kanada-Formular<\/a> ausgef\u00fcllt werden.<\/p>\n\n<h2 class=\"wp-block-heading\">WAS SIND DIE VORTEILE EINES KANADISCHEN ETA?<\/h2>\n\n<p>Wie sein amerikanischer Vorl\u00e4ufer erm\u00f6glicht die Reisegenehmigung den Reisenden, auf das klassische Visum zu verzichten, das oftmals <a href=\"https:\/\/www.esta-officiel-usa.com\/de\/esta-was-kostet-es\/\">teurer<\/a> ist und lange Wartezeiten erfordert. Sobald Sie die ETA Kanada in der Tasche haben, berechtigt Sie das Dokument, innerhalb eines Zeitraums von f\u00fcnf Jahren so oft nach Kanada zu reisen, wie Sie m\u00f6chten. Wenn Ihr Antrag abgelehnt wird, bedeutet dies nicht, dass Sie nicht einreisen d\u00fcrfen, sondern dass Sie sich an die Botschaft wenden m\u00fcssen, um ein Visum zu beantragen.  <\/p>\n\n<p><strong>Hinweis <\/strong>: Mit der ETA Kanada ist jeder Aufenthalt, den Sie unternehmen m\u00f6chten, auf eine Dauer von maximal 6 Monaten beschr\u00e4nkt. Es ist jedoch m\u00f6glich, Ihren Aufenthalt w\u00e4hrend der G\u00fcltigkeitsdauer mehrmals zu verl\u00e4ngern. <\/p>\n\n<p>Mit der k\u00fcrzlich erfolgten Einf\u00fchrung der ETA Canada scheint dieses computergest\u00fctzte Reisegenehmigungssystem in den letzten Jahren immer mehr L\u00e4nder zu begeistern. Das System, das 2009 von den USA eingef\u00fchrt wurde, bietet sowohl f\u00fcr Reisende als auch f\u00fcr die Beh\u00f6rden des betreffenden Landes Vorteile: <\/p>\n\n<ul class=\"wp-block-list\">\n<li>Kontrolle der Identit\u00e4t und des Grundes der Reise von Touristen ;<\/li>\n\n\n\n<li>St\u00e4rkung der Sicherheit an den Grenzen und Flugh\u00e4fen ;<\/li>\n\n\n\n<li>Finanzierung von Kampagnen zur F\u00f6rderung des Tourismus ;<\/li>\n\n\n\n<li>Visafreiheit f\u00fcr Reisende ;<\/li>\n\n\n\n<li>Schnelle und kosteng\u00fcnstige Beschaffung<\/li>\n<\/ul>\n\n<p>Europa scheint ebenfalls an dem Konzept interessiert zu sein und plant, bis 2025 eine eigene Reisegenehmigung einzuf\u00fchren.<\/p>\n","protected":false},"excerpt":{"rendered":"<p>DER AKTUELLE STAND DER REISEGENEHMIGUNG ETA CANADA Die kanadische Regierung hat ein Reisegenehmigungsverfahren eingef\u00fchrt, das demESTA-Genehmigungssystem \u00e4hnelt, das die USA vor etwa zehn Jahren eingef\u00fchrt haben, um Reisenden den Besuch oder die Durchreise durch Kanada zu erm\u00f6glichen. Das am 10. November 2016 eingef\u00fchrte ETA Canada soll die Sicherheit der kanadischen Grenzen erh\u00f6hen und gleichzeitig die [&hellip;]<\/p>\n","protected":false},"author":1,"featured_media":0,"parent":0,"menu_order":0,"comment_status":"closed","ping_status":"closed","template":"","meta":{"footnotes":""},"class_list":["post-1521","page","type-page","status-publish","hentry"],"yoast_head":"<!-- This site is optimized with the Yoast SEO plugin v26.2 - https:\/\/yoast.com\/wordpress\/plugins\/seo\/ -->\n<title>Die Reisegenehmigung ETA Canada<\/title>\n<meta name=\"description\" content=\"Die kanadische Regierung hat ein Reisegenehmigungsverfahren eingef\u00fchrt, das dem ESTA-Genehmigungssystem \u00e4hnlich ist.\" \/>\n<meta name=\"robots\" content=\"index, follow, max-snippet:-1, max-image-preview:large, max-video-preview:-1\" \/>\n<link rel=\"canonical\" href=\"https:\/\/www.esta-officiel-usa.com\/de\/die-reisegenehmigung-eta-canada\/\" \/>\n<meta property=\"og:locale\" content=\"de_DE\" \/>\n<meta property=\"og:type\" content=\"article\" \/>\n<meta property=\"og:title\" content=\"Die Reisegenehmigung ETA Canada\" \/>\n<meta property=\"og:description\" content=\"Die kanadische Regierung hat ein Reisegenehmigungsverfahren eingef\u00fchrt, das dem ESTA-Genehmigungssystem \u00e4hnlich ist.\" \/>\n<meta property=\"og:url\" content=\"https:\/\/www.esta-officiel-usa.com\/de\/die-reisegenehmigung-eta-canada\/\" \/>\n<meta property=\"og:site_name\" content=\"ESTA - Vereinigte Staaten\" \/>\n<meta property=\"article:modified_time\" content=\"2025-09-13T12:03:55+00:00\" \/>\n<meta name=\"twitter:card\" content=\"summary_large_image\" \/>\n<meta name=\"twitter:label1\" content=\"Gesch\u00e4tzte Lesezeit\" \/>\n\t<meta name=\"twitter:data1\" content=\"2\u00a0Minuten\" \/>\n<script type=\"application\/ld+json\" class=\"yoast-schema-graph\">{\"@context\":\"https:\/\/schema.org\",\"@graph\":[{\"@type\":\"WebPage\",\"@id\":\"https:\/\/www.esta-officiel-usa.com\/de\/die-reisegenehmigung-eta-canada\/\",\"url\":\"https:\/\/www.esta-officiel-usa.com\/de\/die-reisegenehmigung-eta-canada\/\",\"name\":\"Die Reisegenehmigung ETA Canada\",\"isPartOf\":{\"@id\":\"https:\/\/www.esta-officiel-usa.com\/de\/#website\"},\"datePublished\":\"2025-09-13T12:03:48+00:00\",\"dateModified\":\"2025-09-13T12:03:55+00:00\",\"description\":\"Die kanadische Regierung hat ein Reisegenehmigungsverfahren eingef\u00fchrt, das dem ESTA-Genehmigungssystem \u00e4hnlich ist.\",\"breadcrumb\":{\"@id\":\"https:\/\/www.esta-officiel-usa.com\/de\/die-reisegenehmigung-eta-canada\/#breadcrumb\"},\"inLanguage\":\"de\",\"potentialAction\":[{\"@type\":\"ReadAction\",\"target\":[\"https:\/\/www.esta-officiel-usa.com\/de\/die-reisegenehmigung-eta-canada\/\"]}]},{\"@type\":\"BreadcrumbList\",\"@id\":\"https:\/\/www.esta-officiel-usa.com\/de\/die-reisegenehmigung-eta-canada\/#breadcrumb\",\"itemListElement\":[{\"@type\":\"ListItem\",\"position\":1,\"name\":\"Home\",\"item\":\"https:\/\/www.esta-officiel-usa.com\/de\/\"},{\"@type\":\"ListItem\",\"position\":2,\"name\":\"Die Reisegenehmigung ETA Canada\"}]},{\"@type\":\"WebSite\",\"@id\":\"https:\/\/www.esta-officiel-usa.com\/de\/#website\",\"url\":\"https:\/\/www.esta-officiel-usa.com\/de\/\",\"name\":\"ESTA - Vereinigte Staaten\",\"description\":\"ESTA-Antragsformular\",\"potentialAction\":[{\"@type\":\"SearchAction\",\"target\":{\"@type\":\"EntryPoint\",\"urlTemplate\":\"https:\/\/www.esta-officiel-usa.com\/de\/?s={search_term_string}\"},\"query-input\":{\"@type\":\"PropertyValueSpecification\",\"valueRequired\":true,\"valueName\":\"search_term_string\"}}],\"inLanguage\":\"de\"}]}<\/script>\n<!-- \/ Yoast SEO plugin. -->","yoast_head_json":{"title":"Die Reisegenehmigung ETA Canada","description":"Die kanadische Regierung hat ein Reisegenehmigungsverfahren eingef\u00fchrt, das dem ESTA-Genehmigungssystem \u00e4hnlich ist.","robots":{"index":"index","follow":"follow","max-snippet":"max-snippet:-1","max-image-preview":"max-image-preview:large","max-video-preview":"max-video-preview:-1"},"canonical":"https:\/\/www.esta-officiel-usa.com\/de\/die-reisegenehmigung-eta-canada\/","og_locale":"de_DE","og_type":"article","og_title":"Die Reisegenehmigung ETA Canada","og_description":"Die kanadische Regierung hat ein Reisegenehmigungsverfahren eingef\u00fchrt, das dem ESTA-Genehmigungssystem \u00e4hnlich ist.","og_url":"https:\/\/www.esta-officiel-usa.com\/de\/die-reisegenehmigung-eta-canada\/","og_site_name":"ESTA - Vereinigte Staaten","article_modified_time":"2025-09-13T12:03:55+00:00","twitter_card":"summary_large_image","twitter_misc":{"Gesch\u00e4tzte Lesezeit":"2\u00a0Minuten"},"schema":{"@context":"https:\/\/schema.org","@graph":[{"@type":"WebPage","@id":"https:\/\/www.esta-officiel-usa.com\/de\/die-reisegenehmigung-eta-canada\/","url":"https:\/\/www.esta-officiel-usa.com\/de\/die-reisegenehmigung-eta-canada\/","name":"Die Reisegenehmigung ETA Canada","isPartOf":{"@id":"https:\/\/www.esta-officiel-usa.com\/de\/#website"},"datePublished":"2025-09-13T12:03:48+00:00","dateModified":"2025-09-13T12:03:55+00:00","description":"Die kanadische Regierung hat ein Reisegenehmigungsverfahren eingef\u00fchrt, das dem ESTA-Genehmigungssystem \u00e4hnlich ist.","breadcrumb":{"@id":"https:\/\/www.esta-officiel-usa.com\/de\/die-reisegenehmigung-eta-canada\/#breadcrumb"},"inLanguage":"de","potentialAction":[{"@type":"ReadAction","target":["https:\/\/www.esta-officiel-usa.com\/de\/die-reisegenehmigung-eta-canada\/"]}]},{"@type":"BreadcrumbList","@id":"https:\/\/www.esta-officiel-usa.com\/de\/die-reisegenehmigung-eta-canada\/#breadcrumb","itemListElement":[{"@type":"ListItem","position":1,"name":"Home","item":"https:\/\/www.esta-officiel-usa.com\/de\/"},{"@type":"ListItem","position":2,"name":"Die Reisegenehmigung ETA Canada"}]},{"@type":"WebSite","@id":"https:\/\/www.esta-officiel-usa.com\/de\/#website","url":"https:\/\/www.esta-officiel-usa.com\/de\/","name":"ESTA - Vereinigte Staaten","description":"ESTA-Antragsformular","potentialAction":[{"@type":"SearchAction","target":{"@type":"EntryPoint","urlTemplate":"https:\/\/www.esta-officiel-usa.com\/de\/?s={search_term_string}"},"query-input":{"@type":"PropertyValueSpecification","valueRequired":true,"valueName":"search_term_string"}}],"inLanguage":"de"}]}},"_links":{"self":[{"href":"https:\/\/www.esta-officiel-usa.com\/de\/wp-json\/wp\/v2\/pages\/1521","targetHints":{"allow":["GET"]}}],"collection":[{"href":"https:\/\/www.esta-officiel-usa.com\/de\/wp-json\/wp\/v2\/pages"}],"about":[{"href":"https:\/\/www.esta-officiel-usa.com\/de\/wp-json\/wp\/v2\/types\/page"}],"author":[{"embeddable":true,"href":"https:\/\/www.esta-officiel-usa.com\/de\/wp-json\/wp\/v2\/users\/1"}],"replies":[{"embeddable":true,"href":"https:\/\/www.esta-officiel-usa.com\/de\/wp-json\/wp\/v2\/comments?post=1521"}],"version-history":[{"count":1,"href":"https:\/\/www.esta-officiel-usa.com\/de\/wp-json\/wp\/v2\/pages\/1521\/revisions"}],"predecessor-version":[{"id":1525,"href":"https:\/\/www.esta-officiel-usa.com\/de\/wp-json\/wp\/v2\/pages\/1521\/revisions\/1525"}],"wp:attachment":[{"href":"https:\/\/www.esta-officiel-usa.com\/de\/wp-json\/wp\/v2\/media?parent=1521"}],"curies":[{"name":"wp","href":"https:\/\/api.w.org\/{rel}","templated":true}]}}