{"id":1526,"date":"2025-09-13T12:03:49","date_gmt":"2025-09-13T12:03:49","guid":{"rendered":"https:\/\/www.esta-officiel-usa.com\/erhalt-einer-greencard-durch-heirat\/"},"modified":"2025-09-13T12:03:53","modified_gmt":"2025-09-13T12:03:53","slug":"erhalt-einer-greencard-durch-heirat","status":"publish","type":"page","link":"https:\/\/www.esta-officiel-usa.com\/de\/erhalt-einer-greencard-durch-heirat\/","title":{"rendered":"Erhalt einer Greencard durch Heirat"},"content":{"rendered":"\n<h1 class=\"wp-block-heading\">DURCH EINE HEIRAT EINE GREEN CARD BEANTRAGEN<\/h1>\n\n<p>Eine Green Card durch Heirat mit einem US-B\u00fcrger zu erhalten, ist eine der schnellsten M\u00f6glichkeiten, einen st\u00e4ndigen Wohnsitz (und die Staatsb\u00fcrgerschaft) zu erhalten und in den USA zu leben (ebenso wie die Green Card Lotterie). Dies kann aber auch zu erheblichen Problemen f\u00fcr Paare f\u00fchren, die das US-Einwanderungssystem oder die Beantragung eines Visums nicht verstehen. Die Resident Card wird nicht automatisch nach der Eheschlie\u00dfung erteilt. Eine Heirat kann die Einreise in die USA erleichtern, aber es gibt ein Antragsverfahren, das von ausl\u00e4ndischen Staatsangeh\u00f6rigen befolgt und eingehalten werden muss: Es gibt mehrere Schritte, die Antragsformulare, eine medizinische Untersuchung, Fingerabdr\u00fccke und verschiedene Genehmigungen umfassen. Im Gegensatz zu<a href=\"https:\/\/www.esta-officiel-usa.com\/de\/\">ESTA<\/a> ist die Green Card f\u00fcr die Einwanderung in die USA eine schwer zu beschaffende Genehmigung. Wie kann man sie erhalten? Unsere Erkl\u00e4rungen.      <br\/> <\/p>\n\n<h2 class=\"wp-block-heading\">EINE GREEN CARD MIT EINER HEIRAT ERHALTEN<\/h2>\n\n<p>Das Verfahren zur Beantragung einer Green Card beginnt mit der Einreichung des vollst\u00e4ndig ausgef\u00fcllten Formulars I-130 bei den U.S. Citizenship and Immigration Services (USCIS). Mit dem Antrag weisen Sie der Regierung nach, dass zwischen Ihnen und Ihrem Ehepartner, der in den USA lebt, eine g\u00fcltige Beziehung besteht und dass eine Familienzusammenf\u00fchrung erforderlich ist. Gleichzeitig beantragen Sie, dass eine Green Card f\u00fcr Ihren Ehepartner reserviert wird. Sobald das Formular I-130 genehmigt ist, erkennt die Regierung an, dass eine g\u00fcltige Beziehung zwischen den zuk\u00fcnftigen Ehepartnern besteht und best\u00e4tigt, dass ein USA-Visum reserviert wurde.   <\/p>\n\n<p>Die Berechtigung zum Erhalt einer Green Card durch Heirat mit einem US-B\u00fcrger setzt voraus, dass :<\/p>\n\n<ul class=\"wp-block-list\"><li>die zivile Eheschlie\u00dfung rechtm\u00e4\u00dfig erkl\u00e4rt wurde (aus einem beliebigen Land) ;<\/li><li>kein Ehepartner gleichzeitig mit einer anderen Person verheiratet ist.<br\/> <\/li><\/ul>\n\n<p>Die schnelle Natur des Verfahrens zur Erlangung der Daueraufenthaltsgenehmigung macht es auch anf\u00e4llig f\u00fcr Betrug durch einige Personen, die eine Scheinehe vort\u00e4uschen, um Vorteile bei der Ausstellung der Green Card zu erhalten (u.a. eine <a href=\"https:\/\/www.esta-officiel-usa.com\/de\/was-muss-ich-tun-um-ein-arbeitsvisum-fuer-die-usa-zu-erhalten\/\">Arbeitserlaubnis<\/a> ). Der Erhalt einer Green Card durch Heirat wird daher vom USCIS streng \u00fcberwacht und erfordert einen g\u00fcltigen <a href=\"https:\/\/www.esta-officiel-usa.com\/fr\/quel-type-de-passeport-pour-les-usa\/\">Reisepass<\/a>. Es ist einfach, eine Heiratsurkunde zu erhalten oder zu f\u00e4lschen. Das Paar muss sein Bestes tun, um zu beweisen, dass die Ehe echt ist und dass die Braut und der Br\u00e4utigam die Absicht haben, zusammenzubleiben. Die USCIS wird die Unterlagen pr\u00fcfen, um zu best\u00e4tigen, dass es keinen Versuch gibt, die Einwanderungsgesetze durch eine betr\u00fcgerische Heirat zu umgehen.    <br\/> <\/p>\n\n<h2 class=\"wp-block-heading\">DIE BEDINGUNGEN F\u00dcR EINE GREEN CARD DURCH HEIRAT<\/h2>\n\n<p>Ohne die Green Card (die durch Heirat oder die <a href=\"https:\/\/www.esta-officiel-usa.com\/fr\/lannulation-de-la-green-card-par-donald-trump\/\">von Donald Trump bedrohte Green Card<\/a> Lotterie erworben werden kann) werden alle Personen, die legal in die USA eingereist sind, in der Regel von einem <a href=\"https:\/\/www.esta-officiel-usa.com\/de\/die-zollkontrollen-der-usa-passieren\/\">Zoll-<\/a> und Grenzschutzbeamten an einem Einreisepunkt wie einem Flughafen, einem Seehafen oder einer Grenzstation inspiziert. Die Person kann eine der folgenden Genehmigungen verwendet haben: <\/p>\n\n<ul class=\"wp-block-list\"><li>Nicht-Einwanderungsvisum wie Touristen-, Studenten- oder Zeitarbeitsvisum;<\/li><li>Grenz\u00fcbertrittskarte ;<\/li><li>die <a href=\"https:\/\/www.esta-officiel-usa.com\/de\/was-ist-die-esta-genehmigung\/\">ESTA-Reisegenehmigung<\/a>.<\/li><\/ul>\n\n<p>Wenn diese legale Einreisem\u00f6glichkeit abgelaufen ist, ist der Einwanderer nicht mehr im Status und gilt als undokumentiert. Es ist jedoch immer noch m\u00f6glich, eine Green Card durch Heirat mit einem US-B\u00fcrger zu erhalten, auch wenn die Genehmigung des ausl\u00e4ndischen Ehepartners abgelaufen ist. Er oder sie muss dann bei der Beantragung die legale Einreise nachweisen, indem er oder sie eine Kopie eines Visastempels oder des Formulars I-94 (An-\/Abmeldung) einreicht.  <\/p>\n\n<p>Die Regularisierung des Status wird jedoch komplizierter, wenn die Zeit des illegalen Aufenthalts mehr als 180 Tage betr\u00e4gt. Wenn der Zeitraum des illegalen Aufenthalts Ihres Ehepartners in den USA diesen Zeitraum \u00fcberschreitet, sollten Sie einen Anwalt f\u00fcr Einwanderungsfragen konsultieren, bevor Sie ein USCIS-Formular ausf\u00fcllen. Der Aufenthalt in den USA kann f\u00fcr einen Immigranten schnell zu einem schwierigen Unterfangen werden, selbst wenn Sie sich entscheiden, einen US-B\u00fcrger zu heiraten!  <\/p>\n","protected":false},"excerpt":{"rendered":"<p>DURCH EINE HEIRAT EINE GREEN CARD BEANTRAGEN Eine Green Card durch Heirat mit einem US-B\u00fcrger zu erhalten, ist eine der schnellsten M\u00f6glichkeiten, einen st\u00e4ndigen Wohnsitz (und die Staatsb\u00fcrgerschaft) zu erhalten und in den USA zu leben (ebenso wie die Green Card Lotterie). Dies kann aber auch zu erheblichen Problemen f\u00fcr Paare f\u00fchren, die das US-Einwanderungssystem [&hellip;]<\/p>\n","protected":false},"author":1,"featured_media":0,"parent":0,"menu_order":0,"comment_status":"closed","ping_status":"closed","template":"","meta":{"footnotes":""},"class_list":["post-1526","page","type-page","status-publish","hentry"],"yoast_head":"<!-- This site is optimized with the Yoast SEO plugin v26.2 - https:\/\/yoast.com\/wordpress\/plugins\/seo\/ -->\n<title>Erhalt einer Greencard durch Heirat<\/title>\n<meta name=\"description\" content=\"Um eine Aufenthaltsgenehmigung in den USA zu erhalten, ist eine Green Card durch Heirat m\u00f6glich.\" \/>\n<meta name=\"robots\" content=\"index, follow, max-snippet:-1, max-image-preview:large, max-video-preview:-1\" \/>\n<link rel=\"canonical\" href=\"https:\/\/www.esta-officiel-usa.com\/de\/erhalt-einer-greencard-durch-heirat\/\" \/>\n<meta property=\"og:locale\" content=\"de_DE\" \/>\n<meta property=\"og:type\" content=\"article\" \/>\n<meta property=\"og:title\" content=\"Erhalt einer Greencard durch Heirat\" \/>\n<meta property=\"og:description\" content=\"Um eine Aufenthaltsgenehmigung in den USA zu erhalten, ist eine Green Card durch Heirat m\u00f6glich.\" \/>\n<meta property=\"og:url\" content=\"https:\/\/www.esta-officiel-usa.com\/de\/erhalt-einer-greencard-durch-heirat\/\" \/>\n<meta property=\"og:site_name\" content=\"ESTA - Vereinigte Staaten\" \/>\n<meta property=\"article:modified_time\" content=\"2025-09-13T12:03:53+00:00\" \/>\n<meta name=\"twitter:card\" content=\"summary_large_image\" \/>\n<meta name=\"twitter:label1\" content=\"Gesch\u00e4tzte Lesezeit\" \/>\n\t<meta name=\"twitter:data1\" content=\"3\u00a0Minuten\" \/>\n<script type=\"application\/ld+json\" class=\"yoast-schema-graph\">{\"@context\":\"https:\/\/schema.org\",\"@graph\":[{\"@type\":\"WebPage\",\"@id\":\"https:\/\/www.esta-officiel-usa.com\/de\/erhalt-einer-greencard-durch-heirat\/\",\"url\":\"https:\/\/www.esta-officiel-usa.com\/de\/erhalt-einer-greencard-durch-heirat\/\",\"name\":\"Erhalt einer Greencard durch Heirat\",\"isPartOf\":{\"@id\":\"https:\/\/www.esta-officiel-usa.com\/de\/#website\"},\"datePublished\":\"2025-09-13T12:03:49+00:00\",\"dateModified\":\"2025-09-13T12:03:53+00:00\",\"description\":\"Um eine Aufenthaltsgenehmigung in den USA zu erhalten, ist eine Green Card durch Heirat m\u00f6glich.\",\"breadcrumb\":{\"@id\":\"https:\/\/www.esta-officiel-usa.com\/de\/erhalt-einer-greencard-durch-heirat\/#breadcrumb\"},\"inLanguage\":\"de\",\"potentialAction\":[{\"@type\":\"ReadAction\",\"target\":[\"https:\/\/www.esta-officiel-usa.com\/de\/erhalt-einer-greencard-durch-heirat\/\"]}]},{\"@type\":\"BreadcrumbList\",\"@id\":\"https:\/\/www.esta-officiel-usa.com\/de\/erhalt-einer-greencard-durch-heirat\/#breadcrumb\",\"itemListElement\":[{\"@type\":\"ListItem\",\"position\":1,\"name\":\"Home\",\"item\":\"https:\/\/www.esta-officiel-usa.com\/de\/\"},{\"@type\":\"ListItem\",\"position\":2,\"name\":\"Erhalt einer Greencard durch Heirat\"}]},{\"@type\":\"WebSite\",\"@id\":\"https:\/\/www.esta-officiel-usa.com\/de\/#website\",\"url\":\"https:\/\/www.esta-officiel-usa.com\/de\/\",\"name\":\"ESTA - Vereinigte Staaten\",\"description\":\"ESTA-Antragsformular\",\"potentialAction\":[{\"@type\":\"SearchAction\",\"target\":{\"@type\":\"EntryPoint\",\"urlTemplate\":\"https:\/\/www.esta-officiel-usa.com\/de\/?s={search_term_string}\"},\"query-input\":{\"@type\":\"PropertyValueSpecification\",\"valueRequired\":true,\"valueName\":\"search_term_string\"}}],\"inLanguage\":\"de\"}]}<\/script>\n<!-- \/ Yoast SEO plugin. -->","yoast_head_json":{"title":"Erhalt einer Greencard durch Heirat","description":"Um eine Aufenthaltsgenehmigung in den USA zu erhalten, ist eine Green Card durch Heirat m\u00f6glich.","robots":{"index":"index","follow":"follow","max-snippet":"max-snippet:-1","max-image-preview":"max-image-preview:large","max-video-preview":"max-video-preview:-1"},"canonical":"https:\/\/www.esta-officiel-usa.com\/de\/erhalt-einer-greencard-durch-heirat\/","og_locale":"de_DE","og_type":"article","og_title":"Erhalt einer Greencard durch Heirat","og_description":"Um eine Aufenthaltsgenehmigung in den USA zu erhalten, ist eine Green Card durch Heirat m\u00f6glich.","og_url":"https:\/\/www.esta-officiel-usa.com\/de\/erhalt-einer-greencard-durch-heirat\/","og_site_name":"ESTA - Vereinigte Staaten","article_modified_time":"2025-09-13T12:03:53+00:00","twitter_card":"summary_large_image","twitter_misc":{"Gesch\u00e4tzte Lesezeit":"3\u00a0Minuten"},"schema":{"@context":"https:\/\/schema.org","@graph":[{"@type":"WebPage","@id":"https:\/\/www.esta-officiel-usa.com\/de\/erhalt-einer-greencard-durch-heirat\/","url":"https:\/\/www.esta-officiel-usa.com\/de\/erhalt-einer-greencard-durch-heirat\/","name":"Erhalt einer Greencard durch Heirat","isPartOf":{"@id":"https:\/\/www.esta-officiel-usa.com\/de\/#website"},"datePublished":"2025-09-13T12:03:49+00:00","dateModified":"2025-09-13T12:03:53+00:00","description":"Um eine Aufenthaltsgenehmigung in den USA zu erhalten, ist eine Green Card durch Heirat m\u00f6glich.","breadcrumb":{"@id":"https:\/\/www.esta-officiel-usa.com\/de\/erhalt-einer-greencard-durch-heirat\/#breadcrumb"},"inLanguage":"de","potentialAction":[{"@type":"ReadAction","target":["https:\/\/www.esta-officiel-usa.com\/de\/erhalt-einer-greencard-durch-heirat\/"]}]},{"@type":"BreadcrumbList","@id":"https:\/\/www.esta-officiel-usa.com\/de\/erhalt-einer-greencard-durch-heirat\/#breadcrumb","itemListElement":[{"@type":"ListItem","position":1,"name":"Home","item":"https:\/\/www.esta-officiel-usa.com\/de\/"},{"@type":"ListItem","position":2,"name":"Erhalt einer Greencard durch Heirat"}]},{"@type":"WebSite","@id":"https:\/\/www.esta-officiel-usa.com\/de\/#website","url":"https:\/\/www.esta-officiel-usa.com\/de\/","name":"ESTA - Vereinigte Staaten","description":"ESTA-Antragsformular","potentialAction":[{"@type":"SearchAction","target":{"@type":"EntryPoint","urlTemplate":"https:\/\/www.esta-officiel-usa.com\/de\/?s={search_term_string}"},"query-input":{"@type":"PropertyValueSpecification","valueRequired":true,"valueName":"search_term_string"}}],"inLanguage":"de"}]}},"_links":{"self":[{"href":"https:\/\/www.esta-officiel-usa.com\/de\/wp-json\/wp\/v2\/pages\/1526","targetHints":{"allow":["GET"]}}],"collection":[{"href":"https:\/\/www.esta-officiel-usa.com\/de\/wp-json\/wp\/v2\/pages"}],"about":[{"href":"https:\/\/www.esta-officiel-usa.com\/de\/wp-json\/wp\/v2\/types\/page"}],"author":[{"embeddable":true,"href":"https:\/\/www.esta-officiel-usa.com\/de\/wp-json\/wp\/v2\/users\/1"}],"replies":[{"embeddable":true,"href":"https:\/\/www.esta-officiel-usa.com\/de\/wp-json\/wp\/v2\/comments?post=1526"}],"version-history":[{"count":1,"href":"https:\/\/www.esta-officiel-usa.com\/de\/wp-json\/wp\/v2\/pages\/1526\/revisions"}],"predecessor-version":[{"id":1528,"href":"https:\/\/www.esta-officiel-usa.com\/de\/wp-json\/wp\/v2\/pages\/1526\/revisions\/1528"}],"wp:attachment":[{"href":"https:\/\/www.esta-officiel-usa.com\/de\/wp-json\/wp\/v2\/media?parent=1526"}],"curies":[{"name":"wp","href":"https:\/\/api.w.org\/{rel}","templated":true}]}}