{"id":1531,"date":"2025-09-13T12:03:51","date_gmt":"2025-09-13T12:03:51","guid":{"rendered":"https:\/\/www.esta-officiel-usa.com\/praesentation-der-besonderheiten-der-visa-j1-und-f1\/"},"modified":"2025-09-13T12:03:55","modified_gmt":"2025-09-13T12:03:55","slug":"praesentation-der-besonderheiten-der-visa-j1-und-f1","status":"publish","type":"page","link":"https:\/\/www.esta-officiel-usa.com\/de\/praesentation-der-besonderheiten-der-visa-j1-und-f1\/","title":{"rendered":"Pr\u00e4sentation der Besonderheiten der Visa J1 und F1"},"content":{"rendered":"\n<h1 class=\"wp-block-heading\">J1- und F1-Visum: Was ist der Unterschied?<\/h1>\n\n<p>Wenn Sie zu Studienzwecken in die USA gehen m\u00f6chten, haben Sie wahrscheinlich schon von den Visa J1 und F1 geh\u00f6rt, ohne deren Unterschiede zu kennen.<\/p>\n\n<p>Wenn Sie Student sind und Ihr amerikanischer Traum darin besteht, in den USA zu studieren oder Arbeitserfahrung zu sammeln, m\u00fcssen Sie ein Visum speziell f\u00fcr Ihren Aufenthalt beantragen. Ein Studium f\u00e4llt nicht unter die Kriterien f\u00fcr eine<a href=\"https:\/\/www.esta-officiel-usa.com\/de\/\">ESTA-Genehmigung<\/a>, so dass Sie etwas anderes finden m\u00fcssen. Hier kommen die Visa J1 und F1 und ihre Unterschiede ins Spiel.  <\/p>\n\n<p>Was ist der Unterschied zwischen J1- und F1-Visa? Das werden wir in diesem Artikel entdecken.<br\/> <\/p>\n\n<h2 class=\"wp-block-heading\">Der Unterschied zwischen dem J1- und dem F1-Visum: Das USA J1-Visum f\u00fcr Praktika und Austauschprogramme<\/h2>\n\n<p>Das J1-Visum ist ein USA Non-Immigrant Visum f\u00fcr Personen, die an einem Austauschprogramm in den USA teilnehmen, aber auch f\u00fcr ausl\u00e4ndische Studenten, die ein Praktikum in den USA absolvieren m\u00f6chten, Au-Pair-Arbeiter, Facharbeiter, Regierungsbesucher etc.<\/p>\n\n<p>Dieses Visum ist eine Arbeitserlaubnis, die es dem Inhaber erlaubt,\n bis zu 18 Monate lang in den USA zu arbeiten. \nUm ein J1-Visum f\u00fcr ein Praktikum zu erhalten, m\u00fcssen mehrere Kriterien erf\u00fcllt sein \n.<\/p>\n\n<p>Um dies zu tun, m\u00fcssen Sie die spezielle Website der US-Regierung \nf\u00fcr die Suche nach Sponsoren aufrufen. Dort gibt es eine Liste \nder Partnerunternehmen des Programms f\u00fcr jedes Land. \nNachdem Sie \nden Sponsor aus der Liste ausgew\u00e4hlt haben, m\u00fcssen Sie ihn kontaktieren, um an einem seiner Austauschprogramme teilzunehmen.  <\/p>\n\n<p>Dann muss er bezahlt werden. Die Kosten variieren je nach \nSponsor, daher ist es ratsam, mehrere Sponsoren zu kontaktieren, um eine Vorstellung von der H\u00f6he und der Verteilung der Kosten zu \nbekommen. <\/p>\n\n<p>Wenn Sie schlie\u00dflich f\u00fcr ein Austauschprogramm angenommen werden, wird Ihnen der Sponsor das Formular DS-2019 ausstellen, das Sie ausf\u00fcllen m\u00fcssen.<\/p>\n\n<p>Nach diesem Schritt m\u00fcssen Sie auch die Geb\u00fchren f\u00fcr das SEVIS (Student and Exchange Visitor Information System) bezahlen.<\/p>\n\n<p>Es kommen noch weitere Kosten hinzu: Nach dem Ausf\u00fcllen des \nDS-160 Formulars m\u00fcssen Sie die US-Visageb\u00fchr von \n$ 160 bezahlen und ein Interview mit der US-Botschaft oder\n mit dem US-Konsulat planen.<\/p>\n\n<p>Am Tag des Vorstellungsgespr\u00e4chs m\u00fcssen Sie mitbringen:<\/p>\n\n<ul class=\"wp-block-list\"><li>das Originalformular DS-2019 ;<\/li><li>die Empfangsbest\u00e4tigung f\u00fcr das Formular DS-160;<\/li><li><a href=\"https:\/\/www.esta-officiel-usa.com\/fr\/quel-type-de-passeport-pour-les-usa\/\">Ihren g\u00fcltigen Reisepass<\/a> (biometrisch oder elektronisch);<\/li><li>ein Foto ;<\/li><li>einen Chronopost-Umschlag ;<\/li><li>die Quittung \u00fcber die Zahlung der Visageb\u00fchr.<\/li><\/ul>\n\n<p>Bitte informieren Sie sich auf der Website der US-Botschaft (oder \ndes Generalkonsulats), die Sie besuchen werden, ob zus\u00e4tzliche \nDokumente erforderlich sind.<\/p>\n\n<p>Nach dem Gespr\u00e4ch wird Ihnen der Vertreter der US-Regierung mitteilen, ob Ihr J1-Visum akzeptiert wurde oder nicht. Es ist ratsam, weiterhin mit Ihrem Sponsor in Kontakt zu bleiben, um den Aufenthalt in den USA gut vorzubereiten. <\/p>\n\n<h2 class=\"wp-block-heading\">Das F1-Visum f\u00fcr Studenten<\/h2>\n\n<p>Das F1-Visum ist ein Studentenvisum f\u00fcr Nicht-Einwanderer, mit dem Sie in den USA von der Grundschule bis zur Universit\u00e4t\n studieren \nk\u00f6nnen. Es ist nicht m\u00f6glich, mit dem ESTA-Formular \nonline in den USA zu studieren, daher m\u00fcssen Sie ein F1-Visum beantragen. <\/p>\n\n<p>Im Gegensatz zu J1 gibt es f\u00fcr das F1-Visum keine Obergrenze, was \nbedeutet, dass jeder Student mit dem entsprechenden Profil und den \nKriterien ein F1-Visum erhalten kann.<\/p>\n\n<p>Mit dem F1-Visum kann der Student :<\/p>\n\n<ul class=\"wp-block-list\"><li>in den USA studieren und leben ;<\/li><li>einen F\u00fchrerschein haben ;<\/li><li>ein Bankkonto er\u00f6ffnen ;<\/li><li>Reisen innerhalb und au\u00dferhalb der Vereinigten Staaten von Amerika;<\/li><li>unter bestimmten Bedingungen arbeiten (Sommerjob).<\/li><\/ul>\n\n<p>Das F1-Visum wird Personen ausgestellt, die eine starke Bindung zu ihrem Heimatland haben (Familie, Freunde, Besitz&#8230;) und die beabsichtigen, nach Abschluss ihres Studiums in ihr Heimatland zur\u00fcckzukehren.<\/p>\n\n<p>Um sich f\u00fcr ein F1-Visum der US-Beh\u00f6rden zu qualifizieren, m\u00fcssen Sie :<\/p>\n\n<ul class=\"wp-block-list\"><li>in einer der Einrichtungen aufgenommen werden, die am Student Exchange Visitor Program (SEVP) teilnehmen;<\/li><li>eine unbestreitbare Verbundenheit mit ihrem Herkunftsland haben;<\/li><li>Nachweis ausreichender finanzieller Mittel;<\/li><li>Nachweis ausreichender Englischkenntnisse durch Ablegen des TOEFL- oder IELTS-Tests.<\/li><\/ul>\n\n<p>Danach m\u00fcssen Sie Dokumente ausf\u00fcllen und Geb\u00fchren zahlen.<\/p>\n\n<ul class=\"wp-block-list\"><li>die Antragsgeb\u00fchr f\u00fcr das F1-Visum zahlen: 160 $;<\/li><li>SEVIS-Geb\u00fchren zahlen: $200;<\/li><li>das Formular DS-160 ausf\u00fcllen und ein Gespr\u00e4ch mit der Konsularabteilung der US-Botschaft vereinbaren;<\/li><li>Sammeln Sie die erforderlichen Dokumente wie: Ihren g\u00fcltigen elektronischen Reisepass \n, die Empfangsbest\u00e4tigung des DS-160, Quittungen, die \nbelegen, dass Sie die verschiedenen Geb\u00fchren bezahlt haben, Passfotos,\n die Einladung zum Vorstellungsgespr\u00e4ch, das Originalformular I-20 und eine \nKopie, Dokumente, die Ihr Bildungsniveau belegen (Diplome, \nTestergebnisse, Annahmeschreiben der amerikanischen Hochschule, \nusw.), und Dokumente, die Ihre finanziellen Mittel belegen.<\/li><\/ul>\n\n<h2 class=\"wp-block-heading\">Unterscheidung zwischen J1- und F1-Visa<\/h2>\n\n<p>Wie Sie gesehen haben, gibt es Unterschiede zwischen den Visa J1 und F1,\n, aber auch \u00c4hnlichkeiten zwischen den Visa J1 und F1. Hier ist, wie \ndie J1- und F1-Visa unterscheidet: <\/p>\n\n<ul class=\"wp-block-list\"><li>Die finanziellen Mittel f\u00fcr das J1-Visum m\u00fcssen zu\n 50% durch ein Stipendium (oder staatliche Unterst\u00fctzung) gedeckt sein, w\u00e4hrend sie f\u00fcr das\n F1-Visum aus pers\u00f6nlichen Mitteln oder externer Unterst\u00fctzung stammen k\u00f6nnen;<\/li><li>Die Angeh\u00f6rigen des Inhabers eines F1-Visums k\u00f6nnen nicht \neine Arbeit finden, w\u00e4hrend die Angeh\u00f6rigen des Inhabers eines J1-Visums dies tun k\u00f6nnen;<\/li><li>usw.<\/li><\/ul>\n\n<p>Jetzt, da Sie wissen, wie Sie die Visa J1 und F1 unterscheiden k\u00f6nnen, m\u00fcssen Sie nur noch einen Antrag stellen!<\/p>\n","protected":false},"excerpt":{"rendered":"<p>J1- und F1-Visum: Was ist der Unterschied? Wenn Sie zu Studienzwecken in die USA gehen m\u00f6chten, haben Sie wahrscheinlich schon von den Visa J1 und F1 geh\u00f6rt, ohne deren Unterschiede zu kennen. Wenn Sie Student sind und Ihr amerikanischer Traum darin besteht, in den USA zu studieren oder Arbeitserfahrung zu sammeln, m\u00fcssen Sie ein Visum [&hellip;]<\/p>\n","protected":false},"author":1,"featured_media":0,"parent":0,"menu_order":0,"comment_status":"closed","ping_status":"closed","template":"","meta":{"footnotes":""},"class_list":["post-1531","page","type-page","status-publish","hentry"],"yoast_head":"<!-- This site is optimized with the Yoast SEO plugin v26.2 - https:\/\/yoast.com\/wordpress\/plugins\/seo\/ -->\n<title>Pr\u00e4sentation der Besonderheiten der Visa J1 und F1<\/title>\n<meta name=\"description\" content=\"Was sind die Hauptunterschiede zwischen dem J1- und dem F1-Visum? Das werden wir in diesem Artikel entdecken.\" \/>\n<meta name=\"robots\" content=\"index, follow, max-snippet:-1, max-image-preview:large, max-video-preview:-1\" \/>\n<link rel=\"canonical\" href=\"https:\/\/www.esta-officiel-usa.com\/de\/praesentation-der-besonderheiten-der-visa-j1-und-f1\/\" \/>\n<meta property=\"og:locale\" content=\"de_DE\" \/>\n<meta property=\"og:type\" content=\"article\" \/>\n<meta property=\"og:title\" content=\"Pr\u00e4sentation der Besonderheiten der Visa J1 und F1\" \/>\n<meta property=\"og:description\" content=\"Was sind die Hauptunterschiede zwischen dem J1- und dem F1-Visum? Das werden wir in diesem Artikel entdecken.\" \/>\n<meta property=\"og:url\" content=\"https:\/\/www.esta-officiel-usa.com\/de\/praesentation-der-besonderheiten-der-visa-j1-und-f1\/\" \/>\n<meta property=\"og:site_name\" content=\"ESTA - Vereinigte Staaten\" \/>\n<meta property=\"article:modified_time\" content=\"2025-09-13T12:03:55+00:00\" \/>\n<meta name=\"twitter:card\" content=\"summary_large_image\" \/>\n<meta name=\"twitter:label1\" content=\"Gesch\u00e4tzte Lesezeit\" \/>\n\t<meta name=\"twitter:data1\" content=\"4\u00a0Minuten\" \/>\n<script type=\"application\/ld+json\" class=\"yoast-schema-graph\">{\"@context\":\"https:\/\/schema.org\",\"@graph\":[{\"@type\":\"WebPage\",\"@id\":\"https:\/\/www.esta-officiel-usa.com\/de\/praesentation-der-besonderheiten-der-visa-j1-und-f1\/\",\"url\":\"https:\/\/www.esta-officiel-usa.com\/de\/praesentation-der-besonderheiten-der-visa-j1-und-f1\/\",\"name\":\"Pr\u00e4sentation der Besonderheiten der Visa J1 und F1\",\"isPartOf\":{\"@id\":\"https:\/\/www.esta-officiel-usa.com\/de\/#website\"},\"datePublished\":\"2025-09-13T12:03:51+00:00\",\"dateModified\":\"2025-09-13T12:03:55+00:00\",\"description\":\"Was sind die Hauptunterschiede zwischen dem J1- und dem F1-Visum? Das werden wir in diesem Artikel entdecken.\",\"breadcrumb\":{\"@id\":\"https:\/\/www.esta-officiel-usa.com\/de\/praesentation-der-besonderheiten-der-visa-j1-und-f1\/#breadcrumb\"},\"inLanguage\":\"de\",\"potentialAction\":[{\"@type\":\"ReadAction\",\"target\":[\"https:\/\/www.esta-officiel-usa.com\/de\/praesentation-der-besonderheiten-der-visa-j1-und-f1\/\"]}]},{\"@type\":\"BreadcrumbList\",\"@id\":\"https:\/\/www.esta-officiel-usa.com\/de\/praesentation-der-besonderheiten-der-visa-j1-und-f1\/#breadcrumb\",\"itemListElement\":[{\"@type\":\"ListItem\",\"position\":1,\"name\":\"Home\",\"item\":\"https:\/\/www.esta-officiel-usa.com\/de\/\"},{\"@type\":\"ListItem\",\"position\":2,\"name\":\"Pr\u00e4sentation der Besonderheiten der Visa J1 und F1\"}]},{\"@type\":\"WebSite\",\"@id\":\"https:\/\/www.esta-officiel-usa.com\/de\/#website\",\"url\":\"https:\/\/www.esta-officiel-usa.com\/de\/\",\"name\":\"ESTA - Vereinigte Staaten\",\"description\":\"ESTA-Antragsformular\",\"potentialAction\":[{\"@type\":\"SearchAction\",\"target\":{\"@type\":\"EntryPoint\",\"urlTemplate\":\"https:\/\/www.esta-officiel-usa.com\/de\/?s={search_term_string}\"},\"query-input\":{\"@type\":\"PropertyValueSpecification\",\"valueRequired\":true,\"valueName\":\"search_term_string\"}}],\"inLanguage\":\"de\"}]}<\/script>\n<!-- \/ Yoast SEO plugin. -->","yoast_head_json":{"title":"Pr\u00e4sentation der Besonderheiten der Visa J1 und F1","description":"Was sind die Hauptunterschiede zwischen dem J1- und dem F1-Visum? Das werden wir in diesem Artikel entdecken.","robots":{"index":"index","follow":"follow","max-snippet":"max-snippet:-1","max-image-preview":"max-image-preview:large","max-video-preview":"max-video-preview:-1"},"canonical":"https:\/\/www.esta-officiel-usa.com\/de\/praesentation-der-besonderheiten-der-visa-j1-und-f1\/","og_locale":"de_DE","og_type":"article","og_title":"Pr\u00e4sentation der Besonderheiten der Visa J1 und F1","og_description":"Was sind die Hauptunterschiede zwischen dem J1- und dem F1-Visum? Das werden wir in diesem Artikel entdecken.","og_url":"https:\/\/www.esta-officiel-usa.com\/de\/praesentation-der-besonderheiten-der-visa-j1-und-f1\/","og_site_name":"ESTA - Vereinigte Staaten","article_modified_time":"2025-09-13T12:03:55+00:00","twitter_card":"summary_large_image","twitter_misc":{"Gesch\u00e4tzte Lesezeit":"4\u00a0Minuten"},"schema":{"@context":"https:\/\/schema.org","@graph":[{"@type":"WebPage","@id":"https:\/\/www.esta-officiel-usa.com\/de\/praesentation-der-besonderheiten-der-visa-j1-und-f1\/","url":"https:\/\/www.esta-officiel-usa.com\/de\/praesentation-der-besonderheiten-der-visa-j1-und-f1\/","name":"Pr\u00e4sentation der Besonderheiten der Visa J1 und F1","isPartOf":{"@id":"https:\/\/www.esta-officiel-usa.com\/de\/#website"},"datePublished":"2025-09-13T12:03:51+00:00","dateModified":"2025-09-13T12:03:55+00:00","description":"Was sind die Hauptunterschiede zwischen dem J1- und dem F1-Visum? Das werden wir in diesem Artikel entdecken.","breadcrumb":{"@id":"https:\/\/www.esta-officiel-usa.com\/de\/praesentation-der-besonderheiten-der-visa-j1-und-f1\/#breadcrumb"},"inLanguage":"de","potentialAction":[{"@type":"ReadAction","target":["https:\/\/www.esta-officiel-usa.com\/de\/praesentation-der-besonderheiten-der-visa-j1-und-f1\/"]}]},{"@type":"BreadcrumbList","@id":"https:\/\/www.esta-officiel-usa.com\/de\/praesentation-der-besonderheiten-der-visa-j1-und-f1\/#breadcrumb","itemListElement":[{"@type":"ListItem","position":1,"name":"Home","item":"https:\/\/www.esta-officiel-usa.com\/de\/"},{"@type":"ListItem","position":2,"name":"Pr\u00e4sentation der Besonderheiten der Visa J1 und F1"}]},{"@type":"WebSite","@id":"https:\/\/www.esta-officiel-usa.com\/de\/#website","url":"https:\/\/www.esta-officiel-usa.com\/de\/","name":"ESTA - Vereinigte Staaten","description":"ESTA-Antragsformular","potentialAction":[{"@type":"SearchAction","target":{"@type":"EntryPoint","urlTemplate":"https:\/\/www.esta-officiel-usa.com\/de\/?s={search_term_string}"},"query-input":{"@type":"PropertyValueSpecification","valueRequired":true,"valueName":"search_term_string"}}],"inLanguage":"de"}]}},"_links":{"self":[{"href":"https:\/\/www.esta-officiel-usa.com\/de\/wp-json\/wp\/v2\/pages\/1531","targetHints":{"allow":["GET"]}}],"collection":[{"href":"https:\/\/www.esta-officiel-usa.com\/de\/wp-json\/wp\/v2\/pages"}],"about":[{"href":"https:\/\/www.esta-officiel-usa.com\/de\/wp-json\/wp\/v2\/types\/page"}],"author":[{"embeddable":true,"href":"https:\/\/www.esta-officiel-usa.com\/de\/wp-json\/wp\/v2\/users\/1"}],"replies":[{"embeddable":true,"href":"https:\/\/www.esta-officiel-usa.com\/de\/wp-json\/wp\/v2\/comments?post=1531"}],"version-history":[{"count":1,"href":"https:\/\/www.esta-officiel-usa.com\/de\/wp-json\/wp\/v2\/pages\/1531\/revisions"}],"predecessor-version":[{"id":1534,"href":"https:\/\/www.esta-officiel-usa.com\/de\/wp-json\/wp\/v2\/pages\/1531\/revisions\/1534"}],"wp:attachment":[{"href":"https:\/\/www.esta-officiel-usa.com\/de\/wp-json\/wp\/v2\/media?parent=1531"}],"curies":[{"name":"wp","href":"https:\/\/api.w.org\/{rel}","templated":true}]}}